{"id":13405,"date":"2021-09-13T11:29:03","date_gmt":"2021-09-13T09:29:03","guid":{"rendered":"https:\/\/quecartucho.es\/blog\/?page_id=13405"},"modified":"2021-09-13T11:36:20","modified_gmt":"2021-09-13T09:36:20","slug":"la-impresora-monologo","status":"publish","type":"page","link":"https:\/\/quecartucho.es\/blog\/chistes-de-impresoras\/la-impresora-monologo\/","title":{"rendered":"La impresora: Monologo"},"content":{"rendered":"\n<figure class=\"wp-block-image size-full\"><img loading=\"lazy\" decoding=\"async\" width=\"650\" height=\"3961\" src=\"https:\/\/quecartucho.es\/blog\/wp-content\/uploads\/2021\/09\/la_verdad_sobre_las_impresoras.jpg\" alt=\"\" class=\"wp-image-13419\" title=\"\" srcset=\"https:\/\/quecartucho.es\/blog\/wp-content\/uploads\/2021\/09\/la_verdad_sobre_las_impresoras.jpg 650w, https:\/\/quecartucho.es\/blog\/wp-content\/uploads\/2021\/09\/la_verdad_sobre_las_impresoras-49x300.jpg 49w, https:\/\/quecartucho.es\/blog\/wp-content\/uploads\/2021\/09\/la_verdad_sobre_las_impresoras-168x1024.jpg 168w, https:\/\/quecartucho.es\/blog\/wp-content\/uploads\/2021\/09\/la_verdad_sobre_las_impresoras-252x1536.jpg 252w, https:\/\/quecartucho.es\/blog\/wp-content\/uploads\/2021\/09\/la_verdad_sobre_las_impresoras-336x2048.jpg 336w, https:\/\/quecartucho.es\/blog\/wp-content\/uploads\/2021\/09\/la_verdad_sobre_las_impresoras-150x914.jpg 150w\" sizes=\"auto, (max-width: 650px) 100vw, 650px\" \/><\/figure>\n\n\n\n<h2 class=\"wp-block-heading\">Impresora: La M\u00e1quina del Odio<\/h2>\n\n\n\n<p>Al contrario que otras tecnologias, lo m\u00e1s notable de <a href=\"https:\/\/quecartucho.es\/blog\/pequena-evolucion-de-las-impresoras\/\">las impresoras es que siguen siendo tan chungas y poco fiables ahora como lo eran en 1995<\/a>.<\/p>\n\n\n\n<p>Tengo la convicci\u00f3n de que fueron enviadas al mundo para sembrar odio, asco e instintos criminales entre la raza humana.<\/p>\n\n\n\n<h2 class=\"wp-block-heading\">La compra<\/h2>\n\n\n\n<p>Has picado con el sue\u00f1o de que el precio de la impresora sea tan bajo. Seguramente tenga superficies lustrosas y cada funci\u00f3n est\u00e1 descrita con signos de exclamaci\u00f3n.<\/p>\n\n\n\n<h2 class=\"wp-block-heading\">El arranque<\/h2>\n\n\n\n<p>La puesta en marcha suele retrasarse cuando despu\u00e9s de llagar a casa te das cuenta de que la caja no trae el cable de impresora.<\/p>\n\n\n\n<h2 class=\"wp-block-heading\">El software<\/h2>\n\n\n\n<p>Los drivers que vienen con la impresora son m\u00e1s viejos que la propia Tierra, de modo que toca agenciarse los nuevos en internet.<\/p>\n\n\n\n<h2 class=\"wp-block-heading\">El ruido<\/h2>\n\n\n\n<p>Siempre me eh preguntado c\u00f3mo deber\u00eda sonar un robot descuartizando a otro. Gracias a mi impresora, ahora lo s\u00e9.<\/p>\n\n\n\n<h2 class=\"wp-block-heading\">Devoradoras de papel<\/h2>\n\n\n\n<p>Todas las impresoras vienen con una caracter\u00edsticas de regalo: no s\u00f3lo imprimen en papel sino que tambi\u00e9n funcionan como destructoras de documentos.<\/p>\n\n\n\n<h2 class=\"wp-block-heading\">Mensajes de error<\/h2>\n\n\n\n<p>He llegado a la conclusi\u00f3n de que mi impresora genera mensajes de error cr\u00edticos simplemente usando al azar las palabras \u00abcarga\u00bb y \u00bb bandeja\u00bb.<\/p>\n\n\n\n<h2 class=\"wp-block-heading\">Cartuchos de tinta<\/h2>\n\n\n\n<p>O bien <a href=\"https:\/\/quecartucho.es\/\">la tinta<\/a> est\u00e1 hecha de sangre de unicornio o nos est\u00e1n jodiendo bien.<\/p>\n\n\n\n<h2 class=\"wp-block-heading\">Tinta de colores<\/h2>\n\n\n\n<p>Am\u00e9n de ser sableados con <strong>cartuchos que cuestan m\u00e1s que las propias impresoras<\/strong>, lo que resulta m\u00e1s frustrante es que el cacharro se niegue a funcionar a menos que todos los colores est\u00e9n repletos hasta arriba.<\/p>\n\n\n\n<h2 class=\"wp-block-heading\">Fechas de caducidad de la tinta <\/h2>\n\n\n\n<p>Recientemente descubr\u00ed la maravilla de los <a href=\"https:\/\/quecartucho.es\/blog\/cartuchos\/cartuchos-de-tinta-originales\/\" data-type=\"page\" data-id=\"4599\">cartuchos de tinta<\/a> que caducan y dejan de funcionar a no ser que compres otros nuevos<\/p>\n\n\n\n<h2 class=\"wp-block-heading\">Plazos desafortunados<\/h2>\n\n\n\n<p>Tu impresora siempre dejar\u00e1 de funcionar a las tres de la ma\u00f1ana cuando est\u00e9s intentando imprimir un trabajo que tienes que entregar a la ma\u00f1ana siguiente.<\/p>\n","protected":false},"excerpt":{"rendered":"<p>Impresora: La M\u00e1quina del Odio Al contrario que otras tecnologias, lo m\u00e1s notable de las impresoras es que siguen siendo tan chungas y poco fiables ahora como lo eran en 1995. Tengo la convicci\u00f3n de que fueron enviadas al mundo para sembrar odio, asco e instintos criminales entre la raza humana. La compra Has picado&hellip;&nbsp;<a href=\"https:\/\/quecartucho.es\/blog\/chistes-de-impresoras\/la-impresora-monologo\/\" rel=\"bookmark\">Leer m\u00e1s &raquo;<span class=\"screen-reader-text\">La impresora: Monologo<\/span><\/a><\/p>\n","protected":false},"author":1,"featured_media":0,"parent":13360,"menu_order":0,"comment_status":"open","ping_status":"closed","template":"","meta":{"neve_meta_sidebar":"full-width","neve_meta_container":"","neve_meta_enable_content_width":"on","neve_meta_content_width":100,"neve_meta_title_alignment":"","neve_meta_author_avatar":"","neve_post_elements_order":"","neve_meta_disable_header":"","neve_meta_disable_footer":"","neve_meta_disable_title":"","episode_type":"","audio_file":"","podmotor_file_id":"","podmotor_episode_id":"","cover_image":"","cover_image_id":"","duration":"","filesize":"","filesize_raw":"","date_recorded":"","explicit":"","block":"","footnotes":""},"class_list":["post-13405","page","type-page","status-publish","hentry"],"_links":{"self":[{"href":"https:\/\/quecartucho.es\/blog\/wp-json\/wp\/v2\/pages\/13405","targetHints":{"allow":["GET"]}}],"collection":[{"href":"https:\/\/quecartucho.es\/blog\/wp-json\/wp\/v2\/pages"}],"about":[{"href":"https:\/\/quecartucho.es\/blog\/wp-json\/wp\/v2\/types\/page"}],"author":[{"embeddable":true,"href":"https:\/\/quecartucho.es\/blog\/wp-json\/wp\/v2\/users\/1"}],"replies":[{"embeddable":true,"href":"https:\/\/quecartucho.es\/blog\/wp-json\/wp\/v2\/comments?post=13405"}],"version-history":[{"count":7,"href":"https:\/\/quecartucho.es\/blog\/wp-json\/wp\/v2\/pages\/13405\/revisions"}],"predecessor-version":[{"id":13421,"href":"https:\/\/quecartucho.es\/blog\/wp-json\/wp\/v2\/pages\/13405\/revisions\/13421"}],"up":[{"embeddable":true,"href":"https:\/\/quecartucho.es\/blog\/wp-json\/wp\/v2\/pages\/13360"}],"wp:attachment":[{"href":"https:\/\/quecartucho.es\/blog\/wp-json\/wp\/v2\/media?parent=13405"}],"curies":[{"name":"wp","href":"https:\/\/api.w.org\/{rel}","templated":true}]}}