{"id":13481,"date":"2021-09-16T11:28:01","date_gmt":"2021-09-16T09:28:01","guid":{"rendered":"https:\/\/quecartucho.es\/blog\/?page_id=13481"},"modified":"2025-03-18T13:41:01","modified_gmt":"2025-03-18T11:41:01","slug":"como-eliminar-las-actualizaciones-automaticas-de-las-impresoras-hp","status":"publish","type":"page","link":"https:\/\/quecartucho.es\/blog\/como-eliminar-las-actualizaciones-automaticas-de-las-impresoras-hp\/","title":{"rendered":"Como Eliminar las actualizaciones autom\u00e1ticas de las impresoras HP"},"content":{"rendered":"\n<p>Las actualizaciones del firmware de nuestra <a href=\"https:\/\/quecartucho.es\/blog\/impresoras-hp\/\" data-type=\"page\" data-id=\"5553\">impresora HP<\/a> pueden servir para mejorar a priori alguna de mejora en el software de nuestra m\u00e1quina, pero estas mejoras imperceptibles casi por completo tambi\u00e9n hacen que muchas veces no acepte los <strong><a href=\"https:\/\/quecartucho.es\/\">cartuchos compatibles<\/a><\/strong> que le est\u00e1bamos poniendo.<\/p>\n\n\n\n<div class=\"wp-block-columns are-vertically-aligned-center is-layout-flex wp-container-core-columns-is-layout-9d6595d7 wp-block-columns-is-layout-flex\">\n<div class=\"wp-block-column is-vertically-aligned-center is-layout-flow wp-block-column-is-layout-flow\">\n<p><strong>Nuestra recomendaci\u00f3n, si tu impresora funciona bien, no la actualices<\/strong>. Muchas veces podemos ver que un cartucho da error, pero realmente lo que pas\u00f3 es que actualizamos nuestra impresora con un software que bloquea lo que a HP le interesa. Los cartuchos compatibles.<\/p>\n\n\n\n<p>Cabe tener en cuenta que si <strong>trabajas con un MAC, no vas a tener actualizaciones de HP<\/strong>, puesto que trabaja con su propio software, y de momento, estos ordenadores est\u00e1n libres de actualizaciones involuntarias.<\/p>\n<\/div>\n\n\n\n<div class=\"wp-block-column is-vertically-aligned-center is-layout-flow wp-block-column-is-layout-flow\">\n<figure class=\"wp-block-image size-full\"><img loading=\"lazy\" decoding=\"async\" width=\"1000\" height=\"511\" src=\"https:\/\/quecartucho.es\/blog\/wp-content\/uploads\/2025\/03\/Cliente-HP-rabioso-impresoras-cartuchos-oficiales.jpg\" alt=\"Cliente-HP-rabioso-impresoras-cartuchos-oficiales\" class=\"wp-image-23359\" title=\"\" srcset=\"https:\/\/quecartucho.es\/blog\/wp-content\/uploads\/2025\/03\/Cliente-HP-rabioso-impresoras-cartuchos-oficiales.jpg 1000w, https:\/\/quecartucho.es\/blog\/wp-content\/uploads\/2025\/03\/Cliente-HP-rabioso-impresoras-cartuchos-oficiales-300x153.jpg 300w, https:\/\/quecartucho.es\/blog\/wp-content\/uploads\/2025\/03\/Cliente-HP-rabioso-impresoras-cartuchos-oficiales-768x392.jpg 768w\" sizes=\"auto, (max-width: 1000px) 100vw, 1000px\" \/><\/figure>\n<\/div>\n<\/div>\n\n\n\n<p><\/p>\n\n\n\n<h2 class=\"wp-block-heading\"><strong>Para desactivar las actualizaciones:<\/strong><\/h2>\n\n\n\n<p>Lo podemos hacer desde la misma impresora, desde el ordenador o incluso desde una app.<\/p>\n\n\n\n<p><strong>Para desactivar las actualizaciones desde el ordenador:<\/strong><\/p>\n\n\n\n<p>1. Buscar el <strong>software de actualizaci\u00f3n<\/strong> de tu impresora HP<\/p>\n\n\n\n<h2 class=\"wp-block-heading\"><strong>Si tienes Windows 10<\/strong><\/h2>\n\n\n\n<p>Entra en Inicio \/ Todas las aplicaciones \/ HP \/ HP Update.<\/p>\n\n\n\n<p><strong>&#8211; Windows XP<\/strong><\/p>\n\n\n\n<p>Entra en Inicio \/ Todas las aplicaciones \/ carpeta HP \/ Actualizaci\u00f3n software HP.<\/p>\n\n\n\n<p><strong>Si tienes Windows 8<\/strong><\/p>\n\n\n\n<p>En la barra de buscador, que puedes tener fija en tu pantalla o aparecerte al cliclar el icono de Windows en tu teclado busca, HP Update, y seleccionalo.<\/p>\n\n\n\n<p><strong>2.<\/strong>&nbsp; Tendremos una ventana de actualizaci\u00f3n de HP, donde en la parte inferior tendremos que clicar en, <strong>configuraci\u00f3n.<\/strong><\/p>\n\n\n\n<p><br><strong>3.<\/strong>&nbsp;En esta pantalla marcar la casilla \u201cnotificaci\u00f3n\u201d y \u201cnunca\u201d, posteriormente \u201caceptar\u201d.<\/p>\n\n\n\n<h2 class=\"wp-block-heading\"><strong>Para desactivar las actualizaciones desde la impresora:<\/strong><\/h2>\n\n\n\n<p>Te explicamos los tics que tienes que hacer dentro de tu impresora para llegar a la desactivaci\u00f3n de actualizaciones.<\/p>\n\n\n\n<ol class=\"wp-block-list\">\n<li>Entrar en el icono de configuraci\u00f3n<\/li>\n\n\n\n<li>Mantenimiento de la impresora (en algunos casos pone extra).<\/li>\n\n\n\n<li>Actualizar la impresora<\/li>\n\n\n\n<li>Opciones de actualizaci\u00f3n \u00f3 actualizaci\u00f3n autom\u00e1tica.<\/li>\n\n\n\n<li>Marcar No actualizar.<\/li>\n<\/ol>\n\n\n\n<p>Nos saldr\u00e1 despu\u00e9s de esto un mensaje que dice que se recomiendan las actualizaciones, y nos pregunta si queremos las actualizaciones de la impresora.<\/p>\n\n\n\n<p><strong>Importante marcar: NO<\/strong><\/p>\n\n\n\n<figure class=\"wp-block-image size-large\"><img loading=\"lazy\" decoding=\"async\" width=\"1024\" height=\"440\" src=\"https:\/\/quecartucho.es\/blog\/wp-content\/uploads\/2021\/09\/Evite-las-actualizaciones-de-firmware-en-las-impresoras-HP-1024x440.jpg\" alt=\"Evite las actualizaciones de firmware en las impresoras HP\" class=\"wp-image-13484\" title=\"\" srcset=\"https:\/\/quecartucho.es\/blog\/wp-content\/uploads\/2021\/09\/Evite-las-actualizaciones-de-firmware-en-las-impresoras-HP-1024x440.jpg 1024w, https:\/\/quecartucho.es\/blog\/wp-content\/uploads\/2021\/09\/Evite-las-actualizaciones-de-firmware-en-las-impresoras-HP-300x129.jpg 300w, https:\/\/quecartucho.es\/blog\/wp-content\/uploads\/2021\/09\/Evite-las-actualizaciones-de-firmware-en-las-impresoras-HP-768x330.jpg 768w, https:\/\/quecartucho.es\/blog\/wp-content\/uploads\/2021\/09\/Evite-las-actualizaciones-de-firmware-en-las-impresoras-HP-150x64.jpg 150w, https:\/\/quecartucho.es\/blog\/wp-content\/uploads\/2021\/09\/Evite-las-actualizaciones-de-firmware-en-las-impresoras-HP.jpg 1280w\" sizes=\"auto, (max-width: 1024px) 100vw, 1024px\" \/><figcaption class=\"wp-element-caption\">Evite las actualizaciones de firmware en las impresoras HP<\/figcaption><\/figure>\n\n\n\n<h2 class=\"wp-block-heading\"><strong>Actualizaciones desde app<\/strong><\/h2>\n\n\n\n<p>En algunos casos actualmente nos podemos encontrar impresoras conectadas por app, en este caso la l\u00f3gica es la misma, encontrar configuraci\u00f3n avanzada, herramientas, actualizaci\u00f3n de la impresora, actualizaci\u00f3n de firmware, no buscar actualizaciones y aplicar.<\/p>\n\n\n\n<p>De nuevo nos dir\u00e1 que es mejor actualizar y nosotros le diremos que <strong>NO<\/strong>.<\/p>\n\n\n\n<p>Esperamos que te haya sido \u00fatil estos sencillos pasos para conseguir que tu impresora haga lo que a ti te interesa. En este caso que puedas seguir utilizando los cartuchos compatibles de quecartucho.es, continuar ahorrando para gast\u00e1rtelo en lo que si te apetece.<\/p>\n\n\n\n<p><\/p>\n\n\n\n<figure class=\"wp-block-embed is-type-video is-provider-youtube wp-block-embed-youtube wp-embed-aspect-16-9 wp-has-aspect-ratio\"><div class=\"wp-block-embed__wrapper\">\n<div class=\"nv-iframe-embed\"><iframe loading=\"lazy\" title=\"Cartucho HP protegido\" width=\"1200\" height=\"675\" src=\"https:\/\/www.youtube.com\/embed\/J1xySI2u23c?feature=oembed\" frameborder=\"0\" allow=\"accelerometer; autoplay; clipboard-write; encrypted-media; gyroscope; picture-in-picture; web-share\" referrerpolicy=\"strict-origin-when-cross-origin\" allowfullscreen><\/iframe><\/div>\n<\/div><\/figure>\n","protected":false},"excerpt":{"rendered":"<p>Las actualizaciones del firmware de nuestra impresora HP pueden servir para mejorar a priori alguna de mejora en el software de nuestra m\u00e1quina, pero estas mejoras imperceptibles casi por completo tambi\u00e9n hacen que muchas veces no acepte los cartuchos compatibles que le est\u00e1bamos poniendo. Nuestra recomendaci\u00f3n, si tu impresora funciona bien, no la actualices. Muchas&hellip;&nbsp;<a href=\"https:\/\/quecartucho.es\/blog\/como-eliminar-las-actualizaciones-automaticas-de-las-impresoras-hp\/\" rel=\"bookmark\">Leer m\u00e1s &raquo;<span class=\"screen-reader-text\">Como Eliminar las actualizaciones autom\u00e1ticas de las impresoras HP<\/span><\/a><\/p>\n","protected":false},"author":1,"featured_media":13489,"parent":0,"menu_order":0,"comment_status":"closed","ping_status":"closed","template":"","meta":{"neve_meta_sidebar":"full-width","neve_meta_container":"","neve_meta_enable_content_width":"on","neve_meta_content_width":100,"neve_meta_title_alignment":"","neve_meta_author_avatar":"","neve_post_elements_order":"","neve_meta_disable_header":"","neve_meta_disable_footer":"","neve_meta_disable_title":"","episode_type":"","audio_file":"","podmotor_file_id":"","podmotor_episode_id":"","cover_image":"","cover_image_id":"","duration":"","filesize":"","filesize_raw":"","date_recorded":"","explicit":"","block":"","footnotes":""},"class_list":["post-13481","page","type-page","status-publish","has-post-thumbnail","hentry"],"_links":{"self":[{"href":"https:\/\/quecartucho.es\/blog\/wp-json\/wp\/v2\/pages\/13481","targetHints":{"allow":["GET"]}}],"collection":[{"href":"https:\/\/quecartucho.es\/blog\/wp-json\/wp\/v2\/pages"}],"about":[{"href":"https:\/\/quecartucho.es\/blog\/wp-json\/wp\/v2\/types\/page"}],"author":[{"embeddable":true,"href":"https:\/\/quecartucho.es\/blog\/wp-json\/wp\/v2\/users\/1"}],"replies":[{"embeddable":true,"href":"https:\/\/quecartucho.es\/blog\/wp-json\/wp\/v2\/comments?post=13481"}],"version-history":[{"count":5,"href":"https:\/\/quecartucho.es\/blog\/wp-json\/wp\/v2\/pages\/13481\/revisions"}],"predecessor-version":[{"id":23360,"href":"https:\/\/quecartucho.es\/blog\/wp-json\/wp\/v2\/pages\/13481\/revisions\/23360"}],"wp:featuredmedia":[{"embeddable":true,"href":"https:\/\/quecartucho.es\/blog\/wp-json\/wp\/v2\/media\/13489"}],"wp:attachment":[{"href":"https:\/\/quecartucho.es\/blog\/wp-json\/wp\/v2\/media?parent=13481"}],"curies":[{"name":"wp","href":"https:\/\/api.w.org\/{rel}","templated":true}]}}