{"id":13922,"date":"2021-10-28T09:46:28","date_gmt":"2021-10-28T07:46:28","guid":{"rendered":"https:\/\/quecartucho.es\/blog\/?page_id=13922"},"modified":"2022-03-30T09:31:31","modified_gmt":"2022-03-30T07:31:31","slug":"quehistoria","status":"publish","type":"page","link":"https:\/\/quecartucho.es\/blog\/quehistoria\/","title":{"rendered":"QueHistoria"},"content":{"rendered":"<div class=\"pt-cv-wrapper\"><div class=\"pt-cv-view pt-cv-grid pt-cv-colsys\" id=\"pt-cv-view-8ad6378emz\"><div data-id=\"pt-cv-page-1\" class=\"pt-cv-page\" data-cvc=\"2\"><div class=\"col-md-6 col-sm-6 col-xs-12 pt-cv-content-item pt-cv-1-col\" ><div class='pt-cv-ifield'><a href=\"https:\/\/quecartucho.es\/blog\/quehistoria\/si-quieres-limones-dulces-%f0%9f%8d%8b-planta-una-higuera-no-no-vamos-a-abrir-un-centro-de-jardineria\/\" class=\"_self pt-cv-href-thumbnail pt-cv-thumb-default\" target=\"_self\" ><img loading=\"lazy\" decoding=\"async\" width=\"1024\" height=\"576\" src=\"https:\/\/quecartucho.es\/blog\/wp-content\/uploads\/2024\/01\/higera-con-limones-1024x576.jpg\" class=\"pt-cv-thumbnail\" alt=\"Higuera con limones\" srcset=\"https:\/\/quecartucho.es\/blog\/wp-content\/uploads\/2024\/01\/higera-con-limones-1024x576.jpg 1024w, https:\/\/quecartucho.es\/blog\/wp-content\/uploads\/2024\/01\/higera-con-limones-300x169.jpg 300w, https:\/\/quecartucho.es\/blog\/wp-content\/uploads\/2024\/01\/higera-con-limones-768x432.jpg 768w, https:\/\/quecartucho.es\/blog\/wp-content\/uploads\/2024\/01\/higera-con-limones.jpg 1200w\" sizes=\"auto, (max-width: 1024px) 100vw, 1024px\" title=\"\"><\/a>\n<h2 class=\"pt-cv-title\"><a href=\"https:\/\/quecartucho.es\/blog\/quehistoria\/si-quieres-limones-dulces-%f0%9f%8d%8b-planta-una-higuera-no-no-vamos-a-abrir-un-centro-de-jardineria\/\" class=\"_self\" target=\"_self\" >Si quieres limones dulces \ud83c\udf4b, planta una higuera. No, no vamos a abrir un centro de jardiner\u00eda<\/a><\/h2>\n<div class=\"pt-cv-content\">\u00a1Ya eso nos faltaba! Abrir un garden center, como si con el mundo cartuchil no tuvi\u00e9ramos bastante. No\u2026 Hoy te hablamos de limones e higueras porque queremos contarte una historia. La historia de Juanito \ud83d\udc68\ud83c\udffb y Miguelito \ud83d\udc71\ud83c\udffd \ud83d\udc68\ud83c\udffb Juanito ...<br \/><div class=\"pt-cv-rmwrap\"><a href=\"https:\/\/quecartucho.es\/blog\/quehistoria\/si-quieres-limones-dulces-%f0%9f%8d%8b-planta-una-higuera-no-no-vamos-a-abrir-un-centro-de-jardineria\/\" class=\"_self pt-cv-readmore btn btn-success\" target=\"_self\">Leer M\u00e1s<\/a><\/div><\/div><\/div><\/div>\n<div class=\"col-md-6 col-sm-6 col-xs-12 pt-cv-content-item pt-cv-1-col\" ><div class='pt-cv-ifield'><a href=\"https:\/\/quecartucho.es\/blog\/quehistoria\/si-son-tan-baratos-por-algo-sera-dicen-que-hasta-el-santo-desconfia-%f0%9f%a4%a8\/\" class=\"_self pt-cv-href-thumbnail pt-cv-thumb-default\" target=\"_self\" ><img loading=\"lazy\" decoding=\"async\" width=\"1024\" height=\"576\" src=\"https:\/\/quecartucho.es\/blog\/wp-content\/uploads\/2023\/11\/Cuando-la-limosna-es-grande-hasta-el-santo-desconfia-1024x576.webp\" class=\"pt-cv-thumbnail\" alt=\"Cuando la limosna es grande, hasta el santo desconf\u00eda\" srcset=\"https:\/\/quecartucho.es\/blog\/wp-content\/uploads\/2023\/11\/Cuando-la-limosna-es-grande-hasta-el-santo-desconfia-1024x576.webp 1024w, https:\/\/quecartucho.es\/blog\/wp-content\/uploads\/2023\/11\/Cuando-la-limosna-es-grande-hasta-el-santo-desconfia-300x169.webp 300w, https:\/\/quecartucho.es\/blog\/wp-content\/uploads\/2023\/11\/Cuando-la-limosna-es-grande-hasta-el-santo-desconfia-768x432.webp 768w, https:\/\/quecartucho.es\/blog\/wp-content\/uploads\/2023\/11\/Cuando-la-limosna-es-grande-hasta-el-santo-desconfia.webp 1200w\" sizes=\"auto, (max-width: 1024px) 100vw, 1024px\" title=\"\"><\/a>\n<h2 class=\"pt-cv-title\"><a href=\"https:\/\/quecartucho.es\/blog\/quehistoria\/si-son-tan-baratos-por-algo-sera-dicen-que-hasta-el-santo-desconfia-%f0%9f%a4%a8\/\" class=\"_self\" target=\"_self\" >\u00abSi son tan baratos, por algo ser\u00e1\u00bb Dicen que hasta el santo desconf\u00eda \ud83e\udd28<\/a><\/h2>\n<div class=\"pt-cv-content\">Hoy nos hemos levantado refraneros. Y es que el refranero espa\u00f1ol es una maravilla, lo mires por donde lo mires. \u00bfO no? M\u00e1s vale una vez colorado que ciento amarillo (a ver, nosotros preferimos cien cartuchos amarillos, porque colorados no ...<br \/><div class=\"pt-cv-rmwrap\"><a href=\"https:\/\/quecartucho.es\/blog\/quehistoria\/si-son-tan-baratos-por-algo-sera-dicen-que-hasta-el-santo-desconfia-%f0%9f%a4%a8\/\" class=\"_self pt-cv-readmore btn btn-success\" target=\"_self\">Leer M\u00e1s<\/a><\/div><\/div><\/div><\/div>\n<div class=\"col-md-6 col-sm-6 col-xs-12 pt-cv-content-item pt-cv-1-col\" ><div class='pt-cv-ifield'><a href=\"https:\/\/quecartucho.es\/blog\/quehistoria\/eres-habitante-de-ysilandia-no-sabes-si-lo-eres-pues-sigue-leyendo\/\" class=\"_self pt-cv-href-thumbnail pt-cv-thumb-default\" target=\"_self\" ><img loading=\"lazy\" decoding=\"async\" width=\"1024\" height=\"576\" src=\"https:\/\/quecartucho.es\/blog\/wp-content\/uploads\/2023\/09\/Deja-de-preocuparte-por-todo-lo-que-no-ha-sucedido-1024x576.jpg\" class=\"pt-cv-thumbnail\" alt=\"Deja de preocuparte por todo lo que no ha sucedido\" srcset=\"https:\/\/quecartucho.es\/blog\/wp-content\/uploads\/2023\/09\/Deja-de-preocuparte-por-todo-lo-que-no-ha-sucedido-1024x576.jpg 1024w, https:\/\/quecartucho.es\/blog\/wp-content\/uploads\/2023\/09\/Deja-de-preocuparte-por-todo-lo-que-no-ha-sucedido-300x169.jpg 300w, https:\/\/quecartucho.es\/blog\/wp-content\/uploads\/2023\/09\/Deja-de-preocuparte-por-todo-lo-que-no-ha-sucedido-768x432.jpg 768w, https:\/\/quecartucho.es\/blog\/wp-content\/uploads\/2023\/09\/Deja-de-preocuparte-por-todo-lo-que-no-ha-sucedido.jpg 1200w\" sizes=\"auto, (max-width: 1024px) 100vw, 1024px\" title=\"\"><\/a>\n<h2 class=\"pt-cv-title\"><a href=\"https:\/\/quecartucho.es\/blog\/quehistoria\/eres-habitante-de-ysilandia-no-sabes-si-lo-eres-pues-sigue-leyendo\/\" class=\"_self\" target=\"_self\" >\u00bfEres habitante de Ysilandia? \u00bfNo sabes si lo eres? Pues sigue leyendo<\/a><\/h2>\n<div class=\"pt-cv-content\">F\u00edjate, resulta que lo mismo tienes una nacionalidad que ni sab\u00edas \ud83c\udf0d Ysiland\u00e9s\/a. No, no island\u00e9s\/a. Ysiland\u00e9s\/a de \u27a1\ufe0f Ysiliandia. Los habitantes de Ysilandia se caracterizan por vivir en un sinvivir, b\u00e1sicamente \ud83d\ude30. Y en el mundo de las impresiones, ...<br \/><div class=\"pt-cv-rmwrap\"><a href=\"https:\/\/quecartucho.es\/blog\/quehistoria\/eres-habitante-de-ysilandia-no-sabes-si-lo-eres-pues-sigue-leyendo\/\" class=\"_self pt-cv-readmore btn btn-success\" target=\"_self\">Leer M\u00e1s<\/a><\/div><\/div><\/div><\/div>\n<div class=\"col-md-6 col-sm-6 col-xs-12 pt-cv-content-item pt-cv-1-col\" ><div class='pt-cv-ifield'><a href=\"https:\/\/quecartucho.es\/blog\/quehistoria\/que-pasa-si-los-cartuchos-no-sirven-si-fallan-o-si-los-quieren-devolver\/\" class=\"_self pt-cv-href-thumbnail pt-cv-thumb-default\" target=\"_self\" ><img loading=\"lazy\" decoding=\"async\" width=\"1024\" height=\"576\" src=\"https:\/\/quecartucho.es\/blog\/wp-content\/uploads\/2023\/08\/houston-tenemos-un-problema-con-los-cartuchos-de-tinta-1024x576.webp\" class=\"pt-cv-thumbnail\" alt=\"houston tenemos un problema con los cartuchos de tinta\" srcset=\"https:\/\/quecartucho.es\/blog\/wp-content\/uploads\/2023\/08\/houston-tenemos-un-problema-con-los-cartuchos-de-tinta-1024x576.webp 1024w, https:\/\/quecartucho.es\/blog\/wp-content\/uploads\/2023\/08\/houston-tenemos-un-problema-con-los-cartuchos-de-tinta-300x169.webp 300w, https:\/\/quecartucho.es\/blog\/wp-content\/uploads\/2023\/08\/houston-tenemos-un-problema-con-los-cartuchos-de-tinta-768x432.webp 768w, https:\/\/quecartucho.es\/blog\/wp-content\/uploads\/2023\/08\/houston-tenemos-un-problema-con-los-cartuchos-de-tinta.webp 1200w\" sizes=\"auto, (max-width: 1024px) 100vw, 1024px\" title=\"\"><\/a>\n<h2 class=\"pt-cv-title\"><a href=\"https:\/\/quecartucho.es\/blog\/quehistoria\/que-pasa-si-los-cartuchos-no-sirven-si-fallan-o-si-los-quieren-devolver\/\" class=\"_self\" target=\"_self\" >\u00bfQu\u00e9 pasa si los cartuchos no sirven, si fallan o si los quieren devolver?<\/a><\/h2>\n<div class=\"pt-cv-content\">Si t\u00fa dices \u201cHouston\u2026\u201d \ud83e\uddd1\u200d\ud83d\ude80 Nosotros vamos al rescate \u00bfApolo 13 te suena? \u00bfY Tom Hanks flotando en un m\u00f3dulo lunar como si fuera la mism\u00edsima Mary Poppins? Si tu respuesta es \"\u00bfqu\u00e9 me est\u00e1s container?\", es posible que necesites ...<br \/><div class=\"pt-cv-rmwrap\"><a href=\"https:\/\/quecartucho.es\/blog\/quehistoria\/que-pasa-si-los-cartuchos-no-sirven-si-fallan-o-si-los-quieren-devolver\/\" class=\"_self pt-cv-readmore btn btn-success\" target=\"_self\">Leer M\u00e1s<\/a><\/div><\/div><\/div><\/div>\n<div class=\"col-md-6 col-sm-6 col-xs-12 pt-cv-content-item pt-cv-1-col\" ><div class='pt-cv-ifield'><a href=\"https:\/\/quecartucho.es\/blog\/quehistoria\/impresiones-de-terror-entre-luces-y-tintas-el-legado-de-orson-welles\/\" class=\"_self pt-cv-href-thumbnail pt-cv-thumb-default\" target=\"_self\" ><img loading=\"lazy\" decoding=\"async\" width=\"1024\" height=\"683\" src=\"https:\/\/quecartucho.es\/blog\/wp-content\/uploads\/2023\/06\/la-guerra-de-los-mundos-orson-welles-y-los-cartuchos-de-tinta-compatibles-1024x683.jpg\" class=\"pt-cv-thumbnail\" alt=\"\" srcset=\"https:\/\/quecartucho.es\/blog\/wp-content\/uploads\/2023\/06\/la-guerra-de-los-mundos-orson-welles-y-los-cartuchos-de-tinta-compatibles-1024x683.jpg 1024w, https:\/\/quecartucho.es\/blog\/wp-content\/uploads\/2023\/06\/la-guerra-de-los-mundos-orson-welles-y-los-cartuchos-de-tinta-compatibles-300x200.jpg 300w, https:\/\/quecartucho.es\/blog\/wp-content\/uploads\/2023\/06\/la-guerra-de-los-mundos-orson-welles-y-los-cartuchos-de-tinta-compatibles-768x512.jpg 768w, https:\/\/quecartucho.es\/blog\/wp-content\/uploads\/2023\/06\/la-guerra-de-los-mundos-orson-welles-y-los-cartuchos-de-tinta-compatibles-930x620.jpg 930w, https:\/\/quecartucho.es\/blog\/wp-content\/uploads\/2023\/06\/la-guerra-de-los-mundos-orson-welles-y-los-cartuchos-de-tinta-compatibles.jpg 1200w\" sizes=\"auto, (max-width: 1024px) 100vw, 1024px\" title=\"\"><\/a>\n<h2 class=\"pt-cv-title\"><a href=\"https:\/\/quecartucho.es\/blog\/quehistoria\/impresiones-de-terror-entre-luces-y-tintas-el-legado-de-orson-welles\/\" class=\"_self\" target=\"_self\" >Impresiones de terror entre luces y tintas: El legado de Orson Welles<\/a><\/h2>\n<div class=\"pt-cv-content\">\u00bfSabes qu\u00e9 pas\u00f3 el 30 de octubre de 1938? \ud83d\uddd3\ufe0f Se li\u00f3 una\u2026 \ud83e\udee3 Vale, no nos mandan de \u201cSaber y Ganar\u201d para buscar nuevos concursantes que sepan la respuesta. La pregunta del asunto del email no va por ah\u00ed, ...<br \/><div class=\"pt-cv-rmwrap\"><a href=\"https:\/\/quecartucho.es\/blog\/quehistoria\/impresiones-de-terror-entre-luces-y-tintas-el-legado-de-orson-welles\/\" class=\"_self pt-cv-readmore btn btn-success\" target=\"_self\">Leer M\u00e1s<\/a><\/div><\/div><\/div><\/div>\n<div class=\"col-md-6 col-sm-6 col-xs-12 pt-cv-content-item pt-cv-1-col\" ><div class='pt-cv-ifield'><a href=\"https:\/\/quecartucho.es\/blog\/quehistoria\/quecartucho-tu-tienda-de-cartuchos-de-impresora-mas-cercana-aunque-sea-online\/\" class=\"_self pt-cv-href-thumbnail pt-cv-thumb-default\" target=\"_self\" ><img loading=\"lazy\" decoding=\"async\" width=\"1024\" height=\"683\" src=\"https:\/\/quecartucho.es\/blog\/wp-content\/uploads\/2023\/05\/impresoras-sonriendo-con-su-tienda-de-cartuchos-cercana-1024x683.jpg\" class=\"pt-cv-thumbnail\" alt=\"impresoras sonriendo con su tienda de cartuchos cercana\" srcset=\"https:\/\/quecartucho.es\/blog\/wp-content\/uploads\/2023\/05\/impresoras-sonriendo-con-su-tienda-de-cartuchos-cercana-1024x683.jpg 1024w, https:\/\/quecartucho.es\/blog\/wp-content\/uploads\/2023\/05\/impresoras-sonriendo-con-su-tienda-de-cartuchos-cercana-300x200.jpg 300w, https:\/\/quecartucho.es\/blog\/wp-content\/uploads\/2023\/05\/impresoras-sonriendo-con-su-tienda-de-cartuchos-cercana-768x512.jpg 768w, https:\/\/quecartucho.es\/blog\/wp-content\/uploads\/2023\/05\/impresoras-sonriendo-con-su-tienda-de-cartuchos-cercana-930x620.jpg 930w, https:\/\/quecartucho.es\/blog\/wp-content\/uploads\/2023\/05\/impresoras-sonriendo-con-su-tienda-de-cartuchos-cercana.jpg 1200w\" sizes=\"auto, (max-width: 1024px) 100vw, 1024px\" title=\"\"><\/a>\n<h2 class=\"pt-cv-title\"><a href=\"https:\/\/quecartucho.es\/blog\/quehistoria\/quecartucho-tu-tienda-de-cartuchos-de-impresora-mas-cercana-aunque-sea-online\/\" class=\"_self\" target=\"_self\" >\u00a1Quecartucho, tu tienda de cartuchos de impresora m\u00e1s cercana (aunque sea online)! \ud83d\udc9a<\/a><\/h2>\n<div class=\"pt-cv-content\">\u00bfTe ha pasado alguna vez que necesitas un cartucho de tinta para tu impresora y no sabes d\u00f3nde encontrarlo, o peor a\u00fan, no puedes soportar el precio de los cartuchos originales? \u00a1No te preocupes! Somos la soluci\u00f3n a tus problemas: ...<br \/><div class=\"pt-cv-rmwrap\"><a href=\"https:\/\/quecartucho.es\/blog\/quehistoria\/quecartucho-tu-tienda-de-cartuchos-de-impresora-mas-cercana-aunque-sea-online\/\" class=\"_self pt-cv-readmore btn btn-success\" target=\"_self\">Leer M\u00e1s<\/a><\/div><\/div><\/div><\/div>\n<div class=\"col-md-6 col-sm-6 col-xs-12 pt-cv-content-item pt-cv-1-col\" ><div class='pt-cv-ifield'><a href=\"https:\/\/quecartucho.es\/blog\/quehistoria\/hablemos-claro-del-tema\/\" class=\"_self pt-cv-href-thumbnail pt-cv-thumb-default\" target=\"_self\" ><img loading=\"lazy\" decoding=\"async\" width=\"1024\" height=\"683\" src=\"https:\/\/quecartucho.es\/blog\/wp-content\/uploads\/2021\/12\/hermanos-que-no-saben-que-tinta-comprar-1024x683.jpg\" class=\"pt-cv-thumbnail\" alt=\"hermanos que no saben que tinta comprar\" srcset=\"https:\/\/quecartucho.es\/blog\/wp-content\/uploads\/2021\/12\/hermanos-que-no-saben-que-tinta-comprar-1024x683.jpg 1024w, https:\/\/quecartucho.es\/blog\/wp-content\/uploads\/2021\/12\/hermanos-que-no-saben-que-tinta-comprar-300x200.jpg 300w, https:\/\/quecartucho.es\/blog\/wp-content\/uploads\/2021\/12\/hermanos-que-no-saben-que-tinta-comprar-768x512.jpg 768w, https:\/\/quecartucho.es\/blog\/wp-content\/uploads\/2021\/12\/hermanos-que-no-saben-que-tinta-comprar-930x620.jpg 930w, https:\/\/quecartucho.es\/blog\/wp-content\/uploads\/2021\/12\/hermanos-que-no-saben-que-tinta-comprar-150x100.jpg 150w, https:\/\/quecartucho.es\/blog\/wp-content\/uploads\/2021\/12\/hermanos-que-no-saben-que-tinta-comprar.jpg 1200w\" sizes=\"auto, (max-width: 1024px) 100vw, 1024px\" title=\"\"><\/a>\n<h2 class=\"pt-cv-title\"><a href=\"https:\/\/quecartucho.es\/blog\/quehistoria\/hablemos-claro-del-tema\/\" class=\"_self\" target=\"_self\" >Hablemos claro del tema<\/a><\/h2>\n<div class=\"pt-cv-content\">Me gusta elegir LA MEJOR opci\u00f3n. Y con la mejor opci\u00f3n no me refiero a la marca m\u00e1s conocida, que infla los precios y te dice que es la \u00fanica buena de verdad. Me gusta poder elegir lo que quiero ...<br \/><div class=\"pt-cv-rmwrap\"><a href=\"https:\/\/quecartucho.es\/blog\/quehistoria\/hablemos-claro-del-tema\/\" class=\"_self pt-cv-readmore btn btn-success\" target=\"_self\">Leer M\u00e1s<\/a><\/div><\/div><\/div><\/div>\n<div class=\"col-md-6 col-sm-6 col-xs-12 pt-cv-content-item pt-cv-1-col\" ><div class='pt-cv-ifield'><a href=\"https:\/\/quecartucho.es\/blog\/quehistoria\/si-lo-pruebas-una-vez-no-habra-vuelta-atras\/\" class=\"_self pt-cv-href-thumbnail pt-cv-thumb-default\" target=\"_self\" ><img loading=\"lazy\" decoding=\"async\" width=\"1024\" height=\"683\" src=\"https:\/\/quecartucho.es\/blog\/wp-content\/uploads\/2021\/10\/amigos-en-el-portal-2-1024x683.jpeg\" class=\"pt-cv-thumbnail\" alt=\"\" srcset=\"https:\/\/quecartucho.es\/blog\/wp-content\/uploads\/2021\/10\/amigos-en-el-portal-2-1024x683.jpeg 1024w, https:\/\/quecartucho.es\/blog\/wp-content\/uploads\/2021\/10\/amigos-en-el-portal-2-300x200.jpeg 300w, https:\/\/quecartucho.es\/blog\/wp-content\/uploads\/2021\/10\/amigos-en-el-portal-2-768x512.jpeg 768w, https:\/\/quecartucho.es\/blog\/wp-content\/uploads\/2021\/10\/amigos-en-el-portal-2-930x620.jpeg 930w, https:\/\/quecartucho.es\/blog\/wp-content\/uploads\/2021\/10\/amigos-en-el-portal-2-150x100.jpeg 150w, https:\/\/quecartucho.es\/blog\/wp-content\/uploads\/2021\/10\/amigos-en-el-portal-2.jpeg 1200w\" sizes=\"auto, (max-width: 1024px) 100vw, 1024px\" title=\"\"><\/a>\n<h2 class=\"pt-cv-title\"><a href=\"https:\/\/quecartucho.es\/blog\/quehistoria\/si-lo-pruebas-una-vez-no-habra-vuelta-atras\/\" class=\"_self\" target=\"_self\" >Si lo pruebas una vez no habr\u00e1 vuelta atr\u00e1s<\/a><\/h2>\n<div class=\"pt-cv-content\">Te voy a contar una historia. Juan y Pedro son dos vecinos de la misma escalera. Se encontraron en el portal y comentaban que los dos iban a pintar sus pisos. Pedro le coment\u00f3 a Juan, \u201cOye, pues me han ...<br \/><div class=\"pt-cv-rmwrap\"><a href=\"https:\/\/quecartucho.es\/blog\/quehistoria\/si-lo-pruebas-una-vez-no-habra-vuelta-atras\/\" class=\"_self pt-cv-readmore btn btn-success\" target=\"_self\">Leer M\u00e1s<\/a><\/div><\/div><\/div><\/div>\n<div class=\"col-md-6 col-sm-6 col-xs-12 pt-cv-content-item pt-cv-1-col\" ><div class='pt-cv-ifield'><a href=\"https:\/\/quecartucho.es\/blog\/quehistoria\/que-eliges-tu\/\" class=\"_self pt-cv-href-thumbnail pt-cv-thumb-default\" target=\"_self\" ><img loading=\"lazy\" decoding=\"async\" width=\"1024\" height=\"683\" src=\"https:\/\/quecartucho.es\/blog\/wp-content\/uploads\/2021\/10\/pexels-helena-lopes-1015568-4-1024x683.jpg\" class=\"pt-cv-thumbnail\" alt=\"\" srcset=\"https:\/\/quecartucho.es\/blog\/wp-content\/uploads\/2021\/10\/pexels-helena-lopes-1015568-4-1024x683.jpg 1024w, https:\/\/quecartucho.es\/blog\/wp-content\/uploads\/2021\/10\/pexels-helena-lopes-1015568-4-300x200.jpg 300w, https:\/\/quecartucho.es\/blog\/wp-content\/uploads\/2021\/10\/pexels-helena-lopes-1015568-4-768x512.jpg 768w, https:\/\/quecartucho.es\/blog\/wp-content\/uploads\/2021\/10\/pexels-helena-lopes-1015568-4-1536x1024.jpg 1536w, https:\/\/quecartucho.es\/blog\/wp-content\/uploads\/2021\/10\/pexels-helena-lopes-1015568-4-2048x1365.jpg 2048w, https:\/\/quecartucho.es\/blog\/wp-content\/uploads\/2021\/10\/pexels-helena-lopes-1015568-4-930x620.jpg 930w, https:\/\/quecartucho.es\/blog\/wp-content\/uploads\/2021\/10\/pexels-helena-lopes-1015568-4-150x100.jpg 150w\" sizes=\"auto, (max-width: 1024px) 100vw, 1024px\" title=\"\"><\/a>\n<h2 class=\"pt-cv-title\"><a href=\"https:\/\/quecartucho.es\/blog\/quehistoria\/que-eliges-tu\/\" class=\"_self\" target=\"_self\" >\u00bfQu\u00e9 eliges t\u00fa?<\/a><\/h2>\n<div class=\"pt-cv-content\">Quiero contarte una historia, prometo ser breve: Dos amigos se encontraron por la calle, llevaban tiempo sin verse y decidieron ir a tomar algo. Andaban por una calle llena de comercios y cafeter\u00edas, mientras hablaban no sab\u00edan donde iban. De ...<br \/><div class=\"pt-cv-rmwrap\"><a href=\"https:\/\/quecartucho.es\/blog\/quehistoria\/que-eliges-tu\/\" class=\"_self pt-cv-readmore btn btn-success\" target=\"_self\">Leer M\u00e1s<\/a><\/div><\/div><\/div><\/div><\/div><\/div><\/div>\n\n\n\n\n","protected":false},"excerpt":{"rendered":"","protected":false},"author":1,"featured_media":0,"parent":0,"menu_order":0,"comment_status":"closed","ping_status":"closed","template":"","meta":{"neve_meta_sidebar":"full-width","neve_meta_container":"","neve_meta_enable_content_width":"on","neve_meta_content_width":100,"neve_meta_title_alignment":"","neve_meta_author_avatar":"","neve_post_elements_order":"","neve_meta_disable_header":"","neve_meta_disable_footer":"","neve_meta_disable_title":"","episode_type":"","audio_file":"","podmotor_file_id":"","podmotor_episode_id":"","cover_image":"","cover_image_id":"","duration":"","filesize":"","filesize_raw":"","date_recorded":"","explicit":"","block":"","footnotes":""},"class_list":["post-13922","page","type-page","status-publish","hentry"],"_links":{"self":[{"href":"https:\/\/quecartucho.es\/blog\/wp-json\/wp\/v2\/pages\/13922","targetHints":{"allow":["GET"]}}],"collection":[{"href":"https:\/\/quecartucho.es\/blog\/wp-json\/wp\/v2\/pages"}],"about":[{"href":"https:\/\/quecartucho.es\/blog\/wp-json\/wp\/v2\/types\/page"}],"author":[{"embeddable":true,"href":"https:\/\/quecartucho.es\/blog\/wp-json\/wp\/v2\/users\/1"}],"replies":[{"embeddable":true,"href":"https:\/\/quecartucho.es\/blog\/wp-json\/wp\/v2\/comments?post=13922"}],"version-history":[{"count":3,"href":"https:\/\/quecartucho.es\/blog\/wp-json\/wp\/v2\/pages\/13922\/revisions"}],"predecessor-version":[{"id":14431,"href":"https:\/\/quecartucho.es\/blog\/wp-json\/wp\/v2\/pages\/13922\/revisions\/14431"}],"wp:attachment":[{"href":"https:\/\/quecartucho.es\/blog\/wp-json\/wp\/v2\/media?parent=13922"}],"curies":[{"name":"wp","href":"https:\/\/api.w.org\/{rel}","templated":true}]}}