{"id":13926,"date":"2021-10-28T13:41:17","date_gmt":"2021-10-28T11:41:17","guid":{"rendered":"https:\/\/quecartucho.es\/blog\/?page_id=13926"},"modified":"2021-11-22T09:48:50","modified_gmt":"2021-11-22T07:48:50","slug":"si-lo-pruebas-una-vez-no-habra-vuelta-atras","status":"publish","type":"page","link":"https:\/\/quecartucho.es\/blog\/quehistoria\/si-lo-pruebas-una-vez-no-habra-vuelta-atras\/","title":{"rendered":"Si lo pruebas una vez no habr\u00e1 vuelta atr\u00e1s"},"content":{"rendered":"\n<p>Te voy a contar una historia.<\/p>\n\n\n\n<p>Juan y Pedro son dos vecinos de la misma escalera. Se encontraron en el portal y comentaban que los dos iban a pintar sus pisos.<\/p>\n\n\n\n<p>Pedro le coment\u00f3 a Juan, \u201c<em>Oye, pues me han hablado de una tienda muy barata que vende pintura muy buena\u201d.<\/em><\/p>\n\n\n\n<p>&nbsp;A lo que Juan contest\u00f3, \u201c<em>Ay Pedrito&#8230;siempre tan ingenuo, mejor compra a una marca conocida y grande que luego ya se sabe.\u201d<\/em><\/p>\n\n\n\n<p>Pedro, no entend\u00eda, \u201c<em>\u00bfYa se sabe qu\u00e9?\u201d&nbsp;<\/em><\/p>\n\n\n\n<p><em>Juan ri\u00e9ndose, un poco pedante, le dice, \u201cAy Pedrito, Pedrito&#8230;Pues que te timan, \u00a1te timan pero bien! Te venden gato por liebre, adem\u00e1s, mira esta empresa.\u201d<\/em><\/p>\n\n\n\n<p>Juan sac\u00f3 su m\u00f3vil y le ense\u00f1\u00f3 una web de una gran marca, que se proclamaba la m\u00e1s barata y la de mejor calidad.<\/p>\n\n\n\n<p>Juan insist\u00eda,<em> \u201cHay que comprar con cabeza Pedrito, que hay mucho ladronzuelo suelto. \u00a1Pareces nuevo!\u201d<\/em><\/p>\n\n\n\n<p>Juan le dio una palmadita a Pedro en el pecho y se fue todo estirado, sinti\u00e9ndose el m\u00e1s sabio del bloque.<\/p>\n\n\n\n<p>Pedro, sin embargo, seguro de su criterio, fue a la tienda menos conocida, compr\u00f3 su pintura a buen precio y se la llev\u00f3 a su casa.<\/p>\n\n\n\n<p>Juan, por otro lado, hizo lo mismo pero en la gran tienda, la cara\u2026<\/p>\n\n\n\n<p>A las semanas, Pedro escuch\u00f3 a Juan gritando por el patio de luces.<\/p>\n\n\n\n<p>Pedro: <em>\u201cVecino \u00bftodo bien?\u201d<\/em><\/p>\n\n\n\n<p>Juan: \u201c<em>Ay Pedrito\u2026 Fui a la tienda que te dije, compr\u00e9 la pintura, \u00a1qu\u00e9 caro es pintar eh!<\/em><\/p>\n\n\n\n<p><em>\u00a1Casi me dejo un ri\u00f1\u00f3n! y encima, no s\u00e9 c\u00f3mo, me acabaron vendiendo una pintura amarilla que yo no quer\u00eda, la he usado para pintar mi despacho y me causa estr\u00e9s\u2026<\/em><\/p>\n\n\n\n<div class=\"wp-block-image\"><figure class=\"aligncenter size-full\"><img loading=\"lazy\" decoding=\"async\" width=\"768\" height=\"370\" src=\"https:\/\/quecartucho.es\/blog\/wp-content\/uploads\/2021\/10\/Juan-pintando-despacho-amarillo.jpg\" alt=\"Juan pintando despacho amarillo\" class=\"wp-image-13932\" title=\"\" srcset=\"https:\/\/quecartucho.es\/blog\/wp-content\/uploads\/2021\/10\/Juan-pintando-despacho-amarillo.jpg 768w, https:\/\/quecartucho.es\/blog\/wp-content\/uploads\/2021\/10\/Juan-pintando-despacho-amarillo-300x145.jpg 300w, https:\/\/quecartucho.es\/blog\/wp-content\/uploads\/2021\/10\/Juan-pintando-despacho-amarillo-150x72.jpg 150w\" sizes=\"auto, (max-width: 768px) 100vw, 768px\" \/><\/figure><\/div>\n\n\n\n<p><em>\u00bfQu\u00e9 tal tu pintura?\u00bfTe has dejado otro ri\u00f1\u00f3n?\u201d<\/em><\/p>\n\n\n\n<p>Pedro:<em> \u201c\u00bfYo? Qu\u00e9 va, fui a la tienda que te coment\u00e9, y de precio est\u00e1 genial, no me han vendido pintura amarilla de m\u00e1s\u2026\u00a1Estoy contento!\u201d<\/em><\/p>\n\n\n\n<p>Juan: <em>\u201cAy Pedrito, ya ver\u00e1s que la calidad ser\u00e1 mala, a veces hay que pagar y sufrir\u201d<\/em><\/p>\n\n\n\n<p>Pedro: <em>\u201cJuanito, Juanito&#8230;Ven a casa y mira c\u00f3mo ha quedado mi pintura y despu\u00e9s hablamos. As\u00ed sales de tu despacho amarillo, que no te sienta bien\u201d<\/em><\/p>\n\n\n\n<p>Juan baj\u00f3 a casa de Pedro y se qued\u00f3 fascinado, qu\u00e9 pintura tan buena, qu\u00e9 precios tan econ\u00f3micos, qu\u00e9 p\u00e1jaro el vecino.<\/p>\n\n\n\n<p>Juan: \u201c<em>Jobar Pedrito \u00bfC\u00f3mo me has dejado ir a una tienda de ladrones?\u00a1Somos vecinos hombre!\u201d<\/em><\/p>\n\n\n\n<p>Pedro:<em>\u201dIntent\u00e9 dec\u00edrtelo, pero no me hiciste caso&#8230;anda toma su tel\u00e9fono y quita el amarillo de tu despacho\u201d<\/em><\/p>\n\n\n\n<p>Ese d\u00eda Juan aprendi\u00f3 dos cosas, que a veces las grandes marcas venden la misma calidad a un precio inflad\u00edsimo, y que escuchar a los dem\u00e1s le iba a ayudar.<\/p>\n\n\n\n<p><strong>No siempre las grandes marcas son la mejor opci\u00f3n, ni tampoco la m\u00e1s econ\u00f3mica.<\/strong><\/p>\n\n\n\n<p>En QueCartucho nos preocupamos de vender buen producto al mejor precio. Nuestro lema es<strong> \u201c<\/strong><strong>compra tranquilo, imprime contento y paga poco.\u00bb<\/strong><\/p>\n\n\n\n<div class=\"wp-block-buttons is-content-justification-center is-layout-flex wp-block-buttons-is-layout-flex\">\n<div class=\"wp-block-button has-custom-width wp-block-button__width-100 is-style-default\"><a class=\"wp-block-button__link has-background\" href=\"https:\/\/quecartucho.es\/\" style=\"border-radius:10px;background-color:#77ad26\"><strong><strong>QueCartucho<\/strong><\/strong>.es<\/a><\/div>\n<\/div>\n\n\n\n<p>Nuestro objetivo es que te sientas muy satisfecho con lo que compras.<\/p>\n\n\n\n<ul class=\"wp-block-list\"><li><strong>Ahorra<\/strong> respecto a las grandes marcas<\/li><li>Imprime con <strong>calidad<\/strong> sin tocar tus ahorros \ud83d\ude42&nbsp;<\/li><li><strong>Adapta<\/strong> sin problemas los cartuchos a tu impresora<\/li><li>Conf\u00eda plenamente en nuestros productos, y si algo falla, no sufras, \u00a1Tienes una <strong>garant\u00eda de 3 a\u00f1os<\/strong> ampliable a 5!<\/li><li>Cero estr\u00e9s, si necesitas ayuda para saber qu\u00e9 cartucho debes comprar <strong>\u00a1te ayudamos a trav\u00e9s de nuestro chat!<\/strong><\/li><li>Compra e imprime con calidad despu\u00e9s de 24 a 48 horas <strong>\u00a1Env\u00edo r\u00e1pido!<\/strong><\/li><li>Elige la opci\u00f3n sostenible, nuestros cartuchos son m\u00e1s <strong>ecol\u00f3gicos<\/strong>.<\/li><\/ul>\n\n\n\n<p>Nos aseguramos de que nuestros cartuchos de t\u00f3ner y tinta sean <strong>productos premium,<\/strong> siempre buscamos para ti la <strong>mejor calidad.<\/strong><\/p>\n\n\n\n<p>\u00bfNecesitas imprimir con calidad? Solo haz click aqu\u00ed abajo.<\/p>\n\n\n\n<div class=\"wp-block-buttons is-content-justification-center is-layout-flex wp-block-buttons-is-layout-flex\">\n<div class=\"wp-block-button has-custom-width wp-block-button__width-100 is-style-default\"><a class=\"wp-block-button__link has-background\" href=\"https:\/\/quecartucho.es\/\" style=\"border-radius:10px;background-color:#77ad26\"><strong><strong>QueCartucho<\/strong><\/strong>.es<\/a><\/div>\n<\/div>\n\n\n\n<p>\u00a1Hasta pronto!<\/p>\n\n\n\n<p><strong><em>Manuel Garrido<\/em><\/strong><\/p>\n\n\n\n<figure class=\"wp-block-image size-full is-resized\"><img loading=\"lazy\" decoding=\"async\" src=\"https:\/\/quecartucho.es\/blog\/wp-content\/uploads\/2021\/11\/firma-manuel-garrido-1-300x206-2.webp\" alt=\"\" class=\"wp-image-14168\" width=\"225\" height=\"155\" title=\"\" srcset=\"https:\/\/quecartucho.es\/blog\/wp-content\/uploads\/2021\/11\/firma-manuel-garrido-1-300x206-2.webp 300w, https:\/\/quecartucho.es\/blog\/wp-content\/uploads\/2021\/11\/firma-manuel-garrido-1-300x206-2-150x103.webp 150w\" sizes=\"auto, (max-width: 225px) 100vw, 225px\" \/><\/figure>\n\n\n\n<p><em>P.D: Los forajidos siempre estar\u00e1n al acecho, pendientes de qui\u00e9n se queda en sus telas de ara\u00f1a, y aunque sus disfraces sean bonitos para atraernos, ya les vemos venir.<\/em><\/p>\n\n\n\n<p><em>\u201cLev\u00e1ntate una y otra vez hasta que los corderos se conviertan en leones\u201d<\/em><\/p>\n\n\n\n<p><em>Nuestro estilo de consumo marcar\u00e1 la diferencia.<\/em><\/p>\n\n\n\n<p><a href=\"https:\/\/quecartucho.es\/\">[Haz click aqu\u00ed si eres de esas personas con esencia de Robin Hood]<\/a><\/p>\n","protected":false},"excerpt":{"rendered":"<p>Te voy a contar una historia. Juan y Pedro son dos vecinos de la misma escalera. Se encontraron en el portal y comentaban que los dos iban a pintar sus pisos. Pedro le coment\u00f3 a Juan, \u201cOye, pues me han hablado de una tienda muy barata que vende pintura muy buena\u201d. &nbsp;A lo que Juan&hellip;&nbsp;<a href=\"https:\/\/quecartucho.es\/blog\/quehistoria\/si-lo-pruebas-una-vez-no-habra-vuelta-atras\/\" rel=\"bookmark\">Leer m\u00e1s &raquo;<span class=\"screen-reader-text\">Si lo pruebas una vez no habr\u00e1 vuelta atr\u00e1s<\/span><\/a><\/p>\n","protected":false},"author":1,"featured_media":13958,"parent":13922,"menu_order":0,"comment_status":"closed","ping_status":"closed","template":"","meta":{"neve_meta_sidebar":"full-width","neve_meta_container":"","neve_meta_enable_content_width":"on","neve_meta_content_width":100,"neve_meta_title_alignment":"","neve_meta_author_avatar":"","neve_post_elements_order":"","neve_meta_disable_header":"","neve_meta_disable_footer":"","neve_meta_disable_title":"","episode_type":"","audio_file":"","podmotor_file_id":"","podmotor_episode_id":"","cover_image":"","cover_image_id":"","duration":"","filesize":"","filesize_raw":"","date_recorded":"","explicit":"","block":"","footnotes":""},"class_list":["post-13926","page","type-page","status-publish","has-post-thumbnail","hentry"],"_links":{"self":[{"href":"https:\/\/quecartucho.es\/blog\/wp-json\/wp\/v2\/pages\/13926","targetHints":{"allow":["GET"]}}],"collection":[{"href":"https:\/\/quecartucho.es\/blog\/wp-json\/wp\/v2\/pages"}],"about":[{"href":"https:\/\/quecartucho.es\/blog\/wp-json\/wp\/v2\/types\/page"}],"author":[{"embeddable":true,"href":"https:\/\/quecartucho.es\/blog\/wp-json\/wp\/v2\/users\/1"}],"replies":[{"embeddable":true,"href":"https:\/\/quecartucho.es\/blog\/wp-json\/wp\/v2\/comments?post=13926"}],"version-history":[{"count":10,"href":"https:\/\/quecartucho.es\/blog\/wp-json\/wp\/v2\/pages\/13926\/revisions"}],"predecessor-version":[{"id":14169,"href":"https:\/\/quecartucho.es\/blog\/wp-json\/wp\/v2\/pages\/13926\/revisions\/14169"}],"up":[{"embeddable":true,"href":"https:\/\/quecartucho.es\/blog\/wp-json\/wp\/v2\/pages\/13922"}],"wp:featuredmedia":[{"embeddable":true,"href":"https:\/\/quecartucho.es\/blog\/wp-json\/wp\/v2\/media\/13958"}],"wp:attachment":[{"href":"https:\/\/quecartucho.es\/blog\/wp-json\/wp\/v2\/media?parent=13926"}],"curies":[{"name":"wp","href":"https:\/\/api.w.org\/{rel}","templated":true}]}}