{"id":13937,"date":"2021-10-28T11:08:26","date_gmt":"2021-10-28T09:08:26","guid":{"rendered":"https:\/\/quecartucho.es\/blog\/?page_id=13937"},"modified":"2023-05-31T12:24:26","modified_gmt":"2023-05-31T10:24:26","slug":"que-eliges-tu","status":"publish","type":"page","link":"https:\/\/quecartucho.es\/blog\/quehistoria\/que-eliges-tu\/","title":{"rendered":"\u00bfQu\u00e9 eliges t\u00fa?"},"content":{"rendered":"\n<p><strong>Quiero contarte una historia, prometo ser breve:<\/strong><\/p>\n\n\n\n<p><em>Dos&nbsp;amigos se encontraron por la calle, llevaban tiempo sin verse y decidieron ir a tomar algo.<\/em><\/p>\n\n\n\n<p><em>Andaban por una calle llena de comercios y&nbsp;&nbsp;cafeter\u00edas,&nbsp;mientras hablaban no sab\u00edan donde iban.<\/em><\/p>\n\n\n\n<p><em>De repente les asalt\u00f3 un joven, y les pregunt\u00f3&nbsp;si pod\u00eda ayudarles en algo, ellos le dijeron que solo quer\u00edan tomar algo en un sitio bonito, a lo que el camarero contest\u00f3, deseoso de clientes:<\/em><\/p>\n\n\n\n<figure class=\"wp-block-image size-full\"><img loading=\"lazy\" decoding=\"async\" width=\"1024\" height=\"768\" src=\"https:\/\/quecartucho.es\/blog\/wp-content\/uploads\/2021\/10\/Somos-una-cadena-de-cafeterias-grande-y-con-renombre-no-vais-a-encontrar-nada-mejor-por-aqui.-min.png\" alt=\"\" class=\"wp-image-13965\" title=\"\" srcset=\"https:\/\/quecartucho.es\/blog\/wp-content\/uploads\/2021\/10\/Somos-una-cadena-de-cafeterias-grande-y-con-renombre-no-vais-a-encontrar-nada-mejor-por-aqui.-min.png 1024w, https:\/\/quecartucho.es\/blog\/wp-content\/uploads\/2021\/10\/Somos-una-cadena-de-cafeterias-grande-y-con-renombre-no-vais-a-encontrar-nada-mejor-por-aqui.-min-300x225.png 300w, https:\/\/quecartucho.es\/blog\/wp-content\/uploads\/2021\/10\/Somos-una-cadena-de-cafeterias-grande-y-con-renombre-no-vais-a-encontrar-nada-mejor-por-aqui.-min-768x576.png 768w, https:\/\/quecartucho.es\/blog\/wp-content\/uploads\/2021\/10\/Somos-una-cadena-de-cafeterias-grande-y-con-renombre-no-vais-a-encontrar-nada-mejor-por-aqui.-min-150x113.png 150w\" sizes=\"auto, (max-width: 1024px) 100vw, 1024px\" \/><\/figure>\n\n\n\n<p>Los dos amigos, cr\u00e9dulos e inocentes aceptaron, y acompa\u00f1aron al joven.<\/p>\n\n\n\n<p>La cafeter\u00eda, como era de esperar, era un&nbsp;gran local creado para dar una imagen de marca, pero pensaban&nbsp;poco en lo que vend\u00edan.<\/p>\n\n\n\n<p><strong>Los dos amigos tomaron algo y al ir a pagar la cuenta,&nbsp;&nbsp;\u00a1el&nbsp;susto&nbsp;fue apote\u00f3sico.! La cuenta era car\u00edsima. Se sintieron estafados.<\/strong><\/p>\n\n\n\n<p><em>Al volverse a ver dos meses despu\u00e9s decidieron descubrir un lugar distinto.&nbsp; Se lo pasaban&nbsp;muy bien juntos, y ten\u00edan ganas de repetir sus charlas de amigos, pero en un ambiente distinto. Los dos ten\u00edan claro que no volver\u00edan a pringar de nuevo. Entre otras cosas, porque lo importante era compartir risas y confidencias, no el caf\u00e9 o la cerveza.<\/em><br><br>Fueron a un bar<strong> \u00abnormalito\u00bb <\/strong>que result\u00f3 cumplir sobradamente, y despu\u00e9s del \u00faltimo sableado de precio, valoraron muy positivamente. <strong>La calidad era mucho m\u00e1s que correcta y el precio inigualable.<\/strong><\/p>\n\n\n\n<figure class=\"wp-block-image size-full\"><img loading=\"lazy\" decoding=\"async\" width=\"1024\" height=\"768\" src=\"https:\/\/quecartucho.es\/blog\/wp-content\/uploads\/2021\/10\/resulto-ser-min.png\" alt=\"\" class=\"wp-image-13966\" title=\"\" srcset=\"https:\/\/quecartucho.es\/blog\/wp-content\/uploads\/2021\/10\/resulto-ser-min.png 1024w, https:\/\/quecartucho.es\/blog\/wp-content\/uploads\/2021\/10\/resulto-ser-min-300x225.png 300w, https:\/\/quecartucho.es\/blog\/wp-content\/uploads\/2021\/10\/resulto-ser-min-768x576.png 768w, https:\/\/quecartucho.es\/blog\/wp-content\/uploads\/2021\/10\/resulto-ser-min-150x113.png 150w\" sizes=\"auto, (max-width: 1024px) 100vw, 1024px\" \/><\/figure>\n\n\n\n<p>Ese d\u00eda los dos amigos aprendieron a valorar lo que vale la pena.&nbsp;<\/p>\n\n\n\n<p>Como en Quecartucho, nuestro lema es: <strong>\u00abcompra tranquilo, imprime contento y paga poco\u00bb<\/strong>.<\/p>\n\n\n\n<p>  <em>La seguridad y la calidad no se consigue con las marcas originales, y menos a\u00fan el precio que t\u00fa deseas.<\/em>  <\/p>\n\n\n\n<div class=\"wp-block-buttons is-horizontal is-content-justification-center is-layout-flex wp-container-core-buttons-is-layout-499968f5 wp-block-buttons-is-layout-flex\">\n<div class=\"wp-block-button has-custom-width wp-block-button__width-100 is-style-default\"><a class=\"wp-block-button__link has-background wp-element-button\" href=\"https:\/\/quecartucho.es\/\" style=\"border-radius:10px;background-color:#77ad26\"><strong><strong>QueCartucho<\/strong><\/strong>.es<\/a><\/div>\n<\/div>\n\n\n\n<p>Nuestro objetivo es que te sientas muy satisfecho con lo que compras.<\/p>\n\n\n\n<ul class=\"wp-block-list\">\n<li><strong>Ahorra<\/strong> respecto a las grandes marcas<\/li>\n\n\n\n<li>Imprime con <strong>calidad<\/strong> sin tocar tus ahorros \ud83d\ude42&nbsp;<\/li>\n\n\n\n<li><strong>Adapta<\/strong> sin problemas los cartuchos a tu impresora<\/li>\n\n\n\n<li>Conf\u00eda plenamente en nuestros productos, y si algo falla, no sufras, \u00a1Tienes una <strong>garant\u00eda de 5 a\u00f1os<\/strong>!<\/li>\n\n\n\n<li>Cero estr\u00e9s, si necesitas ayuda para saber qu\u00e9 cartucho debes comprar <strong>\u00a1te ayudamos a trav\u00e9s de nuestro chat!<\/strong><\/li>\n\n\n\n<li>Compra e imprime con calidad despu\u00e9s de 24 a 48 horas <strong>\u00a1Env\u00edo r\u00e1pido!<\/strong><\/li>\n\n\n\n<li>Elige la opci\u00f3n sostenible, nuestros cartuchos son m\u00e1s <strong>ecol\u00f3gicos<\/strong>.<\/li>\n<\/ul>\n\n\n\n<p>Nos aseguramos de que nuestros cartuchos de t\u00f3ner y tinta sean <strong>productos premium,<\/strong> siempre buscamos para ti la <strong>mejor calidad.<\/strong><\/p>\n\n\n\n<p>\u00bfNecesitas imprimir con calidad? Solo haz click aqu\u00ed abajo.<\/p>\n\n\n\n<div class=\"wp-block-buttons is-horizontal is-content-justification-center is-layout-flex wp-container-core-buttons-is-layout-499968f5 wp-block-buttons-is-layout-flex\">\n<div class=\"wp-block-button has-custom-width wp-block-button__width-100 is-style-default\"><a class=\"wp-block-button__link has-background wp-element-button\" href=\"https:\/\/quecartucho.es\/\" style=\"border-radius:10px;background-color:#77ad26\"><strong><strong>QueCartucho<\/strong><\/strong>.es<\/a><\/div>\n<\/div>\n\n\n\n<p>\u00a1Hasta pronto!<\/p>\n\n\n\n<p><strong>Manuel Garrido<\/strong><\/p>\n\n\n\n<figure class=\"wp-block-image size-full is-resized\"><img loading=\"lazy\" decoding=\"async\" src=\"https:\/\/quecartucho.es\/blog\/wp-content\/uploads\/2021\/10\/firma-manuel-garrido-1.jpg\" alt=\"\" class=\"wp-image-13930\" width=\"200\" height=\"138\" title=\"\" srcset=\"https:\/\/quecartucho.es\/blog\/wp-content\/uploads\/2021\/10\/firma-manuel-garrido-1.jpg 800w, https:\/\/quecartucho.es\/blog\/wp-content\/uploads\/2021\/10\/firma-manuel-garrido-1-300x206.jpg 300w, https:\/\/quecartucho.es\/blog\/wp-content\/uploads\/2021\/10\/firma-manuel-garrido-1-768x528.jpg 768w, https:\/\/quecartucho.es\/blog\/wp-content\/uploads\/2021\/10\/firma-manuel-garrido-1-150x103.jpg 150w\" sizes=\"auto, (max-width: 200px) 100vw, 200px\" \/><\/figure>\n\n\n\n<p><em>P.D:\u201cLev\u00e1ntate una y otra vez hasta que los corderos se conviertan en leones\u201d<\/em><\/p>\n\n\n\n<p><em>Nuestro estilo de consumo marcar\u00e1 la diferencia.<\/em><\/p>\n\n\n\n<p><a href=\"https:\/\/quecartucho.es\/\">[Haz click aqu\u00ed si eres de esas personas con esencia de Robin Hood]<\/a><\/p>\n","protected":false},"excerpt":{"rendered":"<p>Quiero contarte una historia, prometo ser breve: Dos&nbsp;amigos se encontraron por la calle, llevaban tiempo sin verse y decidieron ir a tomar algo. Andaban por una calle llena de comercios y&nbsp;&nbsp;cafeter\u00edas,&nbsp;mientras hablaban no sab\u00edan donde iban. De repente les asalt\u00f3 un joven, y les pregunt\u00f3&nbsp;si pod\u00eda ayudarles en algo, ellos le dijeron que solo quer\u00edan&hellip;&nbsp;<a href=\"https:\/\/quecartucho.es\/blog\/quehistoria\/que-eliges-tu\/\" rel=\"bookmark\">Leer m\u00e1s &raquo;<span class=\"screen-reader-text\">\u00bfQu\u00e9 eliges t\u00fa?<\/span><\/a><\/p>\n","protected":false},"author":1,"featured_media":13946,"parent":13922,"menu_order":0,"comment_status":"closed","ping_status":"closed","template":"","meta":{"neve_meta_sidebar":"full-width","neve_meta_container":"","neve_meta_enable_content_width":"on","neve_meta_content_width":100,"neve_meta_title_alignment":"","neve_meta_author_avatar":"","neve_post_elements_order":"","neve_meta_disable_header":"","neve_meta_disable_footer":"","neve_meta_disable_title":"","episode_type":"","audio_file":"","podmotor_file_id":"","podmotor_episode_id":"","cover_image":"","cover_image_id":"","duration":"","filesize":"","filesize_raw":"","date_recorded":"","explicit":"","block":"","footnotes":""},"class_list":["post-13937","page","type-page","status-publish","has-post-thumbnail","hentry"],"_links":{"self":[{"href":"https:\/\/quecartucho.es\/blog\/wp-json\/wp\/v2\/pages\/13937","targetHints":{"allow":["GET"]}}],"collection":[{"href":"https:\/\/quecartucho.es\/blog\/wp-json\/wp\/v2\/pages"}],"about":[{"href":"https:\/\/quecartucho.es\/blog\/wp-json\/wp\/v2\/types\/page"}],"author":[{"embeddable":true,"href":"https:\/\/quecartucho.es\/blog\/wp-json\/wp\/v2\/users\/1"}],"replies":[{"embeddable":true,"href":"https:\/\/quecartucho.es\/blog\/wp-json\/wp\/v2\/comments?post=13937"}],"version-history":[{"count":11,"href":"https:\/\/quecartucho.es\/blog\/wp-json\/wp\/v2\/pages\/13937\/revisions"}],"predecessor-version":[{"id":19404,"href":"https:\/\/quecartucho.es\/blog\/wp-json\/wp\/v2\/pages\/13937\/revisions\/19404"}],"up":[{"embeddable":true,"href":"https:\/\/quecartucho.es\/blog\/wp-json\/wp\/v2\/pages\/13922"}],"wp:featuredmedia":[{"embeddable":true,"href":"https:\/\/quecartucho.es\/blog\/wp-json\/wp\/v2\/media\/13946"}],"wp:attachment":[{"href":"https:\/\/quecartucho.es\/blog\/wp-json\/wp\/v2\/media?parent=13937"}],"curies":[{"name":"wp","href":"https:\/\/api.w.org\/{rel}","templated":true}]}}