{"id":14425,"date":"2021-12-13T14:18:09","date_gmt":"2021-12-13T12:18:09","guid":{"rendered":"https:\/\/quecartucho.es\/blog\/?page_id=14425"},"modified":"2023-05-31T12:22:40","modified_gmt":"2023-05-31T10:22:40","slug":"hablemos-claro-del-tema","status":"publish","type":"page","link":"https:\/\/quecartucho.es\/blog\/quehistoria\/hablemos-claro-del-tema\/","title":{"rendered":"Hablemos claro del tema"},"content":{"rendered":"\n<p><strong>Me gusta elegir LA MEJOR opci\u00f3n.<\/strong><\/p>\n\n\n\n<p>Y con la mejor opci\u00f3n no me refiero a la marca m\u00e1s conocida, que infla los precios y te dice que es la \u00fanica buena de verdad.&nbsp;<\/p>\n\n\n\n<p>Me gusta poder elegir lo que quiero. Hay productos que prefiero de una marca concreta y hay otros que me gusta la marca blanca. Yo los he probado y tomo esta decisi\u00f3n, FIN.<\/p>\n\n\n\n<p><strong>\u00a1Hablemos claro del tema!&nbsp;<\/strong><\/p>\n\n\n\n<p><em>Mi hermano siempre compraba todo de la misma marca. \u00c9l y yo compart\u00edamos el ordenador y la impresora durante nuestra \u00e9poca en la universidad.<br><br>Juntos compr\u00e1bamos la tinta de la impresora, que era de la misma marca de esta y tambi\u00e9n del ordenador\u2026 Nos dej\u00e1bamos mucho dinero.<br>Yo le dije que por qu\u00e9 no mir\u00e1bamos otras opciones, y \u00e9l me dec\u00eda que quer\u00eda la mejor calidad, y que adem\u00e1s, si no era de la misma marca se avecinar\u00eda un desastre fatal\u2026<br><br>\u201c\u00bfLa impresora? Rota\u2026 igual explota \u00bfEl n\u00famero de p\u00e1ginas para imprimir? Menos de la mitad seguro, por no hablar de la calidad, seguro que el negro sale azul\u2026\u201d&nbsp;<\/em><a href=\"https:\/\/www.quecartucho.es\" target=\"_blank\" rel=\"noreferrer noopener\"><\/a><\/p>\n\n\n<div class=\"wp-block-image\">\n<figure class=\"aligncenter size-full\"><img loading=\"lazy\" decoding=\"async\" width=\"600\" height=\"500\" src=\"https:\/\/quecartucho.es\/blog\/wp-content\/uploads\/2021\/12\/la-mejor-opcion-en-cartuchos-de-tinta-y-toner.jpg\" alt=\"la mejor opci\u00f3n en cartuchos de tinta y toner\" class=\"wp-image-14426\" title=\"\" srcset=\"https:\/\/quecartucho.es\/blog\/wp-content\/uploads\/2021\/12\/la-mejor-opcion-en-cartuchos-de-tinta-y-toner.jpg 600w, https:\/\/quecartucho.es\/blog\/wp-content\/uploads\/2021\/12\/la-mejor-opcion-en-cartuchos-de-tinta-y-toner-300x250.jpg 300w, https:\/\/quecartucho.es\/blog\/wp-content\/uploads\/2021\/12\/la-mejor-opcion-en-cartuchos-de-tinta-y-toner-150x125.jpg 150w\" sizes=\"auto, (max-width: 600px) 100vw, 600px\" \/><\/figure>\n<\/div>\n\n\n<p><em>Hab\u00eda le\u00eddo sobre <strong>los cartuchos compatibles<\/strong> y pintaban muy bien. Decid\u00ed comprarlo, probarlo y no decirle nada a mi hermano.\u00a0<br><br>\u00bfExplot\u00f3 la impresora y el ordenador? NO.<\/em><\/p>\n\n\n\n<p><em> Lo que s\u00ed que pas\u00f3 es que la calidad NO cambi\u00f3, incluso con seg\u00fan qu\u00e9 cartuchos mejor\u00f3. Imprimimos m\u00e1s hojas y a menos precio.\u00a0<br><br>Cuando le dije a mi hermano que eran los <strong><a href=\"https:\/\/quecartucho.es\/\">cartuchos compatibles<\/a><\/strong> no me crey\u00f3. Tuvo que darme la raz\u00f3n aunque no le gustase hacer eso (je je) y yo le dije que me deb\u00eda la diferencia de dinero, por todo el que puse en esas marcas, sin motivo\u2026<\/em><\/p>\n\n\n\n<p>Desde entonces, a la hora de comprar valoro mucho el poder elegir. Que pueda preguntar y saber que compro en un sitio que no enga\u00f1an.&nbsp;<strong>Sinceramente, para ahorrarte confusiones y&#8230; dinero \u00bfPor qu\u00e9 no decirlo?<\/strong><\/p>\n\n\n\n<p>Comprar seguro, con tranquilidad y sabiendo que te est\u00e1s llevando la mejor opci\u00f3n es importante, por ello en Quecartucho trabajamos muy duro para ofrecerte todo esto y adem\u00e1s:<\/p>\n\n\n\n<p>Pregunta lo que necesites, tenemos un chat a tu disposici\u00f3n, nosotros te ayudaremos.&nbsp;<\/p>\n\n\n\n<p>\u2714\ufe0f  Compra y disfruta tu pedido r\u00e1pidamente, env\u00edos r\u00e1pidos de 24 a 72 horas&nbsp;<\/p>\n\n\n\n<p>\u2714\ufe0f  Obt\u00e9n los resultados que esperabas \u00a1Calidad Premium!<\/p>\n\n\n\n<p>\u2714\ufe0f Tu tiempo es oro, compra f\u00e1cil y r\u00e1pido<\/p>\n\n\n\n<p>\u2714\ufe0f  Compra online a la hora que t\u00fa quieras.<\/p>\n\n\n\n<p>\u2714\ufe0f  Paga precios muy econ\u00f3micos<\/p>\n\n\n\n<div class=\"wp-block-buttons is-horizontal is-content-justification-center is-layout-flex wp-container-core-buttons-is-layout-499968f5 wp-block-buttons-is-layout-flex\">\n<div class=\"wp-block-button has-custom-width wp-block-button__width-100 is-style-default\"><a class=\"wp-block-button__link has-background wp-element-button\" href=\"https:\/\/quecartucho.es\/\" style=\"border-radius:10px;background-color:#77ad26\"><strong><strong>QueCartucho<\/strong><\/strong>.es<\/a><\/div>\n<\/div>\n\n\n\n<p>\u00a1Hasta pronto!<\/p>\n\n\n\n<p><strong>Manuel Garrido<\/strong><\/p>\n\n\n\n<figure class=\"wp-block-image size-medium\"><img loading=\"lazy\" decoding=\"async\" width=\"300\" height=\"206\" src=\"https:\/\/quecartucho.es\/blog\/wp-content\/uploads\/2021\/12\/firma-manuel-garrido-300x206.jpg\" alt=\"firma manuel garrido\" class=\"wp-image-14427\" title=\"\" srcset=\"https:\/\/quecartucho.es\/blog\/wp-content\/uploads\/2021\/12\/firma-manuel-garrido-300x206.jpg 300w, https:\/\/quecartucho.es\/blog\/wp-content\/uploads\/2021\/12\/firma-manuel-garrido-768x528.jpg 768w, https:\/\/quecartucho.es\/blog\/wp-content\/uploads\/2021\/12\/firma-manuel-garrido-150x103.jpg 150w, https:\/\/quecartucho.es\/blog\/wp-content\/uploads\/2021\/12\/firma-manuel-garrido.jpg 800w\" sizes=\"auto, (max-width: 300px) 100vw, 300px\" \/><\/figure>\n\n\n\n<p><mark style=\"background-color:rgba(0, 0, 0, 0)\" class=\"has-inline-color has-neve-link-hover-color-color\">P.D: Los hermanos mayores no siempre tienen raz\u00f3n igual que las marcas originales no siempre son la mejor opci\u00f3n. Lo importante es que sepas lo que compras y por qu\u00e9 es lo mejor para ti. <\/mark><\/p>\n\n\n\n<p>As\u00ed&nbsp;que ya sabes, disfruta de tus impresiones a un precio casi de risa.<\/p>\n\n\n\n<p>\u2714\ufe0f  Misma calidad.<\/p>\n\n\n\n<p>\u2714\ufe0f  Misma duraci\u00f3n.<\/p>\n\n\n\n<p>\u2714\ufe0f  Misma funcionalidad.<\/p>\n\n\n\n<p><strong>\u00a1Sigue con nosotros, rebelde!<\/strong> <\/p>\n\n\n\n<p>Quecartucho.es <strong>\u00a1 Compra contento !<\/strong><\/p>\n\n\n\n<div class=\"wp-block-buttons is-horizontal is-content-justification-center is-layout-flex wp-container-core-buttons-is-layout-499968f5 wp-block-buttons-is-layout-flex\">\n<div class=\"wp-block-button has-custom-width wp-block-button__width-100 is-style-default\"><a class=\"wp-block-button__link has-background wp-element-button\" href=\"https:\/\/quecartucho.es\/\" style=\"border-radius:10px;background-color:#77ad26\"><strong><strong>QueCartucho<\/strong><\/strong>.es<\/a><\/div>\n<\/div>\n","protected":false},"excerpt":{"rendered":"<p>Me gusta elegir LA MEJOR opci\u00f3n. Y con la mejor opci\u00f3n no me refiero a la marca m\u00e1s conocida, que infla los precios y te dice que es la \u00fanica buena de verdad.&nbsp; Me gusta poder elegir lo que quiero. Hay productos que prefiero de una marca concreta y hay otros que me gusta la&hellip;&nbsp;<a href=\"https:\/\/quecartucho.es\/blog\/quehistoria\/hablemos-claro-del-tema\/\" rel=\"bookmark\">Leer m\u00e1s &raquo;<span class=\"screen-reader-text\">Hablemos claro del tema<\/span><\/a><\/p>\n","protected":false},"author":1,"featured_media":14430,"parent":13922,"menu_order":0,"comment_status":"open","ping_status":"closed","template":"","meta":{"neve_meta_sidebar":"full-width","neve_meta_container":"","neve_meta_enable_content_width":"on","neve_meta_content_width":100,"neve_meta_title_alignment":"","neve_meta_author_avatar":"","neve_post_elements_order":"","neve_meta_disable_header":"","neve_meta_disable_footer":"","neve_meta_disable_title":"","episode_type":"","audio_file":"","podmotor_file_id":"","podmotor_episode_id":"","cover_image":"","cover_image_id":"","duration":"","filesize":"","filesize_raw":"","date_recorded":"","explicit":"","block":"","footnotes":""},"class_list":["post-14425","page","type-page","status-publish","has-post-thumbnail","hentry"],"_links":{"self":[{"href":"https:\/\/quecartucho.es\/blog\/wp-json\/wp\/v2\/pages\/14425","targetHints":{"allow":["GET"]}}],"collection":[{"href":"https:\/\/quecartucho.es\/blog\/wp-json\/wp\/v2\/pages"}],"about":[{"href":"https:\/\/quecartucho.es\/blog\/wp-json\/wp\/v2\/types\/page"}],"author":[{"embeddable":true,"href":"https:\/\/quecartucho.es\/blog\/wp-json\/wp\/v2\/users\/1"}],"replies":[{"embeddable":true,"href":"https:\/\/quecartucho.es\/blog\/wp-json\/wp\/v2\/comments?post=14425"}],"version-history":[{"count":3,"href":"https:\/\/quecartucho.es\/blog\/wp-json\/wp\/v2\/pages\/14425\/revisions"}],"predecessor-version":[{"id":19403,"href":"https:\/\/quecartucho.es\/blog\/wp-json\/wp\/v2\/pages\/14425\/revisions\/19403"}],"up":[{"embeddable":true,"href":"https:\/\/quecartucho.es\/blog\/wp-json\/wp\/v2\/pages\/13922"}],"wp:featuredmedia":[{"embeddable":true,"href":"https:\/\/quecartucho.es\/blog\/wp-json\/wp\/v2\/media\/14430"}],"wp:attachment":[{"href":"https:\/\/quecartucho.es\/blog\/wp-json\/wp\/v2\/media?parent=14425"}],"curies":[{"name":"wp","href":"https:\/\/api.w.org\/{rel}","templated":true}]}}