{"id":14613,"date":"2021-12-23T10:54:18","date_gmt":"2021-12-23T08:54:18","guid":{"rendered":"https:\/\/quecartucho.es\/blog\/?page_id=14613"},"modified":"2023-12-14T13:57:28","modified_gmt":"2023-12-14T11:57:28","slug":"los-5-cartuchos-de-tinta-epson-mas-vendidos","status":"publish","type":"page","link":"https:\/\/quecartucho.es\/blog\/cartuchos\/los-5-cartuchos-de-tinta-epson-mas-vendidos\/","title":{"rendered":"Los 5 cartuchos de tinta Epson m\u00e1s vendidos"},"content":{"rendered":"\n<p>Epson es junto con HP, Canon y Brother uno de los mayores fabricantes de impresoras de inyecci\u00f3n de tinta, por esta raz\u00f3n los <strong><a href=\"https:\/\/quecartucho.es\/4223-cartuchos-de-tinta-epson-compatibles\">cartuchos de tinta Epson<\/a> <\/strong>son de los m\u00e1s vendidos.<\/p>\n\n\n\n<p>En <strong>Quecartucho<\/strong> como empresa especializada en generar ahorro siempre recomendamos la versi\u00f3n de <strong>cartucho XL<\/strong> o la <a href=\"https:\/\/quecartucho.es\/\"><strong>tinta impresora<\/strong><\/a> de alto rendimiento, es un cartucho con un precio por p\u00e1gina m\u00e1s barato y que emite menos CO<sub>2<\/sub> por copia impresa.<\/p>\n\n\n\n<h2 class=\"wp-block-heading\">Cartuchos de tinta Epson m\u00e1s vendidos en 2023<\/h2>\n\n\n\n<div class=\"wp-block-columns is-layout-flex wp-container-core-columns-is-layout-9d6595d7 wp-block-columns-is-layout-flex\">\n<div class=\"wp-block-column is-layout-flow wp-block-column-is-layout-flow\">\n<ul class=\"wp-block-list\">\n<li><strong><a href=\"https:\/\/quecartucho.es\/4008-epson-604xl-cartuchos-de-tinta-compatible.html\">Epson 604<\/a><\/strong><\/li>\n\n\n\n<li><strong><a href=\"https:\/\/quecartucho.es\/4007-epson-503xl-cartuchos-de-tinta-compatible.html\">Epson 503<\/a><\/strong><\/li>\n\n\n\n<li><strong><a href=\"https:\/\/quecartucho.es\/3627-epson-405xl-cartucho-de-tinta-compatible.html\">Epson 405<\/a><\/strong><\/li>\n\n\n\n<li><a href=\"https:\/\/quecartucho.es\/2682-cartucho-de-tinta-24xl-t2431-t2432-t2433-t2434-t2435-t2436-t2421-t2422-t2423-t2424-t2425-t2426-compatible-a-epson.html\">Epson 24<\/a><\/li>\n\n\n\n<li><a href=\"https:\/\/quecartucho.es\/327-epson-16xl-cartucho-de-tinta-compatible.html\">Epson 16<\/a><\/li>\n\n\n\n<li><a href=\"https:\/\/quecartucho.es\/2359-epson-266-negro-cartucho-de-tinta-compatible-con-c13t26614010.html\">Tinta negra 266<\/a> y color <a href=\"https:\/\/quecartucho.es\/2358-epson-267-tricolor-cartucho-de-tinta-compatible-con-c13t26704010.html\">267<\/a> Globo terr\u00e1queo<\/li>\n\n\n\n<li><a href=\"https:\/\/quecartucho.es\/3621-epson-113-botella-de-tinta-compatible.html\">Epson 113<\/a> Econtak<\/li>\n\n\n\n<li><a href=\"https:\/\/quecartucho.es\/3623-epson-111-botella-de-tinta-compatible.html\">Epson 111<\/a> Ecotank pigmento negro<\/li>\n\n\n\n<li><a href=\"https:\/\/quecartucho.es\/3286-botella-de-tinta-epson-102-compatible-alternativo-a-epson-ecotank-c13t03r140-c13t03r240-c13t03r340-c13t03r440.html\">Epson 102 <\/a><\/li>\n<\/ul>\n<\/div>\n\n\n\n<div class=\"wp-block-column is-layout-flow wp-block-column-is-layout-flow\">\n<figure class=\"wp-block-image size-full\"><a href=\"https:\/\/quecartucho.es\/\"><img loading=\"lazy\" decoding=\"async\" width=\"1000\" height=\"560\" src=\"https:\/\/quecartucho.es\/blog\/wp-content\/uploads\/2023\/07\/tinta-de-impresora.jpeg\" alt=\"tinta de impresora\" class=\"wp-image-19831\" title=\"\" srcset=\"https:\/\/quecartucho.es\/blog\/wp-content\/uploads\/2023\/07\/tinta-de-impresora.jpeg 1000w, https:\/\/quecartucho.es\/blog\/wp-content\/uploads\/2023\/07\/tinta-de-impresora-300x168.jpeg 300w, https:\/\/quecartucho.es\/blog\/wp-content\/uploads\/2023\/07\/tinta-de-impresora-768x430.jpeg 768w\" sizes=\"auto, (max-width: 1000px) 100vw, 1000px\" \/><\/a><\/figure>\n<\/div>\n<\/div>\n\n\n\n<h2 class=\"wp-block-heading\">Cartuchos de tinta Epson m\u00e1s vendidos en 2022<\/h2>\n\n\n\n<ol class=\"wp-block-list\">\n<li><a href=\"https:\/\/quecartucho.es\/3529-epson-603xl-cartucho-de-tinta-compatible.html\">Epson 603<\/a> XL<\/li>\n\n\n\n<li><a href=\"https:\/\/quecartucho.es\/2734-epson-29xl-cartucho-de-tinta-compatible.html\">Epson 29<\/a> XL<\/li>\n\n\n\n<li>Ecotank <a href=\"https:\/\/quecartucho.es\/3559-epson-104-ecotank-botella-de-tinta-compatible.html\">Epson 104<\/a><\/li>\n\n\n\n<li><a href=\"https:\/\/quecartucho.es\/3627-epson-405xl-cartucho-de-tinta-compatible.html\">Epson 405<\/a> XL<\/li>\n\n\n\n<li><a href=\"https:\/\/quecartucho.es\/331-epson-18xl-cartucho-de-tinta-compatible.html\">Epson 18<\/a> XL <\/li>\n<\/ol>\n\n\n\n<h2 class=\"wp-block-heading\">Nuevos cartuchos de tinta Epson<\/h2>\n\n\n\n<ul class=\"wp-block-list\">\n<li><a href=\"https:\/\/quecartucho.es\/4008-epson-604xl-cartuchos-de-tinta-compatible.html\">Epson 604 <\/a>\/ 604XL &#8211; PI\u00d1A <\/li>\n\n\n\n<li><a href=\"https:\/\/quecartucho.es\/4007-epson-503xl-cartuchos-de-tinta-compatible.html\">Epson 503<\/a> \/ 503XL &#8211; CHILE<\/li>\n<\/ul>\n\n\n\n<h2 class=\"wp-block-heading\">M\u00e1s vendidos por QueCartucho<\/h2>\n\n\n\n<h3 class=\"wp-block-heading\">Epson 711<\/h3>\n\n\n\n<p>No solo es de nuestros cartuchos m\u00e1s vendidos de Epson, es una de las tintas m\u00e1s vendidas en la empresa.<\/p>\n\n\n\n<h3 class=\"wp-block-heading\">Epson 29XL<\/h3>\n\n\n\n<p>Las tintas de la fresa han sido durante a\u00f1os el producto estrella de nuestra empresa y aunque ya est\u00e1 en declive  siendo superado por \u00e9l Epson 603 esperamos que adelante a la <a href=\"https:\/\/quecartucho.es\/1237-epson-t0711-2-3-4-cartucho-de-tinta-compatible.html\">tinta t0711<\/a> muy pronto.<\/p>\n\n\n\n<h3 class=\"wp-block-heading\">Epson 603XL<\/h3>\n\n\n\n<p>Aunque las tintas de la estrella de mar no llevan mucho en el mercado, ya se han ganado el 3\u00ba puesto en los cartuchos Epson m\u00e1s vendidos.<\/p>\n\n\n\n<h3 class=\"wp-block-heading\">Epson 18XL<\/h3>\n\n\n\n<p>Las tintas Epson de las margaritas ya ha sido superada por el 603 como lo fue hace un tiempo por el 29, siendo una tinta con muy buenas ventas, al ser usada por menos impresoras de el top 10 hace que su consumo aunque estable no repunte.<\/p>\n\n\n\n<h2 class=\"wp-block-heading\">Cartuchos de tinta Epson m\u00e1s vendidos en 2021<\/h2>\n\n\n\n<ul class=\"wp-block-list\">\n<li>Epson 603 XL<\/li>\n\n\n\n<li>Epson 29 XL<\/li>\n\n\n\n<li>Epson 202 XL<\/li>\n\n\n\n<li>Epson 502 XL<\/li>\n\n\n\n<li>Epson T0711<\/li>\n<\/ul>\n\n\n\n<h2 class=\"wp-block-heading\">Cartuchos de tinta Epson m\u00e1s vendidos en 2020<\/h2>\n\n\n\n<ul class=\"wp-block-list\">\n<li>Epson 29 XL <\/li>\n\n\n\n<li>Epson 16 XL<\/li>\n\n\n\n<li>Epson 18 XL<\/li>\n\n\n\n<li>Epson 33XL<\/li>\n\n\n\n<li>Epson T1281<\/li>\n<\/ul>\n\n\n\n<h2 class=\"wp-block-heading\">Cartuchos de tinta Epson m\u00e1s vendidos en 2019<\/h2>\n\n\n\n<ul class=\"wp-block-list\">\n<li>Epson 27 XL <\/li>\n\n\n\n<li>Epson 378XL<\/li>\n\n\n\n<li>Epson 24 XL <\/li>\n\n\n\n<li>Epson 34 XL<\/li>\n\n\n\n<li>Epson T0711<\/li>\n<\/ul>\n\n\n\n<p><\/p>\n\n\n\n<h2 class=\"wp-block-heading\">Puede que tambi\u00e9n te interese ver:<\/h2>\n\n\n\n<ul class=\"wp-block-list\">\n<li> Los 5 <a href=\"https:\/\/quecartucho.es\/blog\/cartuchos\/los-5-cartuchos-de-tinta-hp-mas-vendidos\/\">cartuchos de tinta HP m\u00e1s vendidos<\/a><\/li>\n\n\n\n<li>Los 5 <a href=\"https:\/\/quecartucho.es\/blog\/cartuchos\/los-5-cartuchos-de-tinta-brother-mas-vendidos\/\">cartuchos de tinta Brother m\u00e1s vendidos<\/a> <\/li>\n\n\n\n<li><span style=\"color: var(--nv-text-color); font-family: var(--bodyfontfamily); font-size: var(--bodyfontsize); font-weight: var(--bodyfontweight); letter-spacing: var(--bodyletterspacing); text-transform: var(--bodytexttransform); background-color: var(--nv-site-bg);\">Los 5 <\/span><a style=\"font-family: var(--bodyfontfamily); font-size: var(--bodyfontsize); font-weight: var(--bodyfontweight); letter-spacing: var(--bodyletterspacing); text-transform: var(--bodytexttransform); background-color: var(--nv-site-bg);\" href=\"https:\/\/quecartucho.es\/blog\/cartuchos\/los-5-cartuchos-de-tinta-canon-mas-vendidos\/\">cartuchos de tinta Canon m\u00e1s vendidos<\/a> <\/li>\n\n\n\n<li><strong><a href=\"https:\/\/quecartucho.es\/Cartuchos-de-tinta-compatibles-mas-vendidos\">Cartuchos m\u00e1s vendidos<\/a><\/strong> en nuestra web <\/li>\n<\/ul>\n","protected":false},"excerpt":{"rendered":"<p>Epson es junto con HP, Canon y Brother uno de los mayores fabricantes de impresoras de inyecci\u00f3n de tinta, por esta raz\u00f3n los cartuchos de tinta Epson son de los m\u00e1s vendidos. En Quecartucho como empresa especializada en generar ahorro siempre recomendamos la versi\u00f3n de cartucho XL o la tinta impresora de alto rendimiento, es&hellip;&nbsp;<a href=\"https:\/\/quecartucho.es\/blog\/cartuchos\/los-5-cartuchos-de-tinta-epson-mas-vendidos\/\" rel=\"bookmark\">Leer m\u00e1s &raquo;<span class=\"screen-reader-text\">Los 5 cartuchos de tinta Epson m\u00e1s vendidos<\/span><\/a><\/p>\n","protected":false},"author":1,"featured_media":0,"parent":461,"menu_order":0,"comment_status":"closed","ping_status":"closed","template":"","meta":{"neve_meta_sidebar":"full-width","neve_meta_container":"","neve_meta_enable_content_width":"on","neve_meta_content_width":100,"neve_meta_title_alignment":"","neve_meta_author_avatar":"","neve_post_elements_order":"","neve_meta_disable_header":"","neve_meta_disable_footer":"","neve_meta_disable_title":"","episode_type":"","audio_file":"","podmotor_file_id":"","podmotor_episode_id":"","cover_image":"","cover_image_id":"","duration":"","filesize":"","filesize_raw":"","date_recorded":"","explicit":"","block":"","footnotes":""},"class_list":["post-14613","page","type-page","status-publish","hentry"],"_links":{"self":[{"href":"https:\/\/quecartucho.es\/blog\/wp-json\/wp\/v2\/pages\/14613","targetHints":{"allow":["GET"]}}],"collection":[{"href":"https:\/\/quecartucho.es\/blog\/wp-json\/wp\/v2\/pages"}],"about":[{"href":"https:\/\/quecartucho.es\/blog\/wp-json\/wp\/v2\/types\/page"}],"author":[{"embeddable":true,"href":"https:\/\/quecartucho.es\/blog\/wp-json\/wp\/v2\/users\/1"}],"replies":[{"embeddable":true,"href":"https:\/\/quecartucho.es\/blog\/wp-json\/wp\/v2\/comments?post=14613"}],"version-history":[{"count":22,"href":"https:\/\/quecartucho.es\/blog\/wp-json\/wp\/v2\/pages\/14613\/revisions"}],"predecessor-version":[{"id":21467,"href":"https:\/\/quecartucho.es\/blog\/wp-json\/wp\/v2\/pages\/14613\/revisions\/21467"}],"up":[{"embeddable":true,"href":"https:\/\/quecartucho.es\/blog\/wp-json\/wp\/v2\/pages\/461"}],"wp:attachment":[{"href":"https:\/\/quecartucho.es\/blog\/wp-json\/wp\/v2\/media?parent=14613"}],"curies":[{"name":"wp","href":"https:\/\/api.w.org\/{rel}","templated":true}]}}