{"id":14646,"date":"2021-12-23T17:19:27","date_gmt":"2021-12-23T15:19:27","guid":{"rendered":"https:\/\/quecartucho.es\/blog\/?page_id=14646"},"modified":"2023-12-14T13:57:33","modified_gmt":"2023-12-14T11:57:33","slug":"los-5-cartuchos-de-tinta-brother-mas-vendidos","status":"publish","type":"page","link":"https:\/\/quecartucho.es\/blog\/cartuchos\/los-5-cartuchos-de-tinta-brother-mas-vendidos\/","title":{"rendered":"Los 5 cartuchos de tinta Brother m\u00e1s vendidos"},"content":{"rendered":"\n<p>Brother es junto con Epson, las impresoras de inyecci\u00f3n de tinta con cartuchos sin cabezal m\u00e1s vendidas. A estas hay que sumarles Canon y HP que venden las impresoras con cartuchos con cabezal. Por no llevar cabezal los <strong><a href=\"https:\/\/quecartucho.es\/2081-cartuchos-de-tinta-brother-compatible\">cartuchos de tinta Brother<\/a> <\/strong>son mucho m\u00e1s baratos, sobre todo en sus versiones compatibles. Su precio econ\u00f3mico y buena calidad los convierten en unos de los m\u00e1s vendidos.<\/p>\n\n\n\n<p>En <strong>Quecartucho<\/strong> como empresa especializada en generar ahorro siempre recomendamos la versi\u00f3n de <strong>cartucho XL<\/strong> o los <a href=\"https:\/\/quecartucho.es\/\"><strong>cartuchos de tinta<\/strong><a href=\"https:\/\/quecartucho.es\/\"><\/a><\/a> de alto rendimiento, es un cartucho con un precio por p\u00e1gina m\u00e1s barato y que emite menos CO<sub>2<\/sub> por copia impresa.<\/p>\n\n\n\n<h2 class=\"wp-block-heading\">Cartuchos de tinta Brother m\u00e1s vendidos en 2023<\/h2>\n\n\n\n<div class=\"wp-block-columns is-layout-flex wp-container-core-columns-is-layout-9d6595d7 wp-block-columns-is-layout-flex\">\n<div class=\"wp-block-column is-layout-flow wp-block-column-is-layout-flow\">\n<ul class=\"wp-block-list\">\n<li>Brother <a href=\"https:\/\/quecartucho.es\/4156-brother-lc422-xl-cartucho-de-tinta-compatible.html\">LC422XL<\/a><\/li>\n\n\n\n<li><a href=\"https:\/\/quecartucho.es\/3930-brother-lc427-lc427xl-cartuchos-de-tinta-compatible.html\">Brother LC427 XL<\/a><\/li>\n\n\n\n<li><a href=\"https:\/\/quecartucho.es\/3126-brother-lc3217-lc3219-cartucho-de-tinta-compatible.html\">LC3217<\/a><\/li>\n\n\n\n<li>Brother <a href=\"https:\/\/quecartucho.es\/88-cartucho-de-tinta-lc1100-lc-1100-compatible-con-brother.html\">LC1100<\/a><\/li>\n\n\n\n<li>Brother <a href=\"https:\/\/quecartucho.es\/2268-brother-lc123-cartucho-de-tinta-compatible.html\">LC121<\/a><\/li>\n<\/ul>\n<\/div>\n\n\n\n<div class=\"wp-block-column is-layout-flow wp-block-column-is-layout-flow\">\n<figure class=\"wp-block-image size-full\"><a href=\"https:\/\/quecartucho.es\/\"><img loading=\"lazy\" decoding=\"async\" width=\"960\" height=\"960\" src=\"https:\/\/quecartucho.es\/blog\/wp-content\/uploads\/2023\/07\/tinta-para-impresora.webp\" alt=\"tinta para impresora\" class=\"wp-image-19839\" title=\"\" srcset=\"https:\/\/quecartucho.es\/blog\/wp-content\/uploads\/2023\/07\/tinta-para-impresora.webp 960w, https:\/\/quecartucho.es\/blog\/wp-content\/uploads\/2023\/07\/tinta-para-impresora-300x300.webp 300w, https:\/\/quecartucho.es\/blog\/wp-content\/uploads\/2023\/07\/tinta-para-impresora-150x150.webp 150w, https:\/\/quecartucho.es\/blog\/wp-content\/uploads\/2023\/07\/tinta-para-impresora-768x768.webp 768w, https:\/\/quecartucho.es\/blog\/wp-content\/uploads\/2023\/07\/tinta-para-impresora-120x120.webp 120w\" sizes=\"auto, (max-width: 960px) 100vw, 960px\" \/><\/a><\/figure>\n<\/div>\n<\/div>\n\n\n\n<h2 class=\"wp-block-heading\">Cartuchos de tinta Brother m\u00e1s vendidos en 2022<\/h2>\n\n\n\n<ol class=\"wp-block-list\">\n<li><a href=\"https:\/\/quecartucho.es\/3889-brother-lc421-xl-cartucho-de-tinta-compatible.html\">Brother LC421<\/a> XL<\/li>\n\n\n\n<li><a href=\"https:\/\/quecartucho.es\/3871-brother-lc424-cartucho-de-tinta-compatible.html\">Brother LC424<\/a><\/li>\n\n\n\n<li><a href=\"https:\/\/quecartucho.es\/3870-brother-lc426xl-cartucho-de-tinta-compatible.html\">Brother LC426<\/a> XL<\/li>\n\n\n\n<li><a href=\"https:\/\/quecartucho.es\/3126-brother-lc3217-lc3219-cartucho-de-tinta-compatible.html\">Brother LC3219XL<\/a><\/li>\n\n\n\n<li><a href=\"https:\/\/quecartucho.es\/3375-brother-lc3211-lc3213-cartucho-de-tinta-compatible.html\">Brother LC3213<\/a><\/li>\n<\/ol>\n\n\n\n<h2 class=\"wp-block-heading\">M\u00e1s vendidos por Quecartucho<\/h2>\n\n\n\n<h3 class=\"wp-block-heading\">LC223<\/h3>\n\n\n\n<p>En sus versiones LC221, <a href=\"https:\/\/quecartucho.es\/2707-brother-lc223-cartucho-de-tinta-compatible.html\">LC223<\/a>, LC225, LC227 y LC229 es el cartucho para impresora Brother m\u00e1s vendido por nuestra empresa. Si precio bajo junto con su buena fiabilidad lo han hecho una tinta barata, segura y fiable. Que nos ha hecho poder ofrecer una tinta perfecta para volumen de trabajo medio y altos.<\/p>\n\n\n\n<h3 class=\"wp-block-heading\">LC123<\/h3>\n\n\n\n<h3 class=\"wp-block-heading\">LC1100<\/h3>\n\n\n\n<p>Sobrepasado por el LC223 y el LC123 ha sido la referencia m\u00e1s vendida durante muchos a\u00f1os, casi todas las personas que gastaban este cartucho han comprado una nueva impresora Brother, por el rendimiento tan bueno que ha ofrecido durante toda una d\u00e9cada.<\/p>\n\n\n\n<h3 class=\"wp-block-heading\">LC980<\/h3>\n\n\n\n<h3 class=\"wp-block-heading\">LC1000<\/h3>\n\n\n\n<h3 class=\"wp-block-heading\">Cartuchos de tinta Epson m\u00e1s vendidos en 2021<\/h3>\n\n\n\n<ul class=\"wp-block-list\">\n<li>Tinta <a href=\"https:\/\/quecartucho.es\/100-cartucho-de-tinta-lc1280xl-lc-1280xl-compatible-con-brother.html\">Brother LC1280XL<\/a><\/li>\n\n\n\n<li>Cartuchos <a href=\"https:\/\/quecartucho.es\/3398-cartucho-de-tinta-brother-lc3233-lc3235xl-compatible-a-brother-lc-3233-lc-3235-xl.html\">Brother LC3235XL<\/a><\/li>\n\n\n\n<li>LC3239XL<\/li>\n\n\n\n<li>LC22<\/li>\n\n\n\n<li>LC12<\/li>\n<\/ul>\n\n\n\n<h2 class=\"wp-block-heading\">Puede que tambi\u00e9n te interese ver:<\/h2>\n\n\n\n<ul class=\"wp-block-list\">\n<li>Los 5 cartuchos de tinta <a href=\"https:\/\/quecartucho.es\/blog\/cartuchos\/los-5-cartuchos-de-tinta-hp-mas-vendidos\/\">HP m\u00e1s vendidos<\/a> <\/li>\n\n\n\n<li>Los 5 cartuchos de tinta <a href=\"https:\/\/quecartucho.es\/blog\/cartuchos\/los-5-cartuchos-de-tinta-epson-mas-vendidos\/\">Epson m\u00e1s vendidos<\/a><\/li>\n\n\n\n<li>Los 5 cartuchos de tinta <a href=\"https:\/\/quecartucho.es\/blog\/cartuchos\/los-5-cartuchos-de-tinta-canon-mas-vendidos\/\">Canon m\u00e1s vendidos<\/a><\/li>\n\n\n\n<li><strong><a href=\"https:\/\/quecartucho.es\/Cartuchos-de-tinta-compatibles-mas-vendidos\">Cartuchos m\u00e1s vendidos<\/a><\/strong> en nuestra web <\/li>\n<\/ul>\n","protected":false},"excerpt":{"rendered":"<p>Brother es junto con Epson, las impresoras de inyecci\u00f3n de tinta con cartuchos sin cabezal m\u00e1s vendidas. A estas hay que sumarles Canon y HP que venden las impresoras con cartuchos con cabezal. Por no llevar cabezal los cartuchos de tinta Brother son mucho m\u00e1s baratos, sobre todo en sus versiones compatibles. Su precio econ\u00f3mico&hellip;&nbsp;<a href=\"https:\/\/quecartucho.es\/blog\/cartuchos\/los-5-cartuchos-de-tinta-brother-mas-vendidos\/\" rel=\"bookmark\">Leer m\u00e1s &raquo;<span class=\"screen-reader-text\">Los 5 cartuchos de tinta Brother m\u00e1s vendidos<\/span><\/a><\/p>\n","protected":false},"author":1,"featured_media":0,"parent":461,"menu_order":0,"comment_status":"closed","ping_status":"closed","template":"","meta":{"neve_meta_sidebar":"full-width","neve_meta_container":"","neve_meta_enable_content_width":"on","neve_meta_content_width":100,"neve_meta_title_alignment":"","neve_meta_author_avatar":"","neve_post_elements_order":"","neve_meta_disable_header":"","neve_meta_disable_footer":"","neve_meta_disable_title":"","episode_type":"","audio_file":"","podmotor_file_id":"","podmotor_episode_id":"","cover_image":"","cover_image_id":"","duration":"","filesize":"","filesize_raw":"","date_recorded":"","explicit":"","block":"","footnotes":""},"class_list":["post-14646","page","type-page","status-publish","hentry"],"_links":{"self":[{"href":"https:\/\/quecartucho.es\/blog\/wp-json\/wp\/v2\/pages\/14646","targetHints":{"allow":["GET"]}}],"collection":[{"href":"https:\/\/quecartucho.es\/blog\/wp-json\/wp\/v2\/pages"}],"about":[{"href":"https:\/\/quecartucho.es\/blog\/wp-json\/wp\/v2\/types\/page"}],"author":[{"embeddable":true,"href":"https:\/\/quecartucho.es\/blog\/wp-json\/wp\/v2\/users\/1"}],"replies":[{"embeddable":true,"href":"https:\/\/quecartucho.es\/blog\/wp-json\/wp\/v2\/comments?post=14646"}],"version-history":[{"count":11,"href":"https:\/\/quecartucho.es\/blog\/wp-json\/wp\/v2\/pages\/14646\/revisions"}],"predecessor-version":[{"id":21463,"href":"https:\/\/quecartucho.es\/blog\/wp-json\/wp\/v2\/pages\/14646\/revisions\/21463"}],"up":[{"embeddable":true,"href":"https:\/\/quecartucho.es\/blog\/wp-json\/wp\/v2\/pages\/461"}],"wp:attachment":[{"href":"https:\/\/quecartucho.es\/blog\/wp-json\/wp\/v2\/media?parent=14646"}],"curies":[{"name":"wp","href":"https:\/\/api.w.org\/{rel}","templated":true}]}}