{"id":14986,"date":"2022-01-31T09:20:36","date_gmt":"2022-01-31T07:20:36","guid":{"rendered":"https:\/\/quecartucho.es\/blog\/?page_id=14986"},"modified":"2022-06-10T14:58:19","modified_gmt":"2022-06-10T12:58:19","slug":"bandeado-o-banding-de-impresion","status":"publish","type":"page","link":"https:\/\/quecartucho.es\/blog\/bandeado-o-banding-de-impresion\/","title":{"rendered":"Bandeado o banding de impresi\u00f3n"},"content":{"rendered":"\n<p><a href=\"https:\/\/es.wikipedia.org\/wiki\/Bandeado\" rel=\"nofollow noopener\" target=\"_blank\">Bandeado o banding<\/a> tambi\u00e9n llamado bandas de color, es un problema de reproducci\u00f3n de los colores que aparece en las transiciones entre estos en el tratamiento digital y en los procesos de impresi\u00f3n.\u200b\u200b<\/p>\n\n\n\n<h2 class=\"wp-block-heading\" id=\"desalineacion-vertical-o-banding\"><strong>Desalineaci\u00f3n vertical o banding<\/strong><\/h2>\n\n\n\n<p>Pruebe una o varias de estas soluciones:<\/p>\n\n\n\n<ul class=\"wp-block-list\"><li>Compruebe que la superficie imprimible del papel est\u00e9 cara arriba en el alimentador de hojas.<\/li><\/ul>\n\n\n\n<ul class=\"wp-block-list\"><li>Ejecute la utilidad Alineaci\u00f3n de cabezales (Windows) o Calibraci\u00f3n de cabezales (Macintosh).<br>Alineaci\u00f3n o calibraci\u00f3n del cabezal de impresi\u00f3n<\/li><\/ul>\n\n\n\n<ul class=\"wp-block-list\"><li>Desactive la casilla de verificaci\u00f3n <strong>Bidireccional<\/strong> del cuadro de di\u00e1logo M\u00e1s opciones (Windows) o la casilla Alta velocidad del cuadro de di\u00e1logo M\u00e1s ajustes (Macintosh).<\/li><\/ul>\n\n\n\n<ul class=\"wp-block-list\"><li>Ejecute la utilidad Limpieza de cabezales para limpiar los inyectores de tinta por si hubiera alguno obstruido.<br> Limpieza del cabezal de impresi\u00f3n<\/li><\/ul>\n\n\n\n<ul class=\"wp-block-list\"><li>Revise que el ajuste de Tipo papel seleccionado en el software de la impresora corresponde al papel cargado en la impresora.<\/li><\/ul>\n","protected":false},"excerpt":{"rendered":"<p>Bandeado o banding tambi\u00e9n llamado bandas de color, es un problema de reproducci\u00f3n de los colores que aparece en las transiciones entre estos en el tratamiento digital y en los procesos de impresi\u00f3n.\u200b\u200b Desalineaci\u00f3n vertical o banding Pruebe una o varias de estas soluciones: Compruebe que la superficie imprimible del papel est\u00e9 cara arriba en&hellip;&nbsp;<a href=\"https:\/\/quecartucho.es\/blog\/bandeado-o-banding-de-impresion\/\" rel=\"bookmark\">Leer m\u00e1s &raquo;<span class=\"screen-reader-text\">Bandeado o banding de impresi\u00f3n<\/span><\/a><\/p>\n","protected":false},"author":1,"featured_media":0,"parent":0,"menu_order":0,"comment_status":"closed","ping_status":"closed","template":"","meta":{"neve_meta_sidebar":"full-width","neve_meta_container":"","neve_meta_enable_content_width":"on","neve_meta_content_width":100,"neve_meta_title_alignment":"","neve_meta_author_avatar":"","neve_post_elements_order":"","neve_meta_disable_header":"","neve_meta_disable_footer":"","neve_meta_disable_title":"","episode_type":"","audio_file":"","podmotor_file_id":"","podmotor_episode_id":"","cover_image":"","cover_image_id":"","duration":"","filesize":"","filesize_raw":"","date_recorded":"","explicit":"","block":"","footnotes":""},"class_list":["post-14986","page","type-page","status-publish","hentry"],"_links":{"self":[{"href":"https:\/\/quecartucho.es\/blog\/wp-json\/wp\/v2\/pages\/14986","targetHints":{"allow":["GET"]}}],"collection":[{"href":"https:\/\/quecartucho.es\/blog\/wp-json\/wp\/v2\/pages"}],"about":[{"href":"https:\/\/quecartucho.es\/blog\/wp-json\/wp\/v2\/types\/page"}],"author":[{"embeddable":true,"href":"https:\/\/quecartucho.es\/blog\/wp-json\/wp\/v2\/users\/1"}],"replies":[{"embeddable":true,"href":"https:\/\/quecartucho.es\/blog\/wp-json\/wp\/v2\/comments?post=14986"}],"version-history":[{"count":3,"href":"https:\/\/quecartucho.es\/blog\/wp-json\/wp\/v2\/pages\/14986\/revisions"}],"predecessor-version":[{"id":16410,"href":"https:\/\/quecartucho.es\/blog\/wp-json\/wp\/v2\/pages\/14986\/revisions\/16410"}],"wp:attachment":[{"href":"https:\/\/quecartucho.es\/blog\/wp-json\/wp\/v2\/media?parent=14986"}],"curies":[{"name":"wp","href":"https:\/\/api.w.org\/{rel}","templated":true}]}}