{"id":15314,"date":"2024-05-16T11:08:02","date_gmt":"2024-05-16T09:08:02","guid":{"rendered":"https:\/\/quecartucho.es\/blog\/?page_id=15314"},"modified":"2024-05-16T11:08:02","modified_gmt":"2024-05-16T09:08:02","slug":"aprende-como-aprovechar-los-cartuchos-de-tinta","status":"publish","type":"page","link":"https:\/\/quecartucho.es\/blog\/aprende-como-aprovechar-los-cartuchos-de-tinta\/","title":{"rendered":"Aprende c\u00f3mo aprovechar los cartuchos de tinta"},"content":{"rendered":"\n<p>La tinta es una de las principales consideraciones para elegir una impresora de inyecci\u00f3n, tanto para hogares como para oficinas. Adem\u00e1s de la garant\u00eda de la calidad de impresi\u00f3n, los usuarios quieren estar seguros de que los <strong>cartuchos de repuesto<\/strong> ser\u00e1n asequibles durante toda la vida \u00fatil de su impresora.<\/p>\n\n\n\n<p>Si eres de los que imprime mucho, los precios de la tinta realmente pueden ser considerables. \u00a1Pero tranquilo! Si quieres prolongar la vida \u00fatil de los <a href=\"https:\/\/quecartucho.es\/16394-cartuchos-de-tinta\">cartuchos<\/a> de tu impresora de inyecci\u00f3n de tinta, a continuaci\u00f3n, te presentamos una lista de consejos y trucos dise\u00f1ados para mantener el flujo de tinta por m\u00e1s tiempo, lo que te permitir\u00e1 ahorrar dinero.<\/p>\n\n\n\n<h2 class=\"wp-block-heading\"><strong>Los 8 trucos para aumentar el rendimiento de los cartuchos de tinta<\/strong><\/h2>\n\n\n\n<p>Si est\u00e1s buscando una nueva impresora o solo est\u00e1s tratando de ahorrar tinta al imprimir con tu impresora actual, estas son algunas de las formas m\u00e1s f\u00e1ciles de sacarle el m\u00e1ximo provecho a tus cartuchos de tinta y prolongar la vida \u00fatil de esta importante herramienta.<\/p>\n\n\n\n<h3 class=\"wp-block-heading\">1. Conoce tu impresora \ud83d\udda8\ufe0f<\/h3>\n\n\n<div id=\"rank-math-faq\" class=\"rank-math-block\">\n<div class=\"rank-math-list \">\n<div id=\"faq-question-1647508148841\" class=\"rank-math-list-item\">\n<p class=\"rank-math-question \">\u00bfSabes cu\u00e1ntas p\u00e1ginas puede imprimir un solo cartucho en tu impresora?<\/p>\n<div class=\"rank-math-answer \">\n<img loading=\"lazy\" decoding=\"async\" width=\"300\" height=\"200\" src=\"https:\/\/quecartucho.es\/blog\/wp-content\/uploads\/2022\/03\/\u00bfCuantas-Paginas-imprime-un-cartucho-300x200.jpg\" class=\"alignright\" alt=\"Cu\u00e1ntas P\u00e1ginas imprime un cartucho?\" title=\"\">\n<p>Aunque los resultados dependen de tus necesidades de impresi\u00f3n, es posible estimar un c\u00e1lculo leyendo detenidamente las especificaciones de los cartuchos dise\u00f1ados para funcionar con el modelo de tu impresora.<\/p>\n<p>Algunas modelos de impresoras funcionan a una resoluci\u00f3n m\u00e1s alta de manera predeterminada, lo que requiere que usen mucha m\u00e1s tinta. \u00a1Atenci\u00f3n a estos detalles! <br \/>Puedes ver m\u00e1s informacion en: <a href=\"https:\/\/quecartucho.es\/blog\/paginas-imprime-realmente-un-cartucho\/\"><a href=\"https:\/\/quecartucho.es\/blog\/paginas-imprime-realmente-un-cartucho\/\">\u00bfCu\u00e1ntas P\u00e1ginas imprime un cartucho?<\/a><\/a><\/p>\n\n<\/div>\n<\/div>\n<\/div>\n<\/div>\n\n\n<h3 class=\"wp-block-heading\">2. Optimizar la configuraci\u00f3n<\/h3>\n\n\n\n<p>Algunas de las opciones predeterminadas de tu impresora pueden configurarse para obtener la mejor resoluci\u00f3n de impresi\u00f3n posible, incluso si no la necesita. Es recomendable verificar la configuraci\u00f3n de calidad de tu impresora con regularidad y elegir la configuraci\u00f3n predeterminada que mejor se adapte a la mayor\u00eda de tus trabajos impresos.<\/p>\n\n\n\n<p>Ajustar la configuraci\u00f3n predeterminada para los trabajos de impresi\u00f3n comunes podr\u00eda ser el secreto del \u00e9xito para ahorrar tinta y dinero. Puedes ver m\u00e1s en <a href=\"https:\/\/quecartucho.es\/blog\/como-imprimir-en-borrador\/\">\u00bfC\u00f3mo imprimir en borrador?<\/a><\/p>\n\n\n\n<h3 class=\"wp-block-heading\">3. Opta por la escala de grises<\/h3>\n\n\n\n<p>\u00bfSab\u00edas que muchos trabajos de impresi\u00f3n en blanco y negro utilizan algo m\u00e1s que la tinta negra?<\/p>\n\n\n\n<p>A menos que especifiques la opci\u00f3n de \u00absolo escala de grises\u00bb, es posible que tu impresora le proporcione m\u00e1s calidad de la que en realidad necesitan tus impresiones. Para trabajos que no requieren color, apaga estos cartuchos dentro de la configuraci\u00f3n de impresi\u00f3n. (No todas las impresoras lo permiten)<\/p>\n\n\n\n<div class=\"wp-block-columns is-layout-flex wp-container-core-columns-is-layout-9d6595d7 wp-block-columns-is-layout-flex\">\n<div class=\"wp-block-column is-layout-flow wp-block-column-is-layout-flow\" style=\"flex-basis:66.66%\">\n<h3 class=\"wp-block-heading\">4. Elige la fuente correcta<\/h3>\n\n\n\n<p>Las fuentes utilizan diferentes cantidades de tinta. Es ideal seleccionar una fuente que est\u00e9 optimizada para la conservaci\u00f3n de tinta. <\/p>\n\n\n\n<p>La fuente Arial es una de las fuentes predeterminadas m\u00e1s populares, pero en las impresiones emplea un 27% m\u00e1s de tinta que <em>Calibri<\/em>, <em>Century Gothic<\/em> o la cl\u00e1sica <em>Times New Roman<\/em>.<\/p>\n\n\n\n<p>Puedes ver mucho m\u00e1s sobre este punto en: <a href=\"https:\/\/quecartucho.es\/blog\/ahorrar-en-la-tinta-de-la-impresora-en-dos-pasos\/#Cambiar_el_tipo_de_fuente_con_la_que_escribimos\">\u00bfC\u00f3mo ahorrar tinta de impresora?<\/a><\/p>\n<\/div>\n\n\n\n<div class=\"wp-block-column is-layout-flow wp-block-column-is-layout-flow\" style=\"flex-basis:33.33%\">\n<figure class=\"wp-block-image size-full\"><img loading=\"lazy\" decoding=\"async\" width=\"206\" height=\"244\" src=\"https:\/\/quecartucho.es\/blog\/wp-content\/uploads\/2022\/03\/Times-New-Roman.png\" alt=\"Times New Roman ideal para ahorrar tinta\" class=\"wp-image-15350\" title=\"\" srcset=\"https:\/\/quecartucho.es\/blog\/wp-content\/uploads\/2022\/03\/Times-New-Roman.png 206w, https:\/\/quecartucho.es\/blog\/wp-content\/uploads\/2022\/03\/Times-New-Roman-150x178.png 150w\" sizes=\"auto, (max-width: 206px) 100vw, 206px\" \/><figcaption class=\"wp-element-caption\">Times New Roman ideal para ahorrar tinta<\/figcaption><\/figure>\n<\/div>\n<\/div>\n\n\n\n<h3 class=\"wp-block-heading\">5. Elige los cartuchos de un solo color<\/h3>\n\n\n\n<p>\u00bfTe parece que el cartucho de color \u201cvac\u00edo\u201d est\u00e1 un poco pesado? Puede ser que solo uno de los tres colores contenidos en un cartucho \u201ctricolor\u201d est\u00e9 agotado.<\/p>\n\n\n\n<p>Al optar por una impresora que separa los colores en tres cartuchos m\u00e1s peque\u00f1os (cian, magenta y amarillo), puedes reemplazar el que est\u00e1 vac\u00edo y no desperdiciar el resto de las tintas en este proceso. Puedes ampliar la informaci\u00f3n en: <a href=\"https:\/\/quecartucho.es\/blog\/cartuchos\/cual-es-el-mejor-cartucho-tricolor-o-individual\/\">\u00bfCu\u00e1l es el mejor cartucho tricolor o individual?<\/a><\/p>\n\n\n\n<h3 class=\"wp-block-heading\">6. \u270b Imprime con cautela<\/h3>\n\n\n\n<p><strong>\u00bfSolo necesitas imprimir una p\u00e1gina en particular?<\/strong> T\u00f3mate un momento para evaluar cu\u00e1ntos de tus \u00faltimos trabajos de impresi\u00f3n fueron necesarios y determina si existe un patr\u00f3n de trabajos desperdiciados.<\/p>\n\n\n\n<p>La mejor opci\u00f3n para estos casos es guardar los archivos en tu PC o leer documentos en un lector electr\u00f3nico en lugar de imprimirlos.<\/p>\n\n\n\n<div class=\"wp-block-columns is-layout-flex wp-container-core-columns-is-layout-9d6595d7 wp-block-columns-is-layout-flex\">\n<div class=\"wp-block-column is-layout-flow wp-block-column-is-layout-flow\">\n<h3 class=\"wp-block-heading\">7. Haz mantenimiento regular y preventivo a la impresora<\/h3>\n\n\n\n<p>Los atascos de la impresora y los cabezales de impresi\u00f3n sucios pueden hacer que los cartuchos empiecen a perder tinta o, lo que es peor, causar un mal funcionamiento del equipo.<\/p>\n\n\n\n<p>Protege tu inversi\u00f3n realizando las regulares tareas de mantenimiento y en caso de ser necesario, consulta con un t\u00e9cnico profesional que pueda ayudarte. <\/p>\n\n\n\n<p>La forma m\u00e1s b\u00e1sica de realizar un mantenimiento preventivo es a trav\u00e9s del software de la impresora, verificando los niveles de tinta y limpiando los cabezales para reducir el uso de tinta en general.<\/p>\n<\/div>\n\n\n\n<div class=\"wp-block-column is-layout-flow wp-block-column-is-layout-flow\">\n<figure class=\"wp-block-image size-full\"><img loading=\"lazy\" decoding=\"async\" width=\"983\" height=\"716\" src=\"https:\/\/quecartucho.es\/blog\/wp-content\/uploads\/2022\/03\/mantenimiento-regular-y-preventivo-a-la-impresora.jpg\" alt=\"Mantenimiento regular y preventivo a la impresora ayuda a no desperdiciar tinta\" class=\"wp-image-15355\" title=\"\" srcset=\"https:\/\/quecartucho.es\/blog\/wp-content\/uploads\/2022\/03\/mantenimiento-regular-y-preventivo-a-la-impresora.jpg 983w, https:\/\/quecartucho.es\/blog\/wp-content\/uploads\/2022\/03\/mantenimiento-regular-y-preventivo-a-la-impresora-300x219.jpg 300w, https:\/\/quecartucho.es\/blog\/wp-content\/uploads\/2022\/03\/mantenimiento-regular-y-preventivo-a-la-impresora-768x559.jpg 768w, https:\/\/quecartucho.es\/blog\/wp-content\/uploads\/2022\/03\/mantenimiento-regular-y-preventivo-a-la-impresora-150x109.jpg 150w\" sizes=\"auto, (max-width: 983px) 100vw, 983px\" \/><figcaption class=\"wp-element-caption\">Mantenimiento regular y preventivo a la impresora ayuda a no desperdiciar tinta<\/figcaption><\/figure>\n<\/div>\n<\/div>\n\n\n\n<ul class=\"wp-block-list\">\n<li><a href=\"https:\/\/quecartucho.es\/blog\/como-limpiar-una-impresora-laser\/\">\u00bfC\u00f3mo limpiar una impresora l\u00e1ser?<\/a><\/li>\n\n\n\n<li><a href=\"https:\/\/quecartucho.es\/blog\/como-limpiar-el-toner-de-una-impresora\/\">C\u00f3mo limpiar el t\u00f3ner de una impresora<\/a><\/li>\n<\/ul>\n\n\n\n<h3 class=\"wp-block-heading\">8. Considera una actualizaci\u00f3n <\/h3>\n\n\n\n<p>\u00bfTu impresora tiene m\u00e1s de cinco a\u00f1os? Si es as\u00ed, es probable que sea hora de una actualizaci\u00f3n.<\/p>\n\n\n\n<p>Adem\u00e1s de ser m\u00e1s econ\u00f3micas en t\u00e9rminos de consumo de tinta, las <a href=\"https:\/\/quecartucho.es\/blog\/\">impresoras<\/a> actuales pueden conectarse de forma inal\u00e1mbrica a tu red dom\u00e9stica, recibir trabajos de impresi\u00f3n desde tu tel\u00e9fono y muchas otras opciones que mejoran el rendimiento.<\/p>\n\n\n<div class=\"wp-block-image\">\n<figure class=\"aligncenter size-full\"><img loading=\"lazy\" decoding=\"async\" width=\"672\" height=\"378\" src=\"https:\/\/quecartucho.es\/blog\/wp-content\/uploads\/2022\/03\/nueva-impresora-de-cartuchos-de-tinta-gasta-menos-tinta.jpg\" alt=\"Nuevas impresoras de cartuchos de tinta gasta menos tinta\" class=\"wp-image-15327\" title=\"\" srcset=\"https:\/\/quecartucho.es\/blog\/wp-content\/uploads\/2022\/03\/nueva-impresora-de-cartuchos-de-tinta-gasta-menos-tinta.jpg 672w, https:\/\/quecartucho.es\/blog\/wp-content\/uploads\/2022\/03\/nueva-impresora-de-cartuchos-de-tinta-gasta-menos-tinta-300x169.jpg 300w, https:\/\/quecartucho.es\/blog\/wp-content\/uploads\/2022\/03\/nueva-impresora-de-cartuchos-de-tinta-gasta-menos-tinta-150x84.jpg 150w\" sizes=\"auto, (max-width: 672px) 100vw, 672px\" \/><figcaption class=\"wp-element-caption\">Nuevas impresoras de cartuchos de tinta gasta menos tinta<\/figcaption><\/figure>\n<\/div>\n\n\n<p>Adopta la tecnolog\u00eda y los ahorros que conlleva optando por los nuevos modelos de impresoras y cartuchos disponibles.<\/p>\n\n\n\n<p>Espero que os hayan gustado estos 8 <strong>consejos para ahorrar dinero en impresiones con cartuchos de tinta compatibles<\/strong>.<\/p>\n\n\n\n<h2 class=\"wp-block-heading\">\u26a0\ufe0f <strong>Advertencias de los niveles de tinta: \u00a1no siempre son acertados!<\/strong><\/h2>\n\n\n<div id=\"rank-math-faq\" class=\"rank-math-block\">\n<div class=\"rank-math-list \">\n<div id=\"faq-question-1647508818465\" class=\"rank-math-list-item\">\n<p class=\"rank-math-question \">\u00bfHas recibido una notificaci\u00f3n de que la tinta de tu impresora est\u00e1 muy baja?<\/p>\n<div class=\"rank-math-answer \">\n<img loading=\"lazy\" decoding=\"async\" width=\"150\" height=\"150\" src=\"https:\/\/quecartucho.es\/blog\/wp-content\/uploads\/2022\/03\/la-tinta-de-tu-impresora-esta-muy-baja-150x150.jpg\" class=\"alignright\" alt=\"la tinta de tu impresora est\u00e1 muy baja\" title=\"\">\n<p>Una investigaci\u00f3n revel\u00f3 que la mayor\u00eda de los cartuchos de tinta todav\u00eda contienen entre el 8 y el 45% de su tinta cuando aparece este mensaje, por lo que puedes considerar ignorarlo y continuar imprimiendo tus documentos.<br \/>Adem\u00e1s, hay algunos trucos para obtener la tinta restante del cartucho sin comprometer la calidad de impresi\u00f3n. \u00a1Sigue leyendo!<\/p>\n\n<\/div>\n<\/div>\n<\/div>\n<\/div>\n\n\n<ul class=\"wp-block-list\">\n<li>Limpieza del cabezal de impresi\u00f3n: podr\u00edas pensar que te est\u00e1s quedando sin tinta cuando comienzas a obtener impresiones con rayas, pero en realidad puede ser solo porque el cabezal de impresi\u00f3n necesita una limpieza.\u00a0Hay diversas formas de lidiar con esto, pero m\u00e1s f\u00e1cil es ejecutar la funci\u00f3n de limpieza del cabezal de impresi\u00f3n de tu impresora para deshacerte de la tinta seca.\u00a0Esto sucede especialmente cuando la impresora no se ha utilizado durante un tiempo. <a href=\"https:\/\/quecartucho.es\/blog\/que-es-un-cabezal-de-impresion\/como-limpiar-un-cabezal-de-impresion\/\">\u00bfC\u00f3mo limpiar un cabezal de impresi\u00f3n?<\/a><\/li>\n\n\n\n<li>Agita el <strong>cartucho<\/strong>: cuando las impresiones comienzan a verse descoloridas, no siempre es porque los cartuchos se est\u00e1n quedando vac\u00edos.&nbsp;A veces puede deberse a que una parte de la tinta se ha secado y est\u00e1 obstruyendo los inyectores.&nbsp;<\/li>\n\n\n\n<li>M\u00e9todo de la toalla de papel:&nbsp;tiene como objetivo eliminar la tinta seca de las boquillas en los cartuchos y as\u00ed contribuir a que salga el resto de la tinta.<\/li>\n\n\n\n<li>(NO INTENTAR, circula por internet y lo ponemos para que no creas que se nos ha olvidado. No solucionas nada y puedes crear da\u00f1os en la impresora.) Intercambio de cartuchos:&nbsp;otra forma de convencer a la impresora de que ha cambiado los cartuchos es intercambi\u00e1ndolos.&nbsp;Esto solo debe intentarse con cartuchos negros y tricolores.&nbsp;No lo intentes si tu impresora utiliza cartuchos individuales de color negro, cian, magenta y amarillo.<\/li>\n<\/ul>\n\n\n\n<p>Sin lugar a dudas, las impresoras de inyecci\u00f3n se han vuelto una herramienta indispensable en la vida cotidiana de estudiantes y empleados. Los cartuchos de tinta de las impresoras son caros y tienden a quedarse sin tinta en momentos inoportunos. \u00a1Aplica estos trucos! Y aprovecha al m\u00e1ximo la tinta de tu impresora.<\/p>\n\n\n\n<p>En Quecartucho tenemos <strong><a href=\"https:\/\/quecartucho.es\/\">tinta para impresora<\/a><\/strong> compatible a precios muy baratos con calidad premium, visita nuestra web y ver\u00e1s cuanto ahorrar\u00edas en tu pr\u00f3xima compra de tinta.<\/p>\n\n\n\n<p><\/p>\n\n\n\n<h3 class=\"wp-block-heading\">Tips para Ahorrar Dinero en Impresiones con Cartuchos de Tinta Compatibles<\/h3>\n\n\n\n<ol class=\"wp-block-list\">\n<li>Investiga y compara precios. Entre productos de la gama Premium puede haber hasta un 40% de ahorro entre una tiendas y otras, siendo el mismo producto<\/li>\n\n\n\n<li>Compra en una tienda especializada, los grandes portales como Amazon, Pccomponentes, Mediamark se llevan m\u00e1s de un 10% en comisiones, en las webs de los vendedores es f\u00e1cil ah\u00f3rrate este comisi\u00f3n.<\/li>\n\n\n\n<li>Compra en grandes cantidades. Es la mejor forma de ahorrar en gastos de env\u00edo.<\/li>\n\n\n\n<li>Utiliza cupones y descuentos. En webs como Quecartucho puedes obtener descuento por suscribirte al bolet\u00edn de noticias.<\/li>\n\n\n\n<li>Suscr\u00edbete a programas de fidelidad.<\/li>\n\n\n\n<li>Mant\u00e9n los cartuchos en buen estado.<\/li>\n\n\n\n<li>Ajusta la configuraci\u00f3n de impresi\u00f3n.<\/li>\n\n\n\n<li>Imprime en blanco y negro. (No todas las impresoras dan la opci\u00f3n de poder hacer esto sin gastar tinta de color.)<\/li>\n\n\n\n<li>Revisa los documentos antes de imprimir. Es la forma m\u00e1s eficaz de ahorrar en tinta.<\/li>\n\n\n\n<li>Usa software de gesti\u00f3n de impresi\u00f3n.<\/li>\n\n\n\n<li>Compra de proveedores confiables. No todos los compatibles son igual, las mismas f\u00e1bricas pueden hacer cartuchos de diferentes calidades, confiar en un buen proveedor que ofrezca un producto de calidad a buen precio es la mejor forma de ahorrar en tinta.<\/li>\n<\/ol>\n","protected":false},"excerpt":{"rendered":"<p>La tinta es una de las principales consideraciones para elegir una impresora de inyecci\u00f3n, tanto para hogares como para oficinas. Adem\u00e1s de la garant\u00eda de la calidad de impresi\u00f3n, los usuarios quieren estar seguros de que los cartuchos de repuesto ser\u00e1n asequibles durante toda la vida \u00fatil de su impresora. Si eres de los que&hellip;&nbsp;<a href=\"https:\/\/quecartucho.es\/blog\/aprende-como-aprovechar-los-cartuchos-de-tinta\/\" rel=\"bookmark\">Leer m\u00e1s &raquo;<span class=\"screen-reader-text\">Aprende c\u00f3mo aprovechar los cartuchos de tinta<\/span><\/a><\/p>\n","protected":false},"author":1,"featured_media":15324,"parent":0,"menu_order":0,"comment_status":"closed","ping_status":"closed","template":"","meta":{"neve_meta_sidebar":"full-width","neve_meta_container":"","neve_meta_enable_content_width":"on","neve_meta_content_width":100,"neve_meta_title_alignment":"","neve_meta_author_avatar":"","neve_post_elements_order":"","neve_meta_disable_header":"","neve_meta_disable_footer":"","neve_meta_disable_title":"","episode_type":"","audio_file":"","podmotor_file_id":"","podmotor_episode_id":"","cover_image":"","cover_image_id":"","duration":"","filesize":"","filesize_raw":"","date_recorded":"","explicit":"","block":"","footnotes":""},"class_list":["post-15314","page","type-page","status-publish","has-post-thumbnail","hentry"],"_links":{"self":[{"href":"https:\/\/quecartucho.es\/blog\/wp-json\/wp\/v2\/pages\/15314","targetHints":{"allow":["GET"]}}],"collection":[{"href":"https:\/\/quecartucho.es\/blog\/wp-json\/wp\/v2\/pages"}],"about":[{"href":"https:\/\/quecartucho.es\/blog\/wp-json\/wp\/v2\/types\/page"}],"author":[{"embeddable":true,"href":"https:\/\/quecartucho.es\/blog\/wp-json\/wp\/v2\/users\/1"}],"replies":[{"embeddable":true,"href":"https:\/\/quecartucho.es\/blog\/wp-json\/wp\/v2\/comments?post=15314"}],"version-history":[{"count":21,"href":"https:\/\/quecartucho.es\/blog\/wp-json\/wp\/v2\/pages\/15314\/revisions"}],"predecessor-version":[{"id":22439,"href":"https:\/\/quecartucho.es\/blog\/wp-json\/wp\/v2\/pages\/15314\/revisions\/22439"}],"wp:featuredmedia":[{"embeddable":true,"href":"https:\/\/quecartucho.es\/blog\/wp-json\/wp\/v2\/media\/15324"}],"wp:attachment":[{"href":"https:\/\/quecartucho.es\/blog\/wp-json\/wp\/v2\/media?parent=15314"}],"curies":[{"name":"wp","href":"https:\/\/api.w.org\/{rel}","templated":true}]}}