{"id":15364,"date":"2022-03-18T09:22:54","date_gmt":"2022-03-18T07:22:54","guid":{"rendered":"https:\/\/quecartucho.es\/blog\/?page_id=15364"},"modified":"2022-05-03T07:32:21","modified_gmt":"2022-05-03T05:32:21","slug":"que-diferencia-hay-entre-un-toner-con-chip-y-sin-chip","status":"publish","type":"page","link":"https:\/\/quecartucho.es\/blog\/toner-para-impresoras-compatibles\/que-diferencia-hay-entre-un-toner-con-chip-y-sin-chip\/","title":{"rendered":"\u00bfQu\u00e9 diferencia hay entre un t\u00f3ner con chip y sin chip?"},"content":{"rendered":"\n<p>Empresas como Canon o HP montar un chip en los t\u00f3neres para detectar si el t\u00f3ner es original o no. Si no es original, y no puede leer ese chip, la impresora no funciona.<\/p>\n\n\n<div id=\"rank-math-faq\" class=\"rank-math-block\">\n<div class=\"rank-math-list \">\n<div id=\"faq-question-1647591254962\" class=\"rank-math-list-item\">\n<h3 class=\"rank-math-question \">\u00bfQu\u00e9 quiere decir t\u00f3ner sin chip?<\/h3>\n<div class=\"rank-math-answer \">\n<img loading=\"lazy\" decoding=\"async\" width=\"150\" height=\"150\" src=\"https:\/\/quecartucho.es\/blog\/wp-content\/uploads\/2022\/03\/toner-sin-chip-150x150.jpg\" class=\"alignright\" alt=\"toner compatible sin chip\" title=\"\">\n<p>En el mercado hay <a href=\"https:\/\/quecartucho.es\/16393-toners\">t\u00f3neres compatibles<\/a> que llevan un chip compatible y funcionan como el original y otro t\u00f3ner que no llevan chip (son los llamados t\u00f3ner sin chip).<br \/>En los t\u00f3ners que <strong>no llevan chip<\/strong>, tal y como est\u00e1n, no funcionan, si los sacas de la caja y los pones en la impresora, esta te va a decir t\u00f3ner no v\u00e1lido.<br \/>Se ha de sacar el chip de t\u00f3ner original y poner en el t\u00f3ner compatible. Entonces ya lo va a reconocer. El nivel de tinta marca como bajo, pero la impresora funciona perfectamente.<\/p>\n\n<\/div>\n<\/div>\n<\/div>\n<\/div>\n\n\n<div class=\"wp-block-columns is-layout-flex wp-container-core-columns-is-layout-9d6595d7 wp-block-columns-is-layout-flex\">\n<div class=\"wp-block-column is-layout-flow wp-block-column-is-layout-flow\">\n<h2 class=\"wp-block-heading\">Pros y contras CON CHIP del t\u00f3ner<\/h2>\n\n\n\n<h3 class=\"wp-block-heading\">\u2705 Lo mejor<\/h3>\n\n\n\n<ul class=\"wp-block-list\"><li>Listo para poner en la impresora y funcionar<\/li><li>Marca los niveles de t\u00f3ner.<\/li><\/ul>\n\n\n\n<h3 class=\"wp-block-heading\">\u26d4 Lo peor<\/h3>\n\n\n\n<ul class=\"wp-block-list\"><li>Precio m\u00e1s elevado (Aunque menos caro que el original)<\/li><li>Actualizaciones de firmware en la impresora puede hacer que deje de funcionar. (No es frecuente, pero si nos ha pasado con el \u00faltimo fue el <a href=\"https:\/\/quecartucho.es\/3487-hp-106a-w1106a-toner-compatible.html\">HP 106A<\/a> compatible)<\/li><\/ul>\n<\/div>\n\n\n\n<div class=\"wp-block-column is-layout-flow wp-block-column-is-layout-flow\">\n<h2 class=\"wp-block-heading\">Pros y contras SIN CHIP del t\u00f3ner<\/h2>\n\n\n\n<h3 class=\"wp-block-heading\">\u2705 Lo mejor<\/h3>\n\n\n\n<ul class=\"wp-block-list\"><li>Precio m\u00e1s baratos<\/li><li>Muy estable y no falla con futuras actualizaciones.<\/li><\/ul>\n\n\n\n<h3 class=\"wp-block-heading\">\u26d4 Lo peor<\/h3>\n\n\n\n<ul class=\"wp-block-list\"><li>Requiere tener un chip del original. Extraerlo requiere en algunos casos una dificultad media. Pod\u00e9is ver m\u00e1s abajo como hacerlo en v\u00eddeo y \u00fatiles que pueden ayudar.   (Cuando ya lo has sacado, cambiar de un compatible a otro compatible es mucho m\u00e1s f\u00e1cil)<\/li><li>El nivel de tinta marca como bajo la impresora te dir\u00e1 que has de cambiar el t\u00f3ner gastado.<\/li><\/ul>\n<\/div>\n<\/div>\n\n\n<div id=\"rank-math-faq\" class=\"rank-math-block\">\n<div class=\"rank-math-list \">\n<div id=\"faq-question-1647584766561\" class=\"rank-math-list-item\">\n<h3 class=\"rank-math-question \"><strong>\u00bfEs f\u00e1cil o dif\u00edcil cambiar el chip?<\/strong><\/h3>\n<div class=\"rank-math-answer \">\n\n<p>En alg\u00fan t\u00f3ner el chip est\u00e1 pegado y sin \u00fatiles especiales o mucha ma\u00f1a es muy dif\u00edcil de sacar bien. <strong>Antes de comprar<\/strong> el compatible sin chip, <strong>aseg\u00farate de haber podido sacar el chip<\/strong> del t\u00f3ner original sin romperlo o da\u00f1arlo, ya que es algo ha pasado con m\u00e1s de un cliente.<\/p>\n<p><strong>Montar el chip en el t\u00f3ner compatible es muy f\u00e1cil,<\/strong> si est\u00e1s leyendo esto y ya lo has comprado no lo abras o desprecintes hasta no tener sacado el chip, porque una vez abierto no se permite la devoluci\u00f3n.<\/p>\n\n<\/div>\n<\/div>\n<\/div>\n<\/div>\n\n\n<h2 class=\"wp-block-heading\">\u00datil para extraer chip<\/h2>\n\n\n\n<p>Accesorio o herramienta para extraer el chip de los t\u00f3neres originales de forma f\u00e1cil y poner en los compatibles. Una de las pegas de estas herramientas es que no vale para todos los t\u00f3neres.  Y una vez que tienes el chip cambiar de un compatible a otro compatible es muy f\u00e1cil y ya no hacen falta.<\/p>\n\n\n\n<p><a href=\"https:\/\/quecartucho.es\/3938-accesorio-para-extraer-chip.html\">Herramienta para extraer chip HP 207A, HP 216A, HP 415A<\/a><\/p>\n\n\n\n<figure class=\"wp-block-embed is-type-video is-provider-youtube wp-block-embed-youtube wp-embed-aspect-16-9 wp-has-aspect-ratio\"><div class=\"wp-block-embed__wrapper\">\n<div class=\"nv-iframe-embed\"><iframe loading=\"lazy\" title=\"Herramienta para sacar o extraer chip hp 207a hp 216a hp 415a hp 207x y hp 415X Quecartucho\" width=\"1200\" height=\"675\" src=\"https:\/\/www.youtube.com\/embed\/gTLkNPcorQs?feature=oembed\" frameborder=\"0\" allow=\"accelerometer; autoplay; clipboard-write; encrypted-media; gyroscope; picture-in-picture\" allowfullscreen><\/iframe><\/div>\n<\/div><\/figure>\n\n\n\n<h2 class=\"wp-block-heading\">T\u00f3ner compatible con Chip<\/h2>\n\n\n\n<p>T\u00f3ner listo para poner en la impresora, no requiere ninguna acci\u00f3n por parte del cliente, es un poco m\u00e1s caro que el t\u00f3ner sin chip, pero solo has de poner como se har\u00eda con el t\u00f3ner original.<\/p>\n\n\n\n<h2 class=\"wp-block-heading\">T\u00f3ner compatible sin chip<\/h2>\n\n\n\n<p>T\u00f3ner compatible mucho m\u00e1s barato, requiere montar el chip de los t\u00f3neres originales que tengas en la impresora. Pod\u00e9is ver como poner el chip del t\u00f3ner original al t\u00f3ner compatible en nuestros videos:<\/p>\n\n\n\n<figure class=\"wp-block-embed is-type-video is-provider-youtube wp-block-embed-youtube wp-embed-aspect-16-9 wp-has-aspect-ratio\"><div class=\"wp-block-embed__wrapper\">\n<div class=\"nv-iframe-embed\"><iframe loading=\"lazy\" title=\"Como cambiar un chip de t\u00f3ner HP\" width=\"1200\" height=\"675\" src=\"https:\/\/www.youtube.com\/embed\/videoseries?list=PLJeoK-2zRtKqjwkEwS2Smdo68ONzSl-2H\" frameborder=\"0\" allow=\"accelerometer; autoplay; clipboard-write; encrypted-media; gyroscope; picture-in-picture\" allowfullscreen><\/iframe><\/div>\n<\/div><\/figure>\n\n\n<div id=\"rank-math-faq\" class=\"rank-math-block\">\n<div class=\"rank-math-list \">\n<div id=\"faq-question-1647586536807\" class=\"rank-math-list-item\">\n<h3 class=\"rank-math-question \">\u00bfComo cambiar el chip de un t\u00f3ner?<\/h3>\n<div class=\"rank-math-answer \">\n<img loading=\"lazy\" decoding=\"async\" width=\"300\" height=\"169\" src=\"https:\/\/quecartucho.es\/blog\/wp-content\/uploads\/2022\/03\/como-cambiar-el-chip-de-un-toner-300x169.jpg\" class=\"alignright\" alt=\"Como cambiar el chip de un t\u00f3ner\" title=\"\">\n<p>En l\u00edneas generales, es f\u00e1cil, sacar el chip, limpiar y poner chip en el compatible. <br \/>Para poner el chip, que es una tarea muy f\u00e1cil, solo hay que mirar en el cartucho compatible el manual.<\/p>\n<p>Para sacar el chip que ah\u00ed est\u00e1 la chicha depende un poco del modelo, si es canon, Brother que requieren desmontar alguna pieza con el destornillador o hp que requiere cortar con un c\u00fater o cuchilla o hp color planos que viene de lo que era Samsung como los <a href=\"https:\/\/quecartucho.es\/3500-hp-117a-toner-compatible-laser-color.html\">HP 117A<\/a> en los que hay que recortar mucho con uno alicates y se requiere ser un poco manitas.<\/p>\n<p>En cualquier caso, antes de comprar un t\u00f3ner compatible con chip te recomendamos ver un video o leer un texto de como se saca el chip en el original, pruebes hacerlo, y si lo consigues sacar sin da\u00f1arlo, entonces ya compres el t\u00f3ner sin chip con los beneficios que ello conlleva.<\/p>\n\n<\/div>\n<\/div>\n<div id=\"faq-question-1647586545943\" class=\"rank-math-list-item\">\n<h3 class=\"rank-math-question \">\u00bfQu\u00e9 hacer cuando la impresora no reconoce el t\u00f3ner?<\/h3>\n<div class=\"rank-math-answer \">\n\n<p>Si has puesto el chip y tu \ud83d\udda8\ufe0f no te reconoce el t\u00f3ner puede ser por dos motivos normalmente.<br \/>&#8211; El chip est\u00e1 mal colocado, la posici\u00f3n o el encuadre no es correcto, por lo que no hace contacto correctamente y es como si llevara chip. Revisa que est\u00e9 bien y ajusta bien como posible soluci\u00f3n.<br \/>&#8211; El chip est\u00e1 da\u00f1ado. En algunos casos al extraer el chip se puede doblar, romper o ara\u00f1ar y deja de funcionar. La \u00fanica soluci\u00f3n es sacar otros chips de un t\u00f3ner original.<\/p>\n<p>En impresoras Brother como puede pasar con el t\u00f3ner <a href=\"https:\/\/quecartucho.es\/3363-brother-tn247-tn243-toner-compatible.html\">TN-247<\/a> el fallo puede ser porque se ha da\u00f1ado la pila, es una pila de bot\u00f3n que va debajo y cambiando la pila, se soluciona el problema.<\/p>\n\n<\/div>\n<\/div>\n<\/div>\n<\/div>\n\n<div id=\"rank-math-howto\" class=\"rank-math-block\">\n<div class=\"rank-math-howto-description\">\n\n<p>\u00bfComo cambiar el chip de un t\u00f3ner?<\/p>\n\n<\/div>\n<p class=\"rank-math-howto-duration\"><strong>Tiempo total:<\/strong> <span>20 minutos<\/span><\/p>\n<div class=\"rank-math-steps \">\n<div id=\"howto-step-1647586893602\" class=\"rank-math-step\">\n<h3 class=\"rank-math-step-title \">Quitar el chip al t\u00f3ner Original (OEM). Con \u00fatiles<\/h3>\n<div class=\"rank-math-step-content \"><img loading=\"lazy\" decoding=\"async\" width=\"1763\" height=\"845\" src=\"https:\/\/quecartucho.es\/blog\/wp-content\/uploads\/2022\/03\/Captura-de-pantalla-de-2022-03-18-08-05-29.png\" class=\"attachment-full size-full\" alt=\"Extraer el chip con util\" title=\"\"><p>Quitar el chip al t\u00f3ner Original (OEM). Con \u00fatiles: lo hacemos con un extractor que puedes comprar en nuestra p\u00e1gina web, pero con ma\u00f1a y cuidado puedes hacer lo mismo con un cutter, cuchillo o sierra. Si lo haces con el \u00fatil, apoyar o encajar bien para no da\u00f1ar el chip<\/p>\n<\/div>\n<\/div>\n<div id=\"howto-step-1647586998379\" class=\"rank-math-step\">\n<h3 class=\"rank-math-step-title \">Quitar el chip al t\u00f3ner Original (OEM). Con alicates<\/h3>\n<div class=\"rank-math-step-content \"><img loading=\"lazy\" decoding=\"async\" width=\"1713\" height=\"931\" src=\"https:\/\/quecartucho.es\/blog\/wp-content\/uploads\/2022\/03\/Sacar-el-chip-con-alicates.png\" class=\"attachment-full size-full\" alt=\"Sacar el chip con alicates\" title=\"\"><p>Quitar el chip al t\u00f3ner Original (OEM). Con alicates: No siempre se puede tener un \u00fatil que haga f\u00e1cil la tarea de sacar el chip del t\u00f3ner original, pero con unos alicates y paciencia tambi\u00e9n  se puede sacar en unos pocos minutos. <a href=\"https:\/\/youtu.be\/ozVYXQOokXk\" rel=\"nofollow noopener\" target=\"_blank\">Video de como sacar chip sin \u00fatil<\/a><\/p>\n<\/div>\n<\/div>\n<div id=\"howto-step-1647587549370\" class=\"rank-math-step\">\n<h3 class=\"rank-math-step-title \">Limpie el chip<\/h3>\n<div class=\"rank-math-step-content \"><img loading=\"lazy\" decoding=\"async\" width=\"1735\" height=\"846\" src=\"https:\/\/quecartucho.es\/blog\/wp-content\/uploads\/2022\/03\/limpiar-el-chip.png\" class=\"attachment-full size-full\" alt=\"limpiar el chip\" title=\"\"><p>Limpie el chip: Es importante limpiar todos los restos de pegamento y pl\u00e1stico, para que al encajarlo en el t\u00f3ner compatible, lo haga de la forma correcta.<\/p>\n<\/div>\n<\/div>\n<div id=\"howto-step-1647587785888\" class=\"rank-math-step\">\n<h3 class=\"rank-math-step-title \">Posici\u00f3n adecuada<\/h3>\n<div class=\"rank-math-step-content \"><img loading=\"lazy\" decoding=\"async\" width=\"1159\" height=\"653\" src=\"https:\/\/quecartucho.es\/blog\/wp-content\/uploads\/2022\/03\/posicion-correcta-del-chip.png\" class=\"attachment-full size-full\" alt=\"\" title=\"\"><p>Posici\u00f3n adecuada: Ya solo queda poner en el compatible, es el paso m\u00e1s f\u00e1cil, solo hay que colocar en la posici\u00f3n adecuada<\/p>\n<\/div>\n<\/div>\n<div id=\"howto-step-1647588012029\" class=\"rank-math-step\">\n<h3 class=\"rank-math-step-title \">Hacer clic<\/h3>\n<div class=\"rank-math-step-content \"><img loading=\"lazy\" decoding=\"async\" width=\"1148\" height=\"590\" src=\"https:\/\/quecartucho.es\/blog\/wp-content\/uploads\/2022\/03\/Poner-el-chip-en-el-toner-compatible.png\" class=\"attachment-full size-full\" alt=\"Poner el chip en el toner compatible\" title=\"\"><p>Hacer clic: Aseg\u00farate de estar colocado tal y como se ve en la imagen.<\/p>\n<\/div>\n<\/div>\n<\/div>\n<\/div>\n\n\n<p><\/p>\n\n\n<div id=\"rank-math-faq\" class=\"rank-math-block\">\n<div class=\"rank-math-list \">\n<div id=\"faq-question-1647591876803\" class=\"rank-math-list-item\">\n<h3 class=\"rank-math-question \">\u00bfC\u00f3mo sacar un chip de un t\u00f3ner?<\/h3>\n<div class=\"rank-math-answer \">\n\n<p>Sachar el chip de un t\u00f3ner en algunos modelos es una tarea muy f\u00e1cil y en otros t\u00f3ner es bastante complicado. Te recomiendo ver el video espec\u00edfico del t\u00f3ner que quieras cambiar. En nuestro canal de YouTube puedes ver como sacar el chip en la mayor\u00eda de los modelos. <\/p>\n\n<\/div>\n<\/div>\n<div id=\"faq-question-1647591962096\" class=\"rank-math-list-item\">\n<h3 class=\"rank-math-question \">\u00bfC\u00f3mo quitar el chip a un t\u00f3ner HP?<\/h3>\n<div class=\"rank-math-answer \">\n\n<p>Hp varios tipos de t\u00f3ner sin chip, los que llevan el tambor integrado y los que no. Lo mejor es ver el video o leer el art\u00edculo espec\u00edfico, y sobre todo intentar sacar antes el chip, de comprar los cartuchos de t\u00f3ner compatibles sin chip.<\/p>\n\n<\/div>\n<\/div>\n<div id=\"faq-question-1647591975962\" class=\"rank-math-list-item\">\n<h3 class=\"rank-math-question \">\u00bfC\u00f3mo quitar el chip a un t\u00f3ner Brother?<\/h3>\n<div class=\"rank-math-answer \">\n<img loading=\"lazy\" decoding=\"async\" width=\"150\" height=\"150\" src=\"https:\/\/quecartucho.es\/blog\/wp-content\/uploads\/2022\/03\/2.-Desenrosca-el-tornillo-del-tn247-oem-y-del-tn247-compatible-150x150.png\" class=\"alignright\" alt=\"\" title=\"\">\n<p>Por regla general hay que sacar el tornillo que llevan en un lado. El chip suele ir con una pila y hay que tener cuidado con ella, si no est\u00e1 bien conectada el chip deja de ir. Ver ejemplo de como <a href=\"https:\/\/quecartucho.es\/blog\/como-instalar-el-chip-original-en-los-toner-compables-tn247-sin-chip\/\">instalar el chip original en los toner compables tn247<\/a><\/p>\n\n<\/div>\n<\/div>\n<\/div>\n<\/div>\n\n\n<p><\/p>\n\n\n\n<p><\/p>\n\n\n\n<p><\/p>\n\n\n\n\n\n\n\n<p><\/p>\n","protected":false},"excerpt":{"rendered":"<p>Empresas como Canon o HP montar un chip en los t\u00f3neres para detectar si el t\u00f3ner es original o no. Si no es original, y no puede leer ese chip, la impresora no funciona. Pros y contras CON CHIP del t\u00f3ner \u2705 Lo mejor Listo para poner en la impresora y funcionar Marca los niveles&hellip;&nbsp;<a href=\"https:\/\/quecartucho.es\/blog\/toner-para-impresoras-compatibles\/que-diferencia-hay-entre-un-toner-con-chip-y-sin-chip\/\" rel=\"bookmark\">Leer m\u00e1s &raquo;<span class=\"screen-reader-text\">\u00bfQu\u00e9 diferencia hay entre un t\u00f3ner con chip y sin chip?<\/span><\/a><\/p>\n","protected":false},"author":1,"featured_media":15382,"parent":464,"menu_order":0,"comment_status":"closed","ping_status":"closed","template":"","meta":{"neve_meta_sidebar":"full-width","neve_meta_container":"","neve_meta_enable_content_width":"on","neve_meta_content_width":100,"neve_meta_title_alignment":"","neve_meta_author_avatar":"","neve_post_elements_order":"","neve_meta_disable_header":"","neve_meta_disable_footer":"","neve_meta_disable_title":"","episode_type":"","audio_file":"","podmotor_file_id":"","podmotor_episode_id":"","cover_image":"","cover_image_id":"","duration":"","filesize":"","filesize_raw":"","date_recorded":"","explicit":"","block":"","footnotes":""},"class_list":["post-15364","page","type-page","status-publish","has-post-thumbnail","hentry"],"_links":{"self":[{"href":"https:\/\/quecartucho.es\/blog\/wp-json\/wp\/v2\/pages\/15364","targetHints":{"allow":["GET"]}}],"collection":[{"href":"https:\/\/quecartucho.es\/blog\/wp-json\/wp\/v2\/pages"}],"about":[{"href":"https:\/\/quecartucho.es\/blog\/wp-json\/wp\/v2\/types\/page"}],"author":[{"embeddable":true,"href":"https:\/\/quecartucho.es\/blog\/wp-json\/wp\/v2\/users\/1"}],"replies":[{"embeddable":true,"href":"https:\/\/quecartucho.es\/blog\/wp-json\/wp\/v2\/comments?post=15364"}],"version-history":[{"count":26,"href":"https:\/\/quecartucho.es\/blog\/wp-json\/wp\/v2\/pages\/15364\/revisions"}],"predecessor-version":[{"id":15566,"href":"https:\/\/quecartucho.es\/blog\/wp-json\/wp\/v2\/pages\/15364\/revisions\/15566"}],"up":[{"embeddable":true,"href":"https:\/\/quecartucho.es\/blog\/wp-json\/wp\/v2\/pages\/464"}],"wp:featuredmedia":[{"embeddable":true,"href":"https:\/\/quecartucho.es\/blog\/wp-json\/wp\/v2\/media\/15382"}],"wp:attachment":[{"href":"https:\/\/quecartucho.es\/blog\/wp-json\/wp\/v2\/media?parent=15364"}],"curies":[{"name":"wp","href":"https:\/\/api.w.org\/{rel}","templated":true}]}}