{"id":15569,"date":"2022-03-29T13:38:38","date_gmt":"2022-03-29T11:38:38","guid":{"rendered":"https:\/\/quecartucho.es\/blog\/?page_id=15569"},"modified":"2022-05-03T07:30:17","modified_gmt":"2022-05-03T05:30:17","slug":"como-alargar-la-vida-del-toner-y-optimizar-su-rendimiento","status":"publish","type":"page","link":"https:\/\/quecartucho.es\/blog\/como-alargar-la-vida-del-toner-y-optimizar-su-rendimiento\/","title":{"rendered":"\u00bfC\u00f3mo alargar la vida del t\u00f3ner y optimizar su rendimiento?"},"content":{"rendered":"\n<div class=\"wp-block-columns is-layout-flex wp-container-core-columns-is-layout-9d6595d7 wp-block-columns-is-layout-flex\">\n<div class=\"wp-block-column is-layout-flow wp-block-column-is-layout-flow\">\n<p>En un&nbsp;estudio encargado por Epson y realizado por la empresa de investigaci\u00f3n <em>TUV Rheinland <\/em>en el 2007, se descubri\u00f3 que muchos modelos de impresoras a\u00fan podr\u00edan tener hasta un 60% del volumen de tinta restante cuando la impresora indica que se debe realizar el reemplazo del cartucho.&nbsp;<\/p>\n\n\n\n<p>Desde entonces cada vez son m\u00e1s las formas y opciones para alargar la vida del t\u00f3ner, obtener todo su potencial y as\u00ed optimizar el rendimiento para no desperdiciar ni una gota de tinta.<\/p>\n\n\n\n<p>Los cartuchos de t\u00f3ner duran mucho m\u00e1s que la tinta convencional. Los <strong><a href=\"https:\/\/quecartucho.es\/16393-toners\" target=\"_blank\" rel=\"noreferrer noopener\">t\u00f3neres<\/a><\/strong> tienen un funcionamiento y estructura en polvo para que no se seque tan r\u00e1pido como los cartuchos de tinta.<\/p>\n\n\n\n<p>Por lo general el factor que determina las fechas de vencimiento del t\u00f3ner no es el t\u00f3ner en s\u00ed mismo, sino otros componentes dentro del cartucho que se pueden desgastar.<\/p>\n<\/div>\n\n\n\n<div class=\"wp-block-column is-layout-flow wp-block-column-is-layout-flow\">\n<figure class=\"wp-block-image size-full is-style-default\"><img loading=\"lazy\" decoding=\"async\" width=\"666\" height=\"444\" src=\"https:\/\/quecartucho.es\/blog\/wp-content\/uploads\/2022\/03\/\u00bfComo-alargar-la-vida-del-toner.jpg\" alt=\"\u00bfC\u00f3mo alargar la vida del t\u00f3ner?\" class=\"wp-image-15581\" title=\"\" srcset=\"https:\/\/quecartucho.es\/blog\/wp-content\/uploads\/2022\/03\/\u00bfComo-alargar-la-vida-del-toner.jpg 666w, https:\/\/quecartucho.es\/blog\/wp-content\/uploads\/2022\/03\/\u00bfComo-alargar-la-vida-del-toner-300x200.jpg 300w, https:\/\/quecartucho.es\/blog\/wp-content\/uploads\/2022\/03\/\u00bfComo-alargar-la-vida-del-toner-150x100.jpg 150w\" sizes=\"auto, (max-width: 666px) 100vw, 666px\" \/><figcaption>\u00bfC\u00f3mo alargar la vida del t\u00f3ner?<\/figcaption><\/figure>\n<\/div>\n<\/div>\n\n\n<div id=\"rank-math-faq\" class=\"rank-math-block\">\n<div class=\"rank-math-list \">\n<div id=\"faq-question-1648552296173\" class=\"rank-math-list-item\">\n<h2 class=\"rank-math-question \"><strong>Entonces\u2026 \u00bfCu\u00e1nto puede durar un t\u00f3ner?<\/strong><\/h2>\n<div class=\"rank-math-answer \">\n<img loading=\"lazy\" decoding=\"async\" width=\"259\" height=\"194\" src=\"https:\/\/quecartucho.es\/blog\/wp-content\/uploads\/2022\/03\/\u00bfCuanto-puede-durar-un-toner.jpeg\" class=\"alignright\" alt=\"\u00bfCu\u00e1nto puede durar un t\u00f3ner?\" title=\"\">\n<p>Mientras lo cuides bien y lo guardes de forma correcta, puede durar pr\u00e1cticamente para siempre. No obstante, cuando se comprar un cartucho de t\u00f3ner, es posible que algunas fechas sean visibles en \u00e9l.<\/p>\n<p>El fabricante proporcionar\u00e1 una fecha de vencimiento de la garant\u00eda del cartucho, por ley 3 a\u00f1os, (En el caso de QueCartucho es de 5 a\u00f1os) y una segunda fecha, la fecha de caducidad (a veces impresa en el propio cartucho).<\/p>\n<p>Para los cartuchos de tinta, es importante tomar en cuenta la fecha de caducidad, ya que la tinta se seca y puede ocasionar una obstrucci\u00f3n en el cabezal de impresi\u00f3n e incluso da\u00f1ar el equipo por completo.<\/p>\n<p>A diferencia de esto, los <strong>cartuchos de t\u00f3ner<\/strong> se mantienen sin problema siempre que est\u00e9n secos y sin humedad en su interior, por lo que pueden funcionar correctamente incluso despu\u00e9s de su fecha de caducidad.<\/p>\n<p>Es necesario tomar en cuenta que, si usas un cartucho de t\u00f3ner habiendo pasado su fecha de vencimiento y termina deteriorando la impresora, esto podr\u00eda anular la garant\u00eda del equipo.<\/p>\n<p>En t\u00e9rminos generales, los cartuchos de t\u00f3ner pueden durar mucho tiempo. Por lo tanto, si encuentras una gran oferta, si\u00e9ntete libre de abastecerte sin tener que preocuparte por las fechas de vencimiento del t\u00f3ner.<\/p>\n<p>Conocer el tiempo de vida \u00fatil de un cartucho es importante, quiz\u00e1s tanto como saber alargar la vida del t\u00f3ner y optimizar su rendimiento. \u00a1Sigue leyendo! A continuaci\u00f3n, aprender\u00e1s a economizar tinta del t\u00f3ner y as\u00ed evitar la necesidad de cambiarlo de manera constante.<\/p>\n\n<\/div>\n<\/div>\n<\/div>\n<\/div>\n\n\n<h2 class=\"wp-block-heading\"><strong>Aprende a configurar la impresora para optimizar rendimiento del t\u00f3ner<\/strong><\/h2>\n\n\n\n<p>Puede que a\u00fan no lo sepas, pero tu computadora tiene preferencias integradas para contribuir con el ahorro de tinta.&nbsp;Si usas Windows, busca la secci\u00f3n Dispositivos e impresoras en el Panel de control.&nbsp;<\/p>\n\n\n\n<p>Haz clic con el bot\u00f3n derecho en la impresora deseada y selecciona Preferencias de impresi\u00f3n.&nbsp;A partir de ah\u00ed, deber\u00eda poder seleccionar una de las siguientes recomendaciones, de acuerdo a tus necesidades.<\/p>\n\n\n\n<ul class=\"wp-block-list\"><li>Selecciona \u00abmodo borrador\u00bb para usar menos tinta. El modo borrador est\u00e1 dise\u00f1ado para imprimir m\u00e1s r\u00e1pido con un poco menos de precisi\u00f3n y brindarte una versi\u00f3n de borrador del documento.&nbsp;Es posible que la calidad no est\u00e9 a la altura en comparaci\u00f3n con un trabajo de impresi\u00f3n normal, pero deber\u00eda ser suficiente si solo necesitas hacer una revisi\u00f3n r\u00e1pida.<\/li><\/ul>\n\n\n\n<ul class=\"wp-block-list\"><li>Elije \u00abimprimir en escala de grises\u00bb para ahorrar la tinta de color. Esta opci\u00f3n puede ayudar a conservar esos preciados cartuchos de color imprimiendo tus documentos solo en blanco y negro.<\/li><\/ul>\n\n\n\n<ul class=\"wp-block-list\"><li>Explora las \u00abopciones de documento\u00bb para imprimir varias p\u00e1ginas por hoja. Si deseas ahorrar en tinta y papel, considera ajustar el formato de tu trabajo imprimiendo varias p\u00e1ginas en una sola hoja.&nbsp;Esta opci\u00f3n es excelente para imprimir diapositivas de Power Point.<\/li><\/ul>\n\n\n\n<div class=\"wp-block-image is-style-default\"><figure class=\"aligncenter size-large\"><img loading=\"lazy\" decoding=\"async\" width=\"1024\" height=\"684\" src=\"https:\/\/quecartucho.es\/blog\/wp-content\/uploads\/2022\/03\/optimizar-rendimiento-del-toner-1024x684.webp\" alt=\"optimizar rendimiento del t\u00f3ner\" class=\"wp-image-15576\" title=\"\" srcset=\"https:\/\/quecartucho.es\/blog\/wp-content\/uploads\/2022\/03\/optimizar-rendimiento-del-toner-1024x684.webp 1024w, https:\/\/quecartucho.es\/blog\/wp-content\/uploads\/2022\/03\/optimizar-rendimiento-del-toner-300x200.webp 300w, https:\/\/quecartucho.es\/blog\/wp-content\/uploads\/2022\/03\/optimizar-rendimiento-del-toner-768x513.webp 768w, https:\/\/quecartucho.es\/blog\/wp-content\/uploads\/2022\/03\/optimizar-rendimiento-del-toner-930x620.webp 930w, https:\/\/quecartucho.es\/blog\/wp-content\/uploads\/2022\/03\/optimizar-rendimiento-del-toner-150x100.webp 150w, https:\/\/quecartucho.es\/blog\/wp-content\/uploads\/2022\/03\/optimizar-rendimiento-del-toner.webp 1200w\" sizes=\"auto, (max-width: 1024px) 100vw, 1024px\" \/><figcaption>optimizar rendimiento del t\u00f3ner<\/figcaption><\/figure><\/div>\n\n\n\n<h2 class=\"wp-block-heading\"><strong>Conoce 6 consejos que pueden alargar la vida del t\u00f3ner y optimizar su rendimiento<\/strong><\/h2>\n\n\n\n<p>Con el tiempo se han conocido de herramientas, qu\u00edmicos y otros m\u00e9todos que contribuyen con el ahorro de tinta y la optimizaci\u00f3n del t\u00f3ner, pero a continuaci\u00f3n, te presentaremos 6 trucos que puedes aplicar de manera f\u00e1cil y r\u00e1pida para as\u00ed aumentar el rendimiento de tus cartuchos.<\/p>\n\n\n\n<h3 class=\"wp-block-heading\">Verifica dos veces los documentos antes de imprimir<\/h3>\n\n\n\n<p>Ya sea en casa o en la oficina, las impresiones a menudo deben desecharse como resultado de un error tipogr\u00e1fico o de formato, algo que representa un desperdicio tanto tinta como de papel. Para reducir el gasto, verifica una y otra vez los documentos e im\u00e1genes antes de presionar \u201cimprimir\u201d.<\/p>\n\n\n\n<div class=\"wp-block-image is-style-default\"><figure class=\"aligncenter size-large\"><img loading=\"lazy\" decoding=\"async\" width=\"1024\" height=\"683\" src=\"https:\/\/quecartucho.es\/blog\/wp-content\/uploads\/2022\/03\/Verifica-dos-veces-los-documentos-antes-de-imprimir-1024x683.jpg\" alt=\"Verifica dos veces los documentos antes de imprimir\" class=\"wp-image-15577\" title=\"\" srcset=\"https:\/\/quecartucho.es\/blog\/wp-content\/uploads\/2022\/03\/Verifica-dos-veces-los-documentos-antes-de-imprimir-1024x683.jpg 1024w, https:\/\/quecartucho.es\/blog\/wp-content\/uploads\/2022\/03\/Verifica-dos-veces-los-documentos-antes-de-imprimir-300x200.jpg 300w, https:\/\/quecartucho.es\/blog\/wp-content\/uploads\/2022\/03\/Verifica-dos-veces-los-documentos-antes-de-imprimir-768x512.jpg 768w, https:\/\/quecartucho.es\/blog\/wp-content\/uploads\/2022\/03\/Verifica-dos-veces-los-documentos-antes-de-imprimir-1536x1024.jpg 1536w, https:\/\/quecartucho.es\/blog\/wp-content\/uploads\/2022\/03\/Verifica-dos-veces-los-documentos-antes-de-imprimir-930x620.jpg 930w, https:\/\/quecartucho.es\/blog\/wp-content\/uploads\/2022\/03\/Verifica-dos-veces-los-documentos-antes-de-imprimir-150x100.jpg 150w, https:\/\/quecartucho.es\/blog\/wp-content\/uploads\/2022\/03\/Verifica-dos-veces-los-documentos-antes-de-imprimir.jpg 1900w\" sizes=\"auto, (max-width: 1024px) 100vw, 1024px\" \/><figcaption>Verifica dos veces los documentos antes de imprimir<\/figcaption><\/figure><\/div>\n\n\n\n<h3 class=\"wp-block-heading\">Cambia la fuente<\/h3>\n\n\n\n<p>\u00bfTienes una fuente favorita? Dependiendo de lo que sea, podr\u00edas considerar cambiarla cuando descubras cu\u00e1n derrochadoras pueden ser algunas tipograf\u00edas en espec\u00edfico.<\/p>\n\n\n\n<p>El rendimiento de un t\u00f3ner puede incrementar de forma significativa cuando se utiliza de forma inteligente, sobre todo en la elecci\u00f3n de la fuente al momento de imprimir documentos. Arial es una de las m\u00e1s utilizadas, pero se ha determinado que utiliza 27% m\u00e1s de tinta que Times New Roman o Calibri.<\/p>\n\n\n\n<h3 class=\"wp-block-heading\">Lo barato sale caro<\/h3>\n\n\n\n<p>Si bien el <a href=\"https:\/\/quecartucho.es\/blog\/impresoras-baratas\/\" target=\"_blank\" rel=\"noreferrer noopener\">precio de una impresora econ\u00f3mica<\/a> puede ser atractivo, el rendimiento variable y la producci\u00f3n deficiente de una m\u00e1quina econ\u00f3mica podr\u00edan significar que gastes incluso m\u00e1s en los consumibles. Para lograr el equilibrio perfecto entre asequibilidad y eficiencia, opta por una impresora de gama media que ofrezca mejores resultados generales.<\/p>\n\n\n\n<h3 class=\"wp-block-heading\">Utiliza cartuchos de alta calidad<\/h3>\n\n\n\n<div class=\"wp-block-columns is-layout-flex wp-container-core-columns-is-layout-9d6595d7 wp-block-columns-is-layout-flex\">\n<div class=\"wp-block-column is-layout-flow wp-block-column-is-layout-flow\">\n<p><\/p>\n\n\n\n<p>\u00bfCrees que un cartucho es solo un cartucho? Est\u00e1s equivocado. Seg\u00fan el m\u00e9todo de fabricaci\u00f3n, algunos cartuchos ofrecen rendimientos mucho mayores que otros y son capaces de producir m\u00e1s impresiones. <\/p>\n\n\n\n<p><\/p>\n\n\n\n<p>Cuando se trata de comprar cartuchos de reemplazo, elige un cartucho OEM (fabricante de equipos originales) o un <a href=\"https:\/\/quecartucho.es\/\" target=\"_blank\" rel=\"noreferrer noopener\"><strong>cartucho compatible de alta calidad<\/strong><\/a>.<\/p>\n<\/div>\n\n\n\n<div class=\"wp-block-column is-layout-flow wp-block-column-is-layout-flow\">\n<div class=\"wp-block-image is-style-default\"><figure class=\"aligncenter size-medium\"><img loading=\"lazy\" decoding=\"async\" width=\"300\" height=\"300\" src=\"https:\/\/quecartucho.es\/blog\/wp-content\/uploads\/2022\/03\/TN245C-2200K-300x300.png\" alt=\"Cartuchos de toner compatibles de buena calidad\" class=\"wp-image-15578\" title=\"\" srcset=\"https:\/\/quecartucho.es\/blog\/wp-content\/uploads\/2022\/03\/TN245C-2200K-300x300.png 300w, https:\/\/quecartucho.es\/blog\/wp-content\/uploads\/2022\/03\/TN245C-2200K-150x150.png 150w, https:\/\/quecartucho.es\/blog\/wp-content\/uploads\/2022\/03\/TN245C-2200K-768x768.png 768w, https:\/\/quecartucho.es\/blog\/wp-content\/uploads\/2022\/03\/TN245C-2200K-120x120.png 120w, https:\/\/quecartucho.es\/blog\/wp-content\/uploads\/2022\/03\/TN245C-2200K-96x96.png 96w, https:\/\/quecartucho.es\/blog\/wp-content\/uploads\/2022\/03\/TN245C-2200K.png 800w\" sizes=\"auto, (max-width: 300px) 100vw, 300px\" \/><figcaption>Cartuchos de t\u00f3ner compatibles de buena calidad<\/figcaption><\/figure><\/div>\n<\/div>\n<\/div>\n\n\n\n<h3 class=\"wp-block-heading\">Ignora la molesta advertencia de \u201cpoca tinta\u201d<\/h3>\n\n\n\n<p>Cuando los cartuchos se est\u00e1n quedando sin tinta, a menudo aparecer\u00e1 una ventana emergente para recordarte el \u201cbajo\u201d nivel de tinta o t\u00f3ner agotado. <strong>Ignora esta advertencia<\/strong> y solo reemplaza el cartucho cuando notes una disminuci\u00f3n en la calidad de impresi\u00f3n. A menudo, <strong>los cartuchos a\u00fan tendr\u00e1n suficiente t\u00f3ner<\/strong> para producir cientos de documentos.<\/p>\n\n\n\n<h3 class=\"wp-block-heading\">Elige bien tus impresiones<\/h3>\n\n\n\n<p>En una era gobernada por la tecnolog\u00eda digital, se est\u00e1 volviendo menos esencial imprimir cada correo electr\u00f3nico, factura o documento de texto que tengas en tu computador. En lugar de desperdiciar el t\u00f3ner produciendo impresiones redundantes, mant\u00e9n documentos digitales para conservar tus cartuchos por m\u00e1s tiempo.<\/p>\n\n\n\n<figure class=\"wp-block-image size-large is-style-default\"><img loading=\"lazy\" decoding=\"async\" width=\"1024\" height=\"575\" src=\"https:\/\/quecartucho.es\/blog\/wp-content\/uploads\/2022\/03\/elije-bien-que-imprimir-para-ahorrar-toner-1024x575.jpg\" alt=\"Elige bien que imprimir para ahorrar t\u00f3ner\" class=\"wp-image-15589\" title=\"\" srcset=\"https:\/\/quecartucho.es\/blog\/wp-content\/uploads\/2022\/03\/elije-bien-que-imprimir-para-ahorrar-toner-1024x575.jpg 1024w, https:\/\/quecartucho.es\/blog\/wp-content\/uploads\/2022\/03\/elije-bien-que-imprimir-para-ahorrar-toner-300x169.jpg 300w, https:\/\/quecartucho.es\/blog\/wp-content\/uploads\/2022\/03\/elije-bien-que-imprimir-para-ahorrar-toner-768x431.jpg 768w, https:\/\/quecartucho.es\/blog\/wp-content\/uploads\/2022\/03\/elije-bien-que-imprimir-para-ahorrar-toner-150x84.jpg 150w, https:\/\/quecartucho.es\/blog\/wp-content\/uploads\/2022\/03\/elije-bien-que-imprimir-para-ahorrar-toner.jpg 1100w\" sizes=\"auto, (max-width: 1024px) 100vw, 1024px\" \/><figcaption>Elige bien que imprimir para ahorrar t\u00f3ner<\/figcaption><\/figure>\n","protected":false},"excerpt":{"rendered":"<p>En un&nbsp;estudio encargado por Epson y realizado por la empresa de investigaci\u00f3n TUV Rheinland en el 2007, se descubri\u00f3 que muchos modelos de impresoras a\u00fan podr\u00edan tener hasta un 60% del volumen de tinta restante cuando la impresora indica que se debe realizar el reemplazo del cartucho.&nbsp; Desde entonces cada vez son m\u00e1s las formas&hellip;&nbsp;<a href=\"https:\/\/quecartucho.es\/blog\/como-alargar-la-vida-del-toner-y-optimizar-su-rendimiento\/\" rel=\"bookmark\">Leer m\u00e1s &raquo;<span class=\"screen-reader-text\">\u00bfC\u00f3mo alargar la vida del t\u00f3ner y optimizar su rendimiento?<\/span><\/a><\/p>\n","protected":false},"author":1,"featured_media":15570,"parent":0,"menu_order":0,"comment_status":"closed","ping_status":"closed","template":"","meta":{"neve_meta_sidebar":"full-width","neve_meta_container":"","neve_meta_enable_content_width":"on","neve_meta_content_width":100,"neve_meta_title_alignment":"","neve_meta_author_avatar":"","neve_post_elements_order":"","neve_meta_disable_header":"","neve_meta_disable_footer":"","neve_meta_disable_title":"","episode_type":"","audio_file":"","podmotor_file_id":"","podmotor_episode_id":"","cover_image":"","cover_image_id":"","duration":"","filesize":"","filesize_raw":"","date_recorded":"","explicit":"","block":"","footnotes":""},"class_list":["post-15569","page","type-page","status-publish","has-post-thumbnail","hentry"],"_links":{"self":[{"href":"https:\/\/quecartucho.es\/blog\/wp-json\/wp\/v2\/pages\/15569","targetHints":{"allow":["GET"]}}],"collection":[{"href":"https:\/\/quecartucho.es\/blog\/wp-json\/wp\/v2\/pages"}],"about":[{"href":"https:\/\/quecartucho.es\/blog\/wp-json\/wp\/v2\/types\/page"}],"author":[{"embeddable":true,"href":"https:\/\/quecartucho.es\/blog\/wp-json\/wp\/v2\/users\/1"}],"replies":[{"embeddable":true,"href":"https:\/\/quecartucho.es\/blog\/wp-json\/wp\/v2\/comments?post=15569"}],"version-history":[{"count":12,"href":"https:\/\/quecartucho.es\/blog\/wp-json\/wp\/v2\/pages\/15569\/revisions"}],"predecessor-version":[{"id":15998,"href":"https:\/\/quecartucho.es\/blog\/wp-json\/wp\/v2\/pages\/15569\/revisions\/15998"}],"wp:featuredmedia":[{"embeddable":true,"href":"https:\/\/quecartucho.es\/blog\/wp-json\/wp\/v2\/media\/15570"}],"wp:attachment":[{"href":"https:\/\/quecartucho.es\/blog\/wp-json\/wp\/v2\/media?parent=15569"}],"curies":[{"name":"wp","href":"https:\/\/api.w.org\/{rel}","templated":true}]}}