{"id":15592,"date":"2022-03-31T15:55:17","date_gmt":"2022-03-31T13:55:17","guid":{"rendered":"https:\/\/quecartucho.es\/blog\/?page_id=15592"},"modified":"2024-09-05T17:17:12","modified_gmt":"2024-09-05T15:17:12","slug":"los-5-cartuchos-de-tinta-canon-mas-vendidos","status":"publish","type":"page","link":"https:\/\/quecartucho.es\/blog\/cartuchos\/los-5-cartuchos-de-tinta-canon-mas-vendidos\/","title":{"rendered":"Los 5 cartuchos de tinta Canon m\u00e1s vendidos"},"content":{"rendered":"\n<p>Canon, una marca reconocida en el mundo de la impresi\u00f3n, es ampliamente conocida por su calidad y tecnolog\u00eda avanzada en el campo de los <a href=\"https:\/\/quecartucho.es\/\"><strong>cartuchos de tinta<\/strong><\/a>. Junto con HP, lidera el mercado de impresoras con cartuchos de tinta que utilizan la innovadora tecnolog\u00eda de burbuja o cabezales piezoel\u00e9ctricos para garantizar impresiones n\u00edtidas y de alta calidad. En este art\u00edculo, destacaremos los cinco <a href=\"https:\/\/quecartucho.es\/8-canon\">cartuchos de tinta Canon<\/a> m\u00e1s vendidos que han ganado la confianza y el aprecio de los usuarios en todo el mundo.<\/p>\n\n\n\n<div class=\"wp-block-columns is-layout-flex wp-container-core-columns-is-layout-9d6595d7 wp-block-columns-is-layout-flex\">\n<div class=\"wp-block-column is-layout-flow wp-block-column-is-layout-flow\">\n<h2 class=\"wp-block-heading\">Cartuchos de tinta Canon m\u00e1s vendidos en 2024<\/h2>\n\n\n\n<ul class=\"wp-block-list\">\n<li><a href=\"https:\/\/quecartucho.es\/1878-canon-pg545-xl-negro-cartucho-de-tinta-compatible.html\">Canon PG-545 XL<\/a><\/li>\n\n\n\n<li><a href=\"https:\/\/quecartucho.es\/1879-canon-cl546-xl-tricolor-cartucho-de-tinta-compatible.html\">Canon CL-546 XL<\/a><\/li>\n\n\n\n<li><a href=\"https:\/\/quecartucho.es\/1496-cartucho-de-tinta-cli-551xl-cli551-compatible-6443b001-6444b001-6445b001-6446b001-6447b001.html\">Cartucho de tinta CLI-551XL<\/a><\/li>\n\n\n\n<li><a href=\"https:\/\/quecartucho.es\/2701-canon-cli-571xl-cartucho-de-tinta-compatible.html\">Canon CLI-571XL<\/a><\/li>\n\n\n\n<li><a href=\"https:\/\/quecartucho.es\/3232-canon-pgi-580-cli-581-xxl-cartucho-de-tinta-compatible.html\">Canon PGI-580 XL<\/a><\/li>\n\n\n\n<li><a href=\"https:\/\/quecartucho.es\/484-cartucho-de-tinta-pgi525-cli526-compatible-con-4529b001-4543b001-4542b001-4541b001-4540b001-4544b001.html\">Cartucho de tinta PGI525<\/a><\/li>\n\n\n\n<li><a href=\"https:\/\/quecartucho.es\/1495-cartucho-de-tinta-pgi-550xlbk-compatible.html\">Cartucho de tinta ( PGI-550XLBK )<\/a><\/li>\n\n\n\n<li><a href=\"https:\/\/quecartucho.es\/456-cartucho-de-tinta-pg540xl-negro-compatible-5222b005.html\">Canon PG-540 XL<\/a><\/li>\n\n\n\n<li><a href=\"https:\/\/quecartucho.es\/457-cartucho-de-tinta-cl541xl-tricolor-compatible-5226b005.html\">Canon CL-541 XL<\/a><\/li>\n\n\n\n<li><a href=\"https:\/\/quecartucho.es\/2700-canon-pgi-570-xl-cartucho-de-tinta-compatible.html\">Canon PGI-570 XL<\/a><\/li>\n\n\n\n<li><a href=\"https:\/\/quecartucho.es\/467-cartucho-pg512-pg510-pg510xl-compatible-con-impresoras-canon-2669b001.html\">Cano PG-512<\/a><\/li>\n\n\n\n<li><a href=\"https:\/\/quecartucho.es\/478-cartucho-de-tinta-pgi520-cli521-compatible-2932b001-2933b001-2934b001-2934b001-2935b001-2936b001-2937b001.html\">Canon PGI520<\/a><\/li>\n\n\n\n<li><a href=\"https:\/\/quecartucho.es\/465-cartucho-de-tinta-pg40-negro-compatible-0615b001.html\">Canon PG40<\/a><\/li>\n<\/ul>\n<\/div>\n\n\n\n<div class=\"wp-block-column is-layout-flow wp-block-column-is-layout-flow\">\n<figure class=\"wp-block-image size-large\"><a href=\"https:\/\/quecartucho.es\/1878-canon-pg545-xl-negro-cartucho-de-tinta-compatible.html\"><img loading=\"lazy\" decoding=\"async\" width=\"792\" height=\"1024\" src=\"https:\/\/quecartucho.es\/blog\/wp-content\/uploads\/2024\/09\/canon-pg545xl-negro-cartucho-de-tinta-compatible-mas-vendido-792x1024.jpg\" alt=\"canon pg545xl negro cartucho de tinta compatible mas vendido\" class=\"wp-image-22783\" title=\"\" srcset=\"https:\/\/quecartucho.es\/blog\/wp-content\/uploads\/2024\/09\/canon-pg545xl-negro-cartucho-de-tinta-compatible-mas-vendido-792x1024.jpg 792w, https:\/\/quecartucho.es\/blog\/wp-content\/uploads\/2024\/09\/canon-pg545xl-negro-cartucho-de-tinta-compatible-mas-vendido-232x300.jpg 232w, https:\/\/quecartucho.es\/blog\/wp-content\/uploads\/2024\/09\/canon-pg545xl-negro-cartucho-de-tinta-compatible-mas-vendido-768x993.jpg 768w, https:\/\/quecartucho.es\/blog\/wp-content\/uploads\/2024\/09\/canon-pg545xl-negro-cartucho-de-tinta-compatible-mas-vendido.jpg 1100w\" sizes=\"auto, (max-width: 792px) 100vw, 792px\" \/><\/a><\/figure>\n<\/div>\n<\/div>\n\n\n\n<div class=\"wp-block-columns is-layout-flex wp-container-core-columns-is-layout-9d6595d7 wp-block-columns-is-layout-flex\">\n<div class=\"wp-block-column is-vertically-aligned-center is-layout-flow wp-block-column-is-layout-flow\">\n<h2 class=\"wp-block-heading\">Cartuchos de tinta Canon m\u00e1s vendidos en 2023<\/h2>\n\n\n\n<ol class=\"wp-block-list\">\n<li><a href=\"https:\/\/quecartucho.es\/3881-canon-pfi-300-cartucho-de-tinta-compatible.html\">Multipack de 10&nbsp;cartuchos de tinta PFI-300<\/a><\/li>\n\n\n\n<li><a href=\"https:\/\/quecartucho.es\/1878-canon-pg545-xl-negro-cartucho-de-tinta-compatible.html\">Cartucho de tinta PG-545XL<\/a> \/ <a href=\"https:\/\/quecartucho.es\/1879-canon-cl546-xl-tricolor-cartucho-de-tinta-compatible.html\">CL-546XL<\/a><\/li>\n\n\n\n<li><a href=\"https:\/\/quecartucho.es\/3565-canon-pg560xl-cl561xl-cartucho-de-tinta-compatible.html\">Cartucho de tinta negra PG-560XL<\/a> y de tinta de color <a href=\"https:\/\/quecartucho.es\/3565-3082-canon-pg560xl-cl561xl-cartucho-de-tinta-compatible.html#\/9-color-tri_color\">CL-561XL<\/a><\/li>\n\n\n\n<li><a href=\"https:\/\/quecartucho.es\/3232-canon-pgi-580-cli-581-xxl-cartucho-de-tinta-compatible.html\">Cartuchos de tinta Canon PGI-580 PB + CLI-581 B\/C\/M\/Y<\/a><\/li>\n\n\n\n<li>Cartuchos de tinta negra <a href=\"https:\/\/quecartucho.es\/456-cartucho-de-tinta-pg540xl-negro-compatible-5222b005.html\">Canon PG-540XL<\/a> y <a href=\"https:\/\/quecartucho.es\/457-cartucho-de-tinta-cl541xl-tricolor-compatible-5226b005.html\">color CL-541XL<\/a><\/li>\n<\/ol>\n<\/div>\n\n\n\n<div class=\"wp-block-column is-layout-flow wp-block-column-is-layout-flow\">\n<figure class=\"wp-block-image size-large\"><a href=\"https:\/\/quecartucho.es\/\" target=\"_blank\" rel=\"noreferrer noopener\"><img loading=\"lazy\" decoding=\"async\" width=\"1024\" height=\"1024\" src=\"https:\/\/quecartucho.es\/blog\/wp-content\/uploads\/2023\/07\/comprar-tinta-1024x1024.webp\" alt=\"comprar tinta\" class=\"wp-image-19842\" title=\"\" srcset=\"https:\/\/quecartucho.es\/blog\/wp-content\/uploads\/2023\/07\/comprar-tinta-1024x1024.webp 1024w, https:\/\/quecartucho.es\/blog\/wp-content\/uploads\/2023\/07\/comprar-tinta-300x300.webp 300w, https:\/\/quecartucho.es\/blog\/wp-content\/uploads\/2023\/07\/comprar-tinta-150x150.webp 150w, https:\/\/quecartucho.es\/blog\/wp-content\/uploads\/2023\/07\/comprar-tinta-768x768.webp 768w, https:\/\/quecartucho.es\/blog\/wp-content\/uploads\/2023\/07\/comprar-tinta-120x120.webp 120w, https:\/\/quecartucho.es\/blog\/wp-content\/uploads\/2023\/07\/comprar-tinta.webp 1500w\" sizes=\"auto, (max-width: 1024px) 100vw, 1024px\" \/><\/a><\/figure>\n<\/div>\n<\/div>\n\n\n\n<p>En conclusi\u00f3n, Canon ha demostrado ser l\u00edder en el mercado de impresoras con cartuchos de tinta gracias a su avanzada tecnolog\u00eda de burbuja y cabezales piezoel\u00e9ctricos. Los cinco cartuchos mencionados anteriormente son solo una peque\u00f1a muestra de la amplia gama de opciones que Canon proporciona para satisfacer las diversas necesidades de impresi\u00f3n de sus clientes. Ya sea que necesites impresiones en blanco y negro o a color, Canon ofrece soluciones confiables y de alta calidad que han ganado la confianza y la satisfacci\u00f3n de usuarios en todo el mundo.<\/p>\n\n\n\n<div class=\"wp-block-columns is-layout-flex wp-container-core-columns-is-layout-9d6595d7 wp-block-columns-is-layout-flex\">\n<div class=\"wp-block-column is-vertically-aligned-center is-layout-flow wp-block-column-is-layout-flow\">\n<h2 class=\"wp-block-heading\">Cartuchos de tinta Canon m\u00e1s vendidos en 2022<\/h2>\n\n\n\n<p>Con cabezal incluido<\/p>\n\n\n\n<ul class=\"wp-block-list\">\n<li><a href=\"https:\/\/quecartucho.es\/3565-canon-pg560xl-cl561xl-cartucho-de-tinta-compatible.html\">PG-560 y CL561<\/a><\/li>\n\n\n\n<li><a href=\"https:\/\/quecartucho.es\/1878-canon-pg545-xl-negro-cartucho-de-tinta-compatible.html\">PG-545<\/a> y <a href=\"https:\/\/quecartucho.es\/1879-canon-cl546-xl-tricolor-cartucho-de-tinta-compatible.html\">CL-546<\/a><\/li>\n<\/ul>\n\n\n\n<p>Cartuchos sin cabezal<\/p>\n\n\n\n<ul class=\"wp-block-list\">\n<li><a href=\"https:\/\/quecartucho.es\/1496-cartucho-de-tinta-cli-551xl-cli551-compatible-6443b001-6444b001-6445b001-6446b001-6447b001.html\">PGI-550 \/ CLI-551<\/a><\/li>\n\n\n\n<li><a href=\"https:\/\/quecartucho.es\/2701-canon-cli-571xl-cartucho-de-tinta-compatible.html\">PGI-570 \/ CLI571<\/a><\/li>\n\n\n\n<li><a href=\"https:\/\/quecartucho.es\/3232-canon-pgi-580-cli-581-xxl-cartucho-de-tinta-compatible.html\">PGI-580 \/ CLI-581<\/a><\/li>\n\n\n\n<li><a href=\"https:\/\/quecartucho.es\/484-cartucho-de-tinta-pgi525-cli526-compatible-con-4529b001-4543b001-4542b001-4541b001-4540b001-4544b001.html\">PGI-525 \/ CLI-526<\/a><\/li>\n<\/ul>\n<\/div>\n\n\n\n<div class=\"wp-block-column is-layout-flow wp-block-column-is-layout-flow\">\n<figure class=\"wp-block-image size-large\"><a href=\"https:\/\/quecartucho.es\/1879-canon-cl546-xl-tricolor-cartucho-de-tinta-compatible.html\"><img loading=\"lazy\" decoding=\"async\" width=\"792\" height=\"1024\" src=\"https:\/\/quecartucho.es\/blog\/wp-content\/uploads\/2024\/09\/canon-cl546-xl-tricolor-cartucho-de-tinta-compatible-792x1024.jpg\" alt=\"\" class=\"wp-image-22793\" title=\"\" srcset=\"https:\/\/quecartucho.es\/blog\/wp-content\/uploads\/2024\/09\/canon-cl546-xl-tricolor-cartucho-de-tinta-compatible-792x1024.jpg 792w, https:\/\/quecartucho.es\/blog\/wp-content\/uploads\/2024\/09\/canon-cl546-xl-tricolor-cartucho-de-tinta-compatible-232x300.jpg 232w, https:\/\/quecartucho.es\/blog\/wp-content\/uploads\/2024\/09\/canon-cl546-xl-tricolor-cartucho-de-tinta-compatible-768x993.jpg 768w, https:\/\/quecartucho.es\/blog\/wp-content\/uploads\/2024\/09\/canon-cl546-xl-tricolor-cartucho-de-tinta-compatible.jpg 1100w\" sizes=\"auto, (max-width: 792px) 100vw, 792px\" \/><\/a><\/figure>\n<\/div>\n<\/div>\n\n\n\n<h2 class=\"wp-block-heading\">Puede que tambi\u00e9n te interese ver:<\/h2>\n\n\n\n<ul class=\"wp-block-list\">\n<li>Los 5 <a href=\"https:\/\/quecartucho.es\/blog\/cartuchos\/los-5-cartuchos-de-tinta-epson-mas-vendidos\/\">cartuchos de tinta Epson m\u00e1s vendidos<\/a><\/li>\n\n\n\n<li>Los 5 <a href=\"https:\/\/quecartucho.es\/blog\/cartuchos\/los-5-cartuchos-de-tinta-brother-mas-vendidos\/\">cartuchos de tinta Brother m\u00e1s vendidos<\/a><\/li>\n\n\n\n<li>Los 5 cartuchos de tinta <a href=\"https:\/\/quecartucho.es\/blog\/cartuchos\/los-5-cartuchos-de-tinta-hp-mas-vendidos\/\">HP m\u00e1s vendidos<\/a><\/li>\n\n\n\n<li><strong><a href=\"https:\/\/quecartucho.es\/Cartuchos-de-tinta-compatibles-mas-vendidos\">Cartuchos m\u00e1s vendidos<\/a><\/strong> en nuestra web <\/li>\n<\/ul>\n","protected":false},"excerpt":{"rendered":"<p>Canon, una marca reconocida en el mundo de la impresi\u00f3n, es ampliamente conocida por su calidad y tecnolog\u00eda avanzada en el campo de los cartuchos de tinta. Junto con HP, lidera el mercado de impresoras con cartuchos de tinta que utilizan la innovadora tecnolog\u00eda de burbuja o cabezales piezoel\u00e9ctricos para garantizar impresiones n\u00edtidas y de&hellip;&nbsp;<a href=\"https:\/\/quecartucho.es\/blog\/cartuchos\/los-5-cartuchos-de-tinta-canon-mas-vendidos\/\" rel=\"bookmark\">Leer m\u00e1s &raquo;<span class=\"screen-reader-text\">Los 5 cartuchos de tinta Canon m\u00e1s vendidos<\/span><\/a><\/p>\n","protected":false},"author":1,"featured_media":0,"parent":461,"menu_order":0,"comment_status":"closed","ping_status":"closed","template":"","meta":{"neve_meta_sidebar":"full-width","neve_meta_container":"","neve_meta_enable_content_width":"on","neve_meta_content_width":100,"neve_meta_title_alignment":"","neve_meta_author_avatar":"","neve_post_elements_order":"","neve_meta_disable_header":"","neve_meta_disable_footer":"","neve_meta_disable_title":"","episode_type":"","audio_file":"","podmotor_file_id":"","podmotor_episode_id":"","cover_image":"","cover_image_id":"","duration":"","filesize":"","filesize_raw":"","date_recorded":"","explicit":"","block":"","footnotes":""},"class_list":["post-15592","page","type-page","status-publish","hentry"],"_links":{"self":[{"href":"https:\/\/quecartucho.es\/blog\/wp-json\/wp\/v2\/pages\/15592","targetHints":{"allow":["GET"]}}],"collection":[{"href":"https:\/\/quecartucho.es\/blog\/wp-json\/wp\/v2\/pages"}],"about":[{"href":"https:\/\/quecartucho.es\/blog\/wp-json\/wp\/v2\/types\/page"}],"author":[{"embeddable":true,"href":"https:\/\/quecartucho.es\/blog\/wp-json\/wp\/v2\/users\/1"}],"replies":[{"embeddable":true,"href":"https:\/\/quecartucho.es\/blog\/wp-json\/wp\/v2\/comments?post=15592"}],"version-history":[{"count":9,"href":"https:\/\/quecartucho.es\/blog\/wp-json\/wp\/v2\/pages\/15592\/revisions"}],"predecessor-version":[{"id":22794,"href":"https:\/\/quecartucho.es\/blog\/wp-json\/wp\/v2\/pages\/15592\/revisions\/22794"}],"up":[{"embeddable":true,"href":"https:\/\/quecartucho.es\/blog\/wp-json\/wp\/v2\/pages\/461"}],"wp:attachment":[{"href":"https:\/\/quecartucho.es\/blog\/wp-json\/wp\/v2\/media?parent=15592"}],"curies":[{"name":"wp","href":"https:\/\/api.w.org\/{rel}","templated":true}]}}