{"id":15975,"date":"2022-04-29T13:21:47","date_gmt":"2022-04-29T11:21:47","guid":{"rendered":"https:\/\/quecartucho.es\/blog\/?page_id=15975"},"modified":"2023-08-30T10:19:26","modified_gmt":"2023-08-30T08:19:26","slug":"que-es-mejor-recargar-o-comprar-un-toner","status":"publish","type":"page","link":"https:\/\/quecartucho.es\/blog\/que-es-mejor-recargar-o-comprar-un-toner\/","title":{"rendered":"\u00bfQu\u00e9 es mejor recargar o comprar un t\u00f3ner?"},"content":{"rendered":"\n<p>Los t\u00f3neres para impresoras l\u00e1ser se quedan sin t\u00f3ner de la misma forma que les ocurre a los cartuchos de impresoras de inyecci\u00f3n de tinta, es, de hecho, un problema con el cual te topar\u00e1s tarde o temprano. <\/p>\n\n\n\n<div class=\"wp-block-columns is-layout-flex wp-container-core-columns-is-layout-9d6595d7 wp-block-columns-is-layout-flex\">\n<div class=\"wp-block-column is-layout-flow wp-block-column-is-layout-flow\">\n<p>Sabemos qu\u00e9 pensar en cambiar de impresora cada vez que se agota la tinta suena como una locura, pero \u00a1no te preocupes! Existen otras opciones que puedes tomar en cuenta para resolver este peque\u00f1o inconveniente y una de ellas es <strong><a href=\"https:\/\/quecartucho.es\/\">comprar t\u00f3neres compatibles<\/a><\/strong>. Ahora bien, \u00bfde verdad vale la pena recargar los t\u00f3neres en lugar de comprarlos nuevamente?<\/p>\n\n\n\n<p>La respuesta m\u00e1s l\u00f3gica a esto es que, si puedes permitirte pagar por unos t\u00f3neres nuevos cada vez que te quedes sin tinta, entonces toma esta primera opci\u00f3n, porque cuando se recargan los t\u00f3neres suelen acumularse algunos residuos de la tinta en polvo, y, si no tienes la debida precauci\u00f3n al momento de recargarlos, esto puede afectar a tu impresora a largo plazo y con ello, a la calidad de la impresi\u00f3n.<\/p>\n<\/div>\n\n\n\n<div class=\"wp-block-column is-layout-flow wp-block-column-is-layout-flow\">\n<figure class=\"wp-block-image size-full is-style-default\"><img loading=\"lazy\" decoding=\"async\" width=\"601\" height=\"511\" src=\"https:\/\/quecartucho.es\/blog\/wp-content\/uploads\/2022\/04\/recargar-o-comprar-un-toner.webp\" alt=\"\" class=\"wp-image-15982\" title=\"\" srcset=\"https:\/\/quecartucho.es\/blog\/wp-content\/uploads\/2022\/04\/recargar-o-comprar-un-toner.webp 601w, https:\/\/quecartucho.es\/blog\/wp-content\/uploads\/2022\/04\/recargar-o-comprar-un-toner-300x255.webp 300w, https:\/\/quecartucho.es\/blog\/wp-content\/uploads\/2022\/04\/recargar-o-comprar-un-toner-150x128.webp 150w\" sizes=\"auto, (max-width: 601px) 100vw, 601px\" \/><\/figure>\n<\/div>\n<\/div>\n\n\n\n<p>Ahora bien, si tu presupuesto es limitado y est\u00e1s buscando una opci\u00f3n m\u00e1s econ\u00f3mica, <strong>lo mejor que puedes hacer es comprar un t\u00f3ner compatible<\/strong>, cuyo precio es mucho m\u00e1s bajo que uno original y las diferencias entre la calidad de la impresi\u00f3n son pr\u00e1cticamente imperceptibles. En el mercado podr\u00e1s encontrar algunas alternativas bastante interesantes y asequibles que te permitir\u00e1n ahorrarte un mont\u00f3n de dinero. En nuestra web QueCartucho.es puedes comprar el t\u00f3ner compatible para casi cualquier impresora, y te aseguramos una calidad igual al original con hasta 5 a\u00f1os de garant\u00eda.<\/p>\n\n\n\n<p>Pero, si eres de los que usa su impresora a diario, imprimiendo en gran volumen, tambi\u00e9n puedes combinar el uso de t\u00f3neres compatibles y recargar el t\u00f3ner para cuidar tu impresora al mismo tiempo que consigues una mejor rentabilidad.<\/p>\n\n\n<div class=\"wp-block-image is-style-default\">\n<figure class=\"aligncenter size-full\"><img loading=\"lazy\" decoding=\"async\" width=\"1024\" height=\"788\" src=\"https:\/\/quecartucho.es\/blog\/wp-content\/uploads\/2022\/04\/\u00bfrecargar-o-comprar-un-toner.jpg\" alt=\"\u00bfrecargar o comprar un t\u00f3ner?\" class=\"wp-image-15978\" title=\"\" srcset=\"https:\/\/quecartucho.es\/blog\/wp-content\/uploads\/2022\/04\/\u00bfrecargar-o-comprar-un-toner.jpg 1024w, https:\/\/quecartucho.es\/blog\/wp-content\/uploads\/2022\/04\/\u00bfrecargar-o-comprar-un-toner-300x231.jpg 300w, https:\/\/quecartucho.es\/blog\/wp-content\/uploads\/2022\/04\/\u00bfrecargar-o-comprar-un-toner-768x591.jpg 768w, https:\/\/quecartucho.es\/blog\/wp-content\/uploads\/2022\/04\/\u00bfrecargar-o-comprar-un-toner-150x115.jpg 150w\" sizes=\"auto, (max-width: 1024px) 100vw, 1024px\" \/><figcaption class=\"wp-element-caption\">\u00bfrecargar o comprar un t\u00f3ner?<\/figcaption><\/figure>\n<\/div>\n\n<div id=\"rank-math-faq\" class=\"rank-math-block\">\n<div class=\"rank-math-list \">\n<div id=\"faq-question-1651230620078\" class=\"rank-math-list-item\">\n<h3 class=\"rank-math-question \"><strong>\u00bfPor qu\u00e9 elegir t\u00f3neres compatibles?<\/strong><\/h3>\n<div class=\"rank-math-answer \">\n\n<p>Existen buenas razones para escoger <a href=\"https:\/\/quecartucho.es\/16393-toners\">toners<\/a> compatibles en lugar de t\u00f3neres originales y a continuaci\u00f3n, te daremos a conocer algunas de ellas:<\/p>\n<p>&#8211; <strong>Son m\u00e1s amigables para el medio ambiente<\/strong>: dado que los t\u00f3neres est\u00e1n hechos de pl\u00e1stico, cada vez que decides comprar uno nuevo debes desechar el anterior, lo que solo ayuda a sumar m\u00e1s residuos en el vertedero.\u00a0Pero, cuando escoges recargar tus t\u00f3neres, estar\u00e1s d\u00e1ndoles un mayor uso y deshaci\u00e9ndote de ellos solo cuando sea necesario.<\/p>\n<p>&#8211; <strong>Te ayudan a ahorrar m\u00e1s dinero:<\/strong> esta es la raz\u00f3n m\u00e1s evidente para recargar tus t\u00f3neres, descubrir\u00e1s que si escoges el camino de las recargas podr\u00e1s ahorrar casi un 50% en lugar de gastar el doble comprando un t\u00f3ner nuevo.<\/p>\n<p>&#8211; <strong>Est\u00e1n disponibles siempre<\/strong>:\u00a0comprar un\u00a0t\u00f3ner nuevo\u00a0puede sonar sencillo, pero a veces, dependiendo de la marca y modelo de tu impresora l\u00e1ser, el t\u00f3ner que buscas podr\u00eda estar agotado.\u00a0Con los t\u00f3neres compatibles jam\u00e1s tendr\u00e1s ese problema.<\/p>\n\n<\/div>\n<\/div>\n<div id=\"faq-question-1651230740939\" class=\"rank-math-list-item\">\n<h3 class=\"rank-math-question \"><strong>\u00bfLos t\u00f3neres se pueden recargar?<\/strong><\/h3>\n<div class=\"rank-math-answer \">\n\n<p>S\u00ed, sin embargo, los cartuchos de t\u00f3ner no se pueden recargar indefinidamente porque las piezas mec\u00e1nicas, como los rodillos, se desgastan. Si bien, aunque varios fabricantes ofrecen cartuchos de inyecci\u00f3n de tinta vac\u00edos para recargar, encontrar cartuchos l\u00e1ser nuevos y vac\u00edos puede ser un poco dif\u00edcil, as\u00ed que, si no tienes tanto tiempo para buscar, deber\u00e1s usar los mismos que tengas, que de preferencia deber\u00edan ser compatibles.<\/p>\n<p>Cabe destacar que, una <a href=\"https:\/\/quecartucho.es\/blog\/impresoras\/laser-mejor\/\"><strong>impresora l\u00e1ser<\/strong><\/a> funciona de forma parecida a una fotocopiadora, muy diferente a como ocurre con las impresoras de inyecci\u00f3n de tinta. Las impresoras l\u00e1ser entonces, utilizan un t\u00f3ner con polvo que se dispersa sobre la hoja y se seca con la ayuda del l\u00e1ser lo que da como resultado una impresi\u00f3n impoluta, con un acabado prolijo y de alta calidad. Por tanto, el proceso de recarga de estos t\u00f3neres podr\u00eda ser distinto dependiendo del modelo y marca de la impresora, pero en general el procedimiento suele ser el mismo, lo que puede cambiar son algunos atributos del hardware y el armaz\u00f3n del cartucho. Por ello es imprescindible que, antes de hacer la recarga, atiendas primero a las recomendaciones del fabricante para evitar da\u00f1ar el cartucho en el proceso.<\/p>\n\n<\/div>\n<\/div>\n<\/div>\n<\/div>\n\n<div class=\"wp-block-image is-style-default\">\n<figure class=\"aligncenter size-full\"><img loading=\"lazy\" decoding=\"async\" width=\"850\" height=\"400\" src=\"https:\/\/quecartucho.es\/blog\/wp-content\/uploads\/2022\/04\/partes-de-un-toner.jpg\" alt=\"partes de un toner\" class=\"wp-image-15985\" title=\"\" srcset=\"https:\/\/quecartucho.es\/blog\/wp-content\/uploads\/2022\/04\/partes-de-un-toner.jpg 850w, https:\/\/quecartucho.es\/blog\/wp-content\/uploads\/2022\/04\/partes-de-un-toner-300x141.jpg 300w, https:\/\/quecartucho.es\/blog\/wp-content\/uploads\/2022\/04\/partes-de-un-toner-768x361.jpg 768w, https:\/\/quecartucho.es\/blog\/wp-content\/uploads\/2022\/04\/partes-de-un-toner-150x71.jpg 150w\" sizes=\"auto, (max-width: 850px) 100vw, 850px\" \/><figcaption class=\"wp-element-caption\">partes de un toner<\/figcaption><\/figure>\n<\/div>\n\n<div id=\"rank-math-faq\" class=\"rank-math-block\">\n<div class=\"rank-math-list \">\n<div id=\"faq-question-1651231138526\" class=\"rank-math-list-item\">\n<h3 class=\"rank-math-question \"><strong>\u00bfCu\u00e1nto cuesta rellenar un t\u00f3ner?<\/strong><\/h3>\n<div class=\"rank-math-answer \">\n<img loading=\"lazy\" decoding=\"async\" width=\"562\" height=\"470\" src=\"https:\/\/quecartucho.es\/blog\/wp-content\/uploads\/2022\/04\/remanufactura-recarga-de-toner-laser.jpg\" class=\"alignright\" alt=\"Remanufactura recarga de toner l\u00e1ser\" title=\"\">\n<p>Un cartucho de t\u00f3ner se divide en una serie de elementos que son expuestos a fricci\u00f3n y desgaste a lo largo del proceso de impresi\u00f3n, por ende, pueden sufrir el suficiente deterioro que a futuro ser\u00e1 el causante de defectos en las impresiones. Los kits de recarga que se encuentran ahora mismo en el mercado, dan cuenta del n\u00famero m\u00e1ximo de veces que podr\u00e1s recargar cada cartucho sin alcanzar el nivel cr\u00edtico de da\u00f1o que pueda provocar estos errores.<\/p>\n<p>Un cartucho de t\u00f3ner que usualmente tiene un rendimiento de al menos 5.000 p\u00e1ginas podr\u00eda ser recargado hasta tres veces. Por su parte, un cartucho con un rendimiento entre 5.000 y 10.000 impresiones podr\u00eda ser recargado dos veces m\u00e1ximo. Sin embargo, en el mercado existen ahora mismo cartuchos de diversas marcas como HP, Kyocera u Oki que brindan la posibilidad de ser recargados un n\u00famero mayor de veces. Se trata de cartuchos de t\u00f3ner que son contenedores \u00fanicamente de la carga de t\u00f3ner, por tanto, puedes recargar el cartucho cuantas veces lo necesites.<\/p>\n<p>Sin embargo, como comentamos anteriormente un cartucho de t\u00f3ner no tiene una vida infinita, en cierto momento tendr\u00e1s que reemplazarlo por uno compatible u original, esto pensando en que no se desgasten tambi\u00e9n los componentes de la impresora. Recargando tus t\u00f3neres en lugar de comprarlos nuevos podr\u00e1s ahorrar hasta 14 euros, dependiendo de las marcas y modelos, adem\u00e1s, recargar es algo que puedes hacer por ti mismo si te sientes preparado, y, de esta forma, ahorrar incluso m\u00e1s dinero<\/p>\n\n<\/div>\n<\/div>\n<div id=\"faq-question-1651231272128\" class=\"rank-math-list-item\">\n<h3 class=\"rank-math-question \"><strong>\u00bfCu\u00e1nto se tarda en rellenar un t\u00f3ner?<\/strong><\/h3>\n<div class=\"rank-math-answer \">\n\n<p>Rellenar un t\u00f3ner es un proceso bastante r\u00e1pido y sencillo, los kits de recarga suelen traer todo preparado, listo para rellenar el cartucho, adem\u00e1s son bastante f\u00e1ciles de usar. No obstante, para rellenar tu t\u00f3ner, te aconsejamos buscar un tutorial que se adapte al modelo y marca de tu impresora a fin de evitar errores, sobre todo si es la primera vez que haces una recarga. El tiempo que te llevar\u00e1 rellenarlo ser\u00e1 de apenas 15 minutos y valdr\u00e1 la pena, tomando en cuenta todo el dinero que te habr\u00e1s ahorrado.<\/p>\n\n<\/div>\n<\/div>\n<\/div>\n<\/div>\n\n\n<p><\/p>\n\n\n\n<p>Si quieres saber m\u00e1s sobre los t\u00f3neres te recomiendo que leas nuestro art\u00edculo: \u00ab<a href=\"https:\/\/quecartucho.es\/blog\/toner-para-impresoras-compatibles\/\">El Toner \u00bfQu\u00e9 es? \u00bfC\u00f3mo est\u00e1 hecho? \u00bfQu\u00e9 partes tiene?<\/a>\u00ab<\/p>\n","protected":false},"excerpt":{"rendered":"<p>Los t\u00f3neres para impresoras l\u00e1ser se quedan sin t\u00f3ner de la misma forma que les ocurre a los cartuchos de impresoras de inyecci\u00f3n de tinta, es, de hecho, un problema con el cual te topar\u00e1s tarde o temprano. Sabemos qu\u00e9 pensar en cambiar de impresora cada vez que se agota la tinta suena como una&hellip;&nbsp;<a href=\"https:\/\/quecartucho.es\/blog\/que-es-mejor-recargar-o-comprar-un-toner\/\" rel=\"bookmark\">Leer m\u00e1s &raquo;<span class=\"screen-reader-text\">\u00bfQu\u00e9 es mejor recargar o comprar un t\u00f3ner?<\/span><\/a><\/p>\n","protected":false},"author":1,"featured_media":15984,"parent":0,"menu_order":0,"comment_status":"closed","ping_status":"closed","template":"","meta":{"neve_meta_sidebar":"full-width","neve_meta_container":"","neve_meta_enable_content_width":"on","neve_meta_content_width":100,"neve_meta_title_alignment":"","neve_meta_author_avatar":"","neve_post_elements_order":"","neve_meta_disable_header":"","neve_meta_disable_footer":"","neve_meta_disable_title":"","episode_type":"","audio_file":"","podmotor_file_id":"","podmotor_episode_id":"","cover_image":"","cover_image_id":"","duration":"","filesize":"","filesize_raw":"","date_recorded":"","explicit":"","block":"","footnotes":""},"class_list":["post-15975","page","type-page","status-publish","has-post-thumbnail","hentry"],"_links":{"self":[{"href":"https:\/\/quecartucho.es\/blog\/wp-json\/wp\/v2\/pages\/15975","targetHints":{"allow":["GET"]}}],"collection":[{"href":"https:\/\/quecartucho.es\/blog\/wp-json\/wp\/v2\/pages"}],"about":[{"href":"https:\/\/quecartucho.es\/blog\/wp-json\/wp\/v2\/types\/page"}],"author":[{"embeddable":true,"href":"https:\/\/quecartucho.es\/blog\/wp-json\/wp\/v2\/users\/1"}],"replies":[{"embeddable":true,"href":"https:\/\/quecartucho.es\/blog\/wp-json\/wp\/v2\/comments?post=15975"}],"version-history":[{"count":13,"href":"https:\/\/quecartucho.es\/blog\/wp-json\/wp\/v2\/pages\/15975\/revisions"}],"predecessor-version":[{"id":20486,"href":"https:\/\/quecartucho.es\/blog\/wp-json\/wp\/v2\/pages\/15975\/revisions\/20486"}],"wp:featuredmedia":[{"embeddable":true,"href":"https:\/\/quecartucho.es\/blog\/wp-json\/wp\/v2\/media\/15984"}],"wp:attachment":[{"href":"https:\/\/quecartucho.es\/blog\/wp-json\/wp\/v2\/media?parent=15975"}],"curies":[{"name":"wp","href":"https:\/\/api.w.org\/{rel}","templated":true}]}}