{"id":16181,"date":"2022-05-20T12:19:47","date_gmt":"2022-05-20T10:19:47","guid":{"rendered":"https:\/\/quecartucho.es\/blog\/?page_id=16181"},"modified":"2022-05-20T12:27:18","modified_gmt":"2022-05-20T10:27:18","slug":"como-comprobar-los-documentos-impresos-en-windows-10-y-windows-11","status":"publish","type":"page","link":"https:\/\/quecartucho.es\/blog\/como-comprobar-los-documentos-impresos-en-windows-10-y-windows-11\/","title":{"rendered":"C\u00f3mo comprobar los documentos impresos en Windows 10 y Windows 11"},"content":{"rendered":"\n<p>Cuando est\u00e1s en una racha de trabajo intenso o si tu flujo de trabajo requiere imprimir documentos con una frecuencia alta, puede volverse un poco tedioso y complicado llevar el control acerca de cu\u00e1les son los archivos que has impreso; mantener un registro puede ser muy \u00fatil para que siempre tengas todo de manera organizada y tus rutinas se faciliten.<\/p>\n\n\n\n<p>O puede que tu impresora est\u00e9 conectada a una red en la que varias personas mandan a imprimir y quieres conocer un estimado de impresiones para sacar presupuestos de consumibles o similares.<\/p>\n\n\n\n<p>Tu ordenador con sistema operativo Windows est\u00e1 en la capacidad de llevar este registro de impresiones por ti, en modo del historial de impresiones.<\/p>\n\n\n<div id=\"rank-math-faq\" class=\"rank-math-block\">\n<div class=\"rank-math-list \">\n<div id=\"faq-question-1653042165176\" class=\"rank-math-list-item\">\n<h2 class=\"rank-math-question \">\u00bfPor qu\u00e9 es recomendable tener un registro de las impresiones?<\/h2>\n<div class=\"rank-math-answer \">\n<img loading=\"lazy\" decoding=\"async\" width=\"150\" height=\"150\" src=\"https:\/\/quecartucho.es\/blog\/wp-content\/uploads\/2022\/05\/registro-de-las-impresiones-150x150.jpg\" class=\"alignright\" alt=\"\" title=\"\">\n<p>Los registros de impresiones te ayudan a conocer los archivos que has impreso para que puedas tener una mejor organizaci\u00f3n laboral o acad\u00e9mica. Tambi\u00e9n ayudan a que conozcas la actividad y frecuencia de uso que se le da a una impresora en particular para que puedas tomar decisiones econ\u00f3micas respecto a su administraci\u00f3n.<\/p>\n<p>La gesti\u00f3n de las impresiones es tan importante como conocer cu\u00e1ntos datos de internet consumes en un mes o cu\u00e1nto tiempo te dura la bater\u00eda de tu tel\u00e9fono inteligente; es informaci\u00f3n de gesti\u00f3n de recursos que te puede ayudar a optimizar su uso.<\/p>\n\n<\/div>\n<\/div>\n<\/div>\n<\/div>\n\n\n<h2 class=\"wp-block-heading\"><a><\/a>\u00bfC\u00f3mo ver los archivos que he impreso?<\/h2>\n\n\n\n<h3 class=\"wp-block-heading\">Activar el historial de impresiones de mi ordenador &#8211; Windows 10 \/ Windows 11<\/h3>\n\n\n\n<figure class=\"wp-block-image size-large is-style-default\"><img loading=\"lazy\" decoding=\"async\" width=\"1024\" height=\"683\" src=\"https:\/\/quecartucho.es\/blog\/wp-content\/uploads\/2022\/05\/\u00bfComo-ver-los-archivos-que-he-impreso-1024x683.jpg\" alt=\"\u00bfC\u00f3mo ver los archivos que he impreso?\" class=\"wp-image-16184\" title=\"\" srcset=\"https:\/\/quecartucho.es\/blog\/wp-content\/uploads\/2022\/05\/\u00bfComo-ver-los-archivos-que-he-impreso-1024x683.jpg 1024w, https:\/\/quecartucho.es\/blog\/wp-content\/uploads\/2022\/05\/\u00bfComo-ver-los-archivos-que-he-impreso-300x200.jpg 300w, https:\/\/quecartucho.es\/blog\/wp-content\/uploads\/2022\/05\/\u00bfComo-ver-los-archivos-que-he-impreso-768x512.jpg 768w, https:\/\/quecartucho.es\/blog\/wp-content\/uploads\/2022\/05\/\u00bfComo-ver-los-archivos-que-he-impreso-1536x1025.jpg 1536w, https:\/\/quecartucho.es\/blog\/wp-content\/uploads\/2022\/05\/\u00bfComo-ver-los-archivos-que-he-impreso-930x620.jpg 930w, https:\/\/quecartucho.es\/blog\/wp-content\/uploads\/2022\/05\/\u00bfComo-ver-los-archivos-que-he-impreso-150x100.jpg 150w, https:\/\/quecartucho.es\/blog\/wp-content\/uploads\/2022\/05\/\u00bfComo-ver-los-archivos-que-he-impreso.jpg 1920w\" sizes=\"auto, (max-width: 1024px) 100vw, 1024px\" \/><\/figure>\n\n\n\n<p>Desde Windows puedes activar esta caracter\u00edstica que te permite llevar un registro actualizado autom\u00e1ticamente de todos los documentos que procesa la impresora que tienes conectada al ordenador.<\/p>\n\n\n\n<ul class=\"wp-block-list\"><li>Abre el Visor de eventos (lo puedes buscar en el men\u00fa o en el buscador de la barra de tareas).<\/li><li>Despliega el men\u00fa de Registro de aplicaciones.<\/li><li>Selecciona Microsoft, luego Windows, y por \u00faltimo, PrintService.<\/li><li>En la caja de texto que dice Operativo, da clic derecho y selecciona Propiedades.<\/li><li>Ver\u00e1s c\u00f3mo se abre una ventana de opciones distintas. En la pesta\u00f1a General marca el recuadro de Habilitar registro, y selecciona la opci\u00f3n de Sobrescribir eventos si es necesario (significa que se actualizar\u00e1 de manera autom\u00e1tica).<\/li><li>Aplica los cambios y haz clic en Aceptar.<\/li><\/ul>\n\n\n\n<h3 class=\"wp-block-heading\"><a><\/a>Ver registro de impresiones<\/h3>\n\n\n\n<p>Una vez que est\u00e9 activado, puedes ingresar al Visor de eventos para que consultes cu\u00e1les documentos han sido impresos desde tu ordenador, siguiendo la ruta de Visor de eventos &gt; Acciones &gt; Abrir registro guardado &gt; Historial de impresi\u00f3n, donde estar\u00e1 el archivo de registro.<\/p>\n\n\n\n<h3 class=\"wp-block-heading\"><a><\/a>Conocer lo impreso desde una impresora<\/h3>\n\n\n\n<p><a><\/a> Para ver lo que se ha impreso, no solo desde tu ordenador, sino tambi\u00e9n desde otros ordenadores que utilicen tu impresora, puedes recurrir a la configuraci\u00f3n de la impresora que viene por <em>default<\/em> en Windows 10 y WIndows 11.<\/p>\n\n\n\n<ul class=\"wp-block-list\"><li>Abre el historial de impresi\u00f3n, est\u00e9 vac\u00edo o no. Selecciona el men\u00fa de Inicio y ve a Configuraci\u00f3n.<\/li><li>Se abrir\u00e1 una ventana con opciones varias. Escoge Dispositivos y luego Impresoras y esc\u00e1neres.<\/li><li>Ac\u00e1 ver\u00e1s todos los dispositivos reconocidos por tu ordenador. Selecciona la impresora y da clic derecho para seleccionar Abrir cola.<\/li><li>Haz clic en el men\u00fa de Impresora y luego en Propiedades, ahora para activar el registro a futuro de los documentos impresos.<\/li><li>Selecciona la impresora en Impresoras y esc\u00e1neres y en Administrar marcar\u00e1s la opci\u00f3n de Avanzado, para que se abra la configuraci\u00f3n que est\u00e1s buscando.<\/li><li>Marca el recuadro de Conservar documentos impresos y oprime Aceptar.<\/li><\/ul>\n\n\n\n<figure class=\"wp-block-image size-large is-style-default\"><img loading=\"lazy\" decoding=\"async\" width=\"1024\" height=\"683\" src=\"https:\/\/quecartucho.es\/blog\/wp-content\/uploads\/2022\/05\/Problemas-de-impresion-Windows-10-y-11-1024x683.jpg\" alt=\"\" class=\"wp-image-16183\" title=\"\" srcset=\"https:\/\/quecartucho.es\/blog\/wp-content\/uploads\/2022\/05\/Problemas-de-impresion-Windows-10-y-11-1024x683.jpg 1024w, https:\/\/quecartucho.es\/blog\/wp-content\/uploads\/2022\/05\/Problemas-de-impresion-Windows-10-y-11-300x200.jpg 300w, https:\/\/quecartucho.es\/blog\/wp-content\/uploads\/2022\/05\/Problemas-de-impresion-Windows-10-y-11-768x512.jpg 768w, https:\/\/quecartucho.es\/blog\/wp-content\/uploads\/2022\/05\/Problemas-de-impresion-Windows-10-y-11-1536x1024.jpg 1536w, https:\/\/quecartucho.es\/blog\/wp-content\/uploads\/2022\/05\/Problemas-de-impresion-Windows-10-y-11-930x620.jpg 930w, https:\/\/quecartucho.es\/blog\/wp-content\/uploads\/2022\/05\/Problemas-de-impresion-Windows-10-y-11-150x100.jpg 150w, https:\/\/quecartucho.es\/blog\/wp-content\/uploads\/2022\/05\/Problemas-de-impresion-Windows-10-y-11.jpg 2048w\" sizes=\"auto, (max-width: 1024px) 100vw, 1024px\" \/><\/figure>\n","protected":false},"excerpt":{"rendered":"<p>Cuando est\u00e1s en una racha de trabajo intenso o si tu flujo de trabajo requiere imprimir documentos con una frecuencia alta, puede volverse un poco tedioso y complicado llevar el control acerca de cu\u00e1les son los archivos que has impreso; mantener un registro puede ser muy \u00fatil para que siempre tengas todo de manera organizada&hellip;&nbsp;<a href=\"https:\/\/quecartucho.es\/blog\/como-comprobar-los-documentos-impresos-en-windows-10-y-windows-11\/\" rel=\"bookmark\">Leer m\u00e1s &raquo;<span class=\"screen-reader-text\">C\u00f3mo comprobar los documentos impresos en Windows 10 y Windows 11<\/span><\/a><\/p>\n","protected":false},"author":1,"featured_media":16182,"parent":0,"menu_order":0,"comment_status":"closed","ping_status":"closed","template":"","meta":{"neve_meta_sidebar":"full-width","neve_meta_container":"","neve_meta_enable_content_width":"on","neve_meta_content_width":100,"neve_meta_title_alignment":"","neve_meta_author_avatar":"","neve_post_elements_order":"","neve_meta_disable_header":"","neve_meta_disable_footer":"","neve_meta_disable_title":"","episode_type":"","audio_file":"","podmotor_file_id":"","podmotor_episode_id":"","cover_image":"","cover_image_id":"","duration":"","filesize":"","filesize_raw":"","date_recorded":"","explicit":"","block":"","footnotes":""},"class_list":["post-16181","page","type-page","status-publish","has-post-thumbnail","hentry"],"_links":{"self":[{"href":"https:\/\/quecartucho.es\/blog\/wp-json\/wp\/v2\/pages\/16181","targetHints":{"allow":["GET"]}}],"collection":[{"href":"https:\/\/quecartucho.es\/blog\/wp-json\/wp\/v2\/pages"}],"about":[{"href":"https:\/\/quecartucho.es\/blog\/wp-json\/wp\/v2\/types\/page"}],"author":[{"embeddable":true,"href":"https:\/\/quecartucho.es\/blog\/wp-json\/wp\/v2\/users\/1"}],"replies":[{"embeddable":true,"href":"https:\/\/quecartucho.es\/blog\/wp-json\/wp\/v2\/comments?post=16181"}],"version-history":[{"count":3,"href":"https:\/\/quecartucho.es\/blog\/wp-json\/wp\/v2\/pages\/16181\/revisions"}],"predecessor-version":[{"id":16190,"href":"https:\/\/quecartucho.es\/blog\/wp-json\/wp\/v2\/pages\/16181\/revisions\/16190"}],"wp:featuredmedia":[{"embeddable":true,"href":"https:\/\/quecartucho.es\/blog\/wp-json\/wp\/v2\/media\/16182"}],"wp:attachment":[{"href":"https:\/\/quecartucho.es\/blog\/wp-json\/wp\/v2\/media?parent=16181"}],"curies":[{"name":"wp","href":"https:\/\/api.w.org\/{rel}","templated":true}]}}