{"id":16191,"date":"2022-05-20T12:36:24","date_gmt":"2022-05-20T10:36:24","guid":{"rendered":"https:\/\/quecartucho.es\/blog\/?page_id=16191"},"modified":"2022-05-20T12:40:40","modified_gmt":"2022-05-20T10:40:40","slug":"como-imprimir-varias-fotos-en-una-sola-pagina","status":"publish","type":"page","link":"https:\/\/quecartucho.es\/blog\/impresoras\/fotograficas\/como-imprimir-varias-fotos-en-una-sola-pagina\/","title":{"rendered":"\u00bfC\u00f3mo imprimir varias fotos en una sola p\u00e1gina?"},"content":{"rendered":"\n<p>Imprimir varias im\u00e1genes en un mismo documento es una necesidad bastante habitual, principalmente entre las personas que desean aprovechar al m\u00e1ximo la superficie de impresi\u00f3n del papel fotogr\u00e1fico y as\u00ed evitar el desperdicio de material. Existen esencialmente tres formas de hacerlo, cada uno con su propio nivel de dificultad.<\/p>\n\n\n\n<h2 class=\"wp-block-heading\">Tres m\u00e9todos para imprimir varias fotos en una sola p\u00e1gina<\/h2>\n\n\n\n<p>Se puede elegir cualquiera de los m\u00e9todos siguientes, considerando las necesidades particulares que pueda tener el usuario y el nivel de pericia utilizando programas de edici\u00f3n de im\u00e1genes o procesamiento de texto. Nuestras tres opciones para imprimir fotos en una sola hoja, ser\u00edan:<\/p>\n\n\n\n<ol class=\"wp-block-list\"><li><strong>Visor de im\u00e1genes de Windows<\/strong><\/li><\/ol>\n\n\n\n<p>El visor de im\u00e1genes de Windows ofrece una forma sencilla de imprimir varias im\u00e1genes en una misma hoja. Para esto tendr\u00edamos que colocar todas las fotos que deseamos imprimir en una carpeta, seleccionando varias fotograf\u00edas se activar\u00e1 la opci\u00f3n de lo que podemos hacer con ellas, que en este caso ser\u00eda imprimirlas.<\/p>\n\n\n\n<p>Al hacer clic en imprimir, encontraremos la opci\u00f3n para modificar la configuraci\u00f3n de la impresora. Nos concentraremos en la quinta opci\u00f3n de configuraci\u00f3n, la cual nos permitir\u00e1 colocar cuatro im\u00e1genes en una sola hoja. Este valor puede modificarse, llegando a poder incluirse hasta 35 fotograf\u00edas en una sola p\u00e1gina.<\/p>\n\n\n\n<div class=\"wp-block-image is-style-default\"><figure class=\"aligncenter size-full\"><img loading=\"lazy\" decoding=\"async\" width=\"749\" height=\"562\" src=\"https:\/\/quecartucho.es\/blog\/wp-content\/uploads\/2022\/05\/imprimir-varias-fotos-en-una-sola-pagina-con-windows.jpg\" alt=\"imprimir varias fotos en una sola p\u00e1gina con windows\" class=\"wp-image-16193\" title=\"\" srcset=\"https:\/\/quecartucho.es\/blog\/wp-content\/uploads\/2022\/05\/imprimir-varias-fotos-en-una-sola-pagina-con-windows.jpg 749w, https:\/\/quecartucho.es\/blog\/wp-content\/uploads\/2022\/05\/imprimir-varias-fotos-en-una-sola-pagina-con-windows-300x225.jpg 300w, https:\/\/quecartucho.es\/blog\/wp-content\/uploads\/2022\/05\/imprimir-varias-fotos-en-una-sola-pagina-con-windows-150x113.jpg 150w\" sizes=\"auto, (max-width: 749px) 100vw, 749px\" \/><figcaption>Imprimir varias fotos en una sola p\u00e1gina con windows<\/figcaption><\/figure><\/div>\n\n\n\n<ol class=\"wp-block-list\" start=\"2\"><li><strong>Microsoft Power Point<\/strong><\/li><\/ol>\n\n\n\n<p>Microsoft Power Point es un procesador de presentaciones de diapositivas que funciona en Windows, macOS, iOS y Android. El mismo permite introducir im\u00e1genes y textos en diferentes formatos para formar diapositivas que luego pueden ser visualizadas en otros dispositivos o impresoras.<\/p>\n\n\n\n<p>Para imprimir varias im\u00e1genes en una sola p\u00e1gina, tendr\u00e1s que crear una diapositiva en blanco, insertar las im\u00e1genes y luego organizarlas en la posici\u00f3n deseada. Con el editor de texto es posible insertar alg\u00fan mensaje y finalmente, cuando la diapositiva contenga las im\u00e1genes en perfecto orden, se procede a imprimir el archivo tal y como lo har\u00edas con cualquier otro documento.<\/p>\n\n\n\n<figure class=\"wp-block-embed is-type-video is-provider-youtube wp-block-embed-youtube wp-embed-aspect-16-9 wp-has-aspect-ratio\"><div class=\"wp-block-embed__wrapper\">\n<div class=\"nv-iframe-embed\"><iframe loading=\"lazy\" title=\"Como imprimir varias diapositivas en una misma hoja en PowerPoint\" width=\"1200\" height=\"675\" src=\"https:\/\/www.youtube.com\/embed\/sAajOO8TcbU?feature=oembed\" frameborder=\"0\" allow=\"accelerometer; autoplay; clipboard-write; encrypted-media; gyroscope; picture-in-picture\" allowfullscreen><\/iframe><\/div>\n<\/div><\/figure>\n\n\n\n<ol class=\"wp-block-list\" start=\"3\"><li><strong>Utilizando Photoshop<\/strong><\/li><\/ol>\n\n\n\n<p>Otra forma de imprimir varias fotograf\u00edas en una sola p\u00e1gina, ser\u00eda utilizando Photoshop. Esta es la herramienta de edici\u00f3n fotogr\u00e1fica por excelencia, pero utilizarla requiere de conocimientos espec\u00edficos por lo que el nivel de dificultad es alto si te consideras un usuario promedio en lo que respecta a ordenadores.<\/p>\n\n\n\n<figure class=\"wp-block-embed is-type-video is-provider-youtube wp-block-embed-youtube wp-embed-aspect-16-9 wp-has-aspect-ratio\"><div class=\"wp-block-embed__wrapper\">\n<div class=\"nv-iframe-embed\"><iframe loading=\"lazy\" title=\"Plantilla objeto inteligente para imprimir fotos de carnet con Photoshop. Tutorial en espa\u00f1ol\" width=\"1200\" height=\"675\" src=\"https:\/\/www.youtube.com\/embed\/K7I2w9Q-3Hc?feature=oembed\" frameborder=\"0\" allow=\"accelerometer; autoplay; clipboard-write; encrypted-media; gyroscope; picture-in-picture\" allowfullscreen><\/iframe><\/div>\n<\/div><\/figure>\n\n\n\n<p>En cualquier caso, te mostramos una gu\u00eda r\u00e1pida. Tendr\u00e1s que utilizar el complemento <strong>Hoja de Contacto II<\/strong>, la cual se encuentra disponible por defecto. Antes de iniciar, aseg\u00farate de haber organizado todas las fotograf\u00edas que deseas imprimir en una sola carpeta para facilitar el proceso de ubicarlas durante la edici\u00f3n del documento.<\/p>\n\n\n\n<p>Inicia Photoshop y desde el men\u00fa desplegable elija <strong>Hoja de Contacto II<\/strong>, en la ventana de configuraci\u00f3n tendr\u00e1s que pulsar <strong>Uso&gt; Carpeta<\/strong> y presionar el bot\u00f3n <strong>Examinar<\/strong> para elegir la carpeta con las im\u00e1genes y desde el cuadro de miniatura seleccionar el n\u00famero de filas y columnas deseadas para el archivo, el espaciamiento y la posici\u00f3n que adoptar\u00e1n.<\/p>\n\n\n\n<p>Cuando pulses aceptar, se aplicar\u00e1n los cambios realizados y se generar\u00e1 autom\u00e1ticamente un collage que contiene las fotos organizadas y listas para ser impresas.<\/p>\n\n\n\n<p><\/p>\n","protected":false},"excerpt":{"rendered":"<p>Imprimir varias im\u00e1genes en un mismo documento es una necesidad bastante habitual, principalmente entre las personas que desean aprovechar al m\u00e1ximo la superficie de impresi\u00f3n del papel fotogr\u00e1fico y as\u00ed evitar el desperdicio de material. Existen esencialmente tres formas de hacerlo, cada uno con su propio nivel de dificultad. Tres m\u00e9todos para imprimir varias fotos&hellip;&nbsp;<a href=\"https:\/\/quecartucho.es\/blog\/impresoras\/fotograficas\/como-imprimir-varias-fotos-en-una-sola-pagina\/\" rel=\"bookmark\">Leer m\u00e1s &raquo;<span class=\"screen-reader-text\">\u00bfC\u00f3mo imprimir varias fotos en una sola p\u00e1gina?<\/span><\/a><\/p>\n","protected":false},"author":1,"featured_media":16198,"parent":2271,"menu_order":0,"comment_status":"closed","ping_status":"closed","template":"","meta":{"neve_meta_sidebar":"full-width","neve_meta_container":"","neve_meta_enable_content_width":"on","neve_meta_content_width":100,"neve_meta_title_alignment":"","neve_meta_author_avatar":"","neve_post_elements_order":"","neve_meta_disable_header":"","neve_meta_disable_footer":"","neve_meta_disable_title":"","episode_type":"","audio_file":"","podmotor_file_id":"","podmotor_episode_id":"","cover_image":"","cover_image_id":"","duration":"","filesize":"","filesize_raw":"","date_recorded":"","explicit":"","block":"","footnotes":""},"class_list":["post-16191","page","type-page","status-publish","has-post-thumbnail","hentry"],"_links":{"self":[{"href":"https:\/\/quecartucho.es\/blog\/wp-json\/wp\/v2\/pages\/16191","targetHints":{"allow":["GET"]}}],"collection":[{"href":"https:\/\/quecartucho.es\/blog\/wp-json\/wp\/v2\/pages"}],"about":[{"href":"https:\/\/quecartucho.es\/blog\/wp-json\/wp\/v2\/types\/page"}],"author":[{"embeddable":true,"href":"https:\/\/quecartucho.es\/blog\/wp-json\/wp\/v2\/users\/1"}],"replies":[{"embeddable":true,"href":"https:\/\/quecartucho.es\/blog\/wp-json\/wp\/v2\/comments?post=16191"}],"version-history":[{"count":2,"href":"https:\/\/quecartucho.es\/blog\/wp-json\/wp\/v2\/pages\/16191\/revisions"}],"predecessor-version":[{"id":16199,"href":"https:\/\/quecartucho.es\/blog\/wp-json\/wp\/v2\/pages\/16191\/revisions\/16199"}],"up":[{"embeddable":true,"href":"https:\/\/quecartucho.es\/blog\/wp-json\/wp\/v2\/pages\/2271"}],"wp:featuredmedia":[{"embeddable":true,"href":"https:\/\/quecartucho.es\/blog\/wp-json\/wp\/v2\/media\/16198"}],"wp:attachment":[{"href":"https:\/\/quecartucho.es\/blog\/wp-json\/wp\/v2\/media?parent=16191"}],"curies":[{"name":"wp","href":"https:\/\/api.w.org\/{rel}","templated":true}]}}