{"id":16216,"date":"2022-05-23T16:50:38","date_gmt":"2022-05-23T14:50:38","guid":{"rendered":"https:\/\/quecartucho.es\/blog\/?page_id=16216"},"modified":"2022-10-25T13:27:26","modified_gmt":"2022-10-25T11:27:26","slug":"la-impresora-brother-no-imprime-como-solucionarlo","status":"publish","type":"page","link":"https:\/\/quecartucho.es\/blog\/la-impresora-brother-no-imprime-como-solucionarlo\/","title":{"rendered":"La impresora Brother no imprime \u00bfc\u00f3mo solucionarlo?"},"content":{"rendered":"\n<p>La marca&nbsp;<strong>Brother<\/strong>&nbsp;es una de las m\u00e1s fiables a la hora de <a href=\"https:\/\/quecartucho.es\/blog\/\">comprar una impresora<\/a>. Pero esto no quiere decir que las&nbsp;<strong>impresoras Brother<\/strong>&nbsp;no pueden tener algunos problemas cuando intentamos lanzar un documento a imprimir.<\/p>\n\n\n\n<p>\u00bfNo imprime tu <a href=\"https:\/\/quecartucho.es\/blog\/impresoras-brother\/\">impresora Brother<\/a>? \u00a1No te preocupes! Aqu\u00ed te damos algunas soluciones con las que puedes probar.<\/p>\n\n\n\n<h2 class=\"wp-block-heading\"><strong>\u00bfCu\u00e1les son las causas m\u00e1s habituales de que la impresora Brother no imprima?<\/strong><\/h2>\n\n\n\n<div class=\"wp-block-columns is-layout-flex wp-container-core-columns-is-layout-9d6595d7 wp-block-columns-is-layout-flex\">\n<div class=\"wp-block-column is-layout-flow wp-block-column-is-layout-flow\">\n<p>Aunque es cierto que hay muchas&nbsp;<strong>causas<\/strong>&nbsp;que pod\u00edan explicar el problema de impresi\u00f3n, estos son los m\u00e1s habituales:<\/p>\n\n\n\n<ul class=\"wp-block-list\"><li>Conexi\u00f3n el\u00e9ctrica.<\/li><li>Conexi\u00f3n USB.<\/li><li>Relacionados con un nivel de tinta o t\u00f3ner demasiado vaco\/seco<\/li><li>Atasco de papel.<\/li><li>Driver (controlador) en el ordenador.<\/li><li>Problemas t\u00e9cnicos variados.<\/li><\/ul>\n<\/div>\n\n\n\n<div class=\"wp-block-column is-layout-flow wp-block-column-is-layout-flow\">\n<figure class=\"wp-block-image size-full is-style-default\"><img loading=\"lazy\" decoding=\"async\" width=\"1024\" height=\"576\" src=\"https:\/\/quecartucho.es\/blog\/wp-content\/uploads\/2022\/05\/Mi-impresora-Brother-no-imprime-y-tiene-tinta.jpg\" alt=\"Mi impresora Brother no imprime y tiene tinta\" class=\"wp-image-16225\" title=\"\" srcset=\"https:\/\/quecartucho.es\/blog\/wp-content\/uploads\/2022\/05\/Mi-impresora-Brother-no-imprime-y-tiene-tinta.jpg 1024w, https:\/\/quecartucho.es\/blog\/wp-content\/uploads\/2022\/05\/Mi-impresora-Brother-no-imprime-y-tiene-tinta-300x169.jpg 300w, https:\/\/quecartucho.es\/blog\/wp-content\/uploads\/2022\/05\/Mi-impresora-Brother-no-imprime-y-tiene-tinta-768x432.jpg 768w, https:\/\/quecartucho.es\/blog\/wp-content\/uploads\/2022\/05\/Mi-impresora-Brother-no-imprime-y-tiene-tinta-150x84.jpg 150w\" sizes=\"auto, (max-width: 1024px) 100vw, 1024px\" \/><figcaption>Mi impresora Brother no imprime y tiene tinta<\/figcaption><\/figure>\n<\/div>\n<\/div>\n\n\n\n<h2 class=\"wp-block-heading\"><strong>Los m\u00e9todos m\u00e1s efectivos para solucionar problemas de impresi\u00f3n en una impresora Brother<\/strong><\/h2>\n\n\n\n<h3 class=\"wp-block-heading\"><strong>1.<\/strong> <strong>\u00bfC\u00f3mo solucionar problemas de conexi\u00f3n?<\/strong><\/h3>\n\n\n\n<p>Podr\u00edan existir ciertos problemas de conexi\u00f3n que evitar\u00edan que la impresora pudiera funcionar. Antes de empezar con ning\u00fan otro proceso m\u00e1s complejo, conviene revisar lo siguiente:<\/p>\n\n\n\n<ul class=\"wp-block-list\"><li><strong>Comprueba con la impresora est\u00e1 conectada a la electricidad:&nbsp;<\/strong>un simple tir\u00f3n del cable puede haber hecho que se desconectase. Tambi\u00e9n se podr\u00eda haber seccionado por diferentes motivos. O, quiz\u00e1, el cable ya no funcione y sea un buen momento para sustituirlo por otro.<\/li><li><strong>Revisi\u00f3n de la conexi\u00f3n de la impresora con el equipo (cableado):&nbsp;<\/strong>si tenemos la impresora conectada por un cable USB o ethernet, es momento de revisarlo. Busca otro dispositivo en donde puedas usar dichos cables para ver si funcionan. Si no tienes ninguno, te tocar\u00e1 comprar un nuevo cable; la buena noticia es que no son caros y se pueden usar en muchos otros dispositivos.<\/li><li><strong>Revisi\u00f3n de la conexi\u00f3n inal\u00e1mbrica WiFi:&nbsp;<\/strong>dependiendo de la&nbsp;<strong>impresora Brother<\/strong>, puede tener este tipo de tecnolog\u00eda. Habr\u00e1 que comprobar si est\u00e1 habilitada la opci\u00f3n de WiFI y si est\u00e1 correctamente conectada a la red. Si sigue sin funcionar, prueba a conectarla por cable para descartar que el problema sea de la conexi\u00f3n inal\u00e1mbrica.<\/li><li><strong>Revisi\u00f3n de la conexi\u00f3n inal\u00e1mbrica bluetooth:&nbsp;<\/strong>si no encuentras la impresora en la lista de dispositivos Bluetooth disponibles, la mejor forma de solucionar el problema es reinici\u00e1ndola. Tambi\u00e9n puedes borrar la configuraci\u00f3n desde el dispositivo desde el que est\u00e1s lanzando la impresi\u00f3n y volver a sincronizarte con la impresora.<\/li><\/ul>\n\n\n\n<h3 class=\"wp-block-heading\"><strong>2.<\/strong> <strong>\u00bfC\u00f3mo solucionar el problema de tinta o t\u00f3ner vac\u00edo?<\/strong><\/h3>\n\n\n\n<div class=\"wp-block-columns is-layout-flex wp-container-core-columns-is-layout-9d6595d7 wp-block-columns-is-layout-flex\">\n<div class=\"wp-block-column is-layout-flow wp-block-column-is-layout-flow\" style=\"flex-basis:66.66%\">\n<p>Lo primero que tendremos que hacer es comprobar que, efectivamente, el problema es el del encabezado.<\/p>\n\n\n\n<p>Lo m\u00e1s habitual es que la impresora tenga alg\u00fan tipo de indicador luminoso que nos informe de la falta de tinta. Tambi\u00e9n es posible que nos lo muestre con alg\u00fan c\u00f3digo de error.<\/p>\n\n\n\n<p>Si tu&nbsp;<strong>impresora Brother<\/strong>&nbsp;tiene una aplicaci\u00f3n para m\u00f3vil o para ordenador que permita controlar sus especificaciones, es buen momento para echarle un vistazo. En la misma se nos informar\u00e1 sobre el nivel de <a href=\"https:\/\/quecartucho.es\/\" target=\"_blank\" rel=\"noreferrer noopener\"><strong>tinta de la impresora<\/strong><\/a>, y nos dar\u00e1 alg\u00fan aviso por si fuese el momento de hacer el cambio.<\/p>\n<\/div>\n\n\n\n<div class=\"wp-block-column is-layout-flow wp-block-column-is-layout-flow\" style=\"flex-basis:33.33%\">\n<figure class=\"wp-block-image size-full is-style-default\"><img loading=\"lazy\" decoding=\"async\" width=\"259\" height=\"194\" src=\"https:\/\/quecartucho.es\/blog\/wp-content\/uploads\/2022\/05\/toner-vacio.jpeg\" alt=\"t\u00f3ner vac\u00edo\" class=\"wp-image-16233\" title=\"\" srcset=\"https:\/\/quecartucho.es\/blog\/wp-content\/uploads\/2022\/05\/toner-vacio.jpeg 259w, https:\/\/quecartucho.es\/blog\/wp-content\/uploads\/2022\/05\/toner-vacio-150x112.jpeg 150w\" sizes=\"auto, (max-width: 259px) 100vw, 259px\" \/><figcaption>t\u00f3ner vac\u00edo<\/figcaption><\/figure>\n<\/div>\n<\/div>\n\n\n\n<p>El procedimiento para cambiar la tinta variar\u00e1 dependiendo del modelo, pero estos son los pasos que tendremos que dar en la gran mayor\u00eda de los casos:<\/p>\n\n\n\n<ol class=\"wp-block-list\"><li>a) Abre la cubierta de la impresora. Los cartuchos se desplazar\u00e1n de forma autom\u00e1tica hacia una posici\u00f3n para facilitar su extracci\u00f3n.<\/li><li>b) Pulsa la palanca de liberaci\u00f3n para extraer el color deseado.<\/li><li>c) Abre el nuevo envase de cartucho y retira el protector (dependiendo del modelo, podr\u00edamos estar hablando desde un pl\u00e1stico hasta alg\u00fan empaque m\u00e1s sofisticado).<\/li><li>d) Inserta el nuevo cartucho hasta que encaje haciendo un clic.<\/li><li>e) Sigue las instrucciones de la impresora. Seguramente tendr\u00e1s que&nbsp;<strong>calibrarla<\/strong>&nbsp;a trav\u00e9s de un proceso que consiste en la impresi\u00f3n de una p\u00e1gina de prueba y escaneado de la misma (en el caso de que se trate de una&nbsp;<strong>impresora multifunci\u00f3n<\/strong>).<\/li><\/ol>\n\n\n\n<div class=\"wp-block-columns is-layout-flex wp-container-core-columns-is-layout-9d6595d7 wp-block-columns-is-layout-flex\">\n<div class=\"wp-block-column is-layout-flow wp-block-column-is-layout-flow\">\n<figure class=\"wp-block-image size-full is-style-default\"><img loading=\"lazy\" decoding=\"async\" width=\"960\" height=\"960\" src=\"https:\/\/quecartucho.es\/blog\/wp-content\/uploads\/2022\/05\/cartuchos-de-tinta-brother.webp\" alt=\"cartuchos de tinta brother vacios\" class=\"wp-image-16229\" title=\"\" srcset=\"https:\/\/quecartucho.es\/blog\/wp-content\/uploads\/2022\/05\/cartuchos-de-tinta-brother.webp 960w, https:\/\/quecartucho.es\/blog\/wp-content\/uploads\/2022\/05\/cartuchos-de-tinta-brother-300x300.webp 300w, https:\/\/quecartucho.es\/blog\/wp-content\/uploads\/2022\/05\/cartuchos-de-tinta-brother-150x150.webp 150w, https:\/\/quecartucho.es\/blog\/wp-content\/uploads\/2022\/05\/cartuchos-de-tinta-brother-768x768.webp 768w, https:\/\/quecartucho.es\/blog\/wp-content\/uploads\/2022\/05\/cartuchos-de-tinta-brother-120x120.webp 120w, https:\/\/quecartucho.es\/blog\/wp-content\/uploads\/2022\/05\/cartuchos-de-tinta-brother-96x96.webp 96w\" sizes=\"auto, (max-width: 960px) 100vw, 960px\" \/><figcaption>Cartuchos de tinta Brother vac\u00edos<\/figcaption><\/figure>\n<\/div>\n\n\n\n<div class=\"wp-block-column is-layout-flow wp-block-column-is-layout-flow\"><div class=\"wp-block-image is-style-default\">\n<figure class=\"aligncenter size-full\"><img loading=\"lazy\" decoding=\"async\" width=\"500\" height=\"500\" src=\"https:\/\/quecartucho.es\/blog\/wp-content\/uploads\/2022\/05\/tinta-o-toner-vacio-brother.jpg\" alt=\"tinta o t\u00f3ner vac\u00edo brother\" class=\"wp-image-16228\" title=\"\" srcset=\"https:\/\/quecartucho.es\/blog\/wp-content\/uploads\/2022\/05\/tinta-o-toner-vacio-brother.jpg 500w, https:\/\/quecartucho.es\/blog\/wp-content\/uploads\/2022\/05\/tinta-o-toner-vacio-brother-300x300.jpg 300w, https:\/\/quecartucho.es\/blog\/wp-content\/uploads\/2022\/05\/tinta-o-toner-vacio-brother-150x150.jpg 150w, https:\/\/quecartucho.es\/blog\/wp-content\/uploads\/2022\/05\/tinta-o-toner-vacio-brother-120x120.jpg 120w, https:\/\/quecartucho.es\/blog\/wp-content\/uploads\/2022\/05\/tinta-o-toner-vacio-brother-96x96.jpg 96w\" sizes=\"auto, (max-width: 500px) 100vw, 500px\" \/><figcaption>T\u00f3ner vac\u00edo brother<\/figcaption><\/figure>\n<\/div><\/div>\n<\/div>\n\n\n\n<h3 class=\"wp-block-heading\"><strong>3.<\/strong> <strong>\u00bfC\u00f3mo solucionar un problema de tinta seca?<\/strong><\/h3>\n\n\n\n<p>Este es un problema muy habitual con el que tienen que batallar los propietarios de&nbsp;<strong>impresoras de inyecci\u00f3n<\/strong>&nbsp;que no imprimen a menudo. Es cierto que los nuevos modelos de impresoras est\u00e1n protegidos contra la tinta seca, pero no ocurre lo mismo con aquellos que ya tienen alg\u00fan tiempo o si los tienes desconectados de corriente durante mucho tiempo.<\/p>\n\n\n\n<p>Lo identificaremos al ver la hoja en blanco o con la carencia de un color cuando vamos a imprimir, aunque la impresora nos indique que los niveles de tinta sean aceptables.<\/p>\n\n\n\n<p>Con este m\u00e9todo podemos&nbsp;<em>resucitarla:<\/em><\/p>\n\n\n\n<ol class=\"wp-block-list\"><li>Extrae el <a href=\"https:\/\/quecartucho.es\/4-brother\" target=\"_blank\" rel=\"noreferrer noopener\">cartucho de tinta Brother<\/a>.<\/li><li>Llena un recipiente con agua caliente hasta alcanzar una profundidad de un dedo.<\/li><li>Sumerge una esponja en el recipiente hasta que empape bastante.<\/li><li>Coge el cartucho y aprieta la base del mismo (de la que sale tinta) contra la esponja. Haz esto de forma suave, de tal forma que se vaya deshaciendo poco a poco el tap\u00f3n que se ha creado con tinta seca.<\/li><li>Usa un pa\u00f1o que no desprenda pelusas para secarlo. Es importante secarlo dando peque\u00f1os golpecitos y no arrastrando.<\/li><li>Una vez est\u00e9 seco, lo volvemos a colocar en la impresora.<\/li><\/ol>\n\n\n\n<p><strong>Importante:&nbsp;<\/strong>te recomendamos hacer una o varias limpiezas desde el men\u00fa de la impresora.<\/p>\n\n\n\n<h3 class=\"wp-block-heading\"><strong>4.<\/strong> <strong>\u00bfC\u00f3mo solucionar un problema relacionado con el driver del PC?<\/strong><\/h3>\n\n\n\n<p>C\u00f3mo ya hemos visto al principio del art\u00edculo, otro de los problemas a los que nos podemos enfrentar con una&nbsp;<strong>impresora Brother<\/strong>&nbsp;est\u00e1 relacionado con los drivers.<\/p>\n\n\n\n<p>Un&nbsp;<strong>driver<\/strong>&nbsp;es un controlador, un archivo o conjunto de archivos que ayuda a que la impresora pueda comunicarse con el ordenador. Por lo general, los sistemas operativos actuales reconocer\u00e1n actualmente la impresora e instalar\u00e1n los drivers de forma autom\u00e1tica, pero puede que no sea as\u00ed.<\/p>\n\n\n\n<p>Para comprobar si hay alg\u00fan fallo, sigue estos pasos:<\/p>\n\n\n\n<ol class=\"wp-block-list\"><li>Escribe \u201cadministrador de dispositivos\u201d en la barra de b\u00fasqueda.<\/li><li>Pulsa la pesta\u00f1a de acci\u00f3n y despu\u00e9s marca en \u201cDispositivos e impresoras\u201d<\/li><li>Te saldr\u00e1 un listado de las impresoras que est\u00e1n instaladas y configuradas para ser utilizadas.<\/li><li>Si te aparece alguna alerta sobre la impresora, haz clic derecho encima del icono y pulsa en solucionar problemas. Seguramente el sistema busque drivers m\u00e1s actualizados para solucionar el problema.<\/li><li>&nbsp;Si no te aparece ninguna impresora, o no la has instalado correctamente o se ha desinstalado por alg\u00fan motivo. En este caso, vu\u00e9lvela a instalar.<\/li><\/ol>\n\n\n\n<p>Si no consigues solucionar el problema, puedes marcar la impresora y pulsar sobre&nbsp;<strong>quitar dispositivo<\/strong>. As\u00ed se eliminar\u00e1 y podr\u00e1s volver a instalarla de nuevo.<\/p>\n\n\n\n<h3 class=\"wp-block-heading\"><strong>5.<\/strong> <strong>\u00bfC\u00f3mo marcar la impresora Brother como predeterminada?<\/strong><\/h3>\n\n\n\n<p>Aunque es un problema f\u00e1cil de identificar, puede ocurrir en m\u00e1s de una ocasi\u00f3n si intentas imprimir r\u00e1pidamente, pensado que la impresora est\u00e1 preparada.<\/p>\n\n\n\n<p>Tambi\u00e9n es habitual que esto ocurra, por ejemplo, si conviertes habitualmente archivos en formato PDF en el momento de imprimir.<\/p>\n\n\n\n<p>Por fortuna, es f\u00e1cil de solucionar:<\/p>\n\n\n\n<ol class=\"wp-block-list\"><li>&nbsp;Escribe impresoras en la barra de b\u00fasqueda<\/li><li>&nbsp;Pulsa en \u201cImpresoras y esc\u00e1neres\u201d<\/li><li> Haz clic en la impresora en cuesti\u00f3n.<\/li><li> En la parte inferior debes buscar una opci\u00f3n que dice \u201cPermitir que Windows administre mi impresora predeterminada\u201d<\/li><\/ol>\n\n\n\n<p>Al darle a esta opci\u00f3n no har\u00e1 falta que est\u00e9s comprobando el dispositivo cada vez que tengas que imprimir.<\/p>\n\n\n\n<h3 class=\"wp-block-heading\"><strong>6.<\/strong>&nbsp;<strong>\u00bfC\u00f3mo solucionar un atasco de la cola de impresi\u00f3n?<\/strong><\/h3>\n\n\n\n<p>Acostumbramos a no tener demasiada paciencia con los dispositivos inform\u00e1ticos. Tal es as\u00ed que puede que hayamos pulsado varias veces en la opci\u00f3n de&nbsp;<strong>imprimir<\/strong>&nbsp;sin esperar siquiera.<\/p>\n\n\n\n<p>Esto puede llevar a una sobresaturaci\u00f3n de la&nbsp;<strong>cola de impresi\u00f3n<\/strong>. Si no cancelas todos los documentos, no pasar\u00e1s de este punto:<\/p>\n\n\n\n<ol class=\"wp-block-list\"><li>Pulsa en el icono de la impresora que est\u00e1 situado en la barra de tareas. Si no te aparece, tendr\u00e1s que acceder a trav\u00e9s de la opci\u00f3n de \u201cImpresoras y esc\u00e1neres\u201d como hemos visto en el apartado anterior.<\/li><li>Te aparecer\u00e1 un listado en donde se detalla cada documento y algunas caracter\u00edsticas (cantidad de p\u00e1ginas propietario, estado en el que se encuentra). Puedes cancelar uno por uno, o pulsar en&nbsp;<strong>impresora -&gt; Cancelar todos los documentos<\/strong>.<\/li><\/ol>\n\n\n\n<p>En principio, con esos dos pasos ser\u00e1 m\u00e1s que suficiente para desatascar la cola de impresi\u00f3n. Si no es as\u00ed, te tocar\u00e1 reiniciar el ordenador.<\/p>\n\n\n\n<h3 class=\"wp-block-heading\"><strong>7.<\/strong>&nbsp;<strong>\u00bfC\u00f3mo solucionar un problema del software de impresi\u00f3n?<\/strong><\/h3>\n\n\n\n<p>Otro posible supuesto podr\u00eda darse en el caso de que la propia impresora no sea la que tenga el problema, sino el programa desde el que estamos imprimiendo.<\/p>\n\n\n\n<p>Puede que no sea capaz de utilizar la impresora, o que no la reconozca por otro motivo.<\/p>\n\n\n\n<p>Aqu\u00ed puedes hacer dos cosas:<\/p>\n\n\n\n<ul class=\"wp-block-list\"><li><strong>Imprime con otro programa:&nbsp;<\/strong>es interesante para probar que este sea el problema, pero no como soluci\u00f3n permanente.<\/li><li><strong>Reinstala el programa:&nbsp;<\/strong>al final puede que la \u00fanica opci\u00f3n sea desinstalar y volver a instalar el programa.<\/li><\/ul>\n\n\n\n<h3 class=\"wp-block-heading\"><strong>8.<\/strong> <strong>\u00bfC\u00f3mo solucionar un atasco de papel?<\/strong><\/h3>\n\n\n\n<figure class=\"wp-block-image size-large is-style-default\"><img loading=\"lazy\" decoding=\"async\" width=\"1024\" height=\"585\" src=\"https:\/\/quecartucho.es\/blog\/wp-content\/uploads\/2022\/05\/\u00bfComo-solucionar-un-atasco-de-papel-1024x585.jpg\" alt=\"\u00bfC\u00f3mo solucionar un atasco de papel?\" class=\"wp-image-16231\" title=\"\" srcset=\"https:\/\/quecartucho.es\/blog\/wp-content\/uploads\/2022\/05\/\u00bfComo-solucionar-un-atasco-de-papel-1024x585.jpg 1024w, https:\/\/quecartucho.es\/blog\/wp-content\/uploads\/2022\/05\/\u00bfComo-solucionar-un-atasco-de-papel-300x171.jpg 300w, https:\/\/quecartucho.es\/blog\/wp-content\/uploads\/2022\/05\/\u00bfComo-solucionar-un-atasco-de-papel-768x439.jpg 768w, https:\/\/quecartucho.es\/blog\/wp-content\/uploads\/2022\/05\/\u00bfComo-solucionar-un-atasco-de-papel-150x86.jpg 150w, https:\/\/quecartucho.es\/blog\/wp-content\/uploads\/2022\/05\/\u00bfComo-solucionar-un-atasco-de-papel.jpg 1400w\" sizes=\"auto, (max-width: 1024px) 100vw, 1024px\" \/><\/figure>\n\n\n\n<p>Si se ha producido un atasco de papel en la impresora, estos son los pasos que te ayudar\u00e1n a solucionarlo:<\/p>\n\n\n\n<ul class=\"wp-block-list\"><li>Retira el papel suelto que quede en la bandeja.<\/li><li>Siempre retira el papel atascado desde la parte posterior de la impresora. Si lo haces desde la parte delantera, podr\u00edas da\u00f1arla.<\/li><li>Tira del papel con mucho cuidado para extraerlo.<\/li><\/ul>\n\n\n\n<p>Si el problema persiste, o si es m\u00e1s grave, es recomendable ponerte en contacto con un t\u00e9cnico para que se encargue de la soluci\u00f3n. De lo contrario, podr\u00edas agravar todav\u00eda m\u00e1s la soluci\u00f3n y tendr\u00edas que comprarte una nueva impresora.<\/p>\n\n\n\n<h2 class=\"wp-block-heading\">Errores de impresoras Brother<\/h2>\n\n\n<div class=\"pt-cv-wrapper\"><div class=\"pt-cv-view pt-cv-grid pt-cv-colsys\" id=\"pt-cv-view-f7b0a72jt1\"><div data-id=\"pt-cv-page-1\" class=\"pt-cv-page\" data-cvc=\"2\"><div class=\"col-md-6 col-sm-6 col-xs-12 pt-cv-content-item pt-cv-1-col\" ><div class='pt-cv-ifield'><a href=\"https:\/\/quecartucho.es\/blog\/error-51-en-impresoras-brother\/\" class=\"_self pt-cv-href-thumbnail pt-cv-thumb-default\" target=\"_self\" ><img loading=\"lazy\" decoding=\"async\" width=\"1024\" height=\"576\" src=\"https:\/\/quecartucho.es\/blog\/wp-content\/uploads\/2022\/10\/Error-51-en-impresoras-Brother-1024x576.jpg\" class=\"pt-cv-thumbnail\" alt=\"Error 51 en impresoras Brother\" srcset=\"https:\/\/quecartucho.es\/blog\/wp-content\/uploads\/2022\/10\/Error-51-en-impresoras-Brother-1024x576.jpg 1024w, https:\/\/quecartucho.es\/blog\/wp-content\/uploads\/2022\/10\/Error-51-en-impresoras-Brother-300x169.jpg 300w, https:\/\/quecartucho.es\/blog\/wp-content\/uploads\/2022\/10\/Error-51-en-impresoras-Brother-768x432.jpg 768w, https:\/\/quecartucho.es\/blog\/wp-content\/uploads\/2022\/10\/Error-51-en-impresoras-Brother-1536x864.jpg 1536w, https:\/\/quecartucho.es\/blog\/wp-content\/uploads\/2022\/10\/Error-51-en-impresoras-Brother-150x84.jpg 150w, https:\/\/quecartucho.es\/blog\/wp-content\/uploads\/2022\/10\/Error-51-en-impresoras-Brother.jpg 1920w\" sizes=\"auto, (max-width: 1024px) 100vw, 1024px\" title=\"\"><\/a>\n<h4 class=\"pt-cv-title\"><a href=\"https:\/\/quecartucho.es\/blog\/error-51-en-impresoras-brother\/\" class=\"_self\" target=\"_self\" >Error 51 en impresoras Brother<\/a><\/h4>\n<div class=\"pt-cv-content\">Cuando tenemos alg\u00fan tipo de problema con una impresora, y nos aparece un c\u00f3digo de error, lo primero que debemos ...<br \/><div class=\"pt-cv-rmwrap\"><a href=\"https:\/\/quecartucho.es\/blog\/error-51-en-impresoras-brother\/\" class=\"_self pt-cv-readmore btn btn-success\" target=\"_self\">Leer M\u00e1s<\/a><\/div><\/div><\/div><\/div>\n<div class=\"col-md-6 col-sm-6 col-xs-12 pt-cv-content-item pt-cv-1-col\" ><div class='pt-cv-ifield'><a href=\"https:\/\/quecartucho.es\/blog\/como-solucionar-el-error-4f-en-impresoras-brother\/\" class=\"_self pt-cv-href-thumbnail pt-cv-thumb-default\" target=\"_self\" ><img loading=\"lazy\" decoding=\"async\" width=\"1024\" height=\"576\" src=\"https:\/\/quecartucho.es\/blog\/wp-content\/uploads\/2022\/05\/Cuales-son-las-posibles-causas-del-error-4F-en-brother-1024x576.jpg\" class=\"pt-cv-thumbnail\" alt=\"Cu\u00e1les son las posibles causas del error 4F en brother\" srcset=\"https:\/\/quecartucho.es\/blog\/wp-content\/uploads\/2022\/05\/Cuales-son-las-posibles-causas-del-error-4F-en-brother-1024x576.jpg 1024w, https:\/\/quecartucho.es\/blog\/wp-content\/uploads\/2022\/05\/Cuales-son-las-posibles-causas-del-error-4F-en-brother-300x169.jpg 300w, https:\/\/quecartucho.es\/blog\/wp-content\/uploads\/2022\/05\/Cuales-son-las-posibles-causas-del-error-4F-en-brother-768x432.jpg 768w, https:\/\/quecartucho.es\/blog\/wp-content\/uploads\/2022\/05\/Cuales-son-las-posibles-causas-del-error-4F-en-brother-1536x864.jpg 1536w, https:\/\/quecartucho.es\/blog\/wp-content\/uploads\/2022\/05\/Cuales-son-las-posibles-causas-del-error-4F-en-brother-2048x1152.jpg 2048w, https:\/\/quecartucho.es\/blog\/wp-content\/uploads\/2022\/05\/Cuales-son-las-posibles-causas-del-error-4F-en-brother-150x84.jpg 150w\" sizes=\"auto, (max-width: 1024px) 100vw, 1024px\" title=\"\"><\/a>\n<h4 class=\"pt-cv-title\"><a href=\"https:\/\/quecartucho.es\/blog\/como-solucionar-el-error-4f-en-impresoras-brother\/\" class=\"_self\" target=\"_self\" >C\u00f3mo solucionar el error 4F en impresoras Brother<\/a><\/h4>\n<div class=\"pt-cv-content\">Las impresoras Brother nos pueden dar muchos c\u00f3digos de error que indicar\u00e1n que algo est\u00e1 fallando. Pero uno de los ...<br \/><div class=\"pt-cv-rmwrap\"><a href=\"https:\/\/quecartucho.es\/blog\/como-solucionar-el-error-4f-en-impresoras-brother\/\" class=\"_self pt-cv-readmore btn btn-success\" target=\"_self\">Leer M\u00e1s<\/a><\/div><\/div><\/div><\/div><\/div><\/div><\/div>\n","protected":false},"excerpt":{"rendered":"<p>La marca&nbsp;Brother&nbsp;es una de las m\u00e1s fiables a la hora de comprar una impresora. Pero esto no quiere decir que las&nbsp;impresoras Brother&nbsp;no pueden tener algunos problemas cuando intentamos lanzar un documento a imprimir. \u00bfNo imprime tu impresora Brother? \u00a1No te preocupes! Aqu\u00ed te damos algunas soluciones con las que puedes probar. \u00bfCu\u00e1les son las causas&hellip;&nbsp;<a href=\"https:\/\/quecartucho.es\/blog\/la-impresora-brother-no-imprime-como-solucionarlo\/\" rel=\"bookmark\">Leer m\u00e1s &raquo;<span class=\"screen-reader-text\">La impresora Brother no imprime \u00bfc\u00f3mo solucionarlo?<\/span><\/a><\/p>\n","protected":false},"author":1,"featured_media":16217,"parent":0,"menu_order":0,"comment_status":"closed","ping_status":"closed","template":"","meta":{"neve_meta_sidebar":"full-width","neve_meta_container":"","neve_meta_enable_content_width":"on","neve_meta_content_width":100,"neve_meta_title_alignment":"","neve_meta_author_avatar":"","neve_post_elements_order":"","neve_meta_disable_header":"","neve_meta_disable_footer":"","neve_meta_disable_title":"","episode_type":"","audio_file":"","podmotor_file_id":"","podmotor_episode_id":"","cover_image":"","cover_image_id":"","duration":"","filesize":"","filesize_raw":"","date_recorded":"","explicit":"","block":"","footnotes":""},"class_list":["post-16216","page","type-page","status-publish","has-post-thumbnail","hentry"],"_links":{"self":[{"href":"https:\/\/quecartucho.es\/blog\/wp-json\/wp\/v2\/pages\/16216","targetHints":{"allow":["GET"]}}],"collection":[{"href":"https:\/\/quecartucho.es\/blog\/wp-json\/wp\/v2\/pages"}],"about":[{"href":"https:\/\/quecartucho.es\/blog\/wp-json\/wp\/v2\/types\/page"}],"author":[{"embeddable":true,"href":"https:\/\/quecartucho.es\/blog\/wp-json\/wp\/v2\/users\/1"}],"replies":[{"embeddable":true,"href":"https:\/\/quecartucho.es\/blog\/wp-json\/wp\/v2\/comments?post=16216"}],"version-history":[{"count":9,"href":"https:\/\/quecartucho.es\/blog\/wp-json\/wp\/v2\/pages\/16216\/revisions"}],"predecessor-version":[{"id":17526,"href":"https:\/\/quecartucho.es\/blog\/wp-json\/wp\/v2\/pages\/16216\/revisions\/17526"}],"wp:featuredmedia":[{"embeddable":true,"href":"https:\/\/quecartucho.es\/blog\/wp-json\/wp\/v2\/media\/16217"}],"wp:attachment":[{"href":"https:\/\/quecartucho.es\/blog\/wp-json\/wp\/v2\/media?parent=16216"}],"curies":[{"name":"wp","href":"https:\/\/api.w.org\/{rel}","templated":true}]}}