{"id":16275,"date":"2022-05-26T07:58:39","date_gmt":"2022-05-26T05:58:39","guid":{"rendered":"https:\/\/quecartucho.es\/blog\/?page_id=16275"},"modified":"2022-05-26T08:00:48","modified_gmt":"2022-05-26T06:00:48","slug":"como-solucionar-el-error-4f-en-impresoras-brother","status":"publish","type":"page","link":"https:\/\/quecartucho.es\/blog\/como-solucionar-el-error-4f-en-impresoras-brother\/","title":{"rendered":"C\u00f3mo solucionar el error 4F en impresoras Brother"},"content":{"rendered":"\n<p>Las&nbsp;<strong><a href=\"https:\/\/quecartucho.es\/blog\/impresoras-brother\/\">impresoras Brother<\/a><\/strong>&nbsp;nos pueden dar muchos c\u00f3digos de error que indicar\u00e1n que algo est\u00e1 fallando. Pero uno de los m\u00e1s comunes es el&nbsp;<strong>error 4F.<\/strong><\/p>\n\n\n\n<p>El mensaje detallado que recibiremos ser\u00e1 el de&nbsp;<em><strong>No se puede imprimir -4F<\/strong><\/em>, y tan solo nos quedar\u00e1 recurrir al manual de instrucciones para saber a qu\u00e9 se refiere. Sin embargo, puede haber diferentes causas que lo provoquen.<\/p>\n\n\n\n<p>A lo largo de este art\u00edculo vamos a analizar algunas de las posibles causas:<\/p>\n\n\n\n<h2 class=\"wp-block-heading\"><strong>\u00bfCu\u00e1les son las posibles causas del error 4F?<\/strong><\/h2>\n\n\n\n<p>Estas son algunas de las causas que explicar\u00edan el error:<\/p>\n\n\n\n<div class=\"wp-block-columns is-layout-flex wp-container-core-columns-is-layout-9d6595d7 wp-block-columns-is-layout-flex\">\n<div class=\"wp-block-column is-layout-flow wp-block-column-is-layout-flow\">\n<ul class=\"wp-block-list\"><li>Mal Funcionamiento el\u00e9ctrico o mec\u00e1nico.<\/li><li>Papel atascado.<\/li><li>Tinta agotada.<\/li><li>Cabezal de impresi\u00f3n vac\u00edo.<\/li><li>Problema de sobrecalentamiento<\/li><li>Uso de tinta de baja calidad.<\/li><\/ul>\n<\/div>\n\n\n\n<div class=\"wp-block-column is-layout-flow wp-block-column-is-layout-flow\">\n<figure class=\"wp-block-image size-full is-style-default\"><img loading=\"lazy\" decoding=\"async\" width=\"672\" height=\"378\" src=\"https:\/\/quecartucho.es\/blog\/wp-content\/uploads\/2022\/05\/error-4F-en-impresoras-Brother.jpg\" alt=\"error 4F en impresoras Brother\" class=\"wp-image-16279\" title=\"\" srcset=\"https:\/\/quecartucho.es\/blog\/wp-content\/uploads\/2022\/05\/error-4F-en-impresoras-Brother.jpg 672w, https:\/\/quecartucho.es\/blog\/wp-content\/uploads\/2022\/05\/error-4F-en-impresoras-Brother-300x169.jpg 300w, https:\/\/quecartucho.es\/blog\/wp-content\/uploads\/2022\/05\/error-4F-en-impresoras-Brother-150x84.jpg 150w\" sizes=\"auto, (max-width: 672px) 100vw, 672px\" \/><\/figure>\n<\/div>\n<\/div>\n\n\n\n<h2 class=\"wp-block-heading\"><strong>F\u00f3rmulas para solucionar el error 4F en impresoras Brother<\/strong><\/h2>\n\n\n\n<p>Aqu\u00ed van algunas soluciones con las que podemos probar para que el problema desaparezca:<\/p>\n\n\n\n<h3 class=\"wp-block-heading\"><strong>1.<\/strong>&nbsp;<strong>Reinicio del dispositivo<\/strong><\/h3>\n\n\n\n<p>En la mayor\u00eda de los errores inform\u00e1ticos, ser\u00e1 m\u00e1s que suficiente reiniciar el aparato para que funcione como antes. Para ello, tan solo tienes que seguir estos pasos:<\/p>\n\n\n\n<ol class=\"wp-block-list\"><li>Presiona el bot\u00f3n de encendido para conseguir que se apague por completo.<\/li><li>Te recomendamos retirar el cable de alimentaci\u00f3n para que el reinicio sea total.<\/li><li>Para que no quede ninguna carga el\u00e9ctrica residual, deja que se mantenga apagada durante algunos minutos.<\/li><li>Vuelve a colocar los cables de alimentaci\u00f3n.<\/li><li>Presiona el bot\u00f3n de encendido.<\/li><li>Intenta imprimir de nuevo para comprobar si el problema se ha solucionado.<\/li><\/ol>\n\n\n\n<h3 class=\"wp-block-heading\"><strong>2.<\/strong>&nbsp;<strong>Enfr\u00eda la impresora Brother<\/strong><\/h3>\n\n\n\n<p>Si la&nbsp;<strong>impresora Brother<\/strong>&nbsp;se ha usado durante mucho tiempo, o si hay alg\u00fan tipo de mal funcionamiento interno, esto podr\u00edas ser el origen del&nbsp;<strong>error 4F<\/strong>. En este caso, vamos a ver c\u00f3mo podemos bajar la temperatura.<\/p>\n\n\n\n<ol class=\"wp-block-list\"><li>Abrimos la compuerta externa de la impresora y extraemos los cartuchos de tinta.<\/li><li>Limpiamos los puntos de contacto de los cartuchos y del dispositivo.<\/li><li>Retiramos cualquier cable que est\u00e9 conectado a la impresora (tanto los cables de corriente, como los USB).<\/li><li>Deja la impresora apagada sin ning\u00fan cable que se enfr\u00ede durante un tiempo m\u00ednimo de&nbsp;<strong>20 minutos<\/strong>.<\/li><li>Vuelve a conectar los cables y enciende la impresora.<\/li><li>Lanza una p\u00e1gina de prueba para determinar si el error 4F ha desaparecido.<\/li><\/ol>\n\n\n\n<h3 class=\"wp-block-heading\"><strong>3.<\/strong> <strong>Comprobaci\u00f3n de obstrucciones y polvo<\/strong><\/h3>\n\n\n\n<p>Ciertas obstrucciones, o el propio polvo, podr\u00edan ser los responsables de que los componentes internos de la impresora no funcionen de la forma correcta. As\u00ed que es importante hacer una revisi\u00f3n para ver qu\u00e9 es lo que est\u00e1 fallando.<\/p>\n\n\n\n<p>Para ello, sigue estos pasos:<\/p>\n\n\n\n<ol class=\"wp-block-list\"><li>C\u00f3mo en el caso anterior, apaga la impresora, retira todos los cables y deja que se enfr\u00ede un m\u00ednimo de 20 minutos.<\/li><li>Siempre y cuando sea posible,&nbsp;<strong>limpia el cabezal de impresi\u00f3n<\/strong>.<\/li><li>Haz una revisi\u00f3n detallada sobre el interior de la impresora analizando si hay alg\u00fan tipo de objeto externo que est\u00e9 causando un bloqueo (podr\u00eda ser papel, alg\u00fan elemento que se haya ca\u00eddo en la bandeja, incluso hasta el propio polvo).<\/li><li>Te recomendamos utilizar una peque\u00f1a aspiradora para aspirar el polvo que pueda haber en el interior de la impresora.<\/li><li>Vuelve a conectar todos los cables y comprueba si se ha solucionado el problema.<\/li><\/ol>\n\n\n<div id=\"rank-math-faq\" class=\"rank-math-block\">\n<div class=\"rank-math-list \">\n<div id=\"faq-question-1653543966292\" class=\"rank-math-list-item\">\n<h2 class=\"rank-math-question \"><strong>\u00bfC\u00f3mo limpiar el cabezal de la impresora Brother?<\/strong><\/h2>\n<div class=\"rank-math-answer \">\n<img loading=\"lazy\" decoding=\"async\" width=\"300\" height=\"225\" src=\"https:\/\/quecartucho.es\/blog\/wp-content\/uploads\/2022\/05\/limpiar-el-cabezal-de-la-impresora-Brother-300x225.webp\" class=\"alignright\" alt=\"\" title=\"\">\n<p>Como ya hemos comentado, es posible que el origen del\u00a0<strong>error 4F<\/strong>\u00a0est\u00e9 en el <a href=\"https:\/\/quecartucho.es\/blog\/que-es-un-cabezal-de-impresion\/\" target=\"_blank\" rel=\"noreferrer noopener\">cabezal de la impresora<\/a>. Por lo general, la propia m\u00e1quina se encarga de limpiarlo de forma autom\u00e1tica sin que se requiera de la acci\u00f3n del usuario. Sin embargo, no siempre es suficiente. En ocasiones, tendremos que <a href=\"https:\/\/quecartucho.es\/blog\/que-es-un-cabezal-de-impresion\/como-limpiar-un-cabezal-de-impresion\/\">proceder con la limpieza de forma manual<\/a>.<\/p>\n<p>Esta puede variar dependiendo del modelo de impresora que tengamos, pero estos son los pasos m\u00e1s comunes:<\/p>\n<p>a) Pulsa en la opci\u00f3n de\u00a0<strong>men\u00fa o de ajustes<\/strong>.<br \/>b) Pulsa en las teclas de \u00abarriba\u00bb o \u00ababajo\u00bb para desplazarte entre las diferentes funciones.<br \/>c) Busca la opci\u00f3n de\u00a0<strong>limpieza de cabeza de impresi\u00f3n<\/strong>\u00a0(tambi\u00e9n podr\u00eda llamarse\u00a0<strong>limpiado<\/strong>\u00a0o algo similar).<br \/>d) Tendr\u00e1s que elegir si quieres una limpieza\u00a0<strong>normal, fuerte o lo m\u00e1s fuerte<\/strong>. Dependiendo de la frecuencia con la que se haya hecho el mantenimiento, y de la gravedad del problema, elegiremos la mejor opci\u00f3n.<\/p>\n\n<\/div>\n<\/div>\n<\/div>\n<\/div>\n\n\n<h3 class=\"wp-block-heading\"><strong>Si todo esto falla? \u00a1Contacta con un t\u00e9cnico!<\/strong><\/h3>\n\n\n\n<p>Las actuaciones que hemos visto en las l\u00edneas anteriores son las m\u00e1s habituales para solucionar el famoso&nbsp;<strong>error 4F<\/strong>. No obstante, puede que hayas seguido los pasos al pie de la letra y no lo hayas conseguido arreglar.<\/p>\n\n\n\n<p>En este caso, es muy probable que el problema sea m\u00e1s grave de lo que parece, y se refiera a alg\u00fan tipo de aver\u00eda el\u00e9ctrica o mec\u00e1nica en alg\u00fan componente interno.<\/p>\n\n\n\n<p>Llegados a este punto, lo m\u00e1s recomendable es ponerse en contacto con un t\u00e9cnico experto en&nbsp;<strong>impresoras Brother<\/strong>&nbsp;que se encargue de evaluar la situaci\u00f3n y dar una soluci\u00f3n a nuestro problema.<\/p>\n","protected":false},"excerpt":{"rendered":"<p>Las&nbsp;impresoras Brother&nbsp;nos pueden dar muchos c\u00f3digos de error que indicar\u00e1n que algo est\u00e1 fallando. Pero uno de los m\u00e1s comunes es el&nbsp;error 4F. El mensaje detallado que recibiremos ser\u00e1 el de&nbsp;No se puede imprimir -4F, y tan solo nos quedar\u00e1 recurrir al manual de instrucciones para saber a qu\u00e9 se refiere. Sin embargo, puede haber&hellip;&nbsp;<a href=\"https:\/\/quecartucho.es\/blog\/como-solucionar-el-error-4f-en-impresoras-brother\/\" rel=\"bookmark\">Leer m\u00e1s &raquo;<span class=\"screen-reader-text\">C\u00f3mo solucionar el error 4F en impresoras Brother<\/span><\/a><\/p>\n","protected":false},"author":1,"featured_media":16278,"parent":0,"menu_order":0,"comment_status":"closed","ping_status":"closed","template":"","meta":{"neve_meta_sidebar":"full-width","neve_meta_container":"","neve_meta_enable_content_width":"on","neve_meta_content_width":100,"neve_meta_title_alignment":"","neve_meta_author_avatar":"","neve_post_elements_order":"","neve_meta_disable_header":"","neve_meta_disable_footer":"","neve_meta_disable_title":"","episode_type":"","audio_file":"","podmotor_file_id":"","podmotor_episode_id":"","cover_image":"","cover_image_id":"","duration":"","filesize":"","filesize_raw":"","date_recorded":"","explicit":"","block":"","footnotes":""},"class_list":["post-16275","page","type-page","status-publish","has-post-thumbnail","hentry"],"_links":{"self":[{"href":"https:\/\/quecartucho.es\/blog\/wp-json\/wp\/v2\/pages\/16275","targetHints":{"allow":["GET"]}}],"collection":[{"href":"https:\/\/quecartucho.es\/blog\/wp-json\/wp\/v2\/pages"}],"about":[{"href":"https:\/\/quecartucho.es\/blog\/wp-json\/wp\/v2\/types\/page"}],"author":[{"embeddable":true,"href":"https:\/\/quecartucho.es\/blog\/wp-json\/wp\/v2\/users\/1"}],"replies":[{"embeddable":true,"href":"https:\/\/quecartucho.es\/blog\/wp-json\/wp\/v2\/comments?post=16275"}],"version-history":[{"count":3,"href":"https:\/\/quecartucho.es\/blog\/wp-json\/wp\/v2\/pages\/16275\/revisions"}],"predecessor-version":[{"id":16282,"href":"https:\/\/quecartucho.es\/blog\/wp-json\/wp\/v2\/pages\/16275\/revisions\/16282"}],"wp:featuredmedia":[{"embeddable":true,"href":"https:\/\/quecartucho.es\/blog\/wp-json\/wp\/v2\/media\/16278"}],"wp:attachment":[{"href":"https:\/\/quecartucho.es\/blog\/wp-json\/wp\/v2\/media?parent=16275"}],"curies":[{"name":"wp","href":"https:\/\/api.w.org\/{rel}","templated":true}]}}