{"id":16336,"date":"2022-06-03T07:18:21","date_gmt":"2022-06-03T05:18:21","guid":{"rendered":"https:\/\/quecartucho.es\/blog\/?page_id=16336"},"modified":"2022-06-03T07:28:51","modified_gmt":"2022-06-03T05:28:51","slug":"como-saber-ip-de-mi-impresora","status":"publish","type":"page","link":"https:\/\/quecartucho.es\/blog\/como-saber-ip-de-mi-impresora\/","title":{"rendered":"\u00bfC\u00f3mo saber IP de mi impresora?"},"content":{"rendered":"\n<p><\/p>\n\n\n\n<p>Disponer de una impresora en red es fundamental para poder imprimir o escanear desde cualquier equipo que est\u00e9 conectado a la misma, lo que facilita mucho el trabajo en una oficina, comercio, o incluso en casa. Afortunadamente, la mayor\u00eda de <a href=\"https:\/\/quecartucho.es\/blog\/podcast\/1-6-impresoras-segun-su-conectividad\/\">modelos de impresora actuales disponen de conexi\u00f3n de red <\/a>por lo que se pueden a\u00f1adir de forma sencilla a la red conect\u00e1ndolas al router (preferiblemente por cable ethernet, aunque tambi\u00e9n se puede utilizar la red <a href=\"https:\/\/quecartucho.es\/blog\/impresoras\/tipos-de-impresoras-segun-su-conectividad\/que-es-wifi-en-mi-impresora-y-para-que-sirve\/\">wifi<\/a>).<\/p>\n\n\n\n<p>Configurar de forma correcta la impresora para darle acceso a todos los dispositivos que se conectan a la red es una tarea fundamental para que todo funcione de manera adecuada. Para lograrlo, es necesario conocer la<strong> direcci\u00f3n IP de la impresora<\/strong>.<\/p>\n\n\n<div class=\"wp-block-image is-style-default\">\n<figure class=\"aligncenter size-full\"><img loading=\"lazy\" decoding=\"async\" width=\"800\" height=\"439\" src=\"https:\/\/quecartucho.es\/blog\/wp-content\/uploads\/2022\/06\/necesario-conocer-la-direccion-IP-de-la-impresora.jpg\" alt=\"necesario conocer la direcci\u00f3n IP de la impresora\" class=\"wp-image-16343\" title=\"\" srcset=\"https:\/\/quecartucho.es\/blog\/wp-content\/uploads\/2022\/06\/necesario-conocer-la-direccion-IP-de-la-impresora.jpg 800w, https:\/\/quecartucho.es\/blog\/wp-content\/uploads\/2022\/06\/necesario-conocer-la-direccion-IP-de-la-impresora-300x165.jpg 300w, https:\/\/quecartucho.es\/blog\/wp-content\/uploads\/2022\/06\/necesario-conocer-la-direccion-IP-de-la-impresora-768x421.jpg 768w, https:\/\/quecartucho.es\/blog\/wp-content\/uploads\/2022\/06\/necesario-conocer-la-direccion-IP-de-la-impresora-150x82.jpg 150w\" sizes=\"auto, (max-width: 800px) 100vw, 800px\" \/><figcaption>Necesario conocer la direcci\u00f3n IP de la impresora<\/figcaption><\/figure>\n<\/div>\n\n<div id=\"rank-math-faq\" class=\"rank-math-block\">\n<div class=\"rank-math-list \">\n<div id=\"faq-question-1654232488731\" class=\"rank-math-list-item\">\n<h2 class=\"rank-math-question \"><strong>\u00bfQu\u00e9 es la direcci\u00f3n IP de la impresora<\/strong>?<\/h2>\n<div class=\"rank-math-answer \">\n<img loading=\"lazy\" decoding=\"async\" width=\"300\" height=\"200\" src=\"https:\/\/quecartucho.es\/blog\/wp-content\/uploads\/2022\/06\/Que-es-la-direccion-IP-de-la-impresora-300x200.jpg\" class=\"alignright\" alt=\"Qu\u00e9 es la direcci\u00f3n IP de la impresora\" title=\"\">\n<p>Cuando hablamos de direcci\u00f3n IP o direcci\u00f3n del protocolo de internet (internet protocolo), lo hacemos de un n\u00famero que indica la direcci\u00f3n de un dispositivo dentro de una red. La direcci\u00f3n IP de la impresora es este <strong>n\u00famero que se asigna la impresora y que permite encontrarla e identificarla dentro de la red<\/strong>.<\/p>\n<p>Cuando se conecta la impresora al router o switch de la red, su direcci\u00f3n IP se puede asignar de dos maneras distintas.<\/p>\n<p>\u21e8 <strong>Autom\u00e1ticamente<\/strong>. Si est\u00e1 activado el protocolo DHCP el propio router le asigna una IP de manera autom\u00e1tica.<br \/>\u21e8 <strong>Manualmente<\/strong>. En las opciones de configuraci\u00f3n de la propia impresora se le asigna manualmente, y de forma personalizada, una de las IPs dentro del rango en el que est\u00e1 configuradas en el router.<\/p>\n\n<\/div>\n<\/div>\n<div id=\"faq-question-1654232604373\" class=\"rank-math-list-item\">\n<h2 class=\"rank-math-question \"><strong>\u00bfC\u00f3mo puedes saber la IP de la impresora<\/strong>?<\/h2>\n<div class=\"rank-math-answer \">\n<img loading=\"lazy\" decoding=\"async\" width=\"300\" height=\"157\" src=\"https:\/\/quecartucho.es\/blog\/wp-content\/uploads\/2022\/06\/Como-saber-la-IP-de-mi-impresora-conectada-por-Wi-Fi-o-por-cable-300x157.jpg\" class=\"alignright\" alt=\"C\u00f3mo saber la IP de mi impresora conectada por Wi-Fi o por cable\" title=\"\">\n<p>Para conocer la IP de una impresora instalada en una red se pueden utilizar distintas t\u00e9cnicas, como podemos apreciar a continuaci\u00f3n.<\/p>\n<p>\u21e8 <strong>A trav\u00e9s del sistema operativo<\/strong><br \/>\u21e8 <strong>Utilizando un software o app m\u00f3vil<\/strong><br \/>\u21e8 <strong>A trav\u00e9s de la consola de comandos<\/strong><br \/>\u21e8 <strong>Imprimiendo la p\u00e1gina de configuraci\u00f3n de red<\/strong><br \/>\u21e8 <strong>Accediendo al router<\/strong><\/p>\n<p>En los siguientes p\u00e1rrafos te explicamos como se hace en cada uno de los casos.<\/p>\n\n<\/div>\n<\/div>\n<\/div>\n<\/div>\n\n\n<h3 class=\"wp-block-heading\"><strong>Mediante las opciones de la propia impresora<\/strong><\/h3>\n\n\n\n<p>Si la impresora ya est\u00e1 conectada y configurada en la red, es muy sencillo acceder a la informaci\u00f3n sobre la direcci\u00f3n IP y otros datos de la red desde las propias opciones de la impresora.<\/p>\n\n\n\n<p>En la <strong>pantalla que incluye la impresora se puede acceder a datos sobre la red desde sus opciones de configuraci\u00f3n\/red<\/strong>. Cada marca o modelo tendr\u00e1 una ruta diferente, pero similar para poder acceder a esta informaci\u00f3n, pero estar\u00e1 habitualmente en el apartado de configuraci\u00f3n y en la secci\u00f3n de red.<\/p>\n\n\n\n<p>En la pantalla se mostrar\u00e1 informaci\u00f3n como la <strong>IP Address<\/strong>, el Network Name, o la direcci\u00f3n MAC, entre otros datos.<\/p>\n\n\n\n<h3 class=\"wp-block-heading\"><strong>A trav\u00e9s del sistema operativo<\/strong><\/h3>\n\n\n\n<p>En el propio sistema operativo que utiliza el ordenador desde el que se trabaja en la red y que tiene configurada o acceso a la impresora, se puede buscar qu\u00e9 direcci\u00f3n IP tiene asignada la misma.<\/p>\n\n\n\n<p>Veamos c\u00f3mo acceder a la informaci\u00f3n sobre la IP de la impresora en los principales sistemas operativos.<\/p>\n\n\n\n<ul class=\"wp-block-list\"><li><strong>Windows<\/strong>. En el panel de control de Windows se puede acceder a la opci\u00f3n de Dispositivos e Impresoras para ver los conectados al equipo. Seleccionando las propiedades de la impresora (bot\u00f3n derecho sobre el icono de la impresora y seleccionar propiedades), en la pesta\u00f1a Servicios Web o en la pesta\u00f1a Puertos se podr\u00e1 consultar su direcci\u00f3n IP asignada.<\/li><li><strong>Mac<\/strong>. En los equipos de Apple tambi\u00e9n es muy sencillo saber cu\u00e1l es la IP de la impresora accediendo a las preferencias del sistema. En el apartado Impresoras y Esc\u00e1neres hay que seleccionar la impresora y hacer clic en Opciones y Suministros para poder ver la direcci\u00f3n IP que tiene en Ubicaci\u00f3n.<\/li><li><strong>Linux<\/strong>. En Linux hay que acceder a System Settings y seleccionar Printing para ver las impresoras instaladas. Eligiendo las opciones gesti\u00f3n y red de esa impresora se acceder\u00e1 a sus datos de conexi\u00f3n y se podr\u00e1 visualizar la IP asignada.<\/li><\/ul>\n\n\n\n<h3 class=\"wp-block-heading\"><strong>Utilizando un software o app m\u00f3vil<\/strong><\/h3>\n\n\n\n<div class=\"wp-block-columns is-layout-flex wp-container-core-columns-is-layout-9d6595d7 wp-block-columns-is-layout-flex\">\n<div class=\"wp-block-column is-layout-flow wp-block-column-is-layout-flow\">\n<p>Existen en el mercado distintas aplicaciones de red que permiten identificar los dispositivos conectados a la red y que pueden utilizarse para averiguar la IP de la impresora. Por ejemplo,<strong> IP Scanner<\/strong> es una aplicaci\u00f3n gratuita que escanea la red y muestra una lista de los dispositivos conectados a la red y la IP que est\u00e1n utilizando en esa conexi\u00f3n.<\/p>\n\n\n\n<p>Hoy en d\u00eda es habitual que usemos dispositivos m\u00f3viles para acceder e imprimir con la impresora de red. Si se emplea uno de estos dispositivos con Android o iOS la mejor alternativa para conocer la IP de la impresora de red es <strong>instalando una app espec\u00edfica <\/strong>para ello.<\/p>\n<\/div>\n\n\n\n<div class=\"wp-block-column is-layout-flow wp-block-column-is-layout-flow\"><div class=\"wp-block-image is-style-default\">\n<figure class=\"aligncenter size-full\"><img loading=\"lazy\" decoding=\"async\" width=\"300\" height=\"300\" src=\"https:\/\/quecartucho.es\/blog\/wp-content\/uploads\/2022\/06\/software-o-app-movil-para-obtener-la-ip-de-la-impresora.jpg\" alt=\"software o app m\u00f3vil para obtener la ip de la impresora\" class=\"wp-image-16344\" title=\"\" srcset=\"https:\/\/quecartucho.es\/blog\/wp-content\/uploads\/2022\/06\/software-o-app-movil-para-obtener-la-ip-de-la-impresora.jpg 300w, https:\/\/quecartucho.es\/blog\/wp-content\/uploads\/2022\/06\/software-o-app-movil-para-obtener-la-ip-de-la-impresora-150x150.jpg 150w, https:\/\/quecartucho.es\/blog\/wp-content\/uploads\/2022\/06\/software-o-app-movil-para-obtener-la-ip-de-la-impresora-120x120.jpg 120w, https:\/\/quecartucho.es\/blog\/wp-content\/uploads\/2022\/06\/software-o-app-movil-para-obtener-la-ip-de-la-impresora-96x96.jpg 96w\" sizes=\"auto, (max-width: 300px) 100vw, 300px\" \/><\/figure>\n<\/div><\/div>\n<\/div>\n\n\n\n<h3 class=\"wp-block-heading\"><strong>A trav\u00e9s de la consola de comandos<\/strong><\/h3>\n\n\n\n<p>La consola de comandos es una opci\u00f3n para configurar y acceder a informaci\u00f3n importante que incorporan los principales sistemas operativos como Linux, Mac OS o Windows. Con un <strong>comando espec\u00edfico<\/strong> en la consola se puede acceder a los datos sobre la IP asignada a la impresora.<\/p>\n\n\n\n<p>Veamos paso a paso c\u00f3mo conocer la direcci\u00f3n IP de la impresora utilizando la consola de comandos de Windows.<\/p>\n\n\n\n<ul class=\"wp-block-list\"><li>Acceder a la consola de comandos de Windows escribiendo CMD en el campo de b\u00fasqueda de la barra de Windows.<\/li><li>En la ventana de S\u00edmbolo de sistema introducir el siguiente comando: <strong>netstat -r<\/strong>.<\/li><li>Aparecer\u00e1 un listado de los dispositivos conectados a la red y la direcci\u00f3n IP que cada uno de ellos tiene asignada.<\/li><li>Identificar en la lista la impresora para conocer su direcci\u00f3n IP.<\/li><\/ul>\n\n\n\n<figure class=\"wp-block-image size-large is-style-default\"><img loading=\"lazy\" decoding=\"async\" width=\"1024\" height=\"727\" src=\"https:\/\/quecartucho.es\/blog\/wp-content\/uploads\/2022\/06\/netstat-en-windows-1024x727.webp\" alt=\"netstat en windows\" class=\"wp-image-16345\" title=\"\" srcset=\"https:\/\/quecartucho.es\/blog\/wp-content\/uploads\/2022\/06\/netstat-en-windows-1024x727.webp 1024w, https:\/\/quecartucho.es\/blog\/wp-content\/uploads\/2022\/06\/netstat-en-windows-300x213.webp 300w, https:\/\/quecartucho.es\/blog\/wp-content\/uploads\/2022\/06\/netstat-en-windows-768x545.webp 768w, https:\/\/quecartucho.es\/blog\/wp-content\/uploads\/2022\/06\/netstat-en-windows-150x107.webp 150w, https:\/\/quecartucho.es\/blog\/wp-content\/uploads\/2022\/06\/netstat-en-windows.webp 1200w\" sizes=\"auto, (max-width: 1024px) 100vw, 1024px\" \/><figcaption>netstat en windows<\/figcaption><\/figure>\n\n\n\n<h3 class=\"wp-block-heading\"><strong>Imprimiendo la p\u00e1gina de configuraci\u00f3n de red<\/strong><\/h3>\n\n\n\n<p>La gran mayor\u00eda de impresoras con opciones de red tienen la opci\u00f3n de<strong> imprimir una p\u00e1gina con los datos de configuraci\u00f3n de red<\/strong>. En las opciones de la propia impresora se puede ordenar la impresi\u00f3n de esta p\u00e1gina donde se mostrar\u00e1 numerosa informaci\u00f3n de red, como es el caso de la direcci\u00f3n IP que est\u00e1 usando para conectarse a la red.<\/p>\n\n\n\n<h3 class=\"wp-block-heading\"><strong>Accediendo al router<\/strong><\/h3>\n\n\n\n<p>Si se tiene acceso al router de la red, es muy sencillo conocer cu\u00e1l es la direcci\u00f3n IP asignada a los distintos dispositivos. En la interfaz web del router hay que acceder a la <strong>Tabla de Clientes DHCP o la lista de clientes<\/strong> que debe estar en las opciones de red local, para acceder a la lista de dispositivos conectados a la red, y donde se podr\u00e1 apreciar la IP de la impresora.<\/p>\n\n\n\n<p>Hemos visto distintas formas de conocer <strong>cu\u00e1l es la IP de mi impresora <\/strong>para que as\u00ed puedas seleccionar la que mejor te convenga a la hora de averiguar esta informaci\u00f3n.<\/p>\n\n\n<div class=\"wp-block-image is-style-default\">\n<figure class=\"aligncenter size-large\"><img loading=\"lazy\" decoding=\"async\" width=\"1024\" height=\"683\" src=\"https:\/\/quecartucho.es\/blog\/wp-content\/uploads\/2022\/06\/como-saber-la-ip-de-una-impresora-1024x683.webp\" alt=\"\u00bfcomo saber la ip de una impresora?\" class=\"wp-image-16338\" title=\"\" srcset=\"https:\/\/quecartucho.es\/blog\/wp-content\/uploads\/2022\/06\/como-saber-la-ip-de-una-impresora-1024x683.webp 1024w, https:\/\/quecartucho.es\/blog\/wp-content\/uploads\/2022\/06\/como-saber-la-ip-de-una-impresora-300x200.webp 300w, https:\/\/quecartucho.es\/blog\/wp-content\/uploads\/2022\/06\/como-saber-la-ip-de-una-impresora-768x512.webp 768w, https:\/\/quecartucho.es\/blog\/wp-content\/uploads\/2022\/06\/como-saber-la-ip-de-una-impresora-930x620.webp 930w, https:\/\/quecartucho.es\/blog\/wp-content\/uploads\/2022\/06\/como-saber-la-ip-de-una-impresora-150x100.webp 150w, https:\/\/quecartucho.es\/blog\/wp-content\/uploads\/2022\/06\/como-saber-la-ip-de-una-impresora.webp 1125w\" sizes=\"auto, (max-width: 1024px) 100vw, 1024px\" \/><figcaption>\u00bfComo saber la IP de una impresora?<\/figcaption><\/figure>\n<\/div>","protected":false},"excerpt":{"rendered":"<p>Disponer de una impresora en red es fundamental para poder imprimir o escanear desde cualquier equipo que est\u00e9 conectado a la misma, lo que facilita mucho el trabajo en una oficina, comercio, o incluso en casa. Afortunadamente, la mayor\u00eda de modelos de impresora actuales disponen de conexi\u00f3n de red por lo que se pueden a\u00f1adir&hellip;&nbsp;<a href=\"https:\/\/quecartucho.es\/blog\/como-saber-ip-de-mi-impresora\/\" rel=\"bookmark\">Leer m\u00e1s &raquo;<span class=\"screen-reader-text\">\u00bfC\u00f3mo saber IP de mi impresora?<\/span><\/a><\/p>\n","protected":false},"author":1,"featured_media":16341,"parent":0,"menu_order":0,"comment_status":"closed","ping_status":"closed","template":"","meta":{"neve_meta_sidebar":"full-width","neve_meta_container":"","neve_meta_enable_content_width":"on","neve_meta_content_width":100,"neve_meta_title_alignment":"","neve_meta_author_avatar":"","neve_post_elements_order":"","neve_meta_disable_header":"","neve_meta_disable_footer":"","neve_meta_disable_title":"","episode_type":"","audio_file":"","podmotor_file_id":"","podmotor_episode_id":"","cover_image":"","cover_image_id":"","duration":"","filesize":"","filesize_raw":"","date_recorded":"","explicit":"","block":"","footnotes":""},"class_list":["post-16336","page","type-page","status-publish","has-post-thumbnail","hentry"],"_links":{"self":[{"href":"https:\/\/quecartucho.es\/blog\/wp-json\/wp\/v2\/pages\/16336","targetHints":{"allow":["GET"]}}],"collection":[{"href":"https:\/\/quecartucho.es\/blog\/wp-json\/wp\/v2\/pages"}],"about":[{"href":"https:\/\/quecartucho.es\/blog\/wp-json\/wp\/v2\/types\/page"}],"author":[{"embeddable":true,"href":"https:\/\/quecartucho.es\/blog\/wp-json\/wp\/v2\/users\/1"}],"replies":[{"embeddable":true,"href":"https:\/\/quecartucho.es\/blog\/wp-json\/wp\/v2\/comments?post=16336"}],"version-history":[{"count":6,"href":"https:\/\/quecartucho.es\/blog\/wp-json\/wp\/v2\/pages\/16336\/revisions"}],"predecessor-version":[{"id":16351,"href":"https:\/\/quecartucho.es\/blog\/wp-json\/wp\/v2\/pages\/16336\/revisions\/16351"}],"wp:featuredmedia":[{"embeddable":true,"href":"https:\/\/quecartucho.es\/blog\/wp-json\/wp\/v2\/media\/16341"}],"wp:attachment":[{"href":"https:\/\/quecartucho.es\/blog\/wp-json\/wp\/v2\/media?parent=16336"}],"curies":[{"name":"wp","href":"https:\/\/api.w.org\/{rel}","templated":true}]}}