{"id":16386,"date":"2022-06-10T08:26:52","date_gmt":"2022-06-10T06:26:52","guid":{"rendered":"https:\/\/quecartucho.es\/blog\/?page_id=16386"},"modified":"2024-03-25T19:52:23","modified_gmt":"2024-03-25T17:52:23","slug":"cual-es-la-diferencia-entre-un-cartucho-de-tinta-y-un-toner","status":"publish","type":"page","link":"https:\/\/quecartucho.es\/blog\/cual-es-la-diferencia-entre-un-cartucho-de-tinta-y-un-toner\/","title":{"rendered":"\u00bfCu\u00e1l es la diferencia entre un cartucho de tinta y un t\u00f3ner?"},"content":{"rendered":"\n<p>A la hora de <a href=\"https:\/\/quecartucho.es\/blog\/\">adquirir una impresora<\/a>, una de las decisiones m\u00e1s importantes que hay que tomar es si utiliza<strong> cartuchos de tinta o t\u00f3ner<\/strong>. Esta decisi\u00f3n tendr\u00e1 repercusi\u00f3n en aspectos clave como el precio del dispositivo, la velocidad de impresi\u00f3n, el coste de los consumibles o la propia calidad de impresi\u00f3n.<\/p>\n\n\n\n<p>Desde hace muchos a\u00f1os ambos modelos de consumibles est\u00e1n presentes en el mercado, marcando claramente las dos principales formas de impresi\u00f3n existentes en la actualidad, tanto para uso empresarial, profesional, personal, e incluso industrial.<\/p>\n\n\n\n<div class=\"wp-block-columns is-layout-flex wp-container-core-columns-is-layout-9d6595d7 wp-block-columns-is-layout-flex\">\n<div class=\"wp-block-column is-layout-flow wp-block-column-is-layout-flow\">\n<h2 class=\"wp-block-heading\"><strong>Cartucho de tinta para impresoras de inyecci\u00f3n<\/strong><\/h2>\n\n\n\n<p>El <a href=\"https:\/\/quecartucho.es\/16394-cartuchos-de-tinta\"><strong>cartucho de tinta<\/strong><\/a> es el <strong>consumible en estado l\u00edquido que usan las impresoras de inyecci\u00f3n de tinta<\/strong>. Estos dispositivos utilizan un sistema formado por un cabezal de impresi\u00f3n que utiliza unos inyectores que expulsan la tinta sobre el papel l\u00ednea por l\u00ednea.<\/p>\n\n\n\n<p>Se trata de un modelo de impresi\u00f3n muy popular que permiti\u00f3 que las impresoras llegasen a todos los hogares y empresas, con modelos avanzados a color y adem\u00e1s multifunci\u00f3n, son capaces de imprimir con un alto nivel de calidad y una velocidad de impresi\u00f3n m\u00e1s que aceptable.<\/p>\n\n\n\n<h2 class=\"wp-block-heading\"><strong>T\u00f3ner para impresoras l\u00e1ser<\/strong><\/h2>\n\n\n\n<p>Un <a href=\"https:\/\/quecartucho.es\/16393-toners\"><strong>t\u00f3ner<\/strong><\/a> es un <strong>consumible de impresi\u00f3n que est\u00e1 relleno por polvo de tinta y que se utiliza en la impresi\u00f3n l\u00e1ser.<\/strong> Este tipo de impresi\u00f3n se basa en un sistema de tambor que gracias a la energ\u00eda est\u00e1tica y la intervenci\u00f3n de un dispositivo l\u00e1ser, realizan la impresi\u00f3n con polvo de tinta gracias a la atracci\u00f3n que generan en el mismo (aplicando presi\u00f3n y calor).<\/p>\n\n\n\n<p>Las impresoras l\u00e1ser de t\u00f3ner revolucionaron el mercado gracias al alto nivel de calidad que consiguen en las impresiones, la impresionante velocidad de impresi\u00f3n y el rendimiento que se puede sacar a los consumibles.<\/p>\n<\/div>\n\n\n\n<div class=\"wp-block-column is-layout-flow wp-block-column-is-layout-flow\">\n<figure class=\"wp-block-image size-large is-style-default\"><img loading=\"lazy\" decoding=\"async\" width=\"655\" height=\"1024\" src=\"https:\/\/quecartucho.es\/blog\/wp-content\/uploads\/2022\/06\/infografia-impresoras-laser-o-tinta-655x1024.png\" alt=\"infografia impresoras laser o tinta\" class=\"wp-image-16391\" title=\"\" srcset=\"https:\/\/quecartucho.es\/blog\/wp-content\/uploads\/2022\/06\/infografia-impresoras-laser-o-tinta-655x1024.png 655w, https:\/\/quecartucho.es\/blog\/wp-content\/uploads\/2022\/06\/infografia-impresoras-laser-o-tinta-192x300.png 192w, https:\/\/quecartucho.es\/blog\/wp-content\/uploads\/2022\/06\/infografia-impresoras-laser-o-tinta-768x1200.png 768w, https:\/\/quecartucho.es\/blog\/wp-content\/uploads\/2022\/06\/infografia-impresoras-laser-o-tinta-983x1536.png 983w, https:\/\/quecartucho.es\/blog\/wp-content\/uploads\/2022\/06\/infografia-impresoras-laser-o-tinta-150x234.png 150w, https:\/\/quecartucho.es\/blog\/wp-content\/uploads\/2022\/06\/infografia-impresoras-laser-o-tinta.png 1024w\" sizes=\"auto, (max-width: 655px) 100vw, 655px\" \/><figcaption class=\"wp-element-caption\">infografia impresoras laser o tinta<\/figcaption><\/figure>\n<\/div>\n<\/div>\n\n\n\n<h2 class=\"wp-block-heading\"><strong>Cu\u00e1les son las diferencias entre un t\u00f3ner y un cartucho de tinta<\/strong><\/h2>\n\n\n\n<p>Aunque estamos hablando de <a href=\"https:\/\/quecartucho.es\/\">consumibles de impresi\u00f3n<\/a>, se trata de dos elementos que presentan grandes diferencias en muchos aspectos. Conocer cu\u00e1les son los principales puntos que difieren entre cartuchos y t\u00f3ners es muy importante para seleccionar el mejor modelo de impresora para uso profesional, personal o empresarial.<\/p>\n\n\n\n<p>Veamos las principales diferencias entre ambos consumibles de impresi\u00f3n.<\/p>\n\n\n\n<h3 class=\"wp-block-heading\"><strong>Tipo de impresoras<\/strong><\/h3>\n\n\n\n<p>La diferencia m\u00e1s clara entre ambos consumibles se encuentra en el tipo de impresoras donde se utilizan.<\/p>\n\n\n\n<ul class=\"wp-block-list\">\n<li><strong>Impresoras de inyecci\u00f3n<\/strong>. Se trata de impresoras basadas en un sistema de inyectores que se encargan de proyectar a gran velocidad y precisi\u00f3n la tinta de los cartuchos en la superficie de impresi\u00f3n (papel, cart\u00f3n, pl\u00e1stico\u2026). Clic para ver \u00ab<a href=\"https:\/\/quecartucho.es\/blog\/impresoras\/inyeccion-de-tinta\/\" target=\"_blank\" rel=\"noreferrer noopener\">Mejores <strong>Impresoras de inyecci\u00f3n<\/strong> de tinta<\/a>\u00ab<\/li>\n\n\n\n<li><strong>Impresoras l\u00e1ser<\/strong>. Son impresoras que utilizan tecnolog\u00eda l\u00e1ser para plasmar polvo de tinta sobre las superficies de impresi\u00f3n, a una impresionante velocidad y precisi\u00f3n.  Clic para ver \u00ab<a href=\"https:\/\/quecartucho.es\/blog\/impresoras\/inyeccion-de-tinta\/\" target=\"_blank\" rel=\"noreferrer noopener\">Mejores impresoras l\u00e1ser<\/a>\u00ab<\/li>\n<\/ul>\n\n\n\n<p>Cuando se adquiere una impresora que emplea cartuchos de tinta, se est\u00e1 hablando de una impresora de inyecci\u00f3n, mientras que, si se hace de una impresora que usa t\u00f3ners, se habla de una impresora l\u00e1ser.<\/p>\n\n\n\n<p>Puedes conocer m\u00e1s sobre este tipo de impresoras en nuestro articulo: <a href=\"https:\/\/quecartucho.es\/blog\/impresora-de-tinta-o-impresora-laser\/\">Impresora de tinta o impresora l\u00e1ser: \u00bfCu\u00e1l elegir?<\/a><\/p>\n\n\n\n<h3 class=\"wp-block-heading\"><strong>Estado de la tinta<\/strong><\/h3>\n\n\n\n<p>La tinta que se utiliza para imprimir en un <a href=\"https:\/\/es.wikipedia.org\/wiki\/T%C3%B3ner\" target=\"_blank\" rel=\"noreferrer noopener nofollow\">t\u00f3ner<\/a> se presenta en un <strong>polvo muy fino<\/strong>, mientras que los <a href=\"https:\/\/es.wikipedia.org\/wiki\/Cartucho_de_tinta\" rel=\"nofollow noopener\" target=\"_blank\">cartuchos de tinta<\/a> contienen este elemento en <strong>estado l\u00edquido<\/strong>, con una viscosidad y densidad adecuada para que pueda ser inyectada a presi\u00f3n sobre el papel y otras superficies.<\/p>\n\n\n\n<p><strong>El contenido de un cartucho de tinta es, por lo tanto, tinta en estado l\u00edquido, mientras que el contenido de un t\u00f3ner es tinta en polvo<\/strong>.<\/p>\n\n\n\n<h3 class=\"wp-block-heading\"><strong>Precio del consumible y rendimiento obtenido.<\/strong><\/h3>\n\n\n\n<p>Los t\u00f3ners son significativamente m\u00e1s caros que los cartuchos de tinta. A la hora de <strong>comprar t\u00f3ners<\/strong> para una impresora l\u00e1ser, la factura a abonar ser\u00e1 notablemente mayor que en el caso de adquirir cartuchos de tinta.<\/p>\n\n\n\n<p>En el caso de impresoras a color, el coste se dispara a\u00fan m\u00e1s. Comprar un set de cartuchos de tinta a color y negra es mucho m\u00e1s barato que hacerlo de t\u00f3ners a color y negro (cuyo desembolso puede alcanzar cifras realmente altas).<\/p>\n\n\n\n<p>A pesar de que el coste del t\u00f3ner sea superior al de los cartuchos de tinta, el rendimiento que se obtiene es mucho mayor. Es decir, que el precio por p\u00e1gina imprimida ser\u00e1 menor en una impresora l\u00e1ser que en una de inyecci\u00f3n de tinta.<\/p>\n\n\n\n<p>En resumen, <strong>un t\u00f3ner es m\u00e1s caro, pero tiene mayor rendimiento en las impresiones que un cartucho de tinta<\/strong>.<\/p>\n\n\n\n<h3 class=\"wp-block-heading\"><strong>Capacidad de impresi\u00f3n<\/strong><\/h3>\n\n\n\n<p>La capacidad de impresiones es otra de las diferencias notables entre estos dos tipos de consumibles. <strong>Un t\u00f3ner tiene una capacidad mucho mayor de impresi\u00f3n que un cartucho de tinta<\/strong>, lo que se plasma en que el n\u00famero de p\u00e1ginas imprimibles con el mismo t\u00f3ner es notablemente superior al que se consigue con un cartucho de tinta (incluso con los <a href=\"https:\/\/quecartucho.es\/blog\/cartuchos-tinta-xl-significa\/\" target=\"_blank\" rel=\"noreferrer noopener\">modelos XL de cartuchos<\/a> que ofrecen algunas marcas).<\/p>\n\n\n\n<p>En este aspecto, cabe destacar, que un t\u00f3ner puede prolongar su vida en un n\u00famero interesantes de impresiones, retir\u00e1ndolo de la impresora y sacudi\u00e9ndolo para reubicar su polvo del interior. Sin embargo, esta t\u00e9cnica que utilizan muchas personas y empresas no suele ser recomendada por los fabricantes, tanto de impresoras como de t\u00f3ners. (Nosotros si lo recomendamos, cuado llevas mucho tiempo sin usar la impresora y se ve una impresi\u00f3n que no es uniforme, o cuando te has quedado sin t\u00f3ner y te va a tardar un d\u00eda en llegar, como truco para poder sacar la copia de hoy. Hay que hacerlo de forma suave y siempre se corre el riesgo de poner todo perdido de toner si te pasas.)<\/p>\n\n\n\n<h3 class=\"wp-block-heading\"><strong>Dimensiones<\/strong><\/h3>\n\n\n\n<p><strong>El tama\u00f1o f\u00edsico de un t\u00f3ner es mucho mayor que el de un cartucho de tinta<\/strong>. A la hora de adquirir estos consumibles, la diferencia de tama\u00f1o es a\u00fan mayor debido a las protecciones y embalaje que suelen implementar los fabricantes de t\u00f3ners para proteger estos consumibles.<\/p>\n\n\n\n<h3 class=\"wp-block-heading\"><strong>Facilidad de instalaci\u00f3n<\/strong><\/h3>\n\n\n\n<p>Tanto la instalaci\u00f3n de los cartuchos de tinta como de un t\u00f3ner en una impresora son procesos relativamente sencillos. Consiste en abrir la zona adecuada de la impresora donde se insertan, desembalar el cartucho o t\u00f3ner, retirarle las protecciones de pl\u00e1stico que traen de f\u00e1brica y proceder a insertarlas en el sentido adecuado.<\/p>\n\n\n\n<p>Sin embargo, existe una sutil diferencia en el proceso de instalaci\u00f3n, pues <strong>las impresoras de t\u00f3ner requieren de una mayor precisi\u00f3n al encajar el consumible<\/strong>, mientras que los cartuchos de tinta son instalados solo con una peque\u00f1a presi\u00f3n.<\/p>\n\n\n<div class=\"wp-block-image\">\n<figure class=\"aligncenter size-full\"><img loading=\"lazy\" decoding=\"async\" width=\"768\" height=\"795\" src=\"https:\/\/quecartucho.es\/blog\/wp-content\/uploads\/2024\/03\/Diferencias-entre-tinta-y-toner.jpg\" alt=\"Diferencias entre tinta y toner\" class=\"wp-image-22237\" title=\"\" srcset=\"https:\/\/quecartucho.es\/blog\/wp-content\/uploads\/2024\/03\/Diferencias-entre-tinta-y-toner.jpg 768w, https:\/\/quecartucho.es\/blog\/wp-content\/uploads\/2024\/03\/Diferencias-entre-tinta-y-toner-290x300.jpg 290w\" sizes=\"auto, (max-width: 768px) 100vw, 768px\" \/><figcaption class=\"wp-element-caption\">Diferencias entre tinta y toner<\/figcaption><\/figure>\n<\/div>\n\n\n<h3 class=\"wp-block-heading\"><strong>Velocidad de impresi\u00f3n<\/strong><\/h3>\n\n\n\n<p>Otra de las diferencias m\u00e1s importantes entre ambos consumibles es la velocidad de impresi\u00f3n. <strong>El polvo del t\u00f3ner permite que los dispositivos l\u00e1ser puedan realizar impresiones a una mayor velocidad<\/strong>, es decir, que el n\u00famero de p\u00e1ginas por minuto que es capaz de imprimir una impresora l\u00e1ser que utiliza t\u00f3ner es mucho mayor que las impresoras de inyecci\u00f3n que utilizan cartuchos de tinta.<\/p>\n\n\n\n<h3 class=\"wp-block-heading\"><strong>Dispositivos complementarios<\/strong><\/h3>\n\n\n\n<p>Algunas impresoras l\u00e1ser, adem\u00e1s del t\u00f3ner, utilizan otros dispositivos necesarios para la impresi\u00f3n y que son consumibles relacionados con el mismo, como puede ser el <strong>tambor o el recolector de polvo<\/strong>.&nbsp;<\/p>\n\n\n\n<p>Los cartuchos de tinta tambi\u00e9n pueden disponer de elementos extras, es decir, <strong>incluir el <a href=\"https:\/\/quecartucho.es\/blog\/que-es-un-cabezal-de-impresion\/\">cabezal<\/a> en el propio cartucho<\/strong>, aunque es algo que ocurr\u00eda m\u00e1s en modelos antiguos de impresoras.<\/p>\n\n\n\n<h3 class=\"wp-block-heading\"><strong>Mantenimiento<\/strong><\/h3>\n\n\n\n<p>Ambos son consumibles que generan un nivel de \u201csuciedad\u201d dentro de la impresora, por lo que es necesario realizar un mantenimiento cada cierto tiempo para asegurar que el dispositivo pueda seguir imprimiendo en condiciones \u00f3ptimas.<\/p>\n\n\n\n<p><strong>Las impresoras l\u00e1ser suelen tener m\u00e1s problemas debidos a que el polvo que desprende el t\u00f3ner se adhiere f\u00e1cilmente a ciertas zonas de la impresora<\/strong>, por lo que un mantenimiento peri\u00f3dico para limpiarla es necesario.<\/p>\n\n\n\n<p>En el caso de las impresoras que utilizan cartucho de tinta, suele ocurrir un proceso similar, aunque la zona a limpiar suele estar m\u00e1s localizada en los propios inyectores o cabezal, donde es necesario<strong> retirar la tinta que se acumula y seca en la zon<\/strong>a.<\/p>\n\n\n\n<ul class=\"wp-block-list\">\n<li><a href=\"https:\/\/quecartucho.es\/blog\/como-limpiar-una-impresora-laser\/\">\u00bfC\u00f3mo limpiar una impresora l\u00e1ser?<\/a><\/li>\n\n\n\n<li><a href=\"https:\/\/quecartucho.es\/blog\/que-es-un-cabezal-de-impresion\/como-limpiar-un-cabezal-de-impresion\/\">\u00bfC\u00f3mo limpiar un cabezal de impresi\u00f3n?<\/a><\/li>\n<\/ul>\n\n\n\n<h3 class=\"wp-block-heading\"><strong>Durabilidad<\/strong><\/h3>\n\n\n\n<p>En el concepto de durabilidad de cartuchos y t\u00f3ners podemos hacer referencia a dos conceptos diferentes.<\/p>\n\n\n\n<ul class=\"wp-block-list\">\n<li><strong>N\u00famero de impresiones<\/strong>. En cuanto a las hojas que se pueden imprimir, un t\u00f3ner admite muchas m\u00e1s impresiones que un cartucho de tinta, siendo tambi\u00e9n su rentabilidad mucho m\u00e1s alta.<\/li>\n\n\n\n<li><strong>Durabilidad en el tiempo<\/strong>. Un t\u00f3ner dura mucho m\u00e1s tiempo en buen estado de uso que un cartucho de tinta, pues este \u00faltimo tiene problemas con la salida de tinta si no se realizan impresiones a menudo (se seca la tinta en los orificios de salida impidiendo su correcto funcionamiento).<\/li>\n<\/ul>\n\n\n\n<p><\/p>\n\n\n\n<h2 class=\"wp-block-heading\"><strong>T\u00f3ner vs cartuchos de tinta: \u00bfCu\u00e1l elegir?<\/strong><\/h2>\n\n\n<div class=\"wp-block-image is-style-default\">\n<figure class=\"aligncenter size-large\"><img loading=\"lazy\" decoding=\"async\" width=\"1024\" height=\"544\" src=\"https:\/\/quecartucho.es\/blog\/wp-content\/uploads\/2022\/06\/Toner-vs-cartuchos-de-tinta-\u00bfCual-elegir-1024x544.jpg\" alt=\"Impresora de t\u00f3ner disparando un l\u00e1ser contra la impresora de cartuchos de tinta\" class=\"wp-image-16389\" title=\"\" srcset=\"https:\/\/quecartucho.es\/blog\/wp-content\/uploads\/2022\/06\/Toner-vs-cartuchos-de-tinta-\u00bfCual-elegir-1024x544.jpg 1024w, https:\/\/quecartucho.es\/blog\/wp-content\/uploads\/2022\/06\/Toner-vs-cartuchos-de-tinta-\u00bfCual-elegir-300x160.jpg 300w, https:\/\/quecartucho.es\/blog\/wp-content\/uploads\/2022\/06\/Toner-vs-cartuchos-de-tinta-\u00bfCual-elegir-768x408.jpg 768w, https:\/\/quecartucho.es\/blog\/wp-content\/uploads\/2022\/06\/Toner-vs-cartuchos-de-tinta-\u00bfCual-elegir-150x80.jpg 150w, https:\/\/quecartucho.es\/blog\/wp-content\/uploads\/2022\/06\/Toner-vs-cartuchos-de-tinta-\u00bfCual-elegir.jpg 1200w\" sizes=\"auto, (max-width: 1024px) 100vw, 1024px\" \/><figcaption class=\"wp-element-caption\">T\u00f3ner vs cartuchos de tinta: \u00bfCu\u00e1l elegir?<\/figcaption><\/figure>\n<\/div>\n\n\n<p>Con toda la informaci\u00f3n que hemos nombrado anteriormente entre la <strong>comparativa entre cartucho de tinta vs t\u00f3ner<\/strong>, podr\u00e1s tomar la mejor decisi\u00f3n de compra a la hora de seleccionar una impresora para tu empresa, actividad profesional o para casa.<\/p>\n\n\n\n<p>Veamos un resumen sobre estas diferencias que hacen m\u00e1s interesantes la compra de un dispositivo que utilicen uno u otro tipo de consumible.<\/p>\n\n\n\n<div class=\"wp-block-columns is-layout-flex wp-container-core-columns-is-layout-9d6595d7 wp-block-columns-is-layout-flex\">\n<div class=\"wp-block-column is-layout-flow wp-block-column-is-layout-flow\">\n<p><strong>Comprar una impresora l\u00e1ser que utiliza t\u00f3ner <\/strong>es m\u00e1s interesante si:<\/p>\n\n\n\n<ul class=\"wp-block-list\">\n<li>Se busca m\u00e1s velocidad de impresi\u00f3n y un mayor rendimiento.<\/li>\n\n\n\n<li>Para afrontar grandes vol\u00famenes de impresi\u00f3n.<\/li>\n\n\n\n<li>Se necesita un nivel muy alto en la calidad de impresi\u00f3n (Textos y graficas).<\/li>\n<\/ul>\n<\/div>\n\n\n\n<div class=\"wp-block-column is-layout-flow wp-block-column-is-layout-flow\"><div class=\"wp-block-image is-style-default\">\n<figure class=\"aligncenter size-medium\"><img loading=\"lazy\" decoding=\"async\" width=\"300\" height=\"200\" src=\"https:\/\/quecartucho.es\/blog\/wp-content\/uploads\/2022\/06\/impresora-laser-que-utiliza-toner-300x200.jpeg\" alt=\"impresora l\u00e1ser que utiliza t\u00f3ner\" class=\"wp-image-16396\" title=\"\" srcset=\"https:\/\/quecartucho.es\/blog\/wp-content\/uploads\/2022\/06\/impresora-laser-que-utiliza-toner-300x200.jpeg 300w, https:\/\/quecartucho.es\/blog\/wp-content\/uploads\/2022\/06\/impresora-laser-que-utiliza-toner-1024x683.jpeg 1024w, https:\/\/quecartucho.es\/blog\/wp-content\/uploads\/2022\/06\/impresora-laser-que-utiliza-toner-768x512.jpeg 768w, https:\/\/quecartucho.es\/blog\/wp-content\/uploads\/2022\/06\/impresora-laser-que-utiliza-toner-1536x1024.jpeg 1536w, https:\/\/quecartucho.es\/blog\/wp-content\/uploads\/2022\/06\/impresora-laser-que-utiliza-toner-930x620.jpeg 930w, https:\/\/quecartucho.es\/blog\/wp-content\/uploads\/2022\/06\/impresora-laser-que-utiliza-toner-150x100.jpeg 150w, https:\/\/quecartucho.es\/blog\/wp-content\/uploads\/2022\/06\/impresora-laser-que-utiliza-toner.jpeg 1600w\" sizes=\"auto, (max-width: 300px) 100vw, 300px\" \/><figcaption class=\"wp-element-caption\">impresora l\u00e1ser que utiliza t\u00f3ner<\/figcaption><\/figure>\n<\/div><\/div>\n<\/div>\n\n\n\n<div class=\"wp-block-columns is-layout-flex wp-container-core-columns-is-layout-9d6595d7 wp-block-columns-is-layout-flex\">\n<div class=\"wp-block-column is-layout-flow wp-block-column-is-layout-flow\">\n<p><strong>Comprar una impresora que utilice cartuchos de tinta<\/strong> es m\u00e1s interesante si:<\/p>\n\n\n\n<ul class=\"wp-block-list\">\n<li>El presupuesto disponible es limitado.<\/li>\n\n\n\n<li>El volumen de impresi\u00f3n no es muy alto.<\/li>\n\n\n\n<li>Se quiere ahorrar a la hora de comprar consumibles.<\/li>\n\n\n\n<li>Se necesita una buena calidad de impresi\u00f3n (fotos, fondos con degradados, mixtos tanto texto como imagenes)<\/li>\n<\/ul>\n<\/div>\n\n\n\n<div class=\"wp-block-column is-layout-flow wp-block-column-is-layout-flow\"><div class=\"wp-block-image is-style-default\">\n<figure class=\"aligncenter size-medium\"><img loading=\"lazy\" decoding=\"async\" width=\"300\" height=\"200\" src=\"https:\/\/quecartucho.es\/blog\/wp-content\/uploads\/2022\/06\/impresora-que-utilice-cartuchos-de-tinta-300x200.jpeg\" alt=\"Impresora de inyecci\u00f3n que utiliza cartuchos de tinta\" class=\"wp-image-16397\" title=\"\" srcset=\"https:\/\/quecartucho.es\/blog\/wp-content\/uploads\/2022\/06\/impresora-que-utilice-cartuchos-de-tinta-300x200.jpeg 300w, https:\/\/quecartucho.es\/blog\/wp-content\/uploads\/2022\/06\/impresora-que-utilice-cartuchos-de-tinta-1024x683.jpeg 1024w, https:\/\/quecartucho.es\/blog\/wp-content\/uploads\/2022\/06\/impresora-que-utilice-cartuchos-de-tinta-768x512.jpeg 768w, https:\/\/quecartucho.es\/blog\/wp-content\/uploads\/2022\/06\/impresora-que-utilice-cartuchos-de-tinta-1536x1024.jpeg 1536w, https:\/\/quecartucho.es\/blog\/wp-content\/uploads\/2022\/06\/impresora-que-utilice-cartuchos-de-tinta-930x620.jpeg 930w, https:\/\/quecartucho.es\/blog\/wp-content\/uploads\/2022\/06\/impresora-que-utilice-cartuchos-de-tinta-150x100.jpeg 150w, https:\/\/quecartucho.es\/blog\/wp-content\/uploads\/2022\/06\/impresora-que-utilice-cartuchos-de-tinta.jpeg 1600w\" sizes=\"auto, (max-width: 300px) 100vw, 300px\" \/><figcaption class=\"wp-element-caption\">impresora que utilice cartuchos de tinta<\/figcaption><\/figure>\n<\/div><\/div>\n<\/div>\n\n\n\n<p>Hemos hablado de cartuchos de tinta y de t\u00f3ners, los consumibles m\u00e1s utilizados en la impresi\u00f3n actual a nivel empresarial y particular. Se trata de elementos b\u00e1sicos a la hora de elegir un modelo de impresora que influyen en aspectos tan importantes como el precio, la calidad o la velocidad de impresi\u00f3n.<\/p>\n","protected":false},"excerpt":{"rendered":"<p>A la hora de adquirir una impresora, una de las decisiones m\u00e1s importantes que hay que tomar es si utiliza cartuchos de tinta o t\u00f3ner. Esta decisi\u00f3n tendr\u00e1 repercusi\u00f3n en aspectos clave como el precio del dispositivo, la velocidad de impresi\u00f3n, el coste de los consumibles o la propia calidad de impresi\u00f3n. Desde hace muchos&hellip;&nbsp;<a href=\"https:\/\/quecartucho.es\/blog\/cual-es-la-diferencia-entre-un-cartucho-de-tinta-y-un-toner\/\" rel=\"bookmark\">Leer m\u00e1s &raquo;<span class=\"screen-reader-text\">\u00bfCu\u00e1l es la diferencia entre un cartucho de tinta y un t\u00f3ner?<\/span><\/a><\/p>\n","protected":false},"author":1,"featured_media":16394,"parent":0,"menu_order":0,"comment_status":"closed","ping_status":"closed","template":"","meta":{"neve_meta_sidebar":"full-width","neve_meta_container":"","neve_meta_enable_content_width":"on","neve_meta_content_width":100,"neve_meta_title_alignment":"","neve_meta_author_avatar":"","neve_post_elements_order":"","neve_meta_disable_header":"","neve_meta_disable_footer":"","neve_meta_disable_title":"","episode_type":"","audio_file":"","podmotor_file_id":"","podmotor_episode_id":"","cover_image":"","cover_image_id":"","duration":"","filesize":"","filesize_raw":"","date_recorded":"","explicit":"","block":"","footnotes":""},"class_list":["post-16386","page","type-page","status-publish","has-post-thumbnail","hentry"],"_links":{"self":[{"href":"https:\/\/quecartucho.es\/blog\/wp-json\/wp\/v2\/pages\/16386","targetHints":{"allow":["GET"]}}],"collection":[{"href":"https:\/\/quecartucho.es\/blog\/wp-json\/wp\/v2\/pages"}],"about":[{"href":"https:\/\/quecartucho.es\/blog\/wp-json\/wp\/v2\/types\/page"}],"author":[{"embeddable":true,"href":"https:\/\/quecartucho.es\/blog\/wp-json\/wp\/v2\/users\/1"}],"replies":[{"embeddable":true,"href":"https:\/\/quecartucho.es\/blog\/wp-json\/wp\/v2\/comments?post=16386"}],"version-history":[{"count":11,"href":"https:\/\/quecartucho.es\/blog\/wp-json\/wp\/v2\/pages\/16386\/revisions"}],"predecessor-version":[{"id":22238,"href":"https:\/\/quecartucho.es\/blog\/wp-json\/wp\/v2\/pages\/16386\/revisions\/22238"}],"wp:featuredmedia":[{"embeddable":true,"href":"https:\/\/quecartucho.es\/blog\/wp-json\/wp\/v2\/media\/16394"}],"wp:attachment":[{"href":"https:\/\/quecartucho.es\/blog\/wp-json\/wp\/v2\/media?parent=16386"}],"curies":[{"name":"wp","href":"https:\/\/api.w.org\/{rel}","templated":true}]}}