{"id":16510,"date":"2022-06-20T16:36:56","date_gmt":"2022-06-20T14:36:56","guid":{"rendered":"https:\/\/quecartucho.es\/blog\/?page_id=16510"},"modified":"2022-06-20T16:49:45","modified_gmt":"2022-06-20T14:49:45","slug":"como-mantener-la-impresora-en-buen-estado","status":"publish","type":"page","link":"https:\/\/quecartucho.es\/blog\/como-mantener-la-impresora-en-buen-estado\/","title":{"rendered":"C\u00f3mo mantener la impresora en buen estado"},"content":{"rendered":"\n<h2 class=\"wp-block-heading\"><strong>\u00bfC\u00f3mo hacer para mantener la impresora de casa? 14 consejos clave para mantener tu impresora<\/strong><\/h2>\n\n\n\n<p>Si no quieres que la impresora te falle en el peor momento (por ejemplo, cuando tienes que entregar un trabajo de clase o un proyecto en el trabajo) es fundamental que la sometas a un \u00f3ptimo mantenimiento.<\/p>\n\n\n\n<p>Si todav\u00eda no sabes <strong>c\u00f3mo mantener la impresora en buen estado<\/strong>, y te hace falta algo de asesoramiento, en este art\u00edculo te damos 14 consejos que te pueden venir muy bien.<\/p>\n\n\n<div class=\"wp-block-image is-style-default\">\n<figure class=\"aligncenter size-full\"><img loading=\"lazy\" decoding=\"async\" width=\"1000\" height=\"450\" src=\"https:\/\/quecartucho.es\/blog\/wp-content\/uploads\/2022\/06\/\u00bfComo-hacer-para-mantener-la-impresora-de-casa.webp\" alt=\"\u00bfC\u00f3mo hacer para mantener la impresora de casa?\" class=\"wp-image-16513\" title=\"\" srcset=\"https:\/\/quecartucho.es\/blog\/wp-content\/uploads\/2022\/06\/\u00bfComo-hacer-para-mantener-la-impresora-de-casa.webp 1000w, https:\/\/quecartucho.es\/blog\/wp-content\/uploads\/2022\/06\/\u00bfComo-hacer-para-mantener-la-impresora-de-casa-300x135.webp 300w, https:\/\/quecartucho.es\/blog\/wp-content\/uploads\/2022\/06\/\u00bfComo-hacer-para-mantener-la-impresora-de-casa-768x346.webp 768w, https:\/\/quecartucho.es\/blog\/wp-content\/uploads\/2022\/06\/\u00bfComo-hacer-para-mantener-la-impresora-de-casa-150x68.webp 150w\" sizes=\"auto, (max-width: 1000px) 100vw, 1000px\" \/><figcaption>\u00bfC\u00f3mo hacer para mantener la impresora de casa?<\/figcaption><\/figure>\n<\/div>\n\n\n<h2 class=\"wp-block-heading\">\u21e8 <strong>\u00bfC\u00f3mo mantener la impresora de inyecci\u00f3n de tinta?<\/strong><\/h2>\n\n\n\n<p>Aqu\u00ed tienes algunos consejos que se centran en las impresoras de inyecci\u00f3n de tinta:<\/p>\n\n\n\n<h3 class=\"wp-block-heading\"><strong>1.<\/strong> <strong>Especial atenci\u00f3n a los cabezales<\/strong><\/h3>\n\n\n\n<p>Uno de los grandes problemas de las <strong>impresoras de inyecci\u00f3n de tinta<\/strong> lo encontramos en los <strong><a href=\"https:\/\/quecartucho.es\/blog\/que-es-un-cabezal-de-impresion\/\">cabezales<\/a><\/strong>. Si no imprimes cada cierto tiempo, se pueden llegar a secar y tendr\u00e1s que cambiar el cartucho.<\/p>\n\n\n\n<p>Para evitar que esto pase es muy recomendado que imprimas con una frecuencia m\u00ednima de una vez a la semana, aunque sea solo una p\u00e1gina. As\u00ed evitar\u00e1s que la tinta se te seque.<\/p>\n\n\n\n<p>Aunque si bien es cierto que esta hoja puede suponer un determinado gasto a largo plazo, te costar\u00e1 menos que cambiar el cartucho entero por si se seca.<\/p>\n\n\n\n<h3 class=\"wp-block-heading\"><strong>2.<\/strong> <strong>Imprime a la temperatura adecuada<\/strong><\/h3>\n\n\n\n<p>Todas las impresoras e impresiones son susceptibles a las temperaturas extremas, pero habr\u00e1 que tener mucho m\u00e1s cuidado con las impresoras de inyecci\u00f3n de tinta.<\/p>\n\n\n\n<p>No es recomendable utilizar la calefacci\u00f3n o el aire acondicionado en los lugares en los que est\u00e1s imprimiendo, ya que podr\u00edan secar los cartuchos y afectar a la calidad final de la impresi\u00f3n.<\/p>\n\n\n\n<p>Debes tener en cuenta que la <strong>temperatura \u00f3ptima para imprimir es de unos 20\u00baC<\/strong>.<\/p>\n\n\n\n<p>En cualquier caso, aleja lo m\u00e1ximo posible la impresora de estos aparatos.<\/p>\n\n\n\n<h3 class=\"wp-block-heading\"><strong>3.<\/strong> <strong>Ten en cuenta las especificaciones del fabricante<\/strong><\/h3>\n\n\n\n<p>Este consejo puede servir para todo tipo de impresora. Por mucho que puedas encontrar tutoriales e informaci\u00f3n de internet sobre cualquier marca o modelo, lo recomendable es seguir siempre las <strong>indicaciones del fabricante<\/strong>.<\/p>\n\n\n\n<p>En las instrucciones de la impresora podr\u00e1s encontrar informaci\u00f3n relacionada con la frecuencia y el proceso para reemplazar los combustibles, recomendaciones de mantenimiento, entre otros datos de inter\u00e9s.<\/p>\n\n\n\n<p>Si has perdido las instrucciones no pasa nada, ya que casi con toda probabilidad las podr\u00e1s sacar a trav\u00e9s de Internet.<\/p>\n\n\n\n<h3 class=\"wp-block-heading\"><strong>4.<\/strong> <strong>La importancia de la limpieza<\/strong><\/h3>\n\n\n<div class=\"wp-block-image is-style-default\">\n<figure class=\"aligncenter size-full\"><img loading=\"lazy\" decoding=\"async\" width=\"320\" height=\"240\" src=\"https:\/\/quecartucho.es\/blog\/wp-content\/uploads\/2022\/06\/La-importancia-de-la-limpieza.gif\" alt=\"La importancia de la limpieza en impresoras de tinta\" class=\"wp-image-16519\" title=\"\"><\/figure>\n<\/div>\n\n\n<p>La <strong>limpieza<\/strong> es de vital importancia en una <strong>impresora de inyecci\u00f3n de tinta<\/strong>, porque son las m\u00e1s susceptibles de mancharse.<\/p>\n\n\n\n<p>Un consejo clave que te ayudar\u00e1 a saber c\u00f3mo mantener la impresora en buen estado es mantener el perif\u00e9rico libre de polvo. Para lograrlo, bastar\u00e1 tan solo con pasar un pa\u00f1o humedecido ligeramente. Y no te olvides de desconectarla de la corriente antes de limpiarla.<\/p>\n\n\n\n<p>En cuanto al mantenimiento de los cartuchos, todas las impresoras actuales tienen programas que permiten hacer una limpieza de los mismos. Entre otras cosas, esto impedir\u00e1 que los documentos salgan manchados de tinta.<\/p>\n\n\n\n<h2 class=\"wp-block-heading\">\u21e8 <strong>Tips para mantener tu impresora l\u00e1ser<\/strong><\/h2>\n\n\n\n<p>Estos consejos est\u00e1n m\u00e1s bien pensados para una <a href=\"https:\/\/quecartucho.es\/blog\/impresoras\/laser-mejor\/\">impresora l\u00e1ser<\/a> o de cartuchos de t\u00f3ner:<\/p>\n\n\n\n<h3 class=\"wp-block-heading\"><strong>5.<\/strong> <strong>Cuidado con la exposici\u00f3n a la luz<\/strong><\/h3>\n\n\n\n<p>Las <strong>impresoras l\u00e1ser<\/strong> tienen piezas que son fotosensibles (es decir, que tienen una determinada sensibilidad a la luz). De ah\u00ed que sea importante instalarlas en un lugar en donde ni la temperatura ni la humedad sea demasiado extrema.<\/p>\n\n\n\n<p>Esto permitir\u00e1 que el l\u00e1ser y las lentes se mantengan limpias y en perfecto estado durante mucho m\u00e1s tiempo.<\/p>\n\n\n\n<p>De igual forma, tambi\u00e9n habr\u00e1 que asegurarse de limpiar el entorno de forma regular (por lo menos, de eliminar el polvo).<\/p>\n\n\n<div class=\"wp-block-image is-style-default\">\n<figure class=\"aligncenter size-full\"><img loading=\"lazy\" decoding=\"async\" width=\"570\" height=\"311\" src=\"https:\/\/quecartucho.es\/blog\/wp-content\/uploads\/2022\/06\/Cuidado-con-la-exposicion-a-la-luz.jpg\" alt=\"Cuidado con la exposici\u00f3n a la luz\" class=\"wp-image-16521\" title=\"\" srcset=\"https:\/\/quecartucho.es\/blog\/wp-content\/uploads\/2022\/06\/Cuidado-con-la-exposicion-a-la-luz.jpg 570w, https:\/\/quecartucho.es\/blog\/wp-content\/uploads\/2022\/06\/Cuidado-con-la-exposicion-a-la-luz-300x164.jpg 300w, https:\/\/quecartucho.es\/blog\/wp-content\/uploads\/2022\/06\/Cuidado-con-la-exposicion-a-la-luz-150x82.jpg 150w\" sizes=\"auto, (max-width: 570px) 100vw, 570px\" \/><\/figure>\n<\/div>\n\n\n<h3 class=\"wp-block-heading\"><strong>6.<\/strong> <strong>Cuidado con la sustituci\u00f3n de consumibles<\/strong><\/h3>\n\n\n\n<p>El fabricante indicar\u00e1 el proceso exacto que se ha de seguir para evitar problemas al hacer el cambio de consumibles. Por ejemplo, para evitar que se produzcan p\u00e9rdidas de t\u00f3ner.<\/p>\n\n\n\n<p>Otro consejo de <strong>c\u00f3mo mantener la impresora en buen estado<\/strong> se centra en qu\u00e9 hacer si se derrama el t\u00f3ner. La mejor forma de actuar es con un aspirador y utilizando mascarilla.<\/p>\n\n\n\n<p>En cualquier caso, nunca debes extender el derrame o agravar\u00e1s la situaci\u00f3n.<\/p>\n\n\n\n<h3 class=\"wp-block-heading\"><strong>7.<\/strong> <strong>Precauci\u00f3n con el tambor<\/strong><\/h3>\n\n\n\n<p>El <strong><a href=\"https:\/\/quecartucho.es\/blog\/tambor\/\">tambor<\/a><\/strong> es una de las piezas fundamentales dentro de una impresora l\u00e1ser. Se trata de un rodillo (normalmente de color dorado, azul o verde) que estar\u00e1 adherido al t\u00f3ner (en HP y Canon y como pieza independiente en Brother) y que permite que la impresora funcione.<\/p>\n\n\n\n<p>Se trata de una pieza muy delicada, as\u00ed que no deber\u00edas tocarla directamente ni puede darle la luz del Sol. Adem\u00e1s, su sustituci\u00f3n puede ser algo cara.<\/p>\n\n\n\n<h3 class=\"wp-block-heading\"><strong>8.<\/strong> <strong>Limpieza regular del interior de la impresora<\/strong><\/h3>\n\n\n\n<p>Aquellos que tengan una impresora l\u00e1ser tendr\u00e1n que asegurarse de que el t\u00f3ner est\u00e9 limpio, ya que este podr\u00eda ser la principal causa de todos los problemas.<\/p>\n\n\n\n<p>Esta limpieza tambi\u00e9n tendr\u00e1 que ser regular. El propio polvo del t\u00f3ner se ir\u00e1 acumulando en la zona, dando como resultado impresiones de mala calidad, con manchas incluso tan claras que ser\u00e1 imposible leer el documento que hay debajo.<\/p>\n\n\n\n<p>Puedes ver nuestro art\u00edculo de <a href=\"https:\/\/quecartucho.es\/blog\/como-limpiar-una-impresora-laser\/\">\u00bfC\u00f3mo limpiar una impresora l\u00e1ser?<\/a><\/p>\n\n\n\n<div class=\"wp-block-columns is-layout-flex wp-container-core-columns-is-layout-9d6595d7 wp-block-columns-is-layout-flex\">\n<div class=\"wp-block-column is-layout-flow wp-block-column-is-layout-flow\">\n<figure class=\"wp-block-image size-large is-style-default\"><a href=\"https:\/\/quecartucho.es\/blog\/como-limpiar-una-impresora-laser\/\"><img loading=\"lazy\" decoding=\"async\" width=\"1024\" height=\"642\" src=\"https:\/\/quecartucho.es\/blog\/wp-content\/uploads\/2022\/06\/Como-limpiar-una-impresora-laser-1024x642.webp\" alt=\"\" class=\"wp-image-16526\" title=\"\" srcset=\"https:\/\/quecartucho.es\/blog\/wp-content\/uploads\/2022\/06\/Como-limpiar-una-impresora-laser-1024x642.webp 1024w, https:\/\/quecartucho.es\/blog\/wp-content\/uploads\/2022\/06\/Como-limpiar-una-impresora-laser-300x188.webp 300w, https:\/\/quecartucho.es\/blog\/wp-content\/uploads\/2022\/06\/Como-limpiar-una-impresora-laser-768x481.webp 768w, https:\/\/quecartucho.es\/blog\/wp-content\/uploads\/2022\/06\/Como-limpiar-una-impresora-laser-150x94.webp 150w, https:\/\/quecartucho.es\/blog\/wp-content\/uploads\/2022\/06\/Como-limpiar-una-impresora-laser.webp 1200w\" sizes=\"auto, (max-width: 1024px) 100vw, 1024px\" \/><\/a><\/figure>\n<\/div>\n\n\n\n<div class=\"wp-block-column is-layout-flow wp-block-column-is-layout-flow\">\n<figure class=\"wp-block-embed is-type-video is-provider-youtube wp-block-embed-youtube wp-embed-aspect-16-9 wp-has-aspect-ratio\"><div class=\"wp-block-embed__wrapper\">\n<div class=\"nv-iframe-embed\"><iframe loading=\"lazy\" title=\"limpieza impresora l\u00e1ser\" width=\"1200\" height=\"675\" src=\"https:\/\/www.youtube.com\/embed\/D9ZFbt4CMtE?feature=oembed\" frameborder=\"0\" allow=\"accelerometer; autoplay; clipboard-write; encrypted-media; gyroscope; picture-in-picture\" allowfullscreen><\/iframe><\/div>\n<\/div><\/figure>\n<\/div>\n<\/div>\n\n\n\n<h2 class=\"wp-block-heading\">\u21e8 <strong>C\u00f3mo mantener la impresora en buen estado<\/strong><\/h2>\n\n\n\n<p>Ahora que ya sabemos <strong>c\u00f3mo mantener la impresora en buen estado<\/strong> en el caso de un modelo de inyecci\u00f3n y l\u00e1ser, aqu\u00ed van algunos consejos gen\u00e9ricos:<\/p>\n\n\n\n<h3 class=\"wp-block-heading\"><strong>9.<\/strong> <strong>Compra de consumibles<\/strong><\/h3>\n\n\n\n<p>Los cartuchos son caros, llegando al punto de suponer una ruina si imprimimos a menudo.<\/p>\n\n\n\n<p>La opci\u00f3n es <strong>comprar cartuchos consumibles<\/strong>, pero no lo podemos hacer en cualquier parte. Para que funcione bien y sea barato, lo ideal es comprar <a href=\"https:\/\/quecartucho.es\/\">cartuchos compatibles de calidad<\/a>, como los que podemos encontrar en la web de <strong>QueCartucho.es<\/strong>.<\/p>\n\n\n\n<h3 class=\"wp-block-heading\"><strong>10.<\/strong> <strong>Recuerda la impresi\u00f3n en borrador<\/strong><\/h3>\n\n\n\n<p>Si tienes que imprimir documentos que no sean muy importantes, lo interesante es gastar la m\u00ednima cantidad de tinta posible. Esto lo podemos hacer si elegimos la opci\u00f3n de <strong><a href=\"https:\/\/quecartucho.es\/blog\/como-imprimir-en-borrador\/\">borrador<\/a><\/strong>, dentro de las propiedades de la impresora.<\/p>\n\n\n<div class=\"wp-block-image is-style-default\">\n<figure class=\"aligncenter size-large\"><img loading=\"lazy\" decoding=\"async\" width=\"1024\" height=\"681\" src=\"https:\/\/quecartucho.es\/blog\/wp-content\/uploads\/2022\/06\/Modo-borrador-1024x681.jpg\" alt=\"Modo-borrador\" class=\"wp-image-16525\" title=\"\" srcset=\"https:\/\/quecartucho.es\/blog\/wp-content\/uploads\/2022\/06\/Modo-borrador-1024x681.jpg 1024w, https:\/\/quecartucho.es\/blog\/wp-content\/uploads\/2022\/06\/Modo-borrador-300x200.jpg 300w, https:\/\/quecartucho.es\/blog\/wp-content\/uploads\/2022\/06\/Modo-borrador-768x511.jpg 768w, https:\/\/quecartucho.es\/blog\/wp-content\/uploads\/2022\/06\/Modo-borrador-150x100.jpg 150w, https:\/\/quecartucho.es\/blog\/wp-content\/uploads\/2022\/06\/Modo-borrador.jpg 1200w\" sizes=\"auto, (max-width: 1024px) 100vw, 1024px\" \/><\/figure>\n<\/div>\n\n\n<h3 class=\"wp-block-heading\"><strong>11.<\/strong>&nbsp; <strong>Modo ahorro de energ\u00eda<\/strong><\/h3>\n\n\n\n<p>Las impresoras m\u00e1s modernas cuentan con un modo de <strong>ahorro de energ\u00eda<\/strong>, tambi\u00e9n conocido como <em>Stand By<\/em>.<\/p>\n\n\n\n<p>Es una buena opci\u00f3n si no usas la impresora de forma habitual, para reducir el consumo de energ\u00eda. El efecto ser\u00e1 como si el dispositivo se hubiese quedado <em>dormido<\/em>.<\/p>\n\n\n\n<h3 class=\"wp-block-heading\"><strong>12.<\/strong>&nbsp; <strong>Actualiza los controladores a la versi\u00f3n m\u00e1s reciente<\/strong><\/h3>\n\n\n\n<p>Actualizar el <strong>software y los controladores<\/strong> de la impresora tambi\u00e9n es fundamental dentro del glosario de <strong>c\u00f3mo mantener la impresora en buen estado<\/strong>.<\/p>\n\n\n\n<p>(No la hagas cuando est\u00e1s usando cartuchos compatibles, algunas de esas actualizaciones son solo para que estos no funcionen, si tienes cartuchos compatibles, termina de gastarlos y cuando est\u00e9n agotados, entonces ya si puedes hacer la actualizaci\u00f3n y comprar unos nuevos.)<\/p>\n\n\n\n<p>Ten en cuenta que desde la marca van detectando posibles fallos, adem\u00e1s de recopilar aquellos que van reportando los clientes. Cada cierto tiempo lanzan actualizaciones que sirven para evitar estos fallos.<\/p>\n\n\n\n<p>Tambi\u00e9n podr\u00edan resultar interesantes para desplegar otras funciones, como minimizar el consumo de tinta.<\/p>\n\n\n\n<p>Por eso, es recomendable que compruebes de forma recurrente si se puede actualizar el software.<\/p>\n\n\n\n<h3 class=\"wp-block-heading\"><strong>13.<\/strong>&nbsp; <strong>Acude a un buen servicio t\u00e9cnico ante cualquier anomal\u00eda<\/strong><\/h3>\n\n\n\n<p>Si la impresora no est\u00e1 funcionando bien, es el momento de llevarla a reparar. Supondr\u00e1 un determinado gasto, pero seguramente ser\u00e1 m\u00e1s econ\u00f3mico que si tuvi\u00e9semos que comprar una nueva.<\/p>\n\n\n\n<p>Ante el menor atisbo de que algo va mal, es el momento de llevarla al <strong>servicio t\u00e9cnico<\/strong>.<\/p>\n\n\n\n<h3 class=\"wp-block-heading\"><strong>14.<\/strong>&nbsp; <strong>El momento de comprar una nueva impresora<\/strong><\/h3>\n\n\n\n<p>Con un <strong>buen mantenimiento<\/strong> podemos alargar el tiempo de vida \u00fatil de la impresora. Sin embargo, tarde o temprano nos tocar\u00e1 hacer el cambio.<\/p>\n\n\n\n<p>Es posible encontrar muy buenas impresoras a precios bastante econ\u00f3micos, por lo que echa un vistazo al mercado si crees que ha llegado el tiempo de cambiarla.<\/p>\n\n\n\n<p>Puedes consultar nuestra, <a href=\"https:\/\/quecartucho.es\/blog\/\">gu\u00eda de compra para impresoras<\/a> si necesitas ayuda.<\/p>\n\n\n\n<p>Ahora ya conoces los mejores tips de <strong>c\u00f3mo mantener la impresora en buen estado<\/strong>.<\/p>\n","protected":false},"excerpt":{"rendered":"<p>\u00bfC\u00f3mo hacer para mantener la impresora de casa? 14 consejos clave para mantener tu impresora Si no quieres que la impresora te falle en el peor momento (por ejemplo, cuando tienes que entregar un trabajo de clase o un proyecto en el trabajo) es fundamental que la sometas a un \u00f3ptimo mantenimiento. Si todav\u00eda no&hellip;&nbsp;<a href=\"https:\/\/quecartucho.es\/blog\/como-mantener-la-impresora-en-buen-estado\/\" rel=\"bookmark\">Leer m\u00e1s &raquo;<span class=\"screen-reader-text\">C\u00f3mo mantener la impresora en buen estado<\/span><\/a><\/p>\n","protected":false},"author":1,"featured_media":16512,"parent":0,"menu_order":0,"comment_status":"closed","ping_status":"closed","template":"","meta":{"neve_meta_sidebar":"full-width","neve_meta_container":"","neve_meta_enable_content_width":"on","neve_meta_content_width":100,"neve_meta_title_alignment":"","neve_meta_author_avatar":"","neve_post_elements_order":"","neve_meta_disable_header":"","neve_meta_disable_footer":"","neve_meta_disable_title":"","episode_type":"","audio_file":"","podmotor_file_id":"","podmotor_episode_id":"","cover_image":"","cover_image_id":"","duration":"","filesize":"","filesize_raw":"","date_recorded":"","explicit":"","block":"","footnotes":""},"class_list":["post-16510","page","type-page","status-publish","has-post-thumbnail","hentry"],"_links":{"self":[{"href":"https:\/\/quecartucho.es\/blog\/wp-json\/wp\/v2\/pages\/16510","targetHints":{"allow":["GET"]}}],"collection":[{"href":"https:\/\/quecartucho.es\/blog\/wp-json\/wp\/v2\/pages"}],"about":[{"href":"https:\/\/quecartucho.es\/blog\/wp-json\/wp\/v2\/types\/page"}],"author":[{"embeddable":true,"href":"https:\/\/quecartucho.es\/blog\/wp-json\/wp\/v2\/users\/1"}],"replies":[{"embeddable":true,"href":"https:\/\/quecartucho.es\/blog\/wp-json\/wp\/v2\/comments?post=16510"}],"version-history":[{"count":8,"href":"https:\/\/quecartucho.es\/blog\/wp-json\/wp\/v2\/pages\/16510\/revisions"}],"predecessor-version":[{"id":16529,"href":"https:\/\/quecartucho.es\/blog\/wp-json\/wp\/v2\/pages\/16510\/revisions\/16529"}],"wp:featuredmedia":[{"embeddable":true,"href":"https:\/\/quecartucho.es\/blog\/wp-json\/wp\/v2\/media\/16512"}],"wp:attachment":[{"href":"https:\/\/quecartucho.es\/blog\/wp-json\/wp\/v2\/media?parent=16510"}],"curies":[{"name":"wp","href":"https:\/\/api.w.org\/{rel}","templated":true}]}}