{"id":16598,"date":"2022-06-28T16:34:20","date_gmt":"2022-06-28T14:34:20","guid":{"rendered":"https:\/\/quecartucho.es\/blog\/?page_id=16598"},"modified":"2022-06-28T16:37:53","modified_gmt":"2022-06-28T14:37:53","slug":"como-solucionar-el-error-6000-en-impresoras-canon","status":"publish","type":"page","link":"https:\/\/quecartucho.es\/blog\/como-solucionar-el-error-6000-en-impresoras-canon\/","title":{"rendered":"\u00bfC\u00f3mo solucionar el error 6000 en impresoras Canon? \ud83d\udda8\ufe0f \u26a0\ufe0f"},"content":{"rendered":"\n<p>Arreglar una impresora no siempre es sencillo, pero, por fortuna, muchas marcas cuentan con un listado de <strong>c\u00f3digos de error<\/strong> que nos permiten saber de forma sencilla qu\u00e9 es lo que est\u00e1 fallando.<\/p>\n\n\n\n<p>Uno de los errores m\u00e1s habituales a los que nos podemos enfrentar con las <strong><a href=\"https:\/\/quecartucho.es\/blog\/impresoras-canon\/\">impresoras Canon<\/a><\/strong> es al <strong>6000<\/strong>. Si te ha aparecido y no sabes solucionarlo, este art\u00edculo es para ti:<\/p>\n\n\n<div id=\"rank-math-faq\" class=\"rank-math-block\">\n<div class=\"rank-math-list \">\n<div id=\"faq-question-1656425600303\" class=\"rank-math-list-item\">\n<h2 class=\"rank-math-question \"><strong>\u00bfC\u00f3mo puedo solucionar el error 6000 en impresoras Canon?<\/strong><\/h2>\n<div class=\"rank-math-answer \">\n<img loading=\"lazy\" decoding=\"async\" width=\"150\" height=\"150\" src=\"https:\/\/quecartucho.es\/blog\/wp-content\/uploads\/2022\/06\/papel-atascado-en-la-impresora-Canon-150x150.jpg\" class=\"alignright\" alt=\"\" title=\"\">\n<p>Si acudes al manual de instrucciones del fabricante descubrir\u00e1s que el <strong>error 6000 en impresoras Canon<\/strong> se refiere a <strong>papel atascado en la impresora<\/strong>. Hay muchas razones que explicar\u00edan el origen del atasco:<br \/>Una de las causas principales se refiere al <strong>tipo de papel<\/strong> que se va a usar o a las <strong>condiciones<\/strong> en las que se encuentra.<br \/>Podr\u00eda ocurrir que el papel fuese demasiado grueso, que estuviera arrugado, que una de sus esquinas estuviese doblada, o que simplemente no sea el m\u00e1s adecuado para imprimir con ese modelo de impresora.<br \/>No siempre se tiene en cuenta, pero lo cierto es que el <strong>exceso de humedad<\/strong> que puede presentar el papel podr\u00eda generar peque\u00f1os microorganismos (hongos, por lo general) que afectar\u00edan al buen funcionamiento por parte del perif\u00e9rico.<br \/>Estos son los pasos que tienes que seguir para <strong>solucionar el error 6000:<\/strong><\/p>\n\n<\/div>\n<\/div>\n<\/div>\n<\/div>\n\n\n<ol class=\"wp-block-list\"><li>Lo primero que debes hacer es identificar que, efectivamente, se trata de este tipo de error. Si es un modelo con pantalla, en el <em>display<\/em> aparecer\u00e1 la informaci\u00f3n relativa al mismo. De lo contrario, lo m\u00e1s habitual es que el problema aparezca en el sistema operativo al que tenemos conectada la impresora.<\/li><li>Determina el lugar exacto en el que est\u00e1 el atasco de papel. Uno de los lugares m\u00e1s habituales en donde se produce es la <strong>bandeja de papel<\/strong>, pero tambi\u00e9n podr\u00eda haberse atascado en cualquier lugar del interior.<\/li><li>El siguiente paso es <strong>quitar la bandeja <\/strong>y cualquier papel que pueda permanecer. En el caso de que todo est\u00e9 normal, tendremos que revisar que no se haya quedado ning\u00fan papel arrugado o alg\u00fan trozo en alg\u00fan lugar donde no deber\u00eda estar.<\/li><li>Es importante comprobar todos los mecanismos y aperturas relacionados con el papel y el proceso de la impresi\u00f3n. Algunos modelos de la impresora tienen estos mecanismos en la parte trasera, precisamente para facilitar las cosas en el caso de atasco.<\/li><li>Si el atasco parece grave, ser\u00eda recomendable quitar los <strong><a href=\"https:\/\/quecartucho.es\/\">cartuchos de tinta<\/a><\/strong> o el <strong>t\u00f3ner<\/strong>.<\/li><li>En cuanto encuentres el papel que se ha atascado, este habr\u00e1 que retirarlo de forma suave para evitar que se pueda romper y agravar la situaci\u00f3n. Tambi\u00e9n habr\u00e1 que hacerlo lentamente para evitar que se produzcan desgarros.<\/li><li>Si, inevitablemente, el papel se rompe, la manera de proceder es hacer girar los <strong>engranajes del rodillo<\/strong>. G\u00edralos en la direcci\u00f3n correcta hasta eliminar el trozo de papel que se haya atascado.<\/li><li>Enciende la impresora y verifica si desaparece el <strong>mensaje de error 600<\/strong>. Si todo parece correcto, es el momento de lanzar una <strong>p\u00e1gina de prueba<\/strong> para asegurarnos de que recoge bien el papel y de que lo expulsa correctamente.<\/li><\/ol>\n\n\n<div id=\"rank-math-faq\" class=\"rank-math-block\">\n<div class=\"rank-math-list \">\n<div id=\"faq-question-1656425625812\" class=\"rank-math-list-item\">\n<h2 class=\"rank-math-question \"><strong>\u00bfC\u00f3mo solucionar el error 6000 de Canon si no hay papel atascado?<\/strong><\/h2>\n<div class=\"rank-math-answer \">\n<img loading=\"lazy\" decoding=\"async\" width=\"150\" height=\"150\" src=\"https:\/\/quecartucho.es\/blog\/wp-content\/uploads\/2022\/06\/error-6000-canon-\u00bfComo-solucionar-el-error-6000-de-Canon-si-no-hay-papel-atascado-150x150.jpg\" class=\"alignright\" alt=\"error 6000 canon \u00bfC\u00f3mo solucionar el error 6000 de Canon si no hay papel atascado?\" title=\"\">\n<p>Una importante variaci\u00f3n del <strong>error 600 de Canon<\/strong> es cuando aparece y comprobamos que no hay ning\u00fan tipo de papel atascado. Suele producirse cuando hemos impreso una buena cantidad de p\u00e1ginas y no hemos dado tiempo a la impresora de que descanse.<br \/>La soluci\u00f3n a seguir es esta:<\/p>\n<p>\u279c Introduce la mano por la bandeja de las hojas de papel y presiona la pieza hacia atr\u00e1s.<br \/>\u279c Apaga la impresora y enci\u00e9ndela sin soltar la pieza.<br \/>\u279c Cuando notes que la impresora hace el intento de absorber el papel para empezar a imprimir es el momento de soltar la pieza.<br \/>\u279c Ya deber\u00eda estar arreglada.<\/p>\n<p>Este problema es m\u00e1s habitual en impresoras que ya tienen alg\u00fan tiempo. Si se trata de alguna relativamente nueva no tendremos este problema.<\/p>\n<p>Si nada de esto funciona, ll\u00e9valo al <strong>servicio t\u00e9cnico<\/strong> para que se encargue de su reparaci\u00f3n.<\/p>\n\n<\/div>\n<\/div>\n<\/div>\n<\/div>\n\n\n<h2 class=\"wp-block-heading\"><strong>Otros consejos para el cuidado de una impresora Canon<\/strong><\/h2>\n\n\n\n<p>Aqu\u00ed tienes algunos consejos r\u00e1pidos que te permitir\u00e1n <a href=\"https:\/\/quecartucho.es\/blog\/como-mantener-la-impresora-en-buen-estado\/\" data-type=\"page\" data-id=\"16510\">mantener la <strong>impresora <\/strong>en buen estado durante mucho m\u00e1s tiempo<\/a>:<\/p>\n\n\n\n<ul class=\"wp-block-list\"><li>Utiliza la impresora cada cierto tiempo para evitar que la tinta se seque.<\/li><li>L\u00edmpiala con regularidad y aseg\u00farate de usar la opci\u00f3n de <strong>limpieza de cabezales<\/strong>.<\/li><li>Nunca manipules partes internas como los cabezales sin tener los conocimientos adecuados, ya que podr\u00edas causar un da\u00f1o irreparable.<\/li><li>Revisa que est\u00e1s usando los \u00faltimos <strong>drivers<\/strong> (controladores). Si no es as\u00ed, actual\u00edzalos desde la p\u00e1gina oficial.<\/li><li>Si la impresora te est\u00e1 dando muchos problemas, y ya la tienes mucho tiempo, quiz\u00e1 ser\u00eda un buen momento para renovarla.<\/li><\/ul>\n\n\n\n<p>Ahora ya sabes<strong> c\u00f3mosolucionar el error 600 en impresoras Canon<\/strong> y algunos consejos que te permitir\u00e1n preservarla durante mucho tiempo.<\/p>\n","protected":false},"excerpt":{"rendered":"<p>Arreglar una impresora no siempre es sencillo, pero, por fortuna, muchas marcas cuentan con un listado de c\u00f3digos de error que nos permiten saber de forma sencilla qu\u00e9 es lo que est\u00e1 fallando. Uno de los errores m\u00e1s habituales a los que nos podemos enfrentar con las impresoras Canon es al 6000. Si te ha&hellip;&nbsp;<a href=\"https:\/\/quecartucho.es\/blog\/como-solucionar-el-error-6000-en-impresoras-canon\/\" rel=\"bookmark\">Leer m\u00e1s &raquo;<span class=\"screen-reader-text\">\u00bfC\u00f3mo solucionar el error 6000 en impresoras Canon? \ud83d\udda8\ufe0f \u26a0\ufe0f<\/span><\/a><\/p>\n","protected":false},"author":1,"featured_media":16603,"parent":0,"menu_order":0,"comment_status":"closed","ping_status":"closed","template":"","meta":{"neve_meta_sidebar":"full-width","neve_meta_container":"","neve_meta_enable_content_width":"on","neve_meta_content_width":100,"neve_meta_title_alignment":"","neve_meta_author_avatar":"","neve_post_elements_order":"","neve_meta_disable_header":"","neve_meta_disable_footer":"","neve_meta_disable_title":"","episode_type":"","audio_file":"","podmotor_file_id":"","podmotor_episode_id":"","cover_image":"","cover_image_id":"","duration":"","filesize":"","filesize_raw":"","date_recorded":"","explicit":"","block":"","footnotes":""},"class_list":["post-16598","page","type-page","status-publish","has-post-thumbnail","hentry"],"_links":{"self":[{"href":"https:\/\/quecartucho.es\/blog\/wp-json\/wp\/v2\/pages\/16598","targetHints":{"allow":["GET"]}}],"collection":[{"href":"https:\/\/quecartucho.es\/blog\/wp-json\/wp\/v2\/pages"}],"about":[{"href":"https:\/\/quecartucho.es\/blog\/wp-json\/wp\/v2\/types\/page"}],"author":[{"embeddable":true,"href":"https:\/\/quecartucho.es\/blog\/wp-json\/wp\/v2\/users\/1"}],"replies":[{"embeddable":true,"href":"https:\/\/quecartucho.es\/blog\/wp-json\/wp\/v2\/comments?post=16598"}],"version-history":[{"count":8,"href":"https:\/\/quecartucho.es\/blog\/wp-json\/wp\/v2\/pages\/16598\/revisions"}],"predecessor-version":[{"id":16613,"href":"https:\/\/quecartucho.es\/blog\/wp-json\/wp\/v2\/pages\/16598\/revisions\/16613"}],"wp:featuredmedia":[{"embeddable":true,"href":"https:\/\/quecartucho.es\/blog\/wp-json\/wp\/v2\/media\/16603"}],"wp:attachment":[{"href":"https:\/\/quecartucho.es\/blog\/wp-json\/wp\/v2\/media?parent=16598"}],"curies":[{"name":"wp","href":"https:\/\/api.w.org\/{rel}","templated":true}]}}