{"id":16664,"date":"2022-07-05T10:11:31","date_gmt":"2022-07-05T08:11:31","guid":{"rendered":"https:\/\/quecartucho.es\/blog\/?page_id=16664"},"modified":"2022-07-05T10:11:32","modified_gmt":"2022-07-05T08:11:32","slug":"diferencias-entre-las-impresoras-de-impacto-y-sin-impacto","status":"publish","type":"page","link":"https:\/\/quecartucho.es\/blog\/diferencias-entre-las-impresoras-de-impacto-y-sin-impacto\/","title":{"rendered":"Diferencias entre las impresoras de impacto y sin impacto"},"content":{"rendered":"\n<p>A la hora de hacer diferentes trabajos de impresi\u00f3n es importante conocer los <a href=\"https:\/\/quecartucho.es\/blog\/impresoras\/\"><strong>tipos de impresora<\/strong><\/a> que existen. Cada uno de ellos tiene sus propias caracter\u00edsticas, ventajas y desventajas, por lo que pueden ser la mejor opci\u00f3n para un determinado tipo de proyecto, o la peor.<\/p>\n\n\n\n<p>\u00bfTodav\u00eda no conoces las diferencias entre las <strong>impresoras de impacto y sin impacto<\/strong>? A lo largo de este art\u00edculo podr\u00e1s conocerlas, as\u00ed como sus principales tipos:<\/p>\n\n\n<div id=\"rank-math-faq\" class=\"rank-math-block\">\n<div class=\"rank-math-list \">\n<div id=\"faq-question-1657007071330\" class=\"rank-math-list-item\">\n<h2 class=\"rank-math-question \"><strong>\u00bfQu\u00e9 es la impresora? \u00bfCu\u00e1les son sus tipos?<\/strong><\/h2>\n<div class=\"rank-math-answer \">\n<img loading=\"lazy\" decoding=\"async\" width=\"1268\" height=\"664\" src=\"https:\/\/quecartucho.es\/blog\/wp-content\/uploads\/2022\/07\/\u00bfQue-es-la-impresora.webp\" class=\"alignright\" alt=\"\u00bfQu\u00e9 es la impresora?\" title=\"\">\n<p>Antes de nada\u2026 \u00bfQu\u00e9 es una impresora? Podemos definirla como un perif\u00e9rico o dispositivo que se contacta a un equipo inform\u00e1tico y se emplea para imprimir ciertos recursos (podr\u00edamos estar hablando de un texto, im\u00e1genes, infograf\u00edas, etc.).<\/p>\n<p>La impresora como tal se clasifica como un <strong>dispositivo de salida<\/strong> debido a que su prop\u00f3sito principal es extraer la informaci\u00f3n contenida en un PC, port\u00e1til, tablet, tel\u00e9fono m\u00f3vil u otros dispositivos.<\/p>\n<p>Sin embargo, las <strong>impresoras multifuncionales<\/strong> (integran impresora + esc\u00e1ner) son de entrada y salida debido a que tambi\u00e9n permiten introducir informaci\u00f3n al equipo.<\/p>\n<p>Aunque existen muchas clasificaciones en las que se puede incluir a las impresoras, lo m\u00e1s habitual es que se incluyan en 2 grandes tipos: <strong>impresora de impacto<\/strong> e <strong>impresoras sin impacto<\/strong>.<\/p>\n\n<\/div>\n<\/div>\n<\/div>\n<\/div>\n\n\n<h3 class=\"wp-block-heading\"><strong>Impresoras de impacto<\/strong><\/h3>\n\n\n\n<p>Las<strong> impresoras de impacto<\/strong> reciben este descriptivo nombre debido a la fuerza que utilizan para aplicar la tinta en el medio en el que se est\u00e1 trabajando <em>(fuerza de impacto<\/em>).<\/p>\n\n\n\n<p>El efecto que se consigue es muy similar al de una m\u00e1quina de escribir.<\/p>\n\n\n\n<p>Uno de los grandes problemas de este tipo de impresora es que est\u00e1n limitadas a la impresi\u00f3n de texto. Debido a que cuentan con una cinta con tinta no son muy capaces de trabajar con gr\u00e1ficos complejos. Tampoco son una buena opci\u00f3n si lo que estamos buscando es precisi\u00f3n y la m\u00e1xima calidad posible.<\/p>\n\n\n\n<p>Adem\u00e1s, hay que tener presente que son <strong>monocrom\u00e1ticas<\/strong>.<\/p>\n\n\n\n<p>Son las primeras que empezaron a utilizarse.<\/p>\n\n\n\n<p>Esto son los principales <strong>tipos de impresoras de impacto<\/strong>:<\/p>\n\n\n\n<h4 class=\"wp-block-heading\"><strong>Tipos de impresoras de impacto<\/strong><\/h4>\n\n\n\n<h5 class=\"wp-block-heading\"><strong>1.<\/strong>&nbsp; &nbsp; &nbsp; <strong>Matriz de puntos<\/strong><\/h5>\n\n\n\n<p>Como el resto de impresoras de este listado, la impresora <strong>matriz de puntos<\/strong> se utiliza cada vez menos.<\/p>\n\n\n\n<p>Funciona usando un cabezal de impresi\u00f3n que integra los pines para desplazarse hacia arriba, abajo, adelante o atr\u00e1s dentro de la misma p\u00e1gina.<\/p>\n\n\n\n<p>La impresi\u00f3n puede ser o bien con un alfiler con tinta que se aplica directamente en el papel o bien por impacto.<\/p>\n\n\n\n<p>Estas impresoras son lentas y hacen mucho ruido. Tambi\u00e9n tienen una importante limitaci\u00f3n en cuanto a los colores con los que puede trabajar en cada impresi\u00f3n.<\/p>\n\n\n\n<h5 class=\"wp-block-heading\"><strong>2.<\/strong>&nbsp; &nbsp; &nbsp; <strong>Impresora matricial<\/strong><\/h5>\n\n\n\n<p>La <strong><a href=\"https:\/\/quecartucho.es\/blog\/impresoras\/impresoras-matriciales\/\">impresora matricial<\/a><\/strong> es una de las m\u00e1s conocidas en el mercado debido a la popularidad que tuvo hace ya mucho tiempo.<\/p>\n\n\n\n<p>La impresi\u00f3n se consigue debido a que los cabezales cuentan con una matriz de puntos o de p\u00edxeles. Cada uno de los cabezales podr\u00e1 contener entre 7-24 agujas que ser\u00e1n proyectadas hacia la tinta. Tambi\u00e9n pueden estar compuestos por varias l\u00edneas.<\/p>\n\n\n\n<p>Los caracteres se formar\u00e1n con peque\u00f1os puntos de tinta.<\/p>\n\n\n\n<p>Aunque pueden imprimir gr\u00e1ficos, una de las <strong>desventajas de la impresora matricial<\/strong> es que no se atrever\u00e1 con los que sean m\u00e1s complicados y detallados.<\/p>\n\n\n\n<p>Desventajas de la impresora matricial<\/p>\n\n\n\n<h5 class=\"wp-block-heading\"><strong>3.<\/strong>&nbsp; &nbsp; &nbsp; <strong>Impresora de rueda de margarita<\/strong><\/h5>\n\n\n\n<p>La <strong>impresora de rueda de margarita<\/strong> destaca por contener una rueda en d\u00f3nde estar\u00e1n plasmados todos los caracteres que se pueden imprimir.<\/p>\n\n\n\n<p>Cuando se quiere imprimir un determinado car\u00e1cter, la rueda ir\u00e1 girando hasta alcanzar la posici\u00f3n indicada. Ser\u00e1 entonces cuando un martillo dar\u00e1 el golpe a la rueda y se transferir\u00e1 la tinta al papel.<\/p>\n\n\n\n<p>Una de las impresoras m\u00e1s representativas de este tipo es la <strong>Daisy<\/strong>. A d\u00eda de hoy tiene m\u00e1s contras que pro: por ejemplo, entre las <strong>desventajas de la impresora Daisy<\/strong> destacamos que son muy ruidosas, lentas, sucias y que la calidad de impresi\u00f3n es reducida.<\/p>\n\n\n\n<h5 class=\"wp-block-heading\"><strong>4.<\/strong>&nbsp; &nbsp; &nbsp; <strong>Impresora de tambor<\/strong><\/h5>\n\n\n\n<p>El funcionamiento de la <strong>impresora de tambor<\/strong> es muy similar al anterior. En este caso habr\u00e1 un tambor en el que se encontrar\u00e1n todos los caracteres marcados. Cuando se elige el car\u00e1cter deseado, un martillo golpea el papel desde la parte de atr\u00e1s haciendo que toque el car\u00e1cter y as\u00ed se impregna la tinta.<\/p>\n\n\n\n<p>La principal diferencia es que existen varios martillos en la parte delantera del tambor, as\u00ed que se pueden imprimir varios caracteres al mismo tiempo en la misma l\u00ednea.<\/p>\n\n\n\n<p>Las <strong>desventajas de la impresora de tambor<\/strong> son las mismas que la de rueda de margarita.<\/p>\n\n\n\n<h5 class=\"wp-block-heading\"><strong>5.<\/strong>&nbsp; &nbsp; &nbsp; <strong>Impresora de cadena<\/strong><\/h5>\n\n\n\n<p>La <strong>impresora de cadera<\/strong> se encuentra actualmente en desuso y tan solo se emplea para fines muy espec\u00edficos.<\/p>\n\n\n\n<p>Estos dispositivos emplean una cadena de impresi\u00f3n en donde se localizan la totalidad de los caracteres a imprimir en relieve. La cadena tiene varios apartados y cada uno de ellos puede imprimir una serie de caracteres determinados.<\/p>\n\n\n\n<p>La cadena girar\u00e1 a una alta velocidad. Cuando ya llegado al car\u00e1cter que se quiere imprimir, el martillo golpea la cinta y as\u00ed se producir\u00e1 la impresi\u00f3n.<\/p>\n\n\n\n<p>Entre las <strong>desventajas de las impresoras en cadena<\/strong> destacamos que no est\u00e1n pensadas para la impresi\u00f3n de gr\u00e1ficos, que tan solo pueden imprimir predefinido, el ruido que hacen y su mala calidad de impresi\u00f3n.<\/p>\n\n\n\n<h3 class=\"wp-block-heading\"><strong>Impresora sin impacto<\/strong><\/h3>\n\n\n\n<p>Las <strong>impresoras sin impacto<\/strong> son las que se suelen utilizar a d\u00eda de hoy.<\/p>\n\n\n\n<p>Emplean un cartucho con el que pueden imprimir im\u00e1genes de alta calidad, de una forma r\u00e1pida y emiten muy poco ruido.<\/p>\n\n\n\n<p>Aunque cada tipo de impresora sin impacto tiene sus propias caracter\u00edsticas, lo m\u00e1s com\u00fan es que tanto los cartuchos como los tambores de los dispositivos se puedan reciclar. As\u00ed, se minimiza el impacto en el medio ambiente.<\/p>\n\n\n\n<p>Sin embargo, hay que tener en cuenta que el coste de estas m\u00e1quinas puede ser algo elevado.<\/p>\n\n\n\n<h4 class=\"wp-block-heading\"><strong>Tipos de impresoras sin impacto<\/strong><\/h4>\n\n\n\n<h5 class=\"wp-block-heading\"><strong>1.<\/strong>&nbsp; &nbsp; &nbsp; <strong>Impresora de inyecci\u00f3n de tinta<\/strong><\/h5>\n\n\n\n<p>La <strong><a href=\"https:\/\/quecartucho.es\/blog\/impresoras\/inyeccion-de-tinta\/\">impresora de inyecci\u00f3n de tinta<\/a><\/strong> se caracteriza por contar con un cabezal en el que se puede encontrar unas peque\u00f1as boquillas que reciben el nombre de <em>jets<\/em>.<\/p>\n\n\n\n<p>Cuando se ordena la impresi\u00f3n, la impresora absorber\u00e1 el papel y pasar\u00e1 por el cabezal. Ser\u00e1 entonces cuando estos <em>jets<\/em> se encargar\u00e1n de aplicar tinta sobre el mismo y as\u00ed se podr\u00e1n visualizar las letras y los caracteres en cuesti\u00f3n.<\/p>\n\n\n\n<p>La mayor\u00eda de las impresoras de inyecci\u00f3n de tinta actuales cuentan con un cartucho para la tinta negra y otro cartucho para el color (aunque podr\u00eda tener un cartucho para cada uno de los tres colores primarios: cian, magenta y amarill9:<\/p>\n\n\n\n<p>La gran <strong>ventaja de las impresoras de inyecci\u00f3n de tinta<\/strong> es su ligereza a la hora de imprimir.<\/p>\n\n\n\n<h5 class=\"wp-block-heading\"><strong>2.<\/strong>\u00a0 \u00a0 \u00a0 <strong>Impresora l\u00e1ser<\/strong><\/h5>\n\n\n\n<p>La <strong><a href=\"https:\/\/quecartucho.es\/blog\/impresoras\/laser-mejor\/\" target=\"_blank\" data-type=\"page\" data-id=\"2233\" rel=\"noreferrer noopener\">impresora l\u00e1ser<\/a><\/strong> utiliza una tecnolog\u00eda mucho m\u00e1s sofisticada para hacer realidad las impresiones.<\/p>\n\n\n\n<p>Uno de sus componentes es un rayo l\u00e1ser que tiene capacidad para crear la imagen en el tambor. Cuando la luz impacta sobre este componente, cambia su carga el\u00e9ctrica. En el siguiente paso es cuando el tambor rueda siguiendo un dep\u00f3sito de t\u00f3ner y este ser\u00e1 recogido por las partes que se han cargado del tambor.<\/p>\n\n\n\n<p>En el \u00faltimo paso, ese t\u00f3ner ser\u00e1 finalmente trasladado al papel utilizando presi\u00f3n y calor.<\/p>\n\n\n\n<p>Adem\u00e1s de la clara <strong>ventaja de las impresoras l\u00e1ser<\/strong> de la alta calidad que consiguen en las impresiones, tambi\u00e9n son muy r\u00e1pidas a la hora de imprimir, la resoluci\u00f3n es mayor, no producen ruido y son muy buenas para hacer textos y gr\u00e1ficos.<\/p>\n\n\n\n<h5 class=\"wp-block-heading\"><strong>3.<\/strong>&nbsp; &nbsp; &nbsp; <strong>Impresora t\u00e9rmica<\/strong><\/h5>\n\n\n\n<p>Para que funcione una <strong>impresora t\u00e9rmica<\/strong> es fundamental que tengamos <strong>papel termosensible<\/strong>.<\/p>\n\n\n\n<p>Este papel se colocar\u00e1 en el cabezal t\u00e9rmico y un componente llamado platon (es un rodillo de goma que llegue el papel a la impresora).<\/p>\n\n\n\n<p>La impresora lanzar\u00e1 una determinada carga el\u00e9ctrica al cabezal t\u00e9rmico y este tendr\u00e1 la capacidad de transformarla en calor. El calor act\u00faa sobre un elemento presente en el papel especial: el <strong>colorante termosensible<\/strong>.<\/p>\n\n\n\n<p>Lo que ocurre en este proceso es que el papel cambiar\u00e1 de color cuando se caliente y as\u00ed es como se formar\u00e1 la impresi\u00f3n.<\/p>\n\n\n\n<p>Estas son las 4 <strong>ventajas de las impresoras t\u00e9rmicas<\/strong> m\u00e1s importantes:<\/p>\n\n\n\n<ul class=\"wp-block-list\"><li>Son muy silenciosas (aunque tambi\u00e9n depender\u00e1 del modelo del que estemos hablando).<\/li><li>Tienen una velocidad de impresi\u00f3n muy elevada. Por eso son muy empleadas en <a href=\"https:\/\/quecartucho.es\/blog\/impresoras-de-etiquetas\/\">impresoras para etiquetas<\/a> o ticket.<\/li><li>El consumo el\u00e9ctrico asociado es muy reducido.<\/li><li>Son equipos m\u00e1s peque\u00f1os y ligeros, por lo que resultan m\u00e1s f\u00e1ciles de transportar.<\/li><\/ul>\n\n\n\n<h5 class=\"wp-block-heading\"><strong>4.<\/strong>&nbsp; &nbsp; &nbsp; <strong>Impresora de sublimaci\u00f3n de tinta<\/strong><\/h5>\n\n\n\n<p>El \u00faltimo tipo de <strong>impresora sin impacto<\/strong> que encontramos en el mercado es la <strong>impresora de sublimaci\u00f3n de tinta<\/strong>. No es tan habitual encontrarla a nivel particular, pero s\u00ed en el \u00e1mbito comercial.<\/p>\n\n\n\n<p>Es similar a la anterior en cuanto a que tambi\u00e9n utiliza el calor. En este caso, la alta temperatura le sirve para transmitir el tinte a diferentes materiales; no solo podemos hablar del papel, sino tambi\u00e9n de una tarjeta de pl\u00e1stico, una taza, etc.<\/p>\n\n\n\n<p>Son impresoras que han sido dise\u00f1adas para conseguir una impresi\u00f3n fotogr\u00e1fica de la m\u00e1s alta calidad en diferentes soportes, siendo muy pr\u00e1cticas en las estrategias de merchandising que puede dise\u00f1ar una compa\u00f1\u00eda.<\/p>\n\n\n\n<p>Ahora ya conoces las principales <strong>diferencias entre las impresoras de impacto y sin impacto<\/strong>, ventajas, desventajas, as\u00ed como sus principales tipos.<\/p>\n","protected":false},"excerpt":{"rendered":"<p>A la hora de hacer diferentes trabajos de impresi\u00f3n es importante conocer los tipos de impresora que existen. Cada uno de ellos tiene sus propias caracter\u00edsticas, ventajas y desventajas, por lo que pueden ser la mejor opci\u00f3n para un determinado tipo de proyecto, o la peor. \u00bfTodav\u00eda no conoces las diferencias entre las impresoras de&hellip;&nbsp;<a href=\"https:\/\/quecartucho.es\/blog\/diferencias-entre-las-impresoras-de-impacto-y-sin-impacto\/\" rel=\"bookmark\">Leer m\u00e1s &raquo;<span class=\"screen-reader-text\">Diferencias entre las impresoras de impacto y sin impacto<\/span><\/a><\/p>\n","protected":false},"author":1,"featured_media":16679,"parent":0,"menu_order":0,"comment_status":"closed","ping_status":"closed","template":"","meta":{"neve_meta_sidebar":"full-width","neve_meta_container":"","neve_meta_enable_content_width":"on","neve_meta_content_width":100,"neve_meta_title_alignment":"","neve_meta_author_avatar":"","neve_post_elements_order":"","neve_meta_disable_header":"","neve_meta_disable_footer":"","neve_meta_disable_title":"","episode_type":"","audio_file":"","podmotor_file_id":"","podmotor_episode_id":"","cover_image":"","cover_image_id":"","duration":"","filesize":"","filesize_raw":"","date_recorded":"","explicit":"","block":"","footnotes":""},"class_list":["post-16664","page","type-page","status-publish","has-post-thumbnail","hentry"],"_links":{"self":[{"href":"https:\/\/quecartucho.es\/blog\/wp-json\/wp\/v2\/pages\/16664","targetHints":{"allow":["GET"]}}],"collection":[{"href":"https:\/\/quecartucho.es\/blog\/wp-json\/wp\/v2\/pages"}],"about":[{"href":"https:\/\/quecartucho.es\/blog\/wp-json\/wp\/v2\/types\/page"}],"author":[{"embeddable":true,"href":"https:\/\/quecartucho.es\/blog\/wp-json\/wp\/v2\/users\/1"}],"replies":[{"embeddable":true,"href":"https:\/\/quecartucho.es\/blog\/wp-json\/wp\/v2\/comments?post=16664"}],"version-history":[{"count":3,"href":"https:\/\/quecartucho.es\/blog\/wp-json\/wp\/v2\/pages\/16664\/revisions"}],"predecessor-version":[{"id":16683,"href":"https:\/\/quecartucho.es\/blog\/wp-json\/wp\/v2\/pages\/16664\/revisions\/16683"}],"wp:featuredmedia":[{"embeddable":true,"href":"https:\/\/quecartucho.es\/blog\/wp-json\/wp\/v2\/media\/16679"}],"wp:attachment":[{"href":"https:\/\/quecartucho.es\/blog\/wp-json\/wp\/v2\/media?parent=16664"}],"curies":[{"name":"wp","href":"https:\/\/api.w.org\/{rel}","templated":true}]}}