{"id":16687,"date":"2022-07-20T10:31:34","date_gmt":"2022-07-20T08:31:34","guid":{"rendered":"https:\/\/quecartucho.es\/blog\/?page_id=16687"},"modified":"2022-07-20T10:40:32","modified_gmt":"2022-07-20T08:40:32","slug":"como-borrar-la-memoria-de-la-impresora","status":"publish","type":"page","link":"https:\/\/quecartucho.es\/blog\/como-borrar-la-memoria-de-la-impresora\/","title":{"rendered":"C\u00f3mo borrar la memoria de la impresora"},"content":{"rendered":"\n<p>A la hora de imprimir nos podemos encontrar con muchos problemas; por ejemplo, es posible que en la pantalla del perif\u00e9rico o del ordenador nos encontremos con el mensaje de \u00ab<strong><em>Not enough printer memory available to print page<\/em>\u00bb (La impresora no tiene suficiente memoria disponible para imprimir la p\u00e1gina).<\/strong><\/p>\n\n\n\n<p><\/p>\n\n\n\n<p>Tambi\u00e9n debes tener en cuenta que en la memoria de la impresora se pueden almacenar datos personales sobre nuestro equipo o h\u00e1bitos.<\/p>\n\n\n\n<p>La soluci\u00f3n a ambos casos es la misma: <strong>borrar la memoria de la impresora<\/strong>.<\/p>\n\n\n\n<p>A lo largo de este art\u00edculo vamos a estudiar las formas que hay para conseguirlo, teniendo en cuenta varias marcas:<\/p>\n\n\n<div id=\"rank-math-faq\" class=\"rank-math-block\">\n<div class=\"rank-math-list \">\n<div id=\"faq-question-1658298431506\" class=\"rank-math-list-item\">\n<h2 class=\"rank-math-question \"><strong> \u00bfC\u00f3mo solucionar el fallo \u00ab<strong>Memoria en impresora <strong>llena<\/strong><\/strong>\u00ab?<\/strong><\/h2>\n<div class=\"rank-math-answer \">\n<img loading=\"lazy\" decoding=\"async\" width=\"300\" height=\"141\" src=\"https:\/\/quecartucho.es\/blog\/wp-content\/uploads\/2022\/07\/reset-de-la-impresora-300x141.jpg\" class=\"alignright\" alt=\"reset de la impresora\" title=\"\">\n<p>Antes de nada, debes saber que la mayor\u00eda de las impresoras no cuentan con una funci\u00f3n que permita borrar la <strong>memoria<\/strong> o, por lo menos, no podremos hacerlo de forma sencilla.<\/p>\n<p>En lugar de ello, lo m\u00e1s com\u00fan es que tengamos que acceder a la <strong>restauraci\u00f3n de f\u00e1brica<\/strong>. As\u00ed lograremos que la impresora quede como nueva, por lo que no tendr\u00e1 ninguna configuraci\u00f3n anterior guardada.<\/p>\n<p>Dependiendo de cada modelo de impresora, el proceso a llevar a cabo puede ser muy diferente. En este art\u00edculo vamos a estudiar c\u00f3mo hacerlo en estas marcas: <strong>Epson, HP, Brother, Canon y Samsung<\/strong>.<\/p>\n\n<\/div>\n<\/div>\n<\/div>\n<\/div>\n\n\n<h3 class=\"wp-block-heading\"><strong>C\u00f3mo borrar la memoria de la impresora Epson<\/strong><\/h3>\n\n\n\n<p>Lo primero que habr\u00e1 que hacer es identificar si la impresora tiene un <strong>panel LCD<\/strong> o no. En el primer caso, resulta m\u00e1s sencillo.<\/p>\n\n\n\n<p><strong>Con panel LCD<\/strong><\/p>\n\n\n\n<p>1) &nbsp; &nbsp; Pulsa sobre el bot\u00f3n de inicio \/ home (lo podr\u00e1s encontrar en las inmediaciones de la pantalla de la impresora, aunque su posici\u00f3n depender\u00e1 del modelo del que estemos hablando).<\/p>\n\n\n\n<p>2) &nbsp; &nbsp; Utiliza las teclas de flecha para acceder al men\u00fa de <strong>Ajustes<\/strong> o <strong>configuraci\u00f3n<\/strong>. Una vez encuentres esta funci\u00f3n pulsa en <strong>Aceptar<\/strong>.<\/p>\n\n\n\n<p>3) &nbsp; &nbsp; Busca la opci\u00f3n que ponga <strong>Restaurar la configuraci\u00f3n predeterminada<\/strong> o de <strong>f\u00e1brica<\/strong> y acepta. Es posible que el sistema te lo pregunte varias veces ya que, una vez que aceptes, no hay vuelta atr\u00e1s.<\/p>\n\n\n\n<p><strong>Usando bot\u00f3n de reinicio f\u00edsico<\/strong><\/p>\n\n\n\n<p>1) &nbsp; &nbsp; Empieza apagando la impresora por completo.<\/p>\n\n\n\n<p>2) &nbsp; &nbsp; El bot\u00f3n de <strong>reinicio<\/strong> lo podr\u00e1s encontrar en la parte trasera de la impresora. Te har\u00e1 falta un objeto puntiagudo (como podr\u00eda ser un alfiler) para introducirlo en el mismo y mantenerlo presionado durante unos segundos.<\/p>\n\n\n\n<p>3) &nbsp; &nbsp; Enciende la impresora sin dejar de pulsar el bot\u00f3n de reinicio y d\u00e9jalo as\u00ed durante <strong>5 segundos<\/strong>. Si todo va bien, deber\u00eda imprimirse una p\u00e1gina de advertencia en la que se indicar\u00e1 el estado de la impresora con informaci\u00f3n complementaria (por ejemplo, una direcci\u00f3n IP).<\/p>\n\n\n\n<p>Siguiendo estos procesos deber\u00edamos haber dejado la <strong><a href=\"https:\/\/quecartucho.es\/blog\/impresoras-epson\/\">impresora Epson<\/a><\/strong> en su configuraci\u00f3n de f\u00e1brica.<\/p>\n\n\n<div class=\"wp-block-image\">\n<figure class=\"aligncenter size-large\"><img loading=\"lazy\" decoding=\"async\" width=\"1024\" height=\"576\" src=\"https:\/\/quecartucho.es\/blog\/wp-content\/uploads\/2022\/07\/borrar-la-memoria-de-una-impresora-Epson-1024x576.jpg\" alt=\"borrar la memoria de una impresora Epson\" class=\"wp-image-16702\" title=\"\" srcset=\"https:\/\/quecartucho.es\/blog\/wp-content\/uploads\/2022\/07\/borrar-la-memoria-de-una-impresora-Epson-1024x576.jpg 1024w, https:\/\/quecartucho.es\/blog\/wp-content\/uploads\/2022\/07\/borrar-la-memoria-de-una-impresora-Epson-300x169.jpg 300w, https:\/\/quecartucho.es\/blog\/wp-content\/uploads\/2022\/07\/borrar-la-memoria-de-una-impresora-Epson-768x432.jpg 768w, https:\/\/quecartucho.es\/blog\/wp-content\/uploads\/2022\/07\/borrar-la-memoria-de-una-impresora-Epson-150x84.jpg 150w, https:\/\/quecartucho.es\/blog\/wp-content\/uploads\/2022\/07\/borrar-la-memoria-de-una-impresora-Epson.jpg 1280w\" sizes=\"auto, (max-width: 1024px) 100vw, 1024px\" \/><\/figure>\n<\/div>\n\n\n<h3 class=\"wp-block-heading\"><strong>C\u00f3mo borrar la memoria de la impresora HP<\/strong><\/h3>\n\n\n\n<p>La manera de <strong>borrar la memoria de la impresora HP<\/strong> es bastante similar al proceso anterior, aunque depender\u00e1 mucho del modelo de <a href=\"https:\/\/quecartucho.es\/blog\/impresoras-hp\/\"><strong>impresora HP<\/strong><\/a> del que estemos hablando.<\/p>\n\n\n\n<p><strong>Con pantalla LCD<\/strong><\/p>\n\n\n\n<p>Si tu impresora HP tiene pantalla LCD, sigue estos pasos:<\/p>\n\n\n\n<p>1) &nbsp; &nbsp; Busca el bot\u00f3n de men\u00fa para que se abra el panel de configuraci\u00f3n.<\/p>\n\n\n\n<p>2) &nbsp; &nbsp; Utiliza las flechas para desplazarte hacia <strong>Configuraci\u00f3n de dispositivo<\/strong>, pulsa <strong>aceptar<\/strong> y luego vuelve a pulsar en <strong>Configurar Dispositivo<\/strong>. Finalmente, pulsa en <strong>aceptar<\/strong> de nuevo.<\/p>\n\n\n\n<p>3) &nbsp; &nbsp; Siguiendo el mismo proceso tendr\u00e1s que pulsar en <strong>Herramientas -&gt; Reset -&gt; Reset -&gt; Restablecimiento de F\u00e1brica<\/strong>.<\/p>\n\n\n\n<p>4) &nbsp; &nbsp; Confirma que est\u00e1s seguro de iniciar el proceso pulsando en <strong>Aceptar.<\/strong><\/p>\n\n\n\n<p><strong>Con bot\u00f3n f\u00edsico<\/strong><\/p>\n\n\n\n<p>Si la impresora no cuenta con una pantalla LCD, entonces habr\u00e1 que seguir estos pasos:<\/p>\n\n\n\n<p>1) &nbsp; &nbsp; Apaga la impresora. Se recomienda desconectarla de la corriente y mantenerla as\u00ed durante un tiempo m\u00ednimo de <strong>30 segundos<\/strong>. Con este proceso lo que se consigue es eliminar la memoria vol\u00e1til y evitar problemas.<\/p>\n\n\n\n<p>2) &nbsp; &nbsp; Lo m\u00e1s probable es que te haga falta un objeto puntiagudo para activar la funci\u00f3n de restablecer. Deja unos segundos hasta que se reinicie.<\/p>\n\n\n\n<p>3) \u00a0 \u00a0 Enciende la impresora. Si todo ha ido bien se encender\u00e1 un <strong>LED de advertencia<\/strong> y empezar\u00e1 a parpadear. En este punto se imprime una hoja para poder ver el estado de la impresora.<\/p>\n\n\n\n<p><\/p>\n\n\n<div class=\"wp-block-image\">\n<figure class=\"aligncenter size-full\"><img loading=\"lazy\" decoding=\"async\" width=\"400\" height=\"267\" src=\"https:\/\/quecartucho.es\/blog\/wp-content\/uploads\/2022\/07\/borrar-memoria-impresora-HP.jpg\" alt=\"borrar memoria impresora HP\" class=\"wp-image-16704\" title=\"\" srcset=\"https:\/\/quecartucho.es\/blog\/wp-content\/uploads\/2022\/07\/borrar-memoria-impresora-HP.jpg 400w, https:\/\/quecartucho.es\/blog\/wp-content\/uploads\/2022\/07\/borrar-memoria-impresora-HP-300x200.jpg 300w, https:\/\/quecartucho.es\/blog\/wp-content\/uploads\/2022\/07\/borrar-memoria-impresora-HP-150x100.jpg 150w\" sizes=\"auto, (max-width: 400px) 100vw, 400px\" \/><\/figure>\n<\/div>\n\n\n<h3 class=\"wp-block-heading\"><strong>C\u00f3mo borrar la memoria de la impresora Brother<\/strong><\/h3>\n\n\n\n<p>Existen dos m\u00e9todos para <strong>borrar la memoria de la impresora Brother<\/strong><\/p>\n\n\n\n<p><strong>#M\u00e9todo 1<\/strong><\/p>\n\n\n\n<p>Este m\u00e9todo es el m\u00e1s sencillo y el que suele funcionar en la gran mayor\u00eda de los pasos.<\/p>\n\n\n\n<p>1) &nbsp; &nbsp; Apaga la impresora y descon\u00e9ctala de la corriente durante algunos minutos.<\/p>\n\n\n\n<p>2) &nbsp; &nbsp; Sin encender la impresora accede al panel de control del perif\u00e9rico en el sistema operativo que utilices y cancela o borra todos los documentos que se encuentren en espera de impresi\u00f3n.<\/p>\n\n\n\n<p>3) &nbsp; &nbsp; Cuando hayan desaparecido de la cola ser\u00e1 el momento de encender la impresora de nuevo.<\/p>\n\n\n\n<p><strong>#M\u00e9todo 2<\/strong><\/p>\n\n\n\n<p>Puede que por tu modelo concreto de <a href=\"https:\/\/quecartucho.es\/blog\/impresoras-brother\/\"><strong>impresora Brother<\/strong><\/a> el m\u00e9todo anterior no funcione; en este caso, ser\u00e1 cuesti\u00f3n de seguir el siguiente proceso:<\/p>\n\n\n\n<p>1) &nbsp; &nbsp; El bot\u00f3n de Go se utiliza para imprimir aquellos datos que todav\u00eda est\u00e1n en la memoria de la impresora. Pero tambi\u00e9n te puede servir para borrar la memoria. Deja este bot\u00f3n pulsado durante <strong>4 segundos<\/strong> aproximadamente, hasta que los testigos LED se enciendan, y despu\u00e9s sueltas el bot\u00f3n.<\/p>\n\n\n\n<p>2) &nbsp; &nbsp; Vuelve a pulsar el bot\u00f3n de Go de nuevo. Si todo va bien, los testigos de <strong>Ready <\/strong>y <strong>Error<\/strong> deber\u00edan encenderse hasta que el proceso haya concluido.<\/p>\n\n\n\n<p>Si esto sigue pasando, es posible que el documento tenga una resoluci\u00f3n demasiado elevada. Se puede ajustar de la siguiente manera:<\/p>\n\n\n\n<p>Accede a <strong>Inicio -&gt; Panel de Control -&gt; Hardware y Sonido -&gt; Dispositivos e impresoras<\/strong>. Pulsa en <strong>Preferencias de impresi\u00f3n -&gt; Ficha b\u00e1sica y Resoluci\u00f3n<\/strong>.<\/p>\n\n\n\n<p>Prueba a elegir una resoluci\u00f3n m\u00e1s baja de la asignada.<\/p>\n\n\n\n<p><strong>#M\u00e9todo 3<\/strong><\/p>\n\n\n\n<p>Podr\u00eda darse el caso de que se hayan acumulado los faxes en la memoria, as\u00ed que con este m\u00e9todo los vamos a borrar:<\/p>\n\n\n\n<p>1) &nbsp; &nbsp; Pulsa en el bot\u00f3n de <strong>Men\u00fa<\/strong>.<\/p>\n\n\n\n<p>2) &nbsp; &nbsp; Usa las flechas de arriba o abajo para llegar a la opci\u00f3n de <strong>Fax<\/strong> y pulsa en <strong>OK<\/strong>.<\/p>\n\n\n\n<p>3) &nbsp; &nbsp; Selecciona la opci\u00f3n de <strong>Conf. Recepci\u00f3n<\/strong> y pulsa en <strong>aceptar<\/strong>.<\/p>\n\n\n\n<p>4) &nbsp; &nbsp; Busca ahora <strong>Recepci\u00f3n en Memoria<\/strong> y pulsa <strong>Ok<\/strong>.<\/p>\n\n\n\n<p>5) \u00a0 \u00a0 En el caso de que existan faxes en la memoria aparecer\u00e1 el mensaje de <em>\u00bfErase All Fax (Doc)?<\/em> Y pulsaremos en OK.<\/p>\n\n\n\n<p><\/p>\n\n\n<div class=\"wp-block-image\">\n<figure class=\"aligncenter size-full\"><img loading=\"lazy\" decoding=\"async\" width=\"400\" height=\"267\" src=\"https:\/\/quecartucho.es\/blog\/wp-content\/uploads\/2022\/07\/borrar-memoria-impresora-brother.jpg\" alt=\"borrar memoria impresora brother\" class=\"wp-image-16705\" title=\"\" srcset=\"https:\/\/quecartucho.es\/blog\/wp-content\/uploads\/2022\/07\/borrar-memoria-impresora-brother.jpg 400w, https:\/\/quecartucho.es\/blog\/wp-content\/uploads\/2022\/07\/borrar-memoria-impresora-brother-300x200.jpg 300w, https:\/\/quecartucho.es\/blog\/wp-content\/uploads\/2022\/07\/borrar-memoria-impresora-brother-150x100.jpg 150w\" sizes=\"auto, (max-width: 400px) 100vw, 400px\" \/><\/figure>\n<\/div>\n\n\n<h3 class=\"wp-block-heading\"><strong>C\u00f3mo borrar la memoria de la impresora Canon<\/strong><\/h3>\n\n\n\n<p>En el caso de las <strong><a href=\"https:\/\/quecartucho.es\/blog\/impresoras-canon\/\">impresoras Canon<\/a><\/strong> existe lo que se conoce como un <strong>Kit de Borrado de datos<\/strong>. A partir de esta funci\u00f3n conseguimos que los datos se borren por completo de la memoria, evitando as\u00ed que quede alg\u00fan rastro.<\/p>\n\n\n\n<p>Se borrar\u00e1n tanto los datos que se han borrado al leer, como los de la cola de impresi\u00f3n, aquellos que se hayan guardado de forma temporal, los que hayan quedado despu\u00e9s de eliminar los archivos del buz\u00f3n de fax\/i-FAX, as\u00ed como los enviados y recibidos.<\/p>\n\n\n\n<p>El proceso de <strong>borrar la memoria de la impresora Canon<\/strong> es muy sencillo y suele ser bastante parecido en los diferentes modelos:<\/p>\n\n\n\n<p>1) &nbsp; &nbsp; Pulsa el bot\u00f3n de inici\u00f3 (se suele presentar con una forma redonda con un punto negro en medio).<\/p>\n\n\n\n<p>2) &nbsp; &nbsp; Despl\u00e1zate sobre el men\u00fa hasta encontrar<strong> Opciones de Gesti\u00f3n<\/strong>. En el nuevo men\u00fa pulsa <strong>Gesti\u00f3n de Datos<\/strong> y, finalmente, <strong>Opciones de eliminaci\u00f3n de datos existentes.<\/strong><\/p>\n\n\n\n<p>3) &nbsp; &nbsp; A diferencia de la mayor\u00eda de las impresoras, en Canon es posible elegir un <strong>intervalo de eliminaci\u00f3n<\/strong> para discriminar algunos datos (por si no quieres borrarlo todo). Lo \u00fanico que tendr\u00e1s que hacer es seleccionar el intervalo de eliminaci\u00f3n y pulsar en <strong>Aceptar<\/strong>.<\/p>\n\n\n\n<p>Se iniciar\u00e1 un proceso en el que se ir\u00e1n sobrescribiendo y borrando los datos de cada una de las p\u00e1ginas. Una vez que ha terminado se hace una nueva comprobaci\u00f3n; si todo est\u00e1 bien, la memoria de la impresora Canon habr\u00e1 quedado completamente eliminada.<\/p>\n\n\n\n<p><\/p>\n\n\n\n<h3 class=\"wp-block-heading\"><strong>C\u00f3mo borrar la memoria de la impresora Samsung<\/strong><\/h3>\n\n\n\n<p>Con las <strong><a href=\"https:\/\/quecartucho.es\/blog\/impresoras-samsung\/\">impresoras Samsung<\/a><\/strong> hay que tener en cuenta que no siempre existe una opci\u00f3n para que el perif\u00e9rico vuelva a su configuraci\u00f3n de f\u00e1brica o puede que est\u00e9 m\u00e1s escondida de lo que pensamos.<\/p>\n\n\n\n<p>Nuevamente, vamos a hacer una distinci\u00f3n del proceso teniendo en cuenta si tiene pantalla LCD o no.<\/p>\n\n\n\n<p><strong>Con pantalla LCD<\/strong><\/p>\n\n\n\n<p>1) &nbsp; &nbsp; Pulsa el bot\u00f3n de <strong>Men\u00fa<\/strong> y escribe el c\u00f3digo <strong>#1934#<\/strong>. Despu\u00e9s pulsa de nuevo el bot\u00f3n de men\u00fa y podr\u00e1s acceder a la <strong>zona de diagn\u00f3stico<\/strong>.<\/p>\n\n\n\n<p>2) &nbsp; &nbsp; Dentro de esta zona tendr\u00e1s que encontrar una opci\u00f3n que diga <strong>Men\u00fa T\u00e9cnico<\/strong> (a algo similar, ya que esto cambiar\u00e1 dependiendo del modelo) y pulsar en <strong>aceptar<\/strong>. Despu\u00e9s pulsa en <strong>Funciones de servicio<\/strong> y <strong>Borrar todos los datos<\/strong>.<\/p>\n\n\n\n<p>3) &nbsp; &nbsp; Espera a que la impresora termine el proceso (podr\u00eda tardar varios minutos).<\/p>\n\n\n\n<p>Lo cierto es que tambi\u00e9n pueden quedar algunos datos residentes dentro de la memoria interna, as\u00ed que lo mejor que puedes hacer es formatearla para evitar problemas.<\/p>\n\n\n\n<p>Esto se hace dentro del mismo <strong>Men\u00fa T\u00e9cnico -&gt; Funciones de servicio<\/strong> y pulsa sobre la opci\u00f3n de <strong>Formato HDD<\/strong>. Pulsa en Ok, luego en \u201cSi\u00bb, y finalmente en Ok. As\u00ed se formatear\u00e1 la memoria interna y no quedar\u00e1 ni rastro.<\/p>\n\n\n\n<p>Estos m\u00e9todos pueden ayudarte a <strong>borrar la memoria de la impresora<\/strong>. Sin embargo, te animamos a consultar el manual de tu modelo en concreto, por si existiesen diferencias.<\/p>\n\n\n\n<p><\/p>\n\n\n\n<p><strong>Si solo quieres borrar el historial de impresi\u00f3n<\/strong> y tienes un Windows es mucho m\u00e1s f\u00e1cil, puedes ver este art\u00edculo que te explicamos como hacerlo.<\/p>\n\n\n\n<ul class=\"wp-block-list\"><li><a href=\"https:\/\/quecartucho.es\/blog\/como-comprobar-los-documentos-impresos-en-windows-10-y-windows-11\/\">C\u00f3mo comprobar los documentos impresos en Windows 10 y Windows 11<\/a><\/li><\/ul>\n","protected":false},"excerpt":{"rendered":"<p>A la hora de imprimir nos podemos encontrar con muchos problemas; por ejemplo, es posible que en la pantalla del perif\u00e9rico o del ordenador nos encontremos con el mensaje de \u00abNot enough printer memory available to print page\u00bb (La impresora no tiene suficiente memoria disponible para imprimir la p\u00e1gina). Tambi\u00e9n debes tener en cuenta que&hellip;&nbsp;<a href=\"https:\/\/quecartucho.es\/blog\/como-borrar-la-memoria-de-la-impresora\/\" rel=\"bookmark\">Leer m\u00e1s &raquo;<span class=\"screen-reader-text\">C\u00f3mo borrar la memoria de la impresora<\/span><\/a><\/p>\n","protected":false},"author":1,"featured_media":16699,"parent":0,"menu_order":0,"comment_status":"closed","ping_status":"closed","template":"","meta":{"neve_meta_sidebar":"full-width","neve_meta_container":"","neve_meta_enable_content_width":"on","neve_meta_content_width":100,"neve_meta_title_alignment":"","neve_meta_author_avatar":"","neve_post_elements_order":"","neve_meta_disable_header":"","neve_meta_disable_footer":"","neve_meta_disable_title":"","episode_type":"","audio_file":"","podmotor_file_id":"","podmotor_episode_id":"","cover_image":"","cover_image_id":"","duration":"","filesize":"","filesize_raw":"","date_recorded":"","explicit":"","block":"","footnotes":""},"class_list":["post-16687","page","type-page","status-publish","has-post-thumbnail","hentry"],"_links":{"self":[{"href":"https:\/\/quecartucho.es\/blog\/wp-json\/wp\/v2\/pages\/16687","targetHints":{"allow":["GET"]}}],"collection":[{"href":"https:\/\/quecartucho.es\/blog\/wp-json\/wp\/v2\/pages"}],"about":[{"href":"https:\/\/quecartucho.es\/blog\/wp-json\/wp\/v2\/types\/page"}],"author":[{"embeddable":true,"href":"https:\/\/quecartucho.es\/blog\/wp-json\/wp\/v2\/users\/1"}],"replies":[{"embeddable":true,"href":"https:\/\/quecartucho.es\/blog\/wp-json\/wp\/v2\/comments?post=16687"}],"version-history":[{"count":7,"href":"https:\/\/quecartucho.es\/blog\/wp-json\/wp\/v2\/pages\/16687\/revisions"}],"predecessor-version":[{"id":16710,"href":"https:\/\/quecartucho.es\/blog\/wp-json\/wp\/v2\/pages\/16687\/revisions\/16710"}],"wp:featuredmedia":[{"embeddable":true,"href":"https:\/\/quecartucho.es\/blog\/wp-json\/wp\/v2\/media\/16699"}],"wp:attachment":[{"href":"https:\/\/quecartucho.es\/blog\/wp-json\/wp\/v2\/media?parent=16687"}],"curies":[{"name":"wp","href":"https:\/\/api.w.org\/{rel}","templated":true}]}}