{"id":16813,"date":"2022-08-10T09:40:24","date_gmt":"2022-08-10T07:40:24","guid":{"rendered":"https:\/\/quecartucho.es\/blog\/?page_id=16813"},"modified":"2023-07-28T17:23:49","modified_gmt":"2023-07-28T15:23:49","slug":"como-conectar-una-impresora-epson-al-wifi","status":"publish","type":"page","link":"https:\/\/quecartucho.es\/blog\/como-conectar-una-impresora-epson-al-wifi\/","title":{"rendered":"C\u00f3mo conectar una impresora Epson al wifi"},"content":{"rendered":"\n<p>Las <strong><a href=\"https:\/\/quecartucho.es\/blog\/impresoras\/tipos-de-impresoras-segun-su-conectividad\/que-es-wifi-en-mi-impresora-y-para-que-sirve\/\">impresoras WiFi<\/a><\/strong> hacen nuestra vida mucho m\u00e1s sencilla al no requerir de una conexi\u00f3n cableada convencional. Lo \u00fanico que har\u00e1 falta es elegir el archivo a imprimir, seleccionar la impresora y deber\u00eda de funcionar.<\/p>\n\n\n\n<p>Lo mejor de todo es que este tipo de conexi\u00f3n, adem\u00e1s de ser compatible con los PCs y port\u00e1tiles de toda la vida, tambi\u00e9n funciona con dispositivos m\u00f3viles (como es el caso de un tel\u00e9fono m\u00f3vil o de una tablet)<\/p>\n\n\n\n<p>Pero como ocurre con cualquier tipo de perif\u00e9rico, se pueden producir ciertos problemas de conexi\u00f3n WiFi al establecer la conexi\u00f3n.<\/p>\n\n\n<div class=\"wp-block-image\">\n<figure class=\"aligncenter size-full\"><img loading=\"lazy\" decoding=\"async\" width=\"810\" height=\"456\" src=\"https:\/\/quecartucho.es\/blog\/wp-content\/uploads\/2022\/08\/Como-Instalar-una-Impresora-Epson-ET-2650-por-WiFi.jpg\" alt=\"Como Instalar una Impresora Epson al WiFi\" class=\"wp-image-16825\" title=\"\" srcset=\"https:\/\/quecartucho.es\/blog\/wp-content\/uploads\/2022\/08\/Como-Instalar-una-Impresora-Epson-ET-2650-por-WiFi.jpg 810w, https:\/\/quecartucho.es\/blog\/wp-content\/uploads\/2022\/08\/Como-Instalar-una-Impresora-Epson-ET-2650-por-WiFi-300x169.jpg 300w, https:\/\/quecartucho.es\/blog\/wp-content\/uploads\/2022\/08\/Como-Instalar-una-Impresora-Epson-ET-2650-por-WiFi-768x432.jpg 768w, https:\/\/quecartucho.es\/blog\/wp-content\/uploads\/2022\/08\/Como-Instalar-una-Impresora-Epson-ET-2650-por-WiFi-150x84.jpg 150w\" sizes=\"auto, (max-width: 810px) 100vw, 810px\" \/><figcaption class=\"wp-element-caption\">Como <a href=\"https:\/\/quecartucho.es\/blog\/como-se-instala-una-impresora\/\">Instalar una Impresora<\/a> Epson al WiFi<\/figcaption><\/figure>\n<\/div>\n\n\n<p>En este art\u00edculo te ense\u00f1amos <strong>c\u00f3mo conectar una impresora WiFi<\/strong> de la marca Epson. Si tu impresora no es una Epson puedes mirar nuestro art\u00edculo: \u00ab<a href=\"https:\/\/quecartucho.es\/blog\/conoce-las-maneras-conectar-impresora-wifi-exitosamente\/\">4 formas de conectar tu impresora WIFI\u00bb<\/a><\/p>\n\n\n\n<h2 class=\"wp-block-heading\"><strong>M\u00e9todos para conectar una impresora Epson a la conexi\u00f3n WiFi<\/strong><\/h2>\n\n\n\n<div class=\"wp-block-columns is-layout-flex wp-container-core-columns-is-layout-9d6595d7 wp-block-columns-is-layout-flex\">\n<div class=\"wp-block-column is-layout-flow wp-block-column-is-layout-flow\">\n<p>La dificultad para emparejar una <a href=\"https:\/\/quecartucho.es\/blog\/impresoras-epson\/\"><strong>impresora Epson<\/strong><\/a> al Wi-Fi depende del modelo del que estemos hablando. Si nos referimos a una <strong>impresora con pantalla a color<\/strong>, la configuraci\u00f3n ser\u00e1 m\u00e1s f\u00e1cil; incluso puede que se trate de un modelo t\u00e1ctil y los controles sean todav\u00eda m\u00e1s intuitivos.<\/p>\n\n\n\n<p>Lo m\u00e1s interesante es configurar la conexi\u00f3n inal\u00e1mbrica cuando instalas la impresora. Aunque tambi\u00e9n lo podr\u00e1s hacer m\u00e1s tarde, podr\u00eda complicarse bastante el proceso de configuraci\u00f3n.<\/p>\n<\/div>\n\n\n\n<div class=\"wp-block-column is-layout-flow wp-block-column-is-layout-flow\">\n<figure class=\"wp-block-image size-large\"><img loading=\"lazy\" decoding=\"async\" width=\"1024\" height=\"576\" src=\"https:\/\/quecartucho.es\/blog\/wp-content\/uploads\/2022\/08\/Metodos-para-conectar-una-impresora-Epson-a-la-conexion-WiFi-1024x576.jpg\" alt=\"M\u00e9todos para conectar una impresora Epson a la conexi\u00f3n WiFi\" class=\"wp-image-16827\" title=\"\" srcset=\"https:\/\/quecartucho.es\/blog\/wp-content\/uploads\/2022\/08\/Metodos-para-conectar-una-impresora-Epson-a-la-conexion-WiFi-1024x576.jpg 1024w, https:\/\/quecartucho.es\/blog\/wp-content\/uploads\/2022\/08\/Metodos-para-conectar-una-impresora-Epson-a-la-conexion-WiFi-300x169.jpg 300w, https:\/\/quecartucho.es\/blog\/wp-content\/uploads\/2022\/08\/Metodos-para-conectar-una-impresora-Epson-a-la-conexion-WiFi-768x432.jpg 768w, https:\/\/quecartucho.es\/blog\/wp-content\/uploads\/2022\/08\/Metodos-para-conectar-una-impresora-Epson-a-la-conexion-WiFi-150x84.jpg 150w, https:\/\/quecartucho.es\/blog\/wp-content\/uploads\/2022\/08\/Metodos-para-conectar-una-impresora-Epson-a-la-conexion-WiFi.jpg 1280w\" sizes=\"auto, (max-width: 1024px) 100vw, 1024px\" \/><\/figure>\n<\/div>\n<\/div>\n\n\n\n<p>Cada impresora Epson puede tener diferentes f\u00f3rmulas para conseguir conectarla al WiFi, pero estas son las m\u00e1s comunes:<\/p>\n\n\n\n<h3 class=\"wp-block-heading\"><strong>1)<\/strong> &nbsp; &nbsp; <strong>Conexi\u00f3n con clave de Red<\/strong><\/h3>\n\n\n\n<p>Tu conexi\u00f3n inal\u00e1mbrica tendr\u00e1 una contrase\u00f1a para impedir cualquier acceso no autorizado (si no fuese as\u00ed, deber\u00edas protegerla cuanto antes). Esta clave debe tener una encriptaci\u00f3n m\u00ednima de <strong>WPA2<\/strong> para estar protegida frente a ataques de fuerza bruta o de diccionario.<\/p>\n\n\n\n<p>Lo m\u00e1s habitual es que la clave aparezca en una pegatina que tendr\u00e1 el router en la parte baja. Si no la has cambiado accediendo al router, seguir\u00e1 siendo la misma contrase\u00f1a.<\/p>\n\n\n\n<p>Esta es la forma de conexi\u00f3n m\u00e1s habitual:<\/p>\n\n\n\n<p>1) &nbsp; &nbsp; Si utilizas una impresora con pantalla, simplemente tendr\u00e1s que desplazarte entre las opciones de <strong>configuraci\u00f3n -&gt; Configuraci\u00f3n WiFi<\/strong> y elegir el nombre de tu conexi\u00f3n. Introduce la clave con paciencia (recuerda que la contrase\u00f1a es sensible a may\u00fasculas y min\u00fasculas) y deber\u00eda funcionar.<\/p>\n\n\n\n<p>2) &nbsp; &nbsp; Si no tienes una impresora con pantalla, la configuraci\u00f3n se har\u00e1 durante el proceso de instalaci\u00f3n en el sistema operativo. En alg\u00fan momento podr\u00e1s escoger la red WiFi que te corresponde e introducir la contrase\u00f1a correspondiente.<\/p>\n\n\n\n<p>Podr\u00eda darse el caso de que la contrase\u00f1a no sea compatible con la encriptaci\u00f3n de la red WiFI (esto pasa con modelos <strong>Epson<\/strong> muy antiguos). En este caso, o bien pruebas a actualizar la impresora, o bien cambias la encriptaci\u00f3n de la red WiFi a una que no sea demasiado elevada.<\/p>\n\n\n\n<figure class=\"wp-block-embed is-type-video is-provider-youtube wp-block-embed-youtube wp-embed-aspect-16-9 wp-has-aspect-ratio\"><div class=\"wp-block-embed__wrapper\">\n<div class=\"nv-iframe-embed\"><iframe loading=\"lazy\" title=\"Como Conectar Impresora Epson Wifi -  Configurar e Imprimir por Wifi Epson L395\" width=\"1200\" height=\"675\" src=\"https:\/\/www.youtube.com\/embed\/9Ke-PGyC7jU?feature=oembed\" frameborder=\"0\" allow=\"accelerometer; autoplay; clipboard-write; encrypted-media; gyroscope; picture-in-picture; web-share\" allowfullscreen><\/iframe><\/div>\n<\/div><\/figure>\n\n\n\n<h3 class=\"wp-block-heading\"><strong>2)<\/strong> &nbsp; &nbsp; <strong>Bot\u00f3n WPS<\/strong><\/h3>\n\n\n\n<p>Muchos dispositivos ya cuentan con un <strong>bot\u00f3n WPS<\/strong> (es el acr\u00f3nimo de <strong>Configuraci\u00f3n Inal\u00e1mbrica Protegida) <\/strong>que permite conectar dispositivos directamente al router del hogar, con la particularidad de que no har\u00e1 falta utilizar contrase\u00f1a ni ning\u00fan tipo de proceso intrincado.<\/p>\n\n\n\n<p>Es la f\u00f3rmula m\u00e1s interesante para conectar un tel\u00e9fono m\u00f3vil a la conexi\u00f3n de casa y evitarnos tener que estar escribiendo largas y complejas contrase\u00f1as en las que podemos equivocarnos en cualquier d\u00edgito. Y tambi\u00e9n se puede usar para <strong>conectar una impresora Epson al WiFi<\/strong>.<\/p>\n\n\n\n<p>Eso s\u00ed, tan solo ser\u00e1 posible llevar a cabo este m\u00e9todo en el caso de que tanto la impresora como el router sean compatibles con el sistema <strong>WPS.<\/strong><\/p>\n\n\n\n<p>Como te puedes imaginar, el proceso de configuraci\u00f3n es sencillo: tan solo tendr\u00e1s que pulsar el bot\u00f3n de WPS del router cuando la impresora est\u00e9 buscando dispositivos a los que sincronizarse. Si todo va bien, se establecer\u00e1 la conexi\u00f3n de forma directa y la impresora pasar\u00e1 a formar parte de los dispositivos autorizados para estar en la red dom\u00e9stica y conectarse.<\/p>\n\n\n\n<p><strong>Importante: <\/strong>algunos routers cuentan con dos botones de WPS; lo m\u00e1s usual es que uno de ellos sea para conectarse a la red convencional y otro para la red <strong>5G<\/strong>. La que mejor suele funcionar es la \u00faltima.<\/p>\n\n\n\n<figure class=\"wp-block-embed is-type-video is-provider-youtube wp-block-embed-youtube wp-embed-aspect-16-9 wp-has-aspect-ratio\"><div class=\"wp-block-embed__wrapper\">\n<div class=\"nv-iframe-embed\"><iframe loading=\"lazy\" title=\"COMO CONECTAR IMPRESORA EPSON A UNA RED WIFI MEDIANTE WPS\" width=\"1200\" height=\"675\" src=\"https:\/\/www.youtube.com\/embed\/TE1gaIf2iE8?feature=oembed\" frameborder=\"0\" allow=\"accelerometer; autoplay; clipboard-write; encrypted-media; gyroscope; picture-in-picture; web-share\" allowfullscreen><\/iframe><\/div>\n<\/div><\/figure>\n\n\n\n<h3 class=\"wp-block-heading\"><strong>3)<\/strong> &nbsp; &nbsp; <strong>Funci\u00f3n de WifI Auto connect<\/strong><\/h3>\n\n\n\n<div class=\"wp-block-columns is-layout-flex wp-container-core-columns-is-layout-9d6595d7 wp-block-columns-is-layout-flex\">\n<div class=\"wp-block-column is-layout-flow wp-block-column-is-layout-flow\">\n<p>Si las opciones anteriores fallan, o no te terminas de aclarar, tienes la alternativa de utilizar la funci\u00f3n de <strong>WiFi Auto Connect<\/strong>. Estamos hablando de una prestaci\u00f3n disponible en la mayor\u00eda de las impresoras, muy sencilla de utilizar.<\/p>\n\n\n\n<p>Eso s\u00ed, para poder usar esta funci\u00f3n para <strong>conectar una impresora Epson al WiFi<\/strong> tendremos que haber configurado previamente la funci\u00f3n. En estas l\u00edneas no vamos a comentar el proceso, ya que necesitar\u00edamos una p\u00e1gina completa para ello.<\/p>\n\n\n\n<ul class=\"wp-block-list\">\n<li>1) &nbsp; &nbsp; Activa la funci\u00f3n de <strong>WiFi Auto-Connect<\/strong> (este es el nombre m\u00e1s com\u00fan que suele tener en la mayor\u00eda de las impresoras, pero el nombre exacto puede depender mucho del modelo del que estemos hablando, as\u00ed como de otras particularidades).<\/li>\n\n\n\n<li>2) &nbsp; &nbsp; Utiliza la informaci\u00f3n que te aparece para conectarte a la red WiFi.<br>El sistema de configuraci\u00f3n puede ser algo lento, pero funciona. En ocasiones, el tiempo de espera puede llegar a ser superior a un minuto. Si pasa m\u00e1s tiempo y no hay ning\u00fan tipo de comunicaci\u00f3n por parte de la impresora, es el momento de usar una alternativa.<\/li>\n<\/ul>\n<\/div>\n\n\n\n<div class=\"wp-block-column is-layout-flow wp-block-column-is-layout-flow\"><div class=\"wp-block-image\">\n<figure class=\"aligncenter size-full\"><img loading=\"lazy\" decoding=\"async\" width=\"512\" height=\"512\" src=\"https:\/\/quecartucho.es\/blog\/wp-content\/uploads\/2022\/08\/Funcion-de-WifI-Auto-connect.png\" alt=\"Funci\u00f3n de WifI Auto connect\" class=\"wp-image-16836\" title=\"\" srcset=\"https:\/\/quecartucho.es\/blog\/wp-content\/uploads\/2022\/08\/Funcion-de-WifI-Auto-connect.png 512w, https:\/\/quecartucho.es\/blog\/wp-content\/uploads\/2022\/08\/Funcion-de-WifI-Auto-connect-300x300.png 300w, https:\/\/quecartucho.es\/blog\/wp-content\/uploads\/2022\/08\/Funcion-de-WifI-Auto-connect-150x150.png 150w, https:\/\/quecartucho.es\/blog\/wp-content\/uploads\/2022\/08\/Funcion-de-WifI-Auto-connect-120x120.png 120w, https:\/\/quecartucho.es\/blog\/wp-content\/uploads\/2022\/08\/Funcion-de-WifI-Auto-connect-96x96.png 96w\" sizes=\"auto, (max-width: 512px) 100vw, 512px\" \/><figcaption class=\"wp-element-caption\">Funci\u00f3n de WifI Auto connect<\/figcaption><\/figure>\n<\/div><\/div>\n<\/div>\n\n\n\n<p><\/p>\n\n\n\n<h3 class=\"wp-block-heading\"><strong>4)<\/strong> &nbsp; &nbsp; <strong>Conexi\u00f3n de una impresora no WiFi al WiFi del hogar con un PC<\/strong><\/h3>\n\n\n\n<p>Si tienes una impresora que no cuenta con conexi\u00f3n WiFi es posible conectarla a la red, siempre y cuando utilicemos un ordenador como intermediario. Esto es posible debido a una funci\u00f3n propia del sistema operativo: <strong>Compartir impresora de Windows<\/strong>.<\/p>\n\n\n\n<p>1) &nbsp; &nbsp; Escribe <strong>configuraci\u00f3n<\/strong> en la barra de b\u00fasqueda de Windows.<\/p>\n\n\n\n<p>2) &nbsp; &nbsp; Pulsa en <strong>Dispositivos -&gt; Impresoras y esc\u00e1neres<\/strong>.<\/p>\n\n\n\n<p>3) &nbsp; &nbsp; Elige la impresora que quieres compartir y haz doble clic sobre la misma.<\/p>\n\n\n\n<p>4) &nbsp; &nbsp; Haz clic en la funci\u00f3n de <strong>compartir esta impresora<\/strong> e introduce el nombre del recurso.<\/p>\n\n\n\n<p>5) &nbsp; &nbsp; Pulsa en <strong>aceptar<\/strong> para que se apliquen las configuraciones.<\/p>\n\n\n\n<p>As\u00ed habr\u00e1s creado un acceso de red hacia la impresora, para que cualquier dispositivo conectado a la misma lo pueda llegar a utilizar. Obviamente, esto tan solo funcionar\u00e1 en el caso de que la impresora est\u00e9 encendida y tenga puestos los <a href=\"https:\/\/quecartucho.es\/4223-cartuchos-de-tinta-epson-compatibles\"><strong>cartuchos de tinta Epson<\/strong><\/a>; si no es as\u00ed, no podr\u00e1s imprimir de manera inal\u00e1mbrica.<\/p>\n\n\n\n<p>Si quieres <strong>conectar una impresora Epson al WiFi<\/strong> no dudes en utilizar alguno de estos 4 m\u00e9todos. <\/p>\n","protected":false},"excerpt":{"rendered":"<p>Las impresoras WiFi hacen nuestra vida mucho m\u00e1s sencilla al no requerir de una conexi\u00f3n cableada convencional. Lo \u00fanico que har\u00e1 falta es elegir el archivo a imprimir, seleccionar la impresora y deber\u00eda de funcionar. Lo mejor de todo es que este tipo de conexi\u00f3n, adem\u00e1s de ser compatible con los PCs y port\u00e1tiles de&hellip;&nbsp;<a href=\"https:\/\/quecartucho.es\/blog\/como-conectar-una-impresora-epson-al-wifi\/\" rel=\"bookmark\">Leer m\u00e1s &raquo;<span class=\"screen-reader-text\">C\u00f3mo conectar una impresora Epson al wifi<\/span><\/a><\/p>\n","protected":false},"author":1,"featured_media":16826,"parent":0,"menu_order":0,"comment_status":"closed","ping_status":"closed","template":"","meta":{"neve_meta_sidebar":"full-width","neve_meta_container":"","neve_meta_enable_content_width":"on","neve_meta_content_width":100,"neve_meta_title_alignment":"","neve_meta_author_avatar":"","neve_post_elements_order":"","neve_meta_disable_header":"","neve_meta_disable_footer":"","neve_meta_disable_title":"","episode_type":"","audio_file":"","podmotor_file_id":"","podmotor_episode_id":"","cover_image":"","cover_image_id":"","duration":"","filesize":"","filesize_raw":"","date_recorded":"","explicit":"","block":"","footnotes":""},"class_list":["post-16813","page","type-page","status-publish","has-post-thumbnail","hentry"],"_links":{"self":[{"href":"https:\/\/quecartucho.es\/blog\/wp-json\/wp\/v2\/pages\/16813","targetHints":{"allow":["GET"]}}],"collection":[{"href":"https:\/\/quecartucho.es\/blog\/wp-json\/wp\/v2\/pages"}],"about":[{"href":"https:\/\/quecartucho.es\/blog\/wp-json\/wp\/v2\/types\/page"}],"author":[{"embeddable":true,"href":"https:\/\/quecartucho.es\/blog\/wp-json\/wp\/v2\/users\/1"}],"replies":[{"embeddable":true,"href":"https:\/\/quecartucho.es\/blog\/wp-json\/wp\/v2\/comments?post=16813"}],"version-history":[{"count":10,"href":"https:\/\/quecartucho.es\/blog\/wp-json\/wp\/v2\/pages\/16813\/revisions"}],"predecessor-version":[{"id":19986,"href":"https:\/\/quecartucho.es\/blog\/wp-json\/wp\/v2\/pages\/16813\/revisions\/19986"}],"wp:featuredmedia":[{"embeddable":true,"href":"https:\/\/quecartucho.es\/blog\/wp-json\/wp\/v2\/media\/16826"}],"wp:attachment":[{"href":"https:\/\/quecartucho.es\/blog\/wp-json\/wp\/v2\/media?parent=16813"}],"curies":[{"name":"wp","href":"https:\/\/api.w.org\/{rel}","templated":true}]}}