{"id":16845,"date":"2022-08-11T09:01:15","date_gmt":"2022-08-11T07:01:15","guid":{"rendered":"https:\/\/quecartucho.es\/blog\/?page_id=16845"},"modified":"2022-08-18T09:12:31","modified_gmt":"2022-08-18T07:12:31","slug":"como-se-limpian-los-cabezales-de-una-impresora-canon","status":"publish","type":"page","link":"https:\/\/quecartucho.es\/blog\/que-es-un-cabezal-de-impresion\/como-limpiar-un-cabezal-de-impresion\/como-se-limpian-los-cabezales-de-una-impresora-canon\/","title":{"rendered":"C\u00f3mo se limpian los cabezales de una impresora Canon"},"content":{"rendered":"\n<p>Las impresoras requieren de un mantenimiento o terminar\u00e1n por funcionar de manera incorrecta. Por ejemplo, con el paso del tiempo se puede ir acumulando tinta en los cabezales, hasta el punto de que pueden dejar de funcionar o manchar por completo tus impresiones.<\/p>\n\n\n\n<div class=\"wp-block-columns is-layout-flex wp-container-core-columns-is-layout-9d6595d7 wp-block-columns-is-layout-flex\">\n<div class=\"wp-block-column is-layout-flow wp-block-column-is-layout-flow\">\n<p>Llegados a ese momento es el momento de <strong><a href=\"https:\/\/quecartucho.es\/blog\/que-es-un-cabezal-de-impresion\/como-limpiar-un-cabezal-de-impresion\/\">limpiar los cabezales<\/a><\/strong>.<\/p>\n\n\n\n<p><\/p>\n\n\n\n<p>Como hay tantos modelos de impresora diferentes, en este art\u00edculo nos vamos a centrar en las <strong><a href=\"https:\/\/quecartucho.es\/blog\/impresoras-canon\/\">impresoras Canon<\/a><\/strong>:<\/p>\n<\/div>\n\n\n\n<div class=\"wp-block-column is-layout-flow wp-block-column-is-layout-flow\"><div class=\"wp-block-image\">\n<figure class=\"aligncenter size-full\"><img loading=\"lazy\" decoding=\"async\" width=\"239\" height=\"239\" src=\"https:\/\/quecartucho.es\/blog\/wp-content\/uploads\/2022\/08\/cabezal-de-impresora-Canon.jpg\" alt=\"cabezal de impresora Canon\" class=\"wp-image-16850\" title=\"\" srcset=\"https:\/\/quecartucho.es\/blog\/wp-content\/uploads\/2022\/08\/cabezal-de-impresora-Canon.jpg 239w, https:\/\/quecartucho.es\/blog\/wp-content\/uploads\/2022\/08\/cabezal-de-impresora-Canon-150x150.jpg 150w, https:\/\/quecartucho.es\/blog\/wp-content\/uploads\/2022\/08\/cabezal-de-impresora-Canon-120x120.jpg 120w, https:\/\/quecartucho.es\/blog\/wp-content\/uploads\/2022\/08\/cabezal-de-impresora-Canon-96x96.jpg 96w\" sizes=\"auto, (max-width: 239px) 100vw, 239px\" \/><\/figure>\n<\/div><\/div>\n<\/div>\n\n\n\n<h2 class=\"wp-block-heading\"><strong>Limpieza a fondo (Deep Cleaning) de las impresoras Canon: Pasos a seguir<\/strong><\/h2>\n\n\n\n<p>Dependiendo del modelo del que estemos hablando, el proceso para <strong>limpiar los cabezales<\/strong> de impresi\u00f3n puede ser muy variado.<\/p>\n\n\n\n<p>Lo m\u00e1s com\u00fan es que se haga desde el propio controlador de la impresora, pero los modelos m\u00e1s modernos tambi\u00e9n lo primen hacer desde el controlador.<\/p>\n\n\n\n<p><strong>Desde el controlador de la impresora:<\/strong><\/p>\n\n\n\n<h3 class=\"wp-block-heading\">Si quieres hacerlo desde el <strong>controlador de la impresora<\/strong>, sigue estos pasos:<\/h3>\n\n\n\n<p>1) &nbsp; &nbsp; Accede al panel de control de Windows, en <strong>impresoras y otros dispositivos<\/strong> y haz clic en la pesta\u00f1a de <strong>mantenimiento<\/strong>. Una vez dentro te aparecer\u00e1n una serie de opciones, entre las que tendremos que pulsar la de <strong>limpieza<\/strong>. Te aparecer\u00e1n las instrucciones en base a tu modelo y las tendr\u00e1s que seguir a rajatabla.<\/p>\n\n\n\n<p>2) &nbsp; &nbsp; Es posible que esta opci\u00f3n por s\u00ed misma no solucione el problema (esto ocurrir\u00e1 si el atasco ha sido importante). En este caso, vuelve al panel anterior y marca en <strong>limpieza profunda<\/strong>. Puede que tengas que ejecutar esta opci\u00f3n varias veces para que el cabezal quede completamente limpio.<\/p>\n\n\n\n<p>Si los pasos anteriores no funcionan, no te quedar\u00e1 otra que <strong>limpiar el cabezal Canon<\/strong> de forma manual. Describimos c\u00f3mo hacerlo en el \u00faltimo apartado de esta secci\u00f3n.<\/p>\n\n\n\n<h3 class=\"wp-block-heading\"><strong>Desde los botones de la propia impresora:<\/strong><\/h3>\n\n\n\n<p>Si tu impresora es moderna, entonces no hace falta ni tan siquiera que est\u00e9 conectada a un ordenador para proceder con la <strong>limpieza del cabezal<\/strong>. En este caso, lo \u00fanico que habr\u00e1 que hacer es utilizar los botones que encontraremos en el frontal y seguir las instrucciones que aparecer\u00e1n en la pantalla t\u00e1ctil.<\/p>\n\n\n\n<ol class=\"wp-block-list\"><li>&nbsp; Aseg\u00farate de que la impresora est\u00e9 conectada a la electricidad y encendida.<\/li><li>Pulsa el bot\u00f3n de <strong>Parar <\/strong>hasta que se encienda la luz de <strong>Alarma<\/strong>. Cuando haya parpadeado dos veces, suelta el bot\u00f3n.<\/li><li>Este proceso iniciar\u00e1 la <strong>limpieza del cabezal de la impresora Canon<\/strong> de forma autom\u00e1tica. Sabr\u00e1s que ha terminado cuando la luz de <strong>ON<\/strong> (encendido) quede fija dejando de parpadear.<\/li><li>Este proceso dura aproximadamente un minuto. Durante ese tiempo no deber\u00edas hacer nada para que la impresora pueda completar el proceso con \u00e9xito.<\/li><\/ol>\n\n\n\n<p>Si tienes una impresora con pantalla, tambi\u00e9n puedes iniciar la configuraci\u00f3n a trav\u00e9s de la misma. Simplemente, tendr\u00e1s que acceder al apartado de<strong> configuraci\u00f3n -&gt; Limpieza de cartuchos<\/strong> y seguir las instrucciones (recuerda que el nombre exacto de las funciones depender\u00e1 de cada modelo de impresora).<\/p>\n\n\n\n<h2 class=\"wp-block-heading\"><strong>Limpieza manual<\/strong><\/h2>\n\n\n\n<p>Este es el \u00faltimo recurso al que deber\u00edamos acudir, ya que es el m\u00e1s complicado y est\u00e1 tan solo reservados para grandes atascos (probablemente producidos por un mal mantenimiento, o por un malfuncionamiento de la impresora)<\/p>\n\n\n\n<ol class=\"wp-block-list\"><li>Levanta la tapa de la impresora. En los modelos m\u00e1s modernos ver\u00e1s c\u00f3mo el carro de la impresora se desplaza hacia la posici\u00f3n central sin que tengas que hacer nada. Sin embargo, es posible que tengas que hacerlo de forma manual.<\/li><li>F\u00edjate en que cada cartucho tiene una pesta\u00f1a que sirve para extraerlos. Pulsa y extrae los <strong>cabezales<\/strong> delicadamente; ten en cuenta que no hay que hacer mucha fuerza, sino tan s\u00f3lo aplicar la justa en los resortes necesarios.<\/li><li>Usa la placa de bloqueo para ascenderla y as\u00ed liberar el cabezal de impresi\u00f3n. Aprovecha que ahora est\u00e1 libre para retirarlo de la base.<\/li><li>La mejor forma de <strong>limpiar el cabezal de impresi\u00f3n<\/strong> es usar <strong>agua caliente<\/strong>. Empezaremos retirando cualquier resto de tinta o de papel que haya quedado en la parte baja del cabezal, y es que estos elementos pueden hacer que se obstruya.<\/li><li>Quita la placa de cer\u00e1mica del cuerpo del cabezal haciendo una peque\u00f1a presi\u00f3n. Usa agua caliente para quitar cualquier resto de residuos que no deber\u00eda estar ah\u00ed.<\/li><li>Una vez que te asegures de que est\u00e1 totalmente limpio, vuelve a montar el cabezal de impresi\u00f3n.<\/li><li>Baja la palanca, ajusta los cartuchos de tinta y cierra la cubierta de la impresora.<\/li><li>Inicia la configuraci\u00f3n de la <strong>alineaci\u00f3n<\/strong> para que la impresi\u00f3n sea correcta.<\/li><\/ol>\n\n\n\n<div class=\"wp-block-file\"><a id=\"wp-block-file--media-f90638b5-04d2-40d4-823a-096fa8056ea0\" href=\"https:\/\/quecartucho.es\/blog\/wp-content\/uploads\/2022\/08\/Limpieza-de-los-cabezales-de-impresion-desde-el-ordenador-1.pdf\">Limpieza de los cabezales de impresi\u00f3n desde el ordenador<\/a><a href=\"https:\/\/quecartucho.es\/blog\/wp-content\/uploads\/2022\/08\/Limpieza-de-los-cabezales-de-impresion-desde-el-ordenador-1.pdf\" class=\"wp-block-file__button\" download aria-describedby=\"wp-block-file--media-f90638b5-04d2-40d4-823a-096fa8056ea0\">Descarga<\/a><\/div>\n\n\n\n<p><strong>FAQ: Preguntas y respuestas m\u00e1s habituales<\/strong><\/p>\n\n\n<div id=\"rank-math-faq\" class=\"rank-math-block\">\n<div class=\"rank-math-list \">\n<div id=\"faq-question-1660198587467\" class=\"rank-math-list-item\">\n<h2 class=\"rank-math-question \"><strong>\u00bfQu\u00e9 diferencia hay entre una limpieza convencional y una limpieza profunda?<\/strong><\/h2>\n<div class=\"rank-math-answer \">\n<img loading=\"lazy\" decoding=\"async\" width=\"150\" height=\"150\" src=\"https:\/\/quecartucho.es\/blog\/wp-content\/uploads\/2022\/08\/Cabezal-de-impresora-Canon-Original-150x150.webp\" class=\"alignright\" alt=\"Cabezal de impresora Canon Original\" title=\"\">\n<p>La diferencia radica en la profundidad en la que se lleva a cabo la limpieza.<\/p>\n<p>\u2b95 Si la impresora se ha sometido a un mantenimiento habitual, y no se le da un uso demasiado intensivo, lo m\u00e1s normal es que con una <strong>limpieza<\/strong> sencilla sea m\u00e1s que suficiente (aunque puede que tengamos que llevarla a cabo varias veces para que funcione).<\/p>\n<p>\u2b95 Pero si se usa a menudo y\/o no se le da el mantenimiento que deber\u00eda, entonces deber\u00edamos activar la <strong>limpieza profunda<\/strong>.<\/p>\n\n<\/div>\n<\/div>\n<div id=\"faq-question-1660198662465\" class=\"rank-math-list-item\">\n<h2 class=\"rank-math-question \"><strong>\u00bfCu\u00e1ntas veces se puede limpiar el cabezal?<\/strong><\/h2>\n<div class=\"rank-math-answer \">\n\n<p>Aunque no existe un l\u00edmite pr\u00e1ctico sobre la cantidad de veces que se puede limpiar el cabezal, los expertos no recomiendan hacerlo m\u00e1s de 6 veces.<br \/>M\u00e1s de esa cantidad no tiene demasiado sentido (si hay alguna obstrucci\u00f3n no se va a eliminar de esa manera). Y no solo eso, sino que podemos contribuir a estropear el mecanismo.<\/p>\n\n<\/div>\n<\/div>\n<div id=\"faq-question-1660198699117\" class=\"rank-math-list-item\">\n<h2 class=\"rank-math-question \"><strong>\u00bfC\u00f3mo puedo saber si los cabezales de tinta de la impresora est\u00e1n taponados?<\/strong><\/h2>\n<div class=\"rank-math-answer \">\n<img loading=\"lazy\" decoding=\"async\" width=\"150\" height=\"150\" src=\"https:\/\/quecartucho.es\/blog\/wp-content\/uploads\/2022\/08\/impresion-con-mala-calidad-de-impresoras-canon-150x150.jpg\" class=\"alignright\" alt=\"impresi\u00f3n con mala calidad de impresoras canon\" title=\"\">\n<p>La mayor\u00eda de las impresoras actuales cuentan con un <strong>test de cabezales<\/strong> que nos permite identificar este problema, as\u00ed como otros tantos.<\/p>\n\n<\/div>\n<\/div>\n<div id=\"faq-question-1660198718178\" class=\"rank-math-list-item\">\n<h2 class=\"rank-math-question \"><strong>\u00bfQu\u00e9 puedo hacer si no funciona ni la limpieza profunda, ni la manual?<\/strong><\/h2>\n<div class=\"rank-math-answer \">\n\n<p>Es muy posible que los <a href=\"https:\/\/quecartucho.es\/\">cartuchos de tinta<\/a> se hayan secado o embozado, o que los cabezales no funcionen.<\/p>\n<p>\u2b95 Si los <strong>cartuchos de tinta <\/strong>est\u00e1n taponados, puedes probar a frotar la boca de salida con un trapo ligeramente humedecido.<br \/>\u2b95 Si los <a href=\"https:\/\/quecartucho.es\/blog\/que-es-un-cabezal-de-impresion\/\"><strong>cabezales<\/strong><\/a> est\u00e1n estropeados, es mejor contar con un t\u00e9cnico.<\/p>\n\n<\/div>\n<\/div>\n<\/div>\n<\/div>\n\n\n<p><\/p>\n\n\n\n<p>El cabezal  es un fungible y hay veces que simplemente se ha gastado y no se puede recuperar, en esos casos hay que <a href=\"https:\/\/quecartucho.es\/8-canon\">comprar un cabezal Canon<\/a> nuevo.<\/p>\n\n\n\n<p>En el siguiente video se muestra como poner un nuevo cabezal en las impresoras de tanques de tinta o <a href=\"https:\/\/quecartucho.es\/blog\/impresoras-canon-megatank-review-del-experto\/\">Megatank<\/a> de Canon.<\/p>\n\n\n\n<figure class=\"wp-block-embed is-type-video is-provider-youtube wp-block-embed-youtube wp-embed-aspect-16-9 wp-has-aspect-ratio\"><div class=\"wp-block-embed__wrapper\">\n<div class=\"nv-iframe-embed\"><iframe loading=\"lazy\" title=\"\u00bfC\u00f3mo colocar los cabezales de impresi\u00f3n?\" width=\"1200\" height=\"675\" src=\"https:\/\/www.youtube.com\/embed\/Sq9MGQV3LFM?feature=oembed\" frameborder=\"0\" allow=\"accelerometer; autoplay; clipboard-write; encrypted-media; gyroscope; picture-in-picture\" allowfullscreen><\/iframe><\/div>\n<\/div><\/figure>\n\n\n\n<p>Sigue estos procesos y <strong>limpiar\u00e1s con \u00e9xito los cabezales de una impresora Canon<\/strong>.<\/p>\n","protected":false},"excerpt":{"rendered":"<p>Las impresoras requieren de un mantenimiento o terminar\u00e1n por funcionar de manera incorrecta. Por ejemplo, con el paso del tiempo se puede ir acumulando tinta en los cabezales, hasta el punto de que pueden dejar de funcionar o manchar por completo tus impresiones. Llegados a ese momento es el momento de limpiar los cabezales. Como&hellip;&nbsp;<a href=\"https:\/\/quecartucho.es\/blog\/que-es-un-cabezal-de-impresion\/como-limpiar-un-cabezal-de-impresion\/como-se-limpian-los-cabezales-de-una-impresora-canon\/\" rel=\"bookmark\">Leer m\u00e1s &raquo;<span class=\"screen-reader-text\">C\u00f3mo se limpian los cabezales de una impresora Canon<\/span><\/a><\/p>\n","protected":false},"author":1,"featured_media":16856,"parent":6322,"menu_order":0,"comment_status":"open","ping_status":"closed","template":"","meta":{"neve_meta_sidebar":"full-width","neve_meta_container":"","neve_meta_enable_content_width":"on","neve_meta_content_width":100,"neve_meta_title_alignment":"","neve_meta_author_avatar":"","neve_post_elements_order":"","neve_meta_disable_header":"","neve_meta_disable_footer":"","neve_meta_disable_title":"","episode_type":"","audio_file":"","podmotor_file_id":"","podmotor_episode_id":"","cover_image":"","cover_image_id":"","duration":"","filesize":"","filesize_raw":"","date_recorded":"","explicit":"","block":"","footnotes":""},"class_list":["post-16845","page","type-page","status-publish","has-post-thumbnail","hentry"],"_links":{"self":[{"href":"https:\/\/quecartucho.es\/blog\/wp-json\/wp\/v2\/pages\/16845","targetHints":{"allow":["GET"]}}],"collection":[{"href":"https:\/\/quecartucho.es\/blog\/wp-json\/wp\/v2\/pages"}],"about":[{"href":"https:\/\/quecartucho.es\/blog\/wp-json\/wp\/v2\/types\/page"}],"author":[{"embeddable":true,"href":"https:\/\/quecartucho.es\/blog\/wp-json\/wp\/v2\/users\/1"}],"replies":[{"embeddable":true,"href":"https:\/\/quecartucho.es\/blog\/wp-json\/wp\/v2\/comments?post=16845"}],"version-history":[{"count":9,"href":"https:\/\/quecartucho.es\/blog\/wp-json\/wp\/v2\/pages\/16845\/revisions"}],"predecessor-version":[{"id":16899,"href":"https:\/\/quecartucho.es\/blog\/wp-json\/wp\/v2\/pages\/16845\/revisions\/16899"}],"up":[{"embeddable":true,"href":"https:\/\/quecartucho.es\/blog\/wp-json\/wp\/v2\/pages\/6322"}],"wp:featuredmedia":[{"embeddable":true,"href":"https:\/\/quecartucho.es\/blog\/wp-json\/wp\/v2\/media\/16856"}],"wp:attachment":[{"href":"https:\/\/quecartucho.es\/blog\/wp-json\/wp\/v2\/media?parent=16845"}],"curies":[{"name":"wp","href":"https:\/\/api.w.org\/{rel}","templated":true}]}}