{"id":16871,"date":"2022-08-17T08:33:32","date_gmt":"2022-08-17T06:33:32","guid":{"rendered":"https:\/\/quecartucho.es\/blog\/?page_id=16871"},"modified":"2023-02-09T19:51:02","modified_gmt":"2023-02-09T17:51:02","slug":"como-limpiar-los-cabezales-de-la-impresora-epson","status":"publish","type":"page","link":"https:\/\/quecartucho.es\/blog\/que-es-un-cabezal-de-impresion\/como-limpiar-un-cabezal-de-impresion\/como-limpiar-los-cabezales-de-la-impresora-epson\/","title":{"rendered":"Como limpiar los cabezales de la impresora Epson"},"content":{"rendered":"\n<h1 class=\"wp-block-heading\"><strong>Comprobaci\u00f3n y limpieza del cabezal de impresi\u00f3n<\/strong><\/h1>\n\n\n\n<div class=\"wp-block-columns is-layout-flex wp-container-core-columns-is-layout-9d6595d7 wp-block-columns-is-layout-flex\">\n<div class=\"wp-block-column is-layout-flow wp-block-column-is-layout-flow\">\n<div class=\"wp-block-columns is-layout-flex wp-container-core-columns-is-layout-9d6595d7 wp-block-columns-is-layout-flex\">\n<div class=\"wp-block-column is-layout-flow wp-block-column-is-layout-flow\" style=\"flex-basis:100%\">\n<p>El <a href=\"https:\/\/quecartucho.es\/blog\/que-es-un-cabezal-de-impresion\/\" target=\"_blank\" rel=\"noreferrer noopener\"><strong>cabezal de una impresora<\/strong><\/a> es uno de los componentes que m\u00e1s mantenimiento necesita. Con el paso del tiempo se puede quedar el inyector obstruido, tanto como si se ha utilizado la impresora con un buen ritmo, como si se lleva alg\u00fan tiempo sin imprimir.<\/p>\n<\/div>\n<\/div>\n\n\n\n<p>Cada marca y modelo de impresora tiene su propio procedimiento para <strong><a href=\"https:\/\/quecartucho.es\/blog\/que-es-un-cabezal-de-impresion\/como-limpiar-un-cabezal-de-impresion\/\">comprobar y limpiar el cabezal de impresi\u00f3n<\/a><\/strong>.<\/p>\n\n\n\n<p>En este art\u00edculo nos vamos a centrar en <strong>la marca EPSON<\/strong> y en el proceso que se suele seguir para la mayor\u00eda de las impresoras. Sin embargo, dependiendo del modelo puede haber algunas variaciones en los pasos a seguir:<\/p>\n<\/div>\n\n\n\n<div class=\"wp-block-column is-layout-flow wp-block-column-is-layout-flow\">\n<figure class=\"wp-block-image size-full is-resized\"><a href=\"https:\/\/quecartucho.es\/335-epson-26xl-cartucho-de-tinta-compatible.html\"><img loading=\"lazy\" decoding=\"async\" src=\"https:\/\/quecartucho.es\/blog\/wp-content\/uploads\/2022\/08\/limpiar-cabezales-en-impresora-Epson-26xl.jpg\" alt=\"limpiar cabezales en impresora Epson 26xl\" class=\"wp-image-16875\" width=\"466\" height=\"411\" title=\"\" srcset=\"https:\/\/quecartucho.es\/blog\/wp-content\/uploads\/2022\/08\/limpiar-cabezales-en-impresora-Epson-26xl.jpg 1024w, https:\/\/quecartucho.es\/blog\/wp-content\/uploads\/2022\/08\/limpiar-cabezales-en-impresora-Epson-26xl-300x265.jpg 300w, https:\/\/quecartucho.es\/blog\/wp-content\/uploads\/2022\/08\/limpiar-cabezales-en-impresora-Epson-26xl-768x678.jpg 768w, https:\/\/quecartucho.es\/blog\/wp-content\/uploads\/2022\/08\/limpiar-cabezales-en-impresora-Epson-26xl-150x132.jpg 150w\" sizes=\"auto, (max-width: 466px) 100vw, 466px\" \/><\/a><figcaption class=\"wp-element-caption\">Limpiar cabezales en impresora Epson 26xl<\/figcaption><\/figure>\n<\/div>\n<\/div>\n\n\n\n<figure class=\"wp-block-embed is-type-video is-provider-youtube wp-block-embed-youtube wp-embed-aspect-16-9 wp-has-aspect-ratio\"><div class=\"wp-block-embed__wrapper\">\n<div class=\"nv-iframe-embed\"><iframe loading=\"lazy\" title=\"603XL, WF2850 Limpieza de cabezales e impresi\u00f3n de prueba.\" width=\"1200\" height=\"675\" src=\"https:\/\/www.youtube.com\/embed\/qtVJWEYuoOg?feature=oembed\" frameborder=\"0\" allow=\"accelerometer; autoplay; clipboard-write; encrypted-media; gyroscope; picture-in-picture; web-share\" allowfullscreen><\/iframe><\/div>\n<\/div><\/figure>\n\n\n\n\n\n\n\n<h2 class=\"wp-block-heading\"><strong>\u00bfC\u00f3mo saber si mi impresora EPSON necesita una limpieza de cabezales?<\/strong><\/h2>\n\n\n\n<p>Lo primero que debemos saber hacer es detectar si existe alg\u00fan problema con el cabezal y es el momento de hacer la limpieza correspondiente.<\/p>\n\n\n\n<ul class=\"wp-block-list\">\n<li>Tan solo se recomienda limpiar el cabezal de impresi\u00f3n en el caso de que se detecte una <strong>disminuci\u00f3n en la calidad de las impresiones<\/strong>. Por ejemplo, podr\u00edamos detectar que la tinta no es tan n\u00edtida como en trabajos anteriores. Otro problema habitual es que falten colores a la hora de imprimir, o que estos se muestren de manera incorrecta.<\/li>\n\n\n\n<li>Tambi\u00e9n podr\u00eda darse el caso de que quede poca tinta en la impresora y sea el momento de cambiar el cabezal. Sin embargo, es posible que la impresora no te lo permita hacer. Lo m\u00e1s habitual es que primero se haga el cambio de <strong><a href=\"https:\/\/quecartucho.es\/\" target=\"_blank\" rel=\"noreferrer noopener\"><em>cartucho<\/em><\/a><\/strong> correspondiente y despu\u00e9s se proceda con la limpieza de cabezales.<\/li>\n\n\n\n<li>Las <strong><a href=\"https:\/\/quecartucho.es\/blog\/impresoras-epson\/\">impresoras EPSON<\/a><\/strong> m\u00e1s modernas tienen <strong>sensores<\/strong> que nos indicar\u00e1n cuando es el momento de hacer una <strong>limpieza del cabezal de impresi\u00f3n<\/strong>. El mensaje aparecer\u00e1 a la hora de imprimir en el sistema operativo, aunque es posible que tambi\u00e9n lo indique el perif\u00e9rico si cuenta con pantalla LCD.<\/li>\n<\/ul>\n\n\n\n<figure class=\"wp-block-image size-full\"><img loading=\"lazy\" decoding=\"async\" width=\"999\" height=\"421\" src=\"https:\/\/quecartucho.es\/blog\/wp-content\/uploads\/2022\/08\/\u00bfComo-saber-si-mi-impresora-EPSON-necesita-una-limpieza-de-cabezales.png\" alt=\"\u00bfC\u00f3mo saber si mi impresora EPSON necesita una limpieza de cabezales?\" class=\"wp-image-16879\" title=\"\" srcset=\"https:\/\/quecartucho.es\/blog\/wp-content\/uploads\/2022\/08\/\u00bfComo-saber-si-mi-impresora-EPSON-necesita-una-limpieza-de-cabezales.png 999w, https:\/\/quecartucho.es\/blog\/wp-content\/uploads\/2022\/08\/\u00bfComo-saber-si-mi-impresora-EPSON-necesita-una-limpieza-de-cabezales-300x126.png 300w, https:\/\/quecartucho.es\/blog\/wp-content\/uploads\/2022\/08\/\u00bfComo-saber-si-mi-impresora-EPSON-necesita-una-limpieza-de-cabezales-768x324.png 768w, https:\/\/quecartucho.es\/blog\/wp-content\/uploads\/2022\/08\/\u00bfComo-saber-si-mi-impresora-EPSON-necesita-una-limpieza-de-cabezales-150x63.png 150w\" sizes=\"auto, (max-width: 999px) 100vw, 999px\" \/><figcaption class=\"wp-element-caption\">\u00bfC\u00f3mo saber si mi impresora EPSON necesita una limpieza de cabezales?<\/figcaption><\/figure>\n\n\n<div id=\"rank-math-faq\" class=\"rank-math-block\">\n<div class=\"rank-math-list \">\n<div id=\"faq-question-1660717574432\" class=\"rank-math-list-item\">\n<h2 class=\"rank-math-question \"><strong>\u00bfC\u00f3mo hacer un test de inyectores en impresoras EPSON?<\/strong><\/h2>\n<div class=\"rank-math-answer \">\n<img loading=\"lazy\" decoding=\"async\" width=\"300\" height=\"121\" src=\"https:\/\/quecartucho.es\/blog\/wp-content\/uploads\/2022\/08\/Cuando-necesita-una-limpieza-de-cabezal-tu-impresora-Espon-300x121.jpg\" class=\"alignright\" alt=\"\u00bfCu\u00e1ndo necesita una limpieza de cabezal tu impresora Espon?\" title=\"\">\n<p>Un <strong>test de inyectores<\/strong> es una serie de pruebas que se hacen en el cabezal de impresi\u00f3n con el objetivo de determinar si imprime correctamente o si hay alg\u00fan fallo que pueda estar alterando la calidad de la impresi\u00f3n.<\/p>\n<p>Forman parte de un sofisticado sistema que est\u00e1 integrado en cualquier impresora, incluso hasta en las m\u00e1s antiguas. Sin embargo, las impresoras m\u00e1s modernas tienen sistemas m\u00e1s perfeccionados que ayudan a detectar problemas m\u00e1s espec\u00edficos.<\/p>\n<p>Se utiliza para conocer ciertos datos sobre el funcionamiento de la impresora, como el posicionamiento de la m\u00e1quina, los resultados de la alineaci\u00f3n mec\u00e1nica, altura de cabezal, nivel de dispersi\u00f3n, funcionamiento de la energ\u00eda, entre otros detalles.<\/p>\n<p>Estos son los <strong>usos del test de inyecciones:<\/strong><\/p>\n<p>\u2192 Nos permite conocer los fallos a los que nos enfrentamos.<br \/>\u2192Podremos conocer si el fallo es aut\u00e9ntico o si se trata de un producto que indica un manejo no adecuado del dispositivo (siendo as\u00ed, el problema se podr\u00eda solucionar a distancia).<br \/>\u2192 Es un buen recurso para encontrar alg\u00fan error que no hayamos sido capaces de detectar.<br \/>\u2192 Estas pruebas pueden ser remitidas a la compa\u00f1\u00eda para que hagan los estudios pertinentes. A trav\u00e9s de los mismos podr\u00e1n enviar al t\u00e9cnico con la cantidad de repuestos adecuados para solucionar el problema.<br \/>\u2192 Tambi\u00e9n es un recurso muy interesante que nos permite reducir el tiempo de respuesta y de reparaci\u00f3n del dispositivo. Es crucial cuando estamos hablando de <strong>impresoras EPSON<\/strong> que se utilizan en el \u00e1mbito laboral, en donde perder una jornada de trabajo puede ser muy decisiva.<\/p>\n<p>En el caso de que la hoja impresa no muestre espacios en blanco, zonas en las que no se ha imprimido nada, l\u00edneas discontinuas, caracteres torcidos o alg\u00fan otro tipo de elemento extra\u00f1o es sin\u00f3nimo de que los cabezales de impresi\u00f3n no se encuentran correctamente y hay que limpiarlos (puede que los inyectores de tinta se encuentren obstruidos o que el cabezal no se encuentre bien alineado).<\/p>\n<p>Ahora que ya conoces la <strong>importancia de hacer un test de inyecci\u00f3n<\/strong>, vamos a ver c\u00f3mo hacerlo:<\/p>\n\n<\/div>\n<\/div>\n<\/div>\n<\/div>\n\n\n<h3 class=\"wp-block-heading\"><strong>Con la utilidad \u00abTest de inyectores\u00bb en Windows<\/strong><\/h3>\n\n\n\n<p>Antes de empezar con el <strong>test de inyectores<\/strong> nos tendremos que asegurar de que la impresora cuenta con la suficiente cantidad de tinta como para empezar. En el caso de que est\u00e9 dando alg\u00fan error de poca tinta, es el momento de hacer el cambio del cartucho.<\/p>\n\n\n\n<p>Tambi\u00e9n ser\u00eda conveniente solucionar cualquier error que pueda estar indic\u00e1ndonos la impresora, antes de empezar con el proceso.<\/p>\n\n\n\n<p>1) &nbsp; &nbsp; Enciende la impresora y aseg\u00farate de que tenga suficiente cantidad de papel en el alimentador.<\/p>\n\n\n\n<p>2) &nbsp; &nbsp; En el sistema operativo Windows tendr\u00e1s que acceder al <strong>Panel de control \u2013 Impresoras<\/strong> y buscar tu modelo de impresora. El listado puede ser m\u00e1s o menos amplio, dependiendo de la cantidad de modelos que hayas instalado en el equipo.<\/p>\n\n\n\n<p>3) &nbsp; &nbsp; Pulsa en <strong>administrar<\/strong> y en <strong>test de inyecciones<\/strong>.<\/p>\n\n\n\n<p>4) &nbsp; &nbsp; Tambi\u00e9n puedes acceder a este punto haciendo clic con el bot\u00f3n derecho del rat\u00f3n sobre el icono de la impresora si se encuentra en la barra de tareas del ordenador y marcando la opci\u00f3n de <strong>test de inyectores<\/strong>.<\/p>\n\n\n\n<p>5) &nbsp; &nbsp; Aseg\u00farate de seguir las instrucciones que aparecen en la pantalla y empezar\u00e1n las pruebas pertinentes.<\/p>\n\n\n<div class=\"wp-block-image\">\n<figure class=\"aligncenter size-full\"><img loading=\"lazy\" decoding=\"async\" width=\"640\" height=\"480\" src=\"https:\/\/quecartucho.es\/blog\/wp-content\/uploads\/2022\/08\/Test-de-inyectores-en-Windows.jpg\" alt=\"Test de inyectores en Windows\" class=\"wp-image-16874\" title=\"\" srcset=\"https:\/\/quecartucho.es\/blog\/wp-content\/uploads\/2022\/08\/Test-de-inyectores-en-Windows.jpg 640w, https:\/\/quecartucho.es\/blog\/wp-content\/uploads\/2022\/08\/Test-de-inyectores-en-Windows-300x225.jpg 300w, https:\/\/quecartucho.es\/blog\/wp-content\/uploads\/2022\/08\/Test-de-inyectores-en-Windows-150x113.jpg 150w\" sizes=\"auto, (max-width: 640px) 100vw, 640px\" \/><figcaption class=\"wp-element-caption\">Test de inyectores en Windows<\/figcaption><\/figure>\n<\/div>\n\n\n<h3 class=\"wp-block-heading\"><strong>Con la utilidad \u00abTest de inyectores\u00bb en Mac OS X<\/strong><\/h3>\n\n\n\n<p>Si tienes <strong>Mac OS X<\/strong> existe un procedimiento algo diferente para hacer el test. No es m\u00e1s complicado, pero, por la arquitectura del sistema operativo, los pasos a seguir son bastante diferentes.<\/p>\n\n\n\n<p>Partimos de la base de que la impresora se encuentra correctamente instalada, de que no existe ning\u00fan error de falta de tinta o cualquier otro que pueda afectar al dispositivo.<\/p>\n\n\n\n<p>1) &nbsp; &nbsp; Como en el procedimiento anterior, empieza cargando papel en el alimentador de hojas del dispositivo.<\/p>\n\n\n\n<p>2) &nbsp; &nbsp; La aplicaci\u00f3n que debes abrir para iniciar la prueba es <strong>EPSON Printer Utility3<\/strong>. Es posible que la aplicaci\u00f3n se haya actualizado y tenga nombre diferente, pero la funcionalidad seguir\u00e1 intacta.<\/p>\n\n\n\n<p>3) &nbsp; &nbsp; Espera a que cargue y busca la opci\u00f3n de <strong>test de inyectores<\/strong> entre todas las disponibles. Simplemente haz clic sobre la misma y empezar\u00e1 el proceso.<\/p>\n\n\n\n<p>4) &nbsp; &nbsp; El programa te ir\u00e1 diciendo una serie de pasos que tendr\u00e1s que dar para completar el proceso. Si no hay ning\u00fan problema, el test se completar\u00e1 correctamente y tendr\u00e1s m\u00e1s informaci\u00f3n sobre lo que est\u00e1 ocurriendo.<\/p>\n\n\n\n<figure class=\"wp-block-image size-full\"><img loading=\"lazy\" decoding=\"async\" width=\"972\" height=\"367\" src=\"https:\/\/quecartucho.es\/blog\/wp-content\/uploads\/2022\/08\/Comprobacion-de-los-inyectores-del-cabezal-de-impresion-en-epson-desde-mac-os.png\" alt=\"Comprobaci\u00f3n de los inyectores del cabezal de impresi\u00f3n en epson desde mac os\" class=\"wp-image-16878\" title=\"\" srcset=\"https:\/\/quecartucho.es\/blog\/wp-content\/uploads\/2022\/08\/Comprobacion-de-los-inyectores-del-cabezal-de-impresion-en-epson-desde-mac-os.png 972w, https:\/\/quecartucho.es\/blog\/wp-content\/uploads\/2022\/08\/Comprobacion-de-los-inyectores-del-cabezal-de-impresion-en-epson-desde-mac-os-300x113.png 300w, https:\/\/quecartucho.es\/blog\/wp-content\/uploads\/2022\/08\/Comprobacion-de-los-inyectores-del-cabezal-de-impresion-en-epson-desde-mac-os-768x290.png 768w, https:\/\/quecartucho.es\/blog\/wp-content\/uploads\/2022\/08\/Comprobacion-de-los-inyectores-del-cabezal-de-impresion-en-epson-desde-mac-os-150x57.png 150w\" sizes=\"auto, (max-width: 972px) 100vw, 972px\" \/><figcaption class=\"wp-element-caption\">Comprobaci\u00f3n de los inyectores del cabezal de impresi\u00f3n en epson desde mac os<\/figcaption><\/figure>\n\n\n\n<h3 class=\"wp-block-heading\"><strong>Desde la propia impresora:<\/strong><\/h3>\n\n\n\n<p>La mayor\u00eda de impresoras EPSON nos dan la opci\u00f3n de hacer la <strong>comprobaci\u00f3n y limpieza del cabezal de impresi\u00f3n<\/strong> directamente desde el mismo perif\u00e9rico; es decir, que no har\u00e1 falta tener que conectarla a un ordenador para poder llevar a cabo estas pruebas.<\/p>\n\n\n\n<p>Te recomendamos seguir las instrucciones detalladas por el fabricante, ya que aqu\u00ed s\u00ed que var\u00edan bastante los pasos que se deben seguir. Sin embargo, vamos a exponer los m\u00e1s comunes:<\/p>\n\n\n\n<h4 class=\"wp-block-heading\"><strong>En impresoras sin pantalla LCD<\/strong><\/h4>\n\n\n\n<figure class=\"wp-block-embed is-type-video is-provider-youtube wp-block-embed-youtube wp-embed-aspect-16-9 wp-has-aspect-ratio\"><div class=\"wp-block-embed__wrapper\">\n<div class=\"nv-iframe-embed\"><iframe loading=\"lazy\" title=\"Limpieza de cabezal en Epson sin pantalla\" width=\"1200\" height=\"675\" src=\"https:\/\/www.youtube.com\/embed\/SNRYE50jez8?feature=oembed\" frameborder=\"0\" allow=\"accelerometer; autoplay; clipboard-write; encrypted-media; gyroscope; picture-in-picture\" allowfullscreen><\/iframe><\/div>\n<\/div><\/figure>\n\n\n\n<p>Como no podr\u00eda ser de otra manera, para activar el <strong>test de inyectores<\/strong> en una impresora sin pantalla LCD habr\u00e1 que apretar una combinaci\u00f3n de botones:<\/p>\n\n\n\n<p>1) &nbsp; &nbsp; Empieza apagando la impresora y cargando de papel el alimentador de hojas.<\/p>\n\n\n\n<p>2) &nbsp; &nbsp; Deja pulsado el bot\u00f3n de mantenimiento al mismo tiempo que pulsas el bot\u00f3n de encendido. Mant\u00e9n pulsados amos botones hasta que la impresora se encienda; una vez esto ocurra, su\u00e9ltalos.<\/p>\n\n\n\n<p>3) &nbsp; &nbsp; La combinaci\u00f3n de botones anteriores habr\u00e1 activado el <strong>patr\u00f3n del test de inyectores<\/strong>.<\/p>\n\n\n\n<h4 class=\"wp-block-heading\"><strong>En impresoras con pantalla LCD<\/strong><\/h4>\n\n\n\n<p>En aquellas impresoras que cuentan con una <strong>pantalla LCD<\/strong> es mucho m\u00e1s f\u00e1cil activar el test de inyecciones, ya que no habr\u00e1 que estar apretando botones para conseguir la combinaci\u00f3n que active la funcionalidad.<\/p>\n\n\n\n<p>Tan solo habr\u00e1 que acceder a <strong>configuraci\u00f3n<\/strong> y buscar una opci\u00f3n que diga <strong>Limp. Cabezales<\/strong> o algo similar.<\/p>\n\n\n\n<p>Sigue las instrucciones que se mostrar\u00e1n en la pantalla LCD y espera a que acabe el proceso.<\/p>\n\n\n\n<p><strong>Importante: <\/strong>en cualquiera de las situaciones anteriores es especialmente importante no apagar la impresora mientras se est\u00e1 haciendo la limpieza de cabezales, ya que podr\u00eda da\u00f1ar el dispositivo de forma irremediable.<\/p>\n\n\n\n<h2 class=\"wp-block-heading\"><strong>Utilidades para limpiar el cabezal de una impresora EPSON<\/strong><\/h2>\n\n\n\n<p>Una vez que el test de inyectores nos haya indicado que es el momento de hacer una <strong>limpieza del cabezal<\/strong> ser\u00e1 el momento de utilizar la herramienta m\u00e1s adecuada en base a nuestro sistema operativo. Aqu\u00ed van las 3 mejores opciones que puedes utilizar:<\/p>\n\n\n\n<ul class=\"wp-block-list\">\n<li><strong>Head Cleaning Windows: <\/strong>se trata de una utilidad pensada para funcionar en sistemas operativos <strong>Windows<\/strong>. Est\u00e1 integrada dentro del propio controlador de la impresora y lo \u00fanico que habr\u00e1 que hacer es buscarla en la configuraci\u00f3n de la misma (con el nombre de <em>Head Cleaning<\/em> directamente de limpieza de cabezales). No tiene m\u00e1s funci\u00f3n que hacer la prueba.<\/li>\n\n\n\n<li><strong>Head Cleaning MAC OS X: <\/strong>es la misma funcionalidad, pero adaptada a los sistemas operativos MAC OS X. La encontraremos dentro de la aplicaci\u00f3n ya indicada (EPSON Printer Utility3) dentro de un bot\u00f3n que dice limpieza de cabezales. Las instrucciones a seguir son muy intuitivas.<\/li>\n\n\n\n<li><strong>Desde la propia impresora: <\/strong>podemos activar la funci\u00f3n de la limpieza dejando el bot\u00f3n de mantenimiento pulsado durante unos 3-4 segundos. Si se trata de un modelo con pantalla LCD, ser\u00e1 cuesti\u00f3n de marcar la opci\u00f3n correspondiente en el mismo perif\u00e9rico.<\/li>\n<\/ul>\n\n\n\n<p>Es el momento de hacer la <strong>comprobaci\u00f3n del cabezal<\/strong> para determinar si ya toca limpiarlo.<\/p>\n","protected":false},"excerpt":{"rendered":"<p>Comprobaci\u00f3n y limpieza del cabezal de impresi\u00f3n El cabezal de una impresora es uno de los componentes que m\u00e1s mantenimiento necesita. Con el paso del tiempo se puede quedar el inyector obstruido, tanto como si se ha utilizado la impresora con un buen ritmo, como si se lleva alg\u00fan tiempo sin imprimir. Cada marca y&hellip;&nbsp;<a href=\"https:\/\/quecartucho.es\/blog\/que-es-un-cabezal-de-impresion\/como-limpiar-un-cabezal-de-impresion\/como-limpiar-los-cabezales-de-la-impresora-epson\/\" rel=\"bookmark\">Leer m\u00e1s &raquo;<span class=\"screen-reader-text\">Como limpiar los cabezales de la impresora Epson<\/span><\/a><\/p>\n","protected":false},"author":1,"featured_media":16872,"parent":6322,"menu_order":0,"comment_status":"closed","ping_status":"closed","template":"","meta":{"neve_meta_sidebar":"full-width","neve_meta_container":"","neve_meta_enable_content_width":"on","neve_meta_content_width":100,"neve_meta_title_alignment":"","neve_meta_author_avatar":"","neve_post_elements_order":"","neve_meta_disable_header":"","neve_meta_disable_footer":"","neve_meta_disable_title":"","episode_type":"","audio_file":"","podmotor_file_id":"","podmotor_episode_id":"","cover_image":"","cover_image_id":"","duration":"","filesize":"","filesize_raw":"","date_recorded":"","explicit":"","block":"","footnotes":""},"class_list":["post-16871","page","type-page","status-publish","has-post-thumbnail","hentry"],"_links":{"self":[{"href":"https:\/\/quecartucho.es\/blog\/wp-json\/wp\/v2\/pages\/16871","targetHints":{"allow":["GET"]}}],"collection":[{"href":"https:\/\/quecartucho.es\/blog\/wp-json\/wp\/v2\/pages"}],"about":[{"href":"https:\/\/quecartucho.es\/blog\/wp-json\/wp\/v2\/types\/page"}],"author":[{"embeddable":true,"href":"https:\/\/quecartucho.es\/blog\/wp-json\/wp\/v2\/users\/1"}],"replies":[{"embeddable":true,"href":"https:\/\/quecartucho.es\/blog\/wp-json\/wp\/v2\/comments?post=16871"}],"version-history":[{"count":6,"href":"https:\/\/quecartucho.es\/blog\/wp-json\/wp\/v2\/pages\/16871\/revisions"}],"predecessor-version":[{"id":18613,"href":"https:\/\/quecartucho.es\/blog\/wp-json\/wp\/v2\/pages\/16871\/revisions\/18613"}],"up":[{"embeddable":true,"href":"https:\/\/quecartucho.es\/blog\/wp-json\/wp\/v2\/pages\/6322"}],"wp:featuredmedia":[{"embeddable":true,"href":"https:\/\/quecartucho.es\/blog\/wp-json\/wp\/v2\/media\/16872"}],"wp:attachment":[{"href":"https:\/\/quecartucho.es\/blog\/wp-json\/wp\/v2\/media?parent=16871"}],"curies":[{"name":"wp","href":"https:\/\/api.w.org\/{rel}","templated":true}]}}