{"id":16885,"date":"2022-08-18T09:21:50","date_gmt":"2022-08-18T07:21:50","guid":{"rendered":"https:\/\/quecartucho.es\/blog\/?page_id=16885"},"modified":"2022-08-18T09:40:21","modified_gmt":"2022-08-18T07:40:21","slug":"como-limpiar-cabezales-de-impresion-brother","status":"publish","type":"page","link":"https:\/\/quecartucho.es\/blog\/que-es-un-cabezal-de-impresion\/como-limpiar-un-cabezal-de-impresion\/como-limpiar-cabezales-de-impresion-brother\/","title":{"rendered":"C\u00f3mo limpiar cabezales de impresi\u00f3n Brother"},"content":{"rendered":"\n<p>Cuando se <strong><a href=\"https:\/\/quecartucho.es\/blog\/\">adquiere una impresora<\/a><\/strong>, ya sea de la marca <strong>Brother<\/strong> o de cualquier otra, el usuario debe tener en cuenta que se trata de un perif\u00e9rico que requiere de un cierto mantenimiento. Si no se cuida correctamente, el tiempo de vida \u00fatil se reducir\u00e1 de manera importante.<\/p>\n\n\n\n<p>Uno de los cuidados m\u00e1s importantes, relacionados con el mantenimiento de la impresora, es la <strong>comprobaci\u00f3n y <a href=\"https:\/\/quecartucho.es\/blog\/que-es-un-cabezal-de-impresion\/como-limpiar-un-cabezal-de-impresion\/\" target=\"_blank\" rel=\"noreferrer noopener\">limpieza de cabezales<\/a><\/strong>. En este art\u00edculo podr\u00e1s conocerlo todo sobre la importancia de hacerlo y cu\u00e1l es el proceso a seguir dependiendo de cada tipo.<\/p>\n\n\n<div class=\"wp-block-image\">\n<figure class=\"aligncenter size-large\"><img loading=\"lazy\" decoding=\"async\" width=\"1024\" height=\"579\" src=\"https:\/\/quecartucho.es\/blog\/wp-content\/uploads\/2022\/08\/limpiar-cabezales-de-impresion-Brother-1-1024x579.jpg\" alt=\"limpiar cabezales de impresi\u00f3n Brother\" class=\"wp-image-16915\" title=\"\" srcset=\"https:\/\/quecartucho.es\/blog\/wp-content\/uploads\/2022\/08\/limpiar-cabezales-de-impresion-Brother-1-1024x579.jpg 1024w, https:\/\/quecartucho.es\/blog\/wp-content\/uploads\/2022\/08\/limpiar-cabezales-de-impresion-Brother-1-300x170.jpg 300w, https:\/\/quecartucho.es\/blog\/wp-content\/uploads\/2022\/08\/limpiar-cabezales-de-impresion-Brother-1-768x434.jpg 768w, https:\/\/quecartucho.es\/blog\/wp-content\/uploads\/2022\/08\/limpiar-cabezales-de-impresion-Brother-1-1536x868.jpg 1536w, https:\/\/quecartucho.es\/blog\/wp-content\/uploads\/2022\/08\/limpiar-cabezales-de-impresion-Brother-1-2048x1158.jpg 2048w, https:\/\/quecartucho.es\/blog\/wp-content\/uploads\/2022\/08\/limpiar-cabezales-de-impresion-Brother-1-150x85.jpg 150w\" sizes=\"auto, (max-width: 1024px) 100vw, 1024px\" \/><\/figure>\n<\/div>\n\n\n<h2 class=\"wp-block-heading\"><strong>\u00bfPor qu\u00e9 es importante limpiar los cabezales de tu impresora Brother?<\/strong><\/h2>\n\n\n\n<p>Las impresoras son un tipo de dispositivo que se utiliza de manera irregular: lo m\u00e1s com\u00fan es que se emplee cuando tenemos que hacer largos trabajos y luego se quede alg\u00fan tiempo inutilizada.<\/p>\n\n\n\n<p>Esto puede hacer que la tinta haya quedado impregnada en diferentes zonas y se seque al no usar la impresora, provocando problemas que nos impedir\u00e1n tener una impresi\u00f3n perfecta.<\/p>\n\n\n\n<p>Con el paso del tiempo podemos encontrarnos con <strong>problemas de nitidez<\/strong>, con <strong>letras desdibujadas <\/strong>o <strong>mal alineadas<\/strong>, incluso hasta <strong>textos con l\u00edneas en blanco <\/strong>que impiden que se pueda leer con claridad, y mucho menos entregar un trabajo de esa manera.<\/p>\n\n\n\n<p>Estas son tan solo algunas se\u00f1ales que nos indican que algo est\u00e1 fallando con la <strong><a href=\"https:\/\/quecartucho.es\/blog\/impresoras-brother\/\">impresora Brother<\/a><\/strong> y probablemente est\u00e9 relacionado con los <a href=\"https:\/\/quecartucho.es\/blog\/que-es-un-cabezal-de-impresion\/\"><strong>cabezales de impresi\u00f3n<\/strong><\/a> y con un mal mantenimiento.<\/p>\n\n\n<div class=\"wp-block-image\">\n<figure class=\"aligncenter size-full\"><img loading=\"lazy\" decoding=\"async\" width=\"777\" height=\"423\" src=\"https:\/\/quecartucho.es\/blog\/wp-content\/uploads\/2022\/08\/cabezal-obstruido.webp\" alt=\"cabezal obstruido\" class=\"wp-image-16888\" title=\"\" srcset=\"https:\/\/quecartucho.es\/blog\/wp-content\/uploads\/2022\/08\/cabezal-obstruido.webp 777w, https:\/\/quecartucho.es\/blog\/wp-content\/uploads\/2022\/08\/cabezal-obstruido-300x163.webp 300w, https:\/\/quecartucho.es\/blog\/wp-content\/uploads\/2022\/08\/cabezal-obstruido-768x418.webp 768w, https:\/\/quecartucho.es\/blog\/wp-content\/uploads\/2022\/08\/cabezal-obstruido-150x82.webp 150w\" sizes=\"auto, (max-width: 777px) 100vw, 777px\" \/><\/figure>\n<\/div>\n\n\n<h2 class=\"wp-block-heading\"><strong>C\u00f3mo hacer una limpieza de cabezales en impresoras Brother paso a paso<\/strong><\/h2>\n\n\n\n<p>Hay algunas diferencias sobre el proceso de <strong>limpieza de cabezales en impresoras Brother<\/strong>. Lo m\u00e1s habitual es que estos m\u00e9todos se clasifiquen en dos grandes tipos en base a si nos encontramos con una impresora Brother <strong>MFC<\/strong> o <strong>DCP<\/strong>.<\/p>\n\n\n\n<ul class=\"wp-block-list\"><li>Los modelos que empiezan por <strong>DCP<\/strong> son capaces de imprimir, de escanear y de copiar.<\/li><li>Los modelos que empiezan por <strong>MFC<\/strong> son m\u00e1s completos, ya que pueden hacer lo mismo que el tipo anterior, adem\u00e1s de incluir <strong>fax<\/strong>.<\/li><\/ul>\n\n\n\n<p><\/p>\n\n\n\n<p>Estos pasos funcionar\u00e1n en la gran mayor\u00eda de <strong>impresoras multifunci\u00f3n Brother<\/strong>, aunque es posible que haya alguna que otra variaci\u00f3n en base al modelo en cuesti\u00f3n:<\/p>\n\n\n\n<p>1) &nbsp; &nbsp; El primer paso es l\u00f3gico: tan solo debes asegurarte de que la impresora est\u00e1 encendida, de que se encuentra operativa sin presentar ning\u00fan mensaje de error.<\/p>\n\n\n\n<p>2) &nbsp; &nbsp; Pulsa el <strong>bot\u00f3n de tinta<\/strong>.<\/p>\n\n\n\n<p>3) &nbsp; &nbsp; Se te abrir\u00e1 un men\u00fa con una sucesi\u00f3n de opciones. Tendr\u00e1s que usar las flechas de la impresora (o cualquier otro sistema para desplazarte entre las opciones) hasta encontrar una funci\u00f3n que diga <strong>clean<\/strong>, <em>limpiando<\/em> o similar.<\/p>\n\n\n\n<p>4) &nbsp; &nbsp; Haz clic en esta opci\u00f3n y se te desplazar\u00e1n 3 opciones.<\/p>\n\n\n\n<ol class=\"wp-block-list\"><li>\u00a0 \u00a0 <strong>Negro: <\/strong>elegiremos esta opci\u00f3n si queremos hacer la <strong>limpieza de cabezales<\/strong> centr\u00e1ndonos tan solo en el cartucho con <a href=\"https:\/\/quecartucho.es\/2081-cartuchos-de-tinta-brother-compatible\" target=\"_blank\" rel=\"noreferrer noopener\"><strong>tinta Brother<\/strong><\/a> negra.<\/li><li>\u00a0 \u00a0 <strong>Color: <\/strong>al pulsar sobre la opci\u00f3n de color hace la limpieza en este cartucho.<\/li><li>\u00a0 \u00a0 <strong>Todas: <\/strong>para evitar perder el tiempo y tener que pulsar en las dos opciones anteriores de forma individual, lo que haremos es pulsar directamente sobre<strong> todas<\/strong> y as\u00ed lo har\u00e1 todo sin que tengamos que preocuparnos de nada.<\/li><\/ol>\n\n\n\n<p>5) \u00a0 \u00a0 Por lo general, el proceso de limpieza es bastante r\u00e1pido, pero el tiempo es bastante variable.<\/p>\n\n\n<div class=\"wp-block-image\">\n<figure class=\"aligncenter size-large\"><a href=\"https:\/\/quecartucho.es\/3399-cartucho-de-tinta-brother-lc3237-lc3239xl-compatible-a-brother-lc-3237-lc-3239-xl.html\" target=\"_blank\" rel=\"noreferrer noopener\"><img loading=\"lazy\" decoding=\"async\" width=\"1024\" height=\"438\" src=\"https:\/\/quecartucho.es\/blog\/wp-content\/uploads\/2022\/08\/Como-hacer-una-limpieza-de-cabezales-en-impresoras-Brother-paso-a-paso-1024x438.webp\" alt=\"C\u00f3mo hacer una limpieza de cabezales en impresoras Brother paso a paso en impresoras con cartuchos de tinta LC3237\" class=\"wp-image-16891\" title=\"\" srcset=\"https:\/\/quecartucho.es\/blog\/wp-content\/uploads\/2022\/08\/Como-hacer-una-limpieza-de-cabezales-en-impresoras-Brother-paso-a-paso-1024x438.webp 1024w, https:\/\/quecartucho.es\/blog\/wp-content\/uploads\/2022\/08\/Como-hacer-una-limpieza-de-cabezales-en-impresoras-Brother-paso-a-paso-300x128.webp 300w, https:\/\/quecartucho.es\/blog\/wp-content\/uploads\/2022\/08\/Como-hacer-una-limpieza-de-cabezales-en-impresoras-Brother-paso-a-paso-768x328.webp 768w, https:\/\/quecartucho.es\/blog\/wp-content\/uploads\/2022\/08\/Como-hacer-una-limpieza-de-cabezales-en-impresoras-Brother-paso-a-paso-150x64.webp 150w, https:\/\/quecartucho.es\/blog\/wp-content\/uploads\/2022\/08\/Como-hacer-una-limpieza-de-cabezales-en-impresoras-Brother-paso-a-paso.webp 1170w\" sizes=\"auto, (max-width: 1024px) 100vw, 1024px\" \/><\/a><\/figure>\n<\/div>\n\n\n<p>En las siguientes l\u00edneas podr\u00e1s encontrar un apartado con algunos datos extra de configuraci\u00f3n por si estamos hablando de una <strong>impresora Brother MFC<\/strong> o <strong>DCP<\/strong>:<\/p>\n\n\n\n<h3 class=\"wp-block-heading\"><strong>Limpieza de cabezales en una impresora multifunci\u00f3n Brother MFC<\/strong><\/h3>\n\n\n\n<p>Para ejecutar la <strong>limpieza de cabezales <\/strong>en una impresora multifunci\u00f3n Brother MFC suele funcionar con un c\u00f3digo espec\u00edfico:<\/p>\n\n\n\n<p>1) &nbsp; &nbsp; Marca la tecla de men\u00fa y sin perder el tiempo teclea <strong>* 2868<\/strong> (te recomendamos consultar si el c\u00f3digo es el correcto a trav\u00e9s del manual de instrucciones; as\u00ed evitaremos ejecutar una acci\u00f3n que no sea la deseada).<\/p>\n\n\n\n<p>2) &nbsp; &nbsp; Si has tecleado el n\u00famero correctamente y te has dado prisa, en la pantalla deber\u00eda aparecer la palabra <strong>Maintenance<\/strong>.<\/p>\n\n\n\n<p>3) &nbsp; &nbsp; Simplemente tendr\u00e1s que buscar la opci\u00f3n de <strong>limpieza de cabezales<\/strong> y ejecutarla como hemos indicado en el apartado anterior.<\/p>\n\n\n\n<h3 class=\"wp-block-heading\"><strong>Limpieza de cabezales en una impresora multifunci\u00f3n Brother DCP<\/strong><\/h3>\n\n\n\n<p>Al contrario que el proceso anterior, lo cierto es que en una <strong>impresora multifunci\u00f3n Brother DCP<\/strong> no har\u00e1 falta ning\u00fan tipo de c\u00f3digo para activar la opci\u00f3n de limpieza de cabezales. Solo habr\u00e1 que hacer lo siguiente:<\/p>\n\n\n\n<p>1) &nbsp; &nbsp; Apaga la impresora dejando pulsado el bot\u00f3n y desench\u00fafala de la corriente.<\/p>\n\n\n\n<p>2) &nbsp; &nbsp; Vuelve a enchufar y deja pulsada la tecla de <strong>men\u00fa<\/strong>.<\/p>\n\n\n\n<p>3) &nbsp; &nbsp; Si has seguido estos dos sencillos pasos de forma correcta, en la pantalla deber\u00eda aparecer la palabra <strong>Maintenance<\/strong> y despu\u00e9s buscar la opci\u00f3n de limpieza de cabezales.<\/p>\n\n\n\n<p>Cuando haya terminado el proceso tendr\u00e1s que imprimir una <strong>p\u00e1gina de prueba<\/strong>. Si la impresi\u00f3n sigue sin ser clara, hay rayas blancas o las letras salen movidas, es se\u00f1al de que hay que hacer otra limpieza de cabezales. Si tampoco funcionase, habr\u00eda que llevarla a un t\u00e9cnico para que pueda descartar cualquier otro problema grave.<\/p>\n\n\n\n<figure class=\"wp-block-embed is-type-video is-provider-youtube wp-block-embed-youtube wp-embed-aspect-16-9 wp-has-aspect-ratio\"><div class=\"wp-block-embed__wrapper\">\n<div class=\"nv-iframe-embed\"><iframe loading=\"lazy\" title=\"\ud83d\udd34COMO LIMPIAR CABEZAL DE IMPRESORA BROTHER\u2757 \ud83d\udc49\ud83c\udffb1 de ella es un secreto\ud83d\udc48\ud83c\udffb\" width=\"1200\" height=\"675\" src=\"https:\/\/www.youtube.com\/embed\/vTZ6j1KuitA?feature=oembed\" frameborder=\"0\" allow=\"accelerometer; autoplay; clipboard-write; encrypted-media; gyroscope; picture-in-picture\" allowfullscreen><\/iframe><\/div>\n<\/div><\/figure>\n\n\n\n<h2 class=\"wp-block-heading\"><strong>&nbsp;\u00bfQu\u00e9 hago si mi impresora no imprime y si tiene tinta Brother? No se est\u00e1n imprimiendo uno o m\u00e1s de mis colores (en blanco)<\/strong><\/h2>\n\n\n\n<p>Un error m\u00e1s com\u00fan del que parece es encontrarse con que la impresora no imprime, a pesar de que tiene tinta (incluso hasta es posible que la acabemos de cambiar por un cartucho nuevo).<\/p>\n\n\n\n<p>Aqu\u00ed tienes algunos pasos para solucionar el problema en una impresora con pantalla LCD.<\/p>\n\n\n\n<p>1) \u00a0 \u00a0 Aseg\u00farate de que los <a href=\"https:\/\/quecartucho.es\/\"><strong>cartuchos de tinta<\/strong><\/a> se han instalado correctamente. Si tu impresora tiene un proceso de instalaci\u00f3n, aseg\u00farate de seguirlo hasta el final.<\/p>\n\n\n\n<p>2) &nbsp; &nbsp; Si est\u00e1n bien instalados, pulsa el bot\u00f3n de <strong>tinta<\/strong> y marca la opci\u00f3n de <strong>Prueba de impresi\u00f3n<\/strong>. Elige la opci\u00f3n de <strong>Calidad de impresi\u00f3n<\/strong> y finalmente en <strong>Ok<\/strong>.<\/p>\n\n\n\n<p>3) &nbsp; &nbsp; Estudia la calidad de los 4 bloques de color disponibles en la hoja. Si todo est\u00e1 bien pulsa en <strong>Si<\/strong>. Si hay l\u00edneas cortadas o la calidad es mala para el color negro o colores, pulsa en <strong>No<\/strong>.<\/p>\n\n\n\n<p>4) &nbsp; &nbsp; La impresora har\u00e1 la limpieza y volver\u00e1 a imprimir una p\u00e1gina de prueba. Si todo est\u00e1 bien, simplemente pulsa en <strong>Si<\/strong>.<\/p>\n\n\n\n<p>En el caso de que tu impresora no sea t\u00e1ctil, tendr\u00e1s que seguir este procedimiento a trav\u00e9s del software instalado en el sistema operativo.<\/p>\n\n\n\n<h2 class=\"wp-block-heading\"><strong>\u00bfQu\u00e9 l\u00edquido es bueno para limpiar los cabezales de la impresora?<\/strong><\/h2>\n\n\n\n<p>La limpieza autom\u00e1tica del cabezal deber\u00eda funcionar en la mayor\u00eda de las veces. Pero si la tinta est\u00e1 muy reseca, es posible que tengamos que hacer una <strong>limpieza manual del cabezal<\/strong>.<\/p>\n\n\n\n<p>Si es tu caso, lo primero que tendr\u00e1s que hacer es conseguir un l\u00edquido adecuado para limpiar los cabezales. No se trata tan s\u00f3lo de que los deje impecable, sino que tambi\u00e9n debemos asegurarnos de que no le va a causar ning\u00fan tipo de deterioro.<\/p>\n\n\n\n<p>El producto m\u00e1s adecuado es el <strong>alcohol isoprop\u00edlico<\/strong> (tambi\u00e9n recibe el nombre de <em>API<\/em> o <em>isopropanol<\/em>).<\/p>\n\n\n\n<p>Hay que tener en cuenta que tiene un nivel de toxicidad alto, que no debe ser ingerido y que puede ser inflamable.<\/p>\n\n\n\n<p>La forma de aplicarlo es usar un trapo de algod\u00f3n que no deje restos de pelusa, o un escobill\u00f3n que tenga el cabezal sint\u00e9tico. Se humedece en alcohol isoprop\u00edlico y se limpia el cabezal suavemente, dando peque\u00f1os toques para evitar cualquier deterioro en el componente.<\/p>\n\n\n\n<figure class=\"wp-block-embed is-type-video is-provider-youtube wp-block-embed-youtube wp-embed-aspect-16-9 wp-has-aspect-ratio\"><div class=\"wp-block-embed__wrapper\">\n<div class=\"nv-iframe-embed\"><iframe loading=\"lazy\" title=\"limpieza de cabezales brother cualquier modelo sin desarmar\" width=\"1200\" height=\"675\" src=\"https:\/\/www.youtube.com\/embed\/mYCTo7vcVIU?feature=oembed\" frameborder=\"0\" allow=\"accelerometer; autoplay; clipboard-write; encrypted-media; gyroscope; picture-in-picture\" allowfullscreen><\/iframe><\/div>\n<\/div><\/figure>\n\n\n\n<p>Este es el proceso a seguir para limpiar los <strong>cabezales de impresi\u00f3n Brother<\/strong> adecuadamente.<\/p>\n","protected":false},"excerpt":{"rendered":"<p>Cuando se adquiere una impresora, ya sea de la marca Brother o de cualquier otra, el usuario debe tener en cuenta que se trata de un perif\u00e9rico que requiere de un cierto mantenimiento. Si no se cuida correctamente, el tiempo de vida \u00fatil se reducir\u00e1 de manera importante. Uno de los cuidados m\u00e1s importantes, relacionados&hellip;&nbsp;<a href=\"https:\/\/quecartucho.es\/blog\/que-es-un-cabezal-de-impresion\/como-limpiar-un-cabezal-de-impresion\/como-limpiar-cabezales-de-impresion-brother\/\" rel=\"bookmark\">Leer m\u00e1s &raquo;<span class=\"screen-reader-text\">C\u00f3mo limpiar cabezales de impresi\u00f3n Brother<\/span><\/a><\/p>\n","protected":false},"author":1,"featured_media":16907,"parent":6322,"menu_order":0,"comment_status":"closed","ping_status":"closed","template":"","meta":{"neve_meta_sidebar":"full-width","neve_meta_container":"","neve_meta_enable_content_width":"on","neve_meta_content_width":100,"neve_meta_title_alignment":"","neve_meta_author_avatar":"","neve_post_elements_order":"","neve_meta_disable_header":"","neve_meta_disable_footer":"","neve_meta_disable_title":"","episode_type":"","audio_file":"","podmotor_file_id":"","podmotor_episode_id":"","cover_image":"","cover_image_id":"","duration":"","filesize":"","filesize_raw":"","date_recorded":"","explicit":"","block":"","footnotes":""},"class_list":["post-16885","page","type-page","status-publish","has-post-thumbnail","hentry"],"_links":{"self":[{"href":"https:\/\/quecartucho.es\/blog\/wp-json\/wp\/v2\/pages\/16885","targetHints":{"allow":["GET"]}}],"collection":[{"href":"https:\/\/quecartucho.es\/blog\/wp-json\/wp\/v2\/pages"}],"about":[{"href":"https:\/\/quecartucho.es\/blog\/wp-json\/wp\/v2\/types\/page"}],"author":[{"embeddable":true,"href":"https:\/\/quecartucho.es\/blog\/wp-json\/wp\/v2\/users\/1"}],"replies":[{"embeddable":true,"href":"https:\/\/quecartucho.es\/blog\/wp-json\/wp\/v2\/comments?post=16885"}],"version-history":[{"count":11,"href":"https:\/\/quecartucho.es\/blog\/wp-json\/wp\/v2\/pages\/16885\/revisions"}],"predecessor-version":[{"id":16917,"href":"https:\/\/quecartucho.es\/blog\/wp-json\/wp\/v2\/pages\/16885\/revisions\/16917"}],"up":[{"embeddable":true,"href":"https:\/\/quecartucho.es\/blog\/wp-json\/wp\/v2\/pages\/6322"}],"wp:featuredmedia":[{"embeddable":true,"href":"https:\/\/quecartucho.es\/blog\/wp-json\/wp\/v2\/media\/16907"}],"wp:attachment":[{"href":"https:\/\/quecartucho.es\/blog\/wp-json\/wp\/v2\/media?parent=16885"}],"curies":[{"name":"wp","href":"https:\/\/api.w.org\/{rel}","templated":true}]}}