{"id":17029,"date":"2022-08-26T11:46:10","date_gmt":"2022-08-26T09:46:10","guid":{"rendered":"https:\/\/quecartucho.es\/blog\/?page_id=17029"},"modified":"2022-08-26T12:12:33","modified_gmt":"2022-08-26T10:12:33","slug":"error-e-01-en-impresoras-epson","status":"publish","type":"page","link":"https:\/\/quecartucho.es\/blog\/error-e-01-en-impresoras-epson\/","title":{"rendered":"Error E-01 en impresoras Epson"},"content":{"rendered":"<div id=\"rank-math-faq\" class=\"rank-math-block\">\n<div class=\"rank-math-list \">\n<div id=\"faq-question-1661506872666\" class=\"rank-math-list-item\">\n<h2 class=\"rank-math-question \"><strong>\u00bfQu\u00e9 es <strong>Error E-01<\/strong> de Epson y c\u00f3mo solucionarlo?<\/strong><\/h2>\n<div class=\"rank-math-answer \">\n<img loading=\"lazy\" decoding=\"async\" width=\"150\" height=\"150\" src=\"https:\/\/quecartucho.es\/blog\/wp-content\/uploads\/2022\/08\/error-de-impresora-epson-e01-150x150.png\" class=\"alignright\" alt=\"\" title=\"\">\n<p>Las impresoras presentan un sistema de referencia de errores al que podemos recurrir cuando empiezan a fallar.<\/p>\n<p>Uno de los errores m\u00e1s comunes que presentan las <strong><a href=\"https:\/\/quecartucho.es\/blog\/impresoras-epson\/\">impresoras EPSON<\/a><\/strong> es el <strong>error E-01<\/strong>.<\/p>\n<p>Es posible que te lo encuentres en uno de los peores momentos, que es cuando tienes que imprimir un trabajo muy importante en tus estudios o un proyecto para el trabajo.<\/p>\n<p>Para evitar que tengas que llevarla al servicio t\u00e9cnico, en este art\u00edculo te vamos a indicar cu\u00e1l es el origen del problema y algunas de las posibles soluciones con las que puedes probar.<\/p>\n\n<\/div>\n<\/div>\n<\/div>\n<\/div>\n\n\n<h2 class=\"wp-block-heading\"><strong>\u00bfPor qu\u00e9 aparece el error E-01 en mi impresora Epson?<\/strong><\/h2>\n\n\n\n<p>El <strong>error E-01<\/strong> suele estar relacionado con un atasco que se ha producido en la impresora. Podr\u00eda ser una obstrucci\u00f3n que afecte al sistema mec\u00e1nico del perif\u00e9rico y que le impida seguir adelante.<\/p>\n\n\n\n<p>Aunque si bien es cierto que el origen del mismo lo podr\u00edamos encontrar en un atasco de papel, tambi\u00e9n hay otros motivos que lo podr\u00edan explicar: podr\u00eda ser una pieza interna que se ha roto y ha provocado el atasco o una gran pelusa.<\/p>\n\n\n\n<p>Los expertos tambi\u00e9n alertan de que el <strong>error E-01<\/strong> podr\u00eda estar relacionado con un problema con los cartuchos de tinta (quiz\u00e1 se hayan colocado de forma incorrecta, est\u00e1n sucios, etc.).<\/p>\n\n\n\n<h2 class=\"wp-block-heading\"><strong>\u00bfC\u00f3mo solucionar el error E-01 en impresoras Epson?<\/strong><\/h2>\n\n\n\n<p>El primer paso que tenemos que dar para solucionar el problema es <strong>encontrar el origen<\/strong> (como ya hemos indicado, este podr\u00eda ser muy variable).<\/p>\n\n\n\n<h3 class=\"wp-block-heading\"><strong>Evaluaci\u00f3n de la bandeja de carga de papel<\/strong><\/h3>\n\n\n\n<p>Como lo m\u00e1s probable es que se haya producido un <strong>atasco de papel<\/strong>, vamos a empezar comprob\u00e1ndolo.<\/p>\n\n\n\n<p>1) &nbsp; &nbsp; Abre la cubierta de la bandeja de carga.<\/p>\n\n\n\n<p>2) &nbsp; &nbsp; Retira todo el papel que encuentres, incluso el que no aparezca atascado.<\/p>\n\n\n\n<p>3) &nbsp; &nbsp; Cierra la compuerta y revisa si ha quedado alg\u00fan papel atasco (podr\u00eda tratarse de un trozo).<\/p>\n\n\n\n<p>En el caso de que este proceso no haya solucionado el problema, gira la impresora, extrae la unidad exterior y revisa si hay alg\u00fan papel atascado. Si lo hay, qu\u00edtalo poco a poco para no romper ning\u00fan mecanismo.<\/p>\n\n\n\n<p>Si este ha sido el problema, aseg\u00farate de comprobar mejor el papel de cara al futuro: este no debe estar humedecido, doblado, arrugado o estropeado de alguna forma. Adem\u00e1s, debe corresponderse al tipo de documento requerido para la impresi\u00f3n.<\/p>\n\n\n\n<h3 class=\"wp-block-heading\"><strong>Comprobaci\u00f3n del nivel de los cartuchos de tinta<\/strong><\/h3>\n\n\n\n<p>Usa la herramienta correspondiente para determinar si los <strong>niveles de los cartuchos de tinta<\/strong> son aceptables. En el caso de que alg\u00fan <a href=\"https:\/\/quecartucho.es\/4223-cartuchos-de-tinta-epson-compatibles\"><strong>cartucho Epson<\/strong><\/a> est\u00e9 vac\u00edo, o le quede muy poca tinta, vale la pena hacer el cambio cuanto antes para evitar m\u00e1s problemas de impresi\u00f3n.<\/p>\n\n\n\n<p>Aprovecha que vas a hacer el cambio para <strong>limpiar el chip del cartucho<\/strong>: lo \u00fanico que necesitar\u00e1s para hacerlo es un pa\u00f1o suave (que no suelte pelos), alcohol y algo de algod\u00f3n).<\/p>\n\n\n\n<p>Limpia dando peque\u00f1os toquecitos con el algod\u00f3n, evitando que el alcohol pueda entrar en el <strong><a href=\"https:\/\/quecartucho.es\/\">cartucho<\/a><\/strong>.<\/p>\n\n\n\n<h3 class=\"wp-block-heading\"><strong>Haz una limpieza completa<\/strong><\/h3>\n\n\n\n<p>Llegados a este punto hemos comprobado que no hay atasco de papel y que los niveles de tinta de los cartuchos son los adecuados. Si todav\u00eda seguimos viendo el <strong>error E-01 en impresoras EPSON<\/strong>, tendr\u00e1s que hacer una limpieza correcta.<\/p>\n\n\n\n<p>Empieza limpiando los rodillos, centr\u00e1ndote en cualquier resto de suciedad o pelusa que pueda ser el detonante del problema.<\/p>\n\n\n\n<p><\/p>\n\n\n\n<figure class=\"wp-block-embed is-type-video is-provider-youtube wp-block-embed-youtube wp-embed-aspect-16-9 wp-has-aspect-ratio\"><div class=\"wp-block-embed__wrapper\">\n<div class=\"nv-iframe-embed\"><iframe loading=\"lazy\" title=\"Solucio\u0301n a Error E 01 en Impresoras Epson\" width=\"1200\" height=\"675\" src=\"https:\/\/www.youtube.com\/embed\/nGb5I2aGcSU?feature=oembed\" frameborder=\"0\" allow=\"accelerometer; autoplay; clipboard-write; encrypted-media; gyroscope; picture-in-picture\" allowfullscreen><\/iframe><\/div>\n<\/div><\/figure>\n\n\n\n<h3 class=\"wp-block-heading\"><strong>Recurre al servicio t\u00e9cnico<\/strong><\/h3>\n\n\n\n<p>Si todo lo dem\u00e1s falla, has hecho lo que has podido. Lo \u00fanico que faltar\u00eda por hacer es llevar la <strong>impresora EPSON<\/strong> al servicio t\u00e9cnico para que se encarguen de resolver el problema.<\/p>\n\n\n\n<p>Sigue estos pasos y podr\u00e1s encontrar una soluci\u00f3n al recurrente <strong>error E-01 en impresoras EPSON<\/strong>.<\/p>\n","protected":false},"excerpt":{"rendered":"<p>\u00bfPor qu\u00e9 aparece el error E-01 en mi impresora Epson? El error E-01 suele estar relacionado con un atasco que se ha producido en la impresora. Podr\u00eda ser una obstrucci\u00f3n que afecte al sistema mec\u00e1nico del perif\u00e9rico y que le impida seguir adelante. Aunque si bien es cierto que el origen del mismo lo podr\u00edamos&hellip;&nbsp;<a href=\"https:\/\/quecartucho.es\/blog\/error-e-01-en-impresoras-epson\/\" rel=\"bookmark\">Leer m\u00e1s &raquo;<span class=\"screen-reader-text\">Error E-01 en impresoras Epson<\/span><\/a><\/p>\n","protected":false},"author":1,"featured_media":17033,"parent":0,"menu_order":0,"comment_status":"closed","ping_status":"closed","template":"","meta":{"neve_meta_sidebar":"full-width","neve_meta_container":"","neve_meta_enable_content_width":"on","neve_meta_content_width":100,"neve_meta_title_alignment":"","neve_meta_author_avatar":"","neve_post_elements_order":"","neve_meta_disable_header":"","neve_meta_disable_footer":"","neve_meta_disable_title":"","episode_type":"","audio_file":"","podmotor_file_id":"","podmotor_episode_id":"","cover_image":"","cover_image_id":"","duration":"","filesize":"","filesize_raw":"","date_recorded":"","explicit":"","block":"","footnotes":""},"class_list":["post-17029","page","type-page","status-publish","has-post-thumbnail","hentry"],"_links":{"self":[{"href":"https:\/\/quecartucho.es\/blog\/wp-json\/wp\/v2\/pages\/17029","targetHints":{"allow":["GET"]}}],"collection":[{"href":"https:\/\/quecartucho.es\/blog\/wp-json\/wp\/v2\/pages"}],"about":[{"href":"https:\/\/quecartucho.es\/blog\/wp-json\/wp\/v2\/types\/page"}],"author":[{"embeddable":true,"href":"https:\/\/quecartucho.es\/blog\/wp-json\/wp\/v2\/users\/1"}],"replies":[{"embeddable":true,"href":"https:\/\/quecartucho.es\/blog\/wp-json\/wp\/v2\/comments?post=17029"}],"version-history":[{"count":4,"href":"https:\/\/quecartucho.es\/blog\/wp-json\/wp\/v2\/pages\/17029\/revisions"}],"predecessor-version":[{"id":17038,"href":"https:\/\/quecartucho.es\/blog\/wp-json\/wp\/v2\/pages\/17029\/revisions\/17038"}],"wp:featuredmedia":[{"embeddable":true,"href":"https:\/\/quecartucho.es\/blog\/wp-json\/wp\/v2\/media\/17033"}],"wp:attachment":[{"href":"https:\/\/quecartucho.es\/blog\/wp-json\/wp\/v2\/media?parent=17029"}],"curies":[{"name":"wp","href":"https:\/\/api.w.org\/{rel}","templated":true}]}}