{"id":1712,"date":"2019-04-29T08:46:16","date_gmt":"2019-04-29T06:46:16","guid":{"rendered":"https:\/\/quecartucho.es\/blog\/?page_id=1712"},"modified":"2019-04-29T16:10:42","modified_gmt":"2019-04-29T14:10:42","slug":"imprimir-desde-la-nube","status":"publish","type":"page","link":"https:\/\/quecartucho.es\/blog\/imprimir-desde-la-nube\/","title":{"rendered":"\u00bfC\u00f3mo imprimir desde la nube?"},"content":{"rendered":"<p><img loading=\"lazy\" decoding=\"async\" class=\"wp-image-3584 alignnone\" src=\"https:\/\/quecartucho.es\/blog\/wp-content\/uploads\/2019\/04\/Como-imprimir-desde-la-nube-estrecho-300x97.png\" alt=\"\" width=\"580\" height=\"188\" title=\"\" srcset=\"https:\/\/quecartucho.es\/blog\/wp-content\/uploads\/2019\/04\/Como-imprimir-desde-la-nube-estrecho-300x97.png 300w, https:\/\/quecartucho.es\/blog\/wp-content\/uploads\/2019\/04\/Como-imprimir-desde-la-nube-estrecho-768x248.png 768w, https:\/\/quecartucho.es\/blog\/wp-content\/uploads\/2019\/04\/Como-imprimir-desde-la-nube-estrecho-1024x330.png 1024w, https:\/\/quecartucho.es\/blog\/wp-content\/uploads\/2019\/04\/Como-imprimir-desde-la-nube-estrecho.png 1092w\" sizes=\"auto, (max-width: 580px) 100vw, 580px\" \/><\/p>\n<p>Desde hace mucho tiempo la gente se pregunta, \u00bfno ser\u00eda genial que pudieras imprimir tus documentos desde cualquiera de tus dispositivos (ordenador, m\u00f3vil, tableta) hacia cualquiera de tus impresoras, en cualquier momento? Tenemos buenas noticias, hoy en d\u00eda esto es posible y cada vez se hace m\u00e1s sencillo. Las tecnolog\u00edas para imprimir a la distancia se van actualizando de forma maravillosa.<\/p>\n<h2><b>\u00bfPor qu\u00e9 te conviene imprimir as\u00ed?<\/b><\/h2>\n<p>Cuando mantienes un buen flujo de trabajo que puedes combinar con trucos pr\u00e1cticos en tu ordenador, tu vida se hace mucho m\u00e1s f\u00e1cil. Por eso en este art\u00edculo nos vamos a enfocar en el servicio m\u00e1s utilizado para <strong>impresiones desde la nube<\/strong>: Google Cloud Print.<\/p>\n<p>Una vez que aprendas sobre este sistema y lo configures a tu manera, ser\u00e1s capaz de imprimir desde cualquiera de tus dispositivos sin tener que pasar por un mont\u00f3n de pasos tediosos.<\/p>\n<p>En otras palabras, si tienes un documento en tu tel\u00e9fono, no tendr\u00e1s que enviarlo a otro lado, copiarlo en tu cuenta de Dropbox, ir al ordenador, meterte en tu cuenta, guardarlo y enviarlo a tu impresora. Ahora, simplemente dir\u00e1s \u201cquiero imprimir esto\u201d y al estar configurado para hacerlo desde la nube, se entregar\u00e1 directamente desde tu tel\u00e9fono a la impresora, sin importar d\u00f3nde est\u00e9s.<\/p>\n<p>Durante mucho tiempo, sabemos que imprimir desde un ordenador no es una tarea tan simple. Por eso los servicios de impresi\u00f3n desde la nube han tra\u00eddo esa facilidad de hacerlo posible con tan solo un clic, desde cualquier lugar y cualquier dispositivo.<\/p>\n<p>Puede que tambi\u00e9n te interese:<\/p>\n<figure class=\"entry-thumbnail\">\n<p><figure style=\"width: 337px\" class=\"wp-caption aligncenter\"><a href=\"https:\/\/quecartucho.es\/blog\/imprimir-app-desde-movil\/\"><img loading=\"lazy\" decoding=\"async\" title=\"Imprimir con app desde el m\u00f3vil (1)\" src=\"https:\/\/quecartucho.es\/blog\/wp-content\/uploads\/2017\/10\/Imprimir-con-app-desde-el-m\u00f3vil-1-1-678x381.jpg\" alt=\"\" width=\"337\" height=\"189\"><\/a><figcaption class=\"wp-caption-text\">Imprimir con app desde el m\u00f3vil<\/figcaption><\/figure><\/figure>\n<h3><b>\u00bfQu\u00e9 necesitas?<\/b><\/h3>\n<p>En el caso de Google Cloud Print, que es el que vamos a desglosar de ahora en adelante, necesitas tres elementos:<\/p>\n<ul>\n<li>Una cuenta de Google<\/li>\n<li>Una impresora que soporte impresi\u00f3n desde la nube y compatible con Chrome ( Y por supuesto <a href=\"https:\/\/quecartucho.es\/blog\/conoce-las-maneras-conectar-impresora-wifi-exitosamente\/\">haberla conectado previamente a la red wifi<\/a>)<\/li>\n<li>Un dispositivo capaz de imprimir desde la nube (un tel\u00e9fono Android, un dispositivo iOS o una laptop)<\/li>\n<\/ul>\n<p>Digamos que los dos factores que hacen posible la impresi\u00f3n desde la nube en este caso ser\u00edan tu cuenta de Google y los servidores de Cloud Print. A partir de ah\u00ed, todo depender\u00e1 de c\u00f3mo hagas tu configuraci\u00f3n personal. Si tienes una impresora actualizada que soporte este tipo de impresiones, no necesitar\u00e1s que tu ordenador haga el trabajo de un servidor.<\/p>\n<p>Esto quiere decir que en caso de no tener una impresora que soporte Cloud Print, necesitar\u00e1s tener en todo momento un ordenador conectado para que pueda recibir y enviar las impresiones que vienen desde la nube.<\/p>\n<p>El componente final es el dispositivo que deseas configurar y vincular a tu impresora. Este debe ser m\u00f3vil, porque despu\u00e9s de todo, los ordenadores de escritorio generalmente ya est\u00e1n listos para conectarse a las impresoras a trav\u00e9s de los m\u00e9todos tradicionales.<\/p>\n<p><img loading=\"lazy\" decoding=\"async\" class=\"aligncenter wp-image-1713 size-mh-magazine-lite-content\" src=\"https:\/\/quecartucho.es\/blog\/wp-content\/uploads\/2017\/09\/imprimir-desde-la-nube-678x381.jpg\" alt=\"\" width=\"678\" height=\"381\" title=\"\"><\/p>\n<p><b>\u00bfC\u00f3mo configurar las impresoras para imprimir desde la nube?<\/b><\/p>\n<p>Lo m\u00e1s recomendable es que el dispositivo sea compatible con esta tecnolog\u00eda. De esa forma, la configuraci\u00f3n se har\u00e1 mucho m\u00e1s llevadera y sencilla, porque solo se tratar\u00eda de conectar las piezas correspondientes y entrar a las opciones avanzadas directamente en el panel de la impresora.<\/p>\n<p>En caso de que no tengas una de estas impresoras, tendr\u00e1s que seguir varios pasos adicionales para completar la configuraci\u00f3n. Para eso necesitar\u00e1s una computadora que est\u00e9:<\/p>\n<ol>\n<li>Siempre encendida cada vez que quieras imprimir<\/li>\n<li>Con Google Chrome instalado<\/li>\n<li>Vinculada directamente a la impresora<\/li>\n<\/ol>\n<p>Un detalle importante es que antes de configurar este sistema, te vayas al panel de control, selecciones \u201cDispositivos e impresoras\u201d y quites cualquier driver de otros antiguos modelos instalados anteriormente.<\/p>\n<p>Por ejemplo, si ten\u00edas una impresora que ya est\u00e1 obsoleta o que se te ha averiado y a\u00fan la tienes en el panel de control, terminar\u00e1 anotada tambi\u00e9n en tu cuenta de Cloud Print, quedando inutilizable y causando posibles confusiones.<\/p>\n<figure class=\"entry-thumbnail\"><\/figure>\n<p>Si quieres optar por Google Cloud Print sin una impresora que lo soporte directamente, primero debes habilitar su instalaci\u00f3n en el navegador Google Chrome. Esto le permitir\u00e1 actuar como el principal servidor para este servicio y enviar los documentos a las impresoras que t\u00fa configures.<\/p>\n<p>Ahora debes ir al bot\u00f3n de Menu que est\u00e1 en la parte superior derecha de la interfaz de Chrome y elegir Herramientas. Dentro de este panel baja hacia donde dice \u201cMostrar opciones avanzadas\u201d. Cuando estas se muestren, busca la opci\u00f3n llamada \u201cGoogle Cloud Print\u201d.<\/p>\n<p>Si a\u00fan no est\u00e1s registrado a tu cuenta de Google dentro de Chrome, el bot\u00f3n dir\u00e1 \u201cIniciar sesi\u00f3n en Google Cloud Print\u201d. Si ya est\u00e1s dentro de tu cuenta, el bot\u00f3n te dir\u00e1 directamente \u201cAgregar impresoras\u201d. Debes buscar seleccionar esta \u00faltima opci\u00f3n y asegurarte de activar la continuidad de las aplicaciones de Chrome para que la impresora pueda imprimir aun cuando no est\u00e1s utilizando activamente el navegador.<\/p>\n<p>Despu\u00e9s de seleccionar \u201cAgregar impresoras\u201d se te presentar\u00e1 una pantalla de confirmaci\u00f3n que te indica que no debes necesariamente cumplir con este paso para usar el servicio de Cloud Print. Esto es cierto, pero de no hacerlo estar\u00edas limitando en varias formas las funciones, as\u00ed que es recomendable realizarlo.<\/p>\n<p>Selecciona el bot\u00f3n azul de \u201cAgregar impresoras\u201d para continuar y autom\u00e1ticamente agregar\u00e1 todas las impresoras disponibles en tu ordenador hacia la cuenta de Google Cloud Print. Es importante solo hacer esto en un mismo computador que pueda acceder a las impresoras, porque de otra forma podr\u00edas hacer un desorden y duplicar los dispositivos vinculados.<\/p>\n<p>Una vez que ya est\u00e9n todas agregadas, puedes verlas y gestionarlas visitando este link: <a href=\"https:\/\/www.google.com\/cloudprint#printers\" rel=\"nofollow noopener\" target=\"_blank\">https:\/\/www.google.com\/cloudprint#printers<\/a><\/p>\n<p>Hay dos cosas que debes tomar en cuenta luego de seguir estos pasos. Ver\u00e1s que al lado de cada impresora agregada en el sistema hay botones que indican si son compartidas o si eres el due\u00f1o, esto es porque Cloud Print hace sencilla la funci\u00f3n de compartir impresoras con otras personas, as\u00ed como compartes documentos en Google Docs.<\/p>\n<p>En vez de tener que hacer una instalaci\u00f3n compleja, simplemente puedes darle acceso a un amigo a tu cuenta, d\u00e1ndole permiso para usar tu impresora. Las que son compartidas contigo aparecer\u00e1n etiquetadas con el nombre de su due\u00f1o.<\/p>\n<h3><b>Finalmente, \u00bfc\u00f3mo puedo imprimir desde la nube?<\/b><\/h3>\n<p>Ahora que tienes acceso a la nube con Cloud Print, debes atender a la parte m\u00e1s importante: enviar tus documentos de los dispositivos a las impresoras.<\/p>\n<p>Si vas a imprimir desde una App de Google usando este servicio, ser\u00e1 mucho m\u00e1s f\u00e1cil. Sin importar si est\u00e1s usando la aplicaci\u00f3n de Google Drive en Android o la de Gmail en iOS, o simplemente has iniciado sesi\u00f3n en la herramienta web en tu computadora, puedes enviar la impresi\u00f3n directamente.<\/p>\n<p>Todo lo que debes hacer es abrir el documento en la aplicaci\u00f3n, ir al men\u00fa en la parte superior y seleccionar \u201cImprimir\u201d, seleccionar la impresora, ver si la configuraci\u00f3n coincide con lo que est\u00e1s buscando y finalmente enviarla. Es un proceso bastante r\u00e1pido.<\/p>\n<p>Si no est\u00e1s imprimiendo directamente desde una app de Google o desde Google Chrome con la sincronizaci\u00f3n de cuentas activada, necesitar\u00e1s una aplicaci\u00f3n que te sirva de apoyo. Estas est\u00e1n disponibles para Android, iOS, Windows y OS X y se encargan de ampliar las funcionalidades de impresi\u00f3n para que funcionen con cualquier sistema. Sirven como una plataforma donde se pueden abrir documentos desde su dispositivo y enviarlos a la impresora en la nube.<\/p>\n<p>Puedes consultar la lista de aplicaciones en la secci\u00f3n Google Apps admitidas de Google Cloud Print entrando aqu\u00ed: <a href=\"https:\/\/www.google.com\/cloudprint\/learn\/apps\/\" rel=\"nofollow noopener\" target=\"_blank\">https:\/\/www.google.com\/cloudprint\/learn\/apps\/<\/a> y as\u00ed obtener la aplicaci\u00f3n m\u00e1s adecuada para tu sistema.<\/p>\n<p>Una vez que hayas completado el proceso de configuraci\u00f3n, tu cuenta de Cloud Print tendr\u00e1 un potencial enorme. Puedes compartir impresoras con amigos cuando quieras para obtener documentos en f\u00edsico o tener una impresora instalada en casa de tus familiares para enviarse fotos.<\/p>\n<p>En conclusi\u00f3n, Google Cloud Print es el servicio m\u00e1s com\u00fan, aunque tambi\u00e9n existe otro sistema que es el predilecto de los usuarios iOS, llamado AirPrint. Si eres usuario de un dispositivo Apple y quieres saber si tu impresora es compatible con esta herramienta, ingresa en este link: <a href=\"http:\/\/support.apple.com\/kb\/ht4356\" rel=\"nofollow noopener\" target=\"_blank\">http:\/\/support.apple.com\/kb\/ht4356<\/a> y ubica tu modelo correspondiente en la lista. Las condiciones de instalaci\u00f3n y configuraci\u00f3n son bastante similares al igual que sus beneficios.<\/p>\n<p>Las impresoras son dispositivos muy necesarios en muchas circunstancias. Si eres un estudiante o trabajas desde casa, sabes cu\u00e1n necesario es contar con un sistema que te facilite imprimir r\u00e1pidamente. La buena noticia es que quienes desean evitarse el tedioso trabajo de instalaci\u00f3n y siempre tener que contar con un ordenador cerca de la impresora, ahora se ahorrar\u00e1 una buena cantidad de pasos simplemente haciendo todo desde la nube.<br \/>\n<iframe loading=\"lazy\" src=\"https:\/\/www.youtube.com\/embed\/e7ppg23SxfA\" width=\"560\" height=\"315\" frameborder=\"0\" allowfullscreen=\"allowfullscreen\"><\/iframe><\/p>\n<p>Y si te ha interesado este art\u00edculo, tambi\u00e9n te gustar\u00e1:<\/p>\n<blockquote class=\"wp-embedded-content\" data-secret=\"4VJ7dZK7Bk\"><p><a href=\"https:\/\/quecartucho.es\/blog\/imprimir-app-desde-movil\/\">Imprimir con app desde el m\u00f3vil<\/a><\/p><\/blockquote>\n<p><iframe loading=\"lazy\" class=\"wp-embedded-content\" sandbox=\"allow-scripts\" security=\"restricted\" style=\"position: absolute; clip: rect(1px, 1px, 1px, 1px);\" title=\"\u00abImprimir con app desde el m\u00f3vil\u00bb \u2014 \u2b50  Quecartucho.es | Tus especialistas en Impresoras\" src=\"https:\/\/quecartucho.es\/blog\/imprimir-app-desde-movil\/embed\/#?secret=4VJ7dZK7Bk\" data-secret=\"4VJ7dZK7Bk\" width=\"600\" height=\"338\" frameborder=\"0\" marginwidth=\"0\" marginheight=\"0\" scrolling=\"no\"><\/iframe><\/p>\n","protected":false},"excerpt":{"rendered":"<p>Desde hace mucho tiempo la gente se pregunta, \u00bfno ser\u00eda genial que pudieras imprimir tus documentos desde cualquiera de tus dispositivos (ordenador, m\u00f3vil, tableta) hacia cualquiera de tus impresoras, en cualquier momento? Tenemos buenas noticias, hoy en d\u00eda esto es posible y cada vez se hace m\u00e1s sencillo. Las tecnolog\u00edas para imprimir a la distancia&hellip;&nbsp;<a href=\"https:\/\/quecartucho.es\/blog\/imprimir-desde-la-nube\/\" rel=\"bookmark\">Leer m\u00e1s &raquo;<span class=\"screen-reader-text\">\u00bfC\u00f3mo imprimir desde la nube?<\/span><\/a><\/p>\n","protected":false},"author":1,"featured_media":1713,"parent":0,"menu_order":0,"comment_status":"closed","ping_status":"closed","template":"","meta":{"neve_meta_sidebar":"","neve_meta_container":"","neve_meta_enable_content_width":"","neve_meta_content_width":0,"neve_meta_title_alignment":"","neve_meta_author_avatar":"","neve_post_elements_order":"","neve_meta_disable_header":"","neve_meta_disable_footer":"","neve_meta_disable_title":"","episode_type":"","audio_file":"","podmotor_file_id":"","podmotor_episode_id":"","cover_image":"","cover_image_id":"","duration":"","filesize":"","filesize_raw":"","date_recorded":"","explicit":"","block":"","footnotes":""},"class_list":["post-1712","page","type-page","status-publish","has-post-thumbnail","hentry"],"_links":{"self":[{"href":"https:\/\/quecartucho.es\/blog\/wp-json\/wp\/v2\/pages\/1712","targetHints":{"allow":["GET"]}}],"collection":[{"href":"https:\/\/quecartucho.es\/blog\/wp-json\/wp\/v2\/pages"}],"about":[{"href":"https:\/\/quecartucho.es\/blog\/wp-json\/wp\/v2\/types\/page"}],"author":[{"embeddable":true,"href":"https:\/\/quecartucho.es\/blog\/wp-json\/wp\/v2\/users\/1"}],"replies":[{"embeddable":true,"href":"https:\/\/quecartucho.es\/blog\/wp-json\/wp\/v2\/comments?post=1712"}],"version-history":[{"count":14,"href":"https:\/\/quecartucho.es\/blog\/wp-json\/wp\/v2\/pages\/1712\/revisions"}],"predecessor-version":[{"id":3586,"href":"https:\/\/quecartucho.es\/blog\/wp-json\/wp\/v2\/pages\/1712\/revisions\/3586"}],"wp:featuredmedia":[{"embeddable":true,"href":"https:\/\/quecartucho.es\/blog\/wp-json\/wp\/v2\/media\/1713"}],"wp:attachment":[{"href":"https:\/\/quecartucho.es\/blog\/wp-json\/wp\/v2\/media?parent=1712"}],"curies":[{"name":"wp","href":"https:\/\/api.w.org\/{rel}","templated":true}]}}