{"id":17151,"date":"2022-09-16T12:10:04","date_gmt":"2022-09-16T10:10:04","guid":{"rendered":"https:\/\/quecartucho.es\/blog\/?page_id=17151"},"modified":"2025-02-13T10:57:59","modified_gmt":"2025-02-13T08:57:59","slug":"impresora-imprime-lento","status":"publish","type":"page","link":"https:\/\/quecartucho.es\/blog\/impresora-imprime-lento\/","title":{"rendered":"Por qu\u00e9 mi impresora tarda en empezar a imprimir: Causas y soluciones"},"content":{"rendered":"\n<h2 class=\"wp-block-heading\">Razones comunes por las que una impresora se demora en iniciar la impresi\u00f3n<\/h2>\n\n\n\n<p>Existen varias razones por las que una impresora puede demorarse en iniciar la impresi\u00f3n:<\/p>\n\n\n\n<ol class=\"wp-block-list\">\n<li><strong>Calentamiento del equipo<\/strong>: Algunas impresoras, especialmente las l\u00e1ser, necesitan tiempo para calentar sus componentes internos antes de comenzar a imprimir.<\/li>\n\n\n\n<li><strong>Procesamiento de datos<\/strong>: Si el archivo a imprimir es grande o complejo, la impresora puede tardar en procesarlo antes de iniciar la impresi\u00f3n.<\/li>\n\n\n\n<li><strong>Actualizaci\u00f3n de firmware<\/strong> : La impresora podr\u00eda estar realizando una actualizaci\u00f3n de firmware al encenderse, lo que retrasar\u00eda el inicio de la impresi\u00f3n.<\/li>\n\n\n\n<li><strong>Problemas de conexi\u00f3n<\/strong> : Una conexi\u00f3n lenta o inestable entre el ordenador y la impresora puede causar demoras en el inicio de la impresi\u00f3n.<\/li>\n\n\n\n<li><strong>Cola de impresi\u00f3n Saturada<\/strong>: Si hay muchos trabajos pendientes en la cola de impresi\u00f3n, esto puede retrasar el inicio de nuevos trabajos.<\/li>\n<\/ol>\n\n\n<div class=\"wp-block-image\">\n<figure class=\"aligncenter size-full\"><img loading=\"lazy\" decoding=\"async\" width=\"374\" height=\"162\" src=\"https:\/\/quecartucho.es\/blog\/wp-content\/uploads\/2025\/02\/impresora-se-demora-en-iniciar-la-impresion.webp\" alt=\"impresora se demora en iniciar la impresi\u00f3n\" class=\"wp-image-23315\" title=\"\" srcset=\"https:\/\/quecartucho.es\/blog\/wp-content\/uploads\/2025\/02\/impresora-se-demora-en-iniciar-la-impresion.webp 374w, https:\/\/quecartucho.es\/blog\/wp-content\/uploads\/2025\/02\/impresora-se-demora-en-iniciar-la-impresion-300x130.webp 300w\" sizes=\"auto, (max-width: 374px) 100vw, 374px\" \/><\/figure>\n<\/div>\n\n<div id=\"rank-math-faq\" class=\"rank-math-block\">\n<div class=\"rank-math-list \">\n<div id=\"faq-question-1663321803212\" class=\"rank-math-list-item\">\n<h2 class=\"rank-math-question \"><strong>\u00bfQu\u00e9 hacer cuando la impresora imprime lento?<\/strong><\/h2>\n<div class=\"rank-math-answer \">\n<img loading=\"lazy\" decoding=\"async\" width=\"1280\" height=\"720\" src=\"https:\/\/quecartucho.es\/blog\/wp-content\/uploads\/2022\/09\/Impresora-HP-imprime-lento.jpg\" class=\"alignright\" alt=\"Impresora HP imprime lento\" title=\"\">\n<p>Hay muchos problemas que pueden ocurrir en la impresora y que est\u00e1n relacionados con la <strong>velocidad de impresi\u00f3n<\/strong>.<\/p>\n<p>Podr\u00eda ocurrir que la impresora tarda mucho en imprimir, que la impresi\u00f3n sea muy lenta, que tarda bastante en responder a la hora de imprimir determinados archivos, entre otros problemas relacionados.<\/p>\n<p>Quiz\u00e1 no sea muy importante si tan solo tienes que imprimir un archivo, pero la cosa cambia por completo al imprimir grandes tiradas de documentos.<\/p>\n<p>En este art\u00edculo vamos a ver algunas posibles soluciones a este <a href=\"https:\/\/quecartucho.es\/blog\/cuando-una-impresora-no-imprime-bien\/\"><strong>problema de impresi\u00f3n<\/strong><\/a>.<\/p>\n\n<\/div>\n<\/div>\n<\/div>\n<\/div>\n\n<div id=\"rank-math-faq\" class=\"rank-math-block\">\n<div class=\"rank-math-list \">\n<div id=\"faq-question-1663322036040\" class=\"rank-math-list-item\">\n<h2 class=\"rank-math-question \"><strong>\u00bfC\u00f3mo puedo arreglar un problema de impresi\u00f3n lenta? Posibles soluciones<\/strong><\/h2>\n<div class=\"rank-math-answer \">\n<img loading=\"lazy\" decoding=\"async\" width=\"300\" height=\"169\" src=\"https:\/\/quecartucho.es\/blog\/wp-content\/uploads\/2022\/09\/mi-impresora-tarda-mucho-en-imprimir-300x169.jpg\" class=\"alignright\" alt=\"\" title=\"\">\n<p>\u27a4 Reinicia la impresora y el equipo<br \/>\u27a4 Reinstalar el controlador de la impresora<br \/>\u27a4 Busca el controlador m\u00e1s actualizado (por tu cuenta)<br \/>\u27a4 Cambio de direcci\u00f3n IP<br \/>\u27a4 Documentos acumulados en cola<br \/>\u27a4 Calidad de impresi\u00f3n \u00f3ptima<br \/>\u27a4 Otros motivos<\/p>\n\n<\/div>\n<\/div>\n<\/div>\n<\/div>\n\n\n<h3 class=\"wp-block-heading\">\u2b95 <strong>1.<\/strong> <strong>Reinicia la impresora y el equipo<\/strong><\/h3>\n\n\n\n<p>Vamos a empezar por la soluci\u00f3n m\u00e1s sencilla y es la que se puede aplicar a pr\u00e1cticamente cualquier equipo inform\u00e1tico o dispositivo.<\/p>\n\n\n\n<p>Es posible que se haya producido alg\u00fan tipo de malfuncionamiento en la impresora o que se haya guardado una <strong>configuraci\u00f3n err\u00f3nea<\/strong>, y lo mismo puede estar pasando con el sistema operativo. Tambi\u00e9n podr\u00eda ser que se hubiese interrumpido la conexi\u00f3n entre el ordenador y el perif\u00e9rico y no se restaurase por s\u00ed sola.<\/p>\n\n\n\n<p>Prueba a apagar la impresora y el ordenador. Deja que los dispositivos est\u00e9n apagados unos segundos y vuelve a encender.<\/p>\n\n\n\n<p>En la mayor\u00eda de los casos esto basta por s\u00ed solo para que se solucione el problema.<\/p>\n\n\n\n<h3 class=\"wp-block-heading\">\u2b95 <strong>2.<\/strong> <strong>Reinstalar el controlador de la impresora<\/strong><\/h3>\n\n\n\n<p>Los expertos tambi\u00e9n indican que si la <strong>impresora imprime lento<\/strong> es posible que el controlador del perif\u00e9rico no est\u00e9 funcionando como deber\u00eda. Puede que se haya corrompido y tengas que arreglarlo. La mejor opci\u00f3n es reinstalarlo, algo que puedes hacer siguiendo estos pasos:<\/p>\n\n\n\n<p>1) &nbsp; &nbsp; Accede a <strong>Administrador de dispositivos<\/strong> (tan solo introduce ese nombre en la barra de b\u00fasqueda de los sistemas operativos Windows).<\/p>\n\n\n\n<p>2) &nbsp; &nbsp; Busca tu impresora y haz clic sobre la misma con el bot\u00f3n derecho del rat\u00f3n.<\/p>\n\n\n\n<p>3) &nbsp; &nbsp; Marca la opci\u00f3n de <strong>desinstalar dispositivo<\/strong>.<\/p>\n\n\n\n<p>4) &nbsp; &nbsp; Te aparecer\u00e1 un mensaje emergente para que confirmes la acci\u00f3n. Pulsa de nuevo en <strong>Desinstalar.<\/strong><\/p>\n\n\n\n<p>5) &nbsp; &nbsp; Pulsa en la pesta\u00f1a <strong>acci\u00f3n<\/strong> (situada en la parte superior del Administrador de dispositivos) y marca <strong>Buscar cambios en el Hardware<\/strong>.<\/p>\n\n\n\n<p>En principio, Windows deber\u00eda ser capaz de instalar el driver por su cuenta y arreglar el problema. Si el problema persiste, pasa al siguiente punto.<\/p>\n\n\n\n<h3 class=\"wp-block-heading\">\u2b95 <strong>3.<\/strong> <strong>Busca el controlador m\u00e1s actualizado (por tu cuenta)<\/strong><\/h3>\n\n\n\n<p>En este punto partimos de la base de que el sistema operativo no consigue instalar el driver por su cuenta, o bien instala uno que no funciona como deber\u00eda.<\/p>\n\n\n\n<p>En este caso, tendr\u00e1s que acudir a la p\u00e1gina del fabricante de la impresora y buscar el <strong>controlador actualizado<\/strong>. Necesitar\u00e1s saber el modelo exacto de la impresora.<\/p>\n\n\n\n<p>Despu\u00e9s sigue estos pasos:<\/p>\n\n\n\n<p>1) &nbsp; &nbsp; Desconecta la impresora del ordenador y ap\u00e1gala.<\/p>\n\n\n\n<p>2) &nbsp; &nbsp; Accede al Administrador de dispositivos y desconecta la impresora (tal y como hemos visto en el proceso anterior).<\/p>\n\n\n\n<p>3) &nbsp; &nbsp; Instala el <strong>nuevo controlador o driver<\/strong>.<\/p>\n\n\n\n<p>4) &nbsp; &nbsp; En alg\u00fan momento de la instalaci\u00f3n se te pedir\u00e1 que conectes la impresora. Enci\u00e9ndela y conecta el cable correspondiente.<\/p>\n\n\n\n<p>5) &nbsp; &nbsp; Termina el proceso de instalaci\u00f3n.<\/p>\n\n\n\n<p>La impresora deber\u00eda funcionar correctamente y se tendr\u00eda que haber solucionado el problema de velocidad lenta.<\/p>\n\n\n\n<h3 class=\"wp-block-heading\">\u2b95 <strong>4.<\/strong> <strong>Cambio de direcci\u00f3n IP<\/strong><\/h3>\n\n\n\n<p>El problema de la <strong>impresi\u00f3n lenta<\/strong> se podr\u00eda producir tambi\u00e9n en una <strong>impresora conectada en red local<\/strong>. Podr\u00eda ocurrir que exista un conflicto entre la IP asociada a la impresora con la de otro dispositivo.<\/p>\n\n\n\n<p>La soluci\u00f3n consiste en cambiar la direcci\u00f3n IP de la impresora a una que no se haya establecido en ning\u00fan otro dispositivo. Este proceso puede ser m\u00e1s o menos complejo dependiendo de la marca y modelo de la impresora, as\u00ed como de los conocimientos que pueda tener el usuario.<\/p>\n\n\n\n<p>Si la impresora lo permite, ser\u00eda interesante configurarla para <strong>obtener una direcci\u00f3n IP autom\u00e1ticamente<\/strong> (DHCP), ya que as\u00ed prevenimos que exista alg\u00fan tipo de conflicto de cara al futuro.<\/p>\n\n\n\n<h3 class=\"wp-block-heading\">\u2b95 <strong>5.<\/strong> <strong>Documentos acumulados en cola<\/strong><\/h3>\n\n\n\n<p>Otro de los motivos que pueden explicar una impresi\u00f3n lenta es la <strong>acumulaci\u00f3n de archivos en la cola de impresi\u00f3n<\/strong>. La l\u00f3gica nos dice que, cuanto mayor sea la cola de impresi\u00f3n, m\u00e1s tiempo tardar\u00e1 en imprimir (sin embargo, en esto tambi\u00e9n influye la memoria de procesamiento que tenga la impresora).<\/p>\n\n\n\n<div class=\"wp-block-columns is-layout-flex wp-container-core-columns-is-layout-9d6595d7 wp-block-columns-is-layout-flex\">\n<div class=\"wp-block-column is-layout-flow wp-block-column-is-layout-flow\">\n<p>Este es el proceso a seguir para eliminar los documentos en cola:<\/p>\n\n\n\n<ul class=\"wp-block-list\">\n<li>1) \u00a0 \u00a0 Busca el <strong>icono de la impresora en la barra de herramientas<\/strong> y haz clic sobre el mismo.<\/li>\n\n\n\n<li>2) \u00a0 \u00a0 Te aparecer\u00e1n los documentos que est\u00e1n a la cola para ser impresos. Puedes pulsar en cada uno de ellos con el clic derecho y darle a cancelar. Tambi\u00e9n puedes cancelar todos de golpe.<\/li>\n<\/ul>\n\n\n\n<p>Si la cola est\u00e1 muy saturada, llegar\u00e1 un momento en el que la impresora no tendr\u00e1 capacidad para imprimir m\u00e1s. No imprimir\u00e1 lentamente, sino que no podr\u00e1 con m\u00e1s carga.<\/p>\n<\/div>\n\n\n\n<div class=\"wp-block-column is-layout-flow wp-block-column-is-layout-flow\">\n<figure class=\"wp-block-image size-full\"><img loading=\"lazy\" decoding=\"async\" width=\"1000\" height=\"720\" src=\"https:\/\/quecartucho.es\/blog\/wp-content\/uploads\/2022\/09\/Impresora-Canon-imprime-lento.jpg\" alt=\"Impresora Canon imprime lento\" class=\"wp-image-17164\" title=\"\" srcset=\"https:\/\/quecartucho.es\/blog\/wp-content\/uploads\/2022\/09\/Impresora-Canon-imprime-lento.jpg 1000w, https:\/\/quecartucho.es\/blog\/wp-content\/uploads\/2022\/09\/Impresora-Canon-imprime-lento-300x216.jpg 300w, https:\/\/quecartucho.es\/blog\/wp-content\/uploads\/2022\/09\/Impresora-Canon-imprime-lento-768x553.jpg 768w, https:\/\/quecartucho.es\/blog\/wp-content\/uploads\/2022\/09\/Impresora-Canon-imprime-lento-150x108.jpg 150w\" sizes=\"auto, (max-width: 1000px) 100vw, 1000px\" \/><figcaption class=\"wp-element-caption\">Impresora Canon imprime lento<\/figcaption><\/figure>\n<\/div>\n<\/div>\n\n\n\n<p><\/p>\n\n\n\n<h3 class=\"wp-block-heading\">\u2b95 <strong>6.<\/strong> <strong>Calidad de impresi\u00f3n \u00f3ptima<\/strong><\/h3>\n\n\n\n<p>La <strong>calidad<\/strong> de la impresi\u00f3n tambi\u00e9n influye en la velocidad de la misma. Si la velocidad es alta, la velocidad se reducir\u00e1 de forma importante.<\/p>\n\n\n\n<ul class=\"wp-block-list\">\n<li>Debes comprobar si tu impresora est\u00e1 configurada para imprimir con calidad \u00f3ptima (que ser\u00e1 <strong>600ppp o 1200 ppp<\/strong>).<\/li>\n\n\n\n<li>No ser\u00e1 un problema en el caso de que quieras imprimir una imagen con la m\u00e1s alta calidad, pero puede ser innecesario para un documento com\u00fan o para un simple escrito.<\/li>\n\n\n\n<li>Es posible que estuvieses imprimiendo todos tus documentos con una calidad m\u00e1s alta de lo que necesitas. No solo afectar\u00e1 a la velocidad, sino tambi\u00e9n gastar\u00e1s m\u00e1s <a href=\"https:\/\/quecartucho.es\/\"><strong>tinta<\/strong><\/a>.<\/li>\n<\/ul>\n\n\n\n<h3 class=\"wp-block-heading\">\u2b95 <strong>7.<\/strong> <strong>Otros motivos<\/strong><\/h3>\n\n\n\n<ul class=\"wp-block-list\">\n<li><strong>Cable defectuoso: <\/strong>podr\u00eda ocurrir que el cable USB o de Red que est\u00e9s utilizando sea defectuoso. Para descartar cualquier problema vale la pena que te hagas con otro cable.<\/li>\n\n\n\n<li><strong>Sobrecalentamiento de la impresora: <\/strong>deja descansar la impresora si ya lleva mucho tiempo imprimiendo. Si se fuerza no solo imprimir\u00e1 lento, sino que podr\u00eda quemarse y dejar de hacerlo.<\/li>\n\n\n\n<li><strong>Tener muchos programas abiertos: <\/strong>otra posible explicaci\u00f3n de la lentitud de la impresora podr\u00eda deberse a que tienes muchos programas abiertos en ese momento. En este caso, puede que la propia <strong>memoria RAM<\/strong> del sistema inform\u00e1tico no sea suficiente para mandar documentos a la impresora con la fluidez que cabr\u00eda esperarse.<\/li>\n<\/ul>\n\n\n\n<figure class=\"wp-block-embed is-type-video is-provider-youtube wp-block-embed-youtube wp-embed-aspect-16-9 wp-has-aspect-ratio\"><div class=\"wp-block-embed__wrapper\">\n<div class=\"nv-iframe-embed\"><iframe loading=\"lazy\" title=\"\u00bfTu impresora imprime lento? \ud83d\ude21\ud83d\ude21 Revisa como esta conectada, si usas un celular, a tener paciencia \ud83d\ude34\ud83d\ude34\" width=\"1200\" height=\"675\" src=\"https:\/\/www.youtube.com\/embed\/RCOhl-ukGoE?feature=oembed\" frameborder=\"0\" allow=\"accelerometer; autoplay; clipboard-write; encrypted-media; gyroscope; picture-in-picture; web-share\" referrerpolicy=\"strict-origin-when-cross-origin\" allowfullscreen><\/iframe><\/div>\n<\/div><\/figure>\n\n\n\n<p>Si todo lo anterior falla, puede que el origen de la lentitud est\u00e9 relacionado con un mal funcionamiento de alg\u00fan componente interno (como el carro o alg\u00fan cartucho). En este supuesto, vale la pena que contactes con el servicio t\u00e9cnico de tu impresora para que puedan darte alguna soluci\u00f3n. No dudes en consultar el manual de instrucciones por si hubiese m\u00e1s informaci\u00f3n al respecto.<\/p>\n\n\n<div class=\"wp-block-image\">\n<figure class=\"aligncenter size-full\"><img loading=\"lazy\" decoding=\"async\" width=\"320\" height=\"457\" src=\"https:\/\/quecartucho.es\/blog\/wp-content\/uploads\/2022\/09\/tu-impresora-imprime-muy-lento.jpg\" alt=\"Tu impresora imprime muy lento\" class=\"wp-image-17158\" title=\"\" srcset=\"https:\/\/quecartucho.es\/blog\/wp-content\/uploads\/2022\/09\/tu-impresora-imprime-muy-lento.jpg 320w, https:\/\/quecartucho.es\/blog\/wp-content\/uploads\/2022\/09\/tu-impresora-imprime-muy-lento-210x300.jpg 210w, https:\/\/quecartucho.es\/blog\/wp-content\/uploads\/2022\/09\/tu-impresora-imprime-muy-lento-150x214.jpg 150w\" sizes=\"auto, (max-width: 320px) 100vw, 320px\" \/><\/figure>\n<\/div>","protected":false},"excerpt":{"rendered":"<p>Razones comunes por las que una impresora se demora en iniciar la impresi\u00f3n Existen varias razones por las que una impresora puede demorarse en iniciar la impresi\u00f3n: \u2b95 1. Reinicia la impresora y el equipo Vamos a empezar por la soluci\u00f3n m\u00e1s sencilla y es la que se puede aplicar a pr\u00e1cticamente cualquier equipo inform\u00e1tico&hellip;&nbsp;<a href=\"https:\/\/quecartucho.es\/blog\/impresora-imprime-lento\/\" rel=\"bookmark\">Leer m\u00e1s &raquo;<span class=\"screen-reader-text\">Por qu\u00e9 mi impresora tarda en empezar a imprimir: Causas y soluciones<\/span><\/a><\/p>\n","protected":false},"author":1,"featured_media":17165,"parent":0,"menu_order":0,"comment_status":"closed","ping_status":"closed","template":"","meta":{"neve_meta_sidebar":"full-width","neve_meta_container":"","neve_meta_enable_content_width":"on","neve_meta_content_width":100,"neve_meta_title_alignment":"","neve_meta_author_avatar":"","neve_post_elements_order":"","neve_meta_disable_header":"","neve_meta_disable_footer":"","neve_meta_disable_title":"","episode_type":"","audio_file":"","podmotor_file_id":"","podmotor_episode_id":"","cover_image":"","cover_image_id":"","duration":"","filesize":"","filesize_raw":"","date_recorded":"","explicit":"","block":"","footnotes":""},"class_list":["post-17151","page","type-page","status-publish","has-post-thumbnail","hentry"],"_links":{"self":[{"href":"https:\/\/quecartucho.es\/blog\/wp-json\/wp\/v2\/pages\/17151","targetHints":{"allow":["GET"]}}],"collection":[{"href":"https:\/\/quecartucho.es\/blog\/wp-json\/wp\/v2\/pages"}],"about":[{"href":"https:\/\/quecartucho.es\/blog\/wp-json\/wp\/v2\/types\/page"}],"author":[{"embeddable":true,"href":"https:\/\/quecartucho.es\/blog\/wp-json\/wp\/v2\/users\/1"}],"replies":[{"embeddable":true,"href":"https:\/\/quecartucho.es\/blog\/wp-json\/wp\/v2\/comments?post=17151"}],"version-history":[{"count":9,"href":"https:\/\/quecartucho.es\/blog\/wp-json\/wp\/v2\/pages\/17151\/revisions"}],"predecessor-version":[{"id":23316,"href":"https:\/\/quecartucho.es\/blog\/wp-json\/wp\/v2\/pages\/17151\/revisions\/23316"}],"wp:featuredmedia":[{"embeddable":true,"href":"https:\/\/quecartucho.es\/blog\/wp-json\/wp\/v2\/media\/17165"}],"wp:attachment":[{"href":"https:\/\/quecartucho.es\/blog\/wp-json\/wp\/v2\/media?parent=17151"}],"curies":[{"name":"wp","href":"https:\/\/api.w.org\/{rel}","templated":true}]}}