{"id":17197,"date":"2022-09-21T08:26:25","date_gmt":"2022-09-21T06:26:25","guid":{"rendered":"https:\/\/quecartucho.es\/blog\/?page_id=17197"},"modified":"2022-09-21T12:35:04","modified_gmt":"2022-09-21T10:35:04","slug":"hp-pagara-hasta-96-millones-a-espanoles-por-bloquear-los-cartuchos-de-tinta-de-terceros","status":"publish","type":"page","link":"https:\/\/quecartucho.es\/blog\/hp-pagara-hasta-96-millones-a-espanoles-por-bloquear-los-cartuchos-de-tinta-de-terceros\/","title":{"rendered":"HP pagar\u00e1 hasta 90 millones por bloquear los cartuchos de tinta de terceros"},"content":{"rendered":"\n<p>En el pasado hab\u00eda ciertas complicaciones a la hora de <a href=\"https:\/\/quecartucho.es\/\" target=\"_blank\" rel=\"noreferrer noopener\"><strong>comprar tinta para nuestra impresora<\/strong><\/a>. Aunque hab\u00eda ciertas alternativas, era dif\u00edcil encontrar consumibles no oficiales.<\/p>\n\n\n\n<p>Lo cierto es que algunas marcas siguen manteniendo esta tendencia, como es el caso de <strong>HP<\/strong>. Esta marca lleva ya m\u00e1s de 5 a\u00f1os obligando a que los usuarios de las impresoras utilicen <strong>cartuchos de tinta oficiales<\/strong>.<\/p>\n\n\n\n<p>Nos remontamos al a\u00f1o <strong>2016<\/strong> cuando la marca introdujo el innovador sistema <strong>Dynamic Security. <\/strong>Se trataba de una pol\u00e9mica actualizaci\u00f3n para el firmware de sus perif\u00e9ricos que hac\u00eda imposible usar cartuchos de tinta y t\u00f3ner que no contasen con el <strong>Chip de HP<\/strong> (Lo que com\u00fanmente se conoc\u00eda como <strong>DRM<\/strong>). Como explic\u00e1bamos en el art\u00edculo \u00ab<a href=\"https:\/\/quecartucho.es\/blog\/actualizacion-chip-hp-903-hp-903-y-hp-953-hp-953xl\/\">Actualizacion Wifi HP Thug life<\/a> ( \u0361\u00b0 \u035c\u0296 \u0361\u00b0)\u00bb<\/p>\n\n\n\n<p>Con esta actualizaci\u00f3n se obliga totalmente a que los clientes utilicen los cartuchos de HP Originales. Como ya te puedes imaginar, estos cartuchos son m\u00e1s caros que los que ofrece la competencia.<\/p>\n\n\n\n<p>En el caso de que se intentasen usar <a href=\"https:\/\/quecartucho.es\/16394-cartuchos-de-tinta\">cartuchos gen\u00e9ricos<\/a>, la impresora dar\u00e1 un mensaje de error y no se podr\u00e1n hacer funcionar de ninguna manera.<\/p>\n\n\n\n<h2 class=\"wp-block-heading\"><strong>Los usuarios recibir\u00e1n una indemnizaci\u00f3n de HP por la implantaci\u00f3n del DRM<\/strong><\/h2>\n\n\n\n<p>HP dio varios argumentos para justificar la implantaci\u00f3n del DRM. Una de las m\u00e1s destacadas era amplificar la lucha contra la <strong>falsificaci\u00f3n<\/strong>.<\/p>\n\n\n\n<p>Por otra parte, tambi\u00e9n argument\u00f3 la <strong>alta calidad de sus cartuchos<\/strong> y la baja calidad de aquellas tintas que no contaban con el sello de la marca. Ahora bien, existen muchos motivos para pensar que estas afirmaciones no fueron m\u00e1s que una estrategia para que la marca pudiera seguir manteniendo su nivel de ventas, un negocio muy econ\u00f3mico seg\u00fan las cifras que manejamos de la compa\u00f1\u00eda.<\/p>\n\n\n\n<p>Para situarnos mejor es conveniente contextualizar. En los \u00faltimos a\u00f1os, se ha producido un importante descenso en la venta de perif\u00e9ricos y de cartuchos de tinta y t\u00f3ner. Teniendo en cuenta que la mayor\u00eda de las personas tan solo imprimen de vez en cuando, suele salir m\u00e1s rentable llevar el documento a imprimir en una copister\u00eda, en lugar de adquirir el perif\u00e9rico y estar comprando consumibles cada cierto tiempo.<\/p>\n\n\n\n<div class=\"wp-block-columns is-layout-flex wp-container-core-columns-is-layout-9d6595d7 wp-block-columns-is-layout-flex\">\n<div class=\"wp-block-column is-layout-flow wp-block-column-is-layout-flow\">\n<p>Como cabr\u00eda esperar, a los clientes no les gust\u00f3 nada la implementaci\u00f3n del <strong>Dynamic Security<\/strong>, y esto inici\u00f3 ciertas demandas que concluyeron en multas.<\/p>\n\n\n\n<p>Estos procesos judiciales hicieron que la compa\u00f1\u00eda firmase un acuerdo para dar una cierta indemnizaci\u00f3n a sus clientes en pa\u00edses como Italia, B\u00e9lgica o Espa\u00f1a. El fondo cubrir\u00eda una cantidad de <strong>1,35 millones de euros<\/strong>.<\/p>\n\n\n\n<p>Ahora bien, esta cobertura tan solo se aplicar\u00e1 a ciertos clientes que cumplan con unas condiciones espec\u00edficas (b\u00e1sicamente, a quienes no supiesen que tienen una impresora <strong>HP<\/strong> con el DRM). <\/p>\n<\/div>\n\n\n\n<div class=\"wp-block-column is-layout-flow wp-block-column-is-layout-flow\">\n<figure class=\"wp-block-image size-full\"><img loading=\"lazy\" decoding=\"async\" width=\"420\" height=\"280\" src=\"https:\/\/quecartucho.es\/blog\/wp-content\/uploads\/2022\/09\/OCU-pide-a-HP-que-indemnice-a-los-propietarios-de-impresoras.jpg\" alt=\"OCU pide a HP que indemnice a los propietarios de impresoras\" class=\"wp-image-17210\" title=\"\" srcset=\"https:\/\/quecartucho.es\/blog\/wp-content\/uploads\/2022\/09\/OCU-pide-a-HP-que-indemnice-a-los-propietarios-de-impresoras.jpg 420w, https:\/\/quecartucho.es\/blog\/wp-content\/uploads\/2022\/09\/OCU-pide-a-HP-que-indemnice-a-los-propietarios-de-impresoras-300x200.jpg 300w, https:\/\/quecartucho.es\/blog\/wp-content\/uploads\/2022\/09\/OCU-pide-a-HP-que-indemnice-a-los-propietarios-de-impresoras-150x100.jpg 150w\" sizes=\"auto, (max-width: 420px) 100vw, 420px\" \/><figcaption>OCU pide a HP que indemnice a los propietarios de impresoras<\/figcaption><\/figure>\n<\/div>\n<\/div>\n\n\n\n<p>La compensaci\u00f3n ser\u00e1 variable dependiendo del modelo que se haya adquirido, as\u00ed como de las dificultades que se hubiesen experimentado. Se calcula que ser\u00e1 de entre <strong>20-90\u20ac<\/strong> aproximadamente, aunque cada cliente tendr\u00e1 que iniciar la solicitud para saber el importe exacto.<\/p>\n\n\n\n<h2 class=\"wp-block-heading\"><strong>Otras situaciones en las que HP ha estado en el centro de la pol\u00e9mica<\/strong><\/h2>\n\n\n<div class=\"wp-block-image\">\n<figure class=\"aligncenter size-large\"><img loading=\"lazy\" decoding=\"async\" width=\"1024\" height=\"682\" src=\"https:\/\/quecartucho.es\/blog\/wp-content\/uploads\/2022\/09\/Otras-situaciones-en-las-que-HP-ha-estado-en-el-centro-de-la-polemica-1024x682.jpeg\" alt=\"Otras situaciones en las que HP ha estado en el centro de la pol\u00e9mica\" class=\"wp-image-17204\" title=\"\" srcset=\"https:\/\/quecartucho.es\/blog\/wp-content\/uploads\/2022\/09\/Otras-situaciones-en-las-que-HP-ha-estado-en-el-centro-de-la-polemica-1024x682.jpeg 1024w, https:\/\/quecartucho.es\/blog\/wp-content\/uploads\/2022\/09\/Otras-situaciones-en-las-que-HP-ha-estado-en-el-centro-de-la-polemica-300x200.jpeg 300w, https:\/\/quecartucho.es\/blog\/wp-content\/uploads\/2022\/09\/Otras-situaciones-en-las-que-HP-ha-estado-en-el-centro-de-la-polemica-768x512.jpeg 768w, https:\/\/quecartucho.es\/blog\/wp-content\/uploads\/2022\/09\/Otras-situaciones-en-las-que-HP-ha-estado-en-el-centro-de-la-polemica-930x620.jpeg 930w, https:\/\/quecartucho.es\/blog\/wp-content\/uploads\/2022\/09\/Otras-situaciones-en-las-que-HP-ha-estado-en-el-centro-de-la-polemica-150x100.jpeg 150w, https:\/\/quecartucho.es\/blog\/wp-content\/uploads\/2022\/09\/Otras-situaciones-en-las-que-HP-ha-estado-en-el-centro-de-la-polemica.jpeg 1366w\" sizes=\"auto, (max-width: 1024px) 100vw, 1024px\" \/><\/figure>\n<\/div>\n\n\n<p>Si echamos la vista m\u00e1s atr\u00e1s, nos daremos cuenta de que no es la primera vez que la marca HP se enfrenta a una pol\u00e9mica de este estilo.<\/p>\n\n\n\n<ul class=\"wp-block-list\"><li>En <strong>Estados Unidos<\/strong> fue condenada a pagar un total de <strong>1.5 millones de d\u00f3lares<\/strong> por un asunto muy parecido con los clientes de ese pa\u00eds.<\/li><li>Otro lugar donde tuvieron que enfrentarse a una nueva pol\u00e9mica fue <strong>Australia<\/strong>. Los afectados de este pa\u00eds llegaron a recibir unos <strong>50 d\u00f3lares australianos<\/strong> (que, al cambio, estar\u00edamos hablando de unos 34 euros).<\/li><li>En 2020 se las tuvo que ver con las autoridades de Italia, donde HP fue denunciada por pr\u00e1cticas comerciales enga\u00f1osas en relaci\u00f3n a los consumibles para sus perif\u00e9ricos. Esta pol\u00e9mica le sali\u00f3 cara, ya que tuvo que pagar <strong>10 millones de euros<\/strong>.<\/li><\/ul>\n\n\n\n<h2 class=\"wp-block-heading\"><strong>\u00bfA qu\u00e9 se tendr\u00e1 que enfrentar el consumidor que adquiera una impresora con Dynamic Security a partir de ahora?<\/strong><\/h2>\n\n\n\n<p>A pesar de que en el pasado ha salido bastante mal parada, lo cierto que <strong>HP<\/strong> ya ha preparado el camino para poder librarse de m\u00e1s acuerdos de cara al futuro.<\/p>\n\n\n\n<p>Lo que debe tener claro el consumidor es que las impresoras de HP van a seguir teniendo la funci\u00f3n de <strong>Dynamics Security<\/strong> que les obligar\u00e1 a usar cartuchos de la marca. Es decir que, con independencia del modelo actual que se adquiera, no se librar\u00e1 el DRM.<\/p>\n\n\n\n<p>Para asegurarlo, la marca ha incluido esta informaci\u00f3n en la <strong>letra peque\u00f1a<\/strong> (esta se puede leer en la parte inferior de las caracter\u00edsticas de cada modelo de impresora).<\/p>\n\n\n\n<p>Es importante tener claro que la compa\u00f1\u00eda perdi\u00f3 alrededor del <strong>6%<\/strong> de sus beneficios en el tercer trimestre del 2022 y todo parece que la tendencia seguir\u00e1 siendo igual de negativa. Sin embargo, sus beneficios son de <strong>4.600 millones de d\u00f3lares<\/strong>, una cantidad claramente superior a lo que facturan otras marcas.<\/p>\n\n\n\n<p>Si est\u00e1s pensando en <a href=\"https:\/\/quecartucho.es\/blog\/impresoras-hp\/\">comprar una impresora HP<\/a>, ten muy en cuenta esta informaci\u00f3n.<\/p>\n\n\n<div id=\"rank-math-faq\" class=\"rank-math-block\">\n<div class=\"rank-math-list \">\n<div id=\"faq-question-1663741041059\" class=\"rank-math-list-item\">\n<h2 class=\"rank-math-question \">\u00bfQui\u00e9n puede reclamar una compensaci\u00f3n?<\/h2>\n<div class=\"rank-math-answer \">\n\n<p>Los consumidores de B\u00e9lgica, Italia, Espa\u00f1a y Portugal pueden recibir <strong>una compensaci\u00f3n si tuvieron ciertos modelos de impresora entre el 1 de septiembre de 2016 y el 17 de noviembre de 2020<\/strong><\/p>\n<p>Estos son los modelos elegibles:<\/p>\n<p><a href=\"https:\/\/quecartucho.es\/9200-hp-officejet-pro-6230-eprinter\">HP Officejet Pro 6230<\/a><br \/><a href=\"https:\/\/quecartucho.es\/9203-hp-officejet-pro-6830-e-all-in-one\">HP Officejet Pro 6830<\/a><br \/><a href=\"https:\/\/quecartucho.es\/14604-hp-officejet-pro-6835\">HP Officejet Pro 6835<\/a><br \/><a href=\"https:\/\/quecartucho.es\/9816-hp-officejet-pro-8610-e-all-in-one\">HP Officejet Pro 8610<\/a><br \/><a href=\"https:\/\/quecartucho.es\/9817-hp-officejet-pro-8615-e-all-in-one\">HP Officejet Pro 8615<\/a><br \/><a href=\"https:\/\/quecartucho.es\/9818-hp-officejet-pro-8620-e-all-in-one\">HP Officejet Pro 8620<\/a><br \/><a href=\"https:\/\/quecartucho.es\/9819-hp-officejet-pro-8630-e-all-in-one\">HP Officejet Pro 8630<\/a><br \/><a href=\"https:\/\/quecartucho.es\/10588-hp-officejet-pro-x476-dn-dw\">HP Officejet Pro X476dn MFP<\/a><br \/><a href=\"https:\/\/quecartucho.es\/10591-hp-officejet-pro-x576dw\">HP Officejet Pro X576dw MFP<\/a><br \/><a href=\"https:\/\/quecartucho.es\/10585-hp-officejet-pro-x451-dn-dw\">HP Officejet Pro X451dn<\/a> \/ dw<br \/><a href=\"https:\/\/quecartucho.es\/10585-hp-officejet-pro-x451-dn-dw\">HP Officejet Pro X451<\/a><br \/><a href=\"https:\/\/quecartucho.es\/10590-hp-officejet-pro-x551dw\">HP Officejet Pro X551dw<\/a><br \/><a href=\"https:\/\/quecartucho.es\/14615-hp-officejet-6950\">HP OfficeJet 6950<\/a><br \/><a href=\"https:\/\/quecartucho.es\/15305-hp-officejet-pro-6951\">HP Officejet 6951<\/a><br \/><a href=\"https:\/\/quecartucho.es\/13226-hp-officejet-pro-6960\">HP OfficeJet Pro 6960<\/a><br \/><a href=\"https:\/\/quecartucho.es\/13231-hp-officejet-pro-6970\">HP OfficeJet Pro 6970<\/a><br \/><a href=\"https:\/\/quecartucho.es\/13257-hp-officejet-pro-8710\">HP OfficeJet Pro 8710<\/a><br \/><a href=\"https:\/\/quecartucho.es\/13259-hp-officejet-pro-8715\">HP OfficeJet Pro 8715<\/a><br \/><a href=\"https:\/\/quecartucho.es\/13262-hp-officejet-pro-8718\">HP OfficeJet Pro 8718<\/a><br \/><a href=\"https:\/\/quecartucho.es\/13263-hp-officejet-pro-8719\">HP OfficeJet Pro 8719<\/a><br \/><a href=\"https:\/\/quecartucho.es\/13264-hp-officejet-pro-8720\">HP OfficeJet Pro 8720<\/a><br \/><a href=\"https:\/\/quecartucho.es\/13265-hp-officejet-pro-8725\">HP OfficeJet Pro 8725<\/a><br \/><a href=\"https:\/\/quecartucho.es\/13267-hp-officejet-pro-8730\">HP OfficeJet Pro 8730<\/a><br \/><a href=\"https:\/\/quecartucho.es\/13268-hp-officejet-pro-8740\">HP OfficeJet Pro 8740<\/a><br \/><a href=\"https:\/\/quecartucho.es\/13255-hp-officejet-pro-8210\">HP OfficeJet Pro 8210<\/a><br \/><a href=\"https:\/\/quecartucho.es\/13256-hp-officejet-pro-8218\">HP OfficeJet Pro 8218<\/a><br \/><a href=\"https:\/\/quecartucho.es\/14622-hp-officejet-pro-7720\">HP OfficeJet Pro 7720<\/a><br \/><a href=\"https:\/\/quecartucho.es\/14623-hp-officejet-pro-7730\">HP OfficeJet Pro 7730<\/a><br \/><a href=\"https:\/\/quecartucho.es\/14154-hp-officejet-pro-7740\">HP OfficeJet Pro 7740<\/a><br \/><a href=\"https:\/\/quecartucho.es\/13245-hp-pagewide-pro-352-dn\">HP PageWide Pro 352<\/a><br \/><a href=\"https:\/\/quecartucho.es\/14619-hp-pagewide-mfp-377-dw\">HP PageWide Pro 377 MFP<\/a><br \/><a href=\"https:\/\/quecartucho.es\/13250-hp-pagewide-pro-452-dn-dw-dwt\">HP PageWide Pro 452<\/a><br \/><a href=\"https:\/\/quecartucho.es\/13253-hp-pagewide-pro-477-dn-dw-dwt\">HP PageWide Pro 477 MFP<\/a><br \/><a href=\"https:\/\/quecartucho.es\/14617-hp-pagewide-pro-552-dw\">HP PageWide Pro 552<\/a><br \/><a href=\"https:\/\/quecartucho.es\/14618-hp-pagewide-pro-577-dw-z\">HP PageWide Pro 577 MFP<\/a><\/p>\n\n<\/div>\n<\/div>\n<\/div>\n<\/div>\n\n\n<h2 class=\"wp-block-heading\">Los cartuchos de tinta afectados son los siguientes:<\/h2>\n\n\n\n<ul class=\"wp-block-list\"><li><a href=\"https:\/\/quecartucho.es\/2279-hp-934xl-935xl-cartuchos-de-tinta-compatibles.html\">HP 934 \/ 935<\/a><\/li><li><a href=\"https:\/\/quecartucho.es\/557-cartucho-de-tinta-hp950xl-hp951xl-compatible-con-hp-cn045ae-cn046ae-cn047ae-cn048ae.html\">HP 950 \/ 951<\/a><\/li><li><a href=\"https:\/\/quecartucho.es\/1698-cartucho-de-tinta-hp-970xl-hp-970-compatible-con-hp-cn625ae-negro.html\">HP 970<\/a> \/ <a href=\"https:\/\/quecartucho.es\/1699-cartucho-de-tinta-hp-971-hp-971xl-cn626ae-cn627ae-cn628ae-compatible.html\">971<\/a><\/li><li><a href=\"https:\/\/quecartucho.es\/2974-hp-903xl-hp903xl-cartucho-de-tinta-compatible-con-el-cartucho-hp-t6m15ae-t6m3ae-t6m7ae-t6m11ae.html\">HP 903<\/a><\/li><li><a href=\"https:\/\/quecartucho.es\/2982-hp-953-xl-cartucho-de-tinta-compatible.html\">HP 953<\/a><\/li><li><a href=\"https:\/\/quecartucho.es\/2978-hp913a-hp-913a-cartucho-de-tinta-compatible-con-el-cartucho-hp-l0r95a-f6t77ae-f6t78ae-f6t79ae.html\">HP 913A<\/a> \/ <a href=\"https:\/\/quecartucho.es\/2986-hp-973x-hp973x-cartucho-de-tinta-compatible-con-el-cartucho-hp-l0s07ae-f6t81ae-f6t82ae-f6t83ae.html\">HP 973X<\/a><\/li><\/ul>\n","protected":false},"excerpt":{"rendered":"<p>En el pasado hab\u00eda ciertas complicaciones a la hora de comprar tinta para nuestra impresora. Aunque hab\u00eda ciertas alternativas, era dif\u00edcil encontrar consumibles no oficiales. Lo cierto es que algunas marcas siguen manteniendo esta tendencia, como es el caso de HP. Esta marca lleva ya m\u00e1s de 5 a\u00f1os obligando a que los usuarios de&hellip;&nbsp;<a href=\"https:\/\/quecartucho.es\/blog\/hp-pagara-hasta-96-millones-a-espanoles-por-bloquear-los-cartuchos-de-tinta-de-terceros\/\" rel=\"bookmark\">Leer m\u00e1s &raquo;<span class=\"screen-reader-text\">HP pagar\u00e1 hasta 90 millones por bloquear los cartuchos de tinta de terceros<\/span><\/a><\/p>\n","protected":false},"author":1,"featured_media":17200,"parent":0,"menu_order":0,"comment_status":"closed","ping_status":"closed","template":"","meta":{"neve_meta_sidebar":"full-width","neve_meta_container":"","neve_meta_enable_content_width":"on","neve_meta_content_width":100,"neve_meta_title_alignment":"","neve_meta_author_avatar":"","neve_post_elements_order":"","neve_meta_disable_header":"","neve_meta_disable_footer":"","neve_meta_disable_title":"","episode_type":"","audio_file":"","podmotor_file_id":"","podmotor_episode_id":"","cover_image":"","cover_image_id":"","duration":"","filesize":"","filesize_raw":"","date_recorded":"","explicit":"","block":"","footnotes":""},"class_list":["post-17197","page","type-page","status-publish","has-post-thumbnail","hentry"],"_links":{"self":[{"href":"https:\/\/quecartucho.es\/blog\/wp-json\/wp\/v2\/pages\/17197","targetHints":{"allow":["GET"]}}],"collection":[{"href":"https:\/\/quecartucho.es\/blog\/wp-json\/wp\/v2\/pages"}],"about":[{"href":"https:\/\/quecartucho.es\/blog\/wp-json\/wp\/v2\/types\/page"}],"author":[{"embeddable":true,"href":"https:\/\/quecartucho.es\/blog\/wp-json\/wp\/v2\/users\/1"}],"replies":[{"embeddable":true,"href":"https:\/\/quecartucho.es\/blog\/wp-json\/wp\/v2\/comments?post=17197"}],"version-history":[{"count":11,"href":"https:\/\/quecartucho.es\/blog\/wp-json\/wp\/v2\/pages\/17197\/revisions"}],"predecessor-version":[{"id":17221,"href":"https:\/\/quecartucho.es\/blog\/wp-json\/wp\/v2\/pages\/17197\/revisions\/17221"}],"wp:featuredmedia":[{"embeddable":true,"href":"https:\/\/quecartucho.es\/blog\/wp-json\/wp\/v2\/media\/17200"}],"wp:attachment":[{"href":"https:\/\/quecartucho.es\/blog\/wp-json\/wp\/v2\/media?parent=17197"}],"curies":[{"name":"wp","href":"https:\/\/api.w.org\/{rel}","templated":true}]}}