{"id":17374,"date":"2022-10-05T10:02:28","date_gmt":"2022-10-05T08:02:28","guid":{"rendered":"https:\/\/quecartucho.es\/blog\/?page_id=17374"},"modified":"2023-07-28T17:21:26","modified_gmt":"2023-07-28T15:21:26","slug":"como-instalar-una-impresora-sin-cd","status":"publish","type":"page","link":"https:\/\/quecartucho.es\/blog\/como-instalar-una-impresora-sin-cd\/","title":{"rendered":"\u00bfC\u00f3mo instalar una impresora sin CD?"},"content":{"rendered":"\n<h2 class=\"wp-block-heading\">Instalar una impresora sin CD\u2026<\/h2>\n\n\n\n<div class=\"wp-block-columns is-layout-flex wp-container-core-columns-is-layout-9d6595d7 wp-block-columns-is-layout-flex\">\n<div class=\"wp-block-column is-layout-flow wp-block-column-is-layout-flow\">\n<p>Es como decir \u201chacer una ensalada sin aceite\u201d o \u201cuna pizza sin horno\u201d. \u00bfS\u00ed o no?<\/p>\n\n\n\n<p>\u00a1Pues no, para nada!<\/p>\n\n\n\n<p>Ya, ya\u2026 Conocemos esa sensaci\u00f3n de inseguridad <strong><a href=\"https:\/\/quecartucho.es\/blog\/como-se-instala-una-impresora\/\">cuando tienes que instalar y usar por primera vez una impresora<\/a><\/strong> para tu PC. Abres la caja, sacas la maquina\u2026 y en tu mente una vocecita va diciendo \u201ca ver ahora c\u00f3mo te las apa\u00f1as para que este cacharro funcione a la primera\u201d.<\/p>\n\n\n\n<p>Y, si por X motivo, la impresora viene sin CD de instalaci\u00f3n o bien no tienes lector de CD en tu equipo\u2026 \u00a1Buf! Es como que te pidan que des un discurso en chino. Te quedas totalmente <em>out<\/em>.<\/p>\n\n\n\n<p>En Quecartucho, si de algo sabemos, es de impresoras. Por eso te hemos preparado una <strong>gu\u00eda definitiva para instalar una impresora sin CD<\/strong>. Ya ver\u00e1s que es coser y cantar<\/p>\n\n\n\n<p>\u00a1Vamos all\u00e1!<\/p>\n<\/div>\n\n\n\n<div class=\"wp-block-column is-layout-flow wp-block-column-is-layout-flow\">\n<figure class=\"wp-block-image size-full\"><img loading=\"lazy\" decoding=\"async\" width=\"1000\" height=\"800\" src=\"https:\/\/quecartucho.es\/blog\/wp-content\/uploads\/2022\/10\/Instalar-una-impresora-sin-CD.webp\" alt=\"Instalar una impresora sin CD\" class=\"wp-image-17379\" title=\"\" srcset=\"https:\/\/quecartucho.es\/blog\/wp-content\/uploads\/2022\/10\/Instalar-una-impresora-sin-CD.webp 1000w, https:\/\/quecartucho.es\/blog\/wp-content\/uploads\/2022\/10\/Instalar-una-impresora-sin-CD-300x240.webp 300w, https:\/\/quecartucho.es\/blog\/wp-content\/uploads\/2022\/10\/Instalar-una-impresora-sin-CD-768x614.webp 768w, https:\/\/quecartucho.es\/blog\/wp-content\/uploads\/2022\/10\/Instalar-una-impresora-sin-CD-150x120.webp 150w\" sizes=\"auto, (max-width: 1000px) 100vw, 1000px\" \/><figcaption class=\"wp-element-caption\">Instalar una impresora sin CD<\/figcaption><\/figure>\n<\/div>\n<\/div>\n\n\n\n<p>.<\/p>\n\n\n\n<h2 class=\"wp-block-heading\"><a><\/a>Que no cunda el p\u00e1nico: aqu\u00ed est\u00e1 el paso a paso para instalar una impresora sin CD<\/h2>\n\n\n\n<p>Este es el <strong>paso a paso m\u00e1s sencillo para instalar una impresora sin CD<\/strong>.<\/p>\n\n\n\n<ol class=\"wp-block-list\">\n<li>Lo primero que debes conocer es el modelo de tu impresora y su n\u00famero de serie. Este \u00faltimo lo podr\u00e1s encontrar en una etiqueta que normalmente viene pegada en un lateral o en la parte trasera de la impresora.<\/li>\n\n\n\n<li>Ve a la web del fabricante de tu impresora: HP, Epson, Canon, etc.<\/li>\n\n\n\n<li>Busca en el men\u00fa de la web la p\u00e1gina de descarga de drivers (o controladores). Esta p\u00e1gina suele titularse \u201cSoporte\u201d.<\/li>\n\n\n\n<li>Normalmente, te pedir\u00e1n que escribas tu modelo de impresora o bien el n\u00famero de serie. Una vez hecho esto, ver\u00e1s un listado con los drivers disponibles para descargar. Es posible que incluso en la misma p\u00e1gina te recomienden el driver m\u00e1s adecuado.<\/li>\n\n\n\n<li>Pincha en el driver que necesitas y ya puedes descargarlo. Puede que se descargue una carpeta, tal cual, o un archivo comprimido .zip que deber\u00e1s descomprimir haciendo doble clic en \u00e9l y luego seleccionando la opci\u00f3n \u201cextraer\u201d.<\/li>\n\n\n\n<li>Una vez descargado\/descomprimido, haz doble clic en el archivo .exe, y comenzar\u00e1 el proceso de instalaci\u00f3n en tu PC.<\/li>\n\n\n\n<li>Solo debes seguir las instrucciones de instalaci\u00f3n que se te ir\u00e1n indicando paso a paso.<\/li>\n\n\n\n<li>Conecta tu impresora mediante USB o WiFi. Tu ordenador deber\u00eda reconocerla enseguida.<\/li>\n\n\n\n<li>\u00a1Disfruta de tus impresiones! (Si lo haces con t\u00f3ners o cartuchos de Quecartucho, las disfrutar\u00e1s el doble, pero de eso ya hablaremos m\u00e1s adelante\u2026).<\/li>\n<\/ol>\n\n\n\n<p>En el blog tenemos <a href=\"https:\/\/quecartucho.es\/blog\/analisis-impresoras\/\">an\u00e1lisis de impresoras<\/a> y en la parte inferior de cada review suelo poner el enlace a los driver y al manual.<\/p>\n\n\n\n<h3 class=\"wp-block-heading\"><a><\/a>\u00bfQu\u00e9 hacer si no encuentro los drivers para mi impresora?<\/h3>\n\n\n\n<p>Puede pasar que en la web del fabricante no est\u00e9n los drivers para tu impresora. De nuevo\u2026 <em>Don\u2019t panic!<\/em> Estos son los pasos a seguir:<\/p>\n\n\n\n<ol class=\"wp-block-list\">\n<li>Conecta la impresora al PC y a la corriente.<\/li>\n\n\n\n<li>Enci\u00e9ndela.<\/li>\n\n\n\n<li>Tu sistema operativo no podr\u00e1 reconocer la impresora y te saltar\u00e1 un mensaje con una web donde poder configurarla.<\/li>\n\n\n\n<li>Lo m\u00e1s seguro es que en esta web encuentres los drivers para tu impresora y puedas instalarlos siguiendo los mismos pasos que te hemos comentado antes (puntos 6 a 9).<\/li>\n<\/ol>\n\n\n\n<h2 class=\"wp-block-heading\"><a><\/a>Alternativa: instalar una impresora con el cable USB<\/h2>\n\n\n\n<p>Actualmente los sistemas operativos est\u00e1n bastante preparados para <strong>reconocer muchos dispositivos sin necesidad de drivers.<\/strong><\/p>\n\n\n\n<p>Por eso te presentamos esta alternativa para <strong>instalar una impresora sin CD.<\/strong><\/p>\n\n\n\n<p>\u00a1Y estos son los pasos!<\/p>\n\n\n\n<ol class=\"wp-block-list\">\n<li>Conecta tu impresora al ordenador a trav\u00e9s del cable USB. Ten en cuenta que cada impresora lleva una entrada USB diferente, por lo que el cable que tengas por casa es muy posible que no te sirva. Si no tienes el cable para ese modelo de impresora, deber\u00e1s comprarlo (o ped\u00edrselo al vecino del quinto, eso ya es cosa tuya\u2026).<\/li>\n\n\n\n<li>Enciende la impresora.<\/li>\n\n\n\n<li>Busca en la barra del men\u00fa \u201cinicio\u201d de Windows: \u201cImpresoras y esc\u00e1neres\u201d y haz clic en el resultado.<\/li>\n\n\n\n<li>Ver\u00e1s la opci\u00f3n \u201cAgregar una impresora o un esc\u00e1ner\u201d. Dale clic al botoncito azul \u201cAgregar dispositivo\u201d.<\/li>\n\n\n\n<li>El sistema operativo te deber\u00eda mostrar el nombre de tu impresora. Haz clic en \u00e9l y empezar\u00e1 el proceso de instalaci\u00f3n.<\/li>\n\n\n\n<li>Si no te aparece tu impresora, ver\u00e1s que sale la opci\u00f3n \u201cLa impresora que deseo no est\u00e1 en la lista\u201d y un bot\u00f3n que pone \u201cAgregar manualmente\u201d. Dale clic y te saldr\u00e1n diferentes opciones para encontrarla. Por ejemplo: \u201cMi impresora es un poco antigua. Ay\u00fadame a buscarla\u201d.<\/li>\n\n\n\n<li>Sigue las indicaciones seg\u00fan la opci\u00f3n que hayas escogido y\u2026 <em>Voil\u00e0<\/em>, se instalar\u00e1 tu impresora.<\/li>\n<\/ol>\n\n\n\n<figure class=\"wp-block-image size-full\"><img loading=\"lazy\" decoding=\"async\" width=\"960\" height=\"640\" src=\"https:\/\/quecartucho.es\/blog\/wp-content\/uploads\/2022\/10\/Alternativa-instalar-una-impresora-con-el-cable-USB.png\" alt=\"Alternativa: instalar una impresora con el cable USB\" class=\"wp-image-17376\" title=\"\" srcset=\"https:\/\/quecartucho.es\/blog\/wp-content\/uploads\/2022\/10\/Alternativa-instalar-una-impresora-con-el-cable-USB.png 960w, https:\/\/quecartucho.es\/blog\/wp-content\/uploads\/2022\/10\/Alternativa-instalar-una-impresora-con-el-cable-USB-300x200.png 300w, https:\/\/quecartucho.es\/blog\/wp-content\/uploads\/2022\/10\/Alternativa-instalar-una-impresora-con-el-cable-USB-768x512.png 768w, https:\/\/quecartucho.es\/blog\/wp-content\/uploads\/2022\/10\/Alternativa-instalar-una-impresora-con-el-cable-USB-930x620.png 930w, https:\/\/quecartucho.es\/blog\/wp-content\/uploads\/2022\/10\/Alternativa-instalar-una-impresora-con-el-cable-USB-150x100.png 150w\" sizes=\"auto, (max-width: 960px) 100vw, 960px\" \/><\/figure>\n\n\n\n<h2 class=\"wp-block-heading\">\u00bfC\u00f3mo instalar una impresora sin CD en un Mac?<\/h2>\n\n\n\n<p>Si eres un fan de los ordenadores de la manzanita, la instalaci\u00f3n mediante cable USB ser\u00e1 todav\u00eda m\u00e1s f\u00e1cil, ya que solo deber\u00e1s seguir los pasos 1 y 2 y tu Mac reconocer\u00e1 la impresora. Solo tendr\u00e1s que hacer clic en \u201cInstalar\u201d, \u00a1y listo!<\/p>\n\n\n\n<p>Esperamos que esta <strong>gu\u00eda para instalar una impresora sin CD<\/strong> te haya sido \u00fatil.<\/p>\n\n\n<div class=\"wp-block-image\">\n<figure class=\"aligncenter size-full\"><img loading=\"lazy\" decoding=\"async\" width=\"659\" height=\"582\" src=\"https:\/\/quecartucho.es\/blog\/wp-content\/uploads\/2022\/10\/\u00bfComo-instalar-una-impresora-sin-CD-en-un-Mac.jpg\" alt=\"\u00bfC\u00f3mo instalar una impresora sin CD en un Mac?\" class=\"wp-image-17377\" title=\"\" srcset=\"https:\/\/quecartucho.es\/blog\/wp-content\/uploads\/2022\/10\/\u00bfComo-instalar-una-impresora-sin-CD-en-un-Mac.jpg 659w, https:\/\/quecartucho.es\/blog\/wp-content\/uploads\/2022\/10\/\u00bfComo-instalar-una-impresora-sin-CD-en-un-Mac-300x265.jpg 300w, https:\/\/quecartucho.es\/blog\/wp-content\/uploads\/2022\/10\/\u00bfComo-instalar-una-impresora-sin-CD-en-un-Mac-150x132.jpg 150w\" sizes=\"auto, (max-width: 659px) 100vw, 659px\" \/><\/figure>\n<\/div>\n\n\n<p>Ahora ya puedes disfrutar de tu impresora y sentir esa maravillosa sensaci\u00f3n de \u201cUfff\u2026 menudo peso me he quitado de encima. Al final no ha sido para tanto\u201d.<\/p>\n\n\n\n<div class=\"wp-block-columns is-layout-flex wp-container-core-columns-is-layout-9d6595d7 wp-block-columns-is-layout-flex\">\n<div class=\"wp-block-column is-vertically-aligned-center is-layout-flow wp-block-column-is-layout-flow\" style=\"flex-basis:66.66%\">\n<p>Oye, y\u2026 \u00bfQu\u00e9 tal si te decimos que puedes sentirte todav\u00eda mejor?<\/p>\n\n\n\n<p>En <strong>quecartucho.es<\/strong> no solo damos consejos super\u00fatiles en nuestro blog. Date una vuelta por el resto de secciones y descubre nuestras <a href=\"https:\/\/quecartucho.es\/\">tintas de impresora<\/a>, <a href=\"https:\/\/quecartucho.es\/16393-toners\">t\u00f3neres<\/a>, botellas de tinta, <a href=\"https:\/\/quecartucho.es\/16247-cintas-compatibles\">cintas<\/a>, recargas\u2026 100% compatibles, a unos precios m\u00e1s peque\u00f1itos que una pulga. <\/p>\n\n\n\n<p>Adem\u00e1s, con entrega en 24\/48 horas, garant\u00eda ampliable hasta cinco a\u00f1os, pago seguro y servicio post venta para que nos contactes ante el m\u00e1s m\u00ednimo problema que puedas tener, desde la entrega hasta la instalaci\u00f3n de los cartuchos, lo que sea.<\/p>\n<\/div>\n\n\n\n<div class=\"wp-block-column is-layout-flow wp-block-column-is-layout-flow\" style=\"flex-basis:33.33%\"><div class=\"wp-block-image\">\n<figure class=\"aligncenter size-full\"><a href=\"https:\/\/quecartucho.es\/\"><img loading=\"lazy\" decoding=\"async\" width=\"530\" height=\"530\" src=\"https:\/\/quecartucho.es\/blog\/wp-content\/uploads\/2023\/07\/cartucho.jpg\" alt=\"cartucho\" class=\"wp-image-19979\" title=\"\" srcset=\"https:\/\/quecartucho.es\/blog\/wp-content\/uploads\/2023\/07\/cartucho.jpg 530w, https:\/\/quecartucho.es\/blog\/wp-content\/uploads\/2023\/07\/cartucho-300x300.jpg 300w, https:\/\/quecartucho.es\/blog\/wp-content\/uploads\/2023\/07\/cartucho-150x150.jpg 150w, https:\/\/quecartucho.es\/blog\/wp-content\/uploads\/2023\/07\/cartucho-120x120.jpg 120w\" sizes=\"auto, (max-width: 530px) 100vw, 530px\" \/><\/a><figcaption class=\"wp-element-caption\">Cartucho<\/figcaption><\/figure>\n<\/div><\/div>\n<\/div>\n\n\n\n<p><\/p>\n\n\n\n<p><a href=\"https:\/\/quecartucho.es\/\">\u00a1Te esperamos en nuestra tienda online!<\/a><\/p>\n\n\n\n<figure class=\"wp-block-embed is-type-video is-provider-youtube wp-block-embed-youtube wp-embed-aspect-16-9 wp-has-aspect-ratio\"><div class=\"wp-block-embed__wrapper\">\n<div class=\"nv-iframe-embed\"><iframe loading=\"lazy\" title=\"como INSTALAR una IMPRESORA SIN CD o DISCO\" width=\"1200\" height=\"675\" src=\"https:\/\/www.youtube.com\/embed\/yLQk2VKApnc?feature=oembed\" frameborder=\"0\" allow=\"accelerometer; autoplay; clipboard-write; encrypted-media; gyroscope; picture-in-picture; web-share\" allowfullscreen><\/iframe><\/div>\n<\/div><\/figure>\n","protected":false},"excerpt":{"rendered":"<p>Instalar una impresora sin CD\u2026 Es como decir \u201chacer una ensalada sin aceite\u201d o \u201cuna pizza sin horno\u201d. \u00bfS\u00ed o no? \u00a1Pues no, para nada! Ya, ya\u2026 Conocemos esa sensaci\u00f3n de inseguridad cuando tienes que instalar y usar por primera vez una impresora para tu PC. Abres la caja, sacas la maquina\u2026 y en tu&hellip;&nbsp;<a href=\"https:\/\/quecartucho.es\/blog\/como-instalar-una-impresora-sin-cd\/\" rel=\"bookmark\">Leer m\u00e1s &raquo;<span class=\"screen-reader-text\">\u00bfC\u00f3mo instalar una impresora sin CD?<\/span><\/a><\/p>\n","protected":false},"author":1,"featured_media":17375,"parent":0,"menu_order":0,"comment_status":"closed","ping_status":"closed","template":"","meta":{"neve_meta_sidebar":"full-width","neve_meta_container":"","neve_meta_enable_content_width":"on","neve_meta_content_width":100,"neve_meta_title_alignment":"","neve_meta_author_avatar":"","neve_post_elements_order":"","neve_meta_disable_header":"","neve_meta_disable_footer":"","neve_meta_disable_title":"","episode_type":"","audio_file":"","podmotor_file_id":"","podmotor_episode_id":"","cover_image":"","cover_image_id":"","duration":"","filesize":"","filesize_raw":"","date_recorded":"","explicit":"","block":"","footnotes":""},"class_list":["post-17374","page","type-page","status-publish","has-post-thumbnail","hentry"],"_links":{"self":[{"href":"https:\/\/quecartucho.es\/blog\/wp-json\/wp\/v2\/pages\/17374","targetHints":{"allow":["GET"]}}],"collection":[{"href":"https:\/\/quecartucho.es\/blog\/wp-json\/wp\/v2\/pages"}],"about":[{"href":"https:\/\/quecartucho.es\/blog\/wp-json\/wp\/v2\/types\/page"}],"author":[{"embeddable":true,"href":"https:\/\/quecartucho.es\/blog\/wp-json\/wp\/v2\/users\/1"}],"replies":[{"embeddable":true,"href":"https:\/\/quecartucho.es\/blog\/wp-json\/wp\/v2\/comments?post=17374"}],"version-history":[{"count":6,"href":"https:\/\/quecartucho.es\/blog\/wp-json\/wp\/v2\/pages\/17374\/revisions"}],"predecessor-version":[{"id":19983,"href":"https:\/\/quecartucho.es\/blog\/wp-json\/wp\/v2\/pages\/17374\/revisions\/19983"}],"wp:featuredmedia":[{"embeddable":true,"href":"https:\/\/quecartucho.es\/blog\/wp-json\/wp\/v2\/media\/17375"}],"wp:attachment":[{"href":"https:\/\/quecartucho.es\/blog\/wp-json\/wp\/v2\/media?parent=17374"}],"curies":[{"name":"wp","href":"https:\/\/api.w.org\/{rel}","templated":true}]}}