{"id":17388,"date":"2022-10-14T10:05:38","date_gmt":"2022-10-14T08:05:38","guid":{"rendered":"https:\/\/quecartucho.es\/blog\/?page_id=17388"},"modified":"2022-10-14T10:05:39","modified_gmt":"2022-10-14T08:05:39","slug":"error-e59-en-impresoras-canon","status":"publish","type":"page","link":"https:\/\/quecartucho.es\/blog\/error-e59-en-impresoras-canon\/","title":{"rendered":"Error E59 en impresoras Canon"},"content":{"rendered":"\n<p>Encontrarse con un <a href=\"https:\/\/quecartucho.es\/blog\/cuando-una-impresora-no-imprime-bien\/\">error en la impresora<\/a> es mucho m\u00e1s habitual de lo que nos parece. Por fortuna, si conocemos el <strong>c\u00f3digo de error<\/strong> podremos solucionarlo mucho m\u00e1s r\u00e1pido o, por lo menos, conocer las causas r\u00e1pidamente y as\u00ed empezar a buscar la soluci\u00f3n.<\/p>\n\n\n\n<div class=\"wp-block-columns is-layout-flex wp-container-core-columns-is-layout-9d6595d7 wp-block-columns-is-layout-flex\">\n<div class=\"wp-block-column is-layout-flow wp-block-column-is-layout-flow\">\n<p>Uno de los errores m\u00e1s comunes en <a href=\"https:\/\/quecartucho.es\/blog\/impresoras-canon\/\">impresoras Canon<\/a> es el <strong>error E59<\/strong>. Si te lo has encontrado y no sabes c\u00f3mo solucionarlo, ni tan siquiera a lo que se refiere, este art\u00edculo te interesa:<\/p>\n<\/div>\n\n\n\n<div class=\"wp-block-column is-layout-flow wp-block-column-is-layout-flow\"><div class=\"wp-block-image\">\n<figure class=\"aligncenter size-full\"><img loading=\"lazy\" decoding=\"async\" width=\"300\" height=\"140\" src=\"https:\/\/quecartucho.es\/blog\/wp-content\/uploads\/2022\/10\/canon-printer-error-E59.jpeg\" alt=\"canon printer error E59\" class=\"wp-image-17390\" title=\"\" srcset=\"https:\/\/quecartucho.es\/blog\/wp-content\/uploads\/2022\/10\/canon-printer-error-E59.jpeg 300w, https:\/\/quecartucho.es\/blog\/wp-content\/uploads\/2022\/10\/canon-printer-error-E59-150x70.jpeg 150w\" sizes=\"auto, (max-width: 300px) 100vw, 300px\" \/><\/figure>\n<\/div><\/div>\n<\/div>\n\n\n<div id=\"rank-math-faq\" class=\"rank-math-block\">\n<div class=\"rank-math-list \">\n<div id=\"faq-question-1665734593932\" class=\"rank-math-list-item\">\n<h2 class=\"rank-math-question \"><strong>\u00bfPor qu\u00e9 aparece el error E59 en las impresoras Canon?<\/strong><\/h2>\n<div class=\"rank-math-answer \">\n<img loading=\"lazy\" decoding=\"async\" width=\"150\" height=\"150\" src=\"https:\/\/quecartucho.es\/blog\/wp-content\/uploads\/2022\/10\/\u00bfPor-que-aparece-el-error-E59-en-las-impresoras-Canon-150x150.jpeg\" class=\"alignright\" alt=\"\u00bfPor qu\u00e9 aparece el error E59 en las impresoras Canon?\" title=\"\">\n<p>Si recurrimos a la informaci\u00f3n t\u00e9cnica de la impresora, descubriremos que la informaci\u00f3n que nos da la compa\u00f1\u00eda sobre el <strong>Error e59 en impresoras Canon <\/strong>es el siguiente:<\/p>\n<p><em>La configuraci\u00f3n del papel para impresi\u00f3n es diferente de la informaci\u00f3n establecida en la configuraci\u00f3n de la impresora<\/em>.<\/p>\n<p>Si no tienes mucha experiencia en solucionar problemas de impresora, este mensaje puede parecer tan confuso que no te diga absolutamente nada. Por esta raz\u00f3n, te lo explicamos:<\/p>\n<p>Lo que nos quiere decir es que no corresponde el tama\u00f1o del papel que hay dentro de la impresora con el que le hemos indicado al perif\u00e9rico que debe imprimir. Por ejemplo, imaginemos que la impresora tiene un papel de 10 x 15 para imprimir una fotograf\u00eda, pero en la configuraci\u00f3n de la impresora hay un A4.<\/p>\n<p>Ahora bien, aunque es cierto que este es el problema m\u00e1s habitual que explica el <strong>error E59<\/strong>, no es la \u00fanica explicaci\u00f3n. Tambi\u00e9n podr\u00eda aparecer por los siguientes motivos:<\/p>\n<p>\u27a8 Se ha producido un <strong>atasco de papel<\/strong>.<br \/>\u27a8 Hay una <strong>cola de impresi\u00f3n<\/strong> <strong>pendiente<\/strong> demasiado elevada.<\/p>\n<p>En el caso de que el origen del problema sea alguno de los dos anteriores, soluci\u00f3nalo antes de seguir.<\/p>\n\n<\/div>\n<\/div>\n<\/div>\n<\/div>\n\n\n<h2 class=\"wp-block-heading\"><strong>C\u00f3mo solucionar el error E59 en las impresoras Canon<\/strong><\/h2>\n\n\n\n<p>Aqu\u00ed vamos a seguir el proceso para <strong>solucionar el error E59<\/strong> est\u00e1ndar; es decir, suponiendo que no hay correspondencia entre el papel cargado en la impresora y el de la configuraci\u00f3n:<\/p>\n\n\n\n<ol class=\"wp-block-list\"><li>&nbsp; &nbsp; Lo primero que debemos hacer para solucionar el problema es pulsar en <strong>stop<\/strong> en la impresora. As\u00ed, cancelaremos cualquier impresi\u00f3n que est\u00e9 en progreso o que no se haya podido completar.<\/li><li>&nbsp; &nbsp; Cuando haya terminado el proceso anterior, revisa si el tama\u00f1o del papel que est\u00e1 en la bandeja de la impresora coincide con el tama\u00f1o del papel que se ha elegido. En el caso de que no se corresponda, puedes ajustar la configuraci\u00f3n a trav\u00e9s de la <strong>pantalla LCD<\/strong>, o bien a trav\u00e9s de la configuraci\u00f3n de la impresora desde un PC o tel\u00e9fono m\u00f3vil.<\/li><li>&nbsp; &nbsp; Intenta imprimir de nuevo para comprobar si el problema ya no existe.<\/li><\/ol>\n\n\n\n<p>En principio, no deber\u00eda haber ning\u00fan problema en el caso de que el papel que se haya configurado en el perif\u00e9rico tenga un tama\u00f1o mayor que el que se haya seleccionado en la configuraci\u00f3n del PC\/m\u00f3vil. Puede que te aparezca alg\u00fan tipo de advertencia, pero ser\u00e1 tan f\u00e1cil como aceptarla y podr\u00e1s completar el proceso sin problema.<\/p>\n\n\n\n<h2 class=\"wp-block-heading\"><strong>Otras alternativas para solucionar el error E59<\/strong><\/h2>\n\n\n\n<p>\u00bfNo te han funcionado las alternativas anteriores? Prueba con esto:<\/p>\n\n\n\n<p>Puede que la impresora est\u00e9 lanzando un mensaje de error que no se corresponde con lo que ocurre en realidad. Si esto es as\u00ed, puedes probar a desactivarlo y ver qu\u00e9 pasa.<\/p>\n\n\n\n<ul class=\"wp-block-list\"><li>El c\u00f3digo de error est\u00e1 desactivado por defecto en sistemas operativos <strong>Windows y Mac<\/strong>.<\/li><li>Pero si imprimes desde un dispositivo compatible con <strong>PictBridge<\/strong> (desde una red inal\u00e1mbrica), el c\u00f3digo de error estar\u00e1 activado de forma predeterminada. Tendremos que acceder a la configuraci\u00f3n para desactivarlo.<\/li><\/ul>\n\n\n\n<p>Ahora ya sabes a que se debe el <strong>error E59 en impresoras Canon<\/strong> y cu\u00e1les son las mejores estrategias para poder solucionarlo cuanto antes.<\/p>\n","protected":false},"excerpt":{"rendered":"<p>Encontrarse con un error en la impresora es mucho m\u00e1s habitual de lo que nos parece. Por fortuna, si conocemos el c\u00f3digo de error podremos solucionarlo mucho m\u00e1s r\u00e1pido o, por lo menos, conocer las causas r\u00e1pidamente y as\u00ed empezar a buscar la soluci\u00f3n. Uno de los errores m\u00e1s comunes en impresoras Canon es el&hellip;&nbsp;<a href=\"https:\/\/quecartucho.es\/blog\/error-e59-en-impresoras-canon\/\" rel=\"bookmark\">Leer m\u00e1s &raquo;<span class=\"screen-reader-text\">Error E59 en impresoras Canon<\/span><\/a><\/p>\n","protected":false},"author":1,"featured_media":17403,"parent":0,"menu_order":0,"comment_status":"closed","ping_status":"closed","template":"","meta":{"neve_meta_sidebar":"full-width","neve_meta_container":"","neve_meta_enable_content_width":"on","neve_meta_content_width":100,"neve_meta_title_alignment":"","neve_meta_author_avatar":"","neve_post_elements_order":"","neve_meta_disable_header":"","neve_meta_disable_footer":"","neve_meta_disable_title":"","episode_type":"","audio_file":"","podmotor_file_id":"","podmotor_episode_id":"","cover_image":"","cover_image_id":"","duration":"","filesize":"","filesize_raw":"","date_recorded":"","explicit":"","block":"","footnotes":""},"class_list":["post-17388","page","type-page","status-publish","has-post-thumbnail","hentry"],"_links":{"self":[{"href":"https:\/\/quecartucho.es\/blog\/wp-json\/wp\/v2\/pages\/17388","targetHints":{"allow":["GET"]}}],"collection":[{"href":"https:\/\/quecartucho.es\/blog\/wp-json\/wp\/v2\/pages"}],"about":[{"href":"https:\/\/quecartucho.es\/blog\/wp-json\/wp\/v2\/types\/page"}],"author":[{"embeddable":true,"href":"https:\/\/quecartucho.es\/blog\/wp-json\/wp\/v2\/users\/1"}],"replies":[{"embeddable":true,"href":"https:\/\/quecartucho.es\/blog\/wp-json\/wp\/v2\/comments?post=17388"}],"version-history":[{"count":3,"href":"https:\/\/quecartucho.es\/blog\/wp-json\/wp\/v2\/pages\/17388\/revisions"}],"predecessor-version":[{"id":17405,"href":"https:\/\/quecartucho.es\/blog\/wp-json\/wp\/v2\/pages\/17388\/revisions\/17405"}],"wp:featuredmedia":[{"embeddable":true,"href":"https:\/\/quecartucho.es\/blog\/wp-json\/wp\/v2\/media\/17403"}],"wp:attachment":[{"href":"https:\/\/quecartucho.es\/blog\/wp-json\/wp\/v2\/media?parent=17388"}],"curies":[{"name":"wp","href":"https:\/\/api.w.org\/{rel}","templated":true}]}}