{"id":17437,"date":"2022-10-17T09:33:57","date_gmt":"2022-10-17T07:33:57","guid":{"rendered":"https:\/\/quecartucho.es\/blog\/?page_id=17437"},"modified":"2023-09-15T19:52:17","modified_gmt":"2023-09-15T17:52:17","slug":"la-impresora-hp-no-imprime-como-solucionarlo","status":"publish","type":"page","link":"https:\/\/quecartucho.es\/blog\/la-impresora-hp-no-imprime-como-solucionarlo\/","title":{"rendered":"La impresora HP no imprime \u00bfc\u00f3mo solucionarlo?"},"content":{"rendered":"\n<p>Hay muchos motivos que podr\u00edan explicar que una <strong>impresora HP no imprime<\/strong>. Algunos de los <a href=\"https:\/\/quecartucho.es\/blog\/cuando-una-impresora-no-imprime-bien\/\">problemas de impresi\u00f3n<\/a> son intuitivos y relativamente sencillos de solucionar, pero otros no lo son tanto y requieren de ayuda especializada para poder encontrarles una soluci\u00f3n cuanto antes.<\/p>\n\n\n\n<p>En este art\u00edculo hemos preparado una serie de secciones en las que tratamos los problemas m\u00e1s habituales, as\u00ed como las posibles soluciones:<\/p>\n\n\n\n<h2 class=\"wp-block-heading\"><strong>\u00bfC\u00f3mo solucionar el problema de tinta o t\u00f3ner vac\u00edo?<\/strong><\/h2>\n\n\n\n<p>Un problema muy com\u00fan es cuando <strong>instalamos un <a href=\"https:\/\/quecartucho.es\/\">cartucho de tinta<\/a> \/ t\u00f3ner compatible y no son reconocidos<\/strong> por la impresora. Lo m\u00e1s posible es que la impresora est\u00e9 configurada tan solo para reconocer cartuchos originales y no puede reconocer cartuchos gen\u00e9ricos.<\/p>\n\n\n\n<p>Antes de nada, revisa la tinta o cartucho. Observa si existe alg\u00fan tipo de adhesivo que dificulte la lectura por parte del perif\u00e9rico. Si es as\u00ed, no tienes m\u00e1s que retirarlo para que funcione.<\/p>\n\n\n\n<p>Si, a\u00fan as\u00ed, la <a href=\"https:\/\/quecartucho.es\/blog\/impresora-hp-no-reconoce-cartucho-compatible\/\">impresora no reconoce el cartucho<\/a>, entonces sigue estos pasos:<\/p>\n\n\n\n<p>1) &nbsp; &nbsp; Apaga el perif\u00e9rico.<\/p>\n\n\n\n<p>2) &nbsp; &nbsp; Descon\u00e9ctala de la corriente durante unos 10 minutos.<\/p>\n\n\n\n<p>3) &nbsp; &nbsp; Vuelve a conectar la impresora e instala el cartucho siguiendo el proceso convencional.<\/p>\n\n\n\n<p>Con el proceso anterior hemos <strong>reseteado la memoria<\/strong> para que la impresora sea capaz de reconocer el chip del cartucho y as\u00ed poder utilizarlo.<\/p>\n\n\n\n<p>Si sigue sin funcionar, pruebes probar con esto:<\/p>\n\n\n\n<ul class=\"wp-block-list\">\n<li><strong>Revisa el chip del cartucho: <\/strong>comprueba que no est\u00e9 suelto o que presente alg\u00fan tipo de deterioro. Este elemento almacena informaci\u00f3n vital, adem\u00e1s de ser muy delicado, por lo que debes tratarlo con mucho cuidado.<\/li>\n\n\n\n<li><strong>Coloca el chip: <\/strong>si fuese necesario, coloca el chip con su sistema de enganche. No toques la superficie, tan solo los bordes. En principio, no har\u00e1 falta m\u00e1s que hacer un peque\u00f1o movimiento para que se enganche perfectamente.<\/li>\n\n\n\n<li><strong>Limpieza del chip: <\/strong>tambi\u00e9n podr\u00eda estar funcionando si presenta alg\u00fan tipo de suciedad (como polvos o pelusas). Puedes usar un pa\u00f1o ligeramente h\u00famedo para limpiarlo. Eso s\u00ed, aseg\u00farate de que se encuentre completamente seco para probar a imprimir de nuevo.<\/li>\n<\/ul>\n\n\n\n<p>As\u00ed deber\u00edas solucionar un problema de tinta o t\u00f3ner vac\u00edo. Si no lo consigues que funcione contacta con tu proveedor de tinta, en Quecartucho con referencias como el <a href=\"https:\/\/quecartucho.es\/2982-hp-953-xl-cartucho-de-tinta-compatible.html\">HP 953<\/a>, <a href=\"https:\/\/quecartucho.es\/2974-hp-903xl-hp903xl-cartucho-de-tinta-compatible-con-el-cartucho-hp-t6m15ae-t6m3ae-t6m7ae-t6m11ae.html\">HP 903<\/a> o <a href=\"https:\/\/quecartucho.es\/2978-hp913a-hp-913a-cartucho-de-tinta-compatible-con-el-cartucho-hp-l0r95a-f6t77ae-f6t78ae-f6t79ae.html\">HP 913<\/a> hemos tenido que cambiar los <a href=\"https:\/\/quecartucho.es\/4336-cartuchos-de-tinta-hp-compatibles\">cartuchos compatibles HP<\/a> a los clientes por un cambio de chip, como \u00fanica soluci\u00f3n para que funcionasen.<\/p>\n\n\n\n<h2 class=\"wp-block-heading\"><strong>\u00bfC\u00f3mo solucionar problemas de conexi\u00f3n?<\/strong><\/h2>\n\n\n\n<figure class=\"wp-block-embed is-type-video is-provider-youtube wp-block-embed-youtube wp-embed-aspect-16-9 wp-has-aspect-ratio\"><div class=\"wp-block-embed__wrapper\">\n<div class=\"nv-iframe-embed\"><iframe loading=\"lazy\" title=\"Soluci\u00f3n de problemas de conexi\u00f3n de impresoras inal\u00e1mbricas | Impresoras HP | HP Support\" width=\"1200\" height=\"675\" src=\"https:\/\/www.youtube.com\/embed\/-6UdwNhbpBk?feature=oembed\" frameborder=\"0\" allow=\"accelerometer; autoplay; clipboard-write; encrypted-media; gyroscope; picture-in-picture; web-share\" allowfullscreen><\/iframe><\/div>\n<\/div><\/figure>\n\n\n\n<p>Los <strong><a href=\"https:\/\/quecartucho.es\/blog\/mi-impresora-aparece-sin-conexion-como-solucionarlo\/\">problemas de conexi\u00f3n<\/a> en una impresora HP<\/strong> son muy poco precisos. El gran problema es que el origen puede ser muy variado, por lo que tendr\u00e1s que ir probando hasta dar con la causa correcta.<\/p>\n\n\n\n<ul class=\"wp-block-list\">\n<li>Lo primero que debes hacer es identificar ese origen. El propio sistema operativo te deber\u00eda informar con un icono en la barra de notificaciones en donde tendr\u00eda que salir el error. Sin embargo, si no apareciese, podemos llegar hasta all\u00ed <strong>pulsando Windows + i<\/strong>, marcando en <strong>dispositivos<\/strong> y en tu <strong>impresora<\/strong>. Aqu\u00ed te deber\u00eda aparecer el error que tiene este perif\u00e9rico.<\/li>\n\n\n\n<li>Comprueba que no se ha desconectado del equipo. Para ello, comprueba el <strong>cable USB<\/strong> o el <strong>cable Ethernet <\/strong>(esto depender\u00e1 del modelo de impresora que se est\u00e9 utilizando, as\u00ed como de la tipolog\u00eda). Si no se enciende ninguna luz cuando conectas el cable, lo m\u00e1s recomendable es sustituirlo.<\/li>\n\n\n\n<li>Comprueba el <strong>cable de corriente<\/strong>. Puede que se haya doblado o estropeado en alguna de sus secciones. Ante cualquier duda, y teniendo en cuenta que cuesta muy poco, vale la pena sustituirlo.<\/li>\n\n\n\n<li>Si tienes <strong>problemas de conexi\u00f3n WiFi<\/strong>, prueba a desconectar la impresora de la red local y conectarla a la red <strong>5G<\/strong>. Esta red funcionar\u00e1 a mayor velocidad y se minimizar\u00e1n las opciones de que se produzca cualquier error. Si no se llega a conectar, puedes probar a <strong>reiniciar el router<\/strong>.<\/li>\n\n\n\n<li>Quiz\u00e1 est\u00e9s utilizando un <strong>controlador (driver<\/strong>) que no sea el adecuado. La forma de solucionarlo es accediendo a <strong>Administrador de dispositivos -&gt; Impresoras <\/strong>y revisar si hay alguna altera amarilla o roja. Pulsa encima de tu impresora y haz clic en <strong>desinstalar<\/strong>. Entonces inicia el proceso y la impresora quedar\u00e1 instalada.<\/li>\n\n\n\n<li>Podr\u00eda darse el caso de que est\u00e9s intentando imprimir en una impresora que no sea la predeterminada. En este caso, accede a <strong>impresoras<\/strong>, busca en <strong>impresoras y esc\u00e1neres<\/strong>, marca tu impresora y pulsa sobre <strong>establecer como predeterminada<\/strong>.<\/li>\n<\/ul>\n\n\n\n<h2 class=\"wp-block-heading\"><strong>\u00bfC\u00f3mo solucionar un problema de tinta seca?<\/strong><\/h2>\n\n\n\n<p>Las impresoras est\u00e1n pensadas para darles un uso continuado. De lo contrario, empezar\u00e1n a presentar importantes problemas: por ejemplo, la <strong>tinta se podr\u00eda llegar a secar<\/strong> y no imprimir\u00eda.<\/p>\n\n\n\n<p>Si esto es lo que te ha ocurrido, haz la <a href=\"https:\/\/quecartucho.es\/blog\/que-es-un-cabezal-de-impresion\/como-limpiar-un-cabezal-de-impresion\/\">limpieza del cartucho<\/a>, si no funciona, puedes probar a solucionarlo siguiendo estos pasos:<\/p>\n\n\n\n<p>1) &nbsp; &nbsp; Llena un recipiente con un poco de agua caliente (tambi\u00e9n puedes usar <strong>l\u00edquido limpiador de cabezales<\/strong>, aunque no siempre es sencillo de encontrar).<\/p>\n\n\n\n<p>2) &nbsp; &nbsp; Introduce el cartucho de tinta, asegur\u00e1ndote de que no toque el flexo de contacto (solo sumerge la zona por donde sale la tinta). Sostenlo as\u00ed durante <strong>3-5 minutos<\/strong>.<\/p>\n\n\n\n<p>3) &nbsp; &nbsp; Si todo va bien, ver\u00e1s que el agua se empezar\u00e1 a manchar de la tinta. Esto es debido a que el agua caliente la est\u00e1 disolviendo. La buena noticia es que tu cartucho se mantendr\u00e1 intacto.<\/p>\n\n\n\n<p>4) &nbsp; &nbsp; Retira el recipiente de agua caliente. Usa una gamuza que no deje residuos para limpiar los restos de agua que puedan haber quedado en el cartucho. Arrastra de forma suave repetidas veces para conseguirlo.<\/p>\n\n\n\n<p>5) &nbsp; &nbsp; En el caso de que estemos hablando de un atasco importante, se recomienda seguir el proceso anterior varias veces. Si no est\u00e1 demasiado atascado, con estos pasos se deber\u00eda solucionar el problema.<\/p>\n\n\n\n<ul class=\"wp-block-list\">\n<li><strong>Importante: <\/strong>apreciar\u00e1s que las primeras impresiones salen borrosas. Esto es debido a que el inyector todav\u00eda arrojar\u00e1 un poco de agua. No hay que preocuparse, ya que en un par de impresiones deber\u00eda imprimir de la forma convencional.<\/li>\n<\/ul>\n\n\n\n<h2 class=\"wp-block-heading\"><strong>\u00bfC\u00f3mo solucionar un problema relacionado con el driver del PC?<\/strong><\/h2>\n\n\n\n<p><strong>HP<\/strong> es uno de los fabricantes de impresoras m\u00e1s importantes que tiene su propia aplicaci\u00f3n para facilitar el proceso de la instalaci\u00f3n en <strong>Windows 10 y Windows 11<\/strong>. Si tienes un sistema operativo antiguo, o bien introduces el CD que te ven\u00eda con la impresora, o bien descargas los drivers desde la web de la compa\u00f1\u00eda.<\/p>\n\n\n\n<p>En principio, con <strong>instalar HP Smart<\/strong> deber\u00eda ser m\u00e1s que suficiente para que la impresora funcione. Tambi\u00e9n puede ser que necesites desinstalar y actualizar la app. Pero, si esto no fuese suficiente, puedes probar tambi\u00e9n con lo siguiente:<\/p>\n\n\n\n<ul class=\"wp-block-list\">\n<li><strong>Actualizaci\u00f3n del sistema operativo: <\/strong>revisa que no exista ninguna actualizaci\u00f3n pendiente en tu sistema operativo. Puede que se haya producido alg\u00fan mal funcionamiento con el driver, y la actualizaci\u00f3n lo solucione sin m\u00e1s. Esta comprobaci\u00f3n la puedes hacer a trav\u00e9s del apartado de <strong>Actualizaci\u00f3n y Seguridad<\/strong>, en la secci\u00f3n de<strong> Windows Update<\/strong>.<\/li>\n\n\n\n<li><strong>Desinstalar actualizaciones del S.O.: <\/strong>tambi\u00e9n puede ser que el origen del problema sea una actualizaci\u00f3n propia del sistema operativo. Es posible desinstalar actualizaciones accediendo a <strong>Windows Update<\/strong> y pulsando sobre <strong>Actualizaciones Instaladas<\/strong>. Apunta el c\u00f3digo de la \u00faltima actualizaci\u00f3n instalada y marca en <strong>Desinstalar Actualizaciones<\/strong>. Aseg\u00farate de reiniciar el sistema operativo cada vez que desinstales alguna actualizaci\u00f3n, para ver si as\u00ed se soluciona el problema.<\/li>\n\n\n\n<li><strong>Busca errores en el administrador de dispositivos: <\/strong>si hubiese alg\u00fan problema con el controlador de la impresora, en el <strong>Administrador de dispositivos<\/strong>, en <strong>impresoras<\/strong>, encontrar\u00edamos una alerta amarilla o roja sobre el perif\u00e9rico. Podr\u00edamos intentar solucionarla haciendo clic derecho en la misma y pulsando en <strong>Actualizar el dispositivo<\/strong>. Si esto no funciona, tendr\u00e1s que desinstalar y volver a instalar.<\/li>\n\n\n\n<li><strong>Revisa incompatibilidades: <\/strong>aunque no es lo m\u00e1s habitual, podr\u00eda darse el caso de que los controladores de la impresora sean incompatibles con alg\u00fan programa. Piensa en lo \u00faltimo que hayas podido instalar y desinst\u00e1lalo para ver si el problema viene por esa parte.<\/li>\n<\/ul>\n\n\n\n<p>Probando con estos consejos podr\u00e1s encontrar la soluci\u00f3n al problema relacionado con los drivers del PC.<\/p>\n\n\n\n<h2 class=\"wp-block-heading\"><strong>\u00bfC\u00f3mo marcar la impresora HP como predeterminada?<\/strong><\/h2>\n\n\n\n<p>Una <strong>impresora predeterminada<\/strong> es aquella que habr\u00e1 fijado el sistema operativo para que podamos imprimir autom\u00e1ticamente con ella cada vez que queramos lanzar un documento (sin embargo, nos dejar\u00e1 elegir la impresora en cuesti\u00f3n cuando llegue el momento).<\/p>\n\n\n\n<p>Lo m\u00e1s recomendable es elegir como impresora predeterminada la que utilizamos de forma m\u00e1s habitual. As\u00ed evitaremos lanzar la impresi\u00f3n a un perif\u00e9rico que no corresponda. Adem\u00e1s, en algunos programas se imprime directamente en la impresora predeterminada, as\u00ed que debemos seleccionarla previamente.<\/p>\n\n\n\n<figure class=\"wp-block-image size-full\"><img loading=\"lazy\" decoding=\"async\" width=\"795\" height=\"430\" src=\"https:\/\/quecartucho.es\/blog\/wp-content\/uploads\/2022\/10\/\u00bfComo-marcar-la-impresora-HP-como-predeter.jpg\" alt=\"\u00bfC\u00f3mo marcar la impresora HP como predeterminada?\" class=\"wp-image-17446\" title=\"\" srcset=\"https:\/\/quecartucho.es\/blog\/wp-content\/uploads\/2022\/10\/\u00bfComo-marcar-la-impresora-HP-como-predeter.jpg 795w, https:\/\/quecartucho.es\/blog\/wp-content\/uploads\/2022\/10\/\u00bfComo-marcar-la-impresora-HP-como-predeter-300x162.jpg 300w, https:\/\/quecartucho.es\/blog\/wp-content\/uploads\/2022\/10\/\u00bfComo-marcar-la-impresora-HP-como-predeter-768x415.jpg 768w, https:\/\/quecartucho.es\/blog\/wp-content\/uploads\/2022\/10\/\u00bfComo-marcar-la-impresora-HP-como-predeter-150x81.jpg 150w\" sizes=\"auto, (max-width: 795px) 100vw, 795px\" \/><figcaption class=\"wp-element-caption\">\u00bfC\u00f3mo marcar la impresora HP como predeterminada?<\/figcaption><\/figure>\n\n\n\n<p>La forma de establecer una <strong>impresora predeterminada en Windows<\/strong> es esta:<\/p>\n\n\n\n<ul class=\"wp-block-list\">\n<li>Accede a <strong>inicio -&gt; Configuraci\u00f3n -&gt; Dispositivos -&gt; Impresoras y esc\u00e1neres -&gt; Seleccionar impresora -&gt; Administrar -&gt; Establecer como predeterminada<\/strong>. Si no es posible encontrar esta opci\u00f3n, tendr\u00e1s que borrar previamente la selecci\u00f3n de <em>Permitir a Windows administrar mi impresora predeterminada<\/em> para poder hacerlo.<\/li>\n<\/ul>\n\n\n\n<p>Si quieres marcar una impresora como predeterminada en <strong>MAC<\/strong>, sigue estos pasos:<\/p>\n\n\n\n<ul class=\"wp-block-list\">\n<li>Accede a <strong>Men\u00fa Apple -&gt; Preferencias del sistema<\/strong> y marca en <strong>impresoras y esc\u00e1neres<\/strong>. Marca en la impresora y pulsa en <strong>establecer como predeterminada<\/strong>.<\/li>\n<\/ul>\n\n\n\n<h2 class=\"wp-block-heading\"><strong>\u00bfC\u00f3mo solucionar un atasco de la cola de impresi\u00f3n?<\/strong><\/h2>\n\n\n\n<p>Otro problema muy com\u00fan se refiere a un <strong>atasco de la cola de impresi\u00f3n<\/strong>. Este ser\u00e1 virtual. En cualquier caso, no podremos terminar con el trabajo hasta que lo hayamos solucionado.<\/p>\n\n\n\n<p>1) &nbsp; &nbsp; Lo primero que debes hacer es pulsar en la <strong>bandeja de entrada de la impresora<\/strong>, icono que deber\u00eda estar presente en la barra de tareas (si no fuese as\u00ed, puedes acceder a trav\u00e9s de <strong>inicio -&gt; dispositivos e impresoras<\/strong> -&gt; <strong>impresora<\/strong>).<\/p>\n\n\n\n<p>2) &nbsp; &nbsp; Marca todos los trabajos de impresi\u00f3n que todav\u00eda est\u00e1n pendientes y pulsa en <strong>borrar<\/strong>.<\/p>\n\n\n\n<p>Este problema se produce porque hemos saturado la memoria de la impresora para retener documentos. Si lo borramos todo, podremos imprimir como siempre.<\/p>\n\n\n\n<p>Pero tambi\u00e9n puede ser que se haya producido un atasco f\u00edsico en la cola de impresi\u00f3n. Sin embargo, estar\u00edamos hablando de un <strong>atasco de papel<\/strong>. Veremos c\u00f3mo solucionarlo en el siguiente apartado.<\/p>\n\n\n\n<h2 class=\"wp-block-heading\"><strong>\u00bfC\u00f3mo solucionar un atasco de papel?<\/strong><\/h2>\n\n\n\n<p>Si te est\u00e1s enfrentado a un problema de <strong>atasco de papel<\/strong> f\u00edsico, y no consigues solucionarlo, sigue estos pasos:<\/p>\n\n\n\n<p><strong>1)<\/strong> Apaga la impresora y descon\u00e9ctala de la corriente.<\/p>\n\n\n\n<p><strong>2)<\/strong> Lo m\u00e1s recomendable es retirar el cartucho y la bandeja de alimentaci\u00f3n del papel, ya que as\u00ed ser\u00e1 m\u00e1s f\u00e1cil ver el mecanismo de la m\u00e1quina y determinar qu\u00e9 es lo que est\u00e1 causando el problema.<\/p>\n\n\n\n<p><strong>3)<\/strong> En cuanto hayamos localizado el origen del atasco, tira del papel de forma suave, respetando siempre la direcci\u00f3n de salida natural del mismo. Si nunca has hecho una limpieza de rodillos, puede ser un buen momento para llevarla a cabo.<\/p>\n\n\n\n<p><strong>4)<\/strong> Cuando hayamos quitado el papel, haremos una inspecci\u00f3n minuciosa para acabar con cualquier resto de papel que pueda haber quedado acumulado. C\u00f3mo te ser\u00e1 complicado poder acceder a los mismos, siempre puedes usar unas <strong>pinzas<\/strong> para retirarlos.<\/p>\n\n\n\n<p><strong>5)<\/strong> Vuelve a colocar las bandejas y el cartucho en su posici\u00f3n. Conecta la impresora a la corriente, enci\u00e9ndela y prueba a imprimir.<\/p>\n\n\n\n<p><strong>6)<\/strong> Podr\u00eda darse el caso de que el mensaje de error se mantenga. Prueba a reiniciar el sistema operativo y deber\u00eda desaparecer.<\/p>\n\n\n\n<p>Si el problema persiste, ponte en contacto con <strong>HP<\/strong> para que te ofrezcan una soluci\u00f3n.<\/p>\n\n\n\n<h2 class=\"wp-block-heading\"><strong>\u00bfC\u00f3mo solucionar un problema del software de impresi\u00f3n?<\/strong><\/h2>\n\n\n\n<p>El <strong>software de impresi\u00f3n<\/strong> que utilizamos con el perif\u00e9rico tambi\u00e9n podr\u00eda ser el origen del problema. Lo m\u00e1s com\u00fan es que el sistema operativo se haya actualizado y exista una incompatibilidad con este software. Mientras se lanza una nueva actualizaci\u00f3n, podemos probar con lo siguiente:<\/p>\n\n\n\n<div class=\"wp-block-columns is-layout-flex wp-container-core-columns-is-layout-9d6595d7 wp-block-columns-is-layout-flex\">\n<div class=\"wp-block-column is-layout-flow wp-block-column-is-layout-flow\">\n<ul class=\"wp-block-list\">\n<li><strong>Desinstalar la actualizaci\u00f3n: <\/strong>c\u00f3mo ya hemos indicado anteriormente, desde <strong>Windows Update<\/strong> es posible acceder al registro de las actualizaciones que se han desinstalado para eliminar las que queramos. Desinstala tan solo la \u00faltima y prueba si funciona.<\/li>\n\n\n\n<li><strong>Descarga HP Print And Scan Doctor: <\/strong>esta herramienta no solo es interesante para solucionar un problema del software de impresi\u00f3n, sino que puede ayudarte con cualquier otro. Se trata de una herramienta que ha dise\u00f1ado la marca HP y que se puede conseguir de manera gratuita. Lo \u00fanico que tendremos que hacer es seguir unas sencillas instrucciones que aparecer\u00e1n en pantalla para <strong>solucionar los problemas<\/strong> presentas. Lo primero que hace es analizar la impresora para buscar problemas potenciales y luego nos indicar\u00e1 las soluciones que tenemos a nuestra disposici\u00f3n.<\/li>\n\n\n\n<li><strong>Reinstalaci\u00f3n del software: <\/strong>si todo lo dem\u00e1s falla, simplemente prueba a desinstalar el software de impresi\u00f3n y a volverlo a instalar.<\/li>\n<\/ul>\n<\/div>\n\n\n\n<div class=\"wp-block-column is-layout-flow wp-block-column-is-layout-flow\">\n<figure class=\"wp-block-embed is-type-video is-provider-youtube wp-block-embed-youtube wp-embed-aspect-16-9 wp-has-aspect-ratio\"><div class=\"wp-block-embed__wrapper\">\n<div class=\"nv-iframe-embed\"><iframe loading=\"lazy\" title=\"Soluci\u00f3n de problemas con HP Print and Scan Doctor | Impresoras HP | HP Support\" width=\"1200\" height=\"675\" src=\"https:\/\/www.youtube.com\/embed\/gXYy9AI7O24?feature=oembed\" frameborder=\"0\" allow=\"accelerometer; autoplay; clipboard-write; encrypted-media; gyroscope; picture-in-picture; web-share\" allowfullscreen><\/iframe><\/div>\n<\/div><\/figure>\n<\/div>\n<\/div>\n\n\n\n<p>Con esta completa gu\u00eda podr\u00e1s solucionar los <strong>problemas de impresi\u00f3n m\u00e1s habituales de una <a href=\"https:\/\/quecartucho.es\/blog\/impresoras-hp\/\">impresora HP<\/a><\/strong>.<\/p>\n\n\n\n<p>Si tu problema es un mensaje que dice \u00ab<strong><a href=\"https:\/\/quecartucho.es\/blog\/cartucho-de-impresion-hp-protegido\/\">Cartucho de impresi\u00f3n HP Protegido<\/a><\/strong>\u00bb haz clic en el enlace.<\/p>\n","protected":false},"excerpt":{"rendered":"<p>Hay muchos motivos que podr\u00edan explicar que una impresora HP no imprime. Algunos de los problemas de impresi\u00f3n son intuitivos y relativamente sencillos de solucionar, pero otros no lo son tanto y requieren de ayuda especializada para poder encontrarles una soluci\u00f3n cuanto antes. En este art\u00edculo hemos preparado una serie de secciones en las que&hellip;&nbsp;<a href=\"https:\/\/quecartucho.es\/blog\/la-impresora-hp-no-imprime-como-solucionarlo\/\" rel=\"bookmark\">Leer m\u00e1s &raquo;<span class=\"screen-reader-text\">La impresora HP no imprime \u00bfc\u00f3mo solucionarlo?<\/span><\/a><\/p>\n","protected":false},"author":1,"featured_media":17442,"parent":0,"menu_order":0,"comment_status":"closed","ping_status":"closed","template":"","meta":{"neve_meta_sidebar":"full-width","neve_meta_container":"","neve_meta_enable_content_width":"on","neve_meta_content_width":100,"neve_meta_title_alignment":"","neve_meta_author_avatar":"","neve_post_elements_order":"","neve_meta_disable_header":"","neve_meta_disable_footer":"","neve_meta_disable_title":"","episode_type":"","audio_file":"","podmotor_file_id":"","podmotor_episode_id":"","cover_image":"","cover_image_id":"","duration":"","filesize":"","filesize_raw":"","date_recorded":"","explicit":"","block":"","footnotes":""},"class_list":["post-17437","page","type-page","status-publish","has-post-thumbnail","hentry"],"_links":{"self":[{"href":"https:\/\/quecartucho.es\/blog\/wp-json\/wp\/v2\/pages\/17437","targetHints":{"allow":["GET"]}}],"collection":[{"href":"https:\/\/quecartucho.es\/blog\/wp-json\/wp\/v2\/pages"}],"about":[{"href":"https:\/\/quecartucho.es\/blog\/wp-json\/wp\/v2\/types\/page"}],"author":[{"embeddable":true,"href":"https:\/\/quecartucho.es\/blog\/wp-json\/wp\/v2\/users\/1"}],"replies":[{"embeddable":true,"href":"https:\/\/quecartucho.es\/blog\/wp-json\/wp\/v2\/comments?post=17437"}],"version-history":[{"count":7,"href":"https:\/\/quecartucho.es\/blog\/wp-json\/wp\/v2\/pages\/17437\/revisions"}],"predecessor-version":[{"id":20747,"href":"https:\/\/quecartucho.es\/blog\/wp-json\/wp\/v2\/pages\/17437\/revisions\/20747"}],"wp:featuredmedia":[{"embeddable":true,"href":"https:\/\/quecartucho.es\/blog\/wp-json\/wp\/v2\/media\/17442"}],"wp:attachment":[{"href":"https:\/\/quecartucho.es\/blog\/wp-json\/wp\/v2\/media?parent=17437"}],"curies":[{"name":"wp","href":"https:\/\/api.w.org\/{rel}","templated":true}]}}