{"id":17449,"date":"2022-10-19T16:29:40","date_gmt":"2022-10-19T14:29:40","guid":{"rendered":"https:\/\/quecartucho.es\/blog\/?page_id=17449"},"modified":"2022-10-19T16:29:41","modified_gmt":"2022-10-19T14:29:41","slug":"quien-invento-la-impresora","status":"publish","type":"page","link":"https:\/\/quecartucho.es\/blog\/quien-invento-la-impresora\/","title":{"rendered":"\u00bfQui\u00e9n invent\u00f3 la impresora?"},"content":{"rendered":"\n<p>Las impresoras actuales son el resultado de muchas d\u00e9cadas de evoluci\u00f3n y de perfeccionamiento. Tenemos ante nosotros un tipo de perif\u00e9rico que se caracteriza por ser muy fiable, duradero y resistente.<\/p>\n\n\n\n<p>Algunas tienen un consumo muy reducido y tienen tecnolog\u00edas que no se habr\u00edan imaginado en sus or\u00edgenes (como puede ser la <em><a href=\"https:\/\/quecartucho.es\/blog\/impresoras\/tipos-de-impresoras-segun-su-conectividad\/que-es-wifi-en-mi-impresora-y-para-que-sirve\/\">conectividad WiFi<\/a><\/em>).<\/p>\n\n\n\n<p>\u00bfSabes ya <strong>qui\u00e9n invent\u00f3 la impresora y cuando naci\u00f3<\/strong>? Te invitamos a seguir leyendo para descubrirlo:<\/p>\n\n\n<div id=\"rank-math-faq\" class=\"rank-math-block\">\n<div class=\"rank-math-list \">\n<div id=\"faq-question-1666189747587\" class=\"rank-math-list-item\">\n<h2 class=\"rank-math-question \"><strong>La historia de la impresi\u00f3n: \u00bfQui\u00e9n fue su inventor?<\/strong><\/h2>\n<div class=\"rank-math-answer \">\n<img loading=\"lazy\" decoding=\"async\" width=\"150\" height=\"150\" src=\"https:\/\/quecartucho.es\/blog\/wp-content\/uploads\/2022\/10\/Planos-de-la-impresora-moderna-150x150.jpg\" class=\"alignright\" alt=\"\" title=\"\">\n<p>Lo cierto es que resulta muy dif\u00edcil encontrar a un solo inventor, ya que este puede variar dependiendo de la referencia que se consulte.<\/p>\n<p>Para muchos expertos, el inventor del antepasado de la impresora ser\u00eda <strong><a href=\"https:\/\/es.wikipedia.org\/wiki\/David_Edward_Hughes\" rel=\"nofollow noopener\" target=\"_blank\">David Edward Hughes<\/a><\/strong>. Ser\u00eda en el a\u00f1o <strong>1855<\/strong> cuando crear\u00eda una especie de tel\u00e9grafo que tendr\u00eda la capacidad de hacer transferencias de datos utilizando un <strong>c\u00f3digo perforado<\/strong>. Contaba con un teclado que estaba dispuesto como si se tratase de un piano.<\/p>\n<p>Podr\u00eda entenderse que fue un aparato que, aunque sin ser una impresora, tardar\u00eda derivando en este tipo de perif\u00e9rico.<br \/>Sin embargo, no hablamos de impresora como tal hasta el a\u00f1o <strong>1940<\/strong>. Ser\u00eda en ese momento cuando <strong><a href=\"https:\/\/es.wikipedia.org\/wiki\/Charles_Babbage\" rel=\"nofollow noopener\" target=\"_blank\">Charles Babbage<\/a><\/strong> crear\u00eda los dise\u00f1os de la que ser\u00eda la primera impresora. Contra todo pron\u00f3stico, nunca la pudo ver construida.<\/p>\n<p>50 a\u00f1os despu\u00e9s de que hubiese ideado los planos, estos ser\u00edan recogidos por un grupo de ingenieros que la hicieron posible. Se trataba de un arcaico modelo compuesto por alrededor de <strong>4000 piezas<\/strong> y ten\u00eda un desorbitado peso de unas <strong>2 toneladas<\/strong>. <br \/>Todav\u00eda la podemos ver en el <strong>Museo de Ciencia de Londres<\/strong>.<\/p>\n\n<\/div>\n<\/div>\n<\/div>\n<\/div>\n\n\n<h2 class=\"wp-block-heading\"><strong>\u00bfCu\u00e1ndo nace la impresora?<\/strong><\/h2>\n\n\n\n<p>Despu\u00e9s de que Babbage la dise\u00f1ase en el 1940, la tecnolog\u00eda para desarrollar impresoras evolucion\u00f3 a grandes pasos.<\/p>\n\n\n\n<div class=\"wp-block-columns is-layout-flex wp-container-core-columns-is-layout-9d6595d7 wp-block-columns-is-layout-flex\">\n<div class=\"wp-block-column is-layout-flow wp-block-column-is-layout-flow\">\n<ul class=\"wp-block-list\"><li><strong><a href=\"https:\/\/es.wikipedia.org\/wiki\/Remington_Rand\" rel=\"nofollow noopener\" target=\"_blank\">Remington Rand<\/a><\/strong> crear\u00eda una impresora que podr\u00eda imprimir alrededor de <strong>600 l\u00edneas de texto por minuto<\/strong>, y la llam\u00f3 <strong>UNIVAC High Speed Printer<\/strong>. Esto ocurri\u00f3 en el <strong>1953<\/strong>.<\/li><li>En <strong>1957<\/strong>, la empresa <strong>IBM<\/strong> patenta su propia idea de impresora matricial de puntos. Utilizando un cabezal de impresi\u00f3n, ya tendr\u00eda la capacidad de moverse por el papel de forma lateral. Otro gran cambio se produce en <strong>1959<\/strong> por parte de la misma m\u00e1quina, inventando los <strong>equipos de impresi\u00f3n por l\u00edneas<\/strong>.<\/li><li>En el a\u00f1o <strong>1969<\/strong> se crea la primera <strong><a href=\"https:\/\/quecartucho.es\/blog\/impresoras\/laser-mejor\/impresora l\u00e1ser\">impresora l\u00e1ser<\/a><\/strong> por parte de un ingeniero norteamericano llamado <strong>Gary Stark Weather. <\/strong>Sin embargo, solo era el dise\u00f1o, ya que el primer prototipo tendr\u00eda que esperar hasta <strong>1971<\/strong> para crearse en el centro de investigaci\u00f3n <strong>Xerox<\/strong>. A pesar de su pronta reconstrucci\u00f3n, no se lanzar\u00eda a la venta hasta <strong>1977<\/strong>.<\/li><\/ul>\n<\/div>\n\n\n\n<div class=\"wp-block-column is-layout-flow wp-block-column-is-layout-flow\">\n<figure class=\"wp-block-image size-large\"><img loading=\"lazy\" decoding=\"async\" width=\"1024\" height=\"768\" src=\"https:\/\/quecartucho.es\/blog\/wp-content\/uploads\/2022\/10\/UNIVAC-High-Speed-Printer-1024x768.jpg\" alt=\"UNIVAC High Speed Printer\" class=\"wp-image-17454\" title=\"\" srcset=\"https:\/\/quecartucho.es\/blog\/wp-content\/uploads\/2022\/10\/UNIVAC-High-Speed-Printer-1024x768.jpg 1024w, https:\/\/quecartucho.es\/blog\/wp-content\/uploads\/2022\/10\/UNIVAC-High-Speed-Printer-300x225.jpg 300w, https:\/\/quecartucho.es\/blog\/wp-content\/uploads\/2022\/10\/UNIVAC-High-Speed-Printer-768x576.jpg 768w, https:\/\/quecartucho.es\/blog\/wp-content\/uploads\/2022\/10\/UNIVAC-High-Speed-Printer-150x113.jpg 150w, https:\/\/quecartucho.es\/blog\/wp-content\/uploads\/2022\/10\/UNIVAC-High-Speed-Printer.jpg 1100w\" sizes=\"auto, (max-width: 1024px) 100vw, 1024px\" \/><\/figure>\n<\/div>\n<\/div>\n\n\n\n<p>Ya se hab\u00edan asentado las bases para construir impresoras m\u00e1s potentes. As\u00ed es como empiezan a venderse las impresoras de <strong><a href=\"https:\/\/quecartucho.es\/\">cartuchos de tinta<\/a><\/strong>, perif\u00e9ricos m\u00e1s r\u00e1pidos, en color, con mayor capacidad de carga, y con todo tipo de prestaciones. Al mismo tiempo que esto ocurre, los precios se empiezan a abaratar cada vez m\u00e1s, hasta el punto de que cualquiera podemos tener nuestra propia <a href=\"https:\/\/quecartucho.es\/blog\/impresora-para-el-hogar\/\">impresora en casa<\/a>.<\/p>\n\n\n\n<p>En resumidas cuentas, esta es la <strong>historia de la impresora<\/strong>.<\/p>\n\n\n\n<p>Si quieres saber m\u00e1s sobre la <strong><a href=\"https:\/\/quecartucho.es\/blog\/pequena-evolucion-de-las-impresoras\/\" data-type=\"post\" data-id=\"592\">evoluci\u00f3n de las impresoras<\/a><\/strong>, haz clic en el enlace anterior.<\/p>\n","protected":false},"excerpt":{"rendered":"<p>Las impresoras actuales son el resultado de muchas d\u00e9cadas de evoluci\u00f3n y de perfeccionamiento. Tenemos ante nosotros un tipo de perif\u00e9rico que se caracteriza por ser muy fiable, duradero y resistente. Algunas tienen un consumo muy reducido y tienen tecnolog\u00edas que no se habr\u00edan imaginado en sus or\u00edgenes (como puede ser la conectividad WiFi). \u00bfSabes&hellip;&nbsp;<a href=\"https:\/\/quecartucho.es\/blog\/quien-invento-la-impresora\/\" rel=\"bookmark\">Leer m\u00e1s &raquo;<span class=\"screen-reader-text\">\u00bfQui\u00e9n invent\u00f3 la impresora?<\/span><\/a><\/p>\n","protected":false},"author":1,"featured_media":17455,"parent":0,"menu_order":0,"comment_status":"closed","ping_status":"closed","template":"","meta":{"neve_meta_sidebar":"full-width","neve_meta_container":"","neve_meta_enable_content_width":"on","neve_meta_content_width":100,"neve_meta_title_alignment":"","neve_meta_author_avatar":"","neve_post_elements_order":"","neve_meta_disable_header":"","neve_meta_disable_footer":"","neve_meta_disable_title":"","episode_type":"","audio_file":"","podmotor_file_id":"","podmotor_episode_id":"","cover_image":"","cover_image_id":"","duration":"","filesize":"","filesize_raw":"","date_recorded":"","explicit":"","block":"","footnotes":""},"class_list":["post-17449","page","type-page","status-publish","has-post-thumbnail","hentry"],"_links":{"self":[{"href":"https:\/\/quecartucho.es\/blog\/wp-json\/wp\/v2\/pages\/17449","targetHints":{"allow":["GET"]}}],"collection":[{"href":"https:\/\/quecartucho.es\/blog\/wp-json\/wp\/v2\/pages"}],"about":[{"href":"https:\/\/quecartucho.es\/blog\/wp-json\/wp\/v2\/types\/page"}],"author":[{"embeddable":true,"href":"https:\/\/quecartucho.es\/blog\/wp-json\/wp\/v2\/users\/1"}],"replies":[{"embeddable":true,"href":"https:\/\/quecartucho.es\/blog\/wp-json\/wp\/v2\/comments?post=17449"}],"version-history":[{"count":2,"href":"https:\/\/quecartucho.es\/blog\/wp-json\/wp\/v2\/pages\/17449\/revisions"}],"predecessor-version":[{"id":17457,"href":"https:\/\/quecartucho.es\/blog\/wp-json\/wp\/v2\/pages\/17449\/revisions\/17457"}],"wp:featuredmedia":[{"embeddable":true,"href":"https:\/\/quecartucho.es\/blog\/wp-json\/wp\/v2\/media\/17455"}],"wp:attachment":[{"href":"https:\/\/quecartucho.es\/blog\/wp-json\/wp\/v2\/media?parent=17449"}],"curies":[{"name":"wp","href":"https:\/\/api.w.org\/{rel}","templated":true}]}}