{"id":17519,"date":"2022-10-25T13:13:07","date_gmt":"2022-10-25T11:13:07","guid":{"rendered":"https:\/\/quecartucho.es\/blog\/?page_id=17519"},"modified":"2023-03-31T18:55:28","modified_gmt":"2023-03-31T16:55:28","slug":"como-limpiar-los-cabezales-de-la-impresora-hp","status":"publish","type":"page","link":"https:\/\/quecartucho.es\/blog\/que-es-un-cabezal-de-impresion\/como-limpiar-un-cabezal-de-impresion\/como-limpiar-los-cabezales-de-la-impresora-hp\/","title":{"rendered":"\u00bfC\u00f3mo limpiar los cabezales de la impresora HP"},"content":{"rendered":"\n<p>Si hemos utilizado la impresora bastante tiempo, es normal experimentar algunos <strong>problemas de calidad<\/strong> con la <strong><a href=\"https:\/\/quecartucho.es\/blog\/impresoras-hp\/\">impresora HP<\/a><\/strong>. Por ejemplo, podr\u00edamos encontrar problemas de decoloraci\u00f3n, falta de texto, entre otros problemas.<\/p>\n\n\n\n<p>Puede que lo que est\u00e9 fallando sea el <strong>cabezal<\/strong> de la impresora. Estamos hablando de un componente en donde est\u00e1n alojados los <strong><a href=\"https:\/\/quecartucho.es\/\">cartuchos de tinta<\/a><\/strong>, y estos se pueden obstruir. Incluso, aunque no se usen, la tinta se podr\u00eda secar y provocar la citada obstrucci\u00f3n.<\/p>\n\n\n\n<p>Por fortuna, hay soluci\u00f3n. En este art\u00edculo vamos a detallar todos los pasos que debes dar para solucionar el problema.<\/p>\n\n\n\n<h2 class=\"wp-block-heading\"><strong>C\u00f3mo limpiar los cabezales de impresoras de HP<\/strong><\/h2>\n\n\n\n<p>Con independencia del tipo de cartucho que est\u00e9s utilizando (podr\u00eda ser un cartucho reutilizable, compatible o de marca), existen dos formas de hacer la limpieza.<\/p>\n\n\n\n<h3 class=\"wp-block-heading\"><strong>Usando un software de impresi\u00f3n<\/strong> HP Smart<\/h3>\n\n\n\n<figure class=\"wp-block-embed is-type-video is-provider-youtube wp-block-embed-youtube wp-embed-aspect-16-9 wp-has-aspect-ratio\"><div class=\"wp-block-embed__wrapper\">\n<div class=\"nv-iframe-embed\"><iframe loading=\"lazy\" title=\"\u00bfComo Limpiar los cabezales de la impresora HP desde aplicaci\u00f3n HP Smart?\" width=\"1200\" height=\"675\" src=\"https:\/\/www.youtube.com\/embed\/7EOe-gQVImE?feature=oembed\" frameborder=\"0\" allow=\"accelerometer; autoplay; clipboard-write; encrypted-media; gyroscope; picture-in-picture; web-share\" allowfullscreen><\/iframe><\/div>\n<\/div><\/figure>\n\n\n\n<p>Estos son los pasos a seguir si decides usar el <strong>software de impresi\u00f3n del PC<\/strong>:<\/p>\n\n\n\n<p>1) &nbsp; &nbsp; Accede al software y busca la opci\u00f3n de <strong>limpiar cabezal de impresi\u00f3n<\/strong> en el PC.<\/p>\n\n\n\n<p>2) &nbsp; &nbsp; El proceso tardar\u00e1 algunos minutos. Este tiempo depender\u00e1 del tipo de impresora del que estemos hablando, y de si existe alg\u00fan tipo de problema. Una vez que acabe, el proceso de limpieza deber\u00eda haber concluido con \u00e9xito.<\/p>\n\n\n\n<p>3) \u00a0 \u00a0 Si la obstrucci\u00f3n es muy grande, es posible que tengas que <strong>repetir el proceso<\/strong>. Para ello, vuelve a pulsar sobre la misma funci\u00f3n las veces que lo necesites.<\/p>\n\n\n\n<h3 class=\"wp-block-heading\"><strong>Limpieza manual<\/strong><\/h3>\n\n\n\n<p>Si lo anterior no funciona, entonces no quedar\u00e1 otra que hacer una <strong>limpieza manual<\/strong>. En este supuesto, sigue estos pasos:<\/p>\n\n\n\n<p>1) &nbsp; &nbsp; Abre la tapa de la impresora y desench\u00fafala de la corriente.<\/p>\n\n\n\n<p>2) &nbsp; &nbsp; Extrae cada cartucho de tinta y utiliza un pa\u00f1o ligeramente humedecido para limpiar los contactos.<\/p>\n\n\n\n<p>3) &nbsp; &nbsp; Tambi\u00e9n limpia los contactos del cabezal de impresi\u00f3n.<\/p>\n\n\n\n<p>4) &nbsp; &nbsp; Vuelve a colocar los <a href=\"https:\/\/quecartucho.es\/4336-cartuchos-de-tinta-hp-compatibles\">cartuchos HP<\/a> (no fuerces nada, sino que aseg\u00farate de que se escucha el clic que confirma que est\u00e1n bien colocados).<\/p>\n\n\n\n<p>5) &nbsp; &nbsp; Enchufa la impresora y deja que lleve a cabo la secuencia de inicio automatizada.<\/p>\n\n\n\n<p>6) &nbsp; &nbsp; Para comprobar si la limpieza ha sido un \u00e9xito, pulsa en <strong>imprimir hoja de prueba.<\/strong><\/p>\n\n\n\n<p>7) &nbsp; &nbsp; Como en el caso anterior, si la obstrucci\u00f3n es demasiado intensa no quedar\u00e1 otra que llevar a cabo la limpieza manual un par de veces m\u00e1s.<\/p>\n\n\n\n<p><strong>Importante: <\/strong>conviene recordar que las piezas que se manipulan en este proceso son delicadas. En el caso de que hagas la limpieza por ti mismo\/a, aseg\u00farate de que no provocas ning\u00fan cambio en un cabezal de impresi\u00f3n o en los cartuchos de tinta. Si se da\u00f1an, la \u00fanica forma de solucionar el problema ser\u00e1 acudiendo a un profesional.<\/p>\n\n\n\n<h2 class=\"wp-block-heading\"><strong>Impresoras con cartuchos con cabezal<\/strong><\/h2>\n\n\n\n<p>Podr\u00eda darse el caso de que los dos procesos anteriores no hayan funcionado para <strong>limpiar los cartuchos con cabezal<\/strong>. Puedes probar con esto:<\/p>\n\n\n\n<ul class=\"wp-block-list\">\n<li><strong>Repite el proceso: <\/strong>puede ser necesario reproducir la funci\u00f3n de limpieza entre <strong>5 y 10 veces<\/strong> hasta que veamos alg\u00fan resultado. Tambi\u00e9n puede ser necesario repetir el proceso en el caso de limpieza manual.<\/li>\n\n\n\n<li><strong>Ablandar la tinta: <\/strong>si el atasco es muy grave, puede que el proceso anterior no sirva para nada. En este caso, podemos probar a extraer el cartucho y humedecer ligeramente un pa\u00f1o para frotarlo por la parte en donde sale la tinta. Si notamos que el pa\u00f1o se empieza a manchar ser\u00e1 una buena se\u00f1al, ya que indicar\u00e1 que la obstrucci\u00f3n se ha solucionado. Simplemente, habr\u00eda que secarlo e imprimirlo un par de veces para que se le quite la humedad.<\/li>\n\n\n\n<li><strong>Prueba con alcohol isoprop\u00edlico:<\/strong> extrae los cartuchos y aplica unas 7-8 gotas de alcohol isoprop\u00edlico, en el contenedor de tinta. Pulsa en la opci\u00f3n de <strong>autolimpieza<\/strong> nuevamente. Los expertos recomiendan apagar y desconectar la impresora por la noche, volver a encenderla por la ma\u00f1ana y pulsar en autolimpieza al d\u00eda siguiente.<\/li>\n\n\n\n<li><strong>Sumerge el cabezal en agua caliente: <\/strong>el agua caliente tambi\u00e9n puede ser un interesante recurso para acabar con el atasco. Lo tienes que sumergir en agua (de tal forma que no llegue a los contactos) y dejarlo as\u00ed durante un buen rato. Seca la zona de impresi\u00f3n usando una toalla de papel y vuelve a activar la funci\u00f3n de autolimpieza.<\/li>\n<\/ul>\n\n\n\n<h2 class=\"wp-block-heading\"><strong>Impresoras con cartuchos sin cabezal<\/strong><\/h2>\n\n\n\n<p>Dependiendo del fabricante o del modelo, es posible que los cartuchos est\u00e9n integrados en la propia impresora (algo que suele ser muy com\u00fan en algunos modelos de<strong> HP<\/strong>).<\/p>\n\n\n\n<p>La gran ventaja que tienen los <a href=\"https:\/\/quecartucho.es\/blog\/que-es-un-cabezal-de-impresion\/\">cartuchos con cabezal<\/a> HP es que no habr\u00e1 que alinear el cabezal, por lo que la probabilidad de que se estropeen es muy baja. Sin embargo, tendr\u00e1s que comprar un nuevo cabezal cada vez que se cambia el cartucho de tinta, lo que hace que el precio se pueda disparar.<\/p>\n\n\n\n<p>Estas son las 3 alternativas que debemos seguir para <strong>limpiar los cabezales con cartuchos sin cabezal:<\/strong><\/p>\n\n\n\n<ul class=\"wp-block-list\">\n<li><strong>Panel de control de la impresora: <\/strong>haz un test de inyectores y despu\u00e9s ejecuta la funci\u00f3n de limpieza.<\/li>\n\n\n\n<li><strong>Hp Solution center: <\/strong>es una herramienta incluida en el paquete de software de la impresora. Simplemente tendr\u00e1s que ejecutarlo y pulsar sobre <strong>limpiar<\/strong> para que empiece a funcionar.<\/li>\n\n\n\n<li><strong>Manualmente: <\/strong>tambi\u00e9n puedes seguir el proceso de forma manual. B\u00e1sicamente, tendremos que hacer lo mismo que en el primer punto, en el apartado de <strong>limpieza manual<\/strong>. Ten mucho cuidado con las piezas mec\u00e1nicas, ya que podr\u00edas llegar a estropear el cartucho y la propia impresora.<\/li>\n<\/ul>\n\n\n\n<p>Estas 3 f\u00f3rmulas son las m\u00e1s efectivas para limpiar cartuchos sin cabezal.<\/p>\n\n\n\n<h2 class=\"wp-block-heading\"><strong>Impresoras de dep\u00f3sitos de tinta HP SMART TANK<\/strong><\/h2>\n\n\n\n<p>La tecnolog\u00eda <strong>HP Smart Tank<\/strong> se presenta como una aut\u00e9ntica revoluci\u00f3n para el momento. Sin embargo, como puede ocurrir con cualquier otra, tambi\u00e9n pueden producirse importantes problemas de impresi\u00f3n. Uno de los m\u00e1s habituales est\u00e1 relacionado con una obstrucci\u00f3n en dichos dep\u00f3sitos.<\/p>\n\n\n\n<p>La marca siempre nos recomienda usar <strong>tintas y cabezales de impresi\u00f3n HP originales<\/strong> (de lo contrario, no se puede garantizar su calidad y confiabilidad). Aunque eso no es vedad y las <a href=\"https:\/\/quecartucho.es\/16333-botellas-de-tinta-hp\">botellas de tinta HP<\/a> como las que vendemos en Quecartucho van a funcionar igual de bien.<\/p>\n\n\n\n<p>La forma m\u00e1s sencilla de arreglar un atasco de papel es utilizando el <strong>software de impresi\u00f3n<\/strong>. Sin embargo, dependiendo de si estamos utilizando el sistema operativo <strong>Windows o Mac<\/strong>, los pasos pueden ser diferentes.<\/p>\n\n\n\n<h3 class=\"wp-block-heading\"><strong>Windows<\/strong><\/h3>\n\n\n\n<p>1) &nbsp; &nbsp; Accede a la carpeta de HP y pulsa en <strong>asistente de impresoras HP<\/strong>.<\/p>\n\n\n\n<p>2) &nbsp; &nbsp; Marca en<strong> mantenimiento de la impresora<\/strong>.<\/p>\n\n\n\n<p>3) &nbsp; &nbsp; Pulsa en <strong>servicios del dispositivo<\/strong> y luego en <strong>Limpiar cartuchos de tinta<\/strong>.<\/p>\n\n\n\n<p>4) &nbsp; &nbsp; Cuando el proceso haya terminado, se imprimir\u00e1 una p\u00e1gina de prueba.<\/p>\n\n\n\n<ol class=\"wp-block-list\">\n<li>&nbsp; &nbsp; En el caso de que la calidad sea <strong>aceptable<\/strong>, tan solo pulsa en <strong>Listo<\/strong> y habr\u00e1s completado el proceso.<\/li>\n\n\n\n<li>&nbsp; &nbsp; Si la calidad es <strong>inaceptable<\/strong>, pulsa en<strong> Limpieza de Nivel<\/strong> <strong>2<\/strong>. As\u00ed se iniciar\u00e1 un proceso m\u00e1s detallado.<\/li>\n<\/ol>\n\n\n\n<h3 class=\"wp-block-heading\"><strong>Mac<\/strong><\/h3>\n\n\n\n<p>1) &nbsp; &nbsp; Accede a <strong>impresoras y esc\u00e1neres<\/strong>, pulsa en el <strong>nombre de la impresora<\/strong> y marca en <strong>Abrir cola de impresi\u00f3n<\/strong>.<\/p>\n\n\n\n<p>2) &nbsp; &nbsp; Marca <strong>Configuraci\u00f3n de la impresora -&gt; Utilidad -&gt; Abrir utilidad de la impresora<\/strong>.<\/p>\n\n\n\n<p>3) &nbsp; &nbsp; Pulsa en <strong>Limpiar Cabezales de impresi\u00f3n<\/strong>.<\/p>\n\n\n\n<p>4) &nbsp; &nbsp; Una vez que haya terminado el ciclo de limpieza, pulsa en <strong>imprimir<\/strong>.<\/p>\n\n\n\n<p>5) &nbsp; &nbsp; Eval\u00faa la calidad de la impresi\u00f3n; si todo va bien, pulsa en <strong>listo<\/strong> y se habr\u00e1 solucionado el problema.<\/p>\n\n\n\n<p>Si todo lo anterior falla, la \u00fanica opci\u00f3n ser\u00e1 <strong>comprar un nuevo cartucho<\/strong>. Si quieres conservar los que te est\u00e1n dando problemas, la \u00fanica forma de arreglarlos ser\u00e1 llev\u00e1ndolo a un servicio t\u00e9cnico profesional.<\/p>\n","protected":false},"excerpt":{"rendered":"<p>Si hemos utilizado la impresora bastante tiempo, es normal experimentar algunos problemas de calidad con la impresora HP. Por ejemplo, podr\u00edamos encontrar problemas de decoloraci\u00f3n, falta de texto, entre otros problemas. Puede que lo que est\u00e9 fallando sea el cabezal de la impresora. Estamos hablando de un componente en donde est\u00e1n alojados los cartuchos de&hellip;&nbsp;<a href=\"https:\/\/quecartucho.es\/blog\/que-es-un-cabezal-de-impresion\/como-limpiar-un-cabezal-de-impresion\/como-limpiar-los-cabezales-de-la-impresora-hp\/\" rel=\"bookmark\">Leer m\u00e1s &raquo;<span class=\"screen-reader-text\">\u00bfC\u00f3mo limpiar los cabezales de la impresora HP<\/span><\/a><\/p>\n","protected":false},"author":1,"featured_media":17521,"parent":6322,"menu_order":0,"comment_status":"closed","ping_status":"closed","template":"","meta":{"neve_meta_sidebar":"full-width","neve_meta_container":"","neve_meta_enable_content_width":"on","neve_meta_content_width":100,"neve_meta_title_alignment":"","neve_meta_author_avatar":"","neve_post_elements_order":"","neve_meta_disable_header":"","neve_meta_disable_footer":"","neve_meta_disable_title":"","episode_type":"","audio_file":"","podmotor_file_id":"","podmotor_episode_id":"","cover_image":"","cover_image_id":"","duration":"","filesize":"","filesize_raw":"","date_recorded":"","explicit":"","block":"","footnotes":""},"class_list":["post-17519","page","type-page","status-publish","has-post-thumbnail","hentry"],"_links":{"self":[{"href":"https:\/\/quecartucho.es\/blog\/wp-json\/wp\/v2\/pages\/17519","targetHints":{"allow":["GET"]}}],"collection":[{"href":"https:\/\/quecartucho.es\/blog\/wp-json\/wp\/v2\/pages"}],"about":[{"href":"https:\/\/quecartucho.es\/blog\/wp-json\/wp\/v2\/types\/page"}],"author":[{"embeddable":true,"href":"https:\/\/quecartucho.es\/blog\/wp-json\/wp\/v2\/users\/1"}],"replies":[{"embeddable":true,"href":"https:\/\/quecartucho.es\/blog\/wp-json\/wp\/v2\/comments?post=17519"}],"version-history":[{"count":4,"href":"https:\/\/quecartucho.es\/blog\/wp-json\/wp\/v2\/pages\/17519\/revisions"}],"predecessor-version":[{"id":19007,"href":"https:\/\/quecartucho.es\/blog\/wp-json\/wp\/v2\/pages\/17519\/revisions\/19007"}],"up":[{"embeddable":true,"href":"https:\/\/quecartucho.es\/blog\/wp-json\/wp\/v2\/pages\/6322"}],"wp:featuredmedia":[{"embeddable":true,"href":"https:\/\/quecartucho.es\/blog\/wp-json\/wp\/v2\/media\/17521"}],"wp:attachment":[{"href":"https:\/\/quecartucho.es\/blog\/wp-json\/wp\/v2\/media?parent=17519"}],"curies":[{"name":"wp","href":"https:\/\/api.w.org\/{rel}","templated":true}]}}