{"id":17571,"date":"2022-10-26T13:31:53","date_gmt":"2022-10-26T11:31:53","guid":{"rendered":"https:\/\/quecartucho.es\/blog\/?page_id=17571"},"modified":"2023-09-04T18:21:26","modified_gmt":"2023-09-04T16:21:26","slug":"partes-de-una-impresora","status":"publish","type":"page","link":"https:\/\/quecartucho.es\/blog\/partes-de-una-impresora\/","title":{"rendered":"Partes de una impresora"},"content":{"rendered":"\n<div class=\"wp-block-columns is-layout-flex wp-container-core-columns-is-layout-9d6595d7 wp-block-columns-is-layout-flex\">\n<div class=\"wp-block-column is-layout-flow wp-block-column-is-layout-flow\">\n<p>Tanto si aspiras a convertirte en un t\u00e9cnico de soporte, como si simplemente quieres saber el funcionamiento de las cosas, es posible que te preguntes por las diferentes <strong>partes de una impresora<\/strong>, ya que as\u00ed tendr\u00e1s una idea m\u00e1s acertada sobre su funcionamiento.<\/p>\n\n\n\n<p>Lo cierto es que existen muchos modelos de <a href=\"https:\/\/quecartucho.es\/blog\/impresoras\/multifuncion\/\">impresoras multifuncionales<\/a> (que son los modelos m\u00e1s comunes en el mercado); sin embargo, en este art\u00edculo nos vamos a centrar en las piezas m\u00e1s habituales, que son aquellas que est\u00e1n contenidas en la gran mayor\u00eda de las impresoras disponibles en el mercado.<\/p>\n\n\n\n<p>Sigue leyendo para descubrirlas.<\/p>\n<\/div>\n\n\n\n<div class=\"wp-block-column is-layout-flow wp-block-column-is-layout-flow\">\n<figure class=\"wp-block-image size-large\"><img loading=\"lazy\" decoding=\"async\" width=\"1024\" height=\"576\" src=\"https:\/\/quecartucho.es\/blog\/wp-content\/uploads\/2022\/10\/Parte-de-una-impresora-1024x576.jpeg\" alt=\"\" class=\"wp-image-17577\" title=\"\" srcset=\"https:\/\/quecartucho.es\/blog\/wp-content\/uploads\/2022\/10\/Parte-de-una-impresora-1024x576.jpeg 1024w, https:\/\/quecartucho.es\/blog\/wp-content\/uploads\/2022\/10\/Parte-de-una-impresora-300x169.jpeg 300w, https:\/\/quecartucho.es\/blog\/wp-content\/uploads\/2022\/10\/Parte-de-una-impresora-768x432.jpeg 768w, https:\/\/quecartucho.es\/blog\/wp-content\/uploads\/2022\/10\/Parte-de-una-impresora-1536x864.jpeg 1536w, https:\/\/quecartucho.es\/blog\/wp-content\/uploads\/2022\/10\/Parte-de-una-impresora-150x84.jpeg 150w, https:\/\/quecartucho.es\/blog\/wp-content\/uploads\/2022\/10\/Parte-de-una-impresora.jpeg 1920w\" sizes=\"auto, (max-width: 1024px) 100vw, 1024px\" \/><\/figure>\n<\/div>\n<\/div>\n\n\n<div id=\"rank-math-faq\" class=\"rank-math-block\">\n<div class=\"rank-math-list \">\n<div id=\"faq-question-1666783383257\" class=\"rank-math-list-item\">\n<h2 class=\"rank-math-question \"><strong>\u00bfCu\u00e1les son las partes de una impresora?<\/strong><\/h2>\n<div class=\"rank-math-answer \">\n<img loading=\"lazy\" decoding=\"async\" width=\"300\" height=\"223\" src=\"https:\/\/quecartucho.es\/blog\/wp-content\/uploads\/2022\/10\/\u00bfCuales-son-las-partes-de-una-impresora-300x223.png\" class=\"alignright\" alt=\"\u00bfCu\u00e1les son las partes de una impresora?\" title=\"\">\n<p>Lo cierto es que una impresora multifuncional tiene un mecanismo mucho m\u00e1s sencillo de lo que parece. Su mecanismo de alimentaci\u00f3n de papel est\u00e1 formado por una serie de rodillos que se accionan gracias a la energ\u00eda que logra producir un <strong>motor el\u00e9ctrico interno<\/strong>.<\/p>\n<p>La <a href=\"https:\/\/quecartucho.es\/\"><strong>tinta<\/strong><\/a> se mover\u00e1 a trav\u00e9s de un circuito que est\u00e1 impulsado mediante una bomba de vac\u00edo. La mayor\u00eda de las piezas del cartucho est\u00e1n compuestas por partes mec\u00e1nicas, pero no son muy enrevesadas ni tienen una tecnolog\u00eda avanzada.<\/p>\n<p>Con relaci\u00f3n a la parte electr\u00f3nica de la impresora, estamos hablando de una <strong>placa <\/strong>peque\u00f1a, de unos 20 cent\u00edmetros aproximadamente. Esta se encuentra integrada con <strong>procesadores de memoria Flash<\/strong>, por una CPU que integra el propio fabricante, as\u00ed como por un controlador para <strong>Ethernet<\/strong> o <strong>USB<\/strong> que permite gestionar los motores del cabezal, la bomba de vac\u00edo, as\u00ed como la tracci\u00f3n del papel.<br \/>La placa tiene la labor de controlar los sensores del papel, las bandejas, el estado en el que se encuentra cada cartucho, esc\u00e1ner, cabezal de impresi\u00f3n, panel frontal, entre otros criterios de importancia.<\/p>\n<p>Vamos a definir las <strong>partes de una impresora<\/strong> m\u00e1s importantes:<\/p>\n\n<\/div>\n<\/div>\n<\/div>\n<\/div>\n\n\n<h3 class=\"wp-block-heading\"><strong>1.<\/strong> &nbsp; &nbsp; <strong>Cabezal<\/strong><\/h3>\n\n\n\n<p>El <strong><a href=\"https:\/\/quecartucho.es\/blog\/que-es-un-cabezal-de-impresion\/\">cabezal<\/a><\/strong> es una de las piezas m\u00e1s importantes que podemos encontrar en una impresora multifuncional, adem\u00e1s de ser una de las m\u00e1s complicadas por tener una estructura avanzada.<\/p>\n\n\n\n<p>Si analizamos este elemento con detalle, nos daremos cuenta de que se trata de una placa compuesta por una larga serie de microperforaciones (depender\u00e1 del modelo, pero se cuentan por miles). Estas hendiduras funcionan como inyectores, permitiendo que la tinta sea expulsada a trav\u00e9s de impulsos el\u00e9ctricos muy precisos.<\/p>\n\n\n\n<div class=\"wp-block-columns is-layout-flex wp-container-core-columns-is-layout-9d6595d7 wp-block-columns-is-layout-flex\">\n<div class=\"wp-block-column is-layout-flow wp-block-column-is-layout-flow\">\n<p>Para conseguir la m\u00e1xima precisi\u00f3n a la hora de imprimir se utiliza un <strong>sensor infrarrojo<\/strong> y una sencilla <strong>cinta de pl\u00e1stico transparente<\/strong> (la cinta estar\u00e1 dispuesta en ambos extremos del carril).<\/p>\n\n\n\n<p>No podemos olvidarnos de otro aspecto b\u00e1sico del cabezal, y es el <strong>sistema de limpieza<\/strong>: tal y como su nombre indica, se utiliza para limpiar la tinta que se expulsa, pero tambi\u00e9n es una pieza que sirve para que el cabezal descanse cuando no se est\u00e1 usando.<\/p>\n\n\n\n<p>La limpieza es un proceso que se lleva a cabo de forma autom\u00e1tica (al encender y apagar el equipo) o de forma manual (tambi\u00e9n la puede solicitar el propio usuario).<\/p>\n\n\n\n<p>Como dato de inter\u00e9s, en algunas impresoras de inyecci\u00f3n de tinta no est\u00e1 integrado el cabezal en la impresora, sino en los cartuchos (esto suele pasar con las impresoras de la marca <strong>Canon<\/strong> y <strong>HP<\/strong>).<\/p>\n<\/div>\n\n\n\n<div class=\"wp-block-column is-layout-flow wp-block-column-is-layout-flow\">\n<figure class=\"wp-block-image size-full\"><img loading=\"lazy\" decoding=\"async\" width=\"450\" height=\"450\" src=\"https:\/\/quecartucho.es\/blog\/wp-content\/uploads\/2022\/10\/cabezal-de-impresion.jpg\" alt=\"cabezal de impresion\" class=\"wp-image-17580\" title=\"\" srcset=\"https:\/\/quecartucho.es\/blog\/wp-content\/uploads\/2022\/10\/cabezal-de-impresion.jpg 450w, https:\/\/quecartucho.es\/blog\/wp-content\/uploads\/2022\/10\/cabezal-de-impresion-300x300.jpg 300w, https:\/\/quecartucho.es\/blog\/wp-content\/uploads\/2022\/10\/cabezal-de-impresion-150x150.jpg 150w, https:\/\/quecartucho.es\/blog\/wp-content\/uploads\/2022\/10\/cabezal-de-impresion-120x120.jpg 120w, https:\/\/quecartucho.es\/blog\/wp-content\/uploads\/2022\/10\/cabezal-de-impresion-96x96.jpg 96w\" sizes=\"auto, (max-width: 450px) 100vw, 450px\" \/><\/figure>\n<\/div>\n<\/div>\n\n\n\n<h3 class=\"wp-block-heading\"><strong>2.<\/strong> &nbsp; &nbsp; <strong>Entrada de papel<\/strong><\/h3>\n\n\n\n<p>Esta pieza no es muy diferente en los diferentes tipos de impresoras disponibles en el mercado. Se puede considerar un elemento clave del <strong>alimentador superior de papel de la impresora<\/strong>.<\/p>\n\n\n\n<p>Es otro elemento simple; se trata de un rodillo de goma que tiene la capacidad de girar a la vez que la bandeja est\u00e1 ejerciendo una determinada fuerza contra el mismo. Con esta acci\u00f3n se puede crear el efecto de <em>atrapar<\/em> una hoja de papel, para poder llevar a cabo la impresi\u00f3n en cuesti\u00f3n.<\/p>\n\n\n\n<p>El <strong>sistema de entrada de papel<\/strong> se complementa con otros elementos, como pueden ser sensores que permite detectar cuando hay o no hojas, el estado de la bandeja, entre otros criterios.<\/p>\n\n\n\n<p>Tambi\u00e9n es interesante hacer menci\u00f3n a las bandejas. Las impresoras suelen estar compuestas por 2 bandejas:<\/p>\n\n\n\n<ul class=\"wp-block-list\">\n<li><strong>Bandeja de carga: <\/strong>es d\u00f3nde se deja el papel blanco, para poder imprimirlo m\u00e1s adelante.<\/li>\n\n\n\n<li><strong>Bandeja de salida: <\/strong>en d\u00f3nde se ir\u00e1n acumulando los folios que ya se han impreso, evitando que se caigan al suelo.<\/li>\n<\/ul>\n\n\n\n<h3 class=\"wp-block-heading\"><strong>3.<\/strong> &nbsp; &nbsp; <strong>Bomba de vac\u00edo<\/strong><\/h3>\n\n\n\n<p>Tal y como hemos indicado, la <strong>bomba de vac\u00edo<\/strong> es un componente que se puede localizar en la parte inferior del cabezal. Funciona emitiendo una succi\u00f3n a intervalos gracias a la existencia de un circuito neum\u00e1tico.; lo que consigue es que la tinta salga y se impulsada hacia a las tuber\u00edas utilizando el poder de las bombas de vac\u00edo.<\/p>\n\n\n\n<p>As\u00ed es como la tinta llegar\u00e1 desde los cartuchos al cabezal para acabar en el documento. Si esta pieza no estuviese, o se encontrase en mal estado, la impresi\u00f3n no ser\u00eda posible en ning\u00fan caso.<\/p>\n\n\n\n<h3 class=\"wp-block-heading\"><strong>4.<\/strong> &nbsp; &nbsp; <strong>Dep\u00f3sito de tinta<\/strong><\/h3>\n\n\n\n<p>\u00bfQu\u00e9 ocurre con la tinta que se ha limpiado del cabezal en las operaciones de limpieza autom\u00e1ticas o manuales? Va a parar a un <strong>dep\u00f3sito de tinta<\/strong>.<\/p>\n\n\n\n<p>No es tan sofisticado, ni grande, como cabr\u00eda esperarse: de hecho, se trata de un tubo y una bomba que est\u00e1n conectados al mecanismo de limpieza; as\u00ed es como desplazan la tinta sobrante para evitar que llegue a cualquier otro lugar de la impresora.<\/p>\n\n\n\n<p>En su interior hay una esponja que se encarga de absorber la tinta. En principio, se trata de un material que no se sustituye, aunque da para miles de ciclos de limpieza.<\/p>\n\n\n<div class=\"wp-block-image\">\n<figure class=\"aligncenter size-full\"><img loading=\"lazy\" decoding=\"async\" width=\"1000\" height=\"650\" src=\"https:\/\/quecartucho.es\/blog\/wp-content\/uploads\/2022\/10\/Deposito-de-tinta-o-tanque-de-mantenimiento-compatible-y-original-en-impresora-Epson.jpg\" alt=\"Dep\u00f3sito de tinta o tanque de mantenimiento compatible y original en impresora Epson\" class=\"wp-image-17584\" title=\"\" srcset=\"https:\/\/quecartucho.es\/blog\/wp-content\/uploads\/2022\/10\/Deposito-de-tinta-o-tanque-de-mantenimiento-compatible-y-original-en-impresora-Epson.jpg 1000w, https:\/\/quecartucho.es\/blog\/wp-content\/uploads\/2022\/10\/Deposito-de-tinta-o-tanque-de-mantenimiento-compatible-y-original-en-impresora-Epson-300x195.jpg 300w, https:\/\/quecartucho.es\/blog\/wp-content\/uploads\/2022\/10\/Deposito-de-tinta-o-tanque-de-mantenimiento-compatible-y-original-en-impresora-Epson-768x499.jpg 768w, https:\/\/quecartucho.es\/blog\/wp-content\/uploads\/2022\/10\/Deposito-de-tinta-o-tanque-de-mantenimiento-compatible-y-original-en-impresora-Epson-150x98.jpg 150w\" sizes=\"auto, (max-width: 1000px) 100vw, 1000px\" \/><figcaption class=\"wp-element-caption\">Dep\u00f3sito de tinta o tanque de mantenimiento compatible y original en impresora Epson<\/figcaption><\/figure>\n<\/div>\n\n\n<h3 class=\"wp-block-heading\"><strong>5.<\/strong> &nbsp; &nbsp; <strong>Panel de control<\/strong><\/h3>\n\n\n\n<p>Cualquier impresora funciona gracias a la presencia de un <strong>microordenador<\/strong> que act\u00faa como si fuese el cerebro del perif\u00e9rico. Tiene la labor de procesar toda la informaci\u00f3n que recibe del ordenador para transformarla en un documento impreso.<\/p>\n\n\n\n<p>Este mini ordenador puede llevar a cabo su cometido gracias a que cuenta con recursos como <strong>unidad de memoria, procesador y mainboard<\/strong> (este \u00faltimo es el elemento que se encarga de interconectar todos los dem\u00e1s).<\/p>\n\n\n\n<p>A diferencia de las caracter\u00edsticas que tiene un ordenador convencional, este microordenador no es ampliable en ninguno de sus componentes.<\/p>\n\n\n\n<h3 class=\"wp-block-heading\"><strong>6.<\/strong> &nbsp; &nbsp; <strong>Otros componentes<\/strong><\/h3>\n\n\n\n<p>Adem\u00e1s de los componentes anteriores, existen otros que se deben tener presentes:<\/p>\n\n\n\n<ul class=\"wp-block-list\">\n<li><strong>Conexiones: <\/strong>son las tipolog\u00edas que permiten conectar la impresora con diferentes perif\u00e9ricos. Por ejemplo, podr\u00edamos estar hablando de <strong>USB, puerto paralelo, conexi\u00f3n WiFi<\/strong> o <strong>Bluetooth<\/strong>.<\/li>\n\n\n\n<li><strong>Motor de posicionamiento de cabezal de impresi\u00f3n: <\/strong>esta pieza consigue que el carro de impresi\u00f3n se pueda reemplazar (este se encuentra formado por el cabezal y los cartuchos de impresora). As\u00ed, puede llegar tanto a la derecha como&nbsp; a la izquierda, dependiendo de lo que se necesite en cada momento.<\/li>\n\n\n\n<li><strong>Cubierta de impresora: <\/strong>es una pieza, normalmente de pl\u00e1stico, que envuelve a la impresora y la protege de cualquier golpe al sistema el\u00e9ctrico, de la entrada de polvo, entre otros elementos.<\/li>\n\n\n\n<li><strong>Botones: <\/strong>los botones nos permiten interactuar con la impresora; por ejemplo, podemos imprimir o escanear. Las impresoras m\u00e1s avanzadas pueden tener una <strong>pantalla LCD<\/strong> desde la que se puede acceder a diferentes configuraciones; incluso, hasta podr\u00edamos estar hablando de una pantalla t\u00e1ctil.<\/li>\n\n\n\n<li><strong>Cartuchos de tinta: <\/strong>por supuesto, los cartuchos de tinta son imprescindibles para imprimir. Est\u00e1n compuestos por tinta l\u00edquida, que es un l\u00edquido pigmentado  responsable de que las impresiones tengan color. Tambi\u00e9n reciben el nombre de <strong>consumibles<\/strong> debido a que tienen que reponerse una vez se terminen.<\/li>\n<\/ul>\n\n\n\n<p>Estas son las principales <strong>partes de una impresora<\/strong> y sus funciones.<\/p>\n\n\n\n<p class=\"has-text-align-center\">Puede que tambi\u00e9n te interese <a href=\"https:\/\/quecartucho.es\/blog\/conociendo-funciona-nuestra-impresora\/\"><strong>\u00bfC\u00f3mo funciona nuestra impresora?<\/strong><\/a><\/p>\n\n\n\n<p><\/p>\n\n\n\n<p><\/p>\n\n\n\n<h2 class=\"wp-block-heading\">Partes de una impresora l\u00e1ser<\/h2>\n\n\n\n<p>Una impresora l\u00e1ser consta de varias partes y componentes esenciales que trabajan juntos para crear impresiones de alta calidad. Aqu\u00ed hay una descripci\u00f3n de las partes principales de una impresora l\u00e1ser:<\/p>\n\n\n\n<figure class=\"wp-block-image size-large\"><img loading=\"lazy\" decoding=\"async\" width=\"1024\" height=\"584\" src=\"https:\/\/quecartucho.es\/blog\/wp-content\/uploads\/2023\/09\/Partes-de-una-impresora-laser-1024x584.jpg\" alt=\"Partes de una impresora l\u00e1ser\" class=\"wp-image-20561\" title=\"\" srcset=\"https:\/\/quecartucho.es\/blog\/wp-content\/uploads\/2023\/09\/Partes-de-una-impresora-laser-1024x584.jpg 1024w, https:\/\/quecartucho.es\/blog\/wp-content\/uploads\/2023\/09\/Partes-de-una-impresora-laser-300x171.jpg 300w, https:\/\/quecartucho.es\/blog\/wp-content\/uploads\/2023\/09\/Partes-de-una-impresora-laser-768x438.jpg 768w, https:\/\/quecartucho.es\/blog\/wp-content\/uploads\/2023\/09\/Partes-de-una-impresora-laser-1536x876.jpg 1536w, https:\/\/quecartucho.es\/blog\/wp-content\/uploads\/2023\/09\/Partes-de-una-impresora-laser.jpg 1600w\" sizes=\"auto, (max-width: 1024px) 100vw, 1024px\" \/><\/figure>\n\n\n\n<ol class=\"wp-block-list\">\n<li><strong>Tambor Fotosensible<\/strong>: El tambor fotosensible es una parte cr\u00edtica de una impresora l\u00e1ser. Es un cilindro que normalmente est\u00e1 hecho de un material fotosensible, como selenio o silicio. Este tambor se carga el\u00e9ctricamente y recibe la imagen que se va a imprimir mediante un l\u00e1ser o un LED.<\/li>\n\n\n\n<li><strong>L\u00e1ser o LED<\/strong>: El l\u00e1ser o el diodo emisor de luz (LED) se utilizan para escribir la imagen en el tambor fotosensible. El l\u00e1ser o el LED escanean la superficie del tambor de acuerdo con la imagen que se va a imprimir, cargando el\u00e9ctricamente partes espec\u00edficas del tambor.<\/li>\n\n\n\n<li><strong>Unidad de Revelado<\/strong>: Esta unidad es responsable de aplicar el <strong><a href=\"https:\/\/quecartucho.es\/16393-toneres\" data-type=\"link\" data-id=\"https:\/\/quecartucho.es\/16393-toneres\">t\u00f3ner<\/a><\/strong> al tambor fotosensible. El t\u00f3ner es un polvo fino que contiene pigmentos de color y se adhiere a las \u00e1reas cargadas el\u00e9ctricamente en el tambor.<\/li>\n\n\n\n<li><strong>Unidad de Transferencia<\/strong>: Despu\u00e9s de que el t\u00f3ner se adhiere al tambor, la unidad de transferencia transfiere la imagen del tambor al papel. Utiliza una carga el\u00e9ctrica opuesta para atraer el t\u00f3ner del tambor al papel.<\/li>\n\n\n\n<li><strong>Fusor<\/strong>: El fusor es una parte cr\u00edtica que se encarga de fundir el t\u00f3ner en el papel. Aplica calor y presi\u00f3n al papel para que el t\u00f3ner se adhiera permanentemente a la superficie del papel.<\/li>\n\n\n\n<li><strong>Bandeja de Papel<\/strong>: Aqu\u00ed es donde se coloca el papel para ser impreso. Las impresoras l\u00e1ser pueden tener una o varias bandejas de papel para acomodar diferentes tama\u00f1os y tipos de papel.<\/li>\n\n\n\n<li><strong>Unidad de Alimentaci\u00f3n de Papel<\/strong>: Esta unidad se encarga de alimentar el papel desde la bandeja hacia el \u00e1rea de impresi\u00f3n, donde se encuentra el tambor y el fusor.<\/li>\n\n\n\n<li><strong>Controlador de Impresora<\/strong>: El controlador de impresora es el software que gestiona la impresi\u00f3n. Convierte los datos digitales en una imagen que se puede imprimir y env\u00eda comandos a la impresora para controlar su funcionamiento.<\/li>\n\n\n\n<li><strong>Panel de Control<\/strong>: El panel de control es la interfaz de usuario de la impresora. Permite al usuario configurar las opciones de impresi\u00f3n, como el n\u00famero de copias, la calidad de impresi\u00f3n y otros ajustes.<\/li>\n\n\n\n<li><strong>Conexiones y Puertos<\/strong>: Las impresoras l\u00e1ser suelen tener puertos de conexi\u00f3n, como USB, Ethernet o Wi-Fi, para conectarse a computadoras u otros dispositivos desde los cuales se env\u00edan los trabajos de impresi\u00f3n.<\/li>\n<\/ol>\n\n\n\n<p>Estas son las partes principales de una impresora l\u00e1ser, aunque algunas impresoras l\u00e1ser de alta gama pueden tener caracter\u00edsticas adicionales o componentes especializados para funciones espec\u00edficas, como la impresi\u00f3n a doble cara o la gesti\u00f3n de colores precisos.<\/p>\n","protected":false},"excerpt":{"rendered":"<p>Tanto si aspiras a convertirte en un t\u00e9cnico de soporte, como si simplemente quieres saber el funcionamiento de las cosas, es posible que te preguntes por las diferentes partes de una impresora, ya que as\u00ed tendr\u00e1s una idea m\u00e1s acertada sobre su funcionamiento. Lo cierto es que existen muchos modelos de impresoras multifuncionales (que son&hellip;&nbsp;<a href=\"https:\/\/quecartucho.es\/blog\/partes-de-una-impresora\/\" rel=\"bookmark\">Leer m\u00e1s &raquo;<span class=\"screen-reader-text\">Partes de una impresora<\/span><\/a><\/p>\n","protected":false},"author":1,"featured_media":17572,"parent":0,"menu_order":0,"comment_status":"closed","ping_status":"closed","template":"","meta":{"neve_meta_sidebar":"full-width","neve_meta_container":"","neve_meta_enable_content_width":"on","neve_meta_content_width":100,"neve_meta_title_alignment":"","neve_meta_author_avatar":"","neve_post_elements_order":"","neve_meta_disable_header":"","neve_meta_disable_footer":"","neve_meta_disable_title":"","episode_type":"","audio_file":"","podmotor_file_id":"","podmotor_episode_id":"","cover_image":"","cover_image_id":"","duration":"","filesize":"","filesize_raw":"","date_recorded":"","explicit":"","block":"","footnotes":""},"class_list":["post-17571","page","type-page","status-publish","has-post-thumbnail","hentry"],"_links":{"self":[{"href":"https:\/\/quecartucho.es\/blog\/wp-json\/wp\/v2\/pages\/17571","targetHints":{"allow":["GET"]}}],"collection":[{"href":"https:\/\/quecartucho.es\/blog\/wp-json\/wp\/v2\/pages"}],"about":[{"href":"https:\/\/quecartucho.es\/blog\/wp-json\/wp\/v2\/types\/page"}],"author":[{"embeddable":true,"href":"https:\/\/quecartucho.es\/blog\/wp-json\/wp\/v2\/users\/1"}],"replies":[{"embeddable":true,"href":"https:\/\/quecartucho.es\/blog\/wp-json\/wp\/v2\/comments?post=17571"}],"version-history":[{"count":6,"href":"https:\/\/quecartucho.es\/blog\/wp-json\/wp\/v2\/pages\/17571\/revisions"}],"predecessor-version":[{"id":20562,"href":"https:\/\/quecartucho.es\/blog\/wp-json\/wp\/v2\/pages\/17571\/revisions\/20562"}],"wp:featuredmedia":[{"embeddable":true,"href":"https:\/\/quecartucho.es\/blog\/wp-json\/wp\/v2\/media\/17572"}],"wp:attachment":[{"href":"https:\/\/quecartucho.es\/blog\/wp-json\/wp\/v2\/media?parent=17571"}],"curies":[{"name":"wp","href":"https:\/\/api.w.org\/{rel}","templated":true}]}}