{"id":17586,"date":"2022-10-27T13:19:04","date_gmt":"2022-10-27T11:19:04","guid":{"rendered":"https:\/\/quecartucho.es\/blog\/?page_id=17586"},"modified":"2022-10-27T13:29:50","modified_gmt":"2022-10-27T11:29:50","slug":"error-173-en-impresoras-oki","status":"publish","type":"page","link":"https:\/\/quecartucho.es\/blog\/error-173-en-impresoras-oki\/","title":{"rendered":"Error 173 en impresoras OKI"},"content":{"rendered":"\n<div class=\"wp-block-columns is-layout-flex wp-container-core-columns-is-layout-9d6595d7 wp-block-columns-is-layout-flex\">\n<div class=\"wp-block-column is-layout-flow wp-block-column-is-layout-flow\">\n<p>Las <strong>impresoras OKI<\/strong> forman parte de los <strong><a href=\"https:\/\/quecartucho.es\/blog\/impresoras-para-la-oficina\/\">perif\u00e9ricos m\u00e1s competentes para oficina<\/a><\/strong> que se pueden encontrar en el mercado. Se caracterizan por su alto rendimiento y por tener un precio bastante competente, adaptado a todo tipo de bolsillo.<\/p>\n\n\n\n<p><a href=\"https:\/\/quecartucho.es\/blog\/cuando-una-impresora-no-imprime-bien\/\">C\u00f3mo ocurre con cualquier otra impresora, en cualquier momento se puede producir un error,<\/a> por mucho que llevemos un mantenimiento adecuado.<\/p>\n\n\n\n<p>Llegados a este punto habr\u00e1 que recurrir al <strong>c\u00f3digo de error<\/strong> y al manual de instrucciones para determinar qu\u00e9 es lo que est\u00e1 pasando. Sin embargo, a veces la informaci\u00f3n del manual no es lo bastante clara.<\/p>\n\n\n\n<p>\u00bfTe gustar\u00eda saber a lo que se refiere el <strong>error 173 en impresoras OKI<\/strong>? En este art\u00edculo te indicamos a lo que se refiere y c\u00f3mo solucionarlo:<\/p>\n<\/div>\n\n\n\n<div class=\"wp-block-column is-layout-flow wp-block-column-is-layout-flow\">\n<figure class=\"wp-block-image size-large\"><img loading=\"lazy\" decoding=\"async\" width=\"1024\" height=\"576\" src=\"https:\/\/quecartucho.es\/blog\/wp-content\/uploads\/2022\/10\/impresora-oki-no-funciona-1024x576.jpg\" alt=\"impresora oki no funciona\" class=\"wp-image-17588\" title=\"\" srcset=\"https:\/\/quecartucho.es\/blog\/wp-content\/uploads\/2022\/10\/impresora-oki-no-funciona-1024x576.jpg 1024w, https:\/\/quecartucho.es\/blog\/wp-content\/uploads\/2022\/10\/impresora-oki-no-funciona-300x169.jpg 300w, https:\/\/quecartucho.es\/blog\/wp-content\/uploads\/2022\/10\/impresora-oki-no-funciona-768x432.jpg 768w, https:\/\/quecartucho.es\/blog\/wp-content\/uploads\/2022\/10\/impresora-oki-no-funciona-150x84.jpg 150w, https:\/\/quecartucho.es\/blog\/wp-content\/uploads\/2022\/10\/impresora-oki-no-funciona.jpg 1280w\" sizes=\"auto, (max-width: 1024px) 100vw, 1024px\" \/><\/figure>\n<\/div>\n<\/div>\n\n\n<div id=\"rank-math-faq\" class=\"rank-math-block\">\n<div class=\"rank-math-list \">\n<div id=\"faq-question-1666869444716\" class=\"rank-math-list-item\">\n<h3 class=\"rank-math-question \"><strong>\u00bfQu\u00e9 significa el error 173 en impresoras OKI?<\/strong><\/h3>\n<div class=\"rank-math-answer \">\n\n<p>Tal y como se indica en el manual, el c\u00f3digo de error 173 en <strong>impresoras OKI<\/strong> est\u00e1 relacionado con un problema de temperatura.<\/p>\n<p>La mayor\u00eda de los errores de temperatura se relacionan con que la temperatura de la impresora sea demasiado elevada, siendo una forma muy pr\u00e1ctica de evitar que se pueda quemar alg\u00fan componente (como una especie de sistema de seguridad).<br \/>Sin embargo, el <strong>error 173<\/strong> indica que la temperatura es m\u00e1s baja de lo normal.<\/p>\n<p>En concreto, el error de temperatura se ha producido en el <strong>termistor del fusor<\/strong>. Estamos hablando de una pieza que tiene el objetivo de regular la temperatura de dicho componente, como una especie de sensor. Hay muchas posibles explicaciones para esta temperatura baja, aunque estas 2 son las m\u00e1s habituales:<\/p>\n<p>\u27a8 <strong>Fusor defectuoso: <\/strong>puede que se haya estropeado esta pieza. Esto ocurre, aunque la impresora haya tenido un mantenimiento adecuado. Normalmente, se produce cuando estamos hablando de un perif\u00e9rico que se ha usado durante bastante tiempo.<\/p>\n<p>\u27a8 <strong>Atasco de papel: <\/strong>tambi\u00e9n es posible que se haya producido un atasco de papel y que esto paralice el mecanismo. De tal manera, aparece el c\u00f3digo de error 173 indicando que la temperatura no es la adecuada para empezar con la impresi\u00f3n.<\/p>\n\n<\/div>\n<\/div>\n<div id=\"faq-question-1666869499648\" class=\"rank-math-list-item\">\n<h3 class=\"rank-math-question \"><strong>\u00bfC\u00f3mo solucionar el error 173 en impresoras OKI?<\/strong><\/h3>\n<div class=\"rank-math-answer \">\n\n<p>Ahora que ya conocemos los posibles motivos, vamos a ver la soluci\u00f3n:<\/p>\n<p>1) \u00a0 \u00a0 La f\u00f3rmula m\u00e1s efectiva es hacer un reinicio completo de la impresora. Para ello, <strong>apagamos y desconectamos la impresora<\/strong>, incluso desde la corriente. Espera 5 minutos para que se borre cualquier configuraci\u00f3n y luego vuelve a conectar el perif\u00e9rico.<\/p>\n<p>2) \u00a0 \u00a0 Si el paso anterior no ha solucionado nada, tendremos que comprobar si <strong>existe un atasco de papel<\/strong>. Esto se puede hacer mediante una inspecci\u00f3n visual minuciosa; en el caso de que no se vea nada a simple vista, tendremos que desmontar la carcasa y cualquier componente que nos impida llegar hasta el carro.<\/p>\n<p>3) \u00a0 \u00a0 Si, aun as\u00ed, no hemos solucionado el problema, lo m\u00e1s probable es que el <strong>fusor <\/strong>est\u00e9 defectuoso. No nos quedar\u00e1 otra que solucionarlo por nuestra cuenta, o llamar al servicio t\u00e9cnico para que se encarguen de su reparaci\u00f3n.<\/p>\n\n<\/div>\n<\/div>\n<\/div>\n<\/div>\n\n\n<p>Prueba con estos pasos y ver\u00e1s c\u00f3mo logras solucionar el <strong>error 173 en impresoras OKI<\/strong>.<\/p>\n","protected":false},"excerpt":{"rendered":"<p>Las impresoras OKI forman parte de los perif\u00e9ricos m\u00e1s competentes para oficina que se pueden encontrar en el mercado. Se caracterizan por su alto rendimiento y por tener un precio bastante competente, adaptado a todo tipo de bolsillo. C\u00f3mo ocurre con cualquier otra impresora, en cualquier momento se puede producir un error, por mucho que&hellip;&nbsp;<a href=\"https:\/\/quecartucho.es\/blog\/error-173-en-impresoras-oki\/\" rel=\"bookmark\">Leer m\u00e1s &raquo;<span class=\"screen-reader-text\">Error 173 en impresoras OKI<\/span><\/a><\/p>\n","protected":false},"author":1,"featured_media":17587,"parent":0,"menu_order":0,"comment_status":"closed","ping_status":"closed","template":"","meta":{"neve_meta_sidebar":"full-width","neve_meta_container":"","neve_meta_enable_content_width":"on","neve_meta_content_width":100,"neve_meta_title_alignment":"","neve_meta_author_avatar":"","neve_post_elements_order":"","neve_meta_disable_header":"","neve_meta_disable_footer":"","neve_meta_disable_title":"","episode_type":"","audio_file":"","podmotor_file_id":"","podmotor_episode_id":"","cover_image":"","cover_image_id":"","duration":"","filesize":"","filesize_raw":"","date_recorded":"","explicit":"","block":"","footnotes":""},"class_list":["post-17586","page","type-page","status-publish","has-post-thumbnail","hentry"],"_links":{"self":[{"href":"https:\/\/quecartucho.es\/blog\/wp-json\/wp\/v2\/pages\/17586","targetHints":{"allow":["GET"]}}],"collection":[{"href":"https:\/\/quecartucho.es\/blog\/wp-json\/wp\/v2\/pages"}],"about":[{"href":"https:\/\/quecartucho.es\/blog\/wp-json\/wp\/v2\/types\/page"}],"author":[{"embeddable":true,"href":"https:\/\/quecartucho.es\/blog\/wp-json\/wp\/v2\/users\/1"}],"replies":[{"embeddable":true,"href":"https:\/\/quecartucho.es\/blog\/wp-json\/wp\/v2\/comments?post=17586"}],"version-history":[{"count":3,"href":"https:\/\/quecartucho.es\/blog\/wp-json\/wp\/v2\/pages\/17586\/revisions"}],"predecessor-version":[{"id":17595,"href":"https:\/\/quecartucho.es\/blog\/wp-json\/wp\/v2\/pages\/17586\/revisions\/17595"}],"wp:featuredmedia":[{"embeddable":true,"href":"https:\/\/quecartucho.es\/blog\/wp-json\/wp\/v2\/media\/17587"}],"wp:attachment":[{"href":"https:\/\/quecartucho.es\/blog\/wp-json\/wp\/v2\/media?parent=17586"}],"curies":[{"name":"wp","href":"https:\/\/api.w.org\/{rel}","templated":true}]}}