{"id":17772,"date":"2022-11-10T19:31:59","date_gmt":"2022-11-10T17:31:59","guid":{"rendered":"https:\/\/quecartucho.es\/blog\/?page_id=17772"},"modified":"2023-11-07T12:35:55","modified_gmt":"2023-11-07T10:35:55","slug":"como-guardar-los-cartuchos-de-tinta-cuando-no-se-usan","status":"publish","type":"page","link":"https:\/\/quecartucho.es\/blog\/como-guardar-los-cartuchos-de-tinta-cuando-no-se-usan\/","title":{"rendered":"<strong>C\u00f3mo guardar los cartuchos de tinta cuando no se usan<\/strong>"},"content":{"rendered":"\n<p>Los fabricantes de impresora recomiendan utilizar el perif\u00e9rico a menudo para que no se sequen los cartuchos. Existen algunos m\u00e9todos que pueden solucionar este problema, pero no servir\u00e1n de nada si se han secado mucho. Llegados a este punto, tan solo podremos comprar recambios nuevos.<\/p>\n\n\n\n<p>Habr\u00e1 que asegurarse de que los <strong><a href=\"https:\/\/quecartucho.es\/\">cartuchos<\/a><\/strong> se est\u00e1n conservando en las <strong>condiciones correctas<\/strong>. Por ejemplo, las temperaturas demasiado altas o bajas podr\u00edan llegar a da\u00f1arlos.<\/p>\n\n\n\n<p>Sin m\u00e1s dilaci\u00f3n, te vamos a dar algunos consejos que te ense\u00f1ar\u00e1n como guardarlos correctamente cuando no se est\u00e1n utilizando.<\/p>\n\n\n<div class=\"wp-block-image\">\n<figure class=\"aligncenter size-full\"><img loading=\"lazy\" decoding=\"async\" width=\"700\" height=\"461\" src=\"https:\/\/quecartucho.es\/blog\/wp-content\/uploads\/2022\/11\/Cuidar-los-cartuchos-de-tinta.png\" alt=\"Cuidar los cartuchos de tinta\" class=\"wp-image-17775\" title=\"\" srcset=\"https:\/\/quecartucho.es\/blog\/wp-content\/uploads\/2022\/11\/Cuidar-los-cartuchos-de-tinta.png 700w, https:\/\/quecartucho.es\/blog\/wp-content\/uploads\/2022\/11\/Cuidar-los-cartuchos-de-tinta-300x198.png 300w, https:\/\/quecartucho.es\/blog\/wp-content\/uploads\/2022\/11\/Cuidar-los-cartuchos-de-tinta-150x99.png 150w\" sizes=\"auto, (max-width: 700px) 100vw, 700px\" \/><figcaption class=\"wp-element-caption\">Cuidar los cartuchos de tinta<\/figcaption><\/figure>\n<\/div>\n\n\n<h2 class=\"wp-block-heading\"><strong>Los mejores consejos para guardar cartuchos de tinta cuando no se les est\u00e1 dando uso<\/strong><\/h2>\n\n\n\n<h3 class=\"wp-block-heading\"><strong>1.<\/strong> <strong>Prot\u00e9gelos del verano<\/strong><\/h3>\n\n\n\n<p>La <strong>temperatura de almacenamiento de los cartuchos<\/strong> tendr\u00eda que ser de unos <strong>20\u00baC<\/strong> aproximadamente. Si la temperatura se eleva por encima de 40\u00baC podr\u00edamos tener problemas, ya que podr\u00edan estropearse sin remedio.<\/p>\n\n\n\n<p>La gran mayor\u00eda de nosotros estamos de vacaciones cuando llega el verano, por lo que no imprimimos tan a menudo. Por un descuido, podemos llegar a guardar los cartuchos en un lugar demasiado caluroso.<\/p>\n\n\n\n<p>Revisa el lugar y aseg\u00farate de que cumple con unas condiciones de conservaci\u00f3n m\u00ednimas.<\/p>\n\n\n\n<h3 class=\"wp-block-heading\"><strong>2.<\/strong> <strong>Prot\u00e9gelos del fr\u00edo<\/strong><\/h3>\n\n\n\n<p>Si las temperaturas bajan mucho se producir\u00e1 un cambio en la <strong>tinta l\u00edquida<\/strong>, sobre todo, en la <strong>calidad de la impresi\u00f3n<\/strong>.<\/p>\n\n\n\n<p>En el caso de que la temperatura baje m\u00e1s, llegando a un fr\u00edo extremo, se podr\u00eda obstruir el cabezal o afectar a la textura de la tinta.<\/p>\n\n\n\n<p>Tambi\u00e9n conviene comprobar la <strong>humedad relativa<\/strong> del ambiente: deber\u00eda estar comprendida entre un m\u00ednimo de un <strong>20%<\/strong> y un m\u00e1ximo de un <strong>80%<\/strong>. Si excede estos intervalos, podemos probar a usar un humidificador o un deshumidificador para subir o bajarla, seg\u00fan se necesite.<\/p>\n\n\n\n<p>Otro elemento que nos puede funcionar es un <strong>termostato<\/strong> para verificar los niveles de temperatura y humedad en todo momento, determinando as\u00ed si son correctos.<\/p>\n\n\n\n<h3 class=\"wp-block-heading\"><strong>3.<\/strong> <strong>Imprime a menudo<\/strong><\/h3>\n\n\n\n<p>Como ya hemos comentado al principio del art\u00edculo, es m\u00e1s que recomendable imprimir con una cierta frecuencia. Por lo menos, deber\u00edan imprimirse un <strong>par de p\u00e1ginas a la semana<\/strong>. As\u00ed evitamos que la tinta residual que queda en cada impresi\u00f3n se vaya secando, hasta el punto de que se seque el cartucho.<\/p>\n\n\n\n<p>No hace falta imprimir documentos muy complicados: con algo sencillo ser\u00e1 suficiente para que se mueva el mecanismo y evitar muchos problemas.<\/p>\n\n\n\n<p>Hay impresoras como las Brother o las Epson que si est\u00e1n encendidas a corriente o se encienden regularmente, ellas solas hacen un peque\u00f1o mantenimiento <a href=\"https:\/\/quecartucho.es\/blog\/que-es-un-cabezal-de-impresion\/como-limpiar-un-cabezal-de-impresion\/\">limpiando sus inyectores<\/a>.<\/p>\n\n\n\n<h3 class=\"wp-block-heading\"><strong>4.<\/strong> <strong>Guarda los cartuchos de tinta en el lugar correcto<\/strong><\/h3>\n\n\n\n<p>Si no vas a poder imprimir durante un tiempo determinado, quiz\u00e1 sea una buena idea <strong>sacar los cartuchos<\/strong> de la impresora y guardarlos en un lugar para evitar que las condiciones del medio puedan afectarles.<\/p>\n\n\n\n<p><\/p>\n\n\n\n<div class=\"wp-block-columns is-layout-flex wp-container-core-columns-is-layout-9d6595d7 wp-block-columns-is-layout-flex\">\n<div class=\"wp-block-column is-layout-flow wp-block-column-is-layout-flow\">\n<ul class=\"wp-block-list\">\n<li>Usa un <strong>recipiente de pl\u00e1stico<\/strong> que sea herm\u00e9tico. Introduce el cartucho asegur\u00e1ndote de que los inyectores quedan hacia arriba. <br>Coloca al lado un pa\u00f1o h\u00famedo o una esponja; con esto se pretende recrear unas buenas condiciones de humedad en el interior, para evitar que se seque. No mojes demasiado el pa\u00f1o o la esponja, ya que las condiciones de humedad ser\u00edan extremas.<\/li>\n\n\n\n<li>Este recipiente tendr\u00e1 que ser almacenado en un lugar fresco, lejos de la luz directa del sol. Por supuesto, la temperatura de conservaci\u00f3n tendr\u00e1 que ser de <strong>20\u00baC<\/strong> y evitar las corrientes de aire o cambios de temperatura extremos.<\/li>\n<\/ul>\n<\/div>\n\n\n\n<div class=\"wp-block-column is-layout-flow wp-block-column-is-layout-flow\"><div class=\"wp-block-image is-style-rounded\">\n<figure class=\"aligncenter size-full is-resized\"><img loading=\"lazy\" decoding=\"async\" width=\"800\" height=\"661\" src=\"https:\/\/quecartucho.es\/blog\/wp-content\/uploads\/2022\/11\/guardar-de-forma-correcta-un-cartucho-de-tinta.webp\" alt=\"guardar de forma correcta un cartucho de tinta\" class=\"wp-image-17777\" style=\"width:400px;height:331px\" title=\"\" srcset=\"https:\/\/quecartucho.es\/blog\/wp-content\/uploads\/2022\/11\/guardar-de-forma-correcta-un-cartucho-de-tinta.webp 800w, https:\/\/quecartucho.es\/blog\/wp-content\/uploads\/2022\/11\/guardar-de-forma-correcta-un-cartucho-de-tinta-300x248.webp 300w, https:\/\/quecartucho.es\/blog\/wp-content\/uploads\/2022\/11\/guardar-de-forma-correcta-un-cartucho-de-tinta-768x635.webp 768w, https:\/\/quecartucho.es\/blog\/wp-content\/uploads\/2022\/11\/guardar-de-forma-correcta-un-cartucho-de-tinta-150x124.webp 150w\" sizes=\"auto, (max-width: 800px) 100vw, 800px\" \/><\/figure>\n<\/div><\/div>\n<\/div>\n\n\n\n<p><\/p>\n\n\n\n<h3 class=\"wp-block-heading\"><strong>5.<\/strong> <strong>Haz una limpieza de cabezales<\/strong><\/h3>\n\n\n\n<p>Ya sea porque le has dado un buen rendimiento a la impresora, como si llevas alg\u00fan tiempo sin imprimir, es posible que se vaya acumulando tinta que pueda afectar a la calidad de la impresi\u00f3n. Llegados a este punto, habr\u00e1 que hacer lo que se conoce como una <strong>limpieza de cabezales<\/strong>.<\/p>\n\n\n\n<p>Este proceso es muy sencillo, ya que las impresoras lo tienen de f\u00e1brica. Puedes ejecutarlo desde el software del sistema operativo, o desde la propia pantalla del perif\u00e9rico.<\/p>\n\n\n\n<p>Dependiendo del caso, es posible que tengas que ejecutarlo varias veces para conseguir una buena limpieza.<\/p>\n\n\n\n<p>Al terminar el proceso se imprimir\u00e1 una <strong>prueba de impresi\u00f3n<\/strong> en donde podr\u00e1s comprobar la calidad de la tinta.<\/p>\n\n\n\n<p><strong>Importante: <\/strong>no se recomienda hacer una limpieza de cabezales cada poco tiempo debido a que en este proceso se gasta una cierta cantidad de tinta. Si se abusa del proceso, el gasto puede ser bastante elevado.<\/p>\n\n\n\n<h3 class=\"wp-block-heading\"><strong>6.<\/strong> <strong>Nunca almacenes la tinta en estado vertical<\/strong><\/h3>\n\n\n\n<div class=\"wp-block-columns is-layout-flex wp-container-core-columns-is-layout-9d6595d7 wp-block-columns-is-layout-flex\">\n<div class=\"wp-block-column is-layout-flow wp-block-column-is-layout-flow\">\n<p>Uno de los errores m\u00e1s graves que podemos cometer a la hora de conservar la tinta es colocarlas en <strong>vertical<\/strong>. Solemos hacerlo porque de esta forma estamos optimizando el espacio, pero tambi\u00e9n estaremos provocando algo irreparable.<\/p>\n\n\n\n<p>Por ejemplo, hay una posibilidad de que la tinta pueda salirse del cartucho.<\/p>\n\n\n\n<p>Algunos fabricantes aconsejan que el cartucho se ponga con el cabezal de impresi\u00f3n hacia arriba, sobre todo aquellos que tienen m\u00e1s de un color.<\/p>\n\n\n\n<p>Siempre y cuando sea posible, es recomendable no almacenar m\u00e1s de un cartucho dentro del mismo recipiente. Esto es debido a que, si se escapa la tinta de uno de ellos, y se mezcla con el otro cartucho, los dos pueden quedar inutilizables.<\/p>\n<\/div>\n\n\n\n<div class=\"wp-block-column is-layout-flow wp-block-column-is-layout-flow\">\n<figure class=\"wp-block-image size-full\"><img loading=\"lazy\" decoding=\"async\" width=\"349\" height=\"311\" src=\"https:\/\/quecartucho.es\/blog\/wp-content\/uploads\/2022\/11\/como-guardar-de-forma-correcta-los-cartuchos-de-tinta-compatibles.png\" alt=\"como guardar de forma correcta los cartuchos de tinta compatibles\" class=\"wp-image-17776\" title=\"\" srcset=\"https:\/\/quecartucho.es\/blog\/wp-content\/uploads\/2022\/11\/como-guardar-de-forma-correcta-los-cartuchos-de-tinta-compatibles.png 349w, https:\/\/quecartucho.es\/blog\/wp-content\/uploads\/2022\/11\/como-guardar-de-forma-correcta-los-cartuchos-de-tinta-compatibles-300x267.png 300w, https:\/\/quecartucho.es\/blog\/wp-content\/uploads\/2022\/11\/como-guardar-de-forma-correcta-los-cartuchos-de-tinta-compatibles-150x134.png 150w\" sizes=\"auto, (max-width: 349px) 100vw, 349px\" \/><figcaption class=\"wp-element-caption\">\u00bfComo guardar de forma correcta los cartuchos de tinta compatibles?<\/figcaption><\/figure>\n<\/div>\n<\/div>\n\n\n\n<p><\/p>\n\n\n\n<h3 class=\"wp-block-heading\"><strong>7.<\/strong> <strong>Ten en cuenta el tiempo de conservaci\u00f3n de los cartuchos<\/strong><\/h3>\n\n\n\n<ul class=\"wp-block-list\">\n<li>Los <strong>cartuchos nuevos<\/strong>, siempre y cuando permanezcan completamente sellados, pueden tener una duraci\u00f3n de <strong>2 a\u00f1os o m\u00e1s<\/strong>. Sin embargo, habr\u00e1 que consultar las condiciones de la marca para saber el tiempo con detalle.<\/li>\n\n\n\n<li>En el caso de los <strong>cartuchos ya abiertos<\/strong>, se podr\u00e1n almacenar un m\u00e1ximo de <strong>6 meses<\/strong>, siempre y cuando se sigan las condiciones adecuadas para ellos.<\/li>\n<\/ul>\n\n\n\n<p>Adem\u00e1s de controlar la temperatura y humedad, el mejor lugar de conservaci\u00f3n es un <strong>lugar oscuro<\/strong>.<\/p>\n\n\n\n<ul class=\"wp-block-list\">\n<li><strong>Recomendaci\u00f3n: <\/strong>es mejor guardar el recipiente con los cartuchos de tinta en lugar que no sea necesario abrir a no ser que se quiera volver a imprimir.<\/li>\n<\/ul>\n\n\n\n<h3 class=\"wp-block-heading\"><strong>8.<\/strong> <strong>Mant\u00e9n los cartuchos sellados el m\u00e1ximo tiempo posible<\/strong><\/h3>\n\n\n\n<p>Aunque es de sentido com\u00fan, no se deben abrir los cartuchos hasta que no necesitemos darles usos. La mejor forma de conservarlos en perfectas condiciones es con la <strong>funda de pl\u00e1stico<\/strong> que traen de serie. Con este recubrimiento se evita la exposici\u00f3n con el aire, que ser\u00e1 el elemento que secar\u00e1 la tinta.<\/p>\n\n\n\n<p>En el caso de que se haya sacado el cartucho de tinta de la funda de pl\u00e1stico y no se tenga acceso a las herramientas para sellarlo de nuevo, podemos utilizar una bolsa de transporte y sellar con una banda el\u00e1stica.<\/p>\n\n\n\n<p>En definitiva, el correcto almacenamiento de los <strong>cartuchos de tinta<\/strong> puede incrementar la duraci\u00f3n de las mismas. Sin embargo, tambi\u00e9n es muy importante que la impresora se cuide de la forma adecuada. Si no se emplea durante mucho tiempo podr\u00edan producirse problemas por derrame de tinta o se puede apelmazar el polvo de <a href=\"https:\/\/quecartucho.es\/16393-toners\">t\u00f3ner<\/a>.<\/p>\n\n\n\n<p>Con estos consejos te ser\u00e1 f\u00e1cil <strong>guardar los cartuchos de tinta cuando no se usan<\/strong>.<\/p>\n\n\n\n<p><\/p>\n\n\n<div id=\"rank-math-faq\" class=\"rank-math-block\">\n<div class=\"rank-math-list \">\n<div id=\"faq-question-1668100919028\" class=\"rank-math-list-item\">\n<h3 class=\"rank-math-question \">\u00bfPor qu\u00e9 se seca la tinta de mi impresora?<\/h3>\n<div class=\"rank-math-answer \">\n<img loading=\"lazy\" decoding=\"async\" width=\"150\" height=\"150\" src=\"https:\/\/quecartucho.es\/blog\/wp-content\/uploads\/2022\/11\/\u00bfPor-que-se-seca-la-tinta-de-mi-impresora-150x150.webp\" class=\"alignright\" alt=\"\u00bfPor qu\u00e9 se seca la tinta de mi impresora?\" title=\"\">\n<p>Es cierto que siempre puedes <a href=\"https:\/\/quecartucho.es\/16394-cartuchos-de-tinta\">comprar cartuchos compatibles con tu impresora<\/a>, pero incluso as\u00ed puede ser bastante molesto tener que tirar cartuchos que apenas se han empleado. Eso es porque cuando la tinta se seca, no es lo \u00fanico que se seca. Adem\u00e1s, los inyectores de tinta de los propios cartuchos suelen obstruirse y su limpieza no suele ser una tarea f\u00e1cil para el usuario. Por no hablar de que algunos fabricantes pueden hacer que su impresora sea incompatible con los cartuchos compatibles desde el primer d\u00eda.<\/p>\n\n<\/div>\n<\/div>\n<div id=\"faq-question-1699353293094\" class=\"rank-math-list-item\">\n<h3 class=\"rank-math-question \">\u00bf<strong>C\u00f3mo afecta la temperatura a los cartuchos de tinta<\/strong>?<\/h3>\n<div class=\"rank-math-answer \">\n\n<p>Pues mira, les pasa un poco como a nosotros: cuando hace calor, se quejan. Cuando hace fr\u00edo, se quejan tambi\u00e9n. Vamos, que no est\u00e1n contentos con nada, oye. La cuesti\u00f3n es quejarse siempre \ud83d\ude12.<br \/>\u00a0<br \/>Aunque la verdad es que tienen sus motivos para quejarse, porque tanto el calor como el fr\u00edo extremos les hacen pupita \ud83d\ude22:<br \/>\u00a0<br \/>\ud83c\udfdc\ufe0f El calor puede secar la tinta o alterar sus componentes.<br \/>\u2744\ufe0f El fr\u00edo puede hacer que se obstruya el cabezal o que la textura de la tinta se deteriore.<br \/>\u00a0<br \/>\u00bfLa soluci\u00f3n? Como si estuvieran en Canarias: primavera eterna \ud83c\udf37. Les gusta una temperatura de m\u00e1s o menos 20\u00ba C y una humedad de no menos del 20% y no m\u00e1s del 80%. (Son valores orientativos, eh, no hace falta que instales una estaci\u00f3n meteorol\u00f3gica al lado de la impresora).<br \/>\u00a0<br \/>\u00bfTienes m\u00e1s dudas sobre c\u00f3mo mantener la calidad de tus cartuchos en el top? Cont\u00e1ctanos y estaremos felices no, lo siguiente, de atenderte \ud83d\ude0d.<\/p>\n\n<\/div>\n<\/div>\n<\/div>\n<\/div>","protected":false},"excerpt":{"rendered":"<p>Los fabricantes de impresora recomiendan utilizar el perif\u00e9rico a menudo para que no se sequen los cartuchos. Existen algunos m\u00e9todos que pueden solucionar este problema, pero no servir\u00e1n de nada si se han secado mucho. Llegados a este punto, tan solo podremos comprar recambios nuevos. Habr\u00e1 que asegurarse de que los cartuchos se est\u00e1n conservando&hellip;&nbsp;<a href=\"https:\/\/quecartucho.es\/blog\/como-guardar-los-cartuchos-de-tinta-cuando-no-se-usan\/\" rel=\"bookmark\">Leer m\u00e1s &raquo;<span class=\"screen-reader-text\"><strong>C\u00f3mo guardar los cartuchos de tinta cuando no se usan<\/strong><\/span><\/a><\/p>\n","protected":false},"author":1,"featured_media":17779,"parent":0,"menu_order":0,"comment_status":"closed","ping_status":"closed","template":"","meta":{"neve_meta_sidebar":"full-width","neve_meta_container":"","neve_meta_enable_content_width":"on","neve_meta_content_width":100,"neve_meta_title_alignment":"","neve_meta_author_avatar":"","neve_post_elements_order":"","neve_meta_disable_header":"","neve_meta_disable_footer":"","neve_meta_disable_title":"","episode_type":"","audio_file":"","podmotor_file_id":"","podmotor_episode_id":"","cover_image":"","cover_image_id":"","duration":"","filesize":"","filesize_raw":"","date_recorded":"","explicit":"","block":"","footnotes":""},"class_list":["post-17772","page","type-page","status-publish","has-post-thumbnail","hentry"],"_links":{"self":[{"href":"https:\/\/quecartucho.es\/blog\/wp-json\/wp\/v2\/pages\/17772","targetHints":{"allow":["GET"]}}],"collection":[{"href":"https:\/\/quecartucho.es\/blog\/wp-json\/wp\/v2\/pages"}],"about":[{"href":"https:\/\/quecartucho.es\/blog\/wp-json\/wp\/v2\/types\/page"}],"author":[{"embeddable":true,"href":"https:\/\/quecartucho.es\/blog\/wp-json\/wp\/v2\/users\/1"}],"replies":[{"embeddable":true,"href":"https:\/\/quecartucho.es\/blog\/wp-json\/wp\/v2\/comments?post=17772"}],"version-history":[{"count":7,"href":"https:\/\/quecartucho.es\/blog\/wp-json\/wp\/v2\/pages\/17772\/revisions"}],"predecessor-version":[{"id":21047,"href":"https:\/\/quecartucho.es\/blog\/wp-json\/wp\/v2\/pages\/17772\/revisions\/21047"}],"wp:featuredmedia":[{"embeddable":true,"href":"https:\/\/quecartucho.es\/blog\/wp-json\/wp\/v2\/media\/17779"}],"wp:attachment":[{"href":"https:\/\/quecartucho.es\/blog\/wp-json\/wp\/v2\/media?parent=17772"}],"curies":[{"name":"wp","href":"https:\/\/api.w.org\/{rel}","templated":true}]}}