{"id":17783,"date":"2022-11-11T13:55:06","date_gmt":"2022-11-11T11:55:06","guid":{"rendered":"https:\/\/quecartucho.es\/blog\/?page_id=17783"},"modified":"2025-09-04T08:26:57","modified_gmt":"2025-09-04T06:26:57","slug":"prueba-de-la-impresora-imprimir-pagina-de-prueba","status":"publish","type":"page","link":"https:\/\/quecartucho.es\/blog\/prueba-de-la-impresora-imprimir-pagina-de-prueba\/","title":{"rendered":"Prueba de la impresora &#8211; Imprimir p\u00e1gina de prueba"},"content":{"rendered":"\n<p>Si desea imprimir una hoja de prueba, tenemos varias hojas de examen para impresoras en formato PDF disponibles para su descarga un poco mas abajo \u2b07\ufe0f.<\/p>\n\n\n\n<p><br>La impresi\u00f3n de una hoja de prueba te permite analizar y calibrar eficazmente el rendimiento de tu impresora. Te ayuda a <strong>comprobar la calidad de impresi\u00f3n<\/strong> de tu impresora (y de los <strong><a href=\"https:\/\/quecartucho.es\/\">cartuchos<\/a><\/strong>) e identifica los problemas de tu impresora.<\/p>\n\n\n\n<p>La p\u00e1gina de prueba de la impresora es una herramienta diagn\u00f3stica fundamental para identificar problemas de calidad y funcionamiento de tu dispositivo. Permite verificar si los fallos son causados por la impresora misma o por un error de comunicaci\u00f3n con el ordenador. <strong>Si la p\u00e1gina de prueba se imprime correctamente<\/strong>, <strong>el problema no es mec\u00e1nico y podr\u00eda ser un fallo de conexi\u00f3n<\/strong>.<\/p>\n\n\n\n<h2 class=\"wp-block-heading\">La p\u00e1gina de prueba de la impresora puede utilizarse para identificar los siguientes problemas:<\/h2>\n\n\n\n<div class=\"wp-block-columns is-layout-flex wp-container-core-columns-is-layout-9d6595d7 wp-block-columns-is-layout-flex\">\n<div class=\"wp-block-column is-layout-flow wp-block-column-is-layout-flow\">\n<ul class=\"wp-block-list\">\n<li><strong>Cabezales de impresi\u00f3n obstruidos<\/strong>: Esto es com\u00fan cuando la impresora no se usa con frecuencia y los cartuchos de tinta se secan. Una p\u00e1gina de prueba con franjas o l\u00edneas incompletas es un claro indicador de este problema. Cubrir la impresora cuando no se use puede ayudar a prevenir que los cabezales se obstruyan con suciedad y residuos. Esto ayudar\u00e1 a evitar la <a href=\"https:\/\/quecartucho.es\/blog\/que-es-un-cabezal-de-impresion\/como-limpiar-un-cabezal-de-impresion\/\">obstrucci\u00f3n de los cabezales de impresi\u00f3n<\/a>.<\/li>\n\n\n\n<li><strong>Problemas de alineaci\u00f3n<\/strong>: La alineaci\u00f3n de los cartuchos puede desajustarse, independientemente de la marca de la impresora (HP, Canon, Epson, Brother). Si las p\u00e1ginas salen torcidas o recibes un mensaje de \u00abError de alineaci\u00f3n\u00bb, es una se\u00f1al para realizar una <a href=\"https:\/\/quecartucho.es\/blog\/que-es-un-cabezal-de-impresion\/que-es-la-alineacion-de-cabezales\/\">alineaci\u00f3n de cabezales<\/a>.<\/li>\n\n\n\n<li><strong>Suministro de tinta inconsistente:<\/strong> Si su impresora de inyecci\u00f3n de tinta no se ha utilizado durante un per\u00edodo de tiempo prolongado, los cabezales de impresi\u00f3n pueden obstruirse o la tinta dentro y alrededor del cartucho puede secarse, causando un suministro de tinta desigual. <em><strong>Nuestra p\u00e1gina de prueba de color puede ayudarle a comprobar la calidad de la tinta<\/strong><\/em> para asegurarse de que la tinta fluye sin problemas en su impresora.<\/li>\n\n\n\n<li><strong>Estado de la impresora: <\/strong>Si su impresora imprime p\u00e1ginas de prueba sin problemas, pero no imprime otros documentos, puede verificar que se trata de un problema de comunicaci\u00f3n del sistema y no de un problema mec\u00e1nico de la impresora.<\/li>\n<\/ul>\n<\/div>\n\n\n\n<div class=\"wp-block-column is-layout-flow wp-block-column-is-layout-flow\"><div class=\"wp-block-image\">\n<figure class=\"aligncenter size-large\"><img loading=\"lazy\" decoding=\"async\" width=\"1024\" height=\"1024\" src=\"https:\/\/quecartucho.es\/blog\/wp-content\/uploads\/2022\/11\/prueba-de-la-impresora-1024x1024.jpg\" alt=\"prueba de la impresora\" class=\"wp-image-17804\" title=\"\" srcset=\"https:\/\/quecartucho.es\/blog\/wp-content\/uploads\/2022\/11\/prueba-de-la-impresora-1024x1024.jpg 1024w, https:\/\/quecartucho.es\/blog\/wp-content\/uploads\/2022\/11\/prueba-de-la-impresora-300x300.jpg 300w, https:\/\/quecartucho.es\/blog\/wp-content\/uploads\/2022\/11\/prueba-de-la-impresora-150x150.jpg 150w, https:\/\/quecartucho.es\/blog\/wp-content\/uploads\/2022\/11\/prueba-de-la-impresora-768x768.jpg 768w, https:\/\/quecartucho.es\/blog\/wp-content\/uploads\/2022\/11\/prueba-de-la-impresora-1536x1536.jpg 1536w, https:\/\/quecartucho.es\/blog\/wp-content\/uploads\/2022\/11\/prueba-de-la-impresora-2048x2048.jpg 2048w, https:\/\/quecartucho.es\/blog\/wp-content\/uploads\/2022\/11\/prueba-de-la-impresora-120x120.jpg 120w, https:\/\/quecartucho.es\/blog\/wp-content\/uploads\/2022\/11\/prueba-de-la-impresora-96x96.jpg 96w\" sizes=\"auto, (max-width: 1024px) 100vw, 1024px\" \/><\/figure>\n<\/div><\/div>\n<\/div>\n\n\n\n<p>A continuaci\u00f3n, se pueden descargar dos tipos de p\u00e1ginas de prueba para impresoras, con una gu\u00eda paso a paso. P\u00e1gina de prueba de color o p\u00e1gina de prueba de escala de grises.<\/p>\n\n\n\n<h2 class=\"wp-block-heading\"><strong>P\u00e1ginas de prueba de la impresora en color<\/strong><\/h2>\n\n\n\n<p><br>Esta p\u00e1gina de prueba de color en PDF descargable le permite verificar la calidad de impresi\u00f3n de su impresora. Recomendamos imprimir esta p\u00e1gina en papel de calidad normal (100%) de formato completo con una densidad m\u00ednima de 80 g\/m2. <\/p>\n\n\n\n<p>El siguiente PDF se utilizar\u00e1 para probar las impresoras que utilizan cuatro o m\u00e1s colores. La p\u00e1gina de prueba muestra un gr\u00e1fico de densidad de color, rayas de arco iris y degradados radiales.<\/p>\n\n\n\n<p> <strong><br><\/strong><strong>&gt;&gt; <\/strong><strong>Descargue nuestra hoja de pruebas para impresoras en color &gt;&gt;<\/strong><\/p>\n\n\n\n<div class=\"wp-block-file\"><a id=\"wp-block-file--media-661489d4-c5e9-4497-8758-14b0105f9825\" href=\"https:\/\/quecartucho.es\/blog\/wp-content\/uploads\/2022\/11\/pagina-de-prueba-de-impresoras-a-color.pdf\">P\u00e1gina de prueba de impresoras a color<\/a><a href=\"https:\/\/quecartucho.es\/blog\/wp-content\/uploads\/2022\/11\/pagina-de-prueba-de-impresoras-a-color.pdf\" class=\"wp-block-file__button wp-element-button\" download aria-describedby=\"wp-block-file--media-661489d4-c5e9-4497-8758-14b0105f9825\">Descarga<\/a><\/div>\n\n\n<div class=\"wp-block-image\">\n<figure class=\"aligncenter size-large\"><img loading=\"lazy\" decoding=\"async\" width=\"724\" height=\"1024\" src=\"https:\/\/quecartucho.es\/blog\/wp-content\/uploads\/2022\/11\/pagina-de-prueba-de-impresoras-a-color-724x1024.jpg\" alt=\"P\u00e1gina de prueba de impresoras a color\" class=\"wp-image-17814\" title=\"\" srcset=\"https:\/\/quecartucho.es\/blog\/wp-content\/uploads\/2022\/11\/pagina-de-prueba-de-impresoras-a-color-724x1024.jpg 724w, https:\/\/quecartucho.es\/blog\/wp-content\/uploads\/2022\/11\/pagina-de-prueba-de-impresoras-a-color-212x300.jpg 212w, https:\/\/quecartucho.es\/blog\/wp-content\/uploads\/2022\/11\/pagina-de-prueba-de-impresoras-a-color-768x1087.jpg 768w, https:\/\/quecartucho.es\/blog\/wp-content\/uploads\/2022\/11\/pagina-de-prueba-de-impresoras-a-color-150x212.jpg 150w, https:\/\/quecartucho.es\/blog\/wp-content\/uploads\/2022\/11\/pagina-de-prueba-de-impresoras-a-color.jpg 826w\" sizes=\"auto, (max-width: 724px) 100vw, 724px\" \/><\/figure>\n<\/div>\n\n\n<h2 class=\"wp-block-heading\"><br><\/h2>\n\n\n\n<h2 class=\"wp-block-heading\">P\u00e1gina de prueba de la impresora en escala de grises<\/h2>\n\n\n\n<p><br>Esta p\u00e1gina de prueba en escala de grises en PDF es la mejor manera de comprobar el rendimiento de su cartucho de tinta negra. Al igual que la p\u00e1gina de prueba de la impresora en color, contiene un gr\u00e1fico de densidad, degradados radiales y un bloque de texto con dimensiones decrecientes. Muestra la configuraci\u00f3n actual de la impresora y la escala, as\u00ed como una cuadr\u00edcula para ayudar a alinear el cabezal de impresi\u00f3n y garantizar impresiones precisas.<\/p>\n\n\n\n<p><br>Nuestras p\u00e1ginas de prueba de impresi\u00f3n le proporcionar\u00e1n un an\u00e1lisis fiable y completo del rendimiento de la impresora. Los problemas de calidad de impresi\u00f3n pueden tener varias causas, si echas un vistazo a nuestras preguntas frecuentes encontrar\u00e1s algunas posibles causas y soluciones, o puedes contactar con nuestro equipo de atenci\u00f3n al cliente.<\/p>\n\n\n\n<p><br><strong>&gt;&gt;<\/strong> <strong>Descargue nuestra hoja de prueba de la impresora en escala de grises<\/strong> <strong>&gt;&gt;<\/strong><\/p>\n\n\n\n<div class=\"wp-block-file\"><a id=\"wp-block-file--media-d39c7902-6b1a-4912-8918-243c5ae928b7\" href=\"https:\/\/quecartucho.es\/blog\/wp-content\/uploads\/2022\/11\/Pagina-de-prueba-de-impresora-en-escala-de-grises.pdf\" target=\"_blank\" rel=\"noreferrer noopener\">P\u00e1gina de prueba de impresora en escala de grises<\/a><a href=\"https:\/\/quecartucho.es\/blog\/wp-content\/uploads\/2022\/11\/Pagina-de-prueba-de-impresora-en-escala-de-grises.pdf\" class=\"wp-block-file__button wp-element-button\" download aria-describedby=\"wp-block-file--media-d39c7902-6b1a-4912-8918-243c5ae928b7\">Descarga<\/a><\/div>\n\n\n<div class=\"wp-block-image\">\n<figure class=\"aligncenter size-large\"><img loading=\"lazy\" decoding=\"async\" width=\"724\" height=\"1024\" src=\"https:\/\/quecartucho.es\/blog\/wp-content\/uploads\/2022\/11\/Pagina-de-prueba-de-impresora-en-escala-de-grises-724x1024.jpg\" alt=\"P\u00e1gina de prueba de impresora en escala de grises\" class=\"wp-image-17816\" title=\"\" srcset=\"https:\/\/quecartucho.es\/blog\/wp-content\/uploads\/2022\/11\/Pagina-de-prueba-de-impresora-en-escala-de-grises-724x1024.jpg 724w, https:\/\/quecartucho.es\/blog\/wp-content\/uploads\/2022\/11\/Pagina-de-prueba-de-impresora-en-escala-de-grises-212x300.jpg 212w, https:\/\/quecartucho.es\/blog\/wp-content\/uploads\/2022\/11\/Pagina-de-prueba-de-impresora-en-escala-de-grises-768x1087.jpg 768w, https:\/\/quecartucho.es\/blog\/wp-content\/uploads\/2022\/11\/Pagina-de-prueba-de-impresora-en-escala-de-grises-150x212.jpg 150w, https:\/\/quecartucho.es\/blog\/wp-content\/uploads\/2022\/11\/Pagina-de-prueba-de-impresora-en-escala-de-grises.jpg 826w\" sizes=\"auto, (max-width: 724px) 100vw, 724px\" \/><\/figure>\n<\/div>\n\n\n<h2 class=\"wp-block-heading\">C\u00f3mo imprimir una p\u00e1gina de prueba desde el ordenador<\/h2>\n\n\n\n<p><strong>En Windows<\/strong>:<\/p>\n\n\n\n<div class=\"wp-block-columns is-layout-flex wp-container-core-columns-is-layout-9d6595d7 wp-block-columns-is-layout-flex\">\n<div class=\"wp-block-column is-layout-flow wp-block-column-is-layout-flow\">\n<ul class=\"wp-block-list\">\n<li>Haga clic en el bot\u00f3n de inicio de Windows.<\/li>\n\n\n\n<li>Seleccione el Panel de control (o escriba \u00abpanel de control\u00bb en el cuadro de b\u00fasqueda).<\/li>\n\n\n\n<li>Haga clic en \u00abVer dispositivos e impresoras\u00bb.<\/li>\n\n\n\n<li>Utilice el rat\u00f3n y haga clic con el bot\u00f3n derecho en el icono de la impresora.<\/li>\n\n\n\n<li>Seleccione \u00abPropiedades de la impresora\u00bb.<\/li>\n\n\n\n<li>Haga clic en \u00abImprimir p\u00e1gina de prueba\u00bb.<\/li>\n\n\n\n<li>Ahora se enviar\u00e1 una p\u00e1gina de prueba a la impresora. Despu\u00e9s de imprimir la p\u00e1gina de prueba, haga clic en el bot\u00f3n \u00abAceptar\u00bb para cerrar la ventana emergente.<\/li>\n<\/ul>\n<\/div>\n\n\n\n<div class=\"wp-block-column is-layout-flow wp-block-column-is-layout-flow\">\n<figure class=\"wp-block-image size-large\"><img loading=\"lazy\" decoding=\"async\" width=\"1024\" height=\"576\" src=\"https:\/\/quecartucho.es\/blog\/wp-content\/uploads\/2022\/11\/pagina-de-prueba-windows-1024x576.jpg\" alt=\"pagina-de-prueba-windows\" class=\"wp-image-17785\" title=\"\" srcset=\"https:\/\/quecartucho.es\/blog\/wp-content\/uploads\/2022\/11\/pagina-de-prueba-windows-1024x576.jpg 1024w, https:\/\/quecartucho.es\/blog\/wp-content\/uploads\/2022\/11\/pagina-de-prueba-windows-300x169.jpg 300w, https:\/\/quecartucho.es\/blog\/wp-content\/uploads\/2022\/11\/pagina-de-prueba-windows-768x432.jpg 768w, https:\/\/quecartucho.es\/blog\/wp-content\/uploads\/2022\/11\/pagina-de-prueba-windows-1536x864.jpg 1536w, https:\/\/quecartucho.es\/blog\/wp-content\/uploads\/2022\/11\/pagina-de-prueba-windows-150x84.jpg 150w, https:\/\/quecartucho.es\/blog\/wp-content\/uploads\/2022\/11\/pagina-de-prueba-windows.jpg 2000w\" sizes=\"auto, (max-width: 1024px) 100vw, 1024px\" \/><\/figure>\n<\/div>\n<\/div>\n\n\n\n<p><\/p>\n\n\n\n<p>Tambi\u00e9n puede descargar e imprimir nuestra hoja de pruebas en color, que contiene todo lo que necesita. Como alternativa, si va a imprimir en escala de grises, consulte nuestra hoja de prueba de escala de grises que puede descargar a continuaci\u00f3n.<\/p>\n\n\n\n<div class=\"wp-block-file\"><a id=\"wp-block-file--media-3b55dd04-4c04-4fc5-9db1-d26604bc9ec9\" href=\"https:\/\/quecartucho.es\/blog\/wp-content\/uploads\/2024\/09\/Prueba-de-impresion.pdf\">Prueba de impresi\u00f3n<\/a><a href=\"https:\/\/quecartucho.es\/blog\/wp-content\/uploads\/2024\/09\/Prueba-de-impresion.pdf\" class=\"wp-block-file__button wp-element-button\" download aria-describedby=\"wp-block-file--media-3b55dd04-4c04-4fc5-9db1-d26604bc9ec9\">Descarga<\/a><\/div>\n\n\n\n<div class=\"wp-block-file\"><a id=\"wp-block-file--media-a788edaf-4407-4604-a9a6-a0f9e0ae5cb9\" href=\"https:\/\/quecartucho.es\/blog\/wp-content\/uploads\/2024\/09\/Prueba-de-impresion-para-toner-monocromo.pdf\">Prueba de impresi\u00f3n para toner monocromo<\/a><a href=\"https:\/\/quecartucho.es\/blog\/wp-content\/uploads\/2024\/09\/Prueba-de-impresion-para-toner-monocromo.pdf\" class=\"wp-block-file__button wp-element-button\" download aria-describedby=\"wp-block-file--media-a788edaf-4407-4604-a9a6-a0f9e0ae5cb9\">Descarga<\/a><\/div>\n\n\n\n<p><\/p>\n\n\n\n<p><strong>En Mac<\/strong>: Los pasos son similares, buscando \u00abImpresoras y Esc\u00e1neres\u00bb en \u00abPreferencias del Sistema\u00bb para acceder a la utilidad de la impresora.<\/p>\n\n\n\n<h2 class=\"wp-block-heading\">\u00bfLa calidad de impresi\u00f3n no es de su agrado?<\/h2>\n\n\n\n<p>Es posible que haya que <strong><a href=\"https:\/\/quecartucho.es\/blog\/como-cambiar-un-cartucho-de-tinta-hp\/\">cambiar el cartucho de impresi\u00f3n<\/a><\/strong>. Esto puede variar entre las impresoras. Si no es as\u00ed y la calidad de la impresi\u00f3n sigue siendo mala, env\u00ede un escaneado o una foto de la p\u00e1gina de prueba impresa a nuestro servicio de atenci\u00f3n al cliente. Ellos podr\u00e1n evaluar la calidad de la impresi\u00f3n y aconsejarle sobre c\u00f3mo rectificar el problema.<\/p>\n\n\n<div class=\"wp-block-image\">\n<figure class=\"aligncenter size-full\"><a href=\"https:\/\/quecartucho.es\/\"><img loading=\"lazy\" decoding=\"async\" width=\"854\" height=\"480\" src=\"https:\/\/quecartucho.es\/blog\/wp-content\/uploads\/2023\/11\/cartuchos-de-tinta-baratos.jpg\" alt=\"Cartuchos de tinta baratos\" class=\"wp-image-21279\" title=\"\" srcset=\"https:\/\/quecartucho.es\/blog\/wp-content\/uploads\/2023\/11\/cartuchos-de-tinta-baratos.jpg 854w, https:\/\/quecartucho.es\/blog\/wp-content\/uploads\/2023\/11\/cartuchos-de-tinta-baratos-300x169.jpg 300w, https:\/\/quecartucho.es\/blog\/wp-content\/uploads\/2023\/11\/cartuchos-de-tinta-baratos-768x432.jpg 768w\" sizes=\"auto, (max-width: 854px) 100vw, 854px\" \/><\/a><figcaption class=\"wp-element-caption\">Cartuchos de tinta baratos<\/figcaption><\/figure>\n<\/div>\n\n\n<h2 class=\"wp-block-heading\">TEST IMPRESI\u00d3N CMYK<\/h2>\n\n\n\n<div data-wp-interactive=\"core\/file\" class=\"wp-block-file\"><object data-wp-bind--hidden=\"!state.hasPdfPreview\" hidden class=\"wp-block-file__embed\" data=\"https:\/\/quecartucho.es\/blog\/wp-content\/uploads\/2024\/11\/PATRONESCOLOR.pdf\" type=\"application\/pdf\" style=\"width:100%;height:600px\" aria-label=\"Incrustado de PATRONESCOLOR.\"><\/object><a id=\"wp-block-file--media-cc863bae-5bba-48d5-a10a-0343180e0f13\" href=\"https:\/\/quecartucho.es\/blog\/wp-content\/uploads\/2024\/11\/PATRONESCOLOR.pdf\">PATRONESCOLOR<\/a><a href=\"https:\/\/quecartucho.es\/blog\/wp-content\/uploads\/2024\/11\/PATRONESCOLOR.pdf\" class=\"wp-block-file__button wp-element-button\" download aria-describedby=\"wp-block-file--media-cc863bae-5bba-48d5-a10a-0343180e0f13\">Descarga<\/a><\/div>\n\n\n\n<div class=\"wp-block-columns is-layout-flex wp-container-core-columns-is-layout-9d6595d7 wp-block-columns-is-layout-flex\">\n<div class=\"wp-block-column is-layout-flow wp-block-column-is-layout-flow\">\n<div data-wp-interactive=\"core\/file\" class=\"wp-block-file\"><object data-wp-bind--hidden=\"!state.hasPdfPreview\" hidden class=\"wp-block-file__embed\" data=\"https:\/\/quecartucho.es\/blog\/wp-content\/uploads\/2025\/09\/Test-impresion-CMYK.pdf\" type=\"application\/pdf\" style=\"width:100%;height:600px\" aria-label=\"Incrustado de Test impresi\u00f3n CMYK.\"><\/object><a id=\"wp-block-file--media-3db06d73-cd5d-47bc-9d9d-7bfb77185c24\" href=\"https:\/\/quecartucho.es\/blog\/wp-content\/uploads\/2025\/09\/Test-impresion-CMYK.pdf\">Test impresi\u00f3n CMYK<\/a><a href=\"https:\/\/quecartucho.es\/blog\/wp-content\/uploads\/2025\/09\/Test-impresion-CMYK.pdf\" class=\"wp-block-file__button wp-element-button\" download aria-describedby=\"wp-block-file--media-3db06d73-cd5d-47bc-9d9d-7bfb77185c24\">Descarga<\/a><\/div>\n<\/div>\n\n\n\n<div class=\"wp-block-column is-layout-flow wp-block-column-is-layout-flow\">\n<div data-wp-interactive=\"core\/file\" class=\"wp-block-file\"><object data-wp-bind--hidden=\"!state.hasPdfPreview\" hidden class=\"wp-block-file__embed\" data=\"https:\/\/quecartucho.es\/blog\/wp-content\/uploads\/2025\/09\/Test-impresion-CMYK-LC-LM.pdf\" type=\"application\/pdf\" style=\"width:100%;height:600px\" aria-label=\"Incrustado de Test impresi\u00f3n CMYK + LC LM.\"><\/object><a id=\"wp-block-file--media-96aa1785-5dbc-491b-b103-04c8b7401eb2\" href=\"https:\/\/quecartucho.es\/blog\/wp-content\/uploads\/2025\/09\/Test-impresion-CMYK-LC-LM.pdf\">Test impresi\u00f3n CMYK + LC LM<\/a><a href=\"https:\/\/quecartucho.es\/blog\/wp-content\/uploads\/2025\/09\/Test-impresion-CMYK-LC-LM.pdf\" class=\"wp-block-file__button wp-element-button\" download aria-describedby=\"wp-block-file--media-96aa1785-5dbc-491b-b103-04c8b7401eb2\">Descarga<\/a><\/div>\n<\/div>\n\n\n\n<div class=\"wp-block-column is-layout-flow wp-block-column-is-layout-flow\">\n<div data-wp-interactive=\"core\/file\" class=\"wp-block-file\"><object data-wp-bind--hidden=\"!state.hasPdfPreview\" hidden class=\"wp-block-file__embed\" data=\"https:\/\/quecartucho.es\/blog\/wp-content\/uploads\/2025\/09\/Test-impresion-CMYK-LC-LM-LK-LLK.pdf\" type=\"application\/pdf\" style=\"width:100%;height:600px\" aria-label=\"Incrustado de Test impresi\u00f3n CMYK + LC LM LK LLK.\"><\/object><a id=\"wp-block-file--media-990123b0-2a92-4f89-a7ef-71a0eec76192\" href=\"https:\/\/quecartucho.es\/blog\/wp-content\/uploads\/2025\/09\/Test-impresion-CMYK-LC-LM-LK-LLK.pdf\">Test impresi\u00f3n CMYK + LC LM LK LLK<\/a><a href=\"https:\/\/quecartucho.es\/blog\/wp-content\/uploads\/2025\/09\/Test-impresion-CMYK-LC-LM-LK-LLK.pdf\" class=\"wp-block-file__button wp-element-button\" download aria-describedby=\"wp-block-file--media-990123b0-2a92-4f89-a7ef-71a0eec76192\">Descarga<\/a><\/div>\n<\/div>\n<\/div>\n","protected":false},"excerpt":{"rendered":"<p>Si desea imprimir una hoja de prueba, tenemos varias hojas de examen para impresoras en formato PDF disponibles para su descarga un poco mas abajo \u2b07\ufe0f. La impresi\u00f3n de una hoja de prueba te permite analizar y calibrar eficazmente el rendimiento de tu impresora. Te ayuda a comprobar la calidad de impresi\u00f3n de tu impresora&hellip;&nbsp;<a href=\"https:\/\/quecartucho.es\/blog\/prueba-de-la-impresora-imprimir-pagina-de-prueba\/\" rel=\"bookmark\">Leer m\u00e1s &raquo;<span class=\"screen-reader-text\">Prueba de la impresora &#8211; Imprimir p\u00e1gina de prueba<\/span><\/a><\/p>\n","protected":false},"author":1,"featured_media":17786,"parent":0,"menu_order":0,"comment_status":"closed","ping_status":"closed","template":"","meta":{"neve_meta_sidebar":"full-width","neve_meta_container":"","neve_meta_enable_content_width":"on","neve_meta_content_width":100,"neve_meta_title_alignment":"","neve_meta_author_avatar":"","neve_post_elements_order":"","neve_meta_disable_header":"","neve_meta_disable_footer":"","neve_meta_disable_title":"","episode_type":"","audio_file":"","podmotor_file_id":"","podmotor_episode_id":"","cover_image":"","cover_image_id":"","duration":"","filesize":"","filesize_raw":"","date_recorded":"","explicit":"","block":"","footnotes":""},"class_list":["post-17783","page","type-page","status-publish","has-post-thumbnail","hentry"],"_links":{"self":[{"href":"https:\/\/quecartucho.es\/blog\/wp-json\/wp\/v2\/pages\/17783","targetHints":{"allow":["GET"]}}],"collection":[{"href":"https:\/\/quecartucho.es\/blog\/wp-json\/wp\/v2\/pages"}],"about":[{"href":"https:\/\/quecartucho.es\/blog\/wp-json\/wp\/v2\/types\/page"}],"author":[{"embeddable":true,"href":"https:\/\/quecartucho.es\/blog\/wp-json\/wp\/v2\/users\/1"}],"replies":[{"embeddable":true,"href":"https:\/\/quecartucho.es\/blog\/wp-json\/wp\/v2\/comments?post=17783"}],"version-history":[{"count":15,"href":"https:\/\/quecartucho.es\/blog\/wp-json\/wp\/v2\/pages\/17783\/revisions"}],"predecessor-version":[{"id":23542,"href":"https:\/\/quecartucho.es\/blog\/wp-json\/wp\/v2\/pages\/17783\/revisions\/23542"}],"wp:featuredmedia":[{"embeddable":true,"href":"https:\/\/quecartucho.es\/blog\/wp-json\/wp\/v2\/media\/17786"}],"wp:attachment":[{"href":"https:\/\/quecartucho.es\/blog\/wp-json\/wp\/v2\/media?parent=17783"}],"curies":[{"name":"wp","href":"https:\/\/api.w.org\/{rel}","templated":true}]}}