{"id":17887,"date":"2022-11-17T18:53:38","date_gmt":"2022-11-17T16:53:38","guid":{"rendered":"https:\/\/quecartucho.es\/blog\/?page_id=17887"},"modified":"2022-11-24T19:06:42","modified_gmt":"2022-11-24T17:06:42","slug":"como-alinear-los-cabezales-de-una-impresora-hp","status":"publish","type":"page","link":"https:\/\/quecartucho.es\/blog\/que-es-un-cabezal-de-impresion\/que-es-la-alineacion-de-cabezales\/como-alinear-los-cabezales-de-una-impresora-hp\/","title":{"rendered":"\u00bfC\u00f3mo alinear los cabezales de una impresora HP?"},"content":{"rendered":"<div id=\"rank-math-faq\" class=\"rank-math-block\">\n<div class=\"rank-math-list \">\n<div id=\"faq-question-1668703030575\" class=\"rank-math-list-item\">\n<h2 class=\"rank-math-question \"><strong>C\u00f3mo alinear los cabezales de una impresora<\/strong> HP<br><\/h2>\n<div class=\"rank-math-answer \">\n<img loading=\"lazy\" decoding=\"async\" width=\"150\" height=\"150\" src=\"https:\/\/quecartucho.es\/blog\/wp-content\/uploads\/2022\/11\/hoja-para-ver-calidad-de-a-alineacion-de-los-cabezales-en-impresoras-HP-150x150.jpg\" class=\"alignright\" alt=\"Hoja para ver calidad de a alineaci\u00f3n de los cabezales en impresoras HP\" title=\"\">\n<p>Las impresoras requieren de un determinado mantenimiento para asegurar una buena <strong>calidad de impresi\u00f3n<\/strong>, como puede ser hacer una <strong><a href=\"https:\/\/quecartucho.es\/blog\/que-es-un-cabezal-de-impresion\/que-es-la-alineacion-de-cabezales\/\">alineaci\u00f3n de cabezales<\/a><\/strong> cada cierto tiempo.<\/p>\n<p>Se trata de un m\u00e9todo que se lleva a cabo con el objetivo de corregir la posici\u00f3n que adoptan los <a href=\"https:\/\/quecartucho.es\/blog\/que-es-un-cabezal-de-impresion\/\">cabezales del perif\u00e9rico<\/a>, evitando as\u00ed que se produzcan desviaciones a la hora de imprimir l\u00edneas y colores.<\/p>\n<p>Por lo general, la mayor\u00eda de los equipos cuentan con un par de formas para llevar a cabo este proceso.<br \/>A lo largo de este art\u00edculo te indicamos c\u00f3mo ejecutar el proceso en diferentes supuestos:<\/p>\n\n<\/div>\n<\/div>\n<\/div>\n<\/div>\n\n\n<h2 class=\"wp-block-heading\"><strong>HP desde el ordenador<\/strong><\/h2>\n\n\n\n<p>Si tienes una <strong>impresora HP<\/strong> podr\u00e1s hacer la alineaci\u00f3n desde el propio sistema operativo, o desde el <strong>panel de control de la impresora<\/strong> (si estamos hablando de un modelo avanzado, contar\u00e1 con una pantalla digital que nos lo permitir\u00e1 hacer; sino, puede que exista una combinaci\u00f3n de botones para ejecutar el proceso).<\/p>\n\n\n\n<p>Estos son los pasos que tendr\u00e1s que dar para iniciarlo desde el S.O:<\/p>\n\n\n\n<p>1) &nbsp; &nbsp; Abre el <strong>asistente de impresi\u00f3n HP<\/strong> (se trata de una herramienta disponible desde Windows).<\/p>\n\n\n\n<p>2) &nbsp; &nbsp; Pulsa en <strong>Mantenimiento de la impresora<\/strong> y busca la opci\u00f3n de <strong>alinear los cartuchos o cabezales de impresi\u00f3n<\/strong>.<\/p>\n\n\n\n<p>3) &nbsp; &nbsp; En el caso de que la impresora sea multifuncional y tenga un esc\u00e1ner, tambi\u00e9n tendr\u00e1s que seguir las instrucciones pertinentes para escanear una p\u00e1gina que se imprimir\u00e1 y as\u00ed se completar\u00e1 la alineaci\u00f3n.<\/p>\n\n\n\n<p>4) &nbsp; &nbsp; No est\u00e1 de m\u00e1s hacer una verificaci\u00f3n de los cartuchos: para ello, abra la puerta de acceso a los mismos, espera a que se detenta la impresi\u00f3n, extrae los cartuchos y revisa si hay residuos. Elimina cualquier elemento extra\u00f1o y vuelve a colocar cada cartucho en su ranura.<\/p>\n\n\n\n<p>5) &nbsp; &nbsp; Espera a que se imprima la <strong>p\u00e1gina de alineaci\u00f3n<\/strong> y comprueba si existe alg\u00fan defecto en la misma (podr\u00edan faltar secciones o colores).<\/p>\n\n\n\n<ol class=\"wp-block-list\">\n<li>&nbsp; &nbsp; Si la p\u00e1gina es correcta, avanza al siguiente paso.<\/li>\n\n\n\n<li>&nbsp; &nbsp; Si no lo es, habr\u00e1 que hacer una limpieza exhaustiva de los contactos el\u00e9ctricos o revisar otras cuestiones.<\/li>\n<\/ol>\n\n\n\n<h2 class=\"wp-block-heading\"><strong>&nbsp;Para Windows 10<\/strong><\/h2>\n\n\n<div class=\"wp-block-image\">\n<figure class=\"aligncenter size-full\"><img loading=\"lazy\" decoding=\"async\" width=\"585\" height=\"304\" src=\"https:\/\/quecartucho.es\/blog\/wp-content\/uploads\/2022\/11\/Como-alinear-los-cabezales-de-una-impresora-HP-desde-el-ordenador-Windows.png\" alt=\"C\u00f3mo alinear los cabezales de una impresora HP desde el ordenador Windows\" class=\"wp-image-17890\" title=\"\" srcset=\"https:\/\/quecartucho.es\/blog\/wp-content\/uploads\/2022\/11\/Como-alinear-los-cabezales-de-una-impresora-HP-desde-el-ordenador-Windows.png 585w, https:\/\/quecartucho.es\/blog\/wp-content\/uploads\/2022\/11\/Como-alinear-los-cabezales-de-una-impresora-HP-desde-el-ordenador-Windows-300x156.png 300w, https:\/\/quecartucho.es\/blog\/wp-content\/uploads\/2022\/11\/Como-alinear-los-cabezales-de-una-impresora-HP-desde-el-ordenador-Windows-150x78.png 150w\" sizes=\"auto, (max-width: 585px) 100vw, 585px\" \/><\/figure>\n<\/div>\n\n\n<p>En <strong>Windows 10<\/strong> podemos encontrar una app especialmente dise\u00f1ada por HP que se encargar\u00e1 de controlar todas las funciones de nuestra impresora. Desde la misma podremos llevar a cabo la funci\u00f3n de <strong>alinear los cabezales<\/strong>.<\/p>\n\n\n\n<p>Esta aplicaci\u00f3n se llama <strong>HP Smart<\/strong> y tambi\u00e9n est\u00e1 disponible para dispositivos m\u00f3viles (como IOS o Android).<\/p>\n\n\n\n<p>Hay 2 formas de instalarla:<\/p>\n\n\n\n<ul class=\"wp-block-list\">\n<li><strong>Desde la propia web de HP: <\/strong>se trata de una instalaci\u00f3n manual, y es que el usuario tendr\u00e1 que acceder por su cuenta a esta plataforma, buscar el enlace e instalarlo como con cualquier otra aplicaci\u00f3n.<\/li>\n\n\n\n<li><strong>A trav\u00e9s de Microsoft Store: <\/strong>tambi\u00e9n podemos utilizar la propia store de Microsoft para hacerlo. Usa el buscador para escribir <strong>Microsoft Store<\/strong>, busca <strong>HP Smart<\/strong> dentro de la misma y pulsa en instalar.<\/li>\n<\/ul>\n\n\n\n<p>Una vez que tengas instalada la app, accede a <strong>Herramientas de calidad de impresi\u00f3n<\/strong> y aqu\u00ed te aparecer\u00e1n un listado de funciones que se ajustar\u00e1n al modelo con el que cuentas. Simplemente pulsa en <strong>alinear los cabezales de impresi\u00f3n<\/strong> y sigue las instrucciones espec\u00edficas (ser\u00e1n bastante similares a las que hemos visto en el apartado anterior).<\/p>\n\n\n\n<ul class=\"wp-block-list\">\n<li><strong>Importante: <\/strong>la aplicaci\u00f3n debe actualizarse con regularidad para garantizar un funcionamiento \u00f3ptimo. Esto se puede hacer desde la propia Store, con tan solo pulsa en el bot\u00f3n de <strong>actualizar<\/strong> si existe alg\u00fan tipo de actualizaci\u00f3n disponible en ese momento.<\/li>\n<\/ul>\n\n\n\n<p><\/p>\n\n\n\n<h2 class=\"wp-block-heading\"><strong>Utilizar HP Utility en una Mac<\/strong><\/h2>\n\n\n<div class=\"wp-block-image\">\n<figure class=\"aligncenter size-full\"><img loading=\"lazy\" decoding=\"async\" width=\"475\" height=\"280\" src=\"https:\/\/quecartucho.es\/blog\/wp-content\/uploads\/2022\/11\/HP-Utility-en-una-Mac-para-alinear-los-cabezales-de-una-impresora-H.gif\" alt=\"HP Utility en una Mac para alinear los cabezales de una impresora HP\" class=\"wp-image-17894\" title=\"\"><\/figure>\n<\/div>\n\n\n<p>HP tiene su propia aplicaci\u00f3n para dispositivos MAC. Se trata de <strong>HP Utility <\/strong>y es muy similar a la que encontramos en el sistema operativo Windows.<\/p>\n\n\n\n<p>Para utilizarla tendremos que asegurarnos de que la impresora se encuentra conectada por cable USB o en la misma red WiFi que el MAC.<\/p>\n\n\n\n<ul class=\"wp-block-list\">\n<li>Si no fuese compatible con <strong>AirPrint<\/strong>, o si no se pudiese conectar la impresora por <strong>USB<\/strong>, la alternativa es emplear <strong>Spotlight<\/strong>.<\/li>\n\n\n\n<li>Algunos modelos espec\u00edficos cuentan con un bot\u00f3n para activar la conexi\u00f3n WiFi. Tan solo tendremos que dejarlo encendido durante algunos minutos para que se active dicha funci\u00f3n.<\/li>\n<\/ul>\n\n\n\n<p>Cuando est\u00e9 sincronizada la impresora con el equipo, simplemente abre la aplicaci\u00f3n de <strong>HP Utility<\/strong>, comprueba que hay conexi\u00f3n y pulsa en la funci\u00f3n de <strong>alinear los cabezales<\/strong>.<\/p>\n\n\n\n<p>En la HP tambi\u00e9n podemos encontrar otras funciones de diagn\u00f3stico que nos servir\u00e1n para determinar que la impresora funciona correctamente.<\/p>\n\n\n<div class=\"wp-block-image\">\n<figure class=\"aligncenter size-large\"><img loading=\"lazy\" decoding=\"async\" width=\"1024\" height=\"632\" src=\"https:\/\/quecartucho.es\/blog\/wp-content\/uploads\/2022\/11\/\u00bfComo-alinear-los-cabezales-de-una-impresora-HP-1024x632.jpg\" alt=\"\u00bfC\u00f3mo alinear los cabezales de una impresora HP?\" class=\"wp-image-17892\" title=\"\" srcset=\"https:\/\/quecartucho.es\/blog\/wp-content\/uploads\/2022\/11\/\u00bfComo-alinear-los-cabezales-de-una-impresora-HP-1024x632.jpg 1024w, https:\/\/quecartucho.es\/blog\/wp-content\/uploads\/2022\/11\/\u00bfComo-alinear-los-cabezales-de-una-impresora-HP-300x185.jpg 300w, https:\/\/quecartucho.es\/blog\/wp-content\/uploads\/2022\/11\/\u00bfComo-alinear-los-cabezales-de-una-impresora-HP-768x474.jpg 768w, https:\/\/quecartucho.es\/blog\/wp-content\/uploads\/2022\/11\/\u00bfComo-alinear-los-cabezales-de-una-impresora-HP-150x93.jpg 150w, https:\/\/quecartucho.es\/blog\/wp-content\/uploads\/2022\/11\/\u00bfComo-alinear-los-cabezales-de-una-impresora-HP.jpg 1248w\" sizes=\"auto, (max-width: 1024px) 100vw, 1024px\" \/><figcaption class=\"wp-element-caption\">\u00bfC\u00f3mo alinear los cabezales de una impresora HP?<\/figcaption><\/figure>\n<\/div>\n\n\n<h2 class=\"wp-block-heading\"><strong>C\u00f3mo alinear los cabezales de una impresora HP desde el propio panel de control<\/strong><\/h2>\n\n\n\n<p>Si la impresora tiene <strong>panel de control<\/strong> no ser\u00e1 necesario conectarla a ning\u00fan perif\u00e9rico para llevar a cabo la funci\u00f3n de la alineaci\u00f3n de los cabezales. Tan solo habr\u00e1 que seguir las instrucciones que se nos ir\u00e1n indicando en la pantalla y\/o en el manual de instrucciones del fabricante.<\/p>\n\n\n\n<p>1) &nbsp; &nbsp; Pulsa en <strong>herramientas<\/strong> (dependiendo del modelo, esta secci\u00f3n puede llamarse de maneras muy diferentes: por ejemplo, podr\u00eda llamarse <strong>mantenimiento de la impresora)<\/strong>.<\/p>\n\n\n\n<p>2) &nbsp; &nbsp; Pulsa en<strong> Alinear cartuchos<\/strong> -&gt; <strong>Alinear cabezal de impresi\u00f3n<\/strong> y finalmente en <strong>imprimir una p\u00e1gina de alineaci\u00f3n<\/strong>.<\/p>\n\n\n\n<p>3) &nbsp; &nbsp; Dedica el tiempo que necesites para comprobar si existe alg\u00fan tipo de anomal\u00eda en la p\u00e1gina que ha impreso la impresora.<\/p>\n\n\n\n<p>4) &nbsp; &nbsp; Si todo est\u00e1 bien, tan solo tendr\u00e1s que confirmarla y seguir las instrucciones.<\/p>\n\n\n\n<p>5) &nbsp; &nbsp; Si la p\u00e1gina no ha salido correctamente tendr\u00e1s que revisar si existe alg\u00fan tipo de problema con los cartuchos. En el manual de instrucciones se te indicar\u00e1 cu\u00e1les son los posibles problemas.<\/p>\n\n\n\n<div class=\"wp-block-columns is-layout-flex wp-container-core-columns-is-layout-9d6595d7 wp-block-columns-is-layout-flex\">\n<div class=\"wp-block-column is-layout-flow wp-block-column-is-layout-flow\">\n<h2 class=\"wp-block-heading\"><strong>C\u00f3mo alinear los cabezales de una impresora HP desde el m\u00f3vil<\/strong><\/h2>\n\n\n\n<p>Adem\u00e1s de poder hacer la alineaci\u00f3n de cabezales a trav\u00e9s del propio software del sistema operativo (tanto de Windows, como de MAC) o desde el panel de control de la impresora, tambi\u00e9n es posible hacer el proceso a trav\u00e9s de un <strong>tel\u00e9fono m\u00f3vil<\/strong> (con independencia de que se trate de un sistema operativo Android, o IOS).<\/p>\n\n\n\n<p>Vamos a ver de forma detallada como se le llevar\u00eda a cabo en dichos sistemas:<\/p>\n<\/div>\n\n\n\n<div class=\"wp-block-column is-layout-flow wp-block-column-is-layout-flow\">\n<figure class=\"wp-block-image size-full\"><img loading=\"lazy\" decoding=\"async\" width=\"550\" height=\"367\" src=\"https:\/\/quecartucho.es\/blog\/wp-content\/uploads\/2022\/11\/alinear-los-cabezales-de-una-impresora-HP-desde-el-movil-con-android.jpg\" alt=\"alinear los cabezales de una impresora HP desde el m\u00f3vil con android\" class=\"wp-image-17898\" title=\"\" srcset=\"https:\/\/quecartucho.es\/blog\/wp-content\/uploads\/2022\/11\/alinear-los-cabezales-de-una-impresora-HP-desde-el-movil-con-android.jpg 550w, https:\/\/quecartucho.es\/blog\/wp-content\/uploads\/2022\/11\/alinear-los-cabezales-de-una-impresora-HP-desde-el-movil-con-android-300x200.jpg 300w, https:\/\/quecartucho.es\/blog\/wp-content\/uploads\/2022\/11\/alinear-los-cabezales-de-una-impresora-HP-desde-el-movil-con-android-150x100.jpg 150w\" sizes=\"auto, (max-width: 550px) 100vw, 550px\" \/><\/figure>\n<\/div>\n<\/div>\n\n\n\n<h3 class=\"wp-block-heading\"><strong>Con un Android<\/strong><\/h3>\n\n\n\n<p>Desde Android nos tendremos que hacer con la misma aplicaci\u00f3n que para Windows 10: es decir, con <strong>HP Smart<\/strong>.<\/p>\n\n\n\n<p>Esta app se descarga c\u00f3modamente desde <strong>Google Play<\/strong>, por lo que tan solo la tendremos que buscar, pulsar en instalar y esperar a que se complete el proceso.<\/p>\n\n\n\n<p>Requiere de una configuraci\u00f3n inicial en la que tendremos que introducir nuestras credenciales (e-mail asociado y contrase\u00f1a). Si es la primera vez que inicias sesi\u00f3n, tambi\u00e9n tendr\u00e1s que hacer la sincronizaci\u00f3n con el modelo de impresora que tienes.<\/p>\n\n\n\n<p>Una vez est\u00e9 sincronizada, simplemente tendr\u00e1s que acceder a las <strong>herramientas<\/strong>, buscar la de <strong>alineaci\u00f3n de cartuchos<\/strong> y activarla.<\/p>\n\n\n\n<p>Sigue las instrucciones que aparezcan en el tel\u00e9fono m\u00f3vil y confirma si todo est\u00e1 bien.<\/p>\n\n\n\n<h3 class=\"wp-block-heading\"><strong>Con un iPhone<\/strong><\/h3>\n\n\n\n<div class=\"wp-block-columns is-layout-flex wp-container-core-columns-is-layout-9d6595d7 wp-block-columns-is-layout-flex\">\n<div class=\"wp-block-column is-layout-flow wp-block-column-is-layout-flow\">\n<p>En el caso de que tengas un<strong> iPhone<\/strong> o un <strong>iPad<\/strong>, el proceso es pr\u00e1cticamente el mismo debido a que tambi\u00e9n se utiliza la aplicaci\u00f3n de <strong>HP Smart<\/strong>.<\/p>\n\n\n\n<p>La \u00fanica diferencia es que la descargaremos desde la <strong>Apple Store<\/strong> (que es el market que corresponde a los dispositivos de IOS).<\/p>\n\n\n\n<p>Simplemente, instala la app, sincronizala con la impresora, busca la funci\u00f3n de alinear los cartuchos dentro de sus herramientas y espera a que termine el proceso siguiendo las instrucciones que aparecen en la pantalla del dispositivo.<\/p>\n\n\n\n<p>Estos han sido los diferentes procedimientos a seguir para <strong>alinear los cabezales de una impresora<\/strong>. S\u00edguelos y ver\u00e1s c\u00f3mo no tienes ning\u00fan problema.<\/p>\n<\/div>\n\n\n\n<div class=\"wp-block-column is-layout-flow wp-block-column-is-layout-flow\">\n<figure class=\"wp-block-image size-large\"><img loading=\"lazy\" decoding=\"async\" width=\"1024\" height=\"614\" src=\"https:\/\/quecartucho.es\/blog\/wp-content\/uploads\/2022\/11\/alinear-los-cabezales-de-una-impresora-HP-desde-el-Iphone-1024x614.webp\" alt=\"Alinear los cabezales de una impresora HP desde el iPhone\" class=\"wp-image-17896\" title=\"\" srcset=\"https:\/\/quecartucho.es\/blog\/wp-content\/uploads\/2022\/11\/alinear-los-cabezales-de-una-impresora-HP-desde-el-Iphone-1024x614.webp 1024w, https:\/\/quecartucho.es\/blog\/wp-content\/uploads\/2022\/11\/alinear-los-cabezales-de-una-impresora-HP-desde-el-Iphone-300x180.webp 300w, https:\/\/quecartucho.es\/blog\/wp-content\/uploads\/2022\/11\/alinear-los-cabezales-de-una-impresora-HP-desde-el-Iphone-768x461.webp 768w, https:\/\/quecartucho.es\/blog\/wp-content\/uploads\/2022\/11\/alinear-los-cabezales-de-una-impresora-HP-desde-el-Iphone-150x90.webp 150w, https:\/\/quecartucho.es\/blog\/wp-content\/uploads\/2022\/11\/alinear-los-cabezales-de-una-impresora-HP-desde-el-Iphone.webp 1200w\" sizes=\"auto, (max-width: 1024px) 100vw, 1024px\" \/><\/figure>\n<\/div>\n<\/div>\n\n\n\n<h2 class=\"wp-block-heading\">C\u00f3mo solucionar errores de alineaci\u00f3n en las impresoras HP<\/h2>\n\n\n\n<figure class=\"wp-block-embed is-type-video is-provider-youtube wp-block-embed-youtube wp-embed-aspect-16-9 wp-has-aspect-ratio\"><div class=\"wp-block-embed__wrapper\">\n<div class=\"nv-iframe-embed\"><iframe loading=\"lazy\" title=\"C\u00f3mo solucionar errores de alineaci\u00f3n en las impresoras HP | Impresoras HP | HP Support\" width=\"1200\" height=\"675\" src=\"https:\/\/www.youtube.com\/embed\/GEcO0iSvwZk?feature=oembed\" frameborder=\"0\" allow=\"accelerometer; autoplay; clipboard-write; encrypted-media; gyroscope; picture-in-picture\" allowfullscreen><\/iframe><\/div>\n<\/div><\/figure>\n","protected":false},"excerpt":{"rendered":"<p>HP desde el ordenador Si tienes una impresora HP podr\u00e1s hacer la alineaci\u00f3n desde el propio sistema operativo, o desde el panel de control de la impresora (si estamos hablando de un modelo avanzado, contar\u00e1 con una pantalla digital que nos lo permitir\u00e1 hacer; sino, puede que exista una combinaci\u00f3n de botones para ejecutar el&hellip;&nbsp;<a href=\"https:\/\/quecartucho.es\/blog\/que-es-un-cabezal-de-impresion\/que-es-la-alineacion-de-cabezales\/como-alinear-los-cabezales-de-una-impresora-hp\/\" rel=\"bookmark\">Leer m\u00e1s &raquo;<span class=\"screen-reader-text\">\u00bfC\u00f3mo alinear los cabezales de una impresora HP?<\/span><\/a><\/p>\n","protected":false},"author":1,"featured_media":17930,"parent":4702,"menu_order":0,"comment_status":"closed","ping_status":"closed","template":"","meta":{"neve_meta_sidebar":"full-width","neve_meta_container":"","neve_meta_enable_content_width":"on","neve_meta_content_width":100,"neve_meta_title_alignment":"","neve_meta_author_avatar":"","neve_post_elements_order":"","neve_meta_disable_header":"","neve_meta_disable_footer":"","neve_meta_disable_title":"","episode_type":"","audio_file":"","podmotor_file_id":"","podmotor_episode_id":"","cover_image":"","cover_image_id":"","duration":"","filesize":"","filesize_raw":"","date_recorded":"","explicit":"","block":"","footnotes":""},"class_list":["post-17887","page","type-page","status-publish","has-post-thumbnail","hentry"],"_links":{"self":[{"href":"https:\/\/quecartucho.es\/blog\/wp-json\/wp\/v2\/pages\/17887","targetHints":{"allow":["GET"]}}],"collection":[{"href":"https:\/\/quecartucho.es\/blog\/wp-json\/wp\/v2\/pages"}],"about":[{"href":"https:\/\/quecartucho.es\/blog\/wp-json\/wp\/v2\/types\/page"}],"author":[{"embeddable":true,"href":"https:\/\/quecartucho.es\/blog\/wp-json\/wp\/v2\/users\/1"}],"replies":[{"embeddable":true,"href":"https:\/\/quecartucho.es\/blog\/wp-json\/wp\/v2\/comments?post=17887"}],"version-history":[{"count":8,"href":"https:\/\/quecartucho.es\/blog\/wp-json\/wp\/v2\/pages\/17887\/revisions"}],"predecessor-version":[{"id":17931,"href":"https:\/\/quecartucho.es\/blog\/wp-json\/wp\/v2\/pages\/17887\/revisions\/17931"}],"up":[{"embeddable":true,"href":"https:\/\/quecartucho.es\/blog\/wp-json\/wp\/v2\/pages\/4702"}],"wp:featuredmedia":[{"embeddable":true,"href":"https:\/\/quecartucho.es\/blog\/wp-json\/wp\/v2\/media\/17930"}],"wp:attachment":[{"href":"https:\/\/quecartucho.es\/blog\/wp-json\/wp\/v2\/media?parent=17887"}],"curies":[{"name":"wp","href":"https:\/\/api.w.org\/{rel}","templated":true}]}}