{"id":17922,"date":"2022-11-24T19:02:13","date_gmt":"2022-11-24T17:02:13","guid":{"rendered":"https:\/\/quecartucho.es\/blog\/?page_id=17922"},"modified":"2022-11-24T19:35:55","modified_gmt":"2022-11-24T17:35:55","slug":"como-alinear-cabezales-en-una-impresora-canon","status":"publish","type":"page","link":"https:\/\/quecartucho.es\/blog\/que-es-un-cabezal-de-impresion\/que-es-la-alineacion-de-cabezales\/como-alinear-cabezales-en-una-impresora-canon\/","title":{"rendered":"<strong>\u00bfC\u00f3mo alinear cabezales en una impresora Canon?<\/strong>"},"content":{"rendered":"\n<p>Al <strong>alinear los <a href=\"https:\/\/quecartucho.es\/blog\/que-es-un-cabezal-de-impresion\/\">cabezales de una impresora<\/a><\/strong> se consigue que dichos elementos puedan alcanzar una posici\u00f3n adecuada para reducir las posibilidades de que se produzca cualquier tipo de desviaci\u00f3n en las l\u00edneas o en los colores.<\/p>\n\n\n\n<p>Las impresoras que se pueden encontrar en el mercado nos ofrecen, como m\u00ednimo, un par de formas para llevar a cabo la alineaci\u00f3n de cabezales. As\u00ed, podremos usar la que m\u00e1s sencilla nos resulte.<\/p>\n\n\n\n<p>Una incorrecta alineaci\u00f3n nunca producir\u00e1 una impresi\u00f3n de calidad. Aunque existen muchas posibles razones que puedan explicar el error, los expertos recomiendan empezar por llevar a cabo una <strong><a href=\"https:\/\/quecartucho.es\/blog\/que-es-un-cabezal-de-impresion\/que-es-la-alineacion-de-cabezales\/\">alineaci\u00f3n de cabezales<\/a><\/strong>. Si descartamos que este sea el error, podemos seguir probando otros recursos.<\/p>\n\n\n\n<p>En este art\u00edculo nos vamos a centrar en c\u00f3mo llevar a cabo esta alineaci\u00f3n en una <strong><a href=\"https:\/\/quecartucho.es\/blog\/impresoras-canon\/\">impresora Canon<\/a><\/strong>.<\/p>\n\n\n\n<h2 class=\"wp-block-heading\"><strong>Alinear cabezales impresora Canon Pixma<\/strong><\/h2>\n\n\n\n<p>Las <strong>impresoras Canon Pixma<\/strong> destacan por conseguir unas impresiones de alta calidad y r\u00e1pidas al mismo tiempo, lo que ha provocado que se encuentre entre las claras favoritas de los usuarios.<\/p>\n\n\n\n<p>Esto es posible debido a que la marca le ha integrado un <strong>cabezal de impresi\u00f3n<\/strong> \u00fanico, con una tecnolog\u00eda de lo m\u00e1s avanzada.<\/p>\n\n\n\n<p>Pero, como cualquier otro tipo de perif\u00e9rico, tambi\u00e9n requiere de un cierto mantenimiento, como hacer una <strong>alineaci\u00f3n de cabezales<\/strong> cada vez que se cambia el cartucho, o cada cierto tiempo.<\/p>\n\n\n<div class=\"wp-block-image\">\n<figure class=\"aligncenter size-large\"><img loading=\"lazy\" decoding=\"async\" width=\"1024\" height=\"512\" src=\"https:\/\/quecartucho.es\/blog\/wp-content\/uploads\/2022\/11\/\u00bfComo-alinear-cabezales-en-una-impresora-Canon-1024x512.webp\" alt=\"\u00bfC\u00f3mo alinear cabezales en una impresora Canon Pixma?\" class=\"wp-image-17925\" title=\"\" srcset=\"https:\/\/quecartucho.es\/blog\/wp-content\/uploads\/2022\/11\/\u00bfComo-alinear-cabezales-en-una-impresora-Canon-1024x512.webp 1024w, https:\/\/quecartucho.es\/blog\/wp-content\/uploads\/2022\/11\/\u00bfComo-alinear-cabezales-en-una-impresora-Canon-300x150.webp 300w, https:\/\/quecartucho.es\/blog\/wp-content\/uploads\/2022\/11\/\u00bfComo-alinear-cabezales-en-una-impresora-Canon-768x384.webp 768w, https:\/\/quecartucho.es\/blog\/wp-content\/uploads\/2022\/11\/\u00bfComo-alinear-cabezales-en-una-impresora-Canon-150x75.webp 150w, https:\/\/quecartucho.es\/blog\/wp-content\/uploads\/2022\/11\/\u00bfComo-alinear-cabezales-en-una-impresora-Canon.webp 1200w\" sizes=\"auto, (max-width: 1024px) 100vw, 1024px\" \/><figcaption class=\"wp-element-caption\">\u00bfC\u00f3mo alinear cabezales en una impresora Canon Pixma?<\/figcaption><\/figure>\n<\/div>\n\n\n<p>Aqu\u00ed te explicamos c\u00f3mo se debe llevar a cabo este proceso:<\/p>\n\n\n\n<p>1) &nbsp; &nbsp; Antes de nada, aseg\u00farate de que la impresora est\u00e1 correctamente instalada y configurada para que se pueda imprimir desde el ordenador (no importa si lo haces desde el sistema operativo Windows o desde un MAC).<\/p>\n\n\n\n<p>2) &nbsp; &nbsp; Accede a la pantalla de <strong>Configurar<\/strong> dentro del software correspondiente para para S.O.<\/p>\n\n\n\n<p>3) &nbsp; &nbsp; Pulsa en la opci\u00f3n de <strong>Men\u00fa<\/strong> en el apartado de <strong>Setup Menu<\/strong>.<\/p>\n\n\n\n<p>4) &nbsp; &nbsp; Busca la opci\u00f3n de <strong>mantenimiento<\/strong> (puede ser <em>Maintenance<\/em> o tener alg\u00fan nombre parecido) y pulsa en<strong> OK<\/strong> para aceptar la selecci\u00f3n.<\/p>\n\n\n\n<p>5) &nbsp; &nbsp; Acceder\u00e1s a la configuraci\u00f3n avanzada de la impresora y tan solo tendr\u00e1s que buscar la opci\u00f3n de <strong>Alineaci\u00f3n auto cabezales<\/strong>.<\/p>\n\n\n\n<p>6) &nbsp; &nbsp; Te aparecer\u00e1 una pantalla de confirmaci\u00f3n que podr\u00e1s confirmar pulsando \u00fanicamente <strong>Si<\/strong> o el bot\u00f3n de <strong>OK<\/strong>.<\/p>\n\n\n\n<p>Comprueba si la hoja de patr\u00f3n se ha impreso correctamente (si las l\u00edneas y los colores siguen un patr\u00f3n l\u00f3gico). Si es as\u00ed, cuando el ordenador te pregunte <em>\u00bfSe han imprimido bien los patrones<\/em>? simplemente pulsa en que S\u00ed.<\/p>\n\n\n\n<p>Ahora coloca la hoja en el escanear y la impresora aplicar\u00e1 de forma autom\u00e1tica la configuraci\u00f3n. Ten mucho cuidado de no arrugar o manchar la hoja porque, de lo contrario, no se podr\u00e1 escanear correctamente.<\/p>\n\n\n\n<h2 class=\"wp-block-heading\"><strong>Alineaci\u00f3n del cabezal de mi impresora Canon desde el panel de botones<\/strong><\/h2>\n\n\n\n<p>No es necesario que la impresora est\u00e9 instalada o configurada desde un ordenador para hacer la <strong>alineaci\u00f3n de cabezales<\/strong>. Lo m\u00e1s com\u00fan es que tenga un sistema para llevar a cabo el proceso desde los botones o desde una pantalla.<\/p>\n\n\n\n<p>En esta secci\u00f3n te ense\u00f1amos c\u00f3mo se debe llevar a cabo el proceso de forma manual.<\/p>\n\n\n\n<p>1) &nbsp; &nbsp; Enciende la impresora.<\/p>\n\n\n\n<p>2) &nbsp; &nbsp; Utiliza las flechas de desplazamiento (o el sistema que use la impresora) para desplazarte entre las diferentes opciones y as\u00ed llegar a la <strong>configuraci\u00f3n<\/strong> <strong>personalizada<\/strong>.<\/p>\n\n\n\n<p>3) &nbsp; &nbsp; Desde aqu\u00ed tendr\u00e1s que buscar la opci\u00f3n de <strong>Mantenimiento -&gt; Configuraci\u00f3n <\/strong>(ten en cuenta que esta ruta puede variar ligeramente, por lo que puedes consultar el manual de instrucciones para saber exactamente d\u00f3nde est\u00e1 la funci\u00f3n).<\/p>\n\n\n\n<p>4) &nbsp; &nbsp; Busca la opci\u00f3n de <strong>alinear cabezales manualmente<\/strong>.<\/p>\n\n\n\n<p>5) &nbsp; &nbsp; Confirma pulsando en <strong>Enviar<\/strong> y pulsa OK en el momento en el que te aparezca el mensaje de confirmaci\u00f3n en la pantalla.<\/p>\n\n\n\n<p>6) &nbsp; &nbsp; Ahora pulsa en <strong>Alineaci\u00f3n de cabezales de impresi\u00f3n<\/strong>, dentro de <strong>Mantenimiento<\/strong> y marca <strong>Iniciar alineaci\u00f3n de cabezales de impresi\u00f3n<\/strong>.<\/p>\n\n\n\n<p>7) &nbsp; &nbsp; Aseg\u00farate de que la impresora tiene papel listo para imprimir.<\/p>\n\n\n\n<p>8) &nbsp; &nbsp; Revisa que el patr\u00f3n impreso es correcto (que las l\u00edneas no est\u00e1n dobladas y que los colores son los adecuados.<\/p>\n\n\n\n<p>9) &nbsp; &nbsp; Si tu impresora no tiene esc\u00e1ner, tendr\u00e1s que introducir el <strong>n\u00ba de patrones<\/strong> con el menor n\u00ba de franjas blancas en los cuadros correspondientes. Si tiene esc\u00e1ner, el proceso ser\u00e1 autom\u00e1tico.<\/p>\n\n\n\n<p>10)&nbsp; Confirma el resultado y vuelve a imprimir para asegurarte de que todo est\u00e9 correcto.<\/p>\n\n\n\n<p><\/p>\n\n\n\n<p>Este proceso gasta un poco de tinta, si te quedas sin, puedes ver en nuestra web los <a href=\"https:\/\/quecartucho.es\/4291-cartuchos-de-tinta-canon-compatibles\">cartuchos compatibles para Canon<\/a> Pixma al mejor precio.<\/p>\n\n\n\n<h2 class=\"wp-block-heading\"><strong>Alinear los cabezales de mi impresora Canon desde mi PC<\/strong><\/h2>\n\n\n\n<p>El proceso para <strong>alinear los cabezales de tu impresora Canon desde el PC<\/strong> es pr\u00e1cticamente el mismo que el de una impresora Pixma, aunque pueden existir variaciones importantes dependiendo del modelo del que estemos hablando.<\/p>\n\n\n\n<p>En cualquier caso, detallamos los pasos para que no tengas ning\u00fan problema:<\/p>\n\n\n\n<p>1) &nbsp; &nbsp; Enciende el perif\u00e9rico.<\/p>\n\n\n\n<p>2) &nbsp; &nbsp; En el cuadro de b\u00fasqueda del ordenador introduce el nombre del software o del controlador de la impresora y haces click sobre el mismo.<\/p>\n\n\n\n<p>3) &nbsp; &nbsp; Accede al apartado de configuraci\u00f3n avanzada, dentro de la pesta\u00f1a de <strong>mantenimiento<\/strong>).<\/p>\n\n\n\n<p>4) &nbsp; &nbsp; Deber\u00edas poder encontrar una opci\u00f3n de <strong>alineaci\u00f3n de cabezales<\/strong> o <strong>alinear cabezales manualmente<\/strong>. Al pulsar sobre la misma nos aparecer\u00e1 un mensaje de confirmaci\u00f3n y simplemente lo tendr\u00e1s que aceptar.<\/p>\n\n\n\n<p>5) &nbsp; &nbsp; Como en el caso anterior, hay dos maneras de hacer la alineaci\u00f3n<\/p>\n\n\n\n<ol class=\"wp-block-list\">\n<li>&nbsp; &nbsp; <strong>Manualmente: <\/strong>esta alineaci\u00f3n se llevar\u00e1 a cabo en el caso de que la impresora no tenga un esc\u00e1ner. Habr\u00e1 que introducir por nuestra cuenta los n\u00fameros que corresponden a cada categor\u00eda cuyos cuadros o patrones tengan el n\u00famero m\u00ednimo de franjas blancas. Solo as\u00ed conseguiremos una correcta alineaci\u00f3n.<\/li>\n\n\n\n<li>&nbsp; &nbsp; <strong>Autom\u00e1tica: <\/strong>tan solo podremos optar por este tipo de alineaci\u00f3n en el caso de que nuestra impresora tenga esc\u00e1ner. Simplemente, tendremos que escanear el patr\u00f3n que nos ha sacado el perif\u00e9rico y esperar a que se complete el proceso.<\/li>\n<\/ol>\n\n\n\n<p>6) &nbsp; &nbsp; Si todo est\u00e1 correcto, \u00fanicamente pulsamos en <strong>Ok<\/strong> y la impresora habr\u00e1 quedado completamente calibrada. Puedes hacer una impresi\u00f3n de prueba para comprobar que no hay ning\u00fan tipo de problema.<\/p>\n\n\n\n<p>Ahora ya sabes <strong>c\u00f3mo alinear cabezales en una impresora Canon<\/strong>. Si quieres conocer el proceso con mayor exactitud, nuestra recomendaci\u00f3n es que sigas las instrucciones detalladas en el manual. Y si tienes alguna duda, puedes consultarla con atenci\u00f3n al cliente de la marca.<\/p>\n\n\n\n<p><\/p>\n\n\n\n<blockquote class=\"wp-block-quote is-layout-flow wp-block-quote-is-layout-flow\">\n<p>Alineaci\u00f3n del cabezal de impresi\u00f3n, Alineaci\u00f3n del cabezal de impresi\u00f3n, Canon<\/p>\n\n\n\n<p><a href=\"https:\/\/www.canon.es\/support\/consumer_products\/content\/faq\/?itemid=tcm:86-775018\" rel=\"nofollow noopener\" target=\"_blank\">https:\/\/www.canon.es\/support\/consumer_products\/content\/faq\/?itemid=tcm:86-775018<\/a><\/p>\n<\/blockquote>\n\n\n\n<h2 class=\"wp-block-heading\">Alineaci\u00f3n del Cabezal de impresi\u00f3n impresoras Canon<\/h2>\n\n\n\n<figure class=\"wp-block-embed is-type-video is-provider-youtube wp-block-embed-youtube wp-embed-aspect-16-9 wp-has-aspect-ratio\"><div class=\"wp-block-embed__wrapper\">\n<div class=\"nv-iframe-embed\"><iframe loading=\"lazy\" title=\"Alineaci\u00f3n del Cabezal de impresi\u00f3n impresoras Canon TR-4550 y otros modelos\" width=\"1200\" height=\"675\" src=\"https:\/\/www.youtube.com\/embed\/lrBmPJVIiDw?feature=oembed\" frameborder=\"0\" allow=\"accelerometer; autoplay; clipboard-write; encrypted-media; gyroscope; picture-in-picture\" allowfullscreen><\/iframe><\/div>\n<\/div><\/figure>\n","protected":false},"excerpt":{"rendered":"<p>Al alinear los cabezales de una impresora se consigue que dichos elementos puedan alcanzar una posici\u00f3n adecuada para reducir las posibilidades de que se produzca cualquier tipo de desviaci\u00f3n en las l\u00edneas o en los colores. Las impresoras que se pueden encontrar en el mercado nos ofrecen, como m\u00ednimo, un par de formas para llevar&hellip;&nbsp;<a href=\"https:\/\/quecartucho.es\/blog\/que-es-un-cabezal-de-impresion\/que-es-la-alineacion-de-cabezales\/como-alinear-cabezales-en-una-impresora-canon\/\" rel=\"bookmark\">Leer m\u00e1s &raquo;<span class=\"screen-reader-text\"><strong>\u00bfC\u00f3mo alinear cabezales en una impresora Canon?<\/strong><\/span><\/a><\/p>\n","protected":false},"author":1,"featured_media":17924,"parent":4702,"menu_order":0,"comment_status":"closed","ping_status":"closed","template":"","meta":{"neve_meta_sidebar":"full-width","neve_meta_container":"","neve_meta_enable_content_width":"on","neve_meta_content_width":100,"neve_meta_title_alignment":"","neve_meta_author_avatar":"","neve_post_elements_order":"","neve_meta_disable_header":"","neve_meta_disable_footer":"","neve_meta_disable_title":"","episode_type":"","audio_file":"","podmotor_file_id":"","podmotor_episode_id":"","cover_image":"","cover_image_id":"","duration":"","filesize":"","filesize_raw":"","date_recorded":"","explicit":"","block":"","footnotes":""},"class_list":["post-17922","page","type-page","status-publish","has-post-thumbnail","hentry"],"_links":{"self":[{"href":"https:\/\/quecartucho.es\/blog\/wp-json\/wp\/v2\/pages\/17922","targetHints":{"allow":["GET"]}}],"collection":[{"href":"https:\/\/quecartucho.es\/blog\/wp-json\/wp\/v2\/pages"}],"about":[{"href":"https:\/\/quecartucho.es\/blog\/wp-json\/wp\/v2\/types\/page"}],"author":[{"embeddable":true,"href":"https:\/\/quecartucho.es\/blog\/wp-json\/wp\/v2\/users\/1"}],"replies":[{"embeddable":true,"href":"https:\/\/quecartucho.es\/blog\/wp-json\/wp\/v2\/comments?post=17922"}],"version-history":[{"count":4,"href":"https:\/\/quecartucho.es\/blog\/wp-json\/wp\/v2\/pages\/17922\/revisions"}],"predecessor-version":[{"id":17939,"href":"https:\/\/quecartucho.es\/blog\/wp-json\/wp\/v2\/pages\/17922\/revisions\/17939"}],"up":[{"embeddable":true,"href":"https:\/\/quecartucho.es\/blog\/wp-json\/wp\/v2\/pages\/4702"}],"wp:featuredmedia":[{"embeddable":true,"href":"https:\/\/quecartucho.es\/blog\/wp-json\/wp\/v2\/media\/17924"}],"wp:attachment":[{"href":"https:\/\/quecartucho.es\/blog\/wp-json\/wp\/v2\/media?parent=17922"}],"curies":[{"name":"wp","href":"https:\/\/api.w.org\/{rel}","templated":true}]}}