{"id":17934,"date":"2022-11-24T19:35:58","date_gmt":"2022-11-24T17:35:58","guid":{"rendered":"https:\/\/quecartucho.es\/blog\/?page_id=17934"},"modified":"2023-03-22T12:41:26","modified_gmt":"2023-03-22T10:41:26","slug":"como-alinear-los-cabezales-de-una-impresora-epson","status":"publish","type":"page","link":"https:\/\/quecartucho.es\/blog\/que-es-un-cabezal-de-impresion\/que-es-la-alineacion-de-cabezales\/como-alinear-los-cabezales-de-una-impresora-epson\/","title":{"rendered":"<strong>\u00bfC\u00f3mo alinear los cabezales de una impresora Epson?<\/strong>"},"content":{"rendered":"\n<p>\u00bfEst\u00e1s intentando hacer una impresi\u00f3n de un documento o imagen y no consigues que tenga la calidad adecuada? Puede que las l\u00edneas aparezcan dobladas o que los colores de la tinta no se distribuyan de la forma correcta.<\/p>\n\n\n\n<p>Hay muchos posibles motivos que explican el problema, aunque lo m\u00e1s habitual es que los <a href=\"https:\/\/quecartucho.es\/blog\/que-es-un-cabezal-de-impresion\/\"><strong>cabezales<\/strong><\/a> no est\u00e9n correctamente alineados. Esto puede deberse a que se ha llevado a cabo el cambio de <a href=\"https:\/\/quecartucho.es\/\"><strong>cartuchos<\/strong><\/a> recientemente, o simplemente a que se tengan que alinear cada cierto tiempo llevando un <strong>mantenimiento<\/strong>.<\/p>\n\n\n\n<p>El proceso puede variar ligeramente dependiendo de si nos referimos a un sistema operativo Windows, o MAC. Tambi\u00e9n hay diferencias bas\u00e1ndonos en si lo gestionamos desde el propio S.O. o de forma manual.<\/p>\n\n\n\n<p>En este art\u00edculo te describimos los pasos que debes dar para <strong>alinear los cabezales de una impresora Epson<\/strong>. Vamos a ver las diferentes posibilidades para que seas capaz de hacerlo en tu modelo de impresora.<\/p>\n\n\n\n<h2 class=\"wp-block-heading\"><strong>\u00bfC\u00f3mo alinear los cabezales de una impresora Epson en Windows?<\/strong><\/h2>\n\n\n\n<p>Lo primero que tendr\u00e1s que comprobar antes de empezar con la <strong><a href=\"https:\/\/quecartucho.es\/blog\/que-es-un-cabezal-de-impresion\/que-es-la-alineacion-de-cabezales\/\">alineaci\u00f3n de cabezales<\/a><\/strong> es que no exista ning\u00fan indicador de error. De lo contrario, tendr\u00e1s que reiniciarla o encontrar la forma de solucionarlo.<\/p>\n\n\n\n<p>1) &nbsp; &nbsp; Comprueba que se ha cargado papel en la impresora, ya que ser\u00e1 necesario para completar el proceso.<\/p>\n\n\n\n<p>2) &nbsp; &nbsp; Enciende el ordenador, revisa que hay conexi\u00f3n y accede al escritorio. Pulsa en el icono del software de la impresora o utiliza el buscador de la parte inferior para localizar el programa.<\/p>\n\n\n\n<p>3) &nbsp; &nbsp; Espera a que cargue y accede a las <strong>opciones avanzadas<\/strong>, en la secci\u00f3n de <strong>alineaci\u00f3n de cabezales<\/strong>.<\/p>\n\n\n\n<p>4) &nbsp; &nbsp; Pulsa en <strong>Siguiente -&gt; Imprimir<\/strong> y espera a que la impresora imprima la hoja de alineaci\u00f3n. Es muy importante que no canceles ni apagues la impresora mientras se est\u00e1 llevando a cabo este proceso, ya que podr\u00eda fijarse una mala configuraci\u00f3n que ser\u00eda complicada de eliminar.<\/p>\n\n\n\n<p>5) &nbsp; &nbsp; Revisa el patr\u00f3n impreso y sigue al detalle las indicaciones que aparecen en la pantalla.<\/p>\n\n\n\n<ol class=\"wp-block-list\">\n<li>&nbsp; &nbsp; <strong>Para alineaci\u00f3n manual: <\/strong>si la impresora no tiene esc\u00e1ner, tendr\u00e1s que introducir los n\u00fameros que te indique el programa. Es importante ser muy preciso porque, de lo contrario, la alineaci\u00f3n no se llevar\u00e1 a cabo de la forma satisfactoria.<\/li>\n\n\n\n<li>&nbsp; &nbsp; <strong>Para alineaci\u00f3n autom\u00e1tica: <\/strong>la mayor\u00eda de las impresoras Epson actuales cuentan con la funci\u00f3n de esc\u00e1ner, y es partir de esta como se hace la alineaci\u00f3n autom\u00e1tica. Tan solo tendr\u00e1s que escanear la p\u00e1gina del calibrado.<\/li>\n<\/ol>\n\n\n\n<p>6) &nbsp; &nbsp; Pulsa en <strong>siguiente<\/strong> y la calibraci\u00f3n se habr\u00e1 llevado a cabo.<\/p>\n\n\n\n<p>La manera de comprobarlo es hacer de nuevo la impresi\u00f3n que te estaba fallando y determinar si el problema se ha corregido. Si no fuese as\u00ed, tendr\u00e1s que hacer una nueva calibraci\u00f3n, o solucionar un nuevo problema.<\/p>\n\n\n\n<h2 class=\"wp-block-heading\"><strong>\u00bfC\u00f3mo alinear los cabezales de una impresora Epson en MAC?<\/strong><\/h2>\n\n\n\n<p>Si tienes el sistema operativo <strong>MAC<\/strong>, el proceso a seguir ser\u00e1 m\u00e1s o menos el mismo. La \u00fanica diferencia es que las opciones estar\u00e1n situadas en lugares diferentes:<\/p>\n\n\n\n<p>1) &nbsp; &nbsp; Comprueba que no existe ning\u00fan indicador o mensaje de error en la impresora. Aseg\u00farate tambi\u00e9n que haya papel en la impresora para imprimir el documento de calibraci\u00f3n.<\/p>\n\n\n\n<p>2) &nbsp; &nbsp; Accede al <strong>Dock<\/strong> o al <strong>men\u00fa Apple<\/strong>. Desde el mismo accede a la siguiente ruta: <strong>Preferencias del Sistema -&gt; Impresi\u00f3n y Fax -&gt; Impresi\u00f3n y escaneado -&gt; Impresoras y esc\u00e1neres<\/strong>.<\/p>\n\n\n\n<p>3) &nbsp; &nbsp; Te aparecer\u00e1 un listado en donde deber\u00eda estar presente tu impresora. Pulsa sobre la misma y haz clic en <strong>Opciones y recambios \/ Opciones y consumibles<\/strong>. Haz clic sobre <strong>Utilidad<\/strong> y en <strong>Abrir utilidad de Impresoras<\/strong>.<\/p>\n\n\n\n<p>4) &nbsp; &nbsp; Marca en <strong>Alineaci\u00f3n de cabezales -&gt; Siguiente -&gt; Imprimir<\/strong>.<\/p>\n\n\n\n<p>5) &nbsp; &nbsp; A partir de este punto debemos seguir el mismo proceso que en el S.O. de Windows. Es decir, podremos iniciar la calibraci\u00f3n de forma autom\u00e1tica o manual, dependiendo de si tenemos o no una impresora multifuncional. El proceso se completar\u00e1 cuando hayamos introducido el n\u00ba de patr\u00f3n m\u00e1s adecuado (en <strong>alineado manual<\/strong>) o si la escaneamos (en <strong>alineaci\u00f3n autom\u00e1tica<\/strong>).<\/p>\n\n\n\n<p>6) &nbsp; &nbsp; Pulsa en <strong>Realinear<\/strong> y haz una nueva impresi\u00f3n de la hoja de alineaci\u00f3n. Compru\u00e9bala para revisar si todo es correcto; si no lo fuese, tendr\u00e1s que empezar el proceso desde el principio, o bien descartar otro tipo de problema.<\/p>\n\n\n\n<p>Quiz\u00e1 tambi\u00e9n deber\u00edas echar un vistazo al manual para buscar informaci\u00f3n sobre c\u00f3mo <a href=\"https:\/\/quecartucho.es\/blog\/que-es-un-cabezal-de-impresion\/como-limpiar-un-cabezal-de-impresion\/como-limpiar-los-cabezales-de-la-impresora-epson\/\">limpiar cabezales Epson<\/a>.<\/p>\n\n\n\n<blockquote class=\"wp-block-quote is-layout-flow wp-block-quote-is-layout-flow\">\n<p><strong>Alinear o calibrar el cabezal de impresi\u00f3n<\/strong><\/p>\n\n\n\n<p><\/p>\n<cite><a href=\"https:\/\/support.epson-europe.com\/onlineguides\/es\/picturemate\/ref_g\/check_4.htm\" rel=\"nofollow noopener\" target=\"_blank\">https:\/\/support.epson-europe.com\/onlineguides\/es\/picturemate\/ref_g\/check_4.htm<\/a><\/cite><\/blockquote>\n\n\n\n<h2 class=\"wp-block-heading\"><strong>\u00bfC\u00f3mo alinear los cabezales de una impresora Epson desde el propio perif\u00e9rico?<\/strong><\/h2>\n\n\n\n<figure class=\"wp-block-embed is-type-video is-provider-youtube wp-block-embed-youtube wp-embed-aspect-16-9 wp-has-aspect-ratio\"><div class=\"wp-block-embed__wrapper\">\n<div class=\"nv-iframe-embed\"><iframe loading=\"lazy\" title=\"Alineaci\u00f3n de cabezales en impresora Epson: Epson WorkForce WF2850, con los cartuchos de tinta 603xl\" width=\"1200\" height=\"675\" src=\"https:\/\/www.youtube.com\/embed\/j03g2qC0TD4?feature=oembed\" frameborder=\"0\" allow=\"accelerometer; autoplay; clipboard-write; encrypted-media; gyroscope; picture-in-picture; web-share\" allowfullscreen><\/iframe><\/div>\n<\/div><\/figure>\n\n\n\n<p>Un m\u00e9todo alternativo para hacer la alineaci\u00f3n de cabezales es mediante la propia impresora Epson; es decir, no utilizando el programa para el sistema operativo Windows o el de MAC.<\/p>\n\n\n\n<p>En esta situaci\u00f3n se pueden dar dos supuestos:<\/p>\n\n\n\n<ul class=\"wp-block-list\">\n<li>Que la impresora tenga una pantalla.<\/li>\n\n\n\n<li>Qu\u00e9 no la tenga.<\/li>\n<\/ul>\n\n\n\n<p>En el primer supuesto tendremos que seguir estos pasos:<\/p>\n\n\n\n<p>1) &nbsp; &nbsp; Enciende la impresora y carga papel A4 en la misma.<\/p>\n\n\n\n<p>2) &nbsp; &nbsp; Utiliza los botones para moverte a trav\u00e9s de la configuraci\u00f3n avanzada del perif\u00e9rico. El objetivo es llegar al apartado de <strong>Mantenimiento<\/strong> y dentro del mismo buscar la opci\u00f3n de<strong> alineaci\u00f3n del cabezal<\/strong>.<\/p>\n\n\n\n<p>3) &nbsp; &nbsp; Elige uno de los men\u00fas de alineaci\u00f3n: <strong>Alineaci\u00f3n vertical u horizontal.<\/strong><\/p>\n\n\n\n<ol class=\"wp-block-list\">\n<li>&nbsp; &nbsp; <strong>Alineaci\u00f3n vertical: <\/strong>elige esta opci\u00f3n en el caso de que las impresiones est\u00e9n borrosas y si las l\u00edneas de regla en posici\u00f3n vertical no est\u00e1n debidamente alineadas.<\/li>\n\n\n\n<li>&nbsp; &nbsp; <strong>Alineaci\u00f3n horizontal: <\/strong>elige esta opci\u00f3n en el caso de que existan bandas horizontales con distancias regulares.<\/li>\n<\/ol>\n\n\n\n<p>4) &nbsp; &nbsp; Sigue las instrucciones y conseguir\u00e1s imprimir una hoja en donde estar\u00e1 el <strong>patr\u00f3n de alineaci\u00f3n<\/strong>. Indica el n\u00famero de patr\u00f3n \u00fanico o pulsa en escanear para que el proceso sea autom\u00e1tico.<\/p>\n\n\n\n<p>5) &nbsp; &nbsp; La impresora deber\u00eda haber quedado alineada y ser\u00e1 cuesti\u00f3n de hacer una impresi\u00f3n de prueba para ver si se ha corregido cualquier problema. Vuelve a imprimir esa imagen o documento que no terminaba de aparecer correctamente.<\/p>\n\n\n\n<p>Si la impresora no tiene pantalla, puede que con una <strong>combinaci\u00f3n de botones<\/strong> se pueda hacer la alineaci\u00f3n de cartuchos. La \u00fanica forma de comprobar esta combinaci\u00f3n es utilizar el manual de instrucciones de la marca.<\/p>\n\n\n\n<p>Estos son los procesos que debemos seguir para <strong>alinear los cabezales en una impresora Epson<\/strong><\/p>\n\n\n\n<p><\/p>\n\n\n\n<h2 class=\"wp-block-heading\">Alineaci\u00f3n del cabezal de impresi\u00f3n Impresora Epson Ecotank<\/h2>\n\n\n\n<figure class=\"wp-block-embed is-type-video is-provider-youtube wp-block-embed-youtube wp-embed-aspect-16-9 wp-has-aspect-ratio\"><div class=\"wp-block-embed__wrapper\">\n<div class=\"nv-iframe-embed\"><iframe loading=\"lazy\" title=\"Alineaci\u00f3n del cabezal de impresi\u00f3n Impresora Epson Ecotank\" width=\"1200\" height=\"675\" src=\"https:\/\/www.youtube.com\/embed\/mNBjqmh33YU?feature=oembed\" frameborder=\"0\" allow=\"accelerometer; autoplay; clipboard-write; encrypted-media; gyroscope; picture-in-picture\" allowfullscreen><\/iframe><\/div>\n<\/div><\/figure>\n","protected":false},"excerpt":{"rendered":"<p>\u00bfEst\u00e1s intentando hacer una impresi\u00f3n de un documento o imagen y no consigues que tenga la calidad adecuada? Puede que las l\u00edneas aparezcan dobladas o que los colores de la tinta no se distribuyan de la forma correcta. Hay muchos posibles motivos que explican el problema, aunque lo m\u00e1s habitual es que los cabezales no&hellip;&nbsp;<a href=\"https:\/\/quecartucho.es\/blog\/que-es-un-cabezal-de-impresion\/que-es-la-alineacion-de-cabezales\/como-alinear-los-cabezales-de-una-impresora-epson\/\" rel=\"bookmark\">Leer m\u00e1s &raquo;<span class=\"screen-reader-text\"><strong>\u00bfC\u00f3mo alinear los cabezales de una impresora Epson?<\/strong><\/span><\/a><\/p>\n","protected":false},"author":1,"featured_media":17935,"parent":4702,"menu_order":0,"comment_status":"closed","ping_status":"closed","template":"","meta":{"neve_meta_sidebar":"full-width","neve_meta_container":"","neve_meta_enable_content_width":"on","neve_meta_content_width":100,"neve_meta_title_alignment":"","neve_meta_author_avatar":"","neve_post_elements_order":"","neve_meta_disable_header":"","neve_meta_disable_footer":"","neve_meta_disable_title":"","episode_type":"","audio_file":"","podmotor_file_id":"","podmotor_episode_id":"","cover_image":"","cover_image_id":"","duration":"","filesize":"","filesize_raw":"","date_recorded":"","explicit":"","block":"","footnotes":""},"class_list":["post-17934","page","type-page","status-publish","has-post-thumbnail","hentry"],"_links":{"self":[{"href":"https:\/\/quecartucho.es\/blog\/wp-json\/wp\/v2\/pages\/17934","targetHints":{"allow":["GET"]}}],"collection":[{"href":"https:\/\/quecartucho.es\/blog\/wp-json\/wp\/v2\/pages"}],"about":[{"href":"https:\/\/quecartucho.es\/blog\/wp-json\/wp\/v2\/types\/page"}],"author":[{"embeddable":true,"href":"https:\/\/quecartucho.es\/blog\/wp-json\/wp\/v2\/users\/1"}],"replies":[{"embeddable":true,"href":"https:\/\/quecartucho.es\/blog\/wp-json\/wp\/v2\/comments?post=17934"}],"version-history":[{"count":4,"href":"https:\/\/quecartucho.es\/blog\/wp-json\/wp\/v2\/pages\/17934\/revisions"}],"predecessor-version":[{"id":18897,"href":"https:\/\/quecartucho.es\/blog\/wp-json\/wp\/v2\/pages\/17934\/revisions\/18897"}],"up":[{"embeddable":true,"href":"https:\/\/quecartucho.es\/blog\/wp-json\/wp\/v2\/pages\/4702"}],"wp:featuredmedia":[{"embeddable":true,"href":"https:\/\/quecartucho.es\/blog\/wp-json\/wp\/v2\/media\/17935"}],"wp:attachment":[{"href":"https:\/\/quecartucho.es\/blog\/wp-json\/wp\/v2\/media?parent=17934"}],"curies":[{"name":"wp","href":"https:\/\/api.w.org\/{rel}","templated":true}]}}