{"id":17946,"date":"2022-11-28T18:47:14","date_gmt":"2022-11-28T16:47:14","guid":{"rendered":"https:\/\/quecartucho.es\/blog\/?page_id=17946"},"modified":"2022-11-29T18:20:36","modified_gmt":"2022-11-29T16:20:36","slug":"que-pasa-si-le-pongo-a-mi-impresora-un-cartucho-de-otro-modelo","status":"publish","type":"page","link":"https:\/\/quecartucho.es\/blog\/que-pasa-si-le-pongo-a-mi-impresora-un-cartucho-de-otro-modelo\/","title":{"rendered":"\u00bfQu\u00e9 pasa si le pongo a mi impresora un cartucho de otro modelo?"},"content":{"rendered":"\n<p>Se te est\u00e1 acabando el <a href=\"https:\/\/quecartucho.es\/\">cartucho de la impresora<\/a> y te has metido en Google a buscar \u201c<a href=\"https:\/\/quecartucho.es\/4223-cartuchos-de-tinta-epson-compatibles\">los mejores cartuchos para Epson<\/a>\u201d. Y t\u00fa a tu Epson (o HP o la marca que sea) la quieres mucho, que ah\u00ed est\u00e1 ella siempre al quite. As\u00ed que quieres comprarle el mejor, el primero de la lista, sin mirar nada m\u00e1s.<\/p>\n\n\n\n<p>O bien, buscando ahorrar hasta el \u00faltimo centimillo (cosa que entendemos, porque est\u00e1 la vida fatal\u2026), quieres ponerle a tu \u201cimpre\u201d una referencia de cartucho que no es el suyo, pero resulta que es m\u00e1s barato. \u201cBah\u201d, piensas, \u201cson impresoras muy parecidas, seguro que no pasa nada. \u00a1Pelillos a la mar!\u201d.<\/p>\n\n\n\n<div class=\"wp-block-columns is-layout-flex wp-container-core-columns-is-layout-9d6595d7 wp-block-columns-is-layout-flex\">\n<div class=\"wp-block-column is-layout-flow wp-block-column-is-layout-flow\">\n<p>D\u00e9janos decirte que <strong>si le pones a tu impresora un cartucho que no es el suyo, te est\u00e1s metiendo en terreno pantanoso\u2026<\/strong><\/p>\n\n\n\n<p><\/p>\n\n\n\n<p>Los cartuchos pueden parecerse en tama\u00f1o, forma\u2026 Pero no son exactamente iguales. A ver, no tendr\u00eda mucho sentido sacar dos cartuchos iguales con referencias distintas \u00bfno crees?<\/p>\n\n\n\n<p><\/p>\n\n\n\n<p>Resulta que la tinta es un temita m\u00e1s delicado de lo que parece. Y poner una referencia de cartucho que no es el de tu impresora solo te va a servir para no imprimir nada, o tener problemas y acabar llamado al servicio t\u00e9cnico.<\/p>\n<\/div>\n\n\n\n<div class=\"wp-block-column is-layout-flow wp-block-column-is-layout-flow\">\n<figure class=\"wp-block-image size-large\"><img loading=\"lazy\" decoding=\"async\" width=\"1024\" height=\"576\" src=\"https:\/\/quecartucho.es\/blog\/wp-content\/uploads\/2022\/11\/cartuchos-de-tinta-compatibles-1024x576.jpg\" alt=\"\u00bfSe pueden mezclar cartuchos compatibles y originales en la misma impresora?\" class=\"wp-image-17960\" title=\"\" srcset=\"https:\/\/quecartucho.es\/blog\/wp-content\/uploads\/2022\/11\/cartuchos-de-tinta-compatibles-1024x576.jpg 1024w, https:\/\/quecartucho.es\/blog\/wp-content\/uploads\/2022\/11\/cartuchos-de-tinta-compatibles-300x169.jpg 300w, https:\/\/quecartucho.es\/blog\/wp-content\/uploads\/2022\/11\/cartuchos-de-tinta-compatibles-768x432.jpg 768w, https:\/\/quecartucho.es\/blog\/wp-content\/uploads\/2022\/11\/cartuchos-de-tinta-compatibles-150x84.jpg 150w, https:\/\/quecartucho.es\/blog\/wp-content\/uploads\/2022\/11\/cartuchos-de-tinta-compatibles.jpg 1200w\" sizes=\"auto, (max-width: 1024px) 100vw, 1024px\" \/><\/figure>\n<\/div>\n<\/div>\n\n\n\n<p>Por otro lado, si los cartuchos llevan chip, es como si tu impresora hablara espa\u00f1ol y le pusieras un cartucho que habla alem\u00e1n. No va a reconocer ni papa\u2026<\/p>\n\n\n\n<p>Conclusi\u00f3n: al C\u00e9sar lo que es del C\u00e9sar, y a tu impresora, sus cartuchos.<\/p>\n\n\n\n<p>Pero ojito: \u00bfQuiere decir esto que tienes que comprar cartuchos oficiales?<\/p>\n\n\n\n<p><\/p>\n\n\n\n<p>\u00a1No! No mezclemos churras con merinas. <strong>Puedes ponerle a tu impresora cartuchos compatibles sin problema porque\u2026<\/strong><\/p>\n\n\n\n<ul class=\"wp-block-list\">\n<li>\u274c No te rompen la impresora\u2026<\/li>\n\n\n\n<li>\u274c No se cargan la garant\u00eda\u2026<\/li>\n\n\n\n<li>\u274c No ensucian los inyectores\u2026<\/li>\n\n\n\n<li>\u274c No sucede ning\u00fan cataclismo.<\/li>\n<\/ul>\n\n\n\n<p>Solo aseg\u00farate de ponerle los <strong>cartuchos compatibles adecuados para tu modelo de impresora<\/strong>.<\/p>\n\n\n\n<p>Puede que le sirvan varias referencias, por ejemplo una <a href=\"https:\/\/quecartucho.es\/blog\/cartuchos-tinta-xl-significa\/\"><strong>normal y una xl<\/strong><\/a> para que imprimas m\u00e1s por menos.<\/p>\n\n\n\n<p>O puede pasar que varias impresoras utilicen una misma referencia de cartucho. Pero hay que estar seguros.<\/p>\n\n\n\n<p><\/p>\n\n\n\n<p>\u00bfC\u00f3mo saberlo? Entrando en nuestro fant\u00e1stico buscador. Pones tu modelo de impresora y te mostramos el listado de cartuchos que le van como anillo al dedo. Y adem\u00e1s, en la p\u00e1gina de cada referencia de cartucho, te aparecer\u00e1 un listado de todas las impresoras que lo pueden usar.<\/p>\n\n\n\n<p><\/p>\n\n\n\n<p>As\u00ed de f\u00e1cil te lo ponemos. Si no te convence puedes usar nuestro chat, whatsapp, email o tel\u00e9fono <strong>Meri, Pili, Jaume, Toni, Manuel y Estela est\u00e1n para ayudarte.<\/strong> El equipo de atenci\u00f3n al cliente, se encargan de buscarte la referencia de cartucho que necesitas, te asesoran en el proceso de pago, si lo deseas, <strong>y encima est\u00e1n siempre de buen humor<\/strong>.<br><\/p>\n\n\n\n<p>\u00a1Y no te preocupes ni por la calidad, ni por el precio! Con Quecartucho no te hacen falta inventos raros. Tendr\u00e1s siempre<strong> las mejores impresiones a los precios m\u00e1s bajos<\/strong>, sea cual sea tu modelo de impresora.<\/p>\n\n\n\n<p>\u00a1P\u00e1sate por nuestra tienda online ya mismo!<\/p>\n","protected":false},"excerpt":{"rendered":"<p>Se te est\u00e1 acabando el cartucho de la impresora y te has metido en Google a buscar \u201clos mejores cartuchos para Epson\u201d. Y t\u00fa a tu Epson (o HP o la marca que sea) la quieres mucho, que ah\u00ed est\u00e1 ella siempre al quite. As\u00ed que quieres comprarle el mejor, el primero de la lista,&hellip;&nbsp;<a href=\"https:\/\/quecartucho.es\/blog\/que-pasa-si-le-pongo-a-mi-impresora-un-cartucho-de-otro-modelo\/\" rel=\"bookmark\">Leer m\u00e1s &raquo;<span class=\"screen-reader-text\">\u00bfQu\u00e9 pasa si le pongo a mi impresora un cartucho de otro modelo?<\/span><\/a><\/p>\n","protected":false},"author":1,"featured_media":17948,"parent":0,"menu_order":0,"comment_status":"closed","ping_status":"closed","template":"","meta":{"neve_meta_sidebar":"full-width","neve_meta_container":"","neve_meta_enable_content_width":"on","neve_meta_content_width":100,"neve_meta_title_alignment":"","neve_meta_author_avatar":"","neve_post_elements_order":"","neve_meta_disable_header":"","neve_meta_disable_footer":"","neve_meta_disable_title":"","episode_type":"","audio_file":"","podmotor_file_id":"","podmotor_episode_id":"","cover_image":"","cover_image_id":"","duration":"","filesize":"","filesize_raw":"","date_recorded":"","explicit":"","block":"","footnotes":""},"class_list":["post-17946","page","type-page","status-publish","has-post-thumbnail","hentry"],"_links":{"self":[{"href":"https:\/\/quecartucho.es\/blog\/wp-json\/wp\/v2\/pages\/17946","targetHints":{"allow":["GET"]}}],"collection":[{"href":"https:\/\/quecartucho.es\/blog\/wp-json\/wp\/v2\/pages"}],"about":[{"href":"https:\/\/quecartucho.es\/blog\/wp-json\/wp\/v2\/types\/page"}],"author":[{"embeddable":true,"href":"https:\/\/quecartucho.es\/blog\/wp-json\/wp\/v2\/users\/1"}],"replies":[{"embeddable":true,"href":"https:\/\/quecartucho.es\/blog\/wp-json\/wp\/v2\/comments?post=17946"}],"version-history":[{"count":7,"href":"https:\/\/quecartucho.es\/blog\/wp-json\/wp\/v2\/pages\/17946\/revisions"}],"predecessor-version":[{"id":17968,"href":"https:\/\/quecartucho.es\/blog\/wp-json\/wp\/v2\/pages\/17946\/revisions\/17968"}],"wp:featuredmedia":[{"embeddable":true,"href":"https:\/\/quecartucho.es\/blog\/wp-json\/wp\/v2\/media\/17948"}],"wp:attachment":[{"href":"https:\/\/quecartucho.es\/blog\/wp-json\/wp\/v2\/media?parent=17946"}],"curies":[{"name":"wp","href":"https:\/\/api.w.org\/{rel}","templated":true}]}}