{"id":17951,"date":"2022-11-29T17:44:01","date_gmt":"2022-11-29T15:44:01","guid":{"rendered":"https:\/\/quecartucho.es\/blog\/?page_id=17951"},"modified":"2022-11-29T18:41:23","modified_gmt":"2022-11-29T16:41:23","slug":"se-pueden-mezclar-cartuchos-compatibles-y-originales-en-la-misma-impresora","status":"publish","type":"page","link":"https:\/\/quecartucho.es\/blog\/se-pueden-mezclar-cartuchos-compatibles-y-originales-en-la-misma-impresora\/","title":{"rendered":"\u00bfSe pueden mezclar cartuchos compatibles y originales en la misma impresora?"},"content":{"rendered":"\n<p>Se te ha acabado uno de los <a href=\"https:\/\/quecartucho.es\/\"><strong>cartuchos de tinta de la impresora<\/strong><\/a> y, al precio que est\u00e1n los originales, te est\u00e1s preguntando\u2026 \u00bfY si pongo uno compatible? \u00bfPuedo mezclar cartuchos originales y compatibles en la impresora?<\/p>\n\n\n\n<div class=\"wp-block-columns is-layout-flex wp-container-core-columns-is-layout-9d6595d7 wp-block-columns-is-layout-flex\">\n<div class=\"wp-block-column is-layout-flow wp-block-column-is-layout-flow\">\n<p>Pues ver\u00e1s\u2026 Hay mezclas que funcionan y mezclas que no.<\/p>\n\n\n\n<p>\ud83d\ude0b Una ginebra con t\u00f3nica funciona que no veas.<\/p>\n\n\n\n<p>\ud83d\ude16 Un colacao con zumo de lim\u00f3n\u2026<\/p>\n\n\n\n<p><\/p>\n\n\n\n<p>Con los cartuchos de impresora pasa algo similar. As\u00ed que si quieres saber si <strong>se pueden mezclar cartuchos compatibles y originales en la misma impresora<\/strong>, aqu\u00ed est\u00e1 el equipo de expertos de quecartucho.es para darte las respuestas.<\/p>\n<\/div>\n\n\n\n<div class=\"wp-block-column is-layout-flow wp-block-column-is-layout-flow\"><div class=\"wp-block-image\">\n<figure class=\"aligncenter size-full is-resized\"><img loading=\"lazy\" decoding=\"async\" src=\"https:\/\/quecartucho.es\/blog\/wp-content\/uploads\/2022\/11\/\u00bfQue-pasa-si-le-pongo-a-mi-impresora-un-cartucho-de-otro-modelo.jpg\" alt=\"mezclar cartuchos compatibles y originales\" class=\"wp-image-17969\" width=\"348\" height=\"345\" title=\"\" srcset=\"https:\/\/quecartucho.es\/blog\/wp-content\/uploads\/2022\/11\/\u00bfQue-pasa-si-le-pongo-a-mi-impresora-un-cartucho-de-otro-modelo.jpg 696w, https:\/\/quecartucho.es\/blog\/wp-content\/uploads\/2022\/11\/\u00bfQue-pasa-si-le-pongo-a-mi-impresora-un-cartucho-de-otro-modelo-300x297.jpg 300w, https:\/\/quecartucho.es\/blog\/wp-content\/uploads\/2022\/11\/\u00bfQue-pasa-si-le-pongo-a-mi-impresora-un-cartucho-de-otro-modelo-150x149.jpg 150w, https:\/\/quecartucho.es\/blog\/wp-content\/uploads\/2022\/11\/\u00bfQue-pasa-si-le-pongo-a-mi-impresora-un-cartucho-de-otro-modelo-120x120.jpg 120w, https:\/\/quecartucho.es\/blog\/wp-content\/uploads\/2022\/11\/\u00bfQue-pasa-si-le-pongo-a-mi-impresora-un-cartucho-de-otro-modelo-96x96.jpg 96w\" sizes=\"auto, (max-width: 348px) 100vw, 348px\" \/><figcaption class=\"wp-element-caption\">Mezclar cartuchos compatibles y originales<\/figcaption><\/figure>\n<\/div><\/div>\n<\/div>\n\n\n\n<h2 class=\"wp-block-heading\">De qu\u00e9 depende que se puedan mezclar cartuchos compatibles y originales en la misma impresora<\/h2>\n\n\n\n<p>Todo depende de una palabra: <strong>cabezal<\/strong>.<\/p>\n\n\n\n<p>El cabezal de impresi\u00f3n sirve para depositar la cantidad justa de tinta en el papel, y en la posici\u00f3n correcta, para que se imprima la imagen deseada. Esta tarea la hace a trav\u00e9s de unos peque\u00f1\u00edsimos <strong>inyectores<\/strong>.<\/p>\n\n\n\n<p>El cabezal puede estar situado en los cartuchos, o bien estar incorporado en la propia impresora.<\/p>\n\n\n\n<ul class=\"wp-block-list\">\n<li><strong>Si est\u00e1 en los cartuchos,<\/strong> estos tendr\u00e1n que ser del mismo tipo: todos originales o todos compatibles.<\/li>\n<\/ul>\n\n\n\n<ul class=\"wp-block-list\">\n<li><strong>Si est\u00e1 en la impresora, <\/strong>los cartuchosse pueden mezclar sin problema.<\/li>\n<\/ul>\n\n\n\n<div class=\"wp-block-columns is-layout-flex wp-container-core-columns-is-layout-9d6595d7 wp-block-columns-is-layout-flex\">\n<div class=\"wp-block-column is-layout-flow wp-block-column-is-layout-flow\">\n<p>\u00bfY qu\u00e9 ocurre si se mezclan cartuchos cuando no se debe? <strong>La impresora te va a dar fallo<\/strong> y no va a empezar ni a imprimir. <\/p>\n\n\n\n<p><\/p>\n\n\n\n<p>Se trata de un problema de lectura, ya que los cabezales originales y compatibles llevan informaciones distintas. Vamos, que la pobre se vuelve loca \ud83d\ude35\u200d.<\/p>\n\n\n\n<p><\/p>\n\n\n\n<p>Y ahora que ya sabes qu\u00e9 pasa si mezclas cartuchos en la misma impresora, viene la pregunta del mill\u00f3n \u2b07\ufe0f<\/p>\n<\/div>\n\n\n\n<div class=\"wp-block-column is-layout-flow wp-block-column-is-layout-flow\">\n<figure class=\"wp-block-image size-large\"><img loading=\"lazy\" decoding=\"async\" width=\"1024\" height=\"681\" src=\"https:\/\/quecartucho.es\/blog\/wp-content\/uploads\/2022\/11\/mezclar-cartuchos-compatibles-y-originales-1024x681.jpg\" alt=\"Mezclar cartuchos compatibles y originales\" class=\"wp-image-17954\" title=\"\" srcset=\"https:\/\/quecartucho.es\/blog\/wp-content\/uploads\/2022\/11\/mezclar-cartuchos-compatibles-y-originales-1024x681.jpg 1024w, https:\/\/quecartucho.es\/blog\/wp-content\/uploads\/2022\/11\/mezclar-cartuchos-compatibles-y-originales-300x199.jpg 300w, https:\/\/quecartucho.es\/blog\/wp-content\/uploads\/2022\/11\/mezclar-cartuchos-compatibles-y-originales-768x511.jpg 768w, https:\/\/quecartucho.es\/blog\/wp-content\/uploads\/2022\/11\/mezclar-cartuchos-compatibles-y-originales-150x100.jpg 150w, https:\/\/quecartucho.es\/blog\/wp-content\/uploads\/2022\/11\/mezclar-cartuchos-compatibles-y-originales.jpg 1128w\" sizes=\"auto, (max-width: 1024px) 100vw, 1024px\" \/><\/figure>\n<\/div>\n<\/div>\n\n\n\n<p><\/p>\n\n\n\n<h2 class=\"wp-block-heading\"><a><\/a>\u00bfQu\u00e9 cartuchos comprar, originales o compatibles?<\/h2>\n\n\n\n<p>Seguro que alguna vez has o\u00eddo eso de que <strong>los cartuchos compatibles da\u00f1an tu impresora o se cargan la garant\u00eda.<\/strong><\/p>\n\n\n\n<p>Mira, los cartuchos compatibles no dejan de ser eso, cartuchos, solo que hechos en f\u00e1bricas que no son las oficiales.<\/p>\n\n\n\n<p>Todo lo dem\u00e1s: calidad de impresi\u00f3n, durabilidad, intensidad de los colores, cobertura\u2026 Es exactamente igual que en un cartucho original. Es m\u00e1s, los cartuchos compatibles deben pasar unos controles de calidad y cumplir unas normativas, como cualquier producto que salga al mercado.<\/p>\n\n\n\n<p>Incluso<strong> la OCU recomienda el uso de cartuchos compatibles <\/strong>y desmiente que estos invaliden la garant\u00eda de la impresora.<\/p>\n\n\n\n<p><\/p>\n\n\n\n<p>En Quecartucho, por si fuera poco, te ofrecemos <strong>garant\u00eda de hasta 5 a\u00f1os<\/strong> para todos los consumibles. F\u00edjate si estamos seguros de su calidad.<\/p>\n\n\n\n<p>No, amigo\/a, <strong>los cartuchos compatibles no se cargan la garant\u00eda<\/strong>. Sin embargo, los cartuchos originales s\u00ed que se cargan tu bolsillo, ya que muchas veces cuestan m\u00e1s del doble que los compatibles. Ten en cuenta que HP, Epson, Canon\u2026 de donde m\u00e1s obtienen ganancias no es de la venta de impresoras, sino de los consumibles. As\u00ed que no es de extra\u00f1ar que quieran sembrar el miedo entre los compradores. Pero en realidad, comprar cartuchos originales es pagar mucho m\u00e1s por exactamente lo mismo. No tiene l\u00f3gica \u00bfverdad?<\/p>\n\n\n\n<p>As\u00ed que ya sabes, \u00a1fuera miedos! <a href=\"https:\/\/quecartucho.es\/\"><u>P\u00e1sate por nuestra web<\/u><\/a> y encuentra los consumibles perfectos para tu impresora. Y no te ralles si no sabes qu\u00e9 cartucho debes comprar. Tenemos un buscador que es como Google: metes tu modelo de impresora y\u2026 \u00a1Tach\u00e1n! Te lleva hasta tus cartuchos.<\/p>\n\n\n\n<p>\u00a1Imprime barato, imprime bien, imprime feliz! \ud83e\udd73<\/p>\n","protected":false},"excerpt":{"rendered":"<p>Se te ha acabado uno de los cartuchos de tinta de la impresora y, al precio que est\u00e1n los originales, te est\u00e1s preguntando\u2026 \u00bfY si pongo uno compatible? \u00bfPuedo mezclar cartuchos originales y compatibles en la impresora? Pues ver\u00e1s\u2026 Hay mezclas que funcionan y mezclas que no. \ud83d\ude0b Una ginebra con t\u00f3nica funciona que no&hellip;&nbsp;<a href=\"https:\/\/quecartucho.es\/blog\/se-pueden-mezclar-cartuchos-compatibles-y-originales-en-la-misma-impresora\/\" rel=\"bookmark\">Leer m\u00e1s &raquo;<span class=\"screen-reader-text\">\u00bfSe pueden mezclar cartuchos compatibles y originales en la misma impresora?<\/span><\/a><\/p>\n","protected":false},"author":1,"featured_media":17952,"parent":0,"menu_order":0,"comment_status":"closed","ping_status":"closed","template":"","meta":{"neve_meta_sidebar":"full-width","neve_meta_container":"","neve_meta_enable_content_width":"on","neve_meta_content_width":100,"neve_meta_title_alignment":"","neve_meta_author_avatar":"","neve_post_elements_order":"","neve_meta_disable_header":"","neve_meta_disable_footer":"","neve_meta_disable_title":"","episode_type":"","audio_file":"","podmotor_file_id":"","podmotor_episode_id":"","cover_image":"","cover_image_id":"","duration":"","filesize":"","filesize_raw":"","date_recorded":"","explicit":"","block":"","footnotes":""},"class_list":["post-17951","page","type-page","status-publish","has-post-thumbnail","hentry"],"_links":{"self":[{"href":"https:\/\/quecartucho.es\/blog\/wp-json\/wp\/v2\/pages\/17951","targetHints":{"allow":["GET"]}}],"collection":[{"href":"https:\/\/quecartucho.es\/blog\/wp-json\/wp\/v2\/pages"}],"about":[{"href":"https:\/\/quecartucho.es\/blog\/wp-json\/wp\/v2\/types\/page"}],"author":[{"embeddable":true,"href":"https:\/\/quecartucho.es\/blog\/wp-json\/wp\/v2\/users\/1"}],"replies":[{"embeddable":true,"href":"https:\/\/quecartucho.es\/blog\/wp-json\/wp\/v2\/comments?post=17951"}],"version-history":[{"count":7,"href":"https:\/\/quecartucho.es\/blog\/wp-json\/wp\/v2\/pages\/17951\/revisions"}],"predecessor-version":[{"id":17974,"href":"https:\/\/quecartucho.es\/blog\/wp-json\/wp\/v2\/pages\/17951\/revisions\/17974"}],"wp:featuredmedia":[{"embeddable":true,"href":"https:\/\/quecartucho.es\/blog\/wp-json\/wp\/v2\/media\/17952"}],"wp:attachment":[{"href":"https:\/\/quecartucho.es\/blog\/wp-json\/wp\/v2\/media?parent=17951"}],"curies":[{"name":"wp","href":"https:\/\/api.w.org\/{rel}","templated":true}]}}