{"id":18011,"date":"2022-12-01T20:01:44","date_gmt":"2022-12-01T18:01:44","guid":{"rendered":"https:\/\/quecartucho.es\/blog\/?page_id=18011"},"modified":"2022-12-01T20:43:42","modified_gmt":"2022-12-01T18:43:42","slug":"rellenar-cartuchos-de-tinta-pros-contras","status":"publish","type":"page","link":"https:\/\/quecartucho.es\/blog\/rellenar-cartuchos-de-tinta-pros-contras\/","title":{"rendered":"Rellenar cartuchos de tinta: pros, contras"},"content":{"rendered":"\n<p>La <strong><a href=\"https:\/\/quecartucho.es\/\">tinta<\/a><\/strong> es uno de los l\u00edquidos m\u00e1s caros que hay en todo el mundo. Los fabricantes de impresoras ofrecen sus dispositivos a precios asequibles que se adaptan a todo tipo de usuario. El problema viene en el momento en el que hay que comprar los <strong>consumibles<\/strong> (es decir, nuevos cartuchos).<\/p>\n\n\n\n<p>Son caros precisamente porque de ellos es de donde los fabricantes sacan el beneficio, por lo que muchas de las impresoras se venden con p\u00e9rdidas.<\/p>\n\n\n\n<p>Debido al elevado precio de los cartuchos, muchas personas deciden rellenarlos por su cuenta o en lugares especializados.<\/p>\n\n\n\n<p>Pero\u2026 \u00bfRealmente merece la pena hacerlo? Vamos a llegar al final de esta cuesti\u00f3n a lo largo del art\u00edculo.<\/p>\n\n\n\n<h2 class=\"wp-block-heading\"><strong>\u2705 \u00bfCu\u00e1les son las ventajas  de rellenar cartuchos de tinta?<\/strong><\/h2>\n\n\n\n<div class=\"wp-block-columns is-layout-flex wp-container-core-columns-is-layout-9d6595d7 wp-block-columns-is-layout-flex\">\n<div class=\"wp-block-column is-layout-flow wp-block-column-is-layout-flow\">\n<h3 class=\"wp-block-heading\"><strong>1.<\/strong> <strong>Nos permite ahorrar<\/strong><\/h3>\n\n\n\n<p>La raz\u00f3n principal por la que decidimos <strong>rellenar cartucho de tinta<\/strong> es por el ahorro que entra\u00f1a. Podemos encontrar precios que suponen el ahorro de m\u00e1s de un <strong>50%<\/strong> en comparaci\u00f3n con lo que pagar\u00edamos por un cartucho convencional. Teniendo en cuenta c\u00f3mo est\u00e1 la econom\u00eda, no es un ahorro a tomarse a broma.<\/p>\n\n\n\n<p><\/p>\n\n\n\n<p>Muchos cartuchos se pueden comprar de <em>marcas blancas<\/em>, permitiendo un ahorro tambi\u00e9n considerable en comparaci\u00f3n con lo que costar\u00edan de f\u00e1brica. Tambi\u00e9n es posible encontrar tinta para rellenar de la propia marca o de marca blanca, siendo la \u00faltima la m\u00e1s econ\u00f3mica.<\/p>\n\n\n\n<p><\/p>\n\n\n\n<p><strong>Importante: <\/strong>al coste total habr\u00e1 que a\u00f1adirle el servicio de recarga de la tinta, en el caso de que no lo hagamos por nuestra cuenta.<\/p>\n<\/div>\n\n\n\n<div class=\"wp-block-column is-layout-flow wp-block-column-is-layout-flow\">\n<figure class=\"wp-block-image size-large\"><img loading=\"lazy\" decoding=\"async\" width=\"1024\" height=\"1024\" src=\"https:\/\/quecartucho.es\/blog\/wp-content\/uploads\/2022\/12\/ahorrar-con-cartuchos-de-tinta-1024x1024.jpg\" alt=\"ahorrar con la tinta\" class=\"wp-image-18028\" title=\"\" srcset=\"https:\/\/quecartucho.es\/blog\/wp-content\/uploads\/2022\/12\/ahorrar-con-cartuchos-de-tinta-1024x1024.jpg 1024w, https:\/\/quecartucho.es\/blog\/wp-content\/uploads\/2022\/12\/ahorrar-con-cartuchos-de-tinta-300x300.jpg 300w, https:\/\/quecartucho.es\/blog\/wp-content\/uploads\/2022\/12\/ahorrar-con-cartuchos-de-tinta-150x150.jpg 150w, https:\/\/quecartucho.es\/blog\/wp-content\/uploads\/2022\/12\/ahorrar-con-cartuchos-de-tinta-768x768.jpg 768w, https:\/\/quecartucho.es\/blog\/wp-content\/uploads\/2022\/12\/ahorrar-con-cartuchos-de-tinta-120x120.jpg 120w, https:\/\/quecartucho.es\/blog\/wp-content\/uploads\/2022\/12\/ahorrar-con-cartuchos-de-tinta-96x96.jpg 96w, https:\/\/quecartucho.es\/blog\/wp-content\/uploads\/2022\/12\/ahorrar-con-cartuchos-de-tinta.jpg 1378w\" sizes=\"auto, (max-width: 1024px) 100vw, 1024px\" \/><figcaption class=\"wp-element-caption\">ahorrar con la tinta<\/figcaption><\/figure>\n<\/div>\n<\/div>\n\n\n\n<p><\/p>\n\n\n\n<h3 class=\"wp-block-heading\"><strong>2.<\/strong> <strong>Permite aprovechar impresoras antiguas<\/strong><\/h3>\n\n\n\n<p>Cuando una impresora se lanza al mercado tiene un determinado tiempo de vida \u00fatil. Ya no solo por los componentes que tiene, sino porque sus cartuchos dejar\u00e1n de fabricarse tarde o temprano.<\/p>\n\n\n\n<p>Es decir: no ser\u00e1 posible encontrar consumibles en ninguna tienda, ni tan siquiera si acudimos directamente a la marca. La \u00fanica opci\u00f3n que nos quedar\u00eda ser\u00eda jubilarla y <a href=\"https:\/\/quecartucho.es\/blog\/\"><strong>comprar una impresora nueva<\/strong><\/a>.<\/p>\n\n\n\n<p>Por fortuna, al rellenar cartuchos de tinta <strong>podemos darle una nueva oportunidad a la impresora<\/strong>. Puede ser muy interesante para aquellas personas que no quieren renovar la impresora o que no tienen presupuesto en este momento.<\/p>\n\n\n\n<p>Habr\u00e1 que revisar si el proceso de rellenado es intuitivo con esos cartuchos; puede que estemos hablando de unos tipos tan arcaicos que quiz\u00e1 valga la pena enviar la impresora a reciclar y adquirir una econ\u00f3mica.<\/p>\n\n\n\n<h3 class=\"wp-block-heading\"><strong>3.<\/strong> <strong>F\u00e1ciles de rellenar<\/strong><\/h3>\n\n\n\n<p>El proceso de rellenado suele ser bastante sencillo; habr\u00e1 que extremar la precauciones y proteger la ropa, ya que se podr\u00eda llegar a manchar y ser\u00eda dif\u00edcil eliminar este tipo de manchas.<\/p>\n\n\n\n<p>Este es el proceso que se debe seguir para llevar a cabo el rellenado:<\/p>\n\n\n\n<p>1) &nbsp; &nbsp; Antes de nada, tendremos que identificar el modelo de la impresora para as\u00ed determinar cu\u00e1les son los cartuchos compatibles. Esto nos permitir\u00e1 saber si existen <strong>cartuchos rellenables<\/strong> o si se puede comprar la tinta de manera independiente.<\/p>\n\n\n\n<p>2) &nbsp; &nbsp; Debes tener varias jeringas (para cada uno de los colores). Dependiendo del sistema que utilice el cartucho para rellenado, podemos encontrar diferentes formas de hacerlo:<\/p>\n\n\n\n<ol class=\"wp-block-list\">\n<li>&nbsp; &nbsp; <strong>Cartuchos con tinta embebida en la esponja: <\/strong>para proceder con el rellenado tan solo habr\u00e1 que quitar la pegatina de la zona superior, encontrar los agujeros e inyectar la correspondiente tinta con una jeringa. Si se trata de un modelo peque\u00f1o, habr\u00e1 que extraer un poco de tinta para que la boquilla tenga una cierta fluidez. Lo m\u00e1s com\u00fan es que se incluya un <strong>extractor<\/strong> para hacerlo.<\/li>\n\n\n\n<li>&nbsp; &nbsp; <strong>Tinta almacenada en forma l\u00edquida: <\/strong>estos cartuchos se pueden recargar empleando un <em>aditamento<\/em> que se incluye en los packs de relleno (se introducir\u00e1 en el cartucho y se le insertar\u00e1 la tinta) o retirando al cartucho una peque\u00f1a bola de acero para inyectar la tinta.<\/li>\n<\/ol>\n\n\n\n<p>Como dato de inter\u00e9s, antiguamente no era f\u00e1cil encontrar cartuchos rellenables. La \u00fanica forma de rellenar los cartuchos es haci\u00e9ndole un agujero al cartucho (con una peque\u00f1a broca o una herramienta menos tosca). Este sistema era muy poco preciso y podr\u00eda producir que todo el perif\u00e9rico se llenase de tinta.<\/p>\n\n\n\n<h3 class=\"wp-block-heading\"><strong>4.<\/strong> <strong>Nos permite conservar una alta calidad de impresi\u00f3n<\/strong><\/h3>\n\n\n\n<p>Algunas personas aseguran que la calidad que consigue un cartucho rellenable es inferior a la de un cartucho de marca blanca u original de la compa\u00f1\u00eda.<\/p>\n\n\n\n<p>Siempre y cuando se haya seguido el proceso correctamente y se hayan tomado las precauciones oportunas, la <strong>calidad ser\u00e1 la misma<\/strong>, por lo menos en relaci\u00f3n a la impresi\u00f3n de documentos. De aqu\u00ed la importancia de dejarlo en manos de una empresa especializada si no se tienen los conocimientos ni los materiales necesarios para conseguir una impresi\u00f3n de alta calidad.<\/p>\n\n\n\n<p>Si estamos hablando de im\u00e1genes de gran definici\u00f3n, aqu\u00ed la cosa cambia sustancialmente. En algunas impresiones se pueden ver algunos cambios en la saturaci\u00f3n de la tinta.<\/p>\n\n\n\n<h2 class=\"wp-block-heading\"><strong>\u26d4 \u00bfQu\u00e9 inconvenientes tiene rellenar cartuchos de tinta?<\/strong><\/h2>\n\n\n\n<h3 class=\"wp-block-heading\"><strong>1.<\/strong> <strong>La tinta te puede manchar<\/strong><\/h3>\n\n\n\n<p>El gran problema de la tinta es que <strong>mancha mucho<\/strong>. No estamos hablando de un tipo de mancha que se pueda quitar con facilidad; de hecho, es bastante posible que no llegue a irse nunca si te termina cayendo en la ropa.<\/p>\n\n\n\n<div class=\"wp-block-columns is-layout-flex wp-container-core-columns-is-layout-9d6595d7 wp-block-columns-is-layout-flex\">\n<div class=\"wp-block-column is-layout-flow wp-block-column-is-layout-flow\" style=\"flex-basis:66.66%\">\n<p>El proceso en s\u00ed mismo es bastante sucio, por lo que no solo tendr\u00e1s que llevar cuidado de no manchar tu ropa. Ante cualquier movimiento equivocado podr\u00edas llegar a salpicar cualquier cosa que tengas en casa, como podr\u00eda ser un mueble, el ordenador, el tel\u00e9fono m\u00f3vil, etc.<\/p>\n\n\n\n<p>El proceso de rellenado de cartucho requiere de algo de pulso y punter\u00eda para clavar la aguja de la jeringuilla en el lugar correcto. Una vez que lo hayas conseguido tendr\u00e1s que encontrar el equilibrio perfecto para aplicar la suficiente presi\u00f3n y que salga la tinta, pero que no sea demasiado elevada y se pueda llegar a salir.<\/p>\n\n\n\n<p>Durante este proceso podr\u00eda pasar de todo.<\/p>\n<\/div>\n\n\n\n<div class=\"wp-block-column is-layout-flow wp-block-column-is-layout-flow\" style=\"flex-basis:33.33%\"><div class=\"wp-block-image\">\n<figure class=\"aligncenter size-full\"><img loading=\"lazy\" decoding=\"async\" width=\"300\" height=\"200\" src=\"https:\/\/quecartucho.es\/blog\/wp-content\/uploads\/2022\/12\/manchado-de-tinta-de-impresora.jpg\" alt=\"manchado de tinta de impresora\" class=\"wp-image-18033\" title=\"\" srcset=\"https:\/\/quecartucho.es\/blog\/wp-content\/uploads\/2022\/12\/manchado-de-tinta-de-impresora.jpg 300w, https:\/\/quecartucho.es\/blog\/wp-content\/uploads\/2022\/12\/manchado-de-tinta-de-impresora-150x100.jpg 150w\" sizes=\"auto, (max-width: 300px) 100vw, 300px\" \/><\/figure>\n<\/div><\/div>\n<\/div>\n\n\n\n<h3 class=\"wp-block-heading\"><strong>2.<\/strong> <strong>No todas las tintas son iguales<\/strong><\/h3>\n\n\n\n<p>Uno de los errores m\u00e1s habituales que nos encontramos al rellenar tintas es pensar que todas las tintas son iguales; es decir, que es exactamente la misma tinta la que te ofrece el fabricante que aquella que has comprado para rellenar en cualquier establecimiento.<\/p>\n\n\n\n<p>Cada fabricante puede tener una <strong>f\u00f3rmula de tinta diferente<\/strong> en comparaci\u00f3n con lo que ofrece la competencia. Podemos encontrar diferencias importantes en criterios como <strong>viscosidad<\/strong>, el <strong>tama\u00f1o de cada gota<\/strong>, entre otras particularidades.<\/p>\n\n\n\n<p>Esto tiene sentido, y es que la marca ha dedicado mucho tiempo y dinero para conseguir la f\u00f3rmula perfecta. No la va a desvelar ni mucho menos va a dejar que la comercialicen otras marcas.<\/p>\n\n\n\n<p>\u00bfY esto qu\u00e9 supone? Puede que la impresi\u00f3n no salga tal cual hab\u00edas pensado, especialmente si se trabaja con trabajos de \u00f3ptima calidad. Puedes ver m\u00e1s en nuestro art\u00edculo con todo lo que has de saber de la \u00ab<a href=\"https:\/\/quecartucho.es\/blog\/tinta-de-impresora\/\" data-type=\"post\" data-id=\"537\">Tinta de impresora<\/a>\u00ab<\/p>\n\n\n\n<h3 class=\"wp-block-heading\"><strong>3.<\/strong> Obst\u00e1culos<strong> a la hora de rellenar el cartucho<\/strong><\/h3>\n\n\n\n<p>Muchas marcas implantan un sistema de seguridad a sus cartuchos con el objetivo de evitar que sean rellenados. Este procesador hace que el cartucho deje de ser reconocido por la impresora en cuanto se ha impreso una cierta cantidad de veces.<\/p>\n\n\n\n<p>Por m\u00e1s que lo intentemos, estos cartuchos nunca los podremos recargar. Intentar hacerlo requerir\u00e1 tanto tiempo y tantos recursos que no merecer\u00e1 la pena.<\/p>\n\n\n\n<p>Adem\u00e1s, tan solo se aconseja rellenar la tinta en el caso de que estemos hablando de <strong>impresoras con 2 cartuchos<\/strong>. Si el n\u00famero de cartuchos es superior, el proceso se complicar\u00e1 tanto que ser\u00e1 mejor <a href=\"https:\/\/quecartucho.es\/16394-cartuchos-de-tinta\">comprar un cartucho de tinta compatible<\/a> nuevo o dejarlo en manos especializadas.<\/p>\n\n\n\n<h3 class=\"wp-block-heading\"><strong>4.<\/strong> <strong>Problemas con inyecciones secos<\/strong><\/h3>\n\n\n\n<p>Hay muchos problemas que podr\u00edan impedir que la impresora imprima y uno de los m\u00e1s comunes es el de los <strong>inyectores secos<\/strong>. Este error es com\u00fan en impresoras que llevan mucho tiempo sin utilizarse o si imprimimos en condiciones extremas. Para evitar que ocurra, es mejor imprimir de vez en cuando.<\/p>\n\n\n\n<p>Podemos llegar a pensar que nos hemos quedado sin tinta en la impresora, cuando el problema real es que los inyectores est\u00e1n secos. Por m\u00e1s que inyectemos tinta de la forma correcta, no servir\u00e1 de nada: los inyectores seguir\u00e1n atascados y la impresi\u00f3n seguir\u00e1 apareciendo en blanco (incluso, podr\u00edamos llegar a agravar el problema).<\/p>\n\n\n\n<p>Puedes probar a activar la funci\u00f3n de <strong>limpieza a fondo de la impresora.<\/strong> Si, despu\u00e9s de haber hecho la limpieza, los inyectores todav\u00eda est\u00e1n secos, es mejor dejar la impresora apagada toda la noche y revisar los inyectores al d\u00eda siguiente. Si aun as\u00ed no funciona, m\u00edrate nuestro art\u00edculo \u00ab<a href=\"https:\/\/quecartucho.es\/blog\/que-es-un-cabezal-de-impresion\/como-limpiar-un-cabezal-de-impresion\/\">\u00bfC\u00f3mo limpiar un cabezal de impresi\u00f3n?<\/a>\u00ab<\/p>\n\n\n\n<p>Cuando se haya solucionado el problema podremos rellenar los cartuchos.<\/p>\n\n\n\n<h3 class=\"wp-block-heading\"><strong>5.<\/strong> <strong>No siempre es f\u00e1cil encontrar un cartucho rellenable<\/strong><\/h3>\n\n\n\n<p>C\u00f3mo ya hemos visto en el listado de pros sobre <strong>rellenar cartuchos de tinta<\/strong>, la principal raz\u00f3n para hacerlo es el ahorro econ\u00f3mico que conseguiremos. Sin embargo, existen ciertos factores que podr\u00edan acabar con dicho ahorro, haciendo que el proceso sea mucho m\u00e1s caro.<\/p>\n\n\n<div class=\"wp-block-image\">\n<figure class=\"aligncenter size-large\"><img loading=\"lazy\" decoding=\"async\" width=\"1024\" height=\"576\" src=\"https:\/\/quecartucho.es\/blog\/wp-content\/uploads\/2022\/12\/cartucho-de-tinta-rellenable-2-1024x576.jpg\" alt=\"cartucho de tinta rellenable\" class=\"wp-image-18017\" title=\"\" srcset=\"https:\/\/quecartucho.es\/blog\/wp-content\/uploads\/2022\/12\/cartucho-de-tinta-rellenable-2-1024x576.jpg 1024w, https:\/\/quecartucho.es\/blog\/wp-content\/uploads\/2022\/12\/cartucho-de-tinta-rellenable-2-300x169.jpg 300w, https:\/\/quecartucho.es\/blog\/wp-content\/uploads\/2022\/12\/cartucho-de-tinta-rellenable-2-768x432.jpg 768w, https:\/\/quecartucho.es\/blog\/wp-content\/uploads\/2022\/12\/cartucho-de-tinta-rellenable-2-1536x864.jpg 1536w, https:\/\/quecartucho.es\/blog\/wp-content\/uploads\/2022\/12\/cartucho-de-tinta-rellenable-2-2048x1153.jpg 2048w, https:\/\/quecartucho.es\/blog\/wp-content\/uploads\/2022\/12\/cartucho-de-tinta-rellenable-2-150x84.jpg 150w\" sizes=\"auto, (max-width: 1024px) 100vw, 1024px\" \/><figcaption class=\"wp-element-caption\">cartucho de tinta rellenable<\/figcaption><\/figure>\n<\/div>\n\n\n<p>Por ejemplo, encontrar cartuchos rellenables para esa impresora en cuesti\u00f3n podr\u00eda ser dif\u00edcil, por no hablar de imposible. Esto ocurre en algunos modelos de marcas como <strong>Canon, HP, Brother o Epson<\/strong>.<\/p>\n\n\n\n<p>La raz\u00f3n de ello es que crean cartuchos con una configuraci\u00f3n complicada para evitar que sean replicadas. As\u00ed, la \u00fanica forma ser\u00e1 comprar cartuchos nuevos o de marca blanca.<\/p>\n\n\n\n<p>C\u00f3mo soluci\u00f3n, <strong>Canon y Epson<\/strong> han lanzado hace una impresora que se puede rellenar con un frasco de tinta. El coste del frasco oscila entre los <strong>6-10\u20ac<\/strong> y sirve para recargar el cartucho varias veces.<\/p>\n\n\n\n<h3 class=\"wp-block-heading\"><strong>6.<\/strong> <strong>La impresora requerir\u00e1 de un mayor mantenimiento<\/strong><\/h3>\n\n\n\n<p>Otra de las cosas a tener en cuenta antes de <strong>rellenar cartuchos de tinta<\/strong> es el <strong>mantenimiento<\/strong> <strong>de la impresora<\/strong>. Si se hace a menudo, habr\u00e1 que llevar un mantenimiento mucho m\u00e1s detallado.<\/p>\n\n\n\n<p>Por ejemplo, tendremos que hacer habitualmente el proceso de <strong>limpieza<\/strong> (no una limpieza general, sino exhaustiva) y <strong>alineaci\u00f3n de cabezales<\/strong>.<\/p>\n\n\n\n<p>Esto podr\u00eda parecer algo contraproducente: al fin y al cabo, la alineaci\u00f3n de cabezales consume tinta y esto es precisamente lo que estamos evitando hacer para ahorrar. Teniendo en cuenta el ahorro conseguido al rellenar el cartucho, lo que gasta el alineado es despreciable.<\/p>\n\n\n\n<p>El proceso de mantenimiento requiere de bastante tiempo y, dependiendo del modelo de impresora, puede hacer bastante ruido. Si no lo llevamos a cabo a menudo, la impresora se manchar\u00e1 por dentro y esto terminar\u00e1 afectando a nuestros documentos, adem\u00e1s de poderse da\u00f1ar alg\u00fan tipo de componente interno.<\/p>\n\n\n\n<p>Conviene tener mucho cuidado con esto.<\/p>\n\n\n\n<h3 class=\"wp-block-heading\"><strong>7.<\/strong> <strong>Requiere de prueba y error hasta encontrar el procedimiento correcto<\/strong><\/h3>\n\n\n\n<p>En la red podemos encontrar muchos recursos, tutoriales y videotutoriales que nos ense\u00f1ar\u00e1n a rellenar el cartucho de tinta. En el propio set de rellenado podremos encontrar instrucciones para saber c\u00f3mo hacer el proceso, incluso hasta <strong>soporte<\/strong> para ponernos en contacto con el fabricante por si tenemos alg\u00fan tipo de duda.<\/p>\n\n\n\n<p>Sin embargo, el proceso no es demasiado intuitivo y depende mucho del tipo de cartucho con el que se est\u00e1 trabajando. Adem\u00e1s, habr\u00e1 que llevar un cuidado m\u00e1s espec\u00edfico para evitar que lo terminemos llenando todo de tinta.<\/p>\n\n\n\n<p>Cuando hayas probado un par de veces no tendr\u00e1s ning\u00fan problema, pero, mientras tanto, puede que lo manches todo.<\/p>\n\n\n<div class=\"wp-block-image\">\n<figure class=\"aligncenter size-full\"><img loading=\"lazy\" decoding=\"async\" width=\"1000\" height=\"563\" src=\"https:\/\/quecartucho.es\/blog\/wp-content\/uploads\/2022\/12\/Rellenar-cartuchos-de-tinta-Canon.jpg\" alt=\"Rellenar cartuchos de tinta Canon\" class=\"wp-image-18014\" title=\"\" srcset=\"https:\/\/quecartucho.es\/blog\/wp-content\/uploads\/2022\/12\/Rellenar-cartuchos-de-tinta-Canon.jpg 1000w, https:\/\/quecartucho.es\/blog\/wp-content\/uploads\/2022\/12\/Rellenar-cartuchos-de-tinta-Canon-300x169.jpg 300w, https:\/\/quecartucho.es\/blog\/wp-content\/uploads\/2022\/12\/Rellenar-cartuchos-de-tinta-Canon-768x432.jpg 768w, https:\/\/quecartucho.es\/blog\/wp-content\/uploads\/2022\/12\/Rellenar-cartuchos-de-tinta-Canon-150x84.jpg 150w\" sizes=\"auto, (max-width: 1000px) 100vw, 1000px\" \/><figcaption class=\"wp-element-caption\">Rellenar cartuchos de tinta Canon<\/figcaption><\/figure>\n<\/div>\n\n<div id=\"rank-math-faq\" class=\"rank-math-block\">\n<div class=\"rank-math-list \">\n<div id=\"faq-question-1669917616504\" class=\"rank-math-list-item\">\n<h2 class=\"rank-math-question \"><strong>Entonces\u2026 \u00bfVale la pena rellenar los cartuchos?<\/strong><\/h2>\n<div class=\"rank-math-answer \">\n\n<p>Los <strong><a href=\"https:\/\/quecartucho.es\/blog\/cartuchos\/cartuchos-de-tinta-originales\/\">cartuchos oficiales<\/a><\/strong> son la recomendaci\u00f3n de la marca. La entidad nos da la garant\u00eda de que no tendremos problemas con ellos, pero, si los tenemos, podremos ponernos en contacto para exigir alg\u00fan tipo de soluci\u00f3n. Siempre que puedas, el\u00edgelos.<\/p>\n<p>El problema viene cuando no tenemos el suficiente presupuesto para comprar cartuchos tan caros. La opci\u00f3n de imprimir en una copister\u00eda est\u00e1 bien para un documento suelto, pero terminar\u00e1 siendo cara si la usamos todos los d\u00edas.<\/p>\n<p><strong>Rellenar cartuchos de tinta<\/strong> sale rentable siempre y cuando tengamos una impresora compatible con este tipo de cartucho, podamos encontrar la tinta con facilidad y tengamos algo de experiencia en este procedimiento (o tengamos tiempo para adquirirla).<\/p>\n<p>Tambi\u00e9n debes tener en cuenta que la calidad de impresi\u00f3n es la misma, siempre y cuando se trate de documentos sencillos. La cosa cambia cuando se trata de impresiones de alta calidad; en este caso, es mejor usar los cartuchos de m\u00e1xima calidad de la marca, aunque te cueste un poco m\u00e1s.<\/p>\n\n<\/div>\n<\/div>\n<\/div>\n<\/div>\n\n\n<p>Con este listado de las <strong>ventajas y desventajas de rellenar cartuchos de tinta<\/strong> podr\u00e1s tomar la decisi\u00f3n de s\u00ed esta opci\u00f3n es para ti.<\/p>\n","protected":false},"excerpt":{"rendered":"<p>La tinta es uno de los l\u00edquidos m\u00e1s caros que hay en todo el mundo. Los fabricantes de impresoras ofrecen sus dispositivos a precios asequibles que se adaptan a todo tipo de usuario. El problema viene en el momento en el que hay que comprar los consumibles (es decir, nuevos cartuchos). Son caros precisamente porque&hellip;&nbsp;<a href=\"https:\/\/quecartucho.es\/blog\/rellenar-cartuchos-de-tinta-pros-contras\/\" rel=\"bookmark\">Leer m\u00e1s &raquo;<span class=\"screen-reader-text\">Rellenar cartuchos de tinta: pros, contras<\/span><\/a><\/p>\n","protected":false},"author":1,"featured_media":18013,"parent":0,"menu_order":0,"comment_status":"closed","ping_status":"closed","template":"","meta":{"neve_meta_sidebar":"full-width","neve_meta_container":"","neve_meta_enable_content_width":"on","neve_meta_content_width":100,"neve_meta_title_alignment":"","neve_meta_author_avatar":"","neve_post_elements_order":"","neve_meta_disable_header":"","neve_meta_disable_footer":"","neve_meta_disable_title":"","episode_type":"","audio_file":"","podmotor_file_id":"","podmotor_episode_id":"","cover_image":"","cover_image_id":"","duration":"","filesize":"","filesize_raw":"","date_recorded":"","explicit":"","block":"","footnotes":""},"class_list":["post-18011","page","type-page","status-publish","has-post-thumbnail","hentry"],"_links":{"self":[{"href":"https:\/\/quecartucho.es\/blog\/wp-json\/wp\/v2\/pages\/18011","targetHints":{"allow":["GET"]}}],"collection":[{"href":"https:\/\/quecartucho.es\/blog\/wp-json\/wp\/v2\/pages"}],"about":[{"href":"https:\/\/quecartucho.es\/blog\/wp-json\/wp\/v2\/types\/page"}],"author":[{"embeddable":true,"href":"https:\/\/quecartucho.es\/blog\/wp-json\/wp\/v2\/users\/1"}],"replies":[{"embeddable":true,"href":"https:\/\/quecartucho.es\/blog\/wp-json\/wp\/v2\/comments?post=18011"}],"version-history":[{"count":14,"href":"https:\/\/quecartucho.es\/blog\/wp-json\/wp\/v2\/pages\/18011\/revisions"}],"predecessor-version":[{"id":18038,"href":"https:\/\/quecartucho.es\/blog\/wp-json\/wp\/v2\/pages\/18011\/revisions\/18038"}],"wp:featuredmedia":[{"embeddable":true,"href":"https:\/\/quecartucho.es\/blog\/wp-json\/wp\/v2\/media\/18013"}],"wp:attachment":[{"href":"https:\/\/quecartucho.es\/blog\/wp-json\/wp\/v2\/media?parent=18011"}],"curies":[{"name":"wp","href":"https:\/\/api.w.org\/{rel}","templated":true}]}}