{"id":18039,"date":"2022-12-07T20:28:49","date_gmt":"2022-12-07T18:28:49","guid":{"rendered":"https:\/\/quecartucho.es\/blog\/?page_id=18039"},"modified":"2022-12-12T16:51:10","modified_gmt":"2022-12-12T14:51:10","slug":"impresora-canon-no-imprime-guia-de-soluciones","status":"publish","type":"page","link":"https:\/\/quecartucho.es\/blog\/impresora-canon-no-imprime-guia-de-soluciones\/","title":{"rendered":"Impresora Canon no imprime: Gu\u00eda de soluciones"},"content":{"rendered":"\n<p>A pesar de que la tecnolog\u00eda que tienen las impresoras ha evolucionado mucho en los \u00faltimos a\u00f1os, no son dispositivos que est\u00e9n libres de errores. Marcas como <strong>Canon<\/strong> son las m\u00e1s recomendadas a la hora de comprar una nueva impresora, pero en cualquier momento se puede producir alg\u00fan que otro error que tendremos que resolver.<\/p>\n\n\n\n<p>\u00bfTe preguntas por qu\u00e9 tu <strong>impresora Canon <a href=\"https:\/\/quecartucho.es\/blog\/cuando-una-impresora-no-imprime-bien\/\">no imprime<\/a><\/strong>? Lo cierto es que puede haber muchas causas al problema y diferentes soluciones.<\/p>\n\n\n\n<p>A continuaci\u00f3n, vamos a hacer un recorrido para que sepas que tienes que hacer en cada ocasi\u00f3n.<\/p>\n\n\n\n<h2 class=\"wp-block-heading\"><strong>La impresora Canon no se enciende<\/strong><\/h2>\n\n\n\n<p>Aunque pueda parecer algo l\u00f3gico, lo primero que debemos hacer es revisar los <strong>cables de interconexi\u00f3n<\/strong>, como el cable de la electricidad.<\/p>\n\n\n\n<p>Si la impresora no enciende, es posible que este sea el problema. Podr\u00eda darse el caso de que se haya soltado de alguno de los extremos (de aquel que va a la impresora o a la toma de corriente), aunque tambi\u00e9n podr\u00eda haberse estropeado.<\/p>\n\n\n\n<p>Una vez hayamos comprobado que el cable est\u00e1 conectado correctamente, si la impresora sigue sin encender, lo m\u00e1s recomendable es <strong>comprar un cable de corriente nuevo<\/strong>. Se puede conseguir en pr\u00e1cticamente cualquier tienda de tecnolog\u00eda actual, o comprar online.<\/p>\n\n\n\n<h2 class=\"wp-block-heading\"><strong>La impresora Canon no se conecta con el equipo inform\u00e1tico<\/strong><\/h2>\n\n\n\n<p>De la misma forma que hemos revisado el cable de corriente, haremos lo mismo con el cable <strong>USB<\/strong>. Podr\u00eda haber ocurrido lo mismo que en el punto anterior: es decir, que se haya soltado o que no funcione.<\/p>\n\n\n\n<p>Si existe una conexi\u00f3n correcta con el equipo, lo m\u00e1s com\u00fan es que en los altavoces emitan un sonido que te notifique de ello. Adem\u00e1s, en la barra de notificaci\u00f3n aparecer\u00e1 alguna alerta o icono que te d\u00e9 esta informaci\u00f3n.<\/p>\n\n\n\n<p>La cosa cambia si estamos teniendo <strong>problemas con la conexi\u00f3n WiFi<\/strong>. En este caso, debes comprobar lo siguiente:<\/p>\n\n\n\n<ul class=\"wp-block-list\">\n<li>Revisa si la impresora se encuentra en un lugar de la casa en donde recibe una buena se\u00f1al de la cobertura WiFi. Si no es as\u00ed, prueba a cambiarla de sitio.<\/li>\n\n\n\n<li>Comprueba que la impresora aparece en la lista de redes WiFi.<\/li>\n\n\n\n<li>Prueba a <strong>reiniciar el Router<\/strong>, ya que el problema de una incorrecta conexi\u00f3n podr\u00eda deberse a una mala configuraci\u00f3n de este dispositivo.<\/li>\n<\/ul>\n\n\n\n<figure class=\"wp-block-image size-large\"><img loading=\"lazy\" decoding=\"async\" width=\"1024\" height=\"576\" src=\"https:\/\/quecartucho.es\/blog\/wp-content\/uploads\/2022\/12\/Impresora-Canon-no-imprime-Guia-de-soluciones-1024x576.jpg\" alt=\"Impresora Canon no imprime: Gu\u00eda de soluciones\" class=\"wp-image-18040\" title=\"\" srcset=\"https:\/\/quecartucho.es\/blog\/wp-content\/uploads\/2022\/12\/Impresora-Canon-no-imprime-Guia-de-soluciones-1024x576.jpg 1024w, https:\/\/quecartucho.es\/blog\/wp-content\/uploads\/2022\/12\/Impresora-Canon-no-imprime-Guia-de-soluciones-300x169.jpg 300w, https:\/\/quecartucho.es\/blog\/wp-content\/uploads\/2022\/12\/Impresora-Canon-no-imprime-Guia-de-soluciones-768x432.jpg 768w, https:\/\/quecartucho.es\/blog\/wp-content\/uploads\/2022\/12\/Impresora-Canon-no-imprime-Guia-de-soluciones-1536x864.jpg 1536w, https:\/\/quecartucho.es\/blog\/wp-content\/uploads\/2022\/12\/Impresora-Canon-no-imprime-Guia-de-soluciones.jpg 1920w\" sizes=\"auto, (max-width: 1024px) 100vw, 1024px\" \/><\/figure>\n\n\n\n<h2 class=\"wp-block-heading\"><strong>Mi impresora Canon muestra un mensaje de error<\/strong><\/h2>\n\n\n\n<p>La propia impresora ha sido dise\u00f1ada para indicarnos un <strong>mensaje de error<\/strong> para que sepamos en d\u00f3nde est\u00e1 el problema. Este mensaje aparecer\u00e1 en la pantalla de la pantalla (si la tiene) o en el software correspondiente en el sistema operativo.<\/p>\n\n\n\n<p>Para conocer el significado de cada error podemos buscar en el <strong>manual de instrucciones<\/strong> o en la propia web de Canon, aunque no siempre nos dan informaci\u00f3n completa. En esta p\u00e1gina podr\u00e1s encontrar informaci\u00f3n sobre los c\u00f3digos de errores con todo detalle, para que sepas que hacer.<\/p>\n\n\n\n<p>Estos son algunos de los m\u00e1s comunes en las <strong>impresoras Canon<\/strong>:<\/p>\n\n\n\n<ul class=\"wp-block-list\">\n<li><strong>C\u00f3digo E13: <\/strong>indica que se ha agotado el <a href=\"https:\/\/quecartucho.es\/\"><strong>cartucho de tinta<\/strong><\/a> y que hay que reemplazarlo para seguir imprimiendo.<\/li>\n\n\n\n<li><strong>C\u00f3digo E23: <\/strong>este error alude a un conflicto existente entre la <strong>direcci\u00f3n IP y la m\u00e1scara de subred<\/strong> (probablemente se haya usado la misma IP para ambos campos, o se ha usado una m\u00e1scara incorrecta para esa IP).<\/li>\n\n\n\n<li><strong>C\u00f3digo E57: <\/strong>indica un error de escaneado de la hoja de <strong>alineaci\u00f3n<\/strong> <strong>de los cabezales de impresi\u00f3n<\/strong>.<\/li>\n\n\n\n<li><strong>C\u00f3digo E65: <\/strong>este error se refiere a que la memoria de la impresora est\u00e1 llena, por lo que no se puede completar el guardado de datos.<\/li>\n<\/ul>\n\n\n\n<h2 class=\"wp-block-heading\"><strong>Mi impresora no indica ning\u00fan error al imprimir (\u00bfImpresora correcta?)<\/strong><\/h2>\n\n\n\n<div class=\"wp-block-columns is-layout-flex wp-container-core-columns-is-layout-9d6595d7 wp-block-columns-is-layout-flex\">\n<div class=\"wp-block-column is-layout-flow wp-block-column-is-layout-flow\">\n<p>Este problema es habitual en oficinas y en grandes centros en donde se trabaja con muchas impresoras.<\/p>\n\n\n\n<p>Podr\u00eda darse el caso de que estemos marcando la impresora incorrecta; la impresi\u00f3n se estar\u00eda produciendo, pero no en el dispositivo adecuado.<\/p>\n\n\n\n<p>Pulsa en<strong> imprimir<\/strong> y echa un vistazo al listado de <strong>impresoras disponibles<\/strong> en el men\u00fa desplegable. Simplemente, aseg\u00farate de estar eligiendo la correcta.<\/p>\n\n\n\n<ul class=\"wp-block-list\">\n<li><strong>Recomendaci\u00f3n:<\/strong> accede a las <strong>propiedades de impresora<\/strong> y marca como <strong>predeterminada<\/strong> aquella que vayas a utilizar con m\u00e1s frecuencia. Esto reducir\u00e1 la posibilidad de que te equivoques al imprimir con prisas.<\/li>\n<\/ul>\n<\/div>\n\n\n\n<div class=\"wp-block-column is-layout-flow wp-block-column-is-layout-flow\">\n<figure class=\"wp-block-image size-full\"><img loading=\"lazy\" decoding=\"async\" width=\"657\" height=\"369\" src=\"https:\/\/quecartucho.es\/blog\/wp-content\/uploads\/2022\/12\/La-impresora-Canon-no-imprime-por-un-bloqueo-en-la-cola-de-impresion.jpg\" alt=\"La impresora Canon no imprime por un bloqueo en la cola de impresi\u00f3n\" class=\"wp-image-18046\" title=\"\" srcset=\"https:\/\/quecartucho.es\/blog\/wp-content\/uploads\/2022\/12\/La-impresora-Canon-no-imprime-por-un-bloqueo-en-la-cola-de-impresion.jpg 657w, https:\/\/quecartucho.es\/blog\/wp-content\/uploads\/2022\/12\/La-impresora-Canon-no-imprime-por-un-bloqueo-en-la-cola-de-impresion-300x168.jpg 300w\" sizes=\"auto, (max-width: 657px) 100vw, 657px\" \/><\/figure>\n<\/div>\n<\/div>\n\n\n\n<h2 class=\"wp-block-heading\"><strong>La impresora Canon no imprime por un bloqueo en la cola de impresi\u00f3n<\/strong><\/h2>\n\n\n\n<p>La <strong>cola de impresi\u00f3n<\/strong> es un listado de ficheros que todav\u00eda no han podido ser impresos. Lo normal es que se vayan imprimiendo uno por uno hasta que se vac\u00eden, pero un error podr\u00eda haber provocado que la <strong>cola de impresi\u00f3n se atasque<\/strong>.<\/p>\n\n\n\n<p>Los errores m\u00e1s habituales que producen este atasco es la falta de tinta o de papel, aunque tambi\u00e9n podr\u00edamos haber intentado cancelar la impresi\u00f3n de un documento y no se ha podido hacer.<\/p>\n\n\n\n<p>La forma de ver los documentos de la cola de impresi\u00f3n es la siguiente:<\/p>\n\n\n\n<p>1) &nbsp; &nbsp; Accede a <strong>Panel de control<\/strong> y a <strong>impresoras y esc\u00e1neres<\/strong> (puedes escribir directamente impresoras en la barra de b\u00fasqueda).<\/p>\n\n\n\n<p>2) &nbsp; &nbsp; Elige tu modelo de impresora.<\/p>\n\n\n\n<p>3) &nbsp; &nbsp; Pulsa en <strong>abrir cola<\/strong>.<\/p>\n\n\n\n<p>4) &nbsp; &nbsp; Tambi\u00e9n se puede acceder desde un icono que deber\u00eda aparecer en la barra de notificaciones del sistema operativo.<\/p>\n\n\n\n<p>Una vez est\u00e9 abierta la cola de impresi\u00f3n ser\u00e1 tan f\u00e1cil como marcar el documento deseado, pulsar clic derecho y marcar en <strong>cancelar<\/strong>.<\/p>\n\n\n\n<p>Si la impresora no imprime, lo recomendable es borrar toda la cola de impresi\u00f3n y volver a imprimir de nuevo.<\/p>\n\n\n\n<p>Pero si no conseguimos borrar estos ficheros, y\/o sigue sin imprimir, <strong>reinicia el sistema operativo<\/strong>.<\/p>\n\n\n\n<h2 class=\"wp-block-heading\"><strong>Se ha producido un atasco de papel en la impresora Canon<\/strong><\/h2>\n\n\n\n<p>Hay muchas razones que podr\u00edan producir un <strong>atasco de papel<\/strong>: quiz\u00e1 se haya colado alg\u00fan elemento que no deber\u00eda estar ah\u00ed o que hayas cancelado la impresi\u00f3n y el papel no haya salido.<\/p>\n\n\n\n<p>En este caso tendr\u00e1s que proceder con la m\u00e1xima delicadeza posible. Tirar con fuerza del folio podr\u00eda llegar a romperlo y agravar el atasco, por no hablar de que podr\u00edamos estropear alguna pieza por el camino.<\/p>\n\n\n\n<p>Revisa si la impresora tiene un bot\u00f3n para facilitar la extracci\u00f3n del papel (suele estar situado al lado del bot\u00f3n de encendido).<\/p>\n\n\n\n<p>\u00bfQu\u00e9 ocurre si el bot\u00f3n no funciona? Es el indicativo de que el problema del atasco es m\u00e1s grave de lo que parece. No tendremos otra opci\u00f3n que <strong>desmontar la impresora<\/strong> de forma manual para acceder al punto exacto del atasco y resolverlo.<\/p>\n\n\n\n<p>Esto es algo que se indicar\u00e1 en el manual de instrucciones, pero en Internet hay muchos v\u00eddeos que te indicar\u00e1n c\u00f3mo proceder.<\/p>\n\n\n\n<h2 class=\"wp-block-heading\"><strong>La impresora HP no imprime por un cabezal de impresi\u00f3n obstruido<\/strong><\/h2>\n\n\n\n<p>Las impresoras requieren de un determinado <strong>mantenimiento<\/strong> para que est\u00e9n siempre en perfectas condiciones a la hora de imprimir. Entre otras acciones, habr\u00e1 que <strong>imprimir de forma regular para evitar que se seque la tinta<\/strong>.<\/p>\n\n\n\n<p>Un error muy habitual es lanzar un documento a imprimir y recibir un mensaje de error que indica que no queda tinta\u2026 pero t\u00fa sabes que no es as\u00ed. Lo que puede estar pasando es que se haya <strong>obstruido el cabezal de impresi\u00f3n<\/strong> o que est\u00e9 <strong>sucio<\/strong>.<\/p>\n\n\n\n<p>El proceso a seguir depende de cada impresora, pero lo m\u00e1s com\u00fan es tener que extraer el cartucho y usar un pa\u00f1o con un poco de agua templada para frotarlo por la zona donde se tira la tinta. En el momento en el que veamos que el pa\u00f1o se empieza a manchar ser\u00e1 la se\u00f1al de que hemos solucionado el problema.<\/p>\n\n\n\n<p>Es normal que las primeras impresiones salgan con mala calidad, pero esto se solucionar\u00e1 imprimiendo varias veces.<\/p>\n\n\n\n<h2 class=\"wp-block-heading\"><strong>Mi impresora Canon no reconoce cartuchos nuevos<\/strong><\/h2>\n\n\n\n<p>Uno de los errores m\u00e1s desconcertantes que podemos encontrar en impresoras Canon es que <strong>no reconozca los nuevos cartuchos<\/strong>. Despu\u00e9s de la inversi\u00f3n que hemos hecho en estos en estos elementos, lo \u00fanico que esperamos es que no vayan a funcionar.<\/p>\n\n\n\n<p>Esto se debe a que el perif\u00e9rico no reconoce los nuevos <a href=\"https:\/\/quecartucho.es\/4291-cartuchos-de-tinta-canon-compatibles\"><strong>cartuchos Canon<\/strong><\/a>, por lo que habr\u00e1 que <strong>resetearlo<\/strong>.<\/p>\n\n\n\n<p>Para hacerlo, sigue estos pasos:<\/p>\n\n\n\n<p>1) &nbsp; &nbsp; Abre el software de tu impresora (por ejemplo, <strong>Canon IJ Printer Assistant Tool<\/strong>).<\/p>\n\n\n\n<p>2) &nbsp; &nbsp; Aseg\u00farate de que la impresora est\u00e9 encendida y pulsa en <strong>Configuraci\u00f3n.<\/strong><\/p>\n\n\n\n<p>3) &nbsp; &nbsp; Pulsa en <strong>Resets The Remaining Ink Level Count<\/strong>.<\/p>\n\n\n\n<p>4) &nbsp; &nbsp; Aplica la configuraci\u00f3n.<\/p>\n\n\n\n<p>5) &nbsp; &nbsp; Prueba a imprimir de nuevo.<\/p>\n\n\n\n<p>El proceso de <strong>resetear los cartuchos Canon<\/strong> tambi\u00e9n lo tendr\u00e1s que hacer si has rellenado los cartuchos o si se ha producido alg\u00fan tipo de malfuncionamiento en el equipo y no reconoce los que has estado utilizando hasta el momento.<\/p>\n\n\n\n<h2 class=\"wp-block-heading\"><strong>Problemas con drivers y software en la impresora Canon<\/strong><\/h2>\n\n\n\n<p>Para que la impresora pueda interactuar con el sistema operativo de un PC o tel\u00e9fono m\u00f3vil es vital que se hayan instalado previamente los <strong>drivers<\/strong> y el <strong>software<\/strong> que corresponda en cada equipo.<\/p>\n\n\n\n<p>Si est\u00e1s haciendo la instalaci\u00f3n en <strong>Windows<\/strong>, el reconocimiento de la impresora y la instalaci\u00f3n de los drivers suele ser autom\u00e1tica. Sin embargo, tendr\u00e1s que descargar el software.<\/p>\n\n\n\n<p>Las impresoras actuales no tienen CD de instalaci\u00f3n, sino que tendremos que descargar los componentes a trav\u00e9s de Internet. Adem\u00e1s, es la forma m\u00e1s recomendable de hacerlo, ya que nos descargaremos los drivers <strong>actualizados a la \u00faltima versi\u00f3n<\/strong>.<\/p>\n\n\n\n<h2 class=\"wp-block-heading\"><strong>Hacer un test de diagn\u00f3stico para saber qu\u00e9 le ocurre a mi impresora Canon<\/strong><\/h2>\n\n\n\n<p>Si todav\u00eda no has dado con el origen del problema, resultar\u00e1 muy pr\u00e1ctico hacer lo que se conoce como un <strong>test de diagn\u00f3stico<\/strong>.<\/p>\n\n\n\n<p>En Windows 10 tendr\u00e1s que seguir estos pasos para hacer el test:<\/p>\n\n\n\n<p>1) &nbsp; &nbsp; Escribe <strong>Dispositivos e impresoras<\/strong> en <strong>Panel de Control<\/strong>.<\/p>\n\n\n\n<p>2) &nbsp; &nbsp; Elige la impresora que corresponda y pulsa en <strong>Propiedades de impresoras<\/strong>.<\/p>\n\n\n\n<p>3) &nbsp; &nbsp; Desde la pesta\u00f1a de <strong>General<\/strong> pulsa en<strong> Imprimir p\u00e1gina de prueba<\/strong>.<\/p>\n\n\n\n<p>Si la impresora no fuese capaz de imprimir esta p\u00e1gina, el problema estar\u00eda en la propia impresora y no en el software o drivers.<\/p>\n\n\n\n<p>Estos son los problemas de impresi\u00f3n m\u00e1s comunes que puede tener nuestra <strong><a href=\"https:\/\/quecartucho.es\/blog\/impresoras-canon\/\">impresora Canon<\/a><\/strong>.<\/p>\n\n\n\n<h2 class=\"wp-block-heading\">Errores en impresoras Canon<\/h2>\n\n\n<div class=\"pt-cv-wrapper\"><div class=\"pt-cv-view pt-cv-grid pt-cv-colsys\" id=\"pt-cv-view-6446f51p4l\"><div data-id=\"pt-cv-page-1\" class=\"pt-cv-page\" data-cvc=\"2\"><div class=\"col-md-6 col-sm-6 col-xs-12 pt-cv-content-item pt-cv-1-col\" ><div class='pt-cv-ifield'><a href=\"https:\/\/quecartucho.es\/blog\/error-5b00-de-canon-cual-es-su-causa-y-como-solucionarlo\/\" class=\"_self pt-cv-href-thumbnail pt-cv-thumb-default\" target=\"_self\" ><img loading=\"lazy\" decoding=\"async\" width=\"1024\" height=\"576\" src=\"https:\/\/quecartucho.es\/blog\/wp-content\/uploads\/2023\/02\/Error-5B00-de-Canon-1024x576.jpg\" class=\"pt-cv-thumbnail\" alt=\"Error 5B00 de Canon\" srcset=\"https:\/\/quecartucho.es\/blog\/wp-content\/uploads\/2023\/02\/Error-5B00-de-Canon-1024x576.jpg 1024w, https:\/\/quecartucho.es\/blog\/wp-content\/uploads\/2023\/02\/Error-5B00-de-Canon-300x169.jpg 300w, https:\/\/quecartucho.es\/blog\/wp-content\/uploads\/2023\/02\/Error-5B00-de-Canon-768x432.jpg 768w, https:\/\/quecartucho.es\/blog\/wp-content\/uploads\/2023\/02\/Error-5B00-de-Canon.jpg 1280w\" sizes=\"auto, (max-width: 1024px) 100vw, 1024px\" title=\"\"><\/a>\n<h4 class=\"pt-cv-title\"><a href=\"https:\/\/quecartucho.es\/blog\/error-5b00-de-canon-cual-es-su-causa-y-como-solucionarlo\/\" class=\"_self\" target=\"_self\" >Error 5B00 de Canon \u00bfCu\u00e1l es su causa y c\u00f3mo solucionarlo?<\/a><\/h4>\n<div class=\"pt-cv-content\">El error 5B00 de Canon es uno de los m\u00e1s habituales que nos podemos encontrar con las impresoras de esta ...<br \/><div class=\"pt-cv-rmwrap\"><a href=\"https:\/\/quecartucho.es\/blog\/error-5b00-de-canon-cual-es-su-causa-y-como-solucionarlo\/\" class=\"_self pt-cv-readmore btn btn-success\" target=\"_self\">Leer M\u00e1s<\/a><\/div><\/div><\/div><\/div>\n<div class=\"col-md-6 col-sm-6 col-xs-12 pt-cv-content-item pt-cv-1-col\" ><div class='pt-cv-ifield'><a href=\"https:\/\/quecartucho.es\/blog\/error-e59-en-impresoras-canon\/\" class=\"_self pt-cv-href-thumbnail pt-cv-thumb-default\" target=\"_self\" ><img loading=\"lazy\" decoding=\"async\" width=\"1024\" height=\"576\" src=\"https:\/\/quecartucho.es\/blog\/wp-content\/uploads\/2022\/10\/Error-E-59-en-impresoras-Canon-1024x576.jpeg\" class=\"pt-cv-thumbnail\" alt=\"Error E-59 en impresoras Canon\" srcset=\"https:\/\/quecartucho.es\/blog\/wp-content\/uploads\/2022\/10\/Error-E-59-en-impresoras-Canon-1024x576.jpeg 1024w, https:\/\/quecartucho.es\/blog\/wp-content\/uploads\/2022\/10\/Error-E-59-en-impresoras-Canon-300x169.jpeg 300w, https:\/\/quecartucho.es\/blog\/wp-content\/uploads\/2022\/10\/Error-E-59-en-impresoras-Canon-768x432.jpeg 768w, https:\/\/quecartucho.es\/blog\/wp-content\/uploads\/2022\/10\/Error-E-59-en-impresoras-Canon-150x84.jpeg 150w, https:\/\/quecartucho.es\/blog\/wp-content\/uploads\/2022\/10\/Error-E-59-en-impresoras-Canon.jpeg 1200w\" sizes=\"auto, (max-width: 1024px) 100vw, 1024px\" title=\"\"><\/a>\n<h4 class=\"pt-cv-title\"><a href=\"https:\/\/quecartucho.es\/blog\/error-e59-en-impresoras-canon\/\" class=\"_self\" target=\"_self\" >Error E59 en impresoras Canon<\/a><\/h4>\n<div class=\"pt-cv-content\">Encontrarse con un error en la impresora es mucho m\u00e1s habitual de lo que nos parece. Por fortuna, si conocemos ...<br \/><div class=\"pt-cv-rmwrap\"><a href=\"https:\/\/quecartucho.es\/blog\/error-e59-en-impresoras-canon\/\" class=\"_self pt-cv-readmore btn btn-success\" target=\"_self\">Leer M\u00e1s<\/a><\/div><\/div><\/div><\/div>\n<div class=\"col-md-6 col-sm-6 col-xs-12 pt-cv-content-item pt-cv-1-col\" ><div class='pt-cv-ifield'><a href=\"https:\/\/quecartucho.es\/blog\/error-b504-impresoras-canon\/\" class=\"_self pt-cv-href-thumbnail pt-cv-thumb-default\" target=\"_self\" ><img loading=\"lazy\" decoding=\"async\" width=\"1024\" height=\"576\" src=\"https:\/\/quecartucho.es\/blog\/wp-content\/uploads\/2022\/08\/Error-B504-Impresoras-Canon-1024x576.jpg\" class=\"pt-cv-thumbnail\" alt=\"Error B504 Impresoras Canon\" srcset=\"https:\/\/quecartucho.es\/blog\/wp-content\/uploads\/2022\/08\/Error-B504-Impresoras-Canon-1024x576.jpg 1024w, https:\/\/quecartucho.es\/blog\/wp-content\/uploads\/2022\/08\/Error-B504-Impresoras-Canon-300x169.jpg 300w, https:\/\/quecartucho.es\/blog\/wp-content\/uploads\/2022\/08\/Error-B504-Impresoras-Canon-768x432.jpg 768w, https:\/\/quecartucho.es\/blog\/wp-content\/uploads\/2022\/08\/Error-B504-Impresoras-Canon-150x84.jpg 150w, https:\/\/quecartucho.es\/blog\/wp-content\/uploads\/2022\/08\/Error-B504-Impresoras-Canon.jpg 1280w\" sizes=\"auto, (max-width: 1024px) 100vw, 1024px\" title=\"\"><\/a>\n<h4 class=\"pt-cv-title\"><a href=\"https:\/\/quecartucho.es\/blog\/error-b504-impresoras-canon\/\" class=\"_self\" target=\"_self\" >Error B504 impresoras Canon<\/a><\/h4>\n<div class=\"pt-cv-content\">Canon es uno de los mejores fabricantes de impresoras que podemos encontrar en este momento en el mercado. A pesar ...<br \/><div class=\"pt-cv-rmwrap\"><a href=\"https:\/\/quecartucho.es\/blog\/error-b504-impresoras-canon\/\" class=\"_self pt-cv-readmore btn btn-success\" target=\"_self\">Leer M\u00e1s<\/a><\/div><\/div><\/div><\/div>\n<div class=\"col-md-6 col-sm-6 col-xs-12 pt-cv-content-item pt-cv-1-col\" ><div class='pt-cv-ifield'><a href=\"https:\/\/quecartucho.es\/blog\/como-solucionar-el-error-6000-en-impresoras-canon\/\" class=\"_self pt-cv-href-thumbnail pt-cv-thumb-default\" target=\"_self\" ><img loading=\"lazy\" decoding=\"async\" width=\"1024\" height=\"576\" src=\"https:\/\/quecartucho.es\/blog\/wp-content\/uploads\/2022\/06\/\u00bfComo-solucionar-el-error-6000-en-impresoras-Canon-1024x576.webp\" class=\"pt-cv-thumbnail\" alt=\"\u00bfComo solucionar el error 6000 en impresoras Canon?\" srcset=\"https:\/\/quecartucho.es\/blog\/wp-content\/uploads\/2022\/06\/\u00bfComo-solucionar-el-error-6000-en-impresoras-Canon-1024x576.webp 1024w, https:\/\/quecartucho.es\/blog\/wp-content\/uploads\/2022\/06\/\u00bfComo-solucionar-el-error-6000-en-impresoras-Canon-300x169.webp 300w, https:\/\/quecartucho.es\/blog\/wp-content\/uploads\/2022\/06\/\u00bfComo-solucionar-el-error-6000-en-impresoras-Canon-768x432.webp 768w, https:\/\/quecartucho.es\/blog\/wp-content\/uploads\/2022\/06\/\u00bfComo-solucionar-el-error-6000-en-impresoras-Canon-150x84.webp 150w, https:\/\/quecartucho.es\/blog\/wp-content\/uploads\/2022\/06\/\u00bfComo-solucionar-el-error-6000-en-impresoras-Canon.webp 1200w\" sizes=\"auto, (max-width: 1024px) 100vw, 1024px\" title=\"\"><\/a>\n<h4 class=\"pt-cv-title\"><a href=\"https:\/\/quecartucho.es\/blog\/como-solucionar-el-error-6000-en-impresoras-canon\/\" class=\"_self\" target=\"_self\" >\u00bfC\u00f3mo solucionar el error 6000 en impresoras Canon? \ud83d\udda8\ufe0f \u26a0\ufe0f<\/a><\/h4>\n<div class=\"pt-cv-content\">Arreglar una impresora no siempre es sencillo, pero, por fortuna, muchas marcas cuentan con un listado de c\u00f3digos de error ...<br \/><div class=\"pt-cv-rmwrap\"><a href=\"https:\/\/quecartucho.es\/blog\/como-solucionar-el-error-6000-en-impresoras-canon\/\" class=\"_self pt-cv-readmore btn btn-success\" target=\"_self\">Leer M\u00e1s<\/a><\/div><\/div><\/div><\/div><\/div><\/div><\/div>\n","protected":false},"excerpt":{"rendered":"<p>A pesar de que la tecnolog\u00eda que tienen las impresoras ha evolucionado mucho en los \u00faltimos a\u00f1os, no son dispositivos que est\u00e9n libres de errores. Marcas como Canon son las m\u00e1s recomendadas a la hora de comprar una nueva impresora, pero en cualquier momento se puede producir alg\u00fan que otro error que tendremos que resolver.&hellip;&nbsp;<a href=\"https:\/\/quecartucho.es\/blog\/impresora-canon-no-imprime-guia-de-soluciones\/\" rel=\"bookmark\">Leer m\u00e1s &raquo;<span class=\"screen-reader-text\">Impresora Canon no imprime: Gu\u00eda de soluciones<\/span><\/a><\/p>\n","protected":false},"author":1,"featured_media":18048,"parent":0,"menu_order":0,"comment_status":"closed","ping_status":"closed","template":"","meta":{"neve_meta_sidebar":"full-width","neve_meta_container":"","neve_meta_enable_content_width":"on","neve_meta_content_width":100,"neve_meta_title_alignment":"","neve_meta_author_avatar":"","neve_post_elements_order":"","neve_meta_disable_header":"","neve_meta_disable_footer":"","neve_meta_disable_title":"","episode_type":"","audio_file":"","podmotor_file_id":"","podmotor_episode_id":"","cover_image":"","cover_image_id":"","duration":"","filesize":"","filesize_raw":"","date_recorded":"","explicit":"","block":"","footnotes":""},"class_list":["post-18039","page","type-page","status-publish","has-post-thumbnail","hentry"],"_links":{"self":[{"href":"https:\/\/quecartucho.es\/blog\/wp-json\/wp\/v2\/pages\/18039","targetHints":{"allow":["GET"]}}],"collection":[{"href":"https:\/\/quecartucho.es\/blog\/wp-json\/wp\/v2\/pages"}],"about":[{"href":"https:\/\/quecartucho.es\/blog\/wp-json\/wp\/v2\/types\/page"}],"author":[{"embeddable":true,"href":"https:\/\/quecartucho.es\/blog\/wp-json\/wp\/v2\/users\/1"}],"replies":[{"embeddable":true,"href":"https:\/\/quecartucho.es\/blog\/wp-json\/wp\/v2\/comments?post=18039"}],"version-history":[{"count":5,"href":"https:\/\/quecartucho.es\/blog\/wp-json\/wp\/v2\/pages\/18039\/revisions"}],"predecessor-version":[{"id":18113,"href":"https:\/\/quecartucho.es\/blog\/wp-json\/wp\/v2\/pages\/18039\/revisions\/18113"}],"wp:featuredmedia":[{"embeddable":true,"href":"https:\/\/quecartucho.es\/blog\/wp-json\/wp\/v2\/media\/18048"}],"wp:attachment":[{"href":"https:\/\/quecartucho.es\/blog\/wp-json\/wp\/v2\/media?parent=18039"}],"curies":[{"name":"wp","href":"https:\/\/api.w.org\/{rel}","templated":true}]}}