{"id":18140,"date":"2022-12-14T18:30:33","date_gmt":"2022-12-14T16:30:33","guid":{"rendered":"https:\/\/quecartucho.es\/blog\/?page_id=18140"},"modified":"2022-12-21T10:31:54","modified_gmt":"2022-12-21T08:31:54","slug":"como-limpiar-la-guia-del-papel","status":"publish","type":"page","link":"https:\/\/quecartucho.es\/blog\/como-limpiar-la-guia-del-papel\/","title":{"rendered":"C\u00f3mo limpiar la gu\u00eda del papel en una impresora"},"content":{"rendered":"\n<figure class=\"wp-block-embed is-type-video is-provider-youtube wp-block-embed-youtube wp-embed-aspect-16-9 wp-has-aspect-ratio\"><div class=\"wp-block-embed__wrapper\">\n<div class=\"nv-iframe-embed\"><iframe loading=\"lazy\" title=\"603XL, WF 2850, limpieza de gu\u00eda de papel\" width=\"1200\" height=\"675\" src=\"https:\/\/www.youtube.com\/embed\/JdYzTc7sdGk?feature=oembed\" frameborder=\"0\" allow=\"accelerometer; autoplay; clipboard-write; encrypted-media; gyroscope; picture-in-picture\" allowfullscreen><\/iframe><\/div>\n<\/div><\/figure>\n\n\n<div id=\"rank-math-faq\" class=\"rank-math-block\">\n<div class=\"rank-math-list \">\n<div id=\"faq-question-1671034625276\" class=\"rank-math-list-item\">\n<h2 class=\"rank-math-question \"><br>C\u00f3mo limpiar la gu\u00eda del papel<\/h2>\n<div class=\"rank-math-answer \">\n\n<p>Si aparece tinta al dorso de una impresi\u00f3n, puede limpiar los rodillos de la gu\u00eda del papel para eliminar cualquier exceso de tinta. Si el papel no avanza correctamente del alimentador de papel posterior, puede utilizar una hoja de limpieza para limpiar los rodillos.<br \/>  Realice una de las siguientes acciones:  Si la impresi\u00f3n est\u00e1 manchada o rayada, cargue papel normal del siguiente tama\u00f1o en la fuente de papel que desea limpiar: A3 (11,7\u00a0\u00d7\u00a016,5 pulg. [297\u00a0\u00d7\u00a0420\u00a0mm]).<br \/>Si el papel no avanza correctamente del alimentador de papel posterior, cargue la hoja de limpieza incluida con el papel Epson en el alimentador de papel posterior.<br \/> Pulse el bot\u00f3n <img decoding=\"async\" src=\"https:\/\/files.support.epson.com\/docid\/cpd5\/cpd50224\/source\/images\/icons\/home_icon.jpg\" alt=\"\" title=\"\">\u00a0de inicio, si es necesario.<br \/> Seleccione Config.<br \/> Seleccione Mantenimiento. Ver\u00e1 una pantalla como esta: <br \/><img decoding=\"async\" src=\"https:\/\/files.support.epson.com\/docid\/cpd5\/cpd50224\/source\/images\/lcd_screens\/wf5690\/lcd_maintenance_wf5690.jpg.jpg\" alt=\"\" title=\"\"><\/p>\n<p> Despl\u00e1cese hacia abajo y seleccione Limpieza de gu\u00eda papel.<br \/> Seleccione la fuente de papel que desea limpiar.<br \/> Pulse el bot\u00f3n <img decoding=\"async\" src=\"https:\/\/files.support.epson.com\/docid\/cpd5\/cpd50224\/source\/images\/icons\/start_black_icon.jpg\" alt=\"\" title=\"\">\u00a0Iniciar Color.<br \/> Si est\u00e1 limpiando las gu\u00edas de papel, repita este proceso cuantas veces sea necesario hasta que el papel salga limpio. Si est\u00e1 utilizando una hoja de limpieza, repita estos pasos hasta tres veces. Nota: Si el papel no est\u00e1 limpio despu\u00e9s de realizar varias limpiezas, limpie las otras fuentes de papel.<\/p>\n\n<\/div>\n<\/div>\n<div id=\"faq-question-1671034699656\" class=\"rank-math-list-item\">\n<h2 class=\"rank-math-question \">\u00bfQu\u00e9 es Limpieza de la gu\u00eda de papel?<\/h2>\n<div class=\"rank-math-answer \">\n\n<p>La gu\u00eda del papel es una tira de pl\u00e1stico oscuro situada en el interior de la impresora. En este caso, puede utilizar la herramienta de limpieza de la gu\u00eda del papel del controlador de la impresora para solucionar el problema.<\/p>\n\n<\/div>\n<\/div>\n<div id=\"faq-question-1671034720125\" class=\"rank-math-list-item\">\n<h2 class=\"rank-math-question \">\u00bfC\u00f3mo limpiar los rodillos de la gu\u00eda del papel?<\/h2>\n<div class=\"rank-math-answer \">\n\n<p>Limpie cada cilindro con un pa\u00f1o sin pelusas humedecido con agua (preferiblemente agua destilada). Gire el cilindro para limpiar toda su superficie.<\/p>\n\n<\/div>\n<\/div>\n<\/div>\n<\/div>\n\n\n<figure class=\"wp-block-video\"><\/figure>\n\n\n\n<figure class=\"wp-block-video\"><\/figure>\n\n\n\n<h2 class=\"wp-block-heading\">Mediante la utilidad Limpieza de la gu\u00eda del papel en Windows<\/h2>\n\n\n\n<figure class=\"wp-block-image size-large\"><img loading=\"lazy\" decoding=\"async\" width=\"1024\" height=\"489\" src=\"https:\/\/quecartucho.es\/blog\/wp-content\/uploads\/2022\/12\/Mediante-la-utilidad-Limpieza-de-la-guia-del-papel-en-Windows-Limpieza-de-la-guia-del-papel-1024x489.png\" alt=\"Mediante la utilidad Limpieza de la gu\u00eda del papel en Windows Limpieza de la gu\u00eda del papel\" class=\"wp-image-18142\" title=\"\" srcset=\"https:\/\/quecartucho.es\/blog\/wp-content\/uploads\/2022\/12\/Mediante-la-utilidad-Limpieza-de-la-guia-del-papel-en-Windows-Limpieza-de-la-guia-del-papel-1024x489.png 1024w, https:\/\/quecartucho.es\/blog\/wp-content\/uploads\/2022\/12\/Mediante-la-utilidad-Limpieza-de-la-guia-del-papel-en-Windows-Limpieza-de-la-guia-del-papel-300x143.png 300w, https:\/\/quecartucho.es\/blog\/wp-content\/uploads\/2022\/12\/Mediante-la-utilidad-Limpieza-de-la-guia-del-papel-en-Windows-Limpieza-de-la-guia-del-papel-768x367.png 768w, https:\/\/quecartucho.es\/blog\/wp-content\/uploads\/2022\/12\/Mediante-la-utilidad-Limpieza-de-la-guia-del-papel-en-Windows-Limpieza-de-la-guia-del-papel.png 1038w\" sizes=\"auto, (max-width: 1024px) 100vw, 1024px\" \/><\/figure>\n\n\n\n<h2 class=\"wp-block-heading\">Mediante la utilidad Limpieza de la gu\u00eda del papel en Mac OS X<\/h2>\n\n\n\n<figure class=\"wp-block-image size-full\"><img loading=\"lazy\" decoding=\"async\" width=\"1016\" height=\"567\" src=\"https:\/\/quecartucho.es\/blog\/wp-content\/uploads\/2022\/12\/Mediante-la-utilidad-Limpieza-de-la-guia-del-papel-en-Mac-OS-X-Limpieza-de-la-guia-del-papel.png\" alt=\"Mediante la utilidad Limpieza de la gu\u00eda del papel en Mac OS X Limpieza de la gu\u00eda del papel\" class=\"wp-image-18143\" title=\"\" srcset=\"https:\/\/quecartucho.es\/blog\/wp-content\/uploads\/2022\/12\/Mediante-la-utilidad-Limpieza-de-la-guia-del-papel-en-Mac-OS-X-Limpieza-de-la-guia-del-papel.png 1016w, https:\/\/quecartucho.es\/blog\/wp-content\/uploads\/2022\/12\/Mediante-la-utilidad-Limpieza-de-la-guia-del-papel-en-Mac-OS-X-Limpieza-de-la-guia-del-papel-300x167.png 300w, https:\/\/quecartucho.es\/blog\/wp-content\/uploads\/2022\/12\/Mediante-la-utilidad-Limpieza-de-la-guia-del-papel-en-Mac-OS-X-Limpieza-de-la-guia-del-papel-768x429.png 768w\" sizes=\"auto, (max-width: 1016px) 100vw, 1016px\" \/><figcaption class=\"wp-element-caption\">Mediante la utilidad Limpieza de la gu\u00eda del papel en Mac OS X Limpieza de la gu\u00eda del papel<\/figcaption><\/figure>\n\n\n\n<p><\/p>\n\n\n\n<h2 class=\"wp-block-heading\">Limpieza de la trayectoria de papel por manchas de tinta<\/h2>\n\n\n\n<figure class=\"wp-block-image size-large\"><img loading=\"lazy\" decoding=\"async\" width=\"583\" height=\"1024\" src=\"https:\/\/quecartucho.es\/blog\/wp-content\/uploads\/2022\/12\/Limpieza-de-la-trayectoria-de-papel-por-manchas-de-tinta-583x1024.png\" alt=\"\" class=\"wp-image-18145\" title=\"\" srcset=\"https:\/\/quecartucho.es\/blog\/wp-content\/uploads\/2022\/12\/Limpieza-de-la-trayectoria-de-papel-por-manchas-de-tinta-583x1024.png 583w, https:\/\/quecartucho.es\/blog\/wp-content\/uploads\/2022\/12\/Limpieza-de-la-trayectoria-de-papel-por-manchas-de-tinta-171x300.png 171w, https:\/\/quecartucho.es\/blog\/wp-content\/uploads\/2022\/12\/Limpieza-de-la-trayectoria-de-papel-por-manchas-de-tinta-768x1349.png 768w, https:\/\/quecartucho.es\/blog\/wp-content\/uploads\/2022\/12\/Limpieza-de-la-trayectoria-de-papel-por-manchas-de-tinta.png 841w\" sizes=\"auto, (max-width: 583px) 100vw, 583px\" \/><\/figure>\n","protected":false},"excerpt":{"rendered":"<p>Mediante la utilidad Limpieza de la gu\u00eda del papel en Windows Mediante la utilidad Limpieza de la gu\u00eda del papel en Mac OS X Limpieza de la trayectoria de papel por manchas de tinta<\/p>\n","protected":false},"author":1,"featured_media":18147,"parent":0,"menu_order":0,"comment_status":"closed","ping_status":"closed","template":"","meta":{"neve_meta_sidebar":"full-width","neve_meta_container":"","neve_meta_enable_content_width":"on","neve_meta_content_width":100,"neve_meta_title_alignment":"","neve_meta_author_avatar":"","neve_post_elements_order":"","neve_meta_disable_header":"","neve_meta_disable_footer":"","neve_meta_disable_title":"","episode_type":"","audio_file":"","podmotor_file_id":"","podmotor_episode_id":"","cover_image":"","cover_image_id":"","duration":"","filesize":"","filesize_raw":"","date_recorded":"","explicit":"","block":"","footnotes":""},"class_list":["post-18140","page","type-page","status-publish","has-post-thumbnail","hentry"],"_links":{"self":[{"href":"https:\/\/quecartucho.es\/blog\/wp-json\/wp\/v2\/pages\/18140","targetHints":{"allow":["GET"]}}],"collection":[{"href":"https:\/\/quecartucho.es\/blog\/wp-json\/wp\/v2\/pages"}],"about":[{"href":"https:\/\/quecartucho.es\/blog\/wp-json\/wp\/v2\/types\/page"}],"author":[{"embeddable":true,"href":"https:\/\/quecartucho.es\/blog\/wp-json\/wp\/v2\/users\/1"}],"replies":[{"embeddable":true,"href":"https:\/\/quecartucho.es\/blog\/wp-json\/wp\/v2\/comments?post=18140"}],"version-history":[{"count":6,"href":"https:\/\/quecartucho.es\/blog\/wp-json\/wp\/v2\/pages\/18140\/revisions"}],"predecessor-version":[{"id":18176,"href":"https:\/\/quecartucho.es\/blog\/wp-json\/wp\/v2\/pages\/18140\/revisions\/18176"}],"wp:featuredmedia":[{"embeddable":true,"href":"https:\/\/quecartucho.es\/blog\/wp-json\/wp\/v2\/media\/18147"}],"wp:attachment":[{"href":"https:\/\/quecartucho.es\/blog\/wp-json\/wp\/v2\/media?parent=18140"}],"curies":[{"name":"wp","href":"https:\/\/api.w.org\/{rel}","templated":true}]}}