{"id":18183,"date":"2022-12-21T18:35:42","date_gmt":"2022-12-21T16:35:42","guid":{"rendered":"https:\/\/quecartucho.es\/blog\/?page_id=18183"},"modified":"2022-12-23T11:49:39","modified_gmt":"2022-12-23T09:49:39","slug":"imprime-azul","status":"publish","type":"page","link":"https:\/\/quecartucho.es\/blog\/la-impresora-imprime-rosa-o-verde-azul-amarillo-rojo\/imprime-azul\/","title":{"rendered":"La impresora imprime Azul"},"content":{"rendered":"\n<p>El azul es uno de los tres colores primarios en una impresora. Si no estuviese presente, ser\u00eda imposible conseguir una impresi\u00f3n de calidad.<\/p>\n\n\n\n<p>\u00bfQu\u00e9 ocurre si <strong>la impresora imprime en azul<\/strong>, solamente en ese color? Lo m\u00e1s probable es que se hayan acabado los otros dos <a href=\"https:\/\/quecartucho.es\/\"><strong>cartuchos de tinta<\/strong><\/a> de colores; es decir, el magenta y el amarillo. Sin embargo, existen otros motivos que pueden ser los causantes del problema.<\/p>\n\n\n\n<p>En las siguientes l\u00edneas vamos a ver las soluciones m\u00e1s pr\u00e1cticas:<\/p>\n\n\n\n<h2 class=\"wp-block-heading\"><strong>\u00bfCu\u00e1les son las causas de que la impresora solo imprime en azul?<\/strong><\/h2>\n\n\n\n<p>Estos son los posibles motivos que explican el problema:<\/p>\n\n\n\n<h3 class=\"wp-block-heading\"><strong>1.<\/strong> &nbsp; &nbsp; <strong>Se han gastado los colores<\/strong><\/h3>\n\n\n\n<p>No es habitual que se gasten dos colores al mismo tiempo, pero podr\u00eda ocurrir. Existen trabajos de impresi\u00f3n en los que se utilizan estos en lugar del azul.<\/p>\n\n\n\n<p>Para revisar si este es el error podemos <strong>monitorizar la tinta<\/strong> desde la aplicaci\u00f3n para PC o tel\u00e9fono m\u00f3vil de la impresora. Si los niveles del magenta y amarillo est\u00e1n muy bajos, podremos confirmar que el problema viene de aqu\u00ed.<\/p>\n\n\n\n<p>Si tienes una impresora t\u00e1ctil, puedes utilizar la pantalla que trae para comprobar el nivel de la tinta desde ah\u00ed. Desde el apartado <strong>configuraci\u00f3n<\/strong> o <strong>ajustes<\/strong> podr\u00e1s encontrar este dato.<\/p>\n\n\n\n<h3 class=\"wp-block-heading\"><strong>2.<\/strong> &nbsp; &nbsp; <strong>Error en los contactos de los cabezales<\/strong><\/h3>\n\n\n\n<p>La suciedad, el polvo o simplemente la manipulaci\u00f3n con nuestros dedos sobre los cartuchos pueden provocar alg\u00fan tipo de mal funcionamiento. Quiz\u00e1 no se est\u00e9 detectando la tinta magenta y la amarilla y por eso la <strong>impresora solo imprime azul<\/strong>.<\/p>\n\n\n\n<p>En este supuesto, la soluci\u00f3n es muy sencilla: tendr\u00e1s que <strong>limpiar los contactos<\/strong>.<\/p>\n\n\n\n<p>Utiliza una servilleta con un poco de alcohol para limpiar los contactos con mucho cuidado. Aseg\u00farate de que los extraes y los vuelves a insertar de la forma correcta para evitar que se estropeen.<\/p>\n\n\n\n<h3 class=\"wp-block-heading\"><strong>3.<\/strong> &nbsp; &nbsp; <strong>Obstrucci\u00f3n en los cabezales<\/strong><\/h3>\n\n\n\n<p>No suele ser habitual que se obstruyan dos colores al mismo tiempo, pero tampoco lo podemos descartar. Es habitual en el caso de que no imprimas muy a menudo y si en tus impresiones destaca el color azul sobre todos los dem\u00e1s.<\/p>\n\n\n\n<p>Si se ha producido una <strong>obstrucci\u00f3n en los cabezales<\/strong>, la \u00fanica manera de solucionar el problema es acabar con el atasco. Para ello, sigue estos pasos.<\/p>\n\n\n\n<p>1) &nbsp; &nbsp; Extrae el cartucho de la impresora.<\/p>\n\n\n\n<p>2) &nbsp; &nbsp; Humedece una servilleta y fr\u00f3tala ligeramente en el inyector.<\/p>\n\n\n\n<p>3) &nbsp; &nbsp; En el momento en el que la impresora empiece a mancharse es se\u00f1al de que se ha solucionado el atasco.<\/p>\n\n\n\n<p><strong>Importante: <\/strong>puede que las primeras impresoras despu\u00e9s de ese proceso se vean con poca nitidez. Tan solo imprime un par de veces y ver\u00e1s c\u00f3mo vuelve a la calidad de siempre. En el caso de que siga sin funcionar, o quieras estar seguro de que todo va bien, haz una <strong><a href=\"https:\/\/quecartucho.es\/blog\/que-es-un-cabezal-de-impresion\/como-limpiar-un-cabezal-de-impresion\/\">limpieza de impresi\u00f3n<\/a><\/strong>.<\/p>\n\n\n\n<h3 class=\"wp-block-heading\"><strong>4.<\/strong> &nbsp; &nbsp; <strong>Otras posibles causas<\/strong><\/h3>\n\n\n\n<p>Adem\u00e1s de lo anterior:<\/p>\n\n\n\n<ul class=\"wp-block-list\">\n<li>El <strong>cable<\/strong> podr\u00eda estar en <strong>mal estado.<\/strong><\/li>\n\n\n\n<li>El <strong>archivo<\/strong> a imprimir podr\u00eda <strong>estar corrupto<\/strong>.<\/li>\n\n\n\n<li>El <strong>driver<\/strong> de la impresora da problema.<\/li>\n<\/ul>\n\n\n\n<p>Ahora ya sabes por qu\u00e9 la impresora imprime en azul y c\u00f3mo solucionarlo<\/p>\n\n\n\n<p><\/p>\n\n\n<div class=\"pt-cv-wrapper\"><div class=\"pt-cv-view pt-cv-grid pt-cv-colsys\" id=\"pt-cv-view-d9510e80pd\"><div data-id=\"pt-cv-page-1\" class=\"pt-cv-page\" data-cvc=\"3\"><div class=\"col-md-4 col-sm-6 col-xs-6 pt-cv-content-item pt-cv-1-col\" ><div class='pt-cv-ifield'><a href=\"https:\/\/quecartucho.es\/blog\/la-impresora-imprime-rosa-o-verde-azul-amarillo-rojo\/la-impresora-imprime-magenta\/\" class=\"_self pt-cv-href-thumbnail pt-cv-thumb-default\" target=\"_self\" ><img loading=\"lazy\" decoding=\"async\" width=\"1024\" height=\"576\" src=\"https:\/\/quecartucho.es\/blog\/wp-content\/uploads\/2022\/12\/Color-magenta.-La-impresora-imprime-mal-1024x576.jpg\" class=\"pt-cv-thumbnail\" alt=\"Color magenta. La impresora imprime mal\" srcset=\"https:\/\/quecartucho.es\/blog\/wp-content\/uploads\/2022\/12\/Color-magenta.-La-impresora-imprime-mal-1024x576.jpg 1024w, https:\/\/quecartucho.es\/blog\/wp-content\/uploads\/2022\/12\/Color-magenta.-La-impresora-imprime-mal-300x169.jpg 300w, https:\/\/quecartucho.es\/blog\/wp-content\/uploads\/2022\/12\/Color-magenta.-La-impresora-imprime-mal-768x432.jpg 768w, https:\/\/quecartucho.es\/blog\/wp-content\/uploads\/2022\/12\/Color-magenta.-La-impresora-imprime-mal.jpg 1200w\" sizes=\"auto, (max-width: 1024px) 100vw, 1024px\" title=\"\"><\/a>\n<h3 class=\"pt-cv-title\"><a href=\"https:\/\/quecartucho.es\/blog\/la-impresora-imprime-rosa-o-verde-azul-amarillo-rojo\/la-impresora-imprime-magenta\/\" class=\"_self\" target=\"_self\" >La impresora imprime Magenta<\/a><\/h3>\n<div class=\"pt-cv-content\">Imprime rosa \u00bfTe has encontrado con una imagen o documento impreso importante en color rosa? Puede que no sea totalmente ...<br \/><div class=\"pt-cv-rmwrap\"><a href=\"https:\/\/quecartucho.es\/blog\/la-impresora-imprime-rosa-o-verde-azul-amarillo-rojo\/la-impresora-imprime-magenta\/\" class=\"_self pt-cv-readmore btn btn-success\" target=\"_self\">Leer M\u00e1s<\/a><\/div><\/div><\/div><\/div>\n<div class=\"col-md-4 col-sm-6 col-xs-6 pt-cv-content-item pt-cv-1-col\" ><div class='pt-cv-ifield'><a href=\"https:\/\/quecartucho.es\/blog\/la-impresora-imprime-rosa-o-verde-azul-amarillo-rojo\/la-impresora-imprime-cian\/\" class=\"_self pt-cv-href-thumbnail pt-cv-thumb-default\" target=\"_self\" ><img loading=\"lazy\" decoding=\"async\" width=\"1024\" height=\"576\" src=\"https:\/\/quecartucho.es\/blog\/wp-content\/uploads\/2022\/12\/Color-cian.-La-impresora-imprime-mal-1024x576.jpg\" class=\"pt-cv-thumbnail\" alt=\"Color cian. La impresora imprime mal\" srcset=\"https:\/\/quecartucho.es\/blog\/wp-content\/uploads\/2022\/12\/Color-cian.-La-impresora-imprime-mal-1024x576.jpg 1024w, https:\/\/quecartucho.es\/blog\/wp-content\/uploads\/2022\/12\/Color-cian.-La-impresora-imprime-mal-300x169.jpg 300w, https:\/\/quecartucho.es\/blog\/wp-content\/uploads\/2022\/12\/Color-cian.-La-impresora-imprime-mal-768x432.jpg 768w, https:\/\/quecartucho.es\/blog\/wp-content\/uploads\/2022\/12\/Color-cian.-La-impresora-imprime-mal.jpg 1200w\" sizes=\"auto, (max-width: 1024px) 100vw, 1024px\" title=\"\"><\/a>\n<h3 class=\"pt-cv-title\"><a href=\"https:\/\/quecartucho.es\/blog\/la-impresora-imprime-rosa-o-verde-azul-amarillo-rojo\/la-impresora-imprime-cian\/\" class=\"_self\" target=\"_self\" >La impresora imprime Cian<\/a><\/h3>\n<div class=\"pt-cv-content\">Imprime cian toda la p\u00e1gina Los problemas de impresi\u00f3n se pueden dar en cualquier momento, pero parece ser que solo ...<br \/><div class=\"pt-cv-rmwrap\"><a href=\"https:\/\/quecartucho.es\/blog\/la-impresora-imprime-rosa-o-verde-azul-amarillo-rojo\/la-impresora-imprime-cian\/\" class=\"_self pt-cv-readmore btn btn-success\" target=\"_self\">Leer M\u00e1s<\/a><\/div><\/div><\/div><\/div>\n<div class=\"col-md-4 col-sm-6 col-xs-6 pt-cv-content-item pt-cv-1-col\" ><div class='pt-cv-ifield'><a href=\"https:\/\/quecartucho.es\/blog\/la-impresora-imprime-rosa-o-verde-azul-amarillo-rojo\/la-impresora-imprime-amarillo\/\" class=\"_self pt-cv-href-thumbnail pt-cv-thumb-default\" target=\"_self\" ><img loading=\"lazy\" decoding=\"async\" width=\"1024\" height=\"576\" src=\"https:\/\/quecartucho.es\/blog\/wp-content\/uploads\/2022\/12\/Color-amarillo.-La-impresora-imprime-mal-1024x576.jpg\" class=\"pt-cv-thumbnail\" alt=\"Color amarillo. La impresora imprime mal\" srcset=\"https:\/\/quecartucho.es\/blog\/wp-content\/uploads\/2022\/12\/Color-amarillo.-La-impresora-imprime-mal-1024x576.jpg 1024w, https:\/\/quecartucho.es\/blog\/wp-content\/uploads\/2022\/12\/Color-amarillo.-La-impresora-imprime-mal-300x169.jpg 300w, https:\/\/quecartucho.es\/blog\/wp-content\/uploads\/2022\/12\/Color-amarillo.-La-impresora-imprime-mal-768x432.jpg 768w, https:\/\/quecartucho.es\/blog\/wp-content\/uploads\/2022\/12\/Color-amarillo.-La-impresora-imprime-mal.jpg 1200w\" sizes=\"auto, (max-width: 1024px) 100vw, 1024px\" title=\"\"><\/a>\n<h3 class=\"pt-cv-title\"><a href=\"https:\/\/quecartucho.es\/blog\/la-impresora-imprime-rosa-o-verde-azul-amarillo-rojo\/la-impresora-imprime-amarillo\/\" class=\"_self\" target=\"_self\" >La impresora imprime Amarillo<\/a><\/h3>\n<div class=\"pt-cv-content\">\u00bfTu impresora solo imprime amarillo? De la misma manera que ocurre con otros colores, este problema es bastante importante. Aqu\u00ed ...<br \/><div class=\"pt-cv-rmwrap\"><a href=\"https:\/\/quecartucho.es\/blog\/la-impresora-imprime-rosa-o-verde-azul-amarillo-rojo\/la-impresora-imprime-amarillo\/\" class=\"_self pt-cv-readmore btn btn-success\" target=\"_self\">Leer M\u00e1s<\/a><\/div><\/div><\/div><\/div>\n<div class=\"col-md-4 col-sm-6 col-xs-6 pt-cv-content-item pt-cv-1-col\" ><div class='pt-cv-ifield'><a href=\"https:\/\/quecartucho.es\/blog\/la-impresora-imprime-rosa-o-verde-azul-amarillo-rojo\/la-impresora-imprime-rojo\/\" class=\"_self pt-cv-href-thumbnail pt-cv-thumb-default\" target=\"_self\" ><img loading=\"lazy\" decoding=\"async\" width=\"1024\" height=\"576\" src=\"https:\/\/quecartucho.es\/blog\/wp-content\/uploads\/2022\/12\/Color-rojo.-La-impresora-imprime-mal-1024x576.jpg\" class=\"pt-cv-thumbnail\" alt=\"Color rojo. La impresora imprime mal\" srcset=\"https:\/\/quecartucho.es\/blog\/wp-content\/uploads\/2022\/12\/Color-rojo.-La-impresora-imprime-mal-1024x576.jpg 1024w, https:\/\/quecartucho.es\/blog\/wp-content\/uploads\/2022\/12\/Color-rojo.-La-impresora-imprime-mal-300x169.jpg 300w, https:\/\/quecartucho.es\/blog\/wp-content\/uploads\/2022\/12\/Color-rojo.-La-impresora-imprime-mal-768x432.jpg 768w, https:\/\/quecartucho.es\/blog\/wp-content\/uploads\/2022\/12\/Color-rojo.-La-impresora-imprime-mal.jpg 1200w\" sizes=\"auto, (max-width: 1024px) 100vw, 1024px\" title=\"\"><\/a>\n<h3 class=\"pt-cv-title\"><a href=\"https:\/\/quecartucho.es\/blog\/la-impresora-imprime-rosa-o-verde-azul-amarillo-rojo\/la-impresora-imprime-rojo\/\" class=\"_self\" target=\"_self\" >La impresora imprime Rojo<\/a><\/h3>\n<div class=\"pt-cv-content\">Impresora imprime rojo causas y soluciones Una impresora podr\u00eda fallar por muchos motivos, pero uno de los que m\u00e1s sorprenden ...<br \/><div class=\"pt-cv-rmwrap\"><a href=\"https:\/\/quecartucho.es\/blog\/la-impresora-imprime-rosa-o-verde-azul-amarillo-rojo\/la-impresora-imprime-rojo\/\" class=\"_self pt-cv-readmore btn btn-success\" target=\"_self\">Leer M\u00e1s<\/a><\/div><\/div><\/div><\/div>\n<div class=\"col-md-4 col-sm-6 col-xs-6 pt-cv-content-item pt-cv-1-col\" ><div class='pt-cv-ifield'><a href=\"https:\/\/quecartucho.es\/blog\/la-impresora-imprime-rosa-o-verde-azul-amarillo-rojo\/la-impresora-imprime-negro-como-solucionarlo\/\" class=\"_self pt-cv-href-thumbnail pt-cv-thumb-default\" target=\"_self\" ><img loading=\"lazy\" decoding=\"async\" width=\"1024\" height=\"576\" src=\"https:\/\/quecartucho.es\/blog\/wp-content\/uploads\/2022\/12\/Color-negro.-La-impresora-imprime-mal-1024x576.jpg\" class=\"pt-cv-thumbnail\" alt=\"Color negro. La impresora imprime mal\" srcset=\"https:\/\/quecartucho.es\/blog\/wp-content\/uploads\/2022\/12\/Color-negro.-La-impresora-imprime-mal-1024x576.jpg 1024w, https:\/\/quecartucho.es\/blog\/wp-content\/uploads\/2022\/12\/Color-negro.-La-impresora-imprime-mal-300x169.jpg 300w, https:\/\/quecartucho.es\/blog\/wp-content\/uploads\/2022\/12\/Color-negro.-La-impresora-imprime-mal-768x432.jpg 768w, https:\/\/quecartucho.es\/blog\/wp-content\/uploads\/2022\/12\/Color-negro.-La-impresora-imprime-mal.jpg 1200w\" sizes=\"auto, (max-width: 1024px) 100vw, 1024px\" title=\"\"><\/a>\n<h3 class=\"pt-cv-title\"><a href=\"https:\/\/quecartucho.es\/blog\/la-impresora-imprime-rosa-o-verde-azul-amarillo-rojo\/la-impresora-imprime-negro-como-solucionarlo\/\" class=\"_self\" target=\"_self\" >La impresora imprime Negro<\/a><\/h3>\n<div class=\"pt-cv-content\">Imprime negro solo en negro Tu impresora puede haber hecho una impresi\u00f3n en la que los colores sean incorrectos. Por ...<br \/><div class=\"pt-cv-rmwrap\"><a href=\"https:\/\/quecartucho.es\/blog\/la-impresora-imprime-rosa-o-verde-azul-amarillo-rojo\/la-impresora-imprime-negro-como-solucionarlo\/\" class=\"_self pt-cv-readmore btn btn-success\" target=\"_self\">Leer M\u00e1s<\/a><\/div><\/div><\/div><\/div>\n<div class=\"col-md-4 col-sm-6 col-xs-6 pt-cv-content-item pt-cv-1-col\" ><div class='pt-cv-ifield'><a href=\"https:\/\/quecartucho.es\/blog\/la-impresora-imprime-rosa-o-verde-azul-amarillo-rojo\/la-impresora-imprime-gris\/\" class=\"_self pt-cv-href-thumbnail pt-cv-thumb-default\" target=\"_self\" ><img loading=\"lazy\" decoding=\"async\" width=\"1024\" height=\"576\" src=\"https:\/\/quecartucho.es\/blog\/wp-content\/uploads\/2022\/12\/Color-gris.-La-impresora-imprime-mal-1024x576.jpg\" class=\"pt-cv-thumbnail\" alt=\"Color gris. La impresora imprime mal\" srcset=\"https:\/\/quecartucho.es\/blog\/wp-content\/uploads\/2022\/12\/Color-gris.-La-impresora-imprime-mal-1024x576.jpg 1024w, https:\/\/quecartucho.es\/blog\/wp-content\/uploads\/2022\/12\/Color-gris.-La-impresora-imprime-mal-300x169.jpg 300w, https:\/\/quecartucho.es\/blog\/wp-content\/uploads\/2022\/12\/Color-gris.-La-impresora-imprime-mal-768x432.jpg 768w, https:\/\/quecartucho.es\/blog\/wp-content\/uploads\/2022\/12\/Color-gris.-La-impresora-imprime-mal.jpg 1200w\" sizes=\"auto, (max-width: 1024px) 100vw, 1024px\" title=\"\"><\/a>\n<h3 class=\"pt-cv-title\"><a href=\"https:\/\/quecartucho.es\/blog\/la-impresora-imprime-rosa-o-verde-azul-amarillo-rojo\/la-impresora-imprime-gris\/\" class=\"_self\" target=\"_self\" >La impresora imprime Gris<\/a><\/h3>\n<div class=\"pt-cv-content\">Las impresoras actuales nos permiten imprimir tanto en color, como en blanco y negro. Si est\u00e1s intentando sacar un trabajo ...<br \/><div class=\"pt-cv-rmwrap\"><a href=\"https:\/\/quecartucho.es\/blog\/la-impresora-imprime-rosa-o-verde-azul-amarillo-rojo\/la-impresora-imprime-gris\/\" class=\"_self pt-cv-readmore btn btn-success\" target=\"_self\">Leer M\u00e1s<\/a><\/div><\/div><\/div><\/div>\n<div class=\"col-md-4 col-sm-6 col-xs-6 pt-cv-content-item pt-cv-1-col\" ><div class='pt-cv-ifield'><a href=\"https:\/\/quecartucho.es\/blog\/la-impresora-imprime-rosa-o-verde-azul-amarillo-rojo\/la-impresora-imprime-verde\/\" class=\"_self pt-cv-href-thumbnail pt-cv-thumb-default\" target=\"_self\" ><img loading=\"lazy\" decoding=\"async\" width=\"1024\" height=\"576\" src=\"https:\/\/quecartucho.es\/blog\/wp-content\/uploads\/2022\/12\/Color-verde.-La-impresora-imprime-mal-1024x576.jpg\" class=\"pt-cv-thumbnail\" alt=\"Color verde. La impresora imprime mal\" srcset=\"https:\/\/quecartucho.es\/blog\/wp-content\/uploads\/2022\/12\/Color-verde.-La-impresora-imprime-mal-1024x576.jpg 1024w, https:\/\/quecartucho.es\/blog\/wp-content\/uploads\/2022\/12\/Color-verde.-La-impresora-imprime-mal-300x169.jpg 300w, https:\/\/quecartucho.es\/blog\/wp-content\/uploads\/2022\/12\/Color-verde.-La-impresora-imprime-mal-768x432.jpg 768w, https:\/\/quecartucho.es\/blog\/wp-content\/uploads\/2022\/12\/Color-verde.-La-impresora-imprime-mal.jpg 1200w\" sizes=\"auto, (max-width: 1024px) 100vw, 1024px\" title=\"\"><\/a>\n<h3 class=\"pt-cv-title\"><a href=\"https:\/\/quecartucho.es\/blog\/la-impresora-imprime-rosa-o-verde-azul-amarillo-rojo\/la-impresora-imprime-verde\/\" class=\"_self\" target=\"_self\" >La impresora imprime Verde<\/a><\/h3>\n<div class=\"pt-cv-content\">\u00bfPor qu\u00e9 mi impresora imprime verde? Soluciones \u00bfEst\u00e1s intentando sacar un documento importante de este perif\u00e9rico y te has encontrado ...<br \/><div class=\"pt-cv-rmwrap\"><a href=\"https:\/\/quecartucho.es\/blog\/la-impresora-imprime-rosa-o-verde-azul-amarillo-rojo\/la-impresora-imprime-verde\/\" class=\"_self pt-cv-readmore btn btn-success\" target=\"_self\">Leer M\u00e1s<\/a><\/div><\/div><\/div><\/div>\n<div class=\"col-md-4 col-sm-6 col-xs-6 pt-cv-content-item pt-cv-1-col\" ><div class='pt-cv-ifield'><a href=\"https:\/\/quecartucho.es\/blog\/la-impresora-imprime-rosa-o-verde-azul-amarillo-rojo\/imprime-azul\/\" class=\"_self pt-cv-href-thumbnail pt-cv-thumb-default\" target=\"_self\" ><img loading=\"lazy\" decoding=\"async\" width=\"1024\" height=\"576\" src=\"https:\/\/quecartucho.es\/blog\/wp-content\/uploads\/2022\/12\/Color-azul.-La-impresora-imprime-mal-1024x576.jpg\" class=\"pt-cv-thumbnail\" alt=\"Color azul. La impresora imprime mal\" srcset=\"https:\/\/quecartucho.es\/blog\/wp-content\/uploads\/2022\/12\/Color-azul.-La-impresora-imprime-mal-1024x576.jpg 1024w, https:\/\/quecartucho.es\/blog\/wp-content\/uploads\/2022\/12\/Color-azul.-La-impresora-imprime-mal-300x169.jpg 300w, https:\/\/quecartucho.es\/blog\/wp-content\/uploads\/2022\/12\/Color-azul.-La-impresora-imprime-mal-768x432.jpg 768w, https:\/\/quecartucho.es\/blog\/wp-content\/uploads\/2022\/12\/Color-azul.-La-impresora-imprime-mal.jpg 1200w\" sizes=\"auto, (max-width: 1024px) 100vw, 1024px\" title=\"\"><\/a>\n<h3 class=\"pt-cv-title\"><a href=\"https:\/\/quecartucho.es\/blog\/la-impresora-imprime-rosa-o-verde-azul-amarillo-rojo\/imprime-azul\/\" class=\"_self\" target=\"_self\" >La impresora imprime Azul<\/a><\/h3>\n<div class=\"pt-cv-content\">El azul es uno de los tres colores primarios en una impresora. Si no estuviese presente, ser\u00eda imposible conseguir una ...<br \/><div class=\"pt-cv-rmwrap\"><a href=\"https:\/\/quecartucho.es\/blog\/la-impresora-imprime-rosa-o-verde-azul-amarillo-rojo\/imprime-azul\/\" class=\"_self pt-cv-readmore btn btn-success\" target=\"_self\">Leer M\u00e1s<\/a><\/div><\/div><\/div><\/div><\/div><\/div><\/div>\n","protected":false},"excerpt":{"rendered":"<p>El azul es uno de los tres colores primarios en una impresora. Si no estuviese presente, ser\u00eda imposible conseguir una impresi\u00f3n de calidad. \u00bfQu\u00e9 ocurre si la impresora imprime en azul, solamente en ese color? Lo m\u00e1s probable es que se hayan acabado los otros dos cartuchos de tinta de colores; es decir, el magenta&hellip;&nbsp;<a href=\"https:\/\/quecartucho.es\/blog\/la-impresora-imprime-rosa-o-verde-azul-amarillo-rojo\/imprime-azul\/\" rel=\"bookmark\">Leer m\u00e1s &raquo;<span class=\"screen-reader-text\">La impresora imprime Azul<\/span><\/a><\/p>\n","protected":false},"author":1,"featured_media":18245,"parent":16165,"menu_order":0,"comment_status":"closed","ping_status":"closed","template":"","meta":{"neve_meta_sidebar":"full-width","neve_meta_container":"","neve_meta_enable_content_width":"on","neve_meta_content_width":100,"neve_meta_title_alignment":"","neve_meta_author_avatar":"","neve_post_elements_order":"","neve_meta_disable_header":"","neve_meta_disable_footer":"","neve_meta_disable_title":"","episode_type":"","audio_file":"","podmotor_file_id":"","podmotor_episode_id":"","cover_image":"","cover_image_id":"","duration":"","filesize":"","filesize_raw":"","date_recorded":"","explicit":"","block":"","footnotes":""},"class_list":["post-18183","page","type-page","status-publish","has-post-thumbnail","hentry"],"_links":{"self":[{"href":"https:\/\/quecartucho.es\/blog\/wp-json\/wp\/v2\/pages\/18183","targetHints":{"allow":["GET"]}}],"collection":[{"href":"https:\/\/quecartucho.es\/blog\/wp-json\/wp\/v2\/pages"}],"about":[{"href":"https:\/\/quecartucho.es\/blog\/wp-json\/wp\/v2\/types\/page"}],"author":[{"embeddable":true,"href":"https:\/\/quecartucho.es\/blog\/wp-json\/wp\/v2\/users\/1"}],"replies":[{"embeddable":true,"href":"https:\/\/quecartucho.es\/blog\/wp-json\/wp\/v2\/comments?post=18183"}],"version-history":[{"count":3,"href":"https:\/\/quecartucho.es\/blog\/wp-json\/wp\/v2\/pages\/18183\/revisions"}],"predecessor-version":[{"id":18189,"href":"https:\/\/quecartucho.es\/blog\/wp-json\/wp\/v2\/pages\/18183\/revisions\/18189"}],"up":[{"embeddable":true,"href":"https:\/\/quecartucho.es\/blog\/wp-json\/wp\/v2\/pages\/16165"}],"wp:featuredmedia":[{"embeddable":true,"href":"https:\/\/quecartucho.es\/blog\/wp-json\/wp\/v2\/media\/18245"}],"wp:attachment":[{"href":"https:\/\/quecartucho.es\/blog\/wp-json\/wp\/v2\/media?parent=18183"}],"curies":[{"name":"wp","href":"https:\/\/api.w.org\/{rel}","templated":true}]}}